{"id":16441,"date":"2016-11-14T15:28:43","date_gmt":"2016-11-14T20:28:43","guid":{"rendered":"https:\/\/newyorkhipknee.com\/seguros\/"},"modified":"2016-11-14T15:28:43","modified_gmt":"2016-11-14T20:28:43","slug":"seguros","status":"publish","type":"page","link":"https:\/\/www.newyorkhipknee.com\/es\/seguros\/","title":{"rendered":"Seguros"},"content":{"rendered":"<p>Para su comodidad, aceptamos la mayor\u00eda de los planes de seguro que tienen beneficios de cobertura tanto dentro como fuera de la red. Hemos comprobado que casi todos los pacientes tienen opciones en su seguro que nos permitir\u00e1n tratar completamente su enfermedad y ajustarnos a su presupuesto. Ll\u00e1menos ahora mismo para concertar una cita.<\/p>\n<p>El Dr. Nakul Karkare es uno de los mejores proveedores de cirug\u00eda m\u00ednimamente invasiva de Nueva York. No importa <em>qu\u00e9 tipo de cobertura de seguro que usted tiene<\/em>, usted puede recibir el tipo de experiencia especializada que s\u00f3lo el Dr. Karkare y su personal puede proporcionar. Para hablar de opciones de seguro e incluso de financiaci\u00f3n, ll\u00e1menos hoy mismo.<\/p>\n<p>El Dr. Nakul Karkare trabaja con casi todas las compa\u00f1\u00edas de seguros a trav\u00e9s de sus amplios beneficios fuera de la red. Si ve que su compa\u00f1\u00eda de seguros no figura en la lista, llame por tel\u00e9fono a nuestra oficina. Lo m\u00e1s probable es que podamos ayudarle.<\/p>\n<p>Proveedor de seguro quir\u00fargico<\/p>\n<ul>\n<li>Horizon Blue Cross Blue Shield<\/li>\n<li>Aetna<\/li>\n<li>Cigna<\/li>\n<li>UnitedHealthcare<\/li>\n<li>Oxford<\/li>\n<li>Otros<\/li>\n<\/ul>\n<p>Tambi\u00e9n participamos en los siguientes planes de seguro:<\/p>\n<ul>\n<li>Medicare<\/li>\n<li>Sin falta<\/li>\n<li>1199<\/li>\n<li>Indemnizaci\u00f3n por accidente laboral<\/li>\n<\/ul>\n<p>Adem\u00e1s de las pr\u00f3tesis de cadera y rodilla, tambi\u00e9n podemos ayudar tras un accidente de tr\u00e1fico u otro tipo de lesi\u00f3n personal, y ofrecemos segundas opiniones y reconocimientos m\u00e9dicos independientes.<\/p>\n<p>Si tiene dudas sobre la cobertura de su seguro o sobre su capacidad para ser atendido por el Dr. Karkare, p\u00f3ngase en contacto con nosotros. Con m\u00faltiples oficinas ubicadas en Long Island Nueva York, estaremos encantados de proporcionar respuestas a sus preguntas de seguros y facturaci\u00f3n.<\/p>\n","protected":false},"excerpt":{"rendered":"<p>Para su comodidad, aceptamos la mayor\u00eda de los planes de seguro que tienen beneficios de cobertura tanto dentro como fuera de la red. Hemos comprobado que casi todos los pacientes tienen opciones en su seguro que nos permitir\u00e1n tratar completamente su enfermedad y ajustarnos a su presupuesto. Ll\u00e1menos ahora mismo para concertar una cita. El [&hellip;]<\/p>\n","protected":false},"author":1,"featured_media":0,"parent":0,"menu_order":0,"comment_status":"closed","ping_status":"closed","template":"","meta":{"_et_pb_use_builder":"","_et_pb_old_content":"","_et_gb_content_width":"","footnotes":""},"class_list":["post-16441","page","type-page","status-publish","hentry"],"yoast_head":"<!-- This site is optimized with the Yoast SEO plugin v27.2 - https:\/\/yoast.com\/product\/yoast-seo-wordpress\/ -->\n<title>Seguros | Best Hip &amp; Knee Surgeon | NY, USA<\/title>\n<meta name=\"description\" content=\"Para su comodidad, aceptamos la mayor\u00eda de los planes de seguro que tienen beneficios de cobertura tanto dentro como fuera de la red. Hemos comprobado que\" \/>\n<meta name=\"robots\" content=\"index, follow, max-snippet:-1, max-image-preview:large, max-video-preview:-1\" \/>\n<link rel=\"canonical\" href=\"https:\/\/www.newyorkhipknee.com\/es\/seguros\/\" \/>\n<meta property=\"og:locale\" content=\"es_ES\" \/>\n<meta property=\"og:type\" content=\"article\" \/>\n<meta property=\"og:title\" content=\"Seguros | Best Hip &amp; Knee Surgeon | NY, USA\" \/>\n<meta property=\"og:description\" content=\"Para su comodidad, aceptamos la mayor\u00eda de los planes de seguro que tienen beneficios de cobertura tanto dentro como fuera de la red. Hemos comprobado que\" \/>\n<meta property=\"og:url\" content=\"https:\/\/www.newyorkhipknee.com\/es\/seguros\/\" \/>\n<meta property=\"og:site_name\" content=\"Best Hip &amp; Knee Surgeon | NY, USA\" \/>\n<meta name=\"twitter:card\" content=\"summary_large_image\" \/>\n<meta name=\"twitter:label1\" content=\"Tiempo de lectura\" \/>\n\t<meta name=\"twitter:data1\" content=\"1 minuto\" \/>\n<script type=\"application\/ld+json\" class=\"yoast-schema-graph\">{\"@context\":\"https:\/\/schema.org\",\"@graph\":[{\"@type\":[\"WebPage\",\"MedicalWebPage\"],\"@id\":\"https:\/\/www.newyorkhipknee.com\/es\/seguros\/\",\"url\":\"https:\/\/www.newyorkhipknee.com\/es\/seguros\/\",\"name\":\"Seguros | Best Hip &amp; Knee Surgeon | NY, USA\",\"isPartOf\":{\"@id\":\"https:\/\/www.newyorkhipknee.com\/es\/#website\"},\"datePublished\":\"2016-11-14T20:28:43+00:00\",\"description\":\"Para su comodidad, aceptamos la mayor\u00eda de los planes de seguro que tienen beneficios de cobertura tanto dentro como fuera de la red. Hemos comprobado que\",\"breadcrumb\":{\"@id\":\"https:\/\/www.newyorkhipknee.com\/es\/seguros\/#breadcrumb\"},\"inLanguage\":\"es\",\"potentialAction\":[{\"@type\":\"ReadAction\",\"target\":[\"https:\/\/www.newyorkhipknee.com\/es\/seguros\/\"]}]},{\"@type\":\"BreadcrumbList\",\"@id\":\"https:\/\/www.newyorkhipknee.com\/es\/seguros\/#breadcrumb\",\"itemListElement\":[{\"@type\":\"ListItem\",\"position\":1,\"name\":\"Home\",\"item\":\"https:\/\/www.newyorkhipknee.com\/es\/\"},{\"@type\":\"ListItem\",\"position\":2,\"name\":\"Seguros\"}]},{\"@type\":\"WebSite\",\"@id\":\"https:\/\/www.newyorkhipknee.com\/es\/#website\",\"url\":\"https:\/\/www.newyorkhipknee.com\/es\/\",\"name\":\"Best Hip & Knee Surgeon | NY, USA\",\"description\":\"\",\"potentialAction\":[{\"@type\":\"SearchAction\",\"target\":{\"@type\":\"EntryPoint\",\"urlTemplate\":\"https:\/\/www.newyorkhipknee.com\/es\/?s={search_term_string}\"},\"query-input\":{\"@type\":\"PropertyValueSpecification\",\"valueRequired\":true,\"valueName\":\"search_term_string\"}}],\"inLanguage\":\"es\"}]}<\/script>\n<!-- \/ Yoast SEO plugin. -->","yoast_head_json":{"title":"Seguros | Best Hip &amp; Knee Surgeon | NY, USA","description":"Para su comodidad, aceptamos la mayor\u00eda de los planes de seguro que tienen beneficios de cobertura tanto dentro como fuera de la red. Hemos comprobado que","robots":{"index":"index","follow":"follow","max-snippet":"max-snippet:-1","max-image-preview":"max-image-preview:large","max-video-preview":"max-video-preview:-1"},"canonical":"https:\/\/www.newyorkhipknee.com\/es\/seguros\/","og_locale":"es_ES","og_type":"article","og_title":"Seguros | Best Hip &amp; Knee Surgeon | NY, USA","og_description":"Para su comodidad, aceptamos la mayor\u00eda de los planes de seguro que tienen beneficios de cobertura tanto dentro como fuera de la red. Hemos comprobado que","og_url":"https:\/\/www.newyorkhipknee.com\/es\/seguros\/","og_site_name":"Best Hip &amp; Knee Surgeon | NY, USA","twitter_card":"summary_large_image","twitter_misc":{"Tiempo de lectura":"1 minuto"},"schema":{"@context":"https:\/\/schema.org","@graph":[{"@type":["WebPage","MedicalWebPage"],"@id":"https:\/\/www.newyorkhipknee.com\/es\/seguros\/","url":"https:\/\/www.newyorkhipknee.com\/es\/seguros\/","name":"Seguros | Best Hip &amp; Knee Surgeon | NY, USA","isPartOf":{"@id":"https:\/\/www.newyorkhipknee.com\/es\/#website"},"datePublished":"2016-11-14T20:28:43+00:00","description":"Para su comodidad, aceptamos la mayor\u00eda de los planes de seguro que tienen beneficios de cobertura tanto dentro como fuera de la red. Hemos comprobado que","breadcrumb":{"@id":"https:\/\/www.newyorkhipknee.com\/es\/seguros\/#breadcrumb"},"inLanguage":"es","potentialAction":[{"@type":"ReadAction","target":["https:\/\/www.newyorkhipknee.com\/es\/seguros\/"]}]},{"@type":"BreadcrumbList","@id":"https:\/\/www.newyorkhipknee.com\/es\/seguros\/#breadcrumb","itemListElement":[{"@type":"ListItem","position":1,"name":"Home","item":"https:\/\/www.newyorkhipknee.com\/es\/"},{"@type":"ListItem","position":2,"name":"Seguros"}]},{"@type":"WebSite","@id":"https:\/\/www.newyorkhipknee.com\/es\/#website","url":"https:\/\/www.newyorkhipknee.com\/es\/","name":"Best Hip & Knee Surgeon | NY, USA","description":"","potentialAction":[{"@type":"SearchAction","target":{"@type":"EntryPoint","urlTemplate":"https:\/\/www.newyorkhipknee.com\/es\/?s={search_term_string}"},"query-input":{"@type":"PropertyValueSpecification","valueRequired":true,"valueName":"search_term_string"}}],"inLanguage":"es"}]}},"_links":{"self":[{"href":"https:\/\/www.newyorkhipknee.com\/es\/wp-json\/wp\/v2\/pages\/16441","targetHints":{"allow":["GET"]}}],"collection":[{"href":"https:\/\/www.newyorkhipknee.com\/es\/wp-json\/wp\/v2\/pages"}],"about":[{"href":"https:\/\/www.newyorkhipknee.com\/es\/wp-json\/wp\/v2\/types\/page"}],"author":[{"embeddable":true,"href":"https:\/\/www.newyorkhipknee.com\/es\/wp-json\/wp\/v2\/users\/1"}],"replies":[{"embeddable":true,"href":"https:\/\/www.newyorkhipknee.com\/es\/wp-json\/wp\/v2\/comments?post=16441"}],"version-history":[{"count":0,"href":"https:\/\/www.newyorkhipknee.com\/es\/wp-json\/wp\/v2\/pages\/16441\/revisions"}],"wp:attachment":[{"href":"https:\/\/www.newyorkhipknee.com\/es\/wp-json\/wp\/v2\/media?parent=16441"}],"curies":[{"name":"wp","href":"https:\/\/api.w.org\/{rel}","templated":true}]}}