{"id":16456,"date":"2020-06-18T05:59:51","date_gmt":"2020-06-18T09:59:51","guid":{"rendered":"https:\/\/newyorkhipknee.com\/accesibilidad\/"},"modified":"2020-06-18T05:59:51","modified_gmt":"2020-06-18T09:59:51","slug":"accesibilidad","status":"publish","type":"page","link":"https:\/\/www.newyorkhipknee.com\/es\/accesibilidad\/","title":{"rendered":"Accesibilidad"},"content":{"rendered":"<p>El Dr. Karkare se compromete a ofrecer un sitio web accesible al mayor n\u00famero posible de personas, independientemente de su tecnolog\u00eda o capacidad. Nuestro objetivo es que todos nuestros clientes puedan realizar transacciones comerciales con \u00e9xito a trav\u00e9s de nuestro sitio web y acceder a todas nuestras ofertas digitales.<\/p>\n<p>Estamos tomando medidas y dedicando recursos para seguir mejorando la accesibilidad de nuestro sitio web y cumplir o superar las normas aplicables. Este trabajo est\u00e1 en curso y, mientras seguimos esforz\u00e1ndonos por alcanzar nuestro objetivo de promover la accesibilidad, agradeceremos sus comentarios sobre c\u00f3mo podemos mejorar.<\/p>\n<p>Si, en cualquier momento, tiene preguntas o dudas espec\u00edficas sobre la accesibilidad de alguna p\u00e1gina web concreta de <a href=\"https:\/\/newyorkhipknee.com\/es\/\" rel=\"noopener noreferrer\" target=\"_blank\">karkarewpml.wpengine.<\/a>com, utilice nuestro <a href=\"https:\/\/newyorkhipknee.com\/es\/nombramientos\/concierte-una-cita\/\" rel=\"noopener noreferrer\" target=\"_blank\">formulario de contacto<\/a> O llame al (516) 735-4032 para hablar con un representante.<\/p>\n","protected":false},"excerpt":{"rendered":"<p>El Dr. Karkare se compromete a ofrecer un sitio web accesible al mayor n\u00famero posible de personas, independientemente de su tecnolog\u00eda o capacidad. Nuestro objetivo es que todos nuestros clientes puedan realizar transacciones comerciales con \u00e9xito a trav\u00e9s de nuestro sitio web y acceder a todas nuestras ofertas digitales. Estamos tomando medidas y dedicando recursos [&hellip;]<\/p>\n","protected":false},"author":24,"featured_media":0,"parent":0,"menu_order":0,"comment_status":"closed","ping_status":"closed","template":"","meta":{"_et_pb_use_builder":"","_et_pb_old_content":"","_et_gb_content_width":"","footnotes":""},"class_list":["post-16456","page","type-page","status-publish","hentry"],"yoast_head":"<!-- This site is optimized with the Yoast SEO plugin v27.2 - https:\/\/yoast.com\/product\/yoast-seo-wordpress\/ -->\n<title>Accesibilidad | Best Hip &amp; Knee Surgeon | NY, USA<\/title>\n<meta name=\"description\" content=\"El Dr. Karkare se compromete a ofrecer un sitio web accesible al mayor n\u00famero posible de personas, independientemente de su tecnolog\u00eda o capacidad.\" \/>\n<meta name=\"robots\" content=\"index, follow, max-snippet:-1, max-image-preview:large, max-video-preview:-1\" \/>\n<link rel=\"canonical\" href=\"https:\/\/www.newyorkhipknee.com\/es\/accesibilidad\/\" \/>\n<meta property=\"og:locale\" content=\"es_ES\" \/>\n<meta property=\"og:type\" content=\"article\" \/>\n<meta property=\"og:title\" content=\"Accesibilidad | Best Hip &amp; Knee Surgeon | NY, USA\" \/>\n<meta property=\"og:description\" content=\"El Dr. Karkare se compromete a ofrecer un sitio web accesible al mayor n\u00famero posible de personas, independientemente de su tecnolog\u00eda o capacidad.\" \/>\n<meta property=\"og:url\" content=\"https:\/\/www.newyorkhipknee.com\/es\/accesibilidad\/\" \/>\n<meta property=\"og:site_name\" content=\"Best Hip &amp; Knee Surgeon | NY, USA\" \/>\n<meta name=\"twitter:card\" content=\"summary_large_image\" \/>\n<meta name=\"twitter:label1\" content=\"Tiempo de lectura\" \/>\n\t<meta name=\"twitter:data1\" content=\"1 minuto\" \/>\n<script type=\"application\/ld+json\" class=\"yoast-schema-graph\">{\"@context\":\"https:\/\/schema.org\",\"@graph\":[{\"@type\":[\"WebPage\",\"MedicalWebPage\"],\"@id\":\"https:\/\/www.newyorkhipknee.com\/es\/accesibilidad\/\",\"url\":\"https:\/\/www.newyorkhipknee.com\/es\/accesibilidad\/\",\"name\":\"Accesibilidad | Best Hip &amp; Knee Surgeon | NY, USA\",\"isPartOf\":{\"@id\":\"https:\/\/www.newyorkhipknee.com\/es\/#website\"},\"datePublished\":\"2020-06-18T09:59:51+00:00\",\"description\":\"El Dr. Karkare se compromete a ofrecer un sitio web accesible al mayor n\u00famero posible de personas, independientemente de su tecnolog\u00eda o capacidad.\",\"breadcrumb\":{\"@id\":\"https:\/\/www.newyorkhipknee.com\/es\/accesibilidad\/#breadcrumb\"},\"inLanguage\":\"es\",\"potentialAction\":[{\"@type\":\"ReadAction\",\"target\":[\"https:\/\/www.newyorkhipknee.com\/es\/accesibilidad\/\"]}]},{\"@type\":\"BreadcrumbList\",\"@id\":\"https:\/\/www.newyorkhipknee.com\/es\/accesibilidad\/#breadcrumb\",\"itemListElement\":[{\"@type\":\"ListItem\",\"position\":1,\"name\":\"Home\",\"item\":\"https:\/\/www.newyorkhipknee.com\/es\/\"},{\"@type\":\"ListItem\",\"position\":2,\"name\":\"Accesibilidad\"}]},{\"@type\":\"WebSite\",\"@id\":\"https:\/\/www.newyorkhipknee.com\/es\/#website\",\"url\":\"https:\/\/www.newyorkhipknee.com\/es\/\",\"name\":\"Best Hip & Knee Surgeon | NY, USA\",\"description\":\"\",\"potentialAction\":[{\"@type\":\"SearchAction\",\"target\":{\"@type\":\"EntryPoint\",\"urlTemplate\":\"https:\/\/www.newyorkhipknee.com\/es\/?s={search_term_string}\"},\"query-input\":{\"@type\":\"PropertyValueSpecification\",\"valueRequired\":true,\"valueName\":\"search_term_string\"}}],\"inLanguage\":\"es\"}]}<\/script>\n<!-- \/ Yoast SEO plugin. -->","yoast_head_json":{"title":"Accesibilidad | Best Hip &amp; Knee Surgeon | NY, USA","description":"El Dr. Karkare se compromete a ofrecer un sitio web accesible al mayor n\u00famero posible de personas, independientemente de su tecnolog\u00eda o capacidad.","robots":{"index":"index","follow":"follow","max-snippet":"max-snippet:-1","max-image-preview":"max-image-preview:large","max-video-preview":"max-video-preview:-1"},"canonical":"https:\/\/www.newyorkhipknee.com\/es\/accesibilidad\/","og_locale":"es_ES","og_type":"article","og_title":"Accesibilidad | Best Hip &amp; Knee Surgeon | NY, USA","og_description":"El Dr. Karkare se compromete a ofrecer un sitio web accesible al mayor n\u00famero posible de personas, independientemente de su tecnolog\u00eda o capacidad.","og_url":"https:\/\/www.newyorkhipknee.com\/es\/accesibilidad\/","og_site_name":"Best Hip &amp; Knee Surgeon | NY, USA","twitter_card":"summary_large_image","twitter_misc":{"Tiempo de lectura":"1 minuto"},"schema":{"@context":"https:\/\/schema.org","@graph":[{"@type":["WebPage","MedicalWebPage"],"@id":"https:\/\/www.newyorkhipknee.com\/es\/accesibilidad\/","url":"https:\/\/www.newyorkhipknee.com\/es\/accesibilidad\/","name":"Accesibilidad | Best Hip &amp; Knee Surgeon | NY, USA","isPartOf":{"@id":"https:\/\/www.newyorkhipknee.com\/es\/#website"},"datePublished":"2020-06-18T09:59:51+00:00","description":"El Dr. Karkare se compromete a ofrecer un sitio web accesible al mayor n\u00famero posible de personas, independientemente de su tecnolog\u00eda o capacidad.","breadcrumb":{"@id":"https:\/\/www.newyorkhipknee.com\/es\/accesibilidad\/#breadcrumb"},"inLanguage":"es","potentialAction":[{"@type":"ReadAction","target":["https:\/\/www.newyorkhipknee.com\/es\/accesibilidad\/"]}]},{"@type":"BreadcrumbList","@id":"https:\/\/www.newyorkhipknee.com\/es\/accesibilidad\/#breadcrumb","itemListElement":[{"@type":"ListItem","position":1,"name":"Home","item":"https:\/\/www.newyorkhipknee.com\/es\/"},{"@type":"ListItem","position":2,"name":"Accesibilidad"}]},{"@type":"WebSite","@id":"https:\/\/www.newyorkhipknee.com\/es\/#website","url":"https:\/\/www.newyorkhipknee.com\/es\/","name":"Best Hip & Knee Surgeon | NY, USA","description":"","potentialAction":[{"@type":"SearchAction","target":{"@type":"EntryPoint","urlTemplate":"https:\/\/www.newyorkhipknee.com\/es\/?s={search_term_string}"},"query-input":{"@type":"PropertyValueSpecification","valueRequired":true,"valueName":"search_term_string"}}],"inLanguage":"es"}]}},"_links":{"self":[{"href":"https:\/\/www.newyorkhipknee.com\/es\/wp-json\/wp\/v2\/pages\/16456","targetHints":{"allow":["GET"]}}],"collection":[{"href":"https:\/\/www.newyorkhipknee.com\/es\/wp-json\/wp\/v2\/pages"}],"about":[{"href":"https:\/\/www.newyorkhipknee.com\/es\/wp-json\/wp\/v2\/types\/page"}],"author":[{"embeddable":true,"href":"https:\/\/www.newyorkhipknee.com\/es\/wp-json\/wp\/v2\/users\/24"}],"replies":[{"embeddable":true,"href":"https:\/\/www.newyorkhipknee.com\/es\/wp-json\/wp\/v2\/comments?post=16456"}],"version-history":[{"count":0,"href":"https:\/\/www.newyorkhipknee.com\/es\/wp-json\/wp\/v2\/pages\/16456\/revisions"}],"wp:attachment":[{"href":"https:\/\/www.newyorkhipknee.com\/es\/wp-json\/wp\/v2\/media?parent=16456"}],"curies":[{"name":"wp","href":"https:\/\/api.w.org\/{rel}","templated":true}]}}