{"id":16523,"date":"2017-02-16T15:26:40","date_gmt":"2017-02-16T20:26:40","guid":{"rendered":"https:\/\/newyorkhipknee.com\/contacte-con-nosotros-en-el-516-735-4032\/babylon-mejor-cirujano-de-protesis-de-cadera-y-rodilla\/"},"modified":"2017-02-16T15:26:40","modified_gmt":"2017-02-16T20:26:40","slug":"babylon-mejor-cirujano-de-protesis-de-cadera-y-rodilla","status":"publish","type":"page","link":"https:\/\/www.newyorkhipknee.com\/es\/contacto\/babylon-mejor-cirujano-de-protesis-de-cadera-y-rodilla\/","title":{"rendered":"Babylon &#8211; Mejor cirujano de pr\u00f3tesis de cadera y rodilla"},"content":{"rendered":"<p><strong><a href=\"\/contact\/new-york-orthopedic-surgeon\/\">Babilonia<\/a><\/strong><\/p>\n<hr>\n<p>46 Little East Neck Rd Unidad A<br \/>\nBabylon, NY 11702<\/p>\n<h2><a href=\"https:\/\/bit.ly\/2kCkw8G\" target=\"_blank\" rel=\"noopener\">Haga clic aqu\u00ed para obtener indicaciones, o ll\u00e1menos por tel\u00e9fono si desea que se las enviemos por SMS.<\/a><\/h2>\n<hr>\n<div style=\"text-align: center;\"><iframe loading=\"lazy\" style=\"border: 0;\" src=\"https:\/\/www.google.com\/maps\/embed?pb=!1m18!1m12!1m3!1d3025.075828968904!2d-73.33678988459556!3d40.6943275793338!2m3!1f0!2f0!3f0!3m2!1i1024!2i768!4f13.1!3m3!1m2!1s0x89e9d32e3d098a73%3A0x58135d437087e720!2s46+Little+E+Neck+Rd%2C+Babylon%2C+NY+11702!5e0!3m2!1sen!2sus!4v1520900204747\" width=\"600\" height=\"450\" allowfullscreen=\"allowfullscreen\"><\/iframe><\/div>\n<p><strong>Desde el este (Riverhead):<\/strong><br \/>\n1. Empiece yendo hacia el oeste por W Main St\/NY-25 hacia Peconic Ave\/County Hwy-63.<br \/>\n2. 3. Toma la 1.\u00aa a la izquierda hacia Peconic Ave\/County Hwy-63.<br \/>\n3. Parto&#8217;s est\u00e1 a la derecha<br \/>\n4. Si llegas a Griffing Ave has ido un poco demasiado lejos<br \/>\n5. 6. Entra en la siguiente rotonda y toma la primera salida en direcci\u00f3n Nugent Dr\/NY-24\/County Hwy-94.<br \/>\n6. Gire ligeramente a la izquierda hacia County Hwy-51\/Center Dr S. Contin\u00fae por County Hwy-51.<br \/>\n7. Si est\u00e1 en Nugent Dr y llega a County Hwy-94A, se ha pasado unos 0,1 kil\u00f3metros.<br \/>\n8. Incorp\u00f3rese a NY-27 W\/Sunrise Hwy W.<br \/>\n9. Tome la salida 40 hacia NY-231\/Huntington\/Babylon.<br \/>\n10. Incorp\u00f3rese a Sunrise Hwy.<br \/>\n11. Incorp\u00f3rese a NY-231 S\/Babylon Northport Expy S hacia Babylon.<br \/>\n12. Tome la salida NY-27A W hacia Babylon.<br \/>\n13. 13. Gire ligeramente a la derecha hacia E Main St\/NY-27A.<br \/>\n14. La tienda de pinturas Sherwin-Williams est\u00e1 en la esquina<br \/>\n15. Gire a la izquierda hacia Little East Neck Rd S.<br \/>\n16. Little East Neck Rd S est\u00e1 justo despu\u00e9s de Peninsula Dr.<br \/>\n17. Si llegas a la avenida Tappan te has pasado unos 0,1 kil\u00f3metros.<br \/>\n18. El destino estar\u00e1 a la derecha.<br \/>\n19. Si llegas a Ross Rd has ido demasiado lejos<\/p>\n<p><strong>Desde el Sur (Patchogue):<\/strong><br \/>\n1. Empieza yendo hacia el oeste por W Main St hacia Havens Ave.<br \/>\n2. Tome la segunda a la derecha en County Hwy-19\/Holbrook Rd. Contin\u00fae por la County Hwy-19.<br \/>\n3. County Hwy-19 est\u00e1 a 0.1 millas pasando Railroad Ave.<br \/>\n4. Si llegas a la Avenida del R\u00edo has ido cerca de 0.2 millas demasiado lejos<br \/>\n5. Gire a la izquierda hacia N Service Rd.<br \/>\n6. N Service Rd est\u00e1 0.1 millas despu\u00e9s de S Service Rd<br \/>\n7. Si llegas a Station Ave has ido demasiado lejos<br \/>\n8. Incorp\u00f3rese a NY-27 W\/Sunrise Hwy W por la rampa de la izquierda.<br \/>\n9. Tome la salida 40 hacia NY-231\/Huntington\/Babylon.<br \/>\n10. Incorp\u00f3rese a Sunrise Hwy.<br \/>\n11. Incorp\u00f3rese a NY-231 S\/Babylon Northport Expy S hacia Babylon.<br \/>\n12. Tome la salida NY-27A W hacia Babylon.<br \/>\n13. 13. Gire ligeramente a la derecha hacia E Main St\/NY-27A.<br \/>\n14. La tienda de pinturas Sherwin-Williams est\u00e1 en la esquina<br \/>\n15. Gire a la izquierda hacia Little East Neck Rd S.<br \/>\n16. Little East Neck Rd S est\u00e1 justo despu\u00e9s de Peninsula Dr.<br \/>\n17. Si llegas a la avenida Tappan te has pasado unos 0,1 kil\u00f3metros.<br \/>\n18. El destino estar\u00e1 a la derecha.<br \/>\n19. Si llegas a Ross Rd has ido un poco demasiado lejos<\/p>\n<p><strong>Desde el norte (Port Jefferson):<\/strong><br \/>\n1. Empiece yendo hacia el sur por Main St\/NY-25A hacia Wynn Ln.<br \/>\n2. Sigue recto para incorporarte a Patchogue Rd\/NY-112.<br \/>\n3. Gire a la derecha hacia NY-347\/Nesconset Hwy. Contin\u00fae por la NY-347.<br \/>\n4. NY-347 est\u00e1 a 0.1 millas pasando Reo Ave<br \/>\n5. Si est\u00e1s en NY-112 y llegas a Rose Ave te has pasado un poco<br \/>\n6. Siga recto para incorporarse a Northern State Pkwy W.<br \/>\n7. Tome la salida 44 hacia South Shore.<br \/>\n8. Incorp\u00f3rese a Sagtikos Pkwy S.<br \/>\n9. Sagtikos Pkwy S se convierte en Southern State Pkwy W.<br \/>\n10. Incorp\u00f3rese a NY-231 S por la salida 39S hacia Babylon.<br \/>\n11. Tome la salida NY-27A W hacia Babylon.<br \/>\n12. Gire ligeramente a la derecha hacia E Main St\/NY-27A.<br \/>\n13. La tienda de pinturas Sherwin-Williams est\u00e1 en la esquina<br \/>\n14. Gire a la izquierda hacia Little East Neck Rd S.<br \/>\n15. Little East Neck Rd S est\u00e1 justo despu\u00e9s de Peninsula Dr.<br \/>\n16. Si llegas a Tappan Ave has ido unos 0.1 millas demasiado lejos<br \/>\n17. El destino estar\u00e1 a su derecha<br \/>\n18. Si llegas a Ross Rd has ido demasiado lejos<\/p>\n<p><strong>Desde el Oeste (Queens):<\/strong><br \/>\n1. Empiece yendo hacia el oeste por Sanford Ave hacia Parsons Blvd.<br \/>\n2. Gire a la izquierda en Main St.<br \/>\n3. Main St est\u00e1 justo despu\u00e9s de Kissena Blvd<br \/>\n4. Tongs Cafe est\u00e1 en la esquina<br \/>\n5. Si llegas a Frame Pl, te habr\u00e1s pasado unos 0,1 kil\u00f3metros.<br \/>\n6. Gire a la izquierda hacia Horace Harding Expy.<br \/>\n7. Si llegas a la Avenida 62 has ido demasiado lejos<br \/>\n8. Incorp\u00f3rese a la I-495 E\/Long Island Expy E por la rampa de la izquierda en direcci\u00f3n Eastern L I.<br \/>\n9. Tome la salida Cross Is Pkwy S, EXIT 31S.<br \/>\n10. Incorp\u00f3rate a Cross Island Pkwy S.<br \/>\n11. Incorp\u00f3rese a Southern State Pkwy E por la salida 25A a la izquierda hacia Eastern Long Is.<br \/>\n12. Incorp\u00f3rese a la NY-109 E por la salida 33 hacia Babylon.<br \/>\n13. NY-109 E se convierte en Little East Neck Rd S.<br \/>\n14. El destino estar\u00e1 a su derecha<br \/>\n15. Si llegas a Ross Rd has ido un poco demasiado lejos<\/p>\n<h2>3 Instalaciones de radiolog\u00eda:<\/h2>\n<p>Zwanger-Pesiri<br \/>\nFax &#8211; 631-225-9550<br \/>\nN\u00famero de tel\u00e9fono &#8211; 631-592-1699<\/p>\n<p>Artes m\u00e9dicas<br \/>\nFax &#8211; 631-422-1235<br \/>\nN\u00famero de tel\u00e9fono &#8211; 631-422-4474<\/p>\n<p>Good Samaritan Hospital (Servicios de diagn\u00f3stico por imagen)<br \/>\nFax &#8211; -213-202-7003<br \/>\nN\u00famero de tel\u00e9fono &#8211; 213-977-2140<\/p>\n","protected":false},"excerpt":{"rendered":"<p>Babilonia 46 Little East Neck Rd Unidad A Babylon, NY 11702 Haga clic aqu\u00ed para obtener indicaciones, o ll\u00e1menos por tel\u00e9fono si desea que se las enviemos por SMS. Desde el este (Riverhead): 1. Empiece yendo hacia el oeste por W Main St\/NY-25 hacia Peconic Ave\/County Hwy-63. 2. 3. Toma la 1.\u00aa a la izquierda [&hellip;]<\/p>\n","protected":false},"author":1,"featured_media":0,"parent":16434,"menu_order":0,"comment_status":"closed","ping_status":"closed","template":"","meta":{"_et_pb_use_builder":"","_et_pb_old_content":"","_et_gb_content_width":"","footnotes":""},"class_list":["post-16523","page","type-page","status-publish","hentry"],"yoast_head":"<!-- This site is optimized with the Yoast SEO plugin v27.2 - https:\/\/yoast.com\/product\/yoast-seo-wordpress\/ -->\n<title>Babylon Top Knee Replacement Surgeon NY, USA<\/title>\n<meta name=\"description\" content=\"Babilonia 46 Little East Neck Rd Unidad A Babylon, NY 11702 Haga clic aqu\u00ed para obtener indicaciones, o ll\u00e1menos por tel\u00e9fono si desea que se las enviemos\" \/>\n<meta name=\"robots\" content=\"index, follow, max-snippet:-1, max-image-preview:large, max-video-preview:-1\" \/>\n<link rel=\"canonical\" href=\"https:\/\/www.newyorkhipknee.com\/es\/contacto\/babylon-mejor-cirujano-de-protesis-de-cadera-y-rodilla\/\" \/>\n<meta property=\"og:locale\" content=\"es_ES\" \/>\n<meta property=\"og:type\" content=\"article\" \/>\n<meta property=\"og:title\" content=\"Babylon Top Knee Replacement Surgeon NY, USA\" \/>\n<meta property=\"og:description\" content=\"Babilonia 46 Little East Neck Rd Unidad A Babylon, NY 11702 Haga clic aqu\u00ed para obtener indicaciones, o ll\u00e1menos por tel\u00e9fono si desea que se las enviemos\" \/>\n<meta property=\"og:url\" content=\"https:\/\/www.newyorkhipknee.com\/es\/contacto\/babylon-mejor-cirujano-de-protesis-de-cadera-y-rodilla\/\" \/>\n<meta property=\"og:site_name\" content=\"Best Hip &amp; Knee Surgeon | NY, USA\" \/>\n<meta name=\"twitter:card\" content=\"summary_large_image\" \/>\n<meta name=\"twitter:label1\" content=\"Tiempo de lectura\" \/>\n\t<meta name=\"twitter:data1\" content=\"4 minutos\" \/>\n<script type=\"application\/ld+json\" class=\"yoast-schema-graph\">{\"@context\":\"https:\/\/schema.org\",\"@graph\":[{\"@type\":[\"WebPage\",\"MedicalWebPage\"],\"@id\":\"https:\/\/www.newyorkhipknee.com\/es\/contacto\/babylon-mejor-cirujano-de-protesis-de-cadera-y-rodilla\/\",\"url\":\"https:\/\/www.newyorkhipknee.com\/es\/contacto\/babylon-mejor-cirujano-de-protesis-de-cadera-y-rodilla\/\",\"name\":\"Babylon Top Knee Replacement Surgeon NY, USA\",\"isPartOf\":{\"@id\":\"https:\/\/www.newyorkhipknee.com\/es\/#website\"},\"datePublished\":\"2017-02-16T20:26:40+00:00\",\"description\":\"Babilonia 46 Little East Neck Rd Unidad A Babylon, NY 11702 Haga clic aqu\u00ed para obtener indicaciones, o ll\u00e1menos por tel\u00e9fono si desea que se las enviemos\",\"breadcrumb\":{\"@id\":\"https:\/\/www.newyorkhipknee.com\/es\/contacto\/babylon-mejor-cirujano-de-protesis-de-cadera-y-rodilla\/#breadcrumb\"},\"inLanguage\":\"es\",\"potentialAction\":[{\"@type\":\"ReadAction\",\"target\":[\"https:\/\/www.newyorkhipknee.com\/es\/contacto\/babylon-mejor-cirujano-de-protesis-de-cadera-y-rodilla\/\"]}]},{\"@type\":\"BreadcrumbList\",\"@id\":\"https:\/\/www.newyorkhipknee.com\/es\/contacto\/babylon-mejor-cirujano-de-protesis-de-cadera-y-rodilla\/#breadcrumb\",\"itemListElement\":[{\"@type\":\"ListItem\",\"position\":1,\"name\":\"Home\",\"item\":\"https:\/\/www.newyorkhipknee.com\/es\/\"},{\"@type\":\"ListItem\",\"position\":2,\"name\":\"Contacto\",\"item\":\"https:\/\/www.newyorkhipknee.com\/es\/contacto\/\"},{\"@type\":\"ListItem\",\"position\":3,\"name\":\"Babylon &#8211; Mejor cirujano de pr\u00f3tesis de cadera y rodilla\"}]},{\"@type\":\"WebSite\",\"@id\":\"https:\/\/www.newyorkhipknee.com\/es\/#website\",\"url\":\"https:\/\/www.newyorkhipknee.com\/es\/\",\"name\":\"Best Hip & Knee Surgeon | NY, USA\",\"description\":\"\",\"potentialAction\":[{\"@type\":\"SearchAction\",\"target\":{\"@type\":\"EntryPoint\",\"urlTemplate\":\"https:\/\/www.newyorkhipknee.com\/es\/?s={search_term_string}\"},\"query-input\":{\"@type\":\"PropertyValueSpecification\",\"valueRequired\":true,\"valueName\":\"search_term_string\"}}],\"inLanguage\":\"es\"}]}<\/script>\n<!-- \/ Yoast SEO plugin. -->","yoast_head_json":{"title":"Babylon Top Knee Replacement Surgeon NY, USA","description":"Babilonia 46 Little East Neck Rd Unidad A Babylon, NY 11702 Haga clic aqu\u00ed para obtener indicaciones, o ll\u00e1menos por tel\u00e9fono si desea que se las enviemos","robots":{"index":"index","follow":"follow","max-snippet":"max-snippet:-1","max-image-preview":"max-image-preview:large","max-video-preview":"max-video-preview:-1"},"canonical":"https:\/\/www.newyorkhipknee.com\/es\/contacto\/babylon-mejor-cirujano-de-protesis-de-cadera-y-rodilla\/","og_locale":"es_ES","og_type":"article","og_title":"Babylon Top Knee Replacement Surgeon NY, USA","og_description":"Babilonia 46 Little East Neck Rd Unidad A Babylon, NY 11702 Haga clic aqu\u00ed para obtener indicaciones, o ll\u00e1menos por tel\u00e9fono si desea que se las enviemos","og_url":"https:\/\/www.newyorkhipknee.com\/es\/contacto\/babylon-mejor-cirujano-de-protesis-de-cadera-y-rodilla\/","og_site_name":"Best Hip &amp; Knee Surgeon | NY, USA","twitter_card":"summary_large_image","twitter_misc":{"Tiempo de lectura":"4 minutos"},"schema":{"@context":"https:\/\/schema.org","@graph":[{"@type":["WebPage","MedicalWebPage"],"@id":"https:\/\/www.newyorkhipknee.com\/es\/contacto\/babylon-mejor-cirujano-de-protesis-de-cadera-y-rodilla\/","url":"https:\/\/www.newyorkhipknee.com\/es\/contacto\/babylon-mejor-cirujano-de-protesis-de-cadera-y-rodilla\/","name":"Babylon Top Knee Replacement Surgeon NY, USA","isPartOf":{"@id":"https:\/\/www.newyorkhipknee.com\/es\/#website"},"datePublished":"2017-02-16T20:26:40+00:00","description":"Babilonia 46 Little East Neck Rd Unidad A Babylon, NY 11702 Haga clic aqu\u00ed para obtener indicaciones, o ll\u00e1menos por tel\u00e9fono si desea que se las enviemos","breadcrumb":{"@id":"https:\/\/www.newyorkhipknee.com\/es\/contacto\/babylon-mejor-cirujano-de-protesis-de-cadera-y-rodilla\/#breadcrumb"},"inLanguage":"es","potentialAction":[{"@type":"ReadAction","target":["https:\/\/www.newyorkhipknee.com\/es\/contacto\/babylon-mejor-cirujano-de-protesis-de-cadera-y-rodilla\/"]}]},{"@type":"BreadcrumbList","@id":"https:\/\/www.newyorkhipknee.com\/es\/contacto\/babylon-mejor-cirujano-de-protesis-de-cadera-y-rodilla\/#breadcrumb","itemListElement":[{"@type":"ListItem","position":1,"name":"Home","item":"https:\/\/www.newyorkhipknee.com\/es\/"},{"@type":"ListItem","position":2,"name":"Contacto","item":"https:\/\/www.newyorkhipknee.com\/es\/contacto\/"},{"@type":"ListItem","position":3,"name":"Babylon &#8211; Mejor cirujano de pr\u00f3tesis de cadera y rodilla"}]},{"@type":"WebSite","@id":"https:\/\/www.newyorkhipknee.com\/es\/#website","url":"https:\/\/www.newyorkhipknee.com\/es\/","name":"Best Hip & Knee Surgeon | NY, USA","description":"","potentialAction":[{"@type":"SearchAction","target":{"@type":"EntryPoint","urlTemplate":"https:\/\/www.newyorkhipknee.com\/es\/?s={search_term_string}"},"query-input":{"@type":"PropertyValueSpecification","valueRequired":true,"valueName":"search_term_string"}}],"inLanguage":"es"}]}},"_links":{"self":[{"href":"https:\/\/www.newyorkhipknee.com\/es\/wp-json\/wp\/v2\/pages\/16523","targetHints":{"allow":["GET"]}}],"collection":[{"href":"https:\/\/www.newyorkhipknee.com\/es\/wp-json\/wp\/v2\/pages"}],"about":[{"href":"https:\/\/www.newyorkhipknee.com\/es\/wp-json\/wp\/v2\/types\/page"}],"author":[{"embeddable":true,"href":"https:\/\/www.newyorkhipknee.com\/es\/wp-json\/wp\/v2\/users\/1"}],"replies":[{"embeddable":true,"href":"https:\/\/www.newyorkhipknee.com\/es\/wp-json\/wp\/v2\/comments?post=16523"}],"version-history":[{"count":0,"href":"https:\/\/www.newyorkhipknee.com\/es\/wp-json\/wp\/v2\/pages\/16523\/revisions"}],"up":[{"embeddable":true,"href":"https:\/\/www.newyorkhipknee.com\/es\/wp-json\/wp\/v2\/pages\/16434"}],"wp:attachment":[{"href":"https:\/\/www.newyorkhipknee.com\/es\/wp-json\/wp\/v2\/media?parent=16523"}],"curies":[{"name":"wp","href":"https:\/\/api.w.org\/{rel}","templated":true}]}}