{"id":16524,"date":"2015-09-20T15:50:52","date_gmt":"2015-09-20T19:50:52","guid":{"rendered":"https:\/\/newyorkhipknee.com\/contacte-con-nosotros-en-el-516-735-4032\/bayside-mejor-cirujano-de-reemplazo-de-rodilla-y-cadera\/"},"modified":"2023-02-15T14:06:41","modified_gmt":"2023-02-15T19:06:41","slug":"bayside-mejor-cirujano-de-reemplazo-de-rodilla-y-cadera","status":"publish","type":"page","link":"https:\/\/www.newyorkhipknee.com\/es\/contacto\/bayside-mejor-cirujano-de-reemplazo-de-rodilla-y-cadera\/","title":{"rendered":"Bayside &#8211; Mejor Cirujano de Reemplazo de Rodilla y Cadera"},"content":{"rendered":"<p><strong>Bayside <\/strong><\/p>\n<hr>\n<p>Al servicio de Bayside, NY 11361<\/p>\n<hr>\n<p><iframe src=\"https:\/\/www.google.com\/maps\/embed?pb=!1m18!1m12!1m3!1d48346.25669825159!2d-73.77024295!3d40.7699191!2m3!1f0!2f0!3f0!3m2!1i1024!2i768!4f13.1!3m3!1m2!1s0x89c261e225f2f7bd%3A0x7efd0c79b487a99e!2sBayside%2C%20Queens%2C%20NY!5e0!3m2!1sen!2sus!4v1672952866383!5m2!1sen!2sus\" width=\"600\" height=\"450\" style=\"border:0;\" allowfullscreen=\"\" loading=\"lazy\" referrerpolicy=\"no-referrer-when-downgrade\"><\/iframe><\/p>\n<hr>\n<h2>Servicios de diagn\u00f3stico por imagen cerca de nosotros:<\/h2>\n<p>Nexray Medical Imaging<br \/>\nFax: 718-901-0009<br \/>\nN\u00famero de tel\u00e9fono: 718-901-0002<\/p>\n<p>Zwnager-Pesiri<br \/>\nFax: 718-684-7421<br \/>\nN\u00famero de tel\u00e9fono &#8211; 631-444-5544<\/p>\n","protected":false},"excerpt":{"rendered":"<p>Bayside Al servicio de Bayside, NY 11361 Servicios de diagn\u00f3stico por imagen cerca de nosotros: Nexray Medical Imaging Fax: 718-901-0009 N\u00famero de tel\u00e9fono: 718-901-0002 Zwnager-Pesiri Fax: 718-684-7421 N\u00famero de tel\u00e9fono &#8211; 631-444-5544<\/p>\n","protected":false},"author":7,"featured_media":0,"parent":16434,"menu_order":0,"comment_status":"closed","ping_status":"closed","template":"","meta":{"_et_pb_use_builder":"","_et_pb_old_content":"","_et_gb_content_width":"","footnotes":""},"class_list":["post-16524","page","type-page","status-publish","hentry"],"yoast_head":"<!-- This site is optimized with the Yoast SEO plugin v27.2 - https:\/\/yoast.com\/product\/yoast-seo-wordpress\/ -->\n<title>El mejor cirujano de reemplazo de rodilla y cadera de Bayside - Dr. Nakul V. Karkare, MD<\/title>\n<meta name=\"description\" content=\"Llame al Dr. Nakul Karkare al 516-735-4032. Tiene varias oficinas en Long Island, Nueva York. Este est\u00e1 en Bayside.\" \/>\n<meta name=\"robots\" content=\"index, follow, max-snippet:-1, max-image-preview:large, max-video-preview:-1\" \/>\n<link rel=\"canonical\" href=\"https:\/\/www.newyorkhipknee.com\/es\/contacto\/bayside-mejor-cirujano-de-reemplazo-de-rodilla-y-cadera\/\" \/>\n<meta property=\"og:locale\" content=\"es_ES\" \/>\n<meta property=\"og:type\" content=\"article\" \/>\n<meta property=\"og:title\" content=\"El mejor cirujano de reemplazo de rodilla y cadera de Bayside - Dr. Nakul V. Karkare, MD\" \/>\n<meta property=\"og:description\" content=\"Llame al Dr. Nakul Karkare al 516-735-4032. Tiene varias oficinas en Long Island, Nueva York. Este est\u00e1 en Bayside.\" \/>\n<meta property=\"og:url\" content=\"https:\/\/www.newyorkhipknee.com\/es\/contacto\/bayside-mejor-cirujano-de-reemplazo-de-rodilla-y-cadera\/\" \/>\n<meta property=\"og:site_name\" content=\"Best Hip &amp; Knee Surgeon | NY, USA\" \/>\n<meta property=\"article:modified_time\" content=\"2023-02-15T19:06:41+00:00\" \/>\n<meta name=\"twitter:card\" content=\"summary_large_image\" \/>\n<meta name=\"twitter:label1\" content=\"Tiempo de lectura\" \/>\n\t<meta name=\"twitter:data1\" content=\"1 minuto\" \/>\n<script type=\"application\/ld+json\" class=\"yoast-schema-graph\">{\"@context\":\"https:\/\/schema.org\",\"@graph\":[{\"@type\":[\"WebPage\",\"MedicalWebPage\"],\"@id\":\"https:\/\/www.newyorkhipknee.com\/es\/contacto\/bayside-mejor-cirujano-de-reemplazo-de-rodilla-y-cadera\/\",\"url\":\"https:\/\/www.newyorkhipknee.com\/es\/contacto\/bayside-mejor-cirujano-de-reemplazo-de-rodilla-y-cadera\/\",\"name\":\"El mejor cirujano de reemplazo de rodilla y cadera de Bayside - Dr. Nakul V. Karkare, MD\",\"isPartOf\":{\"@id\":\"https:\/\/www.newyorkhipknee.com\/es\/#website\"},\"datePublished\":\"2015-09-20T19:50:52+00:00\",\"dateModified\":\"2023-02-15T19:06:41+00:00\",\"description\":\"Llame al Dr. Nakul Karkare al 516-735-4032. Tiene varias oficinas en Long Island, Nueva York. Este est\u00e1 en Bayside.\",\"breadcrumb\":{\"@id\":\"https:\/\/www.newyorkhipknee.com\/es\/contacto\/bayside-mejor-cirujano-de-reemplazo-de-rodilla-y-cadera\/#breadcrumb\"},\"inLanguage\":\"es\",\"potentialAction\":[{\"@type\":\"ReadAction\",\"target\":[\"https:\/\/www.newyorkhipknee.com\/es\/contacto\/bayside-mejor-cirujano-de-reemplazo-de-rodilla-y-cadera\/\"]}]},{\"@type\":\"BreadcrumbList\",\"@id\":\"https:\/\/www.newyorkhipknee.com\/es\/contacto\/bayside-mejor-cirujano-de-reemplazo-de-rodilla-y-cadera\/#breadcrumb\",\"itemListElement\":[{\"@type\":\"ListItem\",\"position\":1,\"name\":\"Home\",\"item\":\"https:\/\/www.newyorkhipknee.com\/es\/\"},{\"@type\":\"ListItem\",\"position\":2,\"name\":\"Contacto\",\"item\":\"https:\/\/www.newyorkhipknee.com\/es\/contacto\/\"},{\"@type\":\"ListItem\",\"position\":3,\"name\":\"Bayside &#8211; Mejor Cirujano de Reemplazo de Rodilla y Cadera\"}]},{\"@type\":\"WebSite\",\"@id\":\"https:\/\/www.newyorkhipknee.com\/es\/#website\",\"url\":\"https:\/\/www.newyorkhipknee.com\/es\/\",\"name\":\"Best Hip & Knee Surgeon | NY, USA\",\"description\":\"\",\"potentialAction\":[{\"@type\":\"SearchAction\",\"target\":{\"@type\":\"EntryPoint\",\"urlTemplate\":\"https:\/\/www.newyorkhipknee.com\/es\/?s={search_term_string}\"},\"query-input\":{\"@type\":\"PropertyValueSpecification\",\"valueRequired\":true,\"valueName\":\"search_term_string\"}}],\"inLanguage\":\"es\"}]}<\/script>\n<!-- \/ Yoast SEO plugin. -->","yoast_head_json":{"title":"El mejor cirujano de reemplazo de rodilla y cadera de Bayside - Dr. Nakul V. Karkare, MD","description":"Llame al Dr. Nakul Karkare al 516-735-4032. Tiene varias oficinas en Long Island, Nueva York. Este est\u00e1 en Bayside.","robots":{"index":"index","follow":"follow","max-snippet":"max-snippet:-1","max-image-preview":"max-image-preview:large","max-video-preview":"max-video-preview:-1"},"canonical":"https:\/\/www.newyorkhipknee.com\/es\/contacto\/bayside-mejor-cirujano-de-reemplazo-de-rodilla-y-cadera\/","og_locale":"es_ES","og_type":"article","og_title":"El mejor cirujano de reemplazo de rodilla y cadera de Bayside - Dr. Nakul V. Karkare, MD","og_description":"Llame al Dr. Nakul Karkare al 516-735-4032. Tiene varias oficinas en Long Island, Nueva York. Este est\u00e1 en Bayside.","og_url":"https:\/\/www.newyorkhipknee.com\/es\/contacto\/bayside-mejor-cirujano-de-reemplazo-de-rodilla-y-cadera\/","og_site_name":"Best Hip &amp; Knee Surgeon | NY, USA","article_modified_time":"2023-02-15T19:06:41+00:00","twitter_card":"summary_large_image","twitter_misc":{"Tiempo de lectura":"1 minuto"},"schema":{"@context":"https:\/\/schema.org","@graph":[{"@type":["WebPage","MedicalWebPage"],"@id":"https:\/\/www.newyorkhipknee.com\/es\/contacto\/bayside-mejor-cirujano-de-reemplazo-de-rodilla-y-cadera\/","url":"https:\/\/www.newyorkhipknee.com\/es\/contacto\/bayside-mejor-cirujano-de-reemplazo-de-rodilla-y-cadera\/","name":"El mejor cirujano de reemplazo de rodilla y cadera de Bayside - Dr. Nakul V. Karkare, MD","isPartOf":{"@id":"https:\/\/www.newyorkhipknee.com\/es\/#website"},"datePublished":"2015-09-20T19:50:52+00:00","dateModified":"2023-02-15T19:06:41+00:00","description":"Llame al Dr. Nakul Karkare al 516-735-4032. Tiene varias oficinas en Long Island, Nueva York. Este est\u00e1 en Bayside.","breadcrumb":{"@id":"https:\/\/www.newyorkhipknee.com\/es\/contacto\/bayside-mejor-cirujano-de-reemplazo-de-rodilla-y-cadera\/#breadcrumb"},"inLanguage":"es","potentialAction":[{"@type":"ReadAction","target":["https:\/\/www.newyorkhipknee.com\/es\/contacto\/bayside-mejor-cirujano-de-reemplazo-de-rodilla-y-cadera\/"]}]},{"@type":"BreadcrumbList","@id":"https:\/\/www.newyorkhipknee.com\/es\/contacto\/bayside-mejor-cirujano-de-reemplazo-de-rodilla-y-cadera\/#breadcrumb","itemListElement":[{"@type":"ListItem","position":1,"name":"Home","item":"https:\/\/www.newyorkhipknee.com\/es\/"},{"@type":"ListItem","position":2,"name":"Contacto","item":"https:\/\/www.newyorkhipknee.com\/es\/contacto\/"},{"@type":"ListItem","position":3,"name":"Bayside &#8211; Mejor Cirujano de Reemplazo de Rodilla y Cadera"}]},{"@type":"WebSite","@id":"https:\/\/www.newyorkhipknee.com\/es\/#website","url":"https:\/\/www.newyorkhipknee.com\/es\/","name":"Best Hip & Knee Surgeon | NY, USA","description":"","potentialAction":[{"@type":"SearchAction","target":{"@type":"EntryPoint","urlTemplate":"https:\/\/www.newyorkhipknee.com\/es\/?s={search_term_string}"},"query-input":{"@type":"PropertyValueSpecification","valueRequired":true,"valueName":"search_term_string"}}],"inLanguage":"es"}]}},"_links":{"self":[{"href":"https:\/\/www.newyorkhipknee.com\/es\/wp-json\/wp\/v2\/pages\/16524","targetHints":{"allow":["GET"]}}],"collection":[{"href":"https:\/\/www.newyorkhipknee.com\/es\/wp-json\/wp\/v2\/pages"}],"about":[{"href":"https:\/\/www.newyorkhipknee.com\/es\/wp-json\/wp\/v2\/types\/page"}],"author":[{"embeddable":true,"href":"https:\/\/www.newyorkhipknee.com\/es\/wp-json\/wp\/v2\/users\/7"}],"replies":[{"embeddable":true,"href":"https:\/\/www.newyorkhipknee.com\/es\/wp-json\/wp\/v2\/comments?post=16524"}],"version-history":[{"count":0,"href":"https:\/\/www.newyorkhipknee.com\/es\/wp-json\/wp\/v2\/pages\/16524\/revisions"}],"up":[{"embeddable":true,"href":"https:\/\/www.newyorkhipknee.com\/es\/wp-json\/wp\/v2\/pages\/16434"}],"wp:attachment":[{"href":"https:\/\/www.newyorkhipknee.com\/es\/wp-json\/wp\/v2\/media?parent=16524"}],"curies":[{"name":"wp","href":"https:\/\/api.w.org\/{rel}","templated":true}]}}