{"id":16528,"date":"2019-05-11T15:17:16","date_gmt":"2019-05-11T19:17:16","guid":{"rendered":"https:\/\/newyorkhipknee.com\/contacte-con-nosotros-en-el-516-735-4032\/little-neck-mejor-cirujano-de-reemplazo-de-cadera-y-rodilla\/"},"modified":"2023-02-15T14:12:31","modified_gmt":"2023-02-15T19:12:31","slug":"little-neck-mejor-cirujano-de-reemplazo-de-cadera-y-rodilla","status":"publish","type":"page","link":"https:\/\/www.newyorkhipknee.com\/es\/contacto\/little-neck-mejor-cirujano-de-reemplazo-de-cadera-y-rodilla\/","title":{"rendered":"Little Neck &#8211; Mejor Cirujano de Reemplazo de Cadera y Rodilla"},"content":{"rendered":"<p><strong>Little Neck<\/strong><\/p>\n<hr>\n<p>52-21 Little Neck Parkway,<br \/>\nLittle Neck NY 11362<\/p>\n<h2><a href=\"https:\/\/www.google.com\/maps\/dir\/\/52-21+Little+Neck+Pkwy,+Flushing,+NY+11362,+USA\/@40.7151408,-73.3936258,17z\/data=!3m1!4b1!4m8!4m7!1m0!1m5!1m1!1s0x89e82b490ad2a2dd:0xd54fd2dd2ac347c4!2m2!1d-73.3914371!2d40.7151408?shorturl=1\" target=\"_blank\" rel=\"noopener noreferrer\">Haga clic aqu\u00ed para obtener indicaciones, o ll\u00e1menos por tel\u00e9fono si desea que se las enviemos por SMS.<\/a><\/h2>\n<hr>\n<p><iframe loading=\"lazy\" style=\"border: 0;\" src=\"https:\/\/www.google.com\/maps\/embed?pb=!1m18!1m12!1m3!1d3021.732949326884!2d-73.73091968459339!3d40.76789797932588!2m3!1f0!2f0!3f0!3m2!1i1024!2i768!4f13.1!3m3!1m2!1s0x89c289e61f7154ff%3A0x7c1225214cd51f12!2s52-21+Little+Neck+Pkwy%2C+Flushing%2C+NY+11362!5e0!3m2!1sen!2sus!4v1557601905776!5m2!1sen!2sus\" width=\"600\" height=\"450\" frameborder=\"0\" allowfullscreen=\"allowfullscreen\"><\/iframe><\/p>\n<hr>\n<p><script type=\"application\/ld+json\">\n\t{\n  \t\"@context\": \"https:\/\/schema.org\",\n  \t\"@type\": \"Musculoskeletal\",\n\t\"additionalType\": \"https:\/\/www.productontology.org\/id\/Orthopedic_surgery\",\n\t\"url\": \"https:\/\/newyorkhipknee.com\",\n\t\"logo\": \"\/wp-content\/themes\/nakul-karkare\/images\/newyork-nakul-v-karkare-md-logo-new.jpg\",\n\t\"hasMap\": \"http:\/\/bit.ly\/309yxAc\",\n\t\"email\": \"mailto:info@newyorkhipknee.com\",\n  \t\"address\": {\n    \t\"@type\": \"PostalAddress\",\n    \t\"addressLocality\": \"Little Neck\",\n    \t\"addressRegion\": \"NY\",\n    \t\"postalCode\":\"11362\",\n    \t\"streetAddress\": \"52-21 Little Neck Parkway,\"\n  \t},\n  \t\"description\": \"An orthopedic surgeon specialized in limb reconstruction and joint replacement surgery.\",\n  \t\"name\": \"Dr. Nakul V. Karkare\",\n  \t\"telephone\": \"613-981-2663\",\n  \t\"geo\": {\n    \t\"@type\": \"GeoCoordinates\",\n   \t\"latitude\": \"40.71\",\n    \t\"longitude\": \"73.39\"\n \t\t}\t\t\t\n\t}\n<\/script><\/p>\n<p>Direcciones de Little Neck<br \/>\nDesde el Norte:<br \/>\n1. Empiece yendo hacia el oeste por Sanford Ave hacia Parsons Blvd.<br \/>\n2. Gire a la izquierda en Main St.<br \/>\n3. Main St est\u00e1 justo despu\u00e9s de Kissena Blvd<br \/>\n4. Tongs Cafe est\u00e1 en la esquina<br \/>\n5. Si llegas a Frame Pl, te habr\u00e1s pasado unos 0,1 kil\u00f3metros.<br \/>\n6. Gire a la izquierda hacia Horace Harding Expy.<br \/>\n7. Si llegas a la Avenida 62 has ido demasiado lejos<br \/>\n8. Incorp\u00f3rese a la I-495 E\/Long Island Expy E por la rampa de la izquierda en direcci\u00f3n Eastern L I.<br \/>\n9. Tome la salida 32 hacia Little Neck Pkwy.<br \/>\n10. Incorp\u00f3rese a Horace Harding Expy.<br \/>\n11. Gire a la izquierda hacia Little Neck Pkwy.<br \/>\n12. Little Neck Pkwy est\u00e1 justo despu\u00e9s de 256th S<br \/>\n13. Si est\u00e1s en S Service Rd y llegas a Lakeville Rd te has pasado unos 0,9 kil\u00f3metros.<br \/>\n14. 5221 LITTLE NECK PKWY est\u00e1 a la derecha.<br \/>\n15. Su destino es justo despu\u00e9s de 52nd Rd<br \/>\n16. Si llegas a Brattle Ave has ido un poco demasiado lejos<\/p>\n<p>Desde el este:<br \/>\n1. Empiece yendo hacia el oeste por W Main St\/NY-25 hacia Peconic Ave\/County Hwy-63.<br \/>\n2. Gire a la izquierda en County Hwy-94A.<br \/>\n3. County Hwy-94A est\u00e1 justo despu\u00e9s de Osborn Ave.<br \/>\n4. Si llegas a la avenida Sweezy te has pasado unos 0,1 kil\u00f3metros.<br \/>\n5. Gire ligeramente a la derecha hacia Nugent Dr\/NY-24\/County Hwy-94. Contin\u00fae por NY-24\/County Hwy-94.<br \/>\n6. Incorp\u00f3rese a la I-495 W\/Long Island Expy W por la rampa de la izquierda en direcci\u00f3n a Nueva York.<br \/>\n7. Si est\u00e1s en Edwards Ave y llegas a Mill Rd has ido demasiado lejos<br \/>\n8. Tome la salida 53 hacia Bay Shore\/Kings Park.<br \/>\n9. Mant\u00e9ngase a la izquierda en la bifurcaci\u00f3n de la rampa.<br \/>\n10. Mant\u00e9ngase a la derecha para tomar la rampa hacia Kings Park.<br \/>\n11. Incorp\u00f3rese a Sagtikos Pkwy N.<br \/>\n12. Tome la salida SM1W hacia Nueva York.<br \/>\n13. Incorp\u00f3rese a Northern State Pkwy W.<br \/>\n14. Incorp\u00f3rese a la I-495 W\/Long Island Expy W por la salida 37A hacia Nueva York.<br \/>\n15. Tome la salida 32 hacia Little Neck Pkwy\/Douglaston Pkwy.<br \/>\n16. Incorp\u00f3rese a Horace Harding Expy.<br \/>\n17. Gire a la derecha hacia Little Neck Pkwy.<br \/>\n18. Little Neck Pkwy est\u00e1 a 0.1 millas despu\u00e9s de 260th St.<br \/>\n19. Si usted est\u00e1 en Horace Harding Expy y llegar a Nassau Blvd que ha ido un poco demasiado lejos<br \/>\n20. 5221 LITTLE NECK PKWY est\u00e1 a la derecha.<br \/>\n21. Su destino es justo despu\u00e9s de 52nd Rd<br \/>\n22. Si llegas a Brattle Ave has ido un poco demasiado lejos<\/p>\n<p>Desde el Sur:<br \/>\n1. Empieza yendo hacia el oeste por W Main St hacia Havens Ave.<br \/>\n2. Tome la segunda a la derecha en County Hwy-19\/Holbrook Rd. Contin\u00fae por la County Hwy-19.<br \/>\n3. County Hwy-19 est\u00e1 a 0.1 millas pasando Railroad Ave.<br \/>\n4. Si llegas a la Avenida del R\u00edo has ido cerca de 0.2 millas demasiado lejos<br \/>\n5. Gire a la izquierda hacia Expressway Dr N.<br \/>\n6. Expressway Dr N est\u00e1 0.1 millas despu\u00e9s de Expressway Dr S<br \/>\n7. Si est\u00e1s en Patchogue Holbrook Rd y llegas a Vacation Ct te has pasado un poco.<br \/>\n8. Incorp\u00f3rese a la I-495 W\/Long Island Expy W hacia Nueva York.<br \/>\n9. Tome la salida 32 hacia Little Neck Pkwy\/Douglaston Pkwy.<br \/>\n10. Incorp\u00f3rese a Horace Harding Expy.<br \/>\n11. Gire a la derecha en Little Neck Pkwy.<br \/>\n12. Little Neck Pkwy est\u00e1 a 0.1 millas despu\u00e9s de 260th St.<br \/>\n13. Si usted est\u00e1 en Horace Harding Expy y llegar a Nassau Blvd que ha ido un poco demasiado lejos<br \/>\n14. 5221 LITTLE NECK PKWY est\u00e1 a la derecha.<br \/>\n15. Su destino es justo despu\u00e9s de 52nd Rd<br \/>\n16. Si llegas a Brattle Ave has ido un poco demasiado lejos<\/p>\n<p>Desde el Oeste:<br \/>\n1. Empiece yendo hacia el oeste por Sanford Ave hacia Parsons Blvd.<br \/>\n2. Gire a la izquierda en Main St.<br \/>\n3. Main St est\u00e1 justo despu\u00e9s de Kissena Blvd<br \/>\n4. Tongs Cafe est\u00e1 en la esquina<br \/>\n5. Si llegas a Frame Pl, te habr\u00e1s pasado unos 0,1 kil\u00f3metros.<br \/>\n6. Gire a la izquierda hacia Horace Harding Expy.<br \/>\n7. Si llegas a la Avenida 62 has ido demasiado lejos<br \/>\n8. Incorp\u00f3rese a la I-495 E\/Long Island Expy E por la rampa de la izquierda en direcci\u00f3n Eastern L I.<br \/>\n9. Tome la salida 32 hacia Little Neck Pkwy.<br \/>\n10. Incorp\u00f3rese a Horace Harding Expy.<br \/>\n11. Gire a la izquierda hacia Little Neck Pkwy.<br \/>\n12. Little Neck Pkwy est\u00e1 justo despu\u00e9s de 256th St.<br \/>\n13. Si est\u00e1s en S Service Rd y llegas a Lakeville Rd te has pasado unos 0,9 kil\u00f3metros.<br \/>\n14. 5221 LITTLE NECK PKWY est\u00e1 a la derecha.<br \/>\n15. Su destino es justo despu\u00e9s de 52nd Rd<br \/>\n16. Si llegas a Brattle Ave has ido un poco demasiado lejos<\/p>\n<h3>Radi\u00f3logos cerca de nuestra oficina<\/h3>\n<p><strong>Northwell Health  <\/strong><br \/>\nN\u00famero de tel\u00e9fono: 516-233-3456<br \/>\nFax &#8211; 516-325-7237<\/p>\n<p><strong>Nueva Visi\u00f3n Radiolog\u00eda P.C<\/strong><br \/>\nTel\u00e9fono &#8211; 718-848-7142<br \/>\nFax &#8211; 718-848-7153<\/p>\n<p><strong>Radi\u00f3logos de Great Neck<\/strong><br \/>\nN\u00famero de tel\u00e9fono &#8211; 516-829-4414<br \/>\nFax &#8211; 516-829-7754<\/p>\n","protected":false},"excerpt":{"rendered":"<p>Little Neck 52-21 Little Neck Parkway, Little Neck NY 11362 Haga clic aqu\u00ed para obtener indicaciones, o ll\u00e1menos por tel\u00e9fono si desea que se las enviemos por SMS. Direcciones de Little Neck Desde el Norte: 1. Empiece yendo hacia el oeste por Sanford Ave hacia Parsons Blvd. 2. Gire a la izquierda en Main St. [&hellip;]<\/p>\n","protected":false},"author":1,"featured_media":0,"parent":16434,"menu_order":0,"comment_status":"closed","ping_status":"closed","template":"","meta":{"_et_pb_use_builder":"off","_et_pb_old_content":"","_et_gb_content_width":"","footnotes":""},"class_list":["post-16528","page","type-page","status-publish","hentry"],"yoast_head":"<!-- This site is optimized with the Yoast SEO plugin v27.2 - https:\/\/yoast.com\/product\/yoast-seo-wordpress\/ -->\n<title>El mejor cirujano de reemplazo de cadera y rodilla en Little Neck | Nueva York<\/title>\n<meta name=\"description\" content=\"Llame al Dr. Nakul Karkare al 516-735-4032. Tiene varias oficinas en Long Island, Nueva York. Este est\u00e1 en Little Neck.\" \/>\n<meta name=\"robots\" content=\"index, follow, max-snippet:-1, max-image-preview:large, max-video-preview:-1\" \/>\n<link rel=\"canonical\" href=\"https:\/\/www.newyorkhipknee.com\/es\/contacto\/little-neck-mejor-cirujano-de-reemplazo-de-cadera-y-rodilla\/\" \/>\n<meta property=\"og:locale\" content=\"es_ES\" \/>\n<meta property=\"og:type\" content=\"article\" \/>\n<meta property=\"og:title\" content=\"El mejor cirujano de reemplazo de cadera y rodilla en Little Neck | Nueva York\" \/>\n<meta property=\"og:description\" content=\"Llame al Dr. Nakul Karkare al 516-735-4032. Tiene varias oficinas en Long Island, Nueva York. Este est\u00e1 en Little Neck.\" \/>\n<meta property=\"og:url\" content=\"https:\/\/www.newyorkhipknee.com\/es\/contacto\/little-neck-mejor-cirujano-de-reemplazo-de-cadera-y-rodilla\/\" \/>\n<meta property=\"og:site_name\" content=\"Best Hip &amp; Knee Surgeon | NY, USA\" \/>\n<meta property=\"article:modified_time\" content=\"2023-02-15T19:12:31+00:00\" \/>\n<meta name=\"twitter:card\" content=\"summary_large_image\" \/>\n<meta name=\"twitter:label1\" content=\"Tiempo de lectura\" \/>\n\t<meta name=\"twitter:data1\" content=\"5 minutos\" \/>\n<script type=\"application\/ld+json\" class=\"yoast-schema-graph\">{\"@context\":\"https:\/\/schema.org\",\"@graph\":[{\"@type\":[\"WebPage\",\"MedicalWebPage\"],\"@id\":\"https:\/\/www.newyorkhipknee.com\/es\/contacto\/little-neck-mejor-cirujano-de-reemplazo-de-cadera-y-rodilla\/\",\"url\":\"https:\/\/www.newyorkhipknee.com\/es\/contacto\/little-neck-mejor-cirujano-de-reemplazo-de-cadera-y-rodilla\/\",\"name\":\"El mejor cirujano de reemplazo de cadera y rodilla en Little Neck | Nueva York\",\"isPartOf\":{\"@id\":\"https:\/\/www.newyorkhipknee.com\/es\/#website\"},\"datePublished\":\"2019-05-11T19:17:16+00:00\",\"dateModified\":\"2023-02-15T19:12:31+00:00\",\"description\":\"Llame al Dr. Nakul Karkare al 516-735-4032. Tiene varias oficinas en Long Island, Nueva York. Este est\u00e1 en Little Neck.\",\"breadcrumb\":{\"@id\":\"https:\/\/www.newyorkhipknee.com\/es\/contacto\/little-neck-mejor-cirujano-de-reemplazo-de-cadera-y-rodilla\/#breadcrumb\"},\"inLanguage\":\"es\",\"potentialAction\":[{\"@type\":\"ReadAction\",\"target\":[\"https:\/\/www.newyorkhipknee.com\/es\/contacto\/little-neck-mejor-cirujano-de-reemplazo-de-cadera-y-rodilla\/\"]}]},{\"@type\":\"BreadcrumbList\",\"@id\":\"https:\/\/www.newyorkhipknee.com\/es\/contacto\/little-neck-mejor-cirujano-de-reemplazo-de-cadera-y-rodilla\/#breadcrumb\",\"itemListElement\":[{\"@type\":\"ListItem\",\"position\":1,\"name\":\"Home\",\"item\":\"https:\/\/www.newyorkhipknee.com\/es\/\"},{\"@type\":\"ListItem\",\"position\":2,\"name\":\"Contacto\",\"item\":\"https:\/\/www.newyorkhipknee.com\/es\/contacto\/\"},{\"@type\":\"ListItem\",\"position\":3,\"name\":\"Little Neck &#8211; Mejor Cirujano de Reemplazo de Cadera y Rodilla\"}]},{\"@type\":\"WebSite\",\"@id\":\"https:\/\/www.newyorkhipknee.com\/es\/#website\",\"url\":\"https:\/\/www.newyorkhipknee.com\/es\/\",\"name\":\"Best Hip & Knee Surgeon | NY, USA\",\"description\":\"\",\"potentialAction\":[{\"@type\":\"SearchAction\",\"target\":{\"@type\":\"EntryPoint\",\"urlTemplate\":\"https:\/\/www.newyorkhipknee.com\/es\/?s={search_term_string}\"},\"query-input\":{\"@type\":\"PropertyValueSpecification\",\"valueRequired\":true,\"valueName\":\"search_term_string\"}}],\"inLanguage\":\"es\"}]}<\/script>\n<!-- \/ Yoast SEO plugin. -->","yoast_head_json":{"title":"El mejor cirujano de reemplazo de cadera y rodilla en Little Neck | Nueva York","description":"Llame al Dr. Nakul Karkare al 516-735-4032. Tiene varias oficinas en Long Island, Nueva York. Este est\u00e1 en Little Neck.","robots":{"index":"index","follow":"follow","max-snippet":"max-snippet:-1","max-image-preview":"max-image-preview:large","max-video-preview":"max-video-preview:-1"},"canonical":"https:\/\/www.newyorkhipknee.com\/es\/contacto\/little-neck-mejor-cirujano-de-reemplazo-de-cadera-y-rodilla\/","og_locale":"es_ES","og_type":"article","og_title":"El mejor cirujano de reemplazo de cadera y rodilla en Little Neck | Nueva York","og_description":"Llame al Dr. Nakul Karkare al 516-735-4032. Tiene varias oficinas en Long Island, Nueva York. Este est\u00e1 en Little Neck.","og_url":"https:\/\/www.newyorkhipknee.com\/es\/contacto\/little-neck-mejor-cirujano-de-reemplazo-de-cadera-y-rodilla\/","og_site_name":"Best Hip &amp; Knee Surgeon | NY, USA","article_modified_time":"2023-02-15T19:12:31+00:00","twitter_card":"summary_large_image","twitter_misc":{"Tiempo de lectura":"5 minutos"},"schema":{"@context":"https:\/\/schema.org","@graph":[{"@type":["WebPage","MedicalWebPage"],"@id":"https:\/\/www.newyorkhipknee.com\/es\/contacto\/little-neck-mejor-cirujano-de-reemplazo-de-cadera-y-rodilla\/","url":"https:\/\/www.newyorkhipknee.com\/es\/contacto\/little-neck-mejor-cirujano-de-reemplazo-de-cadera-y-rodilla\/","name":"El mejor cirujano de reemplazo de cadera y rodilla en Little Neck | Nueva York","isPartOf":{"@id":"https:\/\/www.newyorkhipknee.com\/es\/#website"},"datePublished":"2019-05-11T19:17:16+00:00","dateModified":"2023-02-15T19:12:31+00:00","description":"Llame al Dr. Nakul Karkare al 516-735-4032. Tiene varias oficinas en Long Island, Nueva York. Este est\u00e1 en Little Neck.","breadcrumb":{"@id":"https:\/\/www.newyorkhipknee.com\/es\/contacto\/little-neck-mejor-cirujano-de-reemplazo-de-cadera-y-rodilla\/#breadcrumb"},"inLanguage":"es","potentialAction":[{"@type":"ReadAction","target":["https:\/\/www.newyorkhipknee.com\/es\/contacto\/little-neck-mejor-cirujano-de-reemplazo-de-cadera-y-rodilla\/"]}]},{"@type":"BreadcrumbList","@id":"https:\/\/www.newyorkhipknee.com\/es\/contacto\/little-neck-mejor-cirujano-de-reemplazo-de-cadera-y-rodilla\/#breadcrumb","itemListElement":[{"@type":"ListItem","position":1,"name":"Home","item":"https:\/\/www.newyorkhipknee.com\/es\/"},{"@type":"ListItem","position":2,"name":"Contacto","item":"https:\/\/www.newyorkhipknee.com\/es\/contacto\/"},{"@type":"ListItem","position":3,"name":"Little Neck &#8211; Mejor Cirujano de Reemplazo de Cadera y Rodilla"}]},{"@type":"WebSite","@id":"https:\/\/www.newyorkhipknee.com\/es\/#website","url":"https:\/\/www.newyorkhipknee.com\/es\/","name":"Best Hip & Knee Surgeon | NY, USA","description":"","potentialAction":[{"@type":"SearchAction","target":{"@type":"EntryPoint","urlTemplate":"https:\/\/www.newyorkhipknee.com\/es\/?s={search_term_string}"},"query-input":{"@type":"PropertyValueSpecification","valueRequired":true,"valueName":"search_term_string"}}],"inLanguage":"es"}]}},"_links":{"self":[{"href":"https:\/\/www.newyorkhipknee.com\/es\/wp-json\/wp\/v2\/pages\/16528","targetHints":{"allow":["GET"]}}],"collection":[{"href":"https:\/\/www.newyorkhipknee.com\/es\/wp-json\/wp\/v2\/pages"}],"about":[{"href":"https:\/\/www.newyorkhipknee.com\/es\/wp-json\/wp\/v2\/types\/page"}],"author":[{"embeddable":true,"href":"https:\/\/www.newyorkhipknee.com\/es\/wp-json\/wp\/v2\/users\/1"}],"replies":[{"embeddable":true,"href":"https:\/\/www.newyorkhipknee.com\/es\/wp-json\/wp\/v2\/comments?post=16528"}],"version-history":[{"count":0,"href":"https:\/\/www.newyorkhipknee.com\/es\/wp-json\/wp\/v2\/pages\/16528\/revisions"}],"up":[{"embeddable":true,"href":"https:\/\/www.newyorkhipknee.com\/es\/wp-json\/wp\/v2\/pages\/16434"}],"wp:attachment":[{"href":"https:\/\/www.newyorkhipknee.com\/es\/wp-json\/wp\/v2\/media?parent=16528"}],"curies":[{"name":"wp","href":"https:\/\/api.w.org\/{rel}","templated":true}]}}