{"id":16545,"date":"2015-10-26T23:14:18","date_gmt":"2015-10-27T03:14:18","guid":{"rendered":"https:\/\/newyorkhipknee.com\/contacte-con-nosotros-en-el-516-735-4032\/riverhead-mejor-cirujano-de-reemplazo-de-rodilla-y-cadera\/"},"modified":"2023-02-16T11:33:55","modified_gmt":"2023-02-16T16:33:55","slug":"riverhead-mejor-cirujano-de-reemplazo-de-rodilla-y-cadera","status":"publish","type":"page","link":"https:\/\/www.newyorkhipknee.com\/es\/contacto\/riverhead-mejor-cirujano-de-reemplazo-de-rodilla-y-cadera\/","title":{"rendered":"Riverhead &#8211; Mejor Cirujano de Reemplazo de Rodilla y Cadera"},"content":{"rendered":"<p><strong>Riverhead<\/strong><\/p>\n<hr>\n<p>1333 Roanoke Ave, Suite 203 A<br \/>\nRiverhead, NY 11901<\/p>\n<h2><a href=\"https:\/\/www.google.com\/maps\/place\/1333+Roanoke+Ave+%23203,+Riverhead,+NY+11901\/@40.9345395,-72.6781023\" target=\"_blank\" rel=\"noopener noreferrer\">Haga clic aqu\u00ed para obtener indicaciones, o ll\u00e1menos por tel\u00e9fono si desea que se las enviemos por SMS.<\/a><\/h2>\n<hr>\n<p><iframe loading=\"lazy\" style=\"border: 0;\" src=\"https:\/\/www.google.com\/maps\/embed?pb=!1m18!1m12!1m3!1d3014.1427061571067!2d-72.67810228458818!3d40.93453947930841!2m3!1f0!2f0!3f0!3m2!1i1024!2i768!4f13.1!3m3!1m2!1s0x89e88ac295c9e3d1%3A0x234a96295b5c85f3!2s1333+Roanoke+Ave+%23203%2C+Riverhead%2C+NY+11901!5e0!3m2!1sen!2sus!4v1445901173097\" width=\"798\" height=\"599\" allowfullscreen=\"allowfullscreen\"><\/iframe><\/p>\n<hr>\n<p><script type=\"application\/ld+json\">\n\t{\n  \t\"@context\": \"https:\/\/schema.org\",\n  \t\"@type\": \"Musculoskeletal\",\n\t\"additionalType\": \"https:\/\/www.productontology.org\/id\/Orthopedic_surgery\",\n\t\"url\": \"https:\/\/newyorkhipknee.com\",\n\t\"logo\": \"\/wp-content\/themes\/nakul-karkare\/images\/newyork-nakul-v-karkare-md-logo-new.jpg\",\n\t\"hasMap\": \"https:\/\/goo.gl\/maps\/7L15QJAo8az\",\n\t\"email\": \"mailto:info@newyorkhipknee.com\",\n  \t\"address\": {\n    \t\"@type\": \"PostalAddress\",\n    \t\"addressLocality\": \"Riverhead\",\n    \t\"addressRegion\": \"NY\",\n    \t\"postalCode\":\"11901\",\n    \t\"streetAddress\": \"1333 Roanoke Ave, Suite 203 A\"\n  \t},\n  \t\"description\": \"An orthopedic surgeon specialized in limb reconstruction and joint replacement surgery.\",\n  \t\"name\": \"Dr. Nakul V. Karkare\",\n  \t\"telephone\": \"613-981-2663\",\n  \t\"geo\": {\n    \t\"@type\": \"GeoCoordinates\",\n   \t\"latitude\": \"40.93\",\n    \t\"longitude\": \"-72.67\"\n \t\t}\t\t\t\n\t}\n<\/script><\/p>\n<p><strong>Desde el norte (Port Jefferson):<\/strong><br \/>\n1. Empiece yendo hacia el sur por Main St\/NY-25A hacia Wynn Ln.<br \/>\n2. Gire a la izquierda hacia Hallock Ave\/NY-25A. Contin\u00fae por la NY-25A.<br \/>\n3. NY-25A est\u00e1 justo despu\u00e9s de Bergen Pl<br \/>\n4. Si usted est\u00e1 en Patchogue Rd y llegar a Chereb Ln que ha ido un poco demasiado lejos<br \/>\n5. Gire ligeramente a la derecha en Route 25A Byp.<br \/>\n6. Ruta 25A Byp es de 0,3 millas m\u00e1s all\u00e1 de Rocky Point Yaphank Rd.<br \/>\n7. La variante de la ruta 25A se convierte en la ruta 25A\/NY-25A.<br \/>\n8. Siga recto para incorporarse a Middle Country Rd\/NY-25.<br \/>\n9. Gire ligeramente a la izquierda hacia Old Country Rd.<br \/>\n10. Old Country Rd est\u00e1 a 0.3 millas pasado Splish Splash Dr<br \/>\n11. Entra en la siguiente rotonda y toma la tercera salida en direcci\u00f3n Roanoke Ave.<br \/>\n12. 1333 Roanoke Ave, Riverhead, NY 11901-2029, 1333 ROANOKE AVE est\u00e1 a la izquierda.<br \/>\n13. Si llegas a Middle Rd has ido unos 0.1 kil\u00f3metros demasiado lejos<\/p>\n<p><strong> Desde el este (Riverhead):<\/strong><br \/>\n1. Empiece yendo hacia el norte por Roanoke Ave\/County Hwy-73 hacia 1st St.<br \/>\n2. Entra en la siguiente rotonda y toma la segunda salida en direcci\u00f3n Roanoke Ave.<br \/>\n3. 1333 Roanoke Ave, Riverhead, NY 11901-2029, 1333 ROANOKE AVE est\u00e1 a la izquierda.<br \/>\n4. Si llegas a Middle Rd has ido unos 0.1 kil\u00f3metros demasiado lejos<\/p>\n<p><strong>Desde el Sur (Patchogue):<\/strong><br \/>\n1. Empiece yendo hacia el norte por N Ocean Ave hacia Oak St.<br \/>\n2. Siga recto para entrar en N Ocean Ave\/County Hwy-83.<br \/>\n3. Gire a la derecha hacia Expressway Dr S.<br \/>\n4. Expressway Dr S est\u00e1 0.1 millas despu\u00e9s de Petty Ln<br \/>\n5. Si est\u00e1 en County Hwy-83 y llega a Expressway Dr N, se ha pasado unos 0,1 kil\u00f3metros.<br \/>\n6. Incorp\u00f3rese a la I-495 E\/Long Island Expy E por la rampa de la izquierda.<br \/>\n7. Tome la salida Old Country Rd\/County Hwy-58, EXIT 73, a la izquierda hacia Greenport\/Orient.<br \/>\n8. Mant\u00e9ngase a la izquierda en la bifurcaci\u00f3n de la rampa.<br \/>\n9. Gire ligeramente a la derecha hacia Old Country Rd.<br \/>\n10. Entra en la siguiente rotonda y toma la tercera salida en direcci\u00f3n Roanoke Ave.<br \/>\n11. 1333 ROANOKE AVE est\u00e1 a la izquierda.<br \/>\n12. Si llegas a Middle Rd has ido unos 0.1 kil\u00f3metros demasiado lejos<\/p>\n<p><strong>Desde el Oeste (Queens):<\/strong><br \/>\n1. Empiece yendo hacia el oeste por Sanford Ave hacia Parsons Blvd.<br \/>\n2. Gire a la izquierda en Kissena Blvd.<br \/>\n3. Kissena Blvd est\u00e1 justo despu\u00e9s de Old Ln<br \/>\n4. HSBC est\u00e1 en la esquina<br \/>\n5. Si llegas a Main St has ido demasiado lejos<br \/>\n6. Gire a la izquierda hacia Horace Harding Expy.<br \/>\n7. Si llegas a la Avenida 64 has ido demasiado lejos<br \/>\n8. Incorp\u00f3rese a la I-495 E\/Long Island Expy E por la rampa de la izquierda en direcci\u00f3n Eastern L I.<br \/>\n9. Tome la salida 53 hacia Bay Shore\/Kings Park.<br \/>\n10. Mant\u00e9ngase a la izquierda en la bifurcaci\u00f3n de la rampa.<br \/>\n11. Mant\u00e9ngase a la izquierda para tomar la rampa de Wicks Rd.<br \/>\n12. Mant\u00e9ngase a la izquierda en la bifurcaci\u00f3n de la rampa.<br \/>\n13. Incorp\u00f3rese a la I-495 E\/Long Island Expy E por la rampa de la izquierda hacia Riverhead.<br \/>\n14. Tome la salida Old Country Rd\/County Hwy-58, EXIT 73, a la izquierda hacia Greenport\/Orient.<br \/>\n15. Mant\u00e9ngase a la izquierda en la bifurcaci\u00f3n de la rampa.<br \/>\n16. Gire ligeramente a la derecha hacia Old Country Rd.<br \/>\n17. Entra en la siguiente rotonda y toma la tercera salida en direcci\u00f3n Roanoke Ave.<br \/>\n18. 1333 ROANOKE AVE est\u00e1 a la izquierda.<br \/>\n19. Si llegas a Middle Rd te has pasado unos 0,1 kil\u00f3metros.<\/p>\n<h2>Riverhead Imaging Facilities<\/h2>\n<p>Radiolog\u00eda North Fork<br \/>\nN\u00famero de tel\u00e9fono &#8211; 631 727-2755<br \/>\nFax &#8211; 631-591-0190<\/p>\n<p>Radiolog\u00eda Zwanger-Pesiri<br \/>\nN\u00famero de tel\u00e9fono: 631-225-7200<br \/>\nFax &#8211; 631-225-9550<\/p>\n<p>Centro de diagn\u00f3stico por imagen Grossman<br \/>\nN\u00famero de tel\u00e9fono: 631-405-3240<br \/>\nFax &#8211; 631-281-0203<\/p>\n","protected":false},"excerpt":{"rendered":"<p>Riverhead 1333 Roanoke Ave, Suite 203 A Riverhead, NY 11901 Haga clic aqu\u00ed para obtener indicaciones, o ll\u00e1menos por tel\u00e9fono si desea que se las enviemos por SMS. Desde el norte (Port Jefferson): 1. Empiece yendo hacia el sur por Main St\/NY-25A hacia Wynn Ln. 2. Gire a la izquierda hacia Hallock Ave\/NY-25A. Contin\u00fae por [&hellip;]<\/p>\n","protected":false},"author":4,"featured_media":0,"parent":16434,"menu_order":0,"comment_status":"closed","ping_status":"closed","template":"","meta":{"_et_pb_use_builder":"","_et_pb_old_content":"","_et_gb_content_width":"","footnotes":""},"class_list":["post-16545","page","type-page","status-publish","hentry"],"yoast_head":"<!-- This site is optimized with the Yoast SEO plugin v27.2 - https:\/\/yoast.com\/product\/yoast-seo-wordpress\/ -->\n<title>Riverhead Nueva York Cirujano Ortop\u00e9dico - Dr. Nakul V. Karkare, MD<\/title>\n<meta name=\"description\" content=\"Llame al Dr. Nakul Karkare al 516-735-4032. Tiene varias oficinas en Long Island, Nueva York. Este est\u00e1 en Riverhead, Nueva York.\" \/>\n<meta name=\"robots\" content=\"index, follow, max-snippet:-1, max-image-preview:large, max-video-preview:-1\" \/>\n<link rel=\"canonical\" href=\"https:\/\/www.newyorkhipknee.com\/es\/contacto\/riverhead-mejor-cirujano-de-reemplazo-de-rodilla-y-cadera\/\" \/>\n<meta property=\"og:locale\" content=\"es_ES\" \/>\n<meta property=\"og:type\" content=\"article\" \/>\n<meta property=\"og:title\" content=\"Riverhead Nueva York Cirujano Ortop\u00e9dico - Dr. Nakul V. Karkare, MD\" \/>\n<meta property=\"og:description\" content=\"Llame al Dr. Nakul Karkare al 516-735-4032. Tiene varias oficinas en Long Island, Nueva York. Este est\u00e1 en Riverhead, Nueva York.\" \/>\n<meta property=\"og:url\" content=\"https:\/\/www.newyorkhipknee.com\/es\/contacto\/riverhead-mejor-cirujano-de-reemplazo-de-rodilla-y-cadera\/\" \/>\n<meta property=\"og:site_name\" content=\"Best Hip &amp; Knee Surgeon | NY, USA\" \/>\n<meta property=\"article:modified_time\" content=\"2023-02-16T16:33:55+00:00\" \/>\n<meta name=\"twitter:card\" content=\"summary_large_image\" \/>\n<meta name=\"twitter:label1\" content=\"Tiempo de lectura\" \/>\n\t<meta name=\"twitter:data1\" content=\"4 minutos\" \/>\n<script type=\"application\/ld+json\" class=\"yoast-schema-graph\">{\"@context\":\"https:\/\/schema.org\",\"@graph\":[{\"@type\":[\"WebPage\",\"MedicalWebPage\"],\"@id\":\"https:\/\/www.newyorkhipknee.com\/es\/contacto\/riverhead-mejor-cirujano-de-reemplazo-de-rodilla-y-cadera\/\",\"url\":\"https:\/\/www.newyorkhipknee.com\/es\/contacto\/riverhead-mejor-cirujano-de-reemplazo-de-rodilla-y-cadera\/\",\"name\":\"Riverhead Nueva York Cirujano Ortop\u00e9dico - Dr. Nakul V. Karkare, MD\",\"isPartOf\":{\"@id\":\"https:\/\/www.newyorkhipknee.com\/es\/#website\"},\"datePublished\":\"2015-10-27T03:14:18+00:00\",\"dateModified\":\"2023-02-16T16:33:55+00:00\",\"description\":\"Llame al Dr. Nakul Karkare al 516-735-4032. Tiene varias oficinas en Long Island, Nueva York. Este est\u00e1 en Riverhead, Nueva York.\",\"breadcrumb\":{\"@id\":\"https:\/\/www.newyorkhipknee.com\/es\/contacto\/riverhead-mejor-cirujano-de-reemplazo-de-rodilla-y-cadera\/#breadcrumb\"},\"inLanguage\":\"es\",\"potentialAction\":[{\"@type\":\"ReadAction\",\"target\":[\"https:\/\/www.newyorkhipknee.com\/es\/contacto\/riverhead-mejor-cirujano-de-reemplazo-de-rodilla-y-cadera\/\"]}]},{\"@type\":\"BreadcrumbList\",\"@id\":\"https:\/\/www.newyorkhipknee.com\/es\/contacto\/riverhead-mejor-cirujano-de-reemplazo-de-rodilla-y-cadera\/#breadcrumb\",\"itemListElement\":[{\"@type\":\"ListItem\",\"position\":1,\"name\":\"Home\",\"item\":\"https:\/\/www.newyorkhipknee.com\/es\/\"},{\"@type\":\"ListItem\",\"position\":2,\"name\":\"Contacto\",\"item\":\"https:\/\/www.newyorkhipknee.com\/es\/contacto\/\"},{\"@type\":\"ListItem\",\"position\":3,\"name\":\"Riverhead &#8211; Mejor Cirujano de Reemplazo de Rodilla y Cadera\"}]},{\"@type\":\"WebSite\",\"@id\":\"https:\/\/www.newyorkhipknee.com\/es\/#website\",\"url\":\"https:\/\/www.newyorkhipknee.com\/es\/\",\"name\":\"Best Hip & Knee Surgeon | NY, USA\",\"description\":\"\",\"potentialAction\":[{\"@type\":\"SearchAction\",\"target\":{\"@type\":\"EntryPoint\",\"urlTemplate\":\"https:\/\/www.newyorkhipknee.com\/es\/?s={search_term_string}\"},\"query-input\":{\"@type\":\"PropertyValueSpecification\",\"valueRequired\":true,\"valueName\":\"search_term_string\"}}],\"inLanguage\":\"es\"}]}<\/script>\n<!-- \/ Yoast SEO plugin. -->","yoast_head_json":{"title":"Riverhead Nueva York Cirujano Ortop\u00e9dico - Dr. Nakul V. Karkare, MD","description":"Llame al Dr. Nakul Karkare al 516-735-4032. Tiene varias oficinas en Long Island, Nueva York. Este est\u00e1 en Riverhead, Nueva York.","robots":{"index":"index","follow":"follow","max-snippet":"max-snippet:-1","max-image-preview":"max-image-preview:large","max-video-preview":"max-video-preview:-1"},"canonical":"https:\/\/www.newyorkhipknee.com\/es\/contacto\/riverhead-mejor-cirujano-de-reemplazo-de-rodilla-y-cadera\/","og_locale":"es_ES","og_type":"article","og_title":"Riverhead Nueva York Cirujano Ortop\u00e9dico - Dr. Nakul V. Karkare, MD","og_description":"Llame al Dr. Nakul Karkare al 516-735-4032. Tiene varias oficinas en Long Island, Nueva York. Este est\u00e1 en Riverhead, Nueva York.","og_url":"https:\/\/www.newyorkhipknee.com\/es\/contacto\/riverhead-mejor-cirujano-de-reemplazo-de-rodilla-y-cadera\/","og_site_name":"Best Hip &amp; Knee Surgeon | NY, USA","article_modified_time":"2023-02-16T16:33:55+00:00","twitter_card":"summary_large_image","twitter_misc":{"Tiempo de lectura":"4 minutos"},"schema":{"@context":"https:\/\/schema.org","@graph":[{"@type":["WebPage","MedicalWebPage"],"@id":"https:\/\/www.newyorkhipknee.com\/es\/contacto\/riverhead-mejor-cirujano-de-reemplazo-de-rodilla-y-cadera\/","url":"https:\/\/www.newyorkhipknee.com\/es\/contacto\/riverhead-mejor-cirujano-de-reemplazo-de-rodilla-y-cadera\/","name":"Riverhead Nueva York Cirujano Ortop\u00e9dico - Dr. Nakul V. Karkare, MD","isPartOf":{"@id":"https:\/\/www.newyorkhipknee.com\/es\/#website"},"datePublished":"2015-10-27T03:14:18+00:00","dateModified":"2023-02-16T16:33:55+00:00","description":"Llame al Dr. Nakul Karkare al 516-735-4032. Tiene varias oficinas en Long Island, Nueva York. Este est\u00e1 en Riverhead, Nueva York.","breadcrumb":{"@id":"https:\/\/www.newyorkhipknee.com\/es\/contacto\/riverhead-mejor-cirujano-de-reemplazo-de-rodilla-y-cadera\/#breadcrumb"},"inLanguage":"es","potentialAction":[{"@type":"ReadAction","target":["https:\/\/www.newyorkhipknee.com\/es\/contacto\/riverhead-mejor-cirujano-de-reemplazo-de-rodilla-y-cadera\/"]}]},{"@type":"BreadcrumbList","@id":"https:\/\/www.newyorkhipknee.com\/es\/contacto\/riverhead-mejor-cirujano-de-reemplazo-de-rodilla-y-cadera\/#breadcrumb","itemListElement":[{"@type":"ListItem","position":1,"name":"Home","item":"https:\/\/www.newyorkhipknee.com\/es\/"},{"@type":"ListItem","position":2,"name":"Contacto","item":"https:\/\/www.newyorkhipknee.com\/es\/contacto\/"},{"@type":"ListItem","position":3,"name":"Riverhead &#8211; Mejor Cirujano de Reemplazo de Rodilla y Cadera"}]},{"@type":"WebSite","@id":"https:\/\/www.newyorkhipknee.com\/es\/#website","url":"https:\/\/www.newyorkhipknee.com\/es\/","name":"Best Hip & Knee Surgeon | NY, USA","description":"","potentialAction":[{"@type":"SearchAction","target":{"@type":"EntryPoint","urlTemplate":"https:\/\/www.newyorkhipknee.com\/es\/?s={search_term_string}"},"query-input":{"@type":"PropertyValueSpecification","valueRequired":true,"valueName":"search_term_string"}}],"inLanguage":"es"}]}},"_links":{"self":[{"href":"https:\/\/www.newyorkhipknee.com\/es\/wp-json\/wp\/v2\/pages\/16545","targetHints":{"allow":["GET"]}}],"collection":[{"href":"https:\/\/www.newyorkhipknee.com\/es\/wp-json\/wp\/v2\/pages"}],"about":[{"href":"https:\/\/www.newyorkhipknee.com\/es\/wp-json\/wp\/v2\/types\/page"}],"author":[{"embeddable":true,"href":"https:\/\/www.newyorkhipknee.com\/es\/wp-json\/wp\/v2\/users\/4"}],"replies":[{"embeddable":true,"href":"https:\/\/www.newyorkhipknee.com\/es\/wp-json\/wp\/v2\/comments?post=16545"}],"version-history":[{"count":0,"href":"https:\/\/www.newyorkhipknee.com\/es\/wp-json\/wp\/v2\/pages\/16545\/revisions"}],"up":[{"embeddable":true,"href":"https:\/\/www.newyorkhipknee.com\/es\/wp-json\/wp\/v2\/pages\/16434"}],"wp:attachment":[{"href":"https:\/\/www.newyorkhipknee.com\/es\/wp-json\/wp\/v2\/media?parent=16545"}],"curies":[{"name":"wp","href":"https:\/\/api.w.org\/{rel}","templated":true}]}}