{"id":16546,"date":"2017-02-16T15:25:10","date_gmt":"2017-02-16T20:25:10","guid":{"rendered":"https:\/\/newyorkhipknee.com\/contacte-con-nosotros-en-el-516-735-4032\/stony-brook-mejor-cirujano-de-protesis-de-cadera-y-rodilla\/"},"modified":"2017-02-16T15:25:10","modified_gmt":"2017-02-16T20:25:10","slug":"stony-brook-mejor-cirujano-de-protesis-de-cadera-y-rodilla","status":"publish","type":"page","link":"https:\/\/www.newyorkhipknee.com\/es\/contacto\/stony-brook-mejor-cirujano-de-protesis-de-cadera-y-rodilla\/","title":{"rendered":"Stony Brook &#8211; Mejor cirujano de pr\u00f3tesis de cadera y rodilla"},"content":{"rendered":"<p><strong><a href=\"\/contact\/new-york-orthopedic-surgeon\/\">Stony Brook<\/a><\/strong><\/p>\n<hr>\n<p>2500 Nesconset Hwy. BLDG 10D<br \/>\nStony Brook, NY 11790<\/p>\n<h2><a href=\"https:\/\/bit.ly\/2kCeWmM\" target=\"_blank\" rel=\"noopener\">Haga clic aqu\u00ed para obtener indicaciones, o ll\u00e1menos por tel\u00e9fono si desea que se las enviemos por SMS.<\/a><\/h2>\n<hr>\n<div style=\"text-align: center;\"><iframe loading=\"lazy\" style=\"border: 0;\" src=\"https:\/\/www.google.com\/maps\/embed?pb=!1m23!1m12!1m3!1d96531.18647490269!2d-73.1858888196283!3d40.88066091622!2m3!1f0!2f0!3f0!3m2!1i1024!2i768!4f13.1!4m8!3e6!4m0!4m5!1s0x89e838ebeb5950d3%3A0x4e9bb82554cba23f!2sDr.+Nakul+V.+Karkare%2C+MD+2500+Nesconset+Hwy.+BLDG+10D+Stony+Brook!3m2!1d40.8806821!2d-73.1158489!5e0!3m2!1sen!2sus!4v1517618267991\" width=\"600\" height=\"450\" allowfullscreen=\"allowfullscreen\"><\/iframe><\/div>\n<p>Desde el este (Riverhead):<br \/>\n1. Empiece yendo hacia el oeste por Sanford Ave hacia Parsons Blvd.<br \/>\n2. Gire a la izquierda en Main St.<br \/>\n3. Main St est\u00e1 justo despu\u00e9s de Kissena Blvd<br \/>\n4. Tongs Cafe est\u00e1 en la esquina<br \/>\n5. Si llegas a Frame Pl, te habr\u00e1s pasado unos 0,1 kil\u00f3metros.<br \/>\n6. Gire a la izquierda hacia Horace Harding Expy.<br \/>\n7. Si llegas a la Avenida 62 has ido demasiado lejos<br \/>\n8. Incorp\u00f3rese a la I-495 E\/Long Island Expy E por la rampa de la izquierda en direcci\u00f3n Eastern L I.<br \/>\n9. Tome la salida Northern Parkway E, EXIT 42, hacia Hauppague.<br \/>\n10. Incorp\u00f3rate a Northern State Pkwy E.<br \/>\n11. Northern State Pkwy E se convierte en NY-347.<br \/>\n12. Gire en U en Lakeside Ave hacia NY-347\/Nesconset Hwy.<br \/>\n13. El destino est\u00e1 a su derecha (Stony Brook Medical Park)<br \/>\n14. Si llegas a Barker Dr has ido unos 0.1 millas demasiado lejos<\/p>\n<p>Desde el Oeste (Queens):<br \/>\n1. Empieza yendo hacia el sur por Division Ave hacia NY-24\/Hempstead Tpke.0.1 Millas<br \/>\n2. Gira a la derecha hacia NY-24\/Hempstead Tpke.0.6 Millas<br \/>\n3. Gire ligeramente a la derecha en la rampa.0.1 Millas<br \/>\n4. Incorp\u00f3rese a W S\/Wantagh State Pkwy.2.1 Miles<br \/>\n5. Tome la salida W4 E a la izquierda hacia Southern State Parkway East\/East Islip.0.4 Millas<br \/>\n6. Incorp\u00f3rese a SO E\/Southern State Pkwy.13.2 Miles<br \/>\n7. Tome SA N\/Sagtikos State Pkwy hacia Sunken Meadow Park.5.2 Millas<br \/>\n8. Tome la salida.0.3 Millas<br \/>\n9. Incorp\u00f3rese a N E\/Northern State Pkwy.2.1 Miles<br \/>\n10. N E\/Northern State Pkwy se convierte en NY-347\/NY-454.2.0 Millas<br \/>\n11. Gire ligeramente a la izquierda hacia NY-347\/Nesconset-Port Jefferson Hwy. Contin\u00fae siguiendo NY-347.6.6 Millas<br \/>\n12. Gira a la izquierda hacia Lakeside Ave.0.0 Millas<br \/>\n13. 13. Gira a la izquierda hacia NY-347\/Nesconset Hwy.0.0 Millas<\/p>\n<p>Desde el norte (Port Jefferson):<br \/>\n1. Empiece yendo hacia el sur por Main St\/NY-25A hacia Wynn Ln.<br \/>\n2. Sigue recto para incorporarte a Patchogue Rd\/NY-112.<br \/>\n3. Gire a la derecha hacia NY-347\/Nesconset Hwy.<br \/>\n4. NY-347 est\u00e1 a 0.1 millas pasando Reo Ave<br \/>\n5. Si est\u00e1s en NY-112 y llegas a Rose Ave te has pasado un poco<br \/>\n6. El destino estar\u00e1 a su derecha (Stony Brook Medical Park)<\/p>\n<p>Desde el Sur (Patchogue):<br \/>\n1. Empieza yendo hacia el oeste por W Main St hacia Havens Ave.<br \/>\n2. Tome la segunda a la derecha en County Hwy-19\/Holbrook Rd. Contin\u00fae por la County Hwy-19.<br \/>\n3. County Hwy-19 est\u00e1 a 0.1 millas pasando Railroad Ave.<br \/>\n4. Si llegas a la Avenida del R\u00edo has ido cerca de 0.2 millas demasiado lejos<br \/>\n5. Incorp\u00f3rese a County Hwy-97 N\/Nicolls Rd.<br \/>\n6. Gire a la izquierda hacia Nesconset Hwy\/NY-347.<br \/>\n7. Nesconset Hwy est\u00e1 a 0.2 millas pasado Pond Path<br \/>\n8. El destino estar\u00e1 a su derecha (Stony Brook Medical Park)<\/p>\n<h2>3 Instalaciones de radiolog\u00eda en la zona de Stonybrook:<\/h2>\n<p>Zwanger Pesiri<br \/>\nFax &#8211; 631-751-2051<br \/>\nN\u00famero de tel\u00e9fono &#8211; 631-444-5544<\/p>\n<p>Artes m\u00e9dicas<br \/>\nFax &#8211; 631-941-4215<br \/>\nN\u00famero de tel\u00e9fono &#8211; 631-689-7300<\/p>\n<p>Resonancia magn\u00e9tica de pie<br \/>\nFax &#8211; 631-444-5362<br \/>\nN\u00famero de tel\u00e9fono &#8211; 631-444-5361<\/p>\n","protected":false},"excerpt":{"rendered":"<p>Stony Brook 2500 Nesconset Hwy. BLDG 10D Stony Brook, NY 11790 Haga clic aqu\u00ed para obtener indicaciones, o ll\u00e1menos por tel\u00e9fono si desea que se las enviemos por SMS. Desde el este (Riverhead): 1. Empiece yendo hacia el oeste por Sanford Ave hacia Parsons Blvd. 2. Gire a la izquierda en Main St. 3. Main [&hellip;]<\/p>\n","protected":false},"author":1,"featured_media":0,"parent":16434,"menu_order":0,"comment_status":"closed","ping_status":"closed","template":"","meta":{"_et_pb_use_builder":"","_et_pb_old_content":"","_et_gb_content_width":"","footnotes":""},"class_list":["post-16546","page","type-page","status-publish","hentry"],"yoast_head":"<!-- This site is optimized with the Yoast SEO plugin v27.2 - https:\/\/yoast.com\/product\/yoast-seo-wordpress\/ -->\n<title>Mejor Cirujano de Reemplazo de Cadera Rodilla en Stony Brook | NYHK<\/title>\n<meta name=\"description\" content=\"Stony Brook 2500 Nesconset Hwy. BLDG 10D Stony Brook, NY 11790 Haga clic aqu\u00ed para obtener indicaciones, o ll\u00e1menos por tel\u00e9fono si desea que se las\" \/>\n<meta name=\"robots\" content=\"index, follow, max-snippet:-1, max-image-preview:large, max-video-preview:-1\" \/>\n<link rel=\"canonical\" href=\"https:\/\/www.newyorkhipknee.com\/es\/contacto\/stony-brook-mejor-cirujano-de-protesis-de-cadera-y-rodilla\/\" \/>\n<meta property=\"og:locale\" content=\"es_ES\" \/>\n<meta property=\"og:type\" content=\"article\" \/>\n<meta property=\"og:title\" content=\"Mejor Cirujano de Reemplazo de Cadera Rodilla en Stony Brook | NYHK\" \/>\n<meta property=\"og:description\" content=\"Stony Brook 2500 Nesconset Hwy. BLDG 10D Stony Brook, NY 11790 Haga clic aqu\u00ed para obtener indicaciones, o ll\u00e1menos por tel\u00e9fono si desea que se las\" \/>\n<meta property=\"og:url\" content=\"https:\/\/www.newyorkhipknee.com\/es\/contacto\/stony-brook-mejor-cirujano-de-protesis-de-cadera-y-rodilla\/\" \/>\n<meta property=\"og:site_name\" content=\"Best Hip &amp; Knee Surgeon | NY, USA\" \/>\n<meta name=\"twitter:card\" content=\"summary_large_image\" \/>\n<meta name=\"twitter:label1\" content=\"Tiempo de lectura\" \/>\n\t<meta name=\"twitter:data1\" content=\"3 minutos\" \/>\n<script type=\"application\/ld+json\" class=\"yoast-schema-graph\">{\"@context\":\"https:\/\/schema.org\",\"@graph\":[{\"@type\":[\"WebPage\",\"MedicalWebPage\"],\"@id\":\"https:\/\/www.newyorkhipknee.com\/es\/contacto\/stony-brook-mejor-cirujano-de-protesis-de-cadera-y-rodilla\/\",\"url\":\"https:\/\/www.newyorkhipknee.com\/es\/contacto\/stony-brook-mejor-cirujano-de-protesis-de-cadera-y-rodilla\/\",\"name\":\"Mejor Cirujano de Reemplazo de Cadera Rodilla en Stony Brook | NYHK\",\"isPartOf\":{\"@id\":\"https:\/\/www.newyorkhipknee.com\/es\/#website\"},\"datePublished\":\"2017-02-16T20:25:10+00:00\",\"description\":\"Stony Brook 2500 Nesconset Hwy. BLDG 10D Stony Brook, NY 11790 Haga clic aqu\u00ed para obtener indicaciones, o ll\u00e1menos por tel\u00e9fono si desea que se las\",\"breadcrumb\":{\"@id\":\"https:\/\/www.newyorkhipknee.com\/es\/contacto\/stony-brook-mejor-cirujano-de-protesis-de-cadera-y-rodilla\/#breadcrumb\"},\"inLanguage\":\"es\",\"potentialAction\":[{\"@type\":\"ReadAction\",\"target\":[\"https:\/\/www.newyorkhipknee.com\/es\/contacto\/stony-brook-mejor-cirujano-de-protesis-de-cadera-y-rodilla\/\"]}]},{\"@type\":\"BreadcrumbList\",\"@id\":\"https:\/\/www.newyorkhipknee.com\/es\/contacto\/stony-brook-mejor-cirujano-de-protesis-de-cadera-y-rodilla\/#breadcrumb\",\"itemListElement\":[{\"@type\":\"ListItem\",\"position\":1,\"name\":\"Home\",\"item\":\"https:\/\/www.newyorkhipknee.com\/es\/\"},{\"@type\":\"ListItem\",\"position\":2,\"name\":\"Contacto\",\"item\":\"https:\/\/www.newyorkhipknee.com\/es\/contacto\/\"},{\"@type\":\"ListItem\",\"position\":3,\"name\":\"Stony Brook &#8211; Mejor cirujano de pr\u00f3tesis de cadera y rodilla\"}]},{\"@type\":\"WebSite\",\"@id\":\"https:\/\/www.newyorkhipknee.com\/es\/#website\",\"url\":\"https:\/\/www.newyorkhipknee.com\/es\/\",\"name\":\"Best Hip & Knee Surgeon | NY, USA\",\"description\":\"\",\"potentialAction\":[{\"@type\":\"SearchAction\",\"target\":{\"@type\":\"EntryPoint\",\"urlTemplate\":\"https:\/\/www.newyorkhipknee.com\/es\/?s={search_term_string}\"},\"query-input\":{\"@type\":\"PropertyValueSpecification\",\"valueRequired\":true,\"valueName\":\"search_term_string\"}}],\"inLanguage\":\"es\"}]}<\/script>\n<!-- \/ Yoast SEO plugin. -->","yoast_head_json":{"title":"Mejor Cirujano de Reemplazo de Cadera Rodilla en Stony Brook | NYHK","description":"Stony Brook 2500 Nesconset Hwy. BLDG 10D Stony Brook, NY 11790 Haga clic aqu\u00ed para obtener indicaciones, o ll\u00e1menos por tel\u00e9fono si desea que se las","robots":{"index":"index","follow":"follow","max-snippet":"max-snippet:-1","max-image-preview":"max-image-preview:large","max-video-preview":"max-video-preview:-1"},"canonical":"https:\/\/www.newyorkhipknee.com\/es\/contacto\/stony-brook-mejor-cirujano-de-protesis-de-cadera-y-rodilla\/","og_locale":"es_ES","og_type":"article","og_title":"Mejor Cirujano de Reemplazo de Cadera Rodilla en Stony Brook | NYHK","og_description":"Stony Brook 2500 Nesconset Hwy. BLDG 10D Stony Brook, NY 11790 Haga clic aqu\u00ed para obtener indicaciones, o ll\u00e1menos por tel\u00e9fono si desea que se las","og_url":"https:\/\/www.newyorkhipknee.com\/es\/contacto\/stony-brook-mejor-cirujano-de-protesis-de-cadera-y-rodilla\/","og_site_name":"Best Hip &amp; Knee Surgeon | NY, USA","twitter_card":"summary_large_image","twitter_misc":{"Tiempo de lectura":"3 minutos"},"schema":{"@context":"https:\/\/schema.org","@graph":[{"@type":["WebPage","MedicalWebPage"],"@id":"https:\/\/www.newyorkhipknee.com\/es\/contacto\/stony-brook-mejor-cirujano-de-protesis-de-cadera-y-rodilla\/","url":"https:\/\/www.newyorkhipknee.com\/es\/contacto\/stony-brook-mejor-cirujano-de-protesis-de-cadera-y-rodilla\/","name":"Mejor Cirujano de Reemplazo de Cadera Rodilla en Stony Brook | NYHK","isPartOf":{"@id":"https:\/\/www.newyorkhipknee.com\/es\/#website"},"datePublished":"2017-02-16T20:25:10+00:00","description":"Stony Brook 2500 Nesconset Hwy. BLDG 10D Stony Brook, NY 11790 Haga clic aqu\u00ed para obtener indicaciones, o ll\u00e1menos por tel\u00e9fono si desea que se las","breadcrumb":{"@id":"https:\/\/www.newyorkhipknee.com\/es\/contacto\/stony-brook-mejor-cirujano-de-protesis-de-cadera-y-rodilla\/#breadcrumb"},"inLanguage":"es","potentialAction":[{"@type":"ReadAction","target":["https:\/\/www.newyorkhipknee.com\/es\/contacto\/stony-brook-mejor-cirujano-de-protesis-de-cadera-y-rodilla\/"]}]},{"@type":"BreadcrumbList","@id":"https:\/\/www.newyorkhipknee.com\/es\/contacto\/stony-brook-mejor-cirujano-de-protesis-de-cadera-y-rodilla\/#breadcrumb","itemListElement":[{"@type":"ListItem","position":1,"name":"Home","item":"https:\/\/www.newyorkhipknee.com\/es\/"},{"@type":"ListItem","position":2,"name":"Contacto","item":"https:\/\/www.newyorkhipknee.com\/es\/contacto\/"},{"@type":"ListItem","position":3,"name":"Stony Brook &#8211; Mejor cirujano de pr\u00f3tesis de cadera y rodilla"}]},{"@type":"WebSite","@id":"https:\/\/www.newyorkhipknee.com\/es\/#website","url":"https:\/\/www.newyorkhipknee.com\/es\/","name":"Best Hip & Knee Surgeon | NY, USA","description":"","potentialAction":[{"@type":"SearchAction","target":{"@type":"EntryPoint","urlTemplate":"https:\/\/www.newyorkhipknee.com\/es\/?s={search_term_string}"},"query-input":{"@type":"PropertyValueSpecification","valueRequired":true,"valueName":"search_term_string"}}],"inLanguage":"es"}]}},"_links":{"self":[{"href":"https:\/\/www.newyorkhipknee.com\/es\/wp-json\/wp\/v2\/pages\/16546","targetHints":{"allow":["GET"]}}],"collection":[{"href":"https:\/\/www.newyorkhipknee.com\/es\/wp-json\/wp\/v2\/pages"}],"about":[{"href":"https:\/\/www.newyorkhipknee.com\/es\/wp-json\/wp\/v2\/types\/page"}],"author":[{"embeddable":true,"href":"https:\/\/www.newyorkhipknee.com\/es\/wp-json\/wp\/v2\/users\/1"}],"replies":[{"embeddable":true,"href":"https:\/\/www.newyorkhipknee.com\/es\/wp-json\/wp\/v2\/comments?post=16546"}],"version-history":[{"count":0,"href":"https:\/\/www.newyorkhipknee.com\/es\/wp-json\/wp\/v2\/pages\/16546\/revisions"}],"up":[{"embeddable":true,"href":"https:\/\/www.newyorkhipknee.com\/es\/wp-json\/wp\/v2\/pages\/16434"}],"wp:attachment":[{"href":"https:\/\/www.newyorkhipknee.com\/es\/wp-json\/wp\/v2\/media?parent=16546"}],"curies":[{"name":"wp","href":"https:\/\/api.w.org\/{rel}","templated":true}]}}