{"id":16548,"date":"2021-11-16T11:31:15","date_gmt":"2021-11-16T16:31:15","guid":{"rendered":"https:\/\/newyorkhipknee.com\/protesis-de-rodilla-a-medida\/crepitacion-de-la-rodilla-cuando-es-grave\/"},"modified":"2024-06-10T15:35:01","modified_gmt":"2024-06-10T19:35:01","slug":"crepitacion-de-la-rodilla-cuando-es-grave","status":"publish","type":"page","link":"https:\/\/www.newyorkhipknee.com\/es\/protesis-de-rodilla-a-medida\/crepitacion-de-la-rodilla-cuando-es-grave\/","title":{"rendered":"Crepitaci\u00f3n de la rodilla: \u00bfcu\u00e1ndo es grave?"},"content":{"rendered":"<p>Muchas personas se quejan de crepitaciones en la articulaci\u00f3n de la rodilla, pero la mayor\u00eda de las veces son inofensivas. El sonido de \u00abcrujido\u00bb o \u00abcrujido\u00bb suele producirse al ponerse de pie o realizar alg\u00fan tipo de ejercicio. Este ruido se asocia a emociones negativas, miedo equivocado, creencias inexactas sobre la salud e incluso ha provocado alteraciones en el comportamiento mental y f\u00edsico.<\/p>\n<p>Clasifico el crepitar de la rodilla en dos categor\u00edas-<\/p>\n<ol>\n<li>Crepitaci\u00f3n tras una <a href=\"https:\/\/newyorkhipknee.com\/es\/protesis-de-rodilla-a-medida\/cirugia-de-protesis-total-de-rodilla\/\">pr\u00f3tesis total de rodilla<\/a><\/li>\n<li>Crepitaci\u00f3n en la rodilla nativa<\/li>\n<\/ol>\n<h2>Crepitaci\u00f3n tras una pr\u00f3tesis total de rodilla<\/h2>\n<p>El crepitus postoperatorio es bastante frecuente tras una operaci\u00f3n de pr\u00f3tesis de rodilla en la articulaci\u00f3n de la rodilla. Se considera que este tipo de crepitaci\u00f3n es autolimitada y benigna, y no suele ser necesaria ninguna intervenci\u00f3n. El ruido procede de dos superficies artificiales que se tocan. Sin embargo, si el crepitante se asocia con dolor, puede ser una indicaci\u00f3n para un desbridamiento menor de la articulaci\u00f3n para eliminar cualquier resto. La necesidad de intervenci\u00f3n quir\u00fargica para eliminar restos tras una operaci\u00f3n de pr\u00f3tesis de rodilla es extremadamente rara.<\/p>\n<p><a href=\"https:\/\/newyorkhipknee.com\/es\/protesis-de-rodilla-a-medida\/prevencion-de-nuevas-lesiones-de-rodilla-tras-la-cirugia-nuevas-directrices\/\"><strong>\u00bfSe puede hacer algo para evitar el crepitus despu\u00e9s de una operaci\u00f3n de pr\u00f3tesis de rodilla?<\/strong><\/a><\/p>\n<p>La incidencia de crepitaci\u00f3n depende del dise\u00f1o del componente femoral. Los dise\u00f1os modernos de rodilla total con una caja intercondilar m\u00e1s lisa se asocian a una disminuci\u00f3n del crepitus. Estos dise\u00f1os tambi\u00e9n reducen el dolor anterior de rodilla y son especialmente \u00fatiles en pacientes en los que no se puede sustituir la superficie inferior de la r\u00f3tula. Tambi\u00e9n se produce una reducci\u00f3n de la flexi\u00f3n de la rodilla durante el ascenso de escaleras si hay crepitaci\u00f3n despu\u00e9s de una operaci\u00f3n de pr\u00f3tesis de rodilla. Adem\u00e1s, me preocupa el desgaste en presencia de crepitaci\u00f3n, pero los estudios a\u00fan no han demostrado desgaste y deterioro en los resultados a largo plazo.<\/p>\n<p>Los dise\u00f1os de rodilla modernos, como <a href=\"https:\/\/newyorkhipknee.com\/es\/protesis-de-rodilla-a-medida\/\">las pr\u00f3tesis de rodilla a medida<\/a>, pueden ser una buena opci\u00f3n para muchos hombres y mujeres, pero no son para todo el mundo. Los pacientes con deformidades graves, laxitud ligamentosa, cirug\u00eda reconstructiva previa, etc. no son candidatos a una pr\u00f3tesis de rodilla a medida.<\/p>\n<p>Adem\u00e1s, se puede utilizar un repertorio de t\u00e9cnicas intraoperatorias para disminuir el riesgo de crepitaci\u00f3n postoperatoria.<\/p>\n<h2>Crepitaci\u00f3n en la rodilla nativa<\/h2>\n<p>El crepitante en la articulaci\u00f3n de la rodilla puede aparecer en personas de todas las edades, pero tiende a ser m\u00e1s frecuente con la edad avanzada. El sonido puede ser fuerte o suave <em>, pero esto no es indicativo del grado de patolog\u00eda.<\/em><\/p>\n<p><strong>\u00bfSignifica el crepitante algo inquietante en la articulaci\u00f3n de la rodilla nativa?<\/strong><\/p>\n<p>El crepitus es inofensivo si no causa dolor. El crepitus de rodilla no se asocia a una fuerza deficiente o a una funci\u00f3n inferior de la rodilla. Sin embargo, si el crepitante est\u00e1 asociado a una lesi\u00f3n, o si hay dolor o hinchaz\u00f3n de rodilla asociados, es necesario realizar m\u00e1s investigaciones.<\/p>\n<p><strong>\u00bfCu\u00e1les son las causas del crepitus?<\/strong><\/p>\n<p>Existe la teor\u00eda de que los chasquidos se producen porque las burbujas de aire atraviesan los tejidos blandos y se abren paso por la articulaci\u00f3n de la rodilla. Estas burbujas de aire se mezclan con el l\u00edquido sinovial y, cuando se dobla la rodilla, las burbujas estallan y se oye un crujido. Aunque el chasquido puede ser fuerte, suele ser inofensivo.<\/p>\n<p>Sin embargo, tambi\u00e9n se sabe que el crepitus se produce cuando el cart\u00edlago roza la superficie articular cuando la articulaci\u00f3n de la rodilla est\u00e1 en movimiento. Esto suele ocurrir cuando el cart\u00edlago es fino y est\u00e1 desgastado. En este caso, puede ser necesaria la atenci\u00f3n m\u00e9dica.<\/p>\n<p>Si el crepitante se asocia a dolor o la articulaci\u00f3n de la rodilla se traba, puede deberse a una rotura del menisco, a tejido cicatricial o a un tend\u00f3n que pasa por encima de un fragmento \u00f3seo protuberante. La inflamaci\u00f3n y el dolor de la articulaci\u00f3n de la rodilla con crepitaci\u00f3n pueden ser indicativos de artrosis, s\u00edndrome de dolor patelofemoral o rotura del cart\u00edlago. En estos casos, el crepitante puede aparecer al subir una escalera o al permanecer sentado durante un tiempo prolongado con las rodillas cruzadas.<\/p>\n<p>En pacientes con artritis preexistente en la radiolog\u00eda, el crepitus predijo artritis sintom\u00e1tica en el futuro. Por tanto, creo que el crepitus ofrece una oportunidad para identificar a las personas de riesgo. La elaboraci\u00f3n de modelos predictivos a partir del crepitus, con los hallazgos radiol\u00f3gicos y el seguimiento longitudinal de los individuos que se someten a pr\u00f3tesis de rodilla m\u00e1s adelante en la vida es una v\u00eda para futuras investigaciones.<\/p>\n<p><strong>\u00bfNecesito una pr\u00f3tesis de rodilla para el crepitus?<\/strong><\/p>\n<p>Si no tiene dolor, es probable que no tenga ning\u00fan otro problema en las rodillas aparte del crepitus. Si no siente dolor, probablemente no sea candidato a una <a href=\"https:\/\/newyorkhipknee.com\/es\/protesis-de-rodilla-a-medida\/cirugia-de-protesis-total-de-rodilla\/\">operaci\u00f3n de pr\u00f3tesis de<\/a> rodilla.<\/p>\n<p><strong>\u00bfC\u00f3mo se protegen las rodillas?<\/strong><\/p>\n<p>Los cirujanos ortop\u00e9dicos afirman que la mejor forma de proteger la rodilla es calentar antes del ejercicio. Al fortalecer el cu\u00e1driceps, se puede disminuir la carga sobre la articulaci\u00f3n femororrotuliana y tambi\u00e9n reducir el riesgo de erosi\u00f3n del cart\u00edlago. Otros medios para proteger la rodilla son los estiramientos y el uso de calzado adecuado. Tambi\u00e9n es importante mantener un peso saludable para disminuir la tensi\u00f3n en la articulaci\u00f3n de la rodilla.<\/p>\n<p><strong>Si se produce crepitaci\u00f3n durante el ejercicio, se debe<\/strong>:<\/p>\n<p>&#8211; No parar, sino modificar el ejercicio<\/p>\n<p>&#8211; Evitar correr en cuestas o pendientes<\/p>\n<p>&#8211; Al pedalear, mantenga la tensi\u00f3n en los pedales<\/p>\n<p>&#8211; Si utiliza los cu\u00e1driceps para levantar pesos, utilice pesos ligeros y aumente la frecuencia<\/p>\n<div class=\"et_pb_module et_pb_text et_pb_text_1 et_pb_text_align_left et_pb_bg_layout_light nitro-offscreen\">\n<div class=\"et_pb_text_inner\">\n<h2>\u00bfPuede ayudar una pr\u00f3tesis de rodilla?<\/h2>\n<div id=\"attachment_3774\" style=\"width: 235px\" class=\"wp-caption alignright\"><img loading=\"lazy\" decoding=\"async\" aria-describedby=\"caption-attachment-3774\" class=\"size-medium wp-image-3774\" title=\"Dr. Nakul Karkare\" src=\"https:\/\/newyorkhipknee.com\/wp-content\/uploads\/2016\/11\/Dr-K-rectangle-b-225x300.jpg\" alt=\"Dr. Nakul Karkare\" width=\"225\" height=\"300\" srcset=\"https:\/\/www.newyorkhipknee.com\/wp-content\/uploads\/2016\/11\/Dr-K-rectangle-b-225x300.jpg 225w, https:\/\/www.newyorkhipknee.com\/wp-content\/uploads\/2016\/11\/Dr-K-rectangle-b-113x150.jpg 113w, https:\/\/www.newyorkhipknee.com\/wp-content\/uploads\/2016\/11\/Dr-K-rectangle-b.jpg 300w\" sizes=\"(max-width: 225px) 100vw, 225px\" \/><p id=\"caption-attachment-3774\" class=\"wp-caption-text\">Dr. Nakul KarkareSi<\/p><\/div>\n<p>no hay nada m\u00e1s mal con sus rodillas adem\u00e1s de Crepitus entonces usted probablemente no debe someterse a <a href=\"https:\/\/newyorkhipknee.com\/es\/protesis-de-rodilla-a-medida\/cirugia-de-protesis-total-de-rodilla\/\">una cirug\u00eda de reemplazo de rodilla<\/a>. <a href=\"https:\/\/newyorkhipknee.com\/es\/protesis-de-rodilla-a-medida\/\">Las pr\u00f3tesis de rodilla a medida<\/a> pueden ser una buena opci\u00f3n para muchos hombres y mujeres, pero no son para todos.<\/p>\n<p>En general, los implantes a medida no son ideales para pacientes que se han sometido a una operaci\u00f3n de rodilla previa o que tienen ligamentos lesionados.<\/p>\n<p>Los pacientes que no pueden someterse a un TAC tampoco son buenos candidatos para las pr\u00f3tesis de rodilla a medida.<\/p>\n<\/div>\n<\/div>\n","protected":false},"excerpt":{"rendered":"<p>Muchas personas se quejan de crepitaciones en la articulaci\u00f3n de la rodilla, pero la mayor\u00eda de las veces son inofensivas. El sonido de \u00abcrujido\u00bb o \u00abcrujido\u00bb suele producirse al ponerse de pie o realizar alg\u00fan tipo de ejercicio. Este ruido se asocia a emociones negativas, miedo equivocado, creencias inexactas sobre la salud e incluso ha [&hellip;]<\/p>\n","protected":false},"author":1,"featured_media":0,"parent":16433,"menu_order":0,"comment_status":"closed","ping_status":"closed","template":"","meta":{"_et_pb_use_builder":"off","_et_pb_old_content":"","_et_gb_content_width":"","footnotes":""},"class_list":["post-16548","page","type-page","status-publish","hentry"],"yoast_head":"<!-- This site is optimized with the Yoast SEO plugin v27.2 - https:\/\/yoast.com\/product\/yoast-seo-wordpress\/ -->\n<title>Crepitaci\u00f3n de la rodilla: \u00bfcu\u00e1ndo es grave?<\/title>\n<meta name=\"description\" content=\"Muchas personas se quejan de crepitaciones en la articulaci\u00f3n de la rodilla, pero la mayor\u00eda de las veces son inofensivas. El sonido de &quot;crujido&quot; o\" \/>\n<meta name=\"robots\" content=\"index, follow, max-snippet:-1, max-image-preview:large, max-video-preview:-1\" \/>\n<link rel=\"canonical\" href=\"https:\/\/www.newyorkhipknee.com\/es\/protesis-de-rodilla-a-medida\/crepitacion-de-la-rodilla-cuando-es-grave\/\" \/>\n<meta property=\"og:locale\" content=\"es_ES\" \/>\n<meta property=\"og:type\" content=\"article\" \/>\n<meta property=\"og:title\" content=\"Crepitaci\u00f3n de la rodilla: \u00bfcu\u00e1ndo es grave?\" \/>\n<meta property=\"og:description\" content=\"Muchas personas se quejan de crepitaciones en la articulaci\u00f3n de la rodilla, pero la mayor\u00eda de las veces son inofensivas. El sonido de &quot;crujido&quot; o\" \/>\n<meta property=\"og:url\" content=\"https:\/\/www.newyorkhipknee.com\/es\/protesis-de-rodilla-a-medida\/crepitacion-de-la-rodilla-cuando-es-grave\/\" \/>\n<meta property=\"og:site_name\" content=\"Best Hip &amp; Knee Surgeon | NY, USA\" \/>\n<meta property=\"article:modified_time\" content=\"2024-06-10T19:35:01+00:00\" \/>\n<meta property=\"og:image\" content=\"https:\/\/newyorkhipknee.com\/wp-content\/uploads\/2016\/11\/Dr-K-rectangle-b-225x300.jpg\" \/>\n<meta name=\"twitter:card\" content=\"summary_large_image\" \/>\n<meta name=\"twitter:label1\" content=\"Tiempo de lectura\" \/>\n\t<meta name=\"twitter:data1\" content=\"5 minutos\" \/>\n<script type=\"application\/ld+json\" class=\"yoast-schema-graph\">{\"@context\":\"https:\/\/schema.org\",\"@graph\":[{\"@type\":[\"WebPage\",\"MedicalWebPage\"],\"@id\":\"https:\/\/www.newyorkhipknee.com\/es\/protesis-de-rodilla-a-medida\/crepitacion-de-la-rodilla-cuando-es-grave\/\",\"url\":\"https:\/\/www.newyorkhipknee.com\/es\/protesis-de-rodilla-a-medida\/crepitacion-de-la-rodilla-cuando-es-grave\/\",\"name\":\"Crepitaci\u00f3n de la rodilla: \u00bfcu\u00e1ndo es grave?\",\"isPartOf\":{\"@id\":\"https:\/\/www.newyorkhipknee.com\/es\/#website\"},\"primaryImageOfPage\":{\"@id\":\"https:\/\/www.newyorkhipknee.com\/es\/protesis-de-rodilla-a-medida\/crepitacion-de-la-rodilla-cuando-es-grave\/#primaryimage\"},\"image\":{\"@id\":\"https:\/\/www.newyorkhipknee.com\/es\/protesis-de-rodilla-a-medida\/crepitacion-de-la-rodilla-cuando-es-grave\/#primaryimage\"},\"thumbnailUrl\":\"https:\/\/newyorkhipknee.com\/wp-content\/uploads\/2016\/11\/Dr-K-rectangle-b-225x300.jpg\",\"datePublished\":\"2021-11-16T16:31:15+00:00\",\"dateModified\":\"2024-06-10T19:35:01+00:00\",\"description\":\"Muchas personas se quejan de crepitaciones en la articulaci\u00f3n de la rodilla, pero la mayor\u00eda de las veces son inofensivas. El sonido de \\\"crujido\\\" o\",\"breadcrumb\":{\"@id\":\"https:\/\/www.newyorkhipknee.com\/es\/protesis-de-rodilla-a-medida\/crepitacion-de-la-rodilla-cuando-es-grave\/#breadcrumb\"},\"inLanguage\":\"es\",\"potentialAction\":[{\"@type\":\"ReadAction\",\"target\":[\"https:\/\/www.newyorkhipknee.com\/es\/protesis-de-rodilla-a-medida\/crepitacion-de-la-rodilla-cuando-es-grave\/\"]}]},{\"@type\":\"ImageObject\",\"inLanguage\":\"es\",\"@id\":\"https:\/\/www.newyorkhipknee.com\/es\/protesis-de-rodilla-a-medida\/crepitacion-de-la-rodilla-cuando-es-grave\/#primaryimage\",\"url\":\"https:\/\/newyorkhipknee.com\/wp-content\/uploads\/2016\/11\/Dr-K-rectangle-b-225x300.jpg\",\"contentUrl\":\"https:\/\/newyorkhipknee.com\/wp-content\/uploads\/2016\/11\/Dr-K-rectangle-b-225x300.jpg\"},{\"@type\":\"BreadcrumbList\",\"@id\":\"https:\/\/www.newyorkhipknee.com\/es\/protesis-de-rodilla-a-medida\/crepitacion-de-la-rodilla-cuando-es-grave\/#breadcrumb\",\"itemListElement\":[{\"@type\":\"ListItem\",\"position\":1,\"name\":\"Home\",\"item\":\"https:\/\/www.newyorkhipknee.com\/es\/\"},{\"@type\":\"ListItem\",\"position\":2,\"name\":\"Pr\u00f3tesis de rodilla a medida\",\"item\":\"https:\/\/www.newyorkhipknee.com\/es\/protesis-de-rodilla-a-medida\/\"},{\"@type\":\"ListItem\",\"position\":3,\"name\":\"Crepitaci\u00f3n de la rodilla: \u00bfcu\u00e1ndo es grave?\"}]},{\"@type\":\"WebSite\",\"@id\":\"https:\/\/www.newyorkhipknee.com\/es\/#website\",\"url\":\"https:\/\/www.newyorkhipknee.com\/es\/\",\"name\":\"Best Hip & Knee Surgeon | NY, USA\",\"description\":\"\",\"potentialAction\":[{\"@type\":\"SearchAction\",\"target\":{\"@type\":\"EntryPoint\",\"urlTemplate\":\"https:\/\/www.newyorkhipknee.com\/es\/?s={search_term_string}\"},\"query-input\":{\"@type\":\"PropertyValueSpecification\",\"valueRequired\":true,\"valueName\":\"search_term_string\"}}],\"inLanguage\":\"es\"}]}<\/script>\n<!-- \/ Yoast SEO plugin. -->","yoast_head_json":{"title":"Crepitaci\u00f3n de la rodilla: \u00bfcu\u00e1ndo es grave?","description":"Muchas personas se quejan de crepitaciones en la articulaci\u00f3n de la rodilla, pero la mayor\u00eda de las veces son inofensivas. El sonido de \"crujido\" o","robots":{"index":"index","follow":"follow","max-snippet":"max-snippet:-1","max-image-preview":"max-image-preview:large","max-video-preview":"max-video-preview:-1"},"canonical":"https:\/\/www.newyorkhipknee.com\/es\/protesis-de-rodilla-a-medida\/crepitacion-de-la-rodilla-cuando-es-grave\/","og_locale":"es_ES","og_type":"article","og_title":"Crepitaci\u00f3n de la rodilla: \u00bfcu\u00e1ndo es grave?","og_description":"Muchas personas se quejan de crepitaciones en la articulaci\u00f3n de la rodilla, pero la mayor\u00eda de las veces son inofensivas. El sonido de \"crujido\" o","og_url":"https:\/\/www.newyorkhipknee.com\/es\/protesis-de-rodilla-a-medida\/crepitacion-de-la-rodilla-cuando-es-grave\/","og_site_name":"Best Hip &amp; Knee Surgeon | NY, USA","article_modified_time":"2024-06-10T19:35:01+00:00","og_image":[{"url":"https:\/\/newyorkhipknee.com\/wp-content\/uploads\/2016\/11\/Dr-K-rectangle-b-225x300.jpg","type":"","width":"","height":""}],"twitter_card":"summary_large_image","twitter_misc":{"Tiempo de lectura":"5 minutos"},"schema":{"@context":"https:\/\/schema.org","@graph":[{"@type":["WebPage","MedicalWebPage"],"@id":"https:\/\/www.newyorkhipknee.com\/es\/protesis-de-rodilla-a-medida\/crepitacion-de-la-rodilla-cuando-es-grave\/","url":"https:\/\/www.newyorkhipknee.com\/es\/protesis-de-rodilla-a-medida\/crepitacion-de-la-rodilla-cuando-es-grave\/","name":"Crepitaci\u00f3n de la rodilla: \u00bfcu\u00e1ndo es grave?","isPartOf":{"@id":"https:\/\/www.newyorkhipknee.com\/es\/#website"},"primaryImageOfPage":{"@id":"https:\/\/www.newyorkhipknee.com\/es\/protesis-de-rodilla-a-medida\/crepitacion-de-la-rodilla-cuando-es-grave\/#primaryimage"},"image":{"@id":"https:\/\/www.newyorkhipknee.com\/es\/protesis-de-rodilla-a-medida\/crepitacion-de-la-rodilla-cuando-es-grave\/#primaryimage"},"thumbnailUrl":"https:\/\/newyorkhipknee.com\/wp-content\/uploads\/2016\/11\/Dr-K-rectangle-b-225x300.jpg","datePublished":"2021-11-16T16:31:15+00:00","dateModified":"2024-06-10T19:35:01+00:00","description":"Muchas personas se quejan de crepitaciones en la articulaci\u00f3n de la rodilla, pero la mayor\u00eda de las veces son inofensivas. El sonido de \"crujido\" o","breadcrumb":{"@id":"https:\/\/www.newyorkhipknee.com\/es\/protesis-de-rodilla-a-medida\/crepitacion-de-la-rodilla-cuando-es-grave\/#breadcrumb"},"inLanguage":"es","potentialAction":[{"@type":"ReadAction","target":["https:\/\/www.newyorkhipknee.com\/es\/protesis-de-rodilla-a-medida\/crepitacion-de-la-rodilla-cuando-es-grave\/"]}]},{"@type":"ImageObject","inLanguage":"es","@id":"https:\/\/www.newyorkhipknee.com\/es\/protesis-de-rodilla-a-medida\/crepitacion-de-la-rodilla-cuando-es-grave\/#primaryimage","url":"https:\/\/newyorkhipknee.com\/wp-content\/uploads\/2016\/11\/Dr-K-rectangle-b-225x300.jpg","contentUrl":"https:\/\/newyorkhipknee.com\/wp-content\/uploads\/2016\/11\/Dr-K-rectangle-b-225x300.jpg"},{"@type":"BreadcrumbList","@id":"https:\/\/www.newyorkhipknee.com\/es\/protesis-de-rodilla-a-medida\/crepitacion-de-la-rodilla-cuando-es-grave\/#breadcrumb","itemListElement":[{"@type":"ListItem","position":1,"name":"Home","item":"https:\/\/www.newyorkhipknee.com\/es\/"},{"@type":"ListItem","position":2,"name":"Pr\u00f3tesis de rodilla a medida","item":"https:\/\/www.newyorkhipknee.com\/es\/protesis-de-rodilla-a-medida\/"},{"@type":"ListItem","position":3,"name":"Crepitaci\u00f3n de la rodilla: \u00bfcu\u00e1ndo es grave?"}]},{"@type":"WebSite","@id":"https:\/\/www.newyorkhipknee.com\/es\/#website","url":"https:\/\/www.newyorkhipknee.com\/es\/","name":"Best Hip & Knee Surgeon | NY, USA","description":"","potentialAction":[{"@type":"SearchAction","target":{"@type":"EntryPoint","urlTemplate":"https:\/\/www.newyorkhipknee.com\/es\/?s={search_term_string}"},"query-input":{"@type":"PropertyValueSpecification","valueRequired":true,"valueName":"search_term_string"}}],"inLanguage":"es"}]}},"_links":{"self":[{"href":"https:\/\/www.newyorkhipknee.com\/es\/wp-json\/wp\/v2\/pages\/16548","targetHints":{"allow":["GET"]}}],"collection":[{"href":"https:\/\/www.newyorkhipknee.com\/es\/wp-json\/wp\/v2\/pages"}],"about":[{"href":"https:\/\/www.newyorkhipknee.com\/es\/wp-json\/wp\/v2\/types\/page"}],"author":[{"embeddable":true,"href":"https:\/\/www.newyorkhipknee.com\/es\/wp-json\/wp\/v2\/users\/1"}],"replies":[{"embeddable":true,"href":"https:\/\/www.newyorkhipknee.com\/es\/wp-json\/wp\/v2\/comments?post=16548"}],"version-history":[{"count":0,"href":"https:\/\/www.newyorkhipknee.com\/es\/wp-json\/wp\/v2\/pages\/16548\/revisions"}],"up":[{"embeddable":true,"href":"https:\/\/www.newyorkhipknee.com\/es\/wp-json\/wp\/v2\/pages\/16433"}],"wp:attachment":[{"href":"https:\/\/www.newyorkhipknee.com\/es\/wp-json\/wp\/v2\/media?parent=16548"}],"curies":[{"name":"wp","href":"https:\/\/api.w.org\/{rel}","templated":true}]}}