{"id":16550,"date":"2014-12-09T05:44:30","date_gmt":"2014-12-09T10:44:30","guid":{"rendered":"https:\/\/newyorkhipknee.com\/protesis-de-rodilla-a-medida\/reconstruccion-parcial-de-rodilla-makoplasty\/"},"modified":"2023-02-16T12:14:43","modified_gmt":"2023-02-16T17:14:43","slug":"reconstruccion-parcial-de-rodilla-makoplasty","status":"publish","type":"page","link":"https:\/\/www.newyorkhipknee.com\/es\/protesis-de-rodilla-a-medida\/reconstruccion-parcial-de-rodilla-makoplasty\/","title":{"rendered":"Reconstrucci\u00f3n parcial de rodilla MAKOplasty"},"content":{"rendered":"<p>El Dr. Nakul Karkare ofrece el procedimiento MAKOplasty para el rejuvenecimiento de la rodilla a aquellas personas que padecen enfermedades degenerativas de rodilla u osteoartritis de rodilla.<\/p>\n<p>Desarrollada por la Mako Surgical Corporation, la MAKOplastia es la opci\u00f3n l\u00edder de los procedimientos quir\u00fargicos utilizados para la artroplastia total de cadera o parcial de rodilla y utiliza el sistema RIO o Brazo Rob\u00f3tico Ortop\u00e9dico Interactivo.<\/p>\n<p>Autorizado por la FDA, RIO es el procedimiento utilizado en intervenciones quir\u00fargicas de cadera y rodilla en las que la cirug\u00eda esterotactica es apropiada y las estructuras \u00f3seas anat\u00f3micas r\u00edgidas pueden identificarse mediante esc\u00e1neres de tomograf\u00eda computarizada y modelos de anatom\u00eda basados en tomograf\u00eda computarizada.<\/p>\n<p>A diferencia de la artroplastia total de rodilla, un procedimiento m\u00e1s invasivo que sustituye toda la articulaci\u00f3n de la rodilla, la MAKOplastia es menos invasiva y permite al cirujano y a su equipo centrarse \u00fanicamente en la parte da\u00f1ada de la rodilla del paciente.<\/p>\n<p>Esto no da\u00f1a las partes sanas de la articulaci\u00f3n, dejando todas las partes sanas intactas e intactas. Gracias a la combinaci\u00f3n de la tecnolog\u00eda m\u00e1s avanzada de brazo rob\u00f3tico y la capacidad de modelado de la rodilla en 3D mediante tomograf\u00eda computarizada, la MAKOplastia permite colocar, alinear y fijar el implante de forma \u00f3ptima en la articulaci\u00f3n. Como resultado, la pr\u00f3tesis de rodilla del paciente durar\u00e1 mucho tiempo con un desgaste reducido, adem\u00e1s de poder volver a moverse libremente y sin problemas.<\/p>\n<h3>\u00bfEs la MAKOplastia adecuada para m\u00ed?<\/h3>\n<p>Las personas que se enfrentan a una artrosis en fase inicial o media en s\u00f3lo uno o dos de los tres compartimentos de la rodilla pueden optar a la pr\u00f3tesis parcial de rodilla MAKOplasty. La MAKOplastia es la mejor alternativa, para muchos pacientes, a tener que enfrentarse a la sustituci\u00f3n total de rodilla.<\/p>\n<h3>\u00bfQu\u00e9 ventajas ofrece la MAKOplastia frente a la RTC?<\/h3>\n<p>Dise\u00f1ada pensando en el alivio del dolor causado por la degeneraci\u00f3n articular, la MAKOplastia ofrece muchas grandes ventajas potenciales, entre las que se incluyen:<\/p>\n<ul>\n<li>Mejores resultados quir\u00fargicos<\/li>\n<li>Menor desgaste y aflojamiento del implante<\/li>\n<li>Revestimiento articular<\/li>\n<li>Ahorro de hueso<\/li>\n<li>Incisi\u00f3n m\u00e1s peque\u00f1a<\/li>\n<li>Menos cicatrices<\/li>\n<li>Reducci\u00f3n de la p\u00e9rdida de sangre<\/li>\n<li>Hospitalizaci\u00f3n m\u00ednima<\/li>\n<li>Recuperaci\u00f3n r\u00e1pida<\/li>\n<\/ul>\n<table style=\"width: 100%;\" border=\"0\" cellspacing=\"0\" cellpadding=\"0\">\n<tbody>\n<tr>\n<td><strong>Cirug\u00eda tradicional de rodilla frente a la MAKOplastia<\/strong><\/td>\n<\/tr>\n<tr>\n<td>\n<table style=\"width: 100%;\" border=\"1\" cellspacing=\"0\" cellpadding=\"0\">\n<tbody>\n<tr>\n<td style=\"width: 33%;\"><\/td>\n<td style=\"width: 33%;\"><strong>Sustituci\u00f3n tradicional de rodilla*.<\/strong><\/td>\n<td style=\"width: 33%;\"><strong>MAKOplastia<\/strong><\/td>\n<\/tr>\n<tr>\n<td style=\"width: 33%;\">Estancia media en el hospital<\/td>\n<td style=\"width: 33%;\">3 &#8211; 7 d\u00edas<\/td>\n<td style=\"width: 33%;\">1 &#8211; 3 d\u00edas<\/td>\n<\/tr>\n<tr>\n<td style=\"width: 33%;\">Per\u00edodo medio de recuperaci\u00f3n<\/td>\n<td style=\"width: 33%;\">6 &#8211; 8 semanas<\/td>\n<td style=\"width: 33%;\">Aproximadamente 2 semanas<\/td>\n<\/tr>\n<tr>\n<td style=\"width: 33%;\">Longitud media de la incisi\u00f3n<\/td>\n<td style=\"width: 33%;\">8 &#8211; 10 pulgadas<\/td>\n<td style=\"width: 33%;\">2 &#8211; 3 pulgadas<\/td>\n<\/tr>\n<tr>\n<td style=\"width: 33%;\">Resumen quir\u00fargico<\/td>\n<td style=\"width: 33%;\">Sustituci\u00f3n total de rodilla (hueso\/tejidos da\u00f1ados y sanos)<\/td>\n<td style=\"width: 33%;\">Revestimiento de hueso\/tejidos da\u00f1ados \u00fanicamente<\/td>\n<\/tr>\n<\/tbody>\n<\/table>\n<\/td>\n<\/tr>\n<\/tbody>\n<\/table>\n<p>Adem\u00e1s de estas ventajas, tambi\u00e9n cabe destacar que la tasa de fracaso de la MAKOplastia es extremadamente baja. Dos a\u00f1os despu\u00e9s de la operaci\u00f3n, la tasa de fracaso es del 0,4%, es decir, menos del 1%. Esta gran cifra es nueve veces inferior a las PKR, o pr\u00f3tesis parciales de rodilla manuales. Seg\u00fan las encuestas de satisfacci\u00f3n de los clientes, nueve de cada diez pacientes se declaran \u00absatisfechos\u00bb o \u00abmuy satisfechos\u00bb a los dos a\u00f1os de la intervenci\u00f3n.<\/p>\n<h3>El proceso de la MAKOplastia: De principio a fin<\/h3>\n<p>Si padece hinchaz\u00f3n de rodilla, dolor articular o le han diagnosticado artrosis, tiene muchas posibilidades de que le remitan a un cirujano ortop\u00e9dico como el Dr. Nakul Karkare.<\/p>\n<p>Durante su primera visita y consulta inicial, el cirujano ortop\u00e9dico evaluar\u00e1 su rodilla y posiblemente solicite una tomograf\u00eda computarizada de la rodilla para ayudar en el diagn\u00f3stico. Una vez finalizado el TAC, se crear\u00e1n im\u00e1genes digitales tridimensionales de la rodilla. Las im\u00e1genes permitir\u00e1n a su cirujano dise\u00f1ar y crear un implante de rodilla personalizado, modelado exclusiva y \u00fanicamente para su anatom\u00eda.<\/p>\n<p>Durante el procedimiento de reconstrucci\u00f3n de superficie de rodilla MAKOplasty, el cirujano utilizar\u00e1 m\u00e9todos m\u00ednimamente invasivos para ayudar a eliminar todas las partes enfermas de la rodilla.<\/p>\n<p>Una vez eliminada la materia suelta, los espolones \u00f3seos o el cart\u00edlago da\u00f1ado, el cirujano utilizar\u00e1 el brazo rob\u00f3tico de la herramienta para colocar, alinear y fijar el implante espec\u00edfico del paciente en la articulaci\u00f3n. A las pocas horas de la intervenci\u00f3n, muchos pacientes ya est\u00e1n de pie y caminando.<\/p>\n<h3>\u00bfCu\u00e1nto tiempo se tarda en recuperarse de una MAKOplastia?<\/h3>\n<p>Aunque es bien sabido que muchos pacientes pueden recuperarse r\u00e1pidamente y caminar el mismo d\u00eda de la intervenci\u00f3n, se aconseja a todos los pacientes que sean pacientes con el proceso de recuperaci\u00f3n, ya que puede llevar hasta cuatro semanas volver a un estilo de vida normal.<\/p>\n<p>La recuperaci\u00f3n depende de cada paciente. Su cirujano, una vez finalizada la intervenci\u00f3n, puede remitirle a un fisioterapeuta ambulatorio para que le ayude en el proceso de recuperaci\u00f3n.<\/p>\n<h3>\u00bfCubre el seguro la MAKOplastia?<\/h3>\n<p>Los planes de seguro aprobados por Medicare y la mayor\u00eda de las aseguradoras privadas cubrir\u00e1n el recubrimiento parcial rob\u00f3tico de rodilla MAKOplasty por tratarse de un procedimiento de artroplastia de rodilla. P\u00f3ngase en contacto con su proveedor de seguros para obtener m\u00e1s informaci\u00f3n.<\/p>\n<p>Programe hoy mismo una artroplastia parcial de rodilla rob\u00f3tica en Nueva York<\/p>\n<p>El Dr. Nakul Karkare ofrece el procedimiento de reconstrucci\u00f3n parcial de rodilla MAKOplasty. Esta consulta y su personal estar\u00e1n encantados de proporcionarle toda la informaci\u00f3n que necesite para elegir el procedimiento de rodilla adecuado. El recubrimiento parcial de rodilla es una decisi\u00f3n importante y usted merece someterse al procedimiento m\u00e1s adecuado para su anatom\u00eda y estilo de vida.<\/p>\n","protected":false},"excerpt":{"rendered":"<p>El Dr. Nakul Karkare ofrece el procedimiento MAKOplasty para el rejuvenecimiento de la rodilla a aquellas personas que padecen enfermedades degenerativas de rodilla u osteoartritis de rodilla. Desarrollada por la Mako Surgical Corporation, la MAKOplastia es la opci\u00f3n l\u00edder de los procedimientos quir\u00fargicos utilizados para la artroplastia total de cadera o parcial de rodilla y [&hellip;]<\/p>\n","protected":false},"author":7,"featured_media":0,"parent":16433,"menu_order":0,"comment_status":"open","ping_status":"open","template":"","meta":{"_et_pb_use_builder":"","_et_pb_old_content":"","_et_gb_content_width":"","footnotes":""},"class_list":["post-16550","page","type-page","status-publish","hentry"],"yoast_head":"<!-- This site is optimized with the Yoast SEO plugin v27.2 - https:\/\/yoast.com\/product\/yoast-seo-wordpress\/ -->\n<title>Makoplasty Rejuvenecimiento parcial de rodilla Nueva York | Osteoartritis (OA) Nueva York<\/title>\n<meta name=\"description\" content=\"Makoplasty es un procedimiento de rejuvenecimiento parcial de rodilla asistido por brazo rob\u00f3tico realizado en Nueva York para aliviar el dolor causado por la degeneraci\u00f3n articular debido a la osteoartritis.\" \/>\n<meta name=\"robots\" content=\"index, follow, max-snippet:-1, max-image-preview:large, max-video-preview:-1\" \/>\n<link rel=\"canonical\" href=\"https:\/\/www.newyorkhipknee.com\/es\/protesis-de-rodilla-a-medida\/reconstruccion-parcial-de-rodilla-makoplasty\/\" \/>\n<meta property=\"og:locale\" content=\"es_ES\" \/>\n<meta property=\"og:type\" content=\"article\" \/>\n<meta property=\"og:title\" content=\"Makoplasty Rejuvenecimiento parcial de rodilla Nueva York | Osteoartritis (OA) Nueva York\" \/>\n<meta property=\"og:description\" content=\"Makoplasty es un procedimiento de rejuvenecimiento parcial de rodilla asistido por brazo rob\u00f3tico realizado en Nueva York para aliviar el dolor causado por la degeneraci\u00f3n articular debido a la osteoartritis.\" \/>\n<meta property=\"og:url\" content=\"https:\/\/www.newyorkhipknee.com\/es\/protesis-de-rodilla-a-medida\/reconstruccion-parcial-de-rodilla-makoplasty\/\" \/>\n<meta property=\"og:site_name\" content=\"Best Hip &amp; Knee Surgeon | NY, USA\" \/>\n<meta property=\"article:modified_time\" content=\"2023-02-16T17:14:43+00:00\" \/>\n<meta name=\"twitter:card\" content=\"summary_large_image\" \/>\n<meta name=\"twitter:label1\" content=\"Tiempo de lectura\" \/>\n\t<meta name=\"twitter:data1\" content=\"4 minutos\" \/>\n<script type=\"application\/ld+json\" class=\"yoast-schema-graph\">{\"@context\":\"https:\/\/schema.org\",\"@graph\":[{\"@type\":[\"WebPage\",\"MedicalWebPage\"],\"@id\":\"https:\/\/www.newyorkhipknee.com\/es\/protesis-de-rodilla-a-medida\/reconstruccion-parcial-de-rodilla-makoplasty\/\",\"url\":\"https:\/\/www.newyorkhipknee.com\/es\/protesis-de-rodilla-a-medida\/reconstruccion-parcial-de-rodilla-makoplasty\/\",\"name\":\"Makoplasty Rejuvenecimiento parcial de rodilla Nueva York | Osteoartritis (OA) Nueva York\",\"isPartOf\":{\"@id\":\"https:\/\/www.newyorkhipknee.com\/es\/#website\"},\"datePublished\":\"2014-12-09T10:44:30+00:00\",\"dateModified\":\"2023-02-16T17:14:43+00:00\",\"description\":\"Makoplasty es un procedimiento de rejuvenecimiento parcial de rodilla asistido por brazo rob\u00f3tico realizado en Nueva York para aliviar el dolor causado por la degeneraci\u00f3n articular debido a la osteoartritis.\",\"breadcrumb\":{\"@id\":\"https:\/\/www.newyorkhipknee.com\/es\/protesis-de-rodilla-a-medida\/reconstruccion-parcial-de-rodilla-makoplasty\/#breadcrumb\"},\"inLanguage\":\"es\",\"potentialAction\":[{\"@type\":\"ReadAction\",\"target\":[\"https:\/\/www.newyorkhipknee.com\/es\/protesis-de-rodilla-a-medida\/reconstruccion-parcial-de-rodilla-makoplasty\/\"]}]},{\"@type\":\"BreadcrumbList\",\"@id\":\"https:\/\/www.newyorkhipknee.com\/es\/protesis-de-rodilla-a-medida\/reconstruccion-parcial-de-rodilla-makoplasty\/#breadcrumb\",\"itemListElement\":[{\"@type\":\"ListItem\",\"position\":1,\"name\":\"Home\",\"item\":\"https:\/\/www.newyorkhipknee.com\/es\/\"},{\"@type\":\"ListItem\",\"position\":2,\"name\":\"Pr\u00f3tesis de rodilla a medida\",\"item\":\"https:\/\/www.newyorkhipknee.com\/es\/protesis-de-rodilla-a-medida\/\"},{\"@type\":\"ListItem\",\"position\":3,\"name\":\"Reconstrucci\u00f3n parcial de rodilla MAKOplasty\"}]},{\"@type\":\"WebSite\",\"@id\":\"https:\/\/www.newyorkhipknee.com\/es\/#website\",\"url\":\"https:\/\/www.newyorkhipknee.com\/es\/\",\"name\":\"Best Hip & Knee Surgeon | NY, USA\",\"description\":\"\",\"potentialAction\":[{\"@type\":\"SearchAction\",\"target\":{\"@type\":\"EntryPoint\",\"urlTemplate\":\"https:\/\/www.newyorkhipknee.com\/es\/?s={search_term_string}\"},\"query-input\":{\"@type\":\"PropertyValueSpecification\",\"valueRequired\":true,\"valueName\":\"search_term_string\"}}],\"inLanguage\":\"es\"}]}<\/script>\n<!-- \/ Yoast SEO plugin. -->","yoast_head_json":{"title":"Makoplasty Rejuvenecimiento parcial de rodilla Nueva York | Osteoartritis (OA) Nueva York","description":"Makoplasty es un procedimiento de rejuvenecimiento parcial de rodilla asistido por brazo rob\u00f3tico realizado en Nueva York para aliviar el dolor causado por la degeneraci\u00f3n articular debido a la osteoartritis.","robots":{"index":"index","follow":"follow","max-snippet":"max-snippet:-1","max-image-preview":"max-image-preview:large","max-video-preview":"max-video-preview:-1"},"canonical":"https:\/\/www.newyorkhipknee.com\/es\/protesis-de-rodilla-a-medida\/reconstruccion-parcial-de-rodilla-makoplasty\/","og_locale":"es_ES","og_type":"article","og_title":"Makoplasty Rejuvenecimiento parcial de rodilla Nueva York | Osteoartritis (OA) Nueva York","og_description":"Makoplasty es un procedimiento de rejuvenecimiento parcial de rodilla asistido por brazo rob\u00f3tico realizado en Nueva York para aliviar el dolor causado por la degeneraci\u00f3n articular debido a la osteoartritis.","og_url":"https:\/\/www.newyorkhipknee.com\/es\/protesis-de-rodilla-a-medida\/reconstruccion-parcial-de-rodilla-makoplasty\/","og_site_name":"Best Hip &amp; Knee Surgeon | NY, USA","article_modified_time":"2023-02-16T17:14:43+00:00","twitter_card":"summary_large_image","twitter_misc":{"Tiempo de lectura":"4 minutos"},"schema":{"@context":"https:\/\/schema.org","@graph":[{"@type":["WebPage","MedicalWebPage"],"@id":"https:\/\/www.newyorkhipknee.com\/es\/protesis-de-rodilla-a-medida\/reconstruccion-parcial-de-rodilla-makoplasty\/","url":"https:\/\/www.newyorkhipknee.com\/es\/protesis-de-rodilla-a-medida\/reconstruccion-parcial-de-rodilla-makoplasty\/","name":"Makoplasty Rejuvenecimiento parcial de rodilla Nueva York | Osteoartritis (OA) Nueva York","isPartOf":{"@id":"https:\/\/www.newyorkhipknee.com\/es\/#website"},"datePublished":"2014-12-09T10:44:30+00:00","dateModified":"2023-02-16T17:14:43+00:00","description":"Makoplasty es un procedimiento de rejuvenecimiento parcial de rodilla asistido por brazo rob\u00f3tico realizado en Nueva York para aliviar el dolor causado por la degeneraci\u00f3n articular debido a la osteoartritis.","breadcrumb":{"@id":"https:\/\/www.newyorkhipknee.com\/es\/protesis-de-rodilla-a-medida\/reconstruccion-parcial-de-rodilla-makoplasty\/#breadcrumb"},"inLanguage":"es","potentialAction":[{"@type":"ReadAction","target":["https:\/\/www.newyorkhipknee.com\/es\/protesis-de-rodilla-a-medida\/reconstruccion-parcial-de-rodilla-makoplasty\/"]}]},{"@type":"BreadcrumbList","@id":"https:\/\/www.newyorkhipknee.com\/es\/protesis-de-rodilla-a-medida\/reconstruccion-parcial-de-rodilla-makoplasty\/#breadcrumb","itemListElement":[{"@type":"ListItem","position":1,"name":"Home","item":"https:\/\/www.newyorkhipknee.com\/es\/"},{"@type":"ListItem","position":2,"name":"Pr\u00f3tesis de rodilla a medida","item":"https:\/\/www.newyorkhipknee.com\/es\/protesis-de-rodilla-a-medida\/"},{"@type":"ListItem","position":3,"name":"Reconstrucci\u00f3n parcial de rodilla MAKOplasty"}]},{"@type":"WebSite","@id":"https:\/\/www.newyorkhipknee.com\/es\/#website","url":"https:\/\/www.newyorkhipknee.com\/es\/","name":"Best Hip & Knee Surgeon | NY, USA","description":"","potentialAction":[{"@type":"SearchAction","target":{"@type":"EntryPoint","urlTemplate":"https:\/\/www.newyorkhipknee.com\/es\/?s={search_term_string}"},"query-input":{"@type":"PropertyValueSpecification","valueRequired":true,"valueName":"search_term_string"}}],"inLanguage":"es"}]}},"_links":{"self":[{"href":"https:\/\/www.newyorkhipknee.com\/es\/wp-json\/wp\/v2\/pages\/16550","targetHints":{"allow":["GET"]}}],"collection":[{"href":"https:\/\/www.newyorkhipknee.com\/es\/wp-json\/wp\/v2\/pages"}],"about":[{"href":"https:\/\/www.newyorkhipknee.com\/es\/wp-json\/wp\/v2\/types\/page"}],"author":[{"embeddable":true,"href":"https:\/\/www.newyorkhipknee.com\/es\/wp-json\/wp\/v2\/users\/7"}],"replies":[{"embeddable":true,"href":"https:\/\/www.newyorkhipknee.com\/es\/wp-json\/wp\/v2\/comments?post=16550"}],"version-history":[{"count":0,"href":"https:\/\/www.newyorkhipknee.com\/es\/wp-json\/wp\/v2\/pages\/16550\/revisions"}],"up":[{"embeddable":true,"href":"https:\/\/www.newyorkhipknee.com\/es\/wp-json\/wp\/v2\/pages\/16433"}],"wp:attachment":[{"href":"https:\/\/www.newyorkhipknee.com\/es\/wp-json\/wp\/v2\/media?parent=16550"}],"curies":[{"name":"wp","href":"https:\/\/api.w.org\/{rel}","templated":true}]}}