{"id":16553,"date":"2014-05-06T14:20:53","date_gmt":"2014-05-06T18:20:53","guid":{"rendered":"https:\/\/newyorkhipknee.com\/protesis-de-rodilla-a-medida\/osteonecrosis\/"},"modified":"2023-02-16T12:15:26","modified_gmt":"2023-02-16T17:15:26","slug":"osteonecrosis","status":"publish","type":"page","link":"https:\/\/www.newyorkhipknee.com\/es\/protesis-de-rodilla-a-medida\/osteonecrosis\/","title":{"rendered":"Osteonecrosis"},"content":{"rendered":"<p>La osteonecrosis es una enfermedad grave que literalmente significa muerte del tejido \u00f3seo (\u00abosteo\u00bb significa \u00abhueso\u00bb y \u00abnecrosis\u00bb significa \u00abmuerte del tejido\u00bb). Se produce cuando se interrumpe el riego sangu\u00edneo que suministra al hueso ox\u00edgeno y otros nutrientes importantes.<\/p>\n<p>Cada a\u00f1o se diagnostica osteonecrosis a unas 20.000 personas en Estados Unidos. La osteonecrosis es la causa m\u00e1s frecuente de dolor de rodilla en las mujeres mayores, que tienen tres veces m\u00e1s probabilidades que los hombres de padecerla.<\/p>\n<h2>\u00bfCu\u00e1les son las causas de la osteonecrosis?<\/h2>\n<p>Algunas personas que desarrollan osteonecrosis tienen una enfermedad subyacente que causa o contribuye a la disminuci\u00f3n del flujo sangu\u00edneo al tejido \u00f3seo. Sin embargo, en la mayor\u00eda de los casos se desconoce la causa de la osteonecrosis.<\/p>\n<p>Los investigadores m\u00e9dicos creen que una lesi\u00f3n previa, como una fractura por estr\u00e9s o una lesi\u00f3n traum\u00e1tica, puede contribuir a disminuir el flujo sangu\u00edneo, mientras que otros creen que la acumulaci\u00f3n de l\u00edquido en los tejidos presiona los vasos sangu\u00edneos y reduce el flujo normal de sangre.<\/p>\n<p>La osteonecrosis suele ser m\u00e1s frecuente en personas obesas, con lupus o anemia falciforme, que han recibido un trasplante de ri\u00f1\u00f3n o que han tomado durante mucho tiempo esteroides.<\/p>\n<p>La osteonecrosis provoca un dolor importante en las articulaciones afectadas por la enfermedad, especialmente durante el movimiento y por la noche. Algunas personas pueden experimentar hinchaz\u00f3n y sensibilidad, as\u00ed como una reducci\u00f3n de la amplitud de movimiento. La enfermedad progresa en cuatro fases distintas, siendo los s\u00edntomas especialmente intensos en la primera, que dura entre seis y ocho semanas.<\/p>\n<h2>\u00bfC\u00f3mo se trata la osteonecrosis?<\/h2>\n<p>En las primeras fases de la osteonecrosis puede recurrirse a tratamientos no quir\u00fargicos, como antiinflamatorios y ejercicios o fisioterapia para ayudar a fortalecer la articulaci\u00f3n y favorecer la circulaci\u00f3n. Pero a medida que la enfermedad avanza, la cirug\u00eda se hace m\u00e1s probable. Las opciones quir\u00fargicas se basan en la extensi\u00f3n y el estadio de la enfermedad, y pueden incluir:<\/p>\n<ul>\n<li>Limpieza o \u00abdesbridamiento\u00bb de la articulaci\u00f3n para alisar las superficies y eliminar los residuos.<\/li>\n<li>Perforar la zona afectada para disminuir la presi\u00f3n de la superficie \u00f3sea<\/li>\n<li>Procedimientos dise\u00f1ados para redistribuir el peso y aliviar la tensi\u00f3n en la articulaci\u00f3n.<\/li>\n<li>Sustituci\u00f3n parcial o completa de la articulaci\u00f3n<\/li>\n<\/ul>\n<p>Su tratamiento se determinar\u00e1 en funci\u00f3n de una evaluaci\u00f3n y un examen exhaustivos de su articulaci\u00f3n para determinar el mejor enfoque.<\/p>\n<h2>Elegir un proveedor de tratamiento<\/h2>\n<p>Como uno de los mejores cirujanos ortop\u00e9dicos de Nueva York, el Dr. Karkare tiene una amplia experiencia en el diagn\u00f3stico y tratamiento de la osteonecrosis en todas sus fases en pacientes de Nueva York y Long Island. En sus centros de Manhattan, Bayside, Centereach, Lindenhurst, Riverhead y Pachogue, el Dr. Karkare se asegura de que cada paciente tenga acceso a las opciones de atenci\u00f3n m\u00e1s avanzadas, m\u00e1s adecuadas y m\u00e1s eficaces para obtener los mejores resultados posibles.<\/p>\n<p>Al igual que otros trastornos y enfermedades relacionados con las articulaciones y los huesos, la osteonecrosis responde mejor a un diagn\u00f3stico y tratamiento precoces, por lo que es fundamental concertar una cita al primer s\u00edntoma. Si usted ha estado teniendo la rodilla, la cadera u otro dolor en las articulaciones, llame a nuestra pr\u00e1ctica en 516-735-4032 o <a href=\"https:\/\/newyorkhipknee.comappointments\/online-appointment\/\">reservar una cita en l\u00ednea<\/a> para que pueda obtener las respuestas y el tratamiento que necesita para reducir el dolor, una mejor salud y una mejor calidad de vida.<\/p>\n","protected":false},"excerpt":{"rendered":"<p>La osteonecrosis es una enfermedad grave que literalmente significa muerte del tejido \u00f3seo (\u00abosteo\u00bb significa \u00abhueso\u00bb y \u00abnecrosis\u00bb significa \u00abmuerte del tejido\u00bb). Se produce cuando se interrumpe el riego sangu\u00edneo que suministra al hueso ox\u00edgeno y otros nutrientes importantes. Cada a\u00f1o se diagnostica osteonecrosis a unas 20.000 personas en Estados Unidos. La osteonecrosis es la [&hellip;]<\/p>\n","protected":false},"author":7,"featured_media":0,"parent":16433,"menu_order":0,"comment_status":"open","ping_status":"open","template":"","meta":{"_et_pb_use_builder":"","_et_pb_old_content":"","_et_gb_content_width":"","footnotes":""},"class_list":["post-16553","page","type-page","status-publish","hentry"],"yoast_head":"<!-- This site is optimized with the Yoast SEO plugin v27.2 - https:\/\/yoast.com\/product\/yoast-seo-wordpress\/ -->\n<title>Tratamiento de osteonecrosis de rodilla | Osteoartritis y dolor de rodilla | Nueva York<\/title>\n<meta name=\"description\" content=\"La osteonecrosis de rodilla es una afecci\u00f3n de dolor cr\u00f3nico debido a un trastorno de la circulaci\u00f3n \u00f3sea. La osteoartritis y el dolor de rodilla son tratados por el Dr. Karkare en Nueva York.\" \/>\n<meta name=\"robots\" content=\"index, follow, max-snippet:-1, max-image-preview:large, max-video-preview:-1\" \/>\n<link rel=\"canonical\" href=\"https:\/\/www.newyorkhipknee.com\/es\/protesis-de-rodilla-a-medida\/osteonecrosis\/\" \/>\n<meta property=\"og:locale\" content=\"es_ES\" \/>\n<meta property=\"og:type\" content=\"article\" \/>\n<meta property=\"og:title\" content=\"Tratamiento de osteonecrosis de rodilla | Osteoartritis y dolor de rodilla | Nueva York\" \/>\n<meta property=\"og:description\" content=\"La osteonecrosis de rodilla es una afecci\u00f3n de dolor cr\u00f3nico debido a un trastorno de la circulaci\u00f3n \u00f3sea. La osteoartritis y el dolor de rodilla son tratados por el Dr. Karkare en Nueva York.\" \/>\n<meta property=\"og:url\" content=\"https:\/\/www.newyorkhipknee.com\/es\/protesis-de-rodilla-a-medida\/osteonecrosis\/\" \/>\n<meta property=\"og:site_name\" content=\"Best Hip &amp; Knee Surgeon | NY, USA\" \/>\n<meta property=\"article:modified_time\" content=\"2023-02-16T17:15:26+00:00\" \/>\n<meta name=\"twitter:card\" content=\"summary_large_image\" \/>\n<meta name=\"twitter:label1\" content=\"Tiempo de lectura\" \/>\n\t<meta name=\"twitter:data1\" content=\"3 minutos\" \/>\n<script type=\"application\/ld+json\" class=\"yoast-schema-graph\">{\"@context\":\"https:\/\/schema.org\",\"@graph\":[{\"@type\":[\"WebPage\",\"MedicalWebPage\"],\"@id\":\"https:\/\/www.newyorkhipknee.com\/es\/protesis-de-rodilla-a-medida\/osteonecrosis\/\",\"url\":\"https:\/\/www.newyorkhipknee.com\/es\/protesis-de-rodilla-a-medida\/osteonecrosis\/\",\"name\":\"Tratamiento de osteonecrosis de rodilla | Osteoartritis y dolor de rodilla | Nueva York\",\"isPartOf\":{\"@id\":\"https:\/\/www.newyorkhipknee.com\/es\/#website\"},\"datePublished\":\"2014-05-06T18:20:53+00:00\",\"dateModified\":\"2023-02-16T17:15:26+00:00\",\"description\":\"La osteonecrosis de rodilla es una afecci\u00f3n de dolor cr\u00f3nico debido a un trastorno de la circulaci\u00f3n \u00f3sea. La osteoartritis y el dolor de rodilla son tratados por el Dr. Karkare en Nueva York.\",\"breadcrumb\":{\"@id\":\"https:\/\/www.newyorkhipknee.com\/es\/protesis-de-rodilla-a-medida\/osteonecrosis\/#breadcrumb\"},\"inLanguage\":\"es\",\"potentialAction\":[{\"@type\":\"ReadAction\",\"target\":[\"https:\/\/www.newyorkhipknee.com\/es\/protesis-de-rodilla-a-medida\/osteonecrosis\/\"]}]},{\"@type\":\"BreadcrumbList\",\"@id\":\"https:\/\/www.newyorkhipknee.com\/es\/protesis-de-rodilla-a-medida\/osteonecrosis\/#breadcrumb\",\"itemListElement\":[{\"@type\":\"ListItem\",\"position\":1,\"name\":\"Home\",\"item\":\"https:\/\/www.newyorkhipknee.com\/es\/\"},{\"@type\":\"ListItem\",\"position\":2,\"name\":\"Pr\u00f3tesis de rodilla a medida\",\"item\":\"https:\/\/www.newyorkhipknee.com\/es\/protesis-de-rodilla-a-medida\/\"},{\"@type\":\"ListItem\",\"position\":3,\"name\":\"Osteonecrosis\"}]},{\"@type\":\"WebSite\",\"@id\":\"https:\/\/www.newyorkhipknee.com\/es\/#website\",\"url\":\"https:\/\/www.newyorkhipknee.com\/es\/\",\"name\":\"Best Hip & Knee Surgeon | NY, USA\",\"description\":\"\",\"potentialAction\":[{\"@type\":\"SearchAction\",\"target\":{\"@type\":\"EntryPoint\",\"urlTemplate\":\"https:\/\/www.newyorkhipknee.com\/es\/?s={search_term_string}\"},\"query-input\":{\"@type\":\"PropertyValueSpecification\",\"valueRequired\":true,\"valueName\":\"search_term_string\"}}],\"inLanguage\":\"es\"}]}<\/script>\n<!-- \/ Yoast SEO plugin. -->","yoast_head_json":{"title":"Tratamiento de osteonecrosis de rodilla | Osteoartritis y dolor de rodilla | Nueva York","description":"La osteonecrosis de rodilla es una afecci\u00f3n de dolor cr\u00f3nico debido a un trastorno de la circulaci\u00f3n \u00f3sea. La osteoartritis y el dolor de rodilla son tratados por el Dr. Karkare en Nueva York.","robots":{"index":"index","follow":"follow","max-snippet":"max-snippet:-1","max-image-preview":"max-image-preview:large","max-video-preview":"max-video-preview:-1"},"canonical":"https:\/\/www.newyorkhipknee.com\/es\/protesis-de-rodilla-a-medida\/osteonecrosis\/","og_locale":"es_ES","og_type":"article","og_title":"Tratamiento de osteonecrosis de rodilla | Osteoartritis y dolor de rodilla | Nueva York","og_description":"La osteonecrosis de rodilla es una afecci\u00f3n de dolor cr\u00f3nico debido a un trastorno de la circulaci\u00f3n \u00f3sea. La osteoartritis y el dolor de rodilla son tratados por el Dr. Karkare en Nueva York.","og_url":"https:\/\/www.newyorkhipknee.com\/es\/protesis-de-rodilla-a-medida\/osteonecrosis\/","og_site_name":"Best Hip &amp; Knee Surgeon | NY, USA","article_modified_time":"2023-02-16T17:15:26+00:00","twitter_card":"summary_large_image","twitter_misc":{"Tiempo de lectura":"3 minutos"},"schema":{"@context":"https:\/\/schema.org","@graph":[{"@type":["WebPage","MedicalWebPage"],"@id":"https:\/\/www.newyorkhipknee.com\/es\/protesis-de-rodilla-a-medida\/osteonecrosis\/","url":"https:\/\/www.newyorkhipknee.com\/es\/protesis-de-rodilla-a-medida\/osteonecrosis\/","name":"Tratamiento de osteonecrosis de rodilla | Osteoartritis y dolor de rodilla | Nueva York","isPartOf":{"@id":"https:\/\/www.newyorkhipknee.com\/es\/#website"},"datePublished":"2014-05-06T18:20:53+00:00","dateModified":"2023-02-16T17:15:26+00:00","description":"La osteonecrosis de rodilla es una afecci\u00f3n de dolor cr\u00f3nico debido a un trastorno de la circulaci\u00f3n \u00f3sea. La osteoartritis y el dolor de rodilla son tratados por el Dr. Karkare en Nueva York.","breadcrumb":{"@id":"https:\/\/www.newyorkhipknee.com\/es\/protesis-de-rodilla-a-medida\/osteonecrosis\/#breadcrumb"},"inLanguage":"es","potentialAction":[{"@type":"ReadAction","target":["https:\/\/www.newyorkhipknee.com\/es\/protesis-de-rodilla-a-medida\/osteonecrosis\/"]}]},{"@type":"BreadcrumbList","@id":"https:\/\/www.newyorkhipknee.com\/es\/protesis-de-rodilla-a-medida\/osteonecrosis\/#breadcrumb","itemListElement":[{"@type":"ListItem","position":1,"name":"Home","item":"https:\/\/www.newyorkhipknee.com\/es\/"},{"@type":"ListItem","position":2,"name":"Pr\u00f3tesis de rodilla a medida","item":"https:\/\/www.newyorkhipknee.com\/es\/protesis-de-rodilla-a-medida\/"},{"@type":"ListItem","position":3,"name":"Osteonecrosis"}]},{"@type":"WebSite","@id":"https:\/\/www.newyorkhipknee.com\/es\/#website","url":"https:\/\/www.newyorkhipknee.com\/es\/","name":"Best Hip & Knee Surgeon | NY, USA","description":"","potentialAction":[{"@type":"SearchAction","target":{"@type":"EntryPoint","urlTemplate":"https:\/\/www.newyorkhipknee.com\/es\/?s={search_term_string}"},"query-input":{"@type":"PropertyValueSpecification","valueRequired":true,"valueName":"search_term_string"}}],"inLanguage":"es"}]}},"_links":{"self":[{"href":"https:\/\/www.newyorkhipknee.com\/es\/wp-json\/wp\/v2\/pages\/16553","targetHints":{"allow":["GET"]}}],"collection":[{"href":"https:\/\/www.newyorkhipknee.com\/es\/wp-json\/wp\/v2\/pages"}],"about":[{"href":"https:\/\/www.newyorkhipknee.com\/es\/wp-json\/wp\/v2\/types\/page"}],"author":[{"embeddable":true,"href":"https:\/\/www.newyorkhipknee.com\/es\/wp-json\/wp\/v2\/users\/7"}],"replies":[{"embeddable":true,"href":"https:\/\/www.newyorkhipknee.com\/es\/wp-json\/wp\/v2\/comments?post=16553"}],"version-history":[{"count":0,"href":"https:\/\/www.newyorkhipknee.com\/es\/wp-json\/wp\/v2\/pages\/16553\/revisions"}],"up":[{"embeddable":true,"href":"https:\/\/www.newyorkhipknee.com\/es\/wp-json\/wp\/v2\/pages\/16433"}],"wp:attachment":[{"href":"https:\/\/www.newyorkhipknee.com\/es\/wp-json\/wp\/v2\/media?parent=16553"}],"curies":[{"name":"wp","href":"https:\/\/api.w.org\/{rel}","templated":true}]}}