{"id":16555,"date":"2021-10-29T18:58:26","date_gmt":"2021-10-29T22:58:26","guid":{"rendered":"https:\/\/newyorkhipknee.com\/protesis-de-rodilla-a-medida\/un-nuevo-enfoque-de-la-protesis-total-de-rodilla-ahorra-musculo-y-reduce-el-dolor\/"},"modified":"2023-02-09T01:36:22","modified_gmt":"2023-02-09T06:36:22","slug":"un-nuevo-enfoque-de-la-protesis-total-de-rodilla-ahorra-musculo-y-reduce-el-dolor","status":"publish","type":"page","link":"https:\/\/www.newyorkhipknee.com\/es\/protesis-de-rodilla-a-medida\/un-nuevo-enfoque-de-la-protesis-total-de-rodilla-ahorra-musculo-y-reduce-el-dolor\/","title":{"rendered":"Un nuevo enfoque de la pr\u00f3tesis total de rodilla ahorra m\u00fasculo y reduce el dolor"},"content":{"rendered":"<p>[et_pb_section fb_built=\u00bb1&#8243; admin_label=\u00bbsection\u00bb _builder_version=\u00bb4.16&#8243; global_colors_info=\u00bb{}\u00bb][et_pb_row admin_label=\u00bbfila\u00bb _builder_version=\u00bb4.16&#8243; background_size=\u00bbinitial\u00bb background_position=\u00bbtop_left\u00bb background_repeat=\u00bbrepeat\u00bb global_colors_info=\u00bb{}\u00bb][et_pb_column type=\u00bb4_4&#8243; _builder_version=\u00bb4.16&#8243; custom_padding=\u00bb|||\u00bb global_colors_info=\u00bb{}\u00bb custom_padding__hover=\u00bb|||\u00bb][et_pb_text _builder_version=\u00bb4.19.0&#8243; _module_preset=\u00bbdefault\u00bb hover_enabled=\u00bb0&#8243; sticky_enabled=\u00bb0&#8243;]<\/p>\n<h1>Nuevo enfoque de la pr\u00f3tesis total de rodilla<\/h1>\n<p>[\/et_pb_text][et_pb_text admin_label=\u00bbText\u00bb _builder_version=\u00bb4.19.0&#8243; background_size=\u00bbinitial\u00bb background_position=\u00bbtop_left\u00bb background_repeat=\u00bbrepeat\u00bb hover_enabled=\u00bb0&#8243; global_colors_info=\u00bb{}\u00bb sticky_enabled=\u00bb0&#8243;]<\/p>\n<p>La artroplastia total de rodilla, tambi\u00e9n conocida como <a href=\"https:\/\/newyorkhipknee.com\/ca-en\/total-knee-replacement\/\">reemplazo total de rodilla<\/a>, es uno de los procedimientos ortop\u00e9dicos m\u00e1s comunes en Estados Unidos. Seg\u00fan la Academia Americana de Cirujanos Ortop\u00e9dicos, en 2010 se realizaban m\u00e1s de 600.000 pr\u00f3tesis totales de rodilla al a\u00f1o en Estados Unidos.<\/p>\n<p>El n\u00famero de pr\u00f3tesis totales de rodilla realizadas anualmente en EE.UU. est\u00e1 creciendo r\u00e1pidamente. Seg\u00fan los expertos, crecer\u00e1 un 673% hasta alcanzar los 3,48 millones de procedimientos en 2030.<\/p>\n<p>Para empezar, ahora se aplica un riguroso proceso de optimizaci\u00f3n preoperatoria que ayuda a minimizar el riesgo de complicaciones tras la cirug\u00eda. Los pacientes tambi\u00e9n asisten a una clase de educaci\u00f3n conjunta para escuchar los consejos sobre qu\u00e9 esperar antes, durante y despu\u00e9s de la intervenci\u00f3n. Los estudios han demostrado que estas clases educativas mejoran los resultados de los pacientes.<\/p>\n<p><span class=\"textMainBold\">Fuente:<\/span> <a href=\"https:\/\/www.dailyprogress.com\/\">The Daily Progress<\/a><\/p>\n<h4 class=\"headline\">Signos vitales: Un nuevo enfoque de la pr\u00f3tesis total de rodilla ahorra m\u00fasculo y reduce el dolor<\/h4>\n<h3>Programe su visita inicial<\/h3>\n<div align=\"center\"><a class=\"livesite-schedule\" href=\"https:\/\/live.vcita.com\/site\/nyhipknee\/online-scheduling?staff=sbuvrwlyhlcvxsjv\"><br \/><img decoding=\"async\" title=\"Programar ahora\" src=\"\/wp-content\/uploads\/2016\/02\/karkare-calendar.png\" alt=\"Programar ahora\" border=\"0\"><\/a><\/div>\n<p>[\/et_pb_text][\/et_pb_column][\/et_pb_row][\/et_pb_section]<\/p>\n","protected":false},"excerpt":{"rendered":"<p>Nuevo enfoque de la pr\u00f3tesis total de rodillaLa artroplastia total de rodilla, tambi\u00e9n conocida como reemplazo total de rodilla, es uno de los procedimientos ortop\u00e9dicos m\u00e1s comunes en Estados Unidos. Seg\u00fan la Academia Americana de Cirujanos Ortop\u00e9dicos, en 2010 se realizaban m\u00e1s de 600.000 pr\u00f3tesis totales de rodilla al a\u00f1o en Estados Unidos. El n\u00famero [&hellip;]<\/p>\n","protected":false},"author":15,"featured_media":0,"parent":16433,"menu_order":0,"comment_status":"closed","ping_status":"closed","template":"","meta":{"_et_pb_use_builder":"on","_et_pb_old_content":"","_et_gb_content_width":"","footnotes":""},"class_list":["post-16555","page","type-page","status-publish","hentry"],"yoast_head":"<!-- This site is optimized with the Yoast SEO plugin v27.2 - https:\/\/yoast.com\/product\/yoast-seo-wordpress\/ -->\n<title>El reemplazo total de rodilla ahorra m\u00fasculo - NYHK<\/title>\n<meta name=\"description\" content=\"La artroplastia total de rodilla, tambi\u00e9n conocida como reemplazo total de rodilla, es uno de los procedimientos ortop\u00e9dicos m\u00e1s comunes en Estados Unidos.\" \/>\n<meta name=\"robots\" content=\"index, follow, max-snippet:-1, max-image-preview:large, max-video-preview:-1\" \/>\n<link rel=\"canonical\" href=\"https:\/\/www.newyorkhipknee.com\/es\/protesis-de-rodilla-a-medida\/un-nuevo-enfoque-de-la-protesis-total-de-rodilla-ahorra-musculo-y-reduce-el-dolor\/\" \/>\n<meta property=\"og:locale\" content=\"es_ES\" \/>\n<meta property=\"og:type\" content=\"article\" \/>\n<meta property=\"og:title\" content=\"El reemplazo total de rodilla ahorra m\u00fasculo - NYHK\" \/>\n<meta property=\"og:description\" content=\"La artroplastia total de rodilla, tambi\u00e9n conocida como reemplazo total de rodilla, es uno de los procedimientos ortop\u00e9dicos m\u00e1s comunes en Estados Unidos.\" \/>\n<meta property=\"og:url\" content=\"https:\/\/www.newyorkhipknee.com\/es\/protesis-de-rodilla-a-medida\/un-nuevo-enfoque-de-la-protesis-total-de-rodilla-ahorra-musculo-y-reduce-el-dolor\/\" \/>\n<meta property=\"og:site_name\" content=\"Best Hip &amp; Knee Surgeon | NY, USA\" \/>\n<meta property=\"article:modified_time\" content=\"2023-02-09T06:36:22+00:00\" \/>\n<meta name=\"twitter:card\" content=\"summary_large_image\" \/>\n<meta name=\"twitter:label1\" content=\"Tiempo de lectura\" \/>\n\t<meta name=\"twitter:data1\" content=\"1 minuto\" \/>\n<script type=\"application\/ld+json\" class=\"yoast-schema-graph\">{\"@context\":\"https:\/\/schema.org\",\"@graph\":[{\"@type\":[\"WebPage\",\"MedicalWebPage\"],\"@id\":\"https:\/\/www.newyorkhipknee.com\/es\/protesis-de-rodilla-a-medida\/un-nuevo-enfoque-de-la-protesis-total-de-rodilla-ahorra-musculo-y-reduce-el-dolor\/\",\"url\":\"https:\/\/www.newyorkhipknee.com\/es\/protesis-de-rodilla-a-medida\/un-nuevo-enfoque-de-la-protesis-total-de-rodilla-ahorra-musculo-y-reduce-el-dolor\/\",\"name\":\"El reemplazo total de rodilla ahorra m\u00fasculo - NYHK\",\"isPartOf\":{\"@id\":\"https:\/\/www.newyorkhipknee.com\/es\/#website\"},\"datePublished\":\"2021-10-29T22:58:26+00:00\",\"dateModified\":\"2023-02-09T06:36:22+00:00\",\"description\":\"La artroplastia total de rodilla, tambi\u00e9n conocida como reemplazo total de rodilla, es uno de los procedimientos ortop\u00e9dicos m\u00e1s comunes en Estados Unidos.\",\"breadcrumb\":{\"@id\":\"https:\/\/www.newyorkhipknee.com\/es\/protesis-de-rodilla-a-medida\/un-nuevo-enfoque-de-la-protesis-total-de-rodilla-ahorra-musculo-y-reduce-el-dolor\/#breadcrumb\"},\"inLanguage\":\"es\",\"potentialAction\":[{\"@type\":\"ReadAction\",\"target\":[\"https:\/\/www.newyorkhipknee.com\/es\/protesis-de-rodilla-a-medida\/un-nuevo-enfoque-de-la-protesis-total-de-rodilla-ahorra-musculo-y-reduce-el-dolor\/\"]}]},{\"@type\":\"BreadcrumbList\",\"@id\":\"https:\/\/www.newyorkhipknee.com\/es\/protesis-de-rodilla-a-medida\/un-nuevo-enfoque-de-la-protesis-total-de-rodilla-ahorra-musculo-y-reduce-el-dolor\/#breadcrumb\",\"itemListElement\":[{\"@type\":\"ListItem\",\"position\":1,\"name\":\"Home\",\"item\":\"https:\/\/www.newyorkhipknee.com\/es\/\"},{\"@type\":\"ListItem\",\"position\":2,\"name\":\"Pr\u00f3tesis de rodilla a medida\",\"item\":\"https:\/\/www.newyorkhipknee.com\/es\/protesis-de-rodilla-a-medida\/\"},{\"@type\":\"ListItem\",\"position\":3,\"name\":\"Un nuevo enfoque de la pr\u00f3tesis total de rodilla ahorra m\u00fasculo y reduce el dolor\"}]},{\"@type\":\"WebSite\",\"@id\":\"https:\/\/www.newyorkhipknee.com\/es\/#website\",\"url\":\"https:\/\/www.newyorkhipknee.com\/es\/\",\"name\":\"Best Hip & Knee Surgeon | NY, USA\",\"description\":\"\",\"potentialAction\":[{\"@type\":\"SearchAction\",\"target\":{\"@type\":\"EntryPoint\",\"urlTemplate\":\"https:\/\/www.newyorkhipknee.com\/es\/?s={search_term_string}\"},\"query-input\":{\"@type\":\"PropertyValueSpecification\",\"valueRequired\":true,\"valueName\":\"search_term_string\"}}],\"inLanguage\":\"es\"}]}<\/script>\n<!-- \/ Yoast SEO plugin. -->","yoast_head_json":{"title":"El reemplazo total de rodilla ahorra m\u00fasculo - NYHK","description":"La artroplastia total de rodilla, tambi\u00e9n conocida como reemplazo total de rodilla, es uno de los procedimientos ortop\u00e9dicos m\u00e1s comunes en Estados Unidos.","robots":{"index":"index","follow":"follow","max-snippet":"max-snippet:-1","max-image-preview":"max-image-preview:large","max-video-preview":"max-video-preview:-1"},"canonical":"https:\/\/www.newyorkhipknee.com\/es\/protesis-de-rodilla-a-medida\/un-nuevo-enfoque-de-la-protesis-total-de-rodilla-ahorra-musculo-y-reduce-el-dolor\/","og_locale":"es_ES","og_type":"article","og_title":"El reemplazo total de rodilla ahorra m\u00fasculo - NYHK","og_description":"La artroplastia total de rodilla, tambi\u00e9n conocida como reemplazo total de rodilla, es uno de los procedimientos ortop\u00e9dicos m\u00e1s comunes en Estados Unidos.","og_url":"https:\/\/www.newyorkhipknee.com\/es\/protesis-de-rodilla-a-medida\/un-nuevo-enfoque-de-la-protesis-total-de-rodilla-ahorra-musculo-y-reduce-el-dolor\/","og_site_name":"Best Hip &amp; Knee Surgeon | NY, USA","article_modified_time":"2023-02-09T06:36:22+00:00","twitter_card":"summary_large_image","twitter_misc":{"Tiempo de lectura":"1 minuto"},"schema":{"@context":"https:\/\/schema.org","@graph":[{"@type":["WebPage","MedicalWebPage"],"@id":"https:\/\/www.newyorkhipknee.com\/es\/protesis-de-rodilla-a-medida\/un-nuevo-enfoque-de-la-protesis-total-de-rodilla-ahorra-musculo-y-reduce-el-dolor\/","url":"https:\/\/www.newyorkhipknee.com\/es\/protesis-de-rodilla-a-medida\/un-nuevo-enfoque-de-la-protesis-total-de-rodilla-ahorra-musculo-y-reduce-el-dolor\/","name":"El reemplazo total de rodilla ahorra m\u00fasculo - NYHK","isPartOf":{"@id":"https:\/\/www.newyorkhipknee.com\/es\/#website"},"datePublished":"2021-10-29T22:58:26+00:00","dateModified":"2023-02-09T06:36:22+00:00","description":"La artroplastia total de rodilla, tambi\u00e9n conocida como reemplazo total de rodilla, es uno de los procedimientos ortop\u00e9dicos m\u00e1s comunes en Estados Unidos.","breadcrumb":{"@id":"https:\/\/www.newyorkhipknee.com\/es\/protesis-de-rodilla-a-medida\/un-nuevo-enfoque-de-la-protesis-total-de-rodilla-ahorra-musculo-y-reduce-el-dolor\/#breadcrumb"},"inLanguage":"es","potentialAction":[{"@type":"ReadAction","target":["https:\/\/www.newyorkhipknee.com\/es\/protesis-de-rodilla-a-medida\/un-nuevo-enfoque-de-la-protesis-total-de-rodilla-ahorra-musculo-y-reduce-el-dolor\/"]}]},{"@type":"BreadcrumbList","@id":"https:\/\/www.newyorkhipknee.com\/es\/protesis-de-rodilla-a-medida\/un-nuevo-enfoque-de-la-protesis-total-de-rodilla-ahorra-musculo-y-reduce-el-dolor\/#breadcrumb","itemListElement":[{"@type":"ListItem","position":1,"name":"Home","item":"https:\/\/www.newyorkhipknee.com\/es\/"},{"@type":"ListItem","position":2,"name":"Pr\u00f3tesis de rodilla a medida","item":"https:\/\/www.newyorkhipknee.com\/es\/protesis-de-rodilla-a-medida\/"},{"@type":"ListItem","position":3,"name":"Un nuevo enfoque de la pr\u00f3tesis total de rodilla ahorra m\u00fasculo y reduce el dolor"}]},{"@type":"WebSite","@id":"https:\/\/www.newyorkhipknee.com\/es\/#website","url":"https:\/\/www.newyorkhipknee.com\/es\/","name":"Best Hip & Knee Surgeon | NY, USA","description":"","potentialAction":[{"@type":"SearchAction","target":{"@type":"EntryPoint","urlTemplate":"https:\/\/www.newyorkhipknee.com\/es\/?s={search_term_string}"},"query-input":{"@type":"PropertyValueSpecification","valueRequired":true,"valueName":"search_term_string"}}],"inLanguage":"es"}]}},"_links":{"self":[{"href":"https:\/\/www.newyorkhipknee.com\/es\/wp-json\/wp\/v2\/pages\/16555","targetHints":{"allow":["GET"]}}],"collection":[{"href":"https:\/\/www.newyorkhipknee.com\/es\/wp-json\/wp\/v2\/pages"}],"about":[{"href":"https:\/\/www.newyorkhipknee.com\/es\/wp-json\/wp\/v2\/types\/page"}],"author":[{"embeddable":true,"href":"https:\/\/www.newyorkhipknee.com\/es\/wp-json\/wp\/v2\/users\/15"}],"replies":[{"embeddable":true,"href":"https:\/\/www.newyorkhipknee.com\/es\/wp-json\/wp\/v2\/comments?post=16555"}],"version-history":[{"count":0,"href":"https:\/\/www.newyorkhipknee.com\/es\/wp-json\/wp\/v2\/pages\/16555\/revisions"}],"up":[{"embeddable":true,"href":"https:\/\/www.newyorkhipknee.com\/es\/wp-json\/wp\/v2\/pages\/16433"}],"wp:attachment":[{"href":"https:\/\/www.newyorkhipknee.com\/es\/wp-json\/wp\/v2\/media?parent=16555"}],"curies":[{"name":"wp","href":"https:\/\/api.w.org\/{rel}","templated":true}]}}