{"id":16558,"date":"2021-10-28T04:08:39","date_gmt":"2021-10-28T08:08:39","guid":{"rendered":"https:\/\/newyorkhipknee.com\/protesis-de-rodilla-a-medida\/prevencion-de-nuevas-lesiones-de-rodilla-tras-la-cirugia-nuevas-directrices\/"},"modified":"2021-10-28T04:08:39","modified_gmt":"2021-10-28T08:08:39","slug":"prevencion-de-nuevas-lesiones-de-rodilla-tras-la-cirugia-nuevas-directrices","status":"publish","type":"page","link":"https:\/\/www.newyorkhipknee.com\/es\/protesis-de-rodilla-a-medida\/prevencion-de-nuevas-lesiones-de-rodilla-tras-la-cirugia-nuevas-directrices\/","title":{"rendered":"Prevenci\u00f3n de nuevas lesiones de rodilla tras la cirug\u00eda: Nuevas directrices"},"content":{"rendered":"<p>Muchas personas que se someten a una reparaci\u00f3n del ligamento cruzado anterior (LCA) de la rodilla corren un alto riesgo de sufrir una lesi\u00f3n recurrente del mismo ligamento. Ahora, investigadores noruegos afirman que unas simples pruebas de detecci\u00f3n postoperatorias antes de permitir que el atleta vuelva a practicar deporte pueden reducir el riesgo.<\/p>\n<p>Se calcula que casi el 30% de las personas j\u00f3venes y activas que se someten a una operaci\u00f3n de ligamento cruzado anterior volver\u00e1n a sufrir la misma lesi\u00f3n pocos a\u00f1os despu\u00e9s de la intervenci\u00f3n. Los dos factores de riesgo de una nueva lesi\u00f3n del ligamento cruzado anterior son la pr\u00e1ctica deportiva y la juventud.<\/p>\n<p>Los investigadores noruegos observaron que dos factores que conducen a lesiones recurrentes del LCA son volver a practicar deporte con poca fuerza muscular y retomar la actividad deportiva demasiado pronto.<\/p>\n<p>Los investigadores recopilaron datos de 100 participantes con una edad media de 24 a\u00f1os que se hab\u00edan sometido a una operaci\u00f3n previa del ligamento cruzado anterior.<\/p>\n<p>A lo largo de 24 meses, se inician encuestas en las que los participantes informan de si sufren otra lesi\u00f3n de rodilla.<\/p>\n<p>Los cirujanos de los investigadores tambi\u00e9n eval\u00faan la fuerza del m\u00fasculo cu\u00e1driceps de ambas piernas para garantizar un criterio de \u00abvuelta al deporte\u00bb. En total, 24 pacientes sufrieron otra lesi\u00f3n de rodilla; los individuos que realizaban actividades deportivas con saltos y pivotes ten\u00edan m\u00e1s de cuatro veces m\u00e1s probabilidades de sufrir lesiones de rodilla que los que no lo hac\u00edan. El 25% de los participantes cumpl\u00edan los criterios de reincorporaci\u00f3n al deporte.<\/p>\n<p>De los que no superaron los criterios de \u00abvuelta al deporte\u00bb (75%), el 38% sufri\u00f3 otra lesi\u00f3n de rodilla, frente al 5,6% de los que superaron la prueba.<\/p>\n<p>Los que ten\u00edan una fuerza sim\u00e9trica en ambos cu\u00e1driceps antes de empezar a hacer deporte hab\u00edan reducido notablemente el riesgo de sufrir otra lesi\u00f3n de rodilla. Cuanto m\u00e1s tiempo esperaba el individuo antes de volver a hacer deporte, menor era el riesgo y, finalmente, este riesgo se estabiliz\u00f3 en torno a los 9 meses.<\/p>\n<p>Este estudio revela que los j\u00f3venes deben saber que volver a operarse precipitadamente tras una reconstrucci\u00f3n del ligamento cruzado anterior conlleva un alto riesgo.<\/p>\n<p>Los deportistas deben esperar al menos 9 meses tras la intervenci\u00f3n o despu\u00e9s de recuperar una fuerza muscular en el muslo comparable a la de la pierna no lesionada antes de incorporarse al mundo del deporte.<\/p>\n<p>Las lesiones recurrentes del LCA tambi\u00e9n se asocian a un periodo de recuperaci\u00f3n m\u00e1s largo y la vuelta a la pr\u00e1ctica deportiva no siempre est\u00e1 garantizada.<\/p>\n<h3>Programe su visita inicial<\/h3>\n<div align=\"center\"><a class=\"livesite-schedule\" href=\"https:\/\/live.vcita.com\/site\/nyhipknee\/online-scheduling?staff=sbuvrwlyhlcvxsjv\" target=\"blank\" rel=\"noopener\" data-staff=\"b69585d231f6813d\"><br \/>\n<img decoding=\"async\" title=\"Programar ahora\" src=\"\/wp-content\/uploads\/2016\/02\/karkare-calendar.png\" alt=\"Programar ahora\" border=\"0\"><\/a><\/div>\n","protected":false},"excerpt":{"rendered":"<p>Muchas personas que se someten a una reparaci\u00f3n del ligamento cruzado anterior (LCA) de la rodilla corren un alto riesgo de sufrir una lesi\u00f3n recurrente del mismo ligamento. Ahora, investigadores noruegos afirman que unas simples pruebas de detecci\u00f3n postoperatorias antes de permitir que el atleta vuelva a practicar deporte pueden reducir el riesgo. Se calcula [&hellip;]<\/p>\n","protected":false},"author":15,"featured_media":0,"parent":16433,"menu_order":0,"comment_status":"closed","ping_status":"closed","template":"","meta":{"_et_pb_use_builder":"","_et_pb_old_content":"","_et_gb_content_width":"","footnotes":""},"class_list":["post-16558","page","type-page","status-publish","hentry"],"yoast_head":"<!-- This site is optimized with the Yoast SEO plugin v27.2 - https:\/\/yoast.com\/product\/yoast-seo-wordpress\/ -->\n<title>Dr. Nakul | NY, EE.UU.: Prevenci\u00f3n de nuevas lesiones de rodilla tras la cirug\u00eda<\/title>\n<meta name=\"description\" content=\"Muchas personas que se someten a una reparaci\u00f3n del ligamento cruzado anterior (LCA) de la rodilla corren un alto riesgo de sufrir una lesi\u00f3n recurrente del mismo ligamento. Ahora, investigadores noruegos afirman que unas simples pruebas de detecci\u00f3n postoperatorias antes de permitir que el atleta vuelva a practicar deporte pueden reducir el riesgo.\" \/>\n<meta name=\"robots\" content=\"index, follow, max-snippet:-1, max-image-preview:large, max-video-preview:-1\" \/>\n<link rel=\"canonical\" href=\"https:\/\/www.newyorkhipknee.com\/es\/protesis-de-rodilla-a-medida\/prevencion-de-nuevas-lesiones-de-rodilla-tras-la-cirugia-nuevas-directrices\/\" \/>\n<meta property=\"og:locale\" content=\"es_ES\" \/>\n<meta property=\"og:type\" content=\"article\" \/>\n<meta property=\"og:title\" content=\"Dr. Nakul | NY, EE.UU.: Prevenci\u00f3n de nuevas lesiones de rodilla tras la cirug\u00eda\" \/>\n<meta property=\"og:description\" content=\"Muchas personas que se someten a una reparaci\u00f3n del ligamento cruzado anterior (LCA) de la rodilla corren un alto riesgo de sufrir una lesi\u00f3n recurrente del mismo ligamento. Ahora, investigadores noruegos afirman que unas simples pruebas de detecci\u00f3n postoperatorias antes de permitir que el atleta vuelva a practicar deporte pueden reducir el riesgo.\" \/>\n<meta property=\"og:url\" content=\"https:\/\/www.newyorkhipknee.com\/es\/protesis-de-rodilla-a-medida\/prevencion-de-nuevas-lesiones-de-rodilla-tras-la-cirugia-nuevas-directrices\/\" \/>\n<meta property=\"og:site_name\" content=\"Best Hip &amp; Knee Surgeon | NY, USA\" \/>\n<meta name=\"twitter:card\" content=\"summary_large_image\" \/>\n<meta name=\"twitter:label1\" content=\"Tiempo de lectura\" \/>\n\t<meta name=\"twitter:data1\" content=\"2 minutos\" \/>\n<script type=\"application\/ld+json\" class=\"yoast-schema-graph\">{\"@context\":\"https:\/\/schema.org\",\"@graph\":[{\"@type\":[\"WebPage\",\"MedicalWebPage\"],\"@id\":\"https:\/\/www.newyorkhipknee.com\/es\/protesis-de-rodilla-a-medida\/prevencion-de-nuevas-lesiones-de-rodilla-tras-la-cirugia-nuevas-directrices\/\",\"url\":\"https:\/\/www.newyorkhipknee.com\/es\/protesis-de-rodilla-a-medida\/prevencion-de-nuevas-lesiones-de-rodilla-tras-la-cirugia-nuevas-directrices\/\",\"name\":\"Dr. Nakul | NY, EE.UU.: Prevenci\u00f3n de nuevas lesiones de rodilla tras la cirug\u00eda\",\"isPartOf\":{\"@id\":\"https:\/\/www.newyorkhipknee.com\/es\/#website\"},\"datePublished\":\"2021-10-28T08:08:39+00:00\",\"description\":\"Muchas personas que se someten a una reparaci\u00f3n del ligamento cruzado anterior (LCA) de la rodilla corren un alto riesgo de sufrir una lesi\u00f3n recurrente del mismo ligamento. Ahora, investigadores noruegos afirman que unas simples pruebas de detecci\u00f3n postoperatorias antes de permitir que el atleta vuelva a practicar deporte pueden reducir el riesgo.\",\"breadcrumb\":{\"@id\":\"https:\/\/www.newyorkhipknee.com\/es\/protesis-de-rodilla-a-medida\/prevencion-de-nuevas-lesiones-de-rodilla-tras-la-cirugia-nuevas-directrices\/#breadcrumb\"},\"inLanguage\":\"es\",\"potentialAction\":[{\"@type\":\"ReadAction\",\"target\":[\"https:\/\/www.newyorkhipknee.com\/es\/protesis-de-rodilla-a-medida\/prevencion-de-nuevas-lesiones-de-rodilla-tras-la-cirugia-nuevas-directrices\/\"]}]},{\"@type\":\"BreadcrumbList\",\"@id\":\"https:\/\/www.newyorkhipknee.com\/es\/protesis-de-rodilla-a-medida\/prevencion-de-nuevas-lesiones-de-rodilla-tras-la-cirugia-nuevas-directrices\/#breadcrumb\",\"itemListElement\":[{\"@type\":\"ListItem\",\"position\":1,\"name\":\"Home\",\"item\":\"https:\/\/www.newyorkhipknee.com\/es\/\"},{\"@type\":\"ListItem\",\"position\":2,\"name\":\"Pr\u00f3tesis de rodilla a medida\",\"item\":\"https:\/\/www.newyorkhipknee.com\/es\/protesis-de-rodilla-a-medida\/\"},{\"@type\":\"ListItem\",\"position\":3,\"name\":\"Prevenci\u00f3n de nuevas lesiones de rodilla tras la cirug\u00eda: Nuevas directrices\"}]},{\"@type\":\"WebSite\",\"@id\":\"https:\/\/www.newyorkhipknee.com\/es\/#website\",\"url\":\"https:\/\/www.newyorkhipknee.com\/es\/\",\"name\":\"Best Hip & Knee Surgeon | NY, USA\",\"description\":\"\",\"potentialAction\":[{\"@type\":\"SearchAction\",\"target\":{\"@type\":\"EntryPoint\",\"urlTemplate\":\"https:\/\/www.newyorkhipknee.com\/es\/?s={search_term_string}\"},\"query-input\":{\"@type\":\"PropertyValueSpecification\",\"valueRequired\":true,\"valueName\":\"search_term_string\"}}],\"inLanguage\":\"es\"}]}<\/script>\n<!-- \/ Yoast SEO plugin. -->","yoast_head_json":{"title":"Dr. Nakul | NY, EE.UU.: Prevenci\u00f3n de nuevas lesiones de rodilla tras la cirug\u00eda","description":"Muchas personas que se someten a una reparaci\u00f3n del ligamento cruzado anterior (LCA) de la rodilla corren un alto riesgo de sufrir una lesi\u00f3n recurrente del mismo ligamento. Ahora, investigadores noruegos afirman que unas simples pruebas de detecci\u00f3n postoperatorias antes de permitir que el atleta vuelva a practicar deporte pueden reducir el riesgo.","robots":{"index":"index","follow":"follow","max-snippet":"max-snippet:-1","max-image-preview":"max-image-preview:large","max-video-preview":"max-video-preview:-1"},"canonical":"https:\/\/www.newyorkhipknee.com\/es\/protesis-de-rodilla-a-medida\/prevencion-de-nuevas-lesiones-de-rodilla-tras-la-cirugia-nuevas-directrices\/","og_locale":"es_ES","og_type":"article","og_title":"Dr. Nakul | NY, EE.UU.: Prevenci\u00f3n de nuevas lesiones de rodilla tras la cirug\u00eda","og_description":"Muchas personas que se someten a una reparaci\u00f3n del ligamento cruzado anterior (LCA) de la rodilla corren un alto riesgo de sufrir una lesi\u00f3n recurrente del mismo ligamento. Ahora, investigadores noruegos afirman que unas simples pruebas de detecci\u00f3n postoperatorias antes de permitir que el atleta vuelva a practicar deporte pueden reducir el riesgo.","og_url":"https:\/\/www.newyorkhipknee.com\/es\/protesis-de-rodilla-a-medida\/prevencion-de-nuevas-lesiones-de-rodilla-tras-la-cirugia-nuevas-directrices\/","og_site_name":"Best Hip &amp; Knee Surgeon | NY, USA","twitter_card":"summary_large_image","twitter_misc":{"Tiempo de lectura":"2 minutos"},"schema":{"@context":"https:\/\/schema.org","@graph":[{"@type":["WebPage","MedicalWebPage"],"@id":"https:\/\/www.newyorkhipknee.com\/es\/protesis-de-rodilla-a-medida\/prevencion-de-nuevas-lesiones-de-rodilla-tras-la-cirugia-nuevas-directrices\/","url":"https:\/\/www.newyorkhipknee.com\/es\/protesis-de-rodilla-a-medida\/prevencion-de-nuevas-lesiones-de-rodilla-tras-la-cirugia-nuevas-directrices\/","name":"Dr. Nakul | NY, EE.UU.: Prevenci\u00f3n de nuevas lesiones de rodilla tras la cirug\u00eda","isPartOf":{"@id":"https:\/\/www.newyorkhipknee.com\/es\/#website"},"datePublished":"2021-10-28T08:08:39+00:00","description":"Muchas personas que se someten a una reparaci\u00f3n del ligamento cruzado anterior (LCA) de la rodilla corren un alto riesgo de sufrir una lesi\u00f3n recurrente del mismo ligamento. Ahora, investigadores noruegos afirman que unas simples pruebas de detecci\u00f3n postoperatorias antes de permitir que el atleta vuelva a practicar deporte pueden reducir el riesgo.","breadcrumb":{"@id":"https:\/\/www.newyorkhipknee.com\/es\/protesis-de-rodilla-a-medida\/prevencion-de-nuevas-lesiones-de-rodilla-tras-la-cirugia-nuevas-directrices\/#breadcrumb"},"inLanguage":"es","potentialAction":[{"@type":"ReadAction","target":["https:\/\/www.newyorkhipknee.com\/es\/protesis-de-rodilla-a-medida\/prevencion-de-nuevas-lesiones-de-rodilla-tras-la-cirugia-nuevas-directrices\/"]}]},{"@type":"BreadcrumbList","@id":"https:\/\/www.newyorkhipknee.com\/es\/protesis-de-rodilla-a-medida\/prevencion-de-nuevas-lesiones-de-rodilla-tras-la-cirugia-nuevas-directrices\/#breadcrumb","itemListElement":[{"@type":"ListItem","position":1,"name":"Home","item":"https:\/\/www.newyorkhipknee.com\/es\/"},{"@type":"ListItem","position":2,"name":"Pr\u00f3tesis de rodilla a medida","item":"https:\/\/www.newyorkhipknee.com\/es\/protesis-de-rodilla-a-medida\/"},{"@type":"ListItem","position":3,"name":"Prevenci\u00f3n de nuevas lesiones de rodilla tras la cirug\u00eda: Nuevas directrices"}]},{"@type":"WebSite","@id":"https:\/\/www.newyorkhipknee.com\/es\/#website","url":"https:\/\/www.newyorkhipknee.com\/es\/","name":"Best Hip & Knee Surgeon | NY, USA","description":"","potentialAction":[{"@type":"SearchAction","target":{"@type":"EntryPoint","urlTemplate":"https:\/\/www.newyorkhipknee.com\/es\/?s={search_term_string}"},"query-input":{"@type":"PropertyValueSpecification","valueRequired":true,"valueName":"search_term_string"}}],"inLanguage":"es"}]}},"_links":{"self":[{"href":"https:\/\/www.newyorkhipknee.com\/es\/wp-json\/wp\/v2\/pages\/16558","targetHints":{"allow":["GET"]}}],"collection":[{"href":"https:\/\/www.newyorkhipknee.com\/es\/wp-json\/wp\/v2\/pages"}],"about":[{"href":"https:\/\/www.newyorkhipknee.com\/es\/wp-json\/wp\/v2\/types\/page"}],"author":[{"embeddable":true,"href":"https:\/\/www.newyorkhipknee.com\/es\/wp-json\/wp\/v2\/users\/15"}],"replies":[{"embeddable":true,"href":"https:\/\/www.newyorkhipknee.com\/es\/wp-json\/wp\/v2\/comments?post=16558"}],"version-history":[{"count":0,"href":"https:\/\/www.newyorkhipknee.com\/es\/wp-json\/wp\/v2\/pages\/16558\/revisions"}],"up":[{"embeddable":true,"href":"https:\/\/www.newyorkhipknee.com\/es\/wp-json\/wp\/v2\/pages\/16433"}],"wp:attachment":[{"href":"https:\/\/www.newyorkhipknee.com\/es\/wp-json\/wp\/v2\/media?parent=16558"}],"curies":[{"name":"wp","href":"https:\/\/api.w.org\/{rel}","templated":true}]}}