{"id":16563,"date":"2013-01-28T13:16:08","date_gmt":"2013-01-28T18:16:08","guid":{"rendered":"https:\/\/newyorkhipknee.com\/privacidad\/"},"modified":"2023-02-16T12:03:10","modified_gmt":"2023-02-16T17:03:10","slug":"privacidad","status":"publish","type":"page","link":"https:\/\/www.newyorkhipknee.com\/es\/privacidad\/","title":{"rendered":"Privacidad"},"content":{"rendered":"<p class=\"textMainBold\">Nakul V Karkare MD Reconstrucci\u00f3n de extremidades &amp; Cirug\u00eda de reemplazo de articulaciones East Setauket NY<\/p>\n<p>Su pr\u00e1ctica en l\u00ednea y Nakul V Karkare MD Limb Reconstruction &amp; Joint Replacement Surgery East Setauket NY est\u00e1n interesados en la privacidad y seguridad de nuestros visitantes. Nuestro sitio Web contiene formularios a trav\u00e9s de los cuales los usuarios pueden solicitar informaci\u00f3n o proporcionar comentarios a nosotros. En algunos casos, los n\u00fameros de tel\u00e9fono o direcciones de retorno son necesarios para que podamos suministrar la informaci\u00f3n solicitada a usted. Tambi\u00e9n podemos rastrear los sitios que visita o lo que lee en nuestro sitio web para poder proporcionarle informaci\u00f3n de seguimiento eficaz, pero s\u00f3lo si nos ha dado permiso expl\u00edcito para hacerlo rellenando un formulario en el que se le pregunte si podemos hacerlo.<\/p>\n<p class=\"textMainBold\">Cookies de Google Analytics<\/p>\n<p>Este sitio web utiliza Google Analytics, un servicio anal\u00edtico de web prestado por Google, Inc. (\u00abGoogle\u00bb). Google Analytics utiliza \u00abcookies\u00bb, que son archivos de texto ubicados en su ordenador, para ayudar al website a analizar el uso que hacen los usuarios del sitio web. La informaci\u00f3n que genera la cookie acerca de su uso del website (incluyendo su direcci\u00f3n IP) ser\u00e1 directamente transmitida y archivada por Google en los servidores de Estados Unidos. Google usar\u00e1 esta informaci\u00f3n por cuenta nuestra con el prop\u00f3sito de seguir la pista de su uso del website, recopilando informes de la actividad del website y prestando otros servicios relacionados con la actividad del website y el uso de Internet. Google podr\u00e1 transmitir dicha informaci\u00f3n a terceros cuando as\u00ed se lo requiera la legislaci\u00f3n, o cuando dichos terceros procesen la informaci\u00f3n por cuenta de Google. Google no asociar\u00e1 su direcci\u00f3n IP con ning\u00fan otro dato del que disponga Google. Puede Usted rechazar el tratamiento de los datos o la informaci\u00f3n rechazando el uso de cookies mediante la selecci\u00f3n de la configuraci\u00f3n apropiada de su navegador, sin embargo, debe Usted saber que si lo hace puede ser que no pueda usar la plena funcionabilidad de este website. Al utilizar este website Usted consiente el tratamiento de informaci\u00f3n acerca de Usted por Google en la forma y para los fines arriba indicados. Si tiene alguna pregunta sobre nuestra pol\u00edtica de privacidad o sobre el uso que hacemos de la informaci\u00f3n recopilada a trav\u00e9s de nuestro sitio web, p\u00f3ngase en contacto con nuestro Webmaster en la siguiente direcci\u00f3n <a href=\"mailto:analyticsorthospace@gmail.com\">analyticsorthospace@gmail.com<\/a><\/p>\n","protected":false},"excerpt":{"rendered":"<p>Nakul V Karkare MD Reconstrucci\u00f3n de extremidades &amp; Cirug\u00eda de reemplazo de articulaciones East Setauket NY Su pr\u00e1ctica en l\u00ednea y Nakul V Karkare MD Limb Reconstruction &amp; Joint Replacement Surgery East Setauket NY est\u00e1n interesados en la privacidad y seguridad de nuestros visitantes. Nuestro sitio Web contiene formularios a trav\u00e9s de los cuales los [&hellip;]<\/p>\n","protected":false},"author":7,"featured_media":0,"parent":0,"menu_order":0,"comment_status":"open","ping_status":"open","template":"","meta":{"_et_pb_use_builder":"","_et_pb_old_content":"","_et_gb_content_width":"","footnotes":""},"class_list":["post-16563","page","type-page","status-publish","hentry"],"yoast_head":"<!-- This site is optimized with the Yoast SEO plugin v27.2 - https:\/\/yoast.com\/product\/yoast-seo-wordpress\/ -->\n<title>Privacidad | Dr Nakul Karkare Nueva York | Reconstrucci\u00f3n de extremidades NY<\/title>\n<meta name=\"description\" content=\"Nakul V Karkare MD Cirug\u00eda de reconstrucci\u00f3n de extremidades y reemplazo de articulaciones tiene inter\u00e9s en la privacidad y seguridad de visitantes.\" \/>\n<meta name=\"robots\" content=\"index, follow, max-snippet:-1, max-image-preview:large, max-video-preview:-1\" \/>\n<link rel=\"canonical\" href=\"https:\/\/www.newyorkhipknee.com\/es\/privacidad\/\" \/>\n<meta property=\"og:locale\" content=\"es_ES\" \/>\n<meta property=\"og:type\" content=\"article\" \/>\n<meta property=\"og:title\" content=\"Privacidad | Dr Nakul Karkare Nueva York | Reconstrucci\u00f3n de extremidades NY\" \/>\n<meta property=\"og:description\" content=\"Nakul V Karkare MD Cirug\u00eda de reconstrucci\u00f3n de extremidades y reemplazo de articulaciones tiene inter\u00e9s en la privacidad y seguridad de visitantes.\" \/>\n<meta property=\"og:url\" content=\"https:\/\/www.newyorkhipknee.com\/es\/privacidad\/\" \/>\n<meta property=\"og:site_name\" content=\"Best Hip &amp; Knee Surgeon | NY, USA\" \/>\n<meta property=\"article:modified_time\" content=\"2023-02-16T17:03:10+00:00\" \/>\n<meta name=\"twitter:card\" content=\"summary_large_image\" \/>\n<meta name=\"twitter:label1\" content=\"Tiempo de lectura\" \/>\n\t<meta name=\"twitter:data1\" content=\"2 minutos\" \/>\n<script type=\"application\/ld+json\" class=\"yoast-schema-graph\">{\"@context\":\"https:\/\/schema.org\",\"@graph\":[{\"@type\":[\"WebPage\",\"MedicalWebPage\"],\"@id\":\"https:\/\/www.newyorkhipknee.com\/es\/privacidad\/\",\"url\":\"https:\/\/www.newyorkhipknee.com\/es\/privacidad\/\",\"name\":\"Privacidad | Dr Nakul Karkare Nueva York | Reconstrucci\u00f3n de extremidades NY\",\"isPartOf\":{\"@id\":\"https:\/\/www.newyorkhipknee.com\/es\/#website\"},\"datePublished\":\"2013-01-28T18:16:08+00:00\",\"dateModified\":\"2023-02-16T17:03:10+00:00\",\"description\":\"Nakul V Karkare MD Cirug\u00eda de reconstrucci\u00f3n de extremidades y reemplazo de articulaciones tiene inter\u00e9s en la privacidad y seguridad de visitantes.\",\"breadcrumb\":{\"@id\":\"https:\/\/www.newyorkhipknee.com\/es\/privacidad\/#breadcrumb\"},\"inLanguage\":\"es\",\"potentialAction\":[{\"@type\":\"ReadAction\",\"target\":[\"https:\/\/www.newyorkhipknee.com\/es\/privacidad\/\"]}]},{\"@type\":\"BreadcrumbList\",\"@id\":\"https:\/\/www.newyorkhipknee.com\/es\/privacidad\/#breadcrumb\",\"itemListElement\":[{\"@type\":\"ListItem\",\"position\":1,\"name\":\"Home\",\"item\":\"https:\/\/www.newyorkhipknee.com\/es\/\"},{\"@type\":\"ListItem\",\"position\":2,\"name\":\"Privacidad\"}]},{\"@type\":\"WebSite\",\"@id\":\"https:\/\/www.newyorkhipknee.com\/es\/#website\",\"url\":\"https:\/\/www.newyorkhipknee.com\/es\/\",\"name\":\"Best Hip & Knee Surgeon | NY, USA\",\"description\":\"\",\"potentialAction\":[{\"@type\":\"SearchAction\",\"target\":{\"@type\":\"EntryPoint\",\"urlTemplate\":\"https:\/\/www.newyorkhipknee.com\/es\/?s={search_term_string}\"},\"query-input\":{\"@type\":\"PropertyValueSpecification\",\"valueRequired\":true,\"valueName\":\"search_term_string\"}}],\"inLanguage\":\"es\"}]}<\/script>\n<!-- \/ Yoast SEO plugin. -->","yoast_head_json":{"title":"Privacidad | Dr Nakul Karkare Nueva York | Reconstrucci\u00f3n de extremidades NY","description":"Nakul V Karkare MD Cirug\u00eda de reconstrucci\u00f3n de extremidades y reemplazo de articulaciones tiene inter\u00e9s en la privacidad y seguridad de visitantes.","robots":{"index":"index","follow":"follow","max-snippet":"max-snippet:-1","max-image-preview":"max-image-preview:large","max-video-preview":"max-video-preview:-1"},"canonical":"https:\/\/www.newyorkhipknee.com\/es\/privacidad\/","og_locale":"es_ES","og_type":"article","og_title":"Privacidad | Dr Nakul Karkare Nueva York | Reconstrucci\u00f3n de extremidades NY","og_description":"Nakul V Karkare MD Cirug\u00eda de reconstrucci\u00f3n de extremidades y reemplazo de articulaciones tiene inter\u00e9s en la privacidad y seguridad de visitantes.","og_url":"https:\/\/www.newyorkhipknee.com\/es\/privacidad\/","og_site_name":"Best Hip &amp; Knee Surgeon | NY, USA","article_modified_time":"2023-02-16T17:03:10+00:00","twitter_card":"summary_large_image","twitter_misc":{"Tiempo de lectura":"2 minutos"},"schema":{"@context":"https:\/\/schema.org","@graph":[{"@type":["WebPage","MedicalWebPage"],"@id":"https:\/\/www.newyorkhipknee.com\/es\/privacidad\/","url":"https:\/\/www.newyorkhipknee.com\/es\/privacidad\/","name":"Privacidad | Dr Nakul Karkare Nueva York | Reconstrucci\u00f3n de extremidades NY","isPartOf":{"@id":"https:\/\/www.newyorkhipknee.com\/es\/#website"},"datePublished":"2013-01-28T18:16:08+00:00","dateModified":"2023-02-16T17:03:10+00:00","description":"Nakul V Karkare MD Cirug\u00eda de reconstrucci\u00f3n de extremidades y reemplazo de articulaciones tiene inter\u00e9s en la privacidad y seguridad de visitantes.","breadcrumb":{"@id":"https:\/\/www.newyorkhipknee.com\/es\/privacidad\/#breadcrumb"},"inLanguage":"es","potentialAction":[{"@type":"ReadAction","target":["https:\/\/www.newyorkhipknee.com\/es\/privacidad\/"]}]},{"@type":"BreadcrumbList","@id":"https:\/\/www.newyorkhipknee.com\/es\/privacidad\/#breadcrumb","itemListElement":[{"@type":"ListItem","position":1,"name":"Home","item":"https:\/\/www.newyorkhipknee.com\/es\/"},{"@type":"ListItem","position":2,"name":"Privacidad"}]},{"@type":"WebSite","@id":"https:\/\/www.newyorkhipknee.com\/es\/#website","url":"https:\/\/www.newyorkhipknee.com\/es\/","name":"Best Hip & Knee Surgeon | NY, USA","description":"","potentialAction":[{"@type":"SearchAction","target":{"@type":"EntryPoint","urlTemplate":"https:\/\/www.newyorkhipknee.com\/es\/?s={search_term_string}"},"query-input":{"@type":"PropertyValueSpecification","valueRequired":true,"valueName":"search_term_string"}}],"inLanguage":"es"}]}},"_links":{"self":[{"href":"https:\/\/www.newyorkhipknee.com\/es\/wp-json\/wp\/v2\/pages\/16563","targetHints":{"allow":["GET"]}}],"collection":[{"href":"https:\/\/www.newyorkhipknee.com\/es\/wp-json\/wp\/v2\/pages"}],"about":[{"href":"https:\/\/www.newyorkhipknee.com\/es\/wp-json\/wp\/v2\/types\/page"}],"author":[{"embeddable":true,"href":"https:\/\/www.newyorkhipknee.com\/es\/wp-json\/wp\/v2\/users\/7"}],"replies":[{"embeddable":true,"href":"https:\/\/www.newyorkhipknee.com\/es\/wp-json\/wp\/v2\/comments?post=16563"}],"version-history":[{"count":0,"href":"https:\/\/www.newyorkhipknee.com\/es\/wp-json\/wp\/v2\/pages\/16563\/revisions"}],"wp:attachment":[{"href":"https:\/\/www.newyorkhipknee.com\/es\/wp-json\/wp\/v2\/media?parent=16563"}],"curies":[{"name":"wp","href":"https:\/\/api.w.org\/{rel}","templated":true}]}}