{"id":16567,"date":"2021-10-28T04:00:14","date_gmt":"2021-10-28T08:00:14","guid":{"rendered":"https:\/\/newyorkhipknee.com\/protesis-de-rodilla-a-medida\/se-debe-sustituir-la-rodilla-a-los-jovenes\/"},"modified":"2021-10-28T04:00:14","modified_gmt":"2021-10-28T08:00:14","slug":"se-debe-sustituir-la-rodilla-a-los-jovenes","status":"publish","type":"page","link":"https:\/\/www.newyorkhipknee.com\/es\/protesis-de-rodilla-a-medida\/se-debe-sustituir-la-rodilla-a-los-jovenes\/","title":{"rendered":"\u00bfSe debe sustituir la rodilla a los j\u00f3venes?"},"content":{"rendered":"<p>Vivimos en un mundo en el que los j\u00f3venes suelen participar en actividades deportivas intensas y de alto riesgo. Adem\u00e1s, tenemos numerosos accidentes de tr\u00e1fico en los que se ven implicados j\u00f3venes. Estas actividades suelen provocar fracturas de rodilla. Muchos cirujanos ortop\u00e9dicos han recurrido a menudo a sustituir la rodilla en los j\u00f3venes sin considerar otras opciones. Ahora hay algunos cirujanos ortop\u00e9dicos que sugieren que una osteotom\u00eda tibial alta puede ser una mejor opci\u00f3n en comparaci\u00f3n con una pr\u00f3tesis de rodilla en los j\u00f3venes que s\u00f3lo tienen da\u00f1o unicompartimental del cart\u00edlago articular. De los pocos estudios realizados hasta la fecha se desprende que la osteotom\u00eda, combinada con un procedimiento de recubrimiento del cart\u00edlago, puede evitar una pr\u00f3tesis de rodilla en el futuro o retrasar el momento de realizarla <a href=\"https:\/\/newyorkhipknee.com\/custom-knee-replacement-surgery\/total-knee-replacement\/\">pr\u00f3tesis total de rodilla<\/a> durante muchos a\u00f1os.<\/p>\n<div id=\"attachment_9725\" style=\"width: 510px\" class=\"wp-caption aligncenter\"><img loading=\"lazy\" decoding=\"async\" aria-describedby=\"caption-attachment-9725\" class=\"wp-image-9725\" title=\"Custom knee replacement instruments 1\" src=\"https:\/\/newyorkhipknee.com\/wp-content\/uploads\/2021\/11\/Custom-knee-replacement-instruments-1.jpg\" alt=\"Custom knee replacement instruments\" width=\"500\" height=\"667\" srcset=\"https:\/\/newyorkhipknee.com\/wp-content\/uploads\/2021\/11\/Custom-knee-replacement-instruments-1.jpg 500w, https:\/\/newyorkhipknee.com\/wp-content\/uploads\/2021\/11\/Custom-knee-replacement-instruments-1-480x640.jpg 480w\" sizes=\"(min-width: 0px) and (max-width: 480px) 480px, (min-width: 481px) 500px, 100vw\" \/><p id=\"caption-attachment-9725\" class=\"wp-caption-text\">Instrumentos a medida para pr\u00f3tesis de rodilla<\/p><\/div>\n<p>Hubo un tiempo en que la osteotom\u00eda tibial alta era un procedimiento habitual en EE.UU., pero la t\u00e9cnica ha experimentado un declive gradual en su uso. Por otro lado, se ha producido un gran aumento de los procedimientos de artroplastia unilateral de rodilla en individuos de la tercera y cuarta d\u00e9cada de la vida. Muchos cirujanos ortop\u00e9dicos consideran que esta tendencia a la artroplastia total de rodilla a una edad tan temprana es un error.<\/p>\n<div id=\"attachment_9727\" style=\"width: 510px\" class=\"wp-caption aligncenter\"><img loading=\"lazy\" decoding=\"async\" aria-describedby=\"caption-attachment-9727\" class=\"wp-image-9727\" title=\"Custom knee replacement instruments\" src=\"https:\/\/newyorkhipknee.com\/wp-content\/uploads\/2021\/11\/Custom-knee-replacement-instruments-4.jpg\" alt=\"Custom knee replacement instruments \" width=\"500\" height=\"375\" srcset=\"https:\/\/newyorkhipknee.com\/wp-content\/uploads\/2021\/11\/Custom-knee-replacement-instruments-4.jpg 500w, https:\/\/newyorkhipknee.com\/wp-content\/uploads\/2021\/11\/Custom-knee-replacement-instruments-4-480x360.jpg 480w\" sizes=\"(min-width: 0px) and (max-width: 480px) 480px, (min-width: 481px) 500px, 100vw\" \/><p id=\"caption-attachment-9727\" class=\"wp-caption-text\">Instrumentos a medida para pr\u00f3tesis de rodilla<\/p><\/div>\n<p>En la actualidad, los cirujanos ortop\u00e9dicos m\u00e1s experimentados reservan los procedimientos de sustituci\u00f3n articular para los pacientes de edad avanzada que son menos activos en la vida y puede que nunca necesiten que se les revise el implante. Lamentablemente, no existen ensayos aleatorizados de alta calidad que hayan comparado la osteotom\u00eda tibial alta con la artroplastia unilateral de rodilla para la artroplastia unicompartimental <a href=\"https:\/\/newyorkhipknee.com\/faqs\/knee-arthritis-faqs\/\">artritis de la rodilla<\/a>.<\/p>\n<div id=\"attachment_9726\" style=\"width: 510px\" class=\"wp-caption aligncenter\"><img loading=\"lazy\" decoding=\"async\" aria-describedby=\"caption-attachment-9726\" class=\"wp-image-9726\" title=\"Custom knee replacement instruments\" src=\"https:\/\/newyorkhipknee.com\/wp-content\/uploads\/2021\/11\/Custom-knee-replacement-instruments-3.jpg\" alt=\"Custom knee replacement instruments \" width=\"500\" height=\"375\" srcset=\"https:\/\/newyorkhipknee.com\/wp-content\/uploads\/2021\/11\/Custom-knee-replacement-instruments-3.jpg 500w, https:\/\/newyorkhipknee.com\/wp-content\/uploads\/2021\/11\/Custom-knee-replacement-instruments-3-480x360.jpg 480w\" sizes=\"(min-width: 0px) and (max-width: 480px) 480px, (min-width: 481px) 500px, 100vw\" \/><p id=\"caption-attachment-9726\" class=\"wp-caption-text\">Instrumentos a medida para pr\u00f3tesis de rodilla<\/p><\/div>\n<p>La escasa bibliograf\u00eda disponible sugiere que, a corto plazo, ambos procedimientos parecen tener tasas similares de complicaciones y \u00e9xito. As\u00ed pues, la principal raz\u00f3n para realizar una osteotom\u00eda tibial alta en personas j\u00f3venes es que el implante tras una sustituci\u00f3n total de rodilla tiene una esperanza de vida mucho m\u00e1s corta y casi siempre es necesario realizar un procedimiento REDO en el futuro. Podemos considerar que ahora las personas viven regularmente hasta los 80 a\u00f1os. Pero como los j\u00f3venes pueden necesitar potencialmente dos o tres pr\u00f3tesis de rodilla de revisi\u00f3n. Cada procedimiento aumenta el riesgo de fracaso.<\/p>\n<div id=\"attachment_9713\" style=\"width: 510px\" class=\"wp-caption aligncenter\"><img loading=\"lazy\" decoding=\"async\" aria-describedby=\"caption-attachment-9713\" class=\"wp-image-9713\" title=\"Custom knee replacement instruments\" src=\"https:\/\/newyorkhipknee.com\/wp-content\/uploads\/2021\/11\/Custom-knee-replacement-instruments-5.jpg\" alt=\"Custom knee replacement instruments \" width=\"500\" height=\"375\" srcset=\"https:\/\/newyorkhipknee.com\/wp-content\/uploads\/2021\/11\/Custom-knee-replacement-instruments-5.jpg 500w, https:\/\/newyorkhipknee.com\/wp-content\/uploads\/2021\/11\/Custom-knee-replacement-instruments-5-480x360.jpg 480w\" sizes=\"(min-width: 0px) and (max-width: 480px) 480px, (min-width: 481px) 500px, 100vw\" \/><p id=\"caption-attachment-9713\" class=\"wp-caption-text\">Instrumentos a medida para pr\u00f3tesis de rodilla<\/p><\/div>\n<p>La otra gran ventaja de la osteotom\u00eda tibial alta es que permite reanudar las actividades deportivas. Esto no suele ser posible despu\u00e9s de una pr\u00f3tesis total de rodilla, ya que puede acelerar el fracaso del implante.<\/p>\n<div id=\"attachment_9714\" style=\"width: 510px\" class=\"wp-caption aligncenter\"><img loading=\"lazy\" decoding=\"async\" aria-describedby=\"caption-attachment-9714\" class=\"wp-image-9714\" title=\"Custom knee replacement instruments\" src=\"https:\/\/newyorkhipknee.com\/wp-content\/uploads\/2021\/11\/Custom-knee-replacement-instruments-6.jpg\" alt=\"Custom knee replacement instruments \" width=\"500\" height=\"375\" srcset=\"https:\/\/newyorkhipknee.com\/wp-content\/uploads\/2021\/11\/Custom-knee-replacement-instruments-6.jpg 500w, https:\/\/newyorkhipknee.com\/wp-content\/uploads\/2021\/11\/Custom-knee-replacement-instruments-6-480x360.jpg 480w\" sizes=\"(min-width: 0px) and (max-width: 480px) 480px, (min-width: 481px) 500px, 100vw\" \/><p id=\"caption-attachment-9714\" class=\"wp-caption-text\">Instrumentos a medida para pr\u00f3tesis de rodilla<\/p><\/div>\n<h4>\u00bfOsteotom\u00eda o pr\u00f3tesis de rodilla?<\/h4>\n<p>Los j\u00f3venes optan por la pr\u00f3tesis de rodilla porque la recuperaci\u00f3n es m\u00e1s r\u00e1pida (2-4 semanas), mientras que con una osteotom\u00eda puede ser necesario usar muletas durante 6-12 semanas. Sin embargo, las nuevas t\u00e9cnicas de trasplante, como las c\u00e9lulas madre y el plasma rico en plaquetas, se est\u00e1n convirtiendo en opciones viables. Esto proporcionar\u00e1 m\u00e1s oportunidades para salvar la superficie articular y posponer la sustituci\u00f3n de la rodilla durante d\u00e9cadas. Una vez realizada la artroplastia de rodilla, ninguna de estas opciones est\u00e1 disponible. As\u00ed que, al final, la elecci\u00f3n del procedimiento suele depender de la experiencia del cirujano y de la educaci\u00f3n del paciente. El paciente suele pensar en objetivos a corto plazo, pero el cirujano debe pensar en los resultados a largo plazo. Melton, C. Should young patients ever have knee replacement surgery,\u00a0<a href=\"https:\/\/www.medscape.com\/resource\/arthroplasty\" target=\"_blank\" rel=\"noopener\">https:\/\/www.medscape.com\/resource\/arthroplasty.<\/a><\/p>\n<h3>\u00a0<\/h3>\n<h3>Programe su visita inicial<\/h3>\n<div align=\"center\"><a class=\"livesite-schedule\" href=\"https:\/\/live.vcita.com\/site\/nyhipknee\/online-scheduling?staff=sbuvrwlyhlcvxsjv\" target=\"blank\" rel=\"noopener\" data-staff=\"b69585d231f6813d\"> <img decoding=\"async\" title=\"Schedule Now\" src=\"\/wp-content\/uploads\/2016\/02\/karkare-calendar.png\" alt=\"Schedule Now\" border=\"0\" \/><\/a><\/div>\n","protected":false},"excerpt":{"rendered":"<p>Vivimos en un mundo en el que los j\u00f3venes suelen participar en actividades deportivas intensas y de alto riesgo. Adem\u00e1s, tenemos numerosos accidentes de tr\u00e1fico en los que se ven implicados j\u00f3venes. Estas actividades suelen provocar fracturas de rodilla. Muchos cirujanos ortop\u00e9dicos han recurrido a menudo a sustituir la rodilla en los j\u00f3venes sin considerar [&hellip;]<\/p>\n","protected":false},"author":15,"featured_media":0,"parent":16433,"menu_order":0,"comment_status":"closed","ping_status":"closed","template":"","meta":{"_et_pb_use_builder":"","_et_pb_old_content":"","_et_gb_content_width":"","footnotes":""},"class_list":["post-16567","page","type-page","status-publish","hentry"],"yoast_head":"<!-- This site is optimized with the Yoast SEO plugin v27.2 - https:\/\/yoast.com\/product\/yoast-seo-wordpress\/ -->\n<title>\u00bfSe debe sustituir la rodilla a los j\u00f3venes?<\/title>\n<meta name=\"description\" content=\"Vivimos en un mundo en el que los j\u00f3venes suelen participar en actividades deportivas intensas y de alto riesgo. Adem\u00e1s, tenemos numerosos accidentes de\" \/>\n<meta name=\"robots\" content=\"index, follow, max-snippet:-1, max-image-preview:large, max-video-preview:-1\" \/>\n<link rel=\"canonical\" href=\"https:\/\/www.newyorkhipknee.com\/es\/protesis-de-rodilla-a-medida\/se-debe-sustituir-la-rodilla-a-los-jovenes\/\" \/>\n<meta property=\"og:locale\" content=\"es_ES\" \/>\n<meta property=\"og:type\" content=\"article\" \/>\n<meta property=\"og:title\" content=\"\u00bfSe debe sustituir la rodilla a los j\u00f3venes?\" \/>\n<meta property=\"og:description\" content=\"Vivimos en un mundo en el que los j\u00f3venes suelen participar en actividades deportivas intensas y de alto riesgo. Adem\u00e1s, tenemos numerosos accidentes de\" \/>\n<meta property=\"og:url\" content=\"https:\/\/www.newyorkhipknee.com\/es\/protesis-de-rodilla-a-medida\/se-debe-sustituir-la-rodilla-a-los-jovenes\/\" \/>\n<meta property=\"og:site_name\" content=\"Best Hip &amp; Knee Surgeon | NY, USA\" \/>\n<meta property=\"og:image\" content=\"https:\/\/newyorkhipknee.com\/wp-content\/uploads\/2021\/11\/Custom-knee-replacement-instruments-1.jpg\" \/>\n<meta name=\"twitter:card\" content=\"summary_large_image\" \/>\n<meta name=\"twitter:label1\" content=\"Tiempo de lectura\" \/>\n\t<meta name=\"twitter:data1\" content=\"3 minutos\" \/>\n<script type=\"application\/ld+json\" class=\"yoast-schema-graph\">{\"@context\":\"https:\/\/schema.org\",\"@graph\":[{\"@type\":[\"WebPage\",\"MedicalWebPage\"],\"@id\":\"https:\/\/www.newyorkhipknee.com\/es\/protesis-de-rodilla-a-medida\/se-debe-sustituir-la-rodilla-a-los-jovenes\/\",\"url\":\"https:\/\/www.newyorkhipknee.com\/es\/protesis-de-rodilla-a-medida\/se-debe-sustituir-la-rodilla-a-los-jovenes\/\",\"name\":\"\u00bfSe debe sustituir la rodilla a los j\u00f3venes?\",\"isPartOf\":{\"@id\":\"https:\/\/www.newyorkhipknee.com\/es\/#website\"},\"primaryImageOfPage\":{\"@id\":\"https:\/\/www.newyorkhipknee.com\/es\/protesis-de-rodilla-a-medida\/se-debe-sustituir-la-rodilla-a-los-jovenes\/#primaryimage\"},\"image\":{\"@id\":\"https:\/\/www.newyorkhipknee.com\/es\/protesis-de-rodilla-a-medida\/se-debe-sustituir-la-rodilla-a-los-jovenes\/#primaryimage\"},\"thumbnailUrl\":\"https:\/\/newyorkhipknee.com\/wp-content\/uploads\/2021\/11\/Custom-knee-replacement-instruments-1.jpg\",\"datePublished\":\"2021-10-28T08:00:14+00:00\",\"description\":\"Vivimos en un mundo en el que los j\u00f3venes suelen participar en actividades deportivas intensas y de alto riesgo. Adem\u00e1s, tenemos numerosos accidentes de\",\"breadcrumb\":{\"@id\":\"https:\/\/www.newyorkhipknee.com\/es\/protesis-de-rodilla-a-medida\/se-debe-sustituir-la-rodilla-a-los-jovenes\/#breadcrumb\"},\"inLanguage\":\"es\",\"potentialAction\":[{\"@type\":\"ReadAction\",\"target\":[\"https:\/\/www.newyorkhipknee.com\/es\/protesis-de-rodilla-a-medida\/se-debe-sustituir-la-rodilla-a-los-jovenes\/\"]}]},{\"@type\":\"ImageObject\",\"inLanguage\":\"es\",\"@id\":\"https:\/\/www.newyorkhipknee.com\/es\/protesis-de-rodilla-a-medida\/se-debe-sustituir-la-rodilla-a-los-jovenes\/#primaryimage\",\"url\":\"https:\/\/newyorkhipknee.com\/wp-content\/uploads\/2021\/11\/Custom-knee-replacement-instruments-1.jpg\",\"contentUrl\":\"https:\/\/newyorkhipknee.com\/wp-content\/uploads\/2021\/11\/Custom-knee-replacement-instruments-1.jpg\"},{\"@type\":\"BreadcrumbList\",\"@id\":\"https:\/\/www.newyorkhipknee.com\/es\/protesis-de-rodilla-a-medida\/se-debe-sustituir-la-rodilla-a-los-jovenes\/#breadcrumb\",\"itemListElement\":[{\"@type\":\"ListItem\",\"position\":1,\"name\":\"Home\",\"item\":\"https:\/\/www.newyorkhipknee.com\/es\/\"},{\"@type\":\"ListItem\",\"position\":2,\"name\":\"Pr\u00f3tesis de rodilla a medida\",\"item\":\"https:\/\/www.newyorkhipknee.com\/es\/protesis-de-rodilla-a-medida\/\"},{\"@type\":\"ListItem\",\"position\":3,\"name\":\"\u00bfSe debe sustituir la rodilla a los j\u00f3venes?\"}]},{\"@type\":\"WebSite\",\"@id\":\"https:\/\/www.newyorkhipknee.com\/es\/#website\",\"url\":\"https:\/\/www.newyorkhipknee.com\/es\/\",\"name\":\"Best Hip & Knee Surgeon | NY, USA\",\"description\":\"\",\"potentialAction\":[{\"@type\":\"SearchAction\",\"target\":{\"@type\":\"EntryPoint\",\"urlTemplate\":\"https:\/\/www.newyorkhipknee.com\/es\/?s={search_term_string}\"},\"query-input\":{\"@type\":\"PropertyValueSpecification\",\"valueRequired\":true,\"valueName\":\"search_term_string\"}}],\"inLanguage\":\"es\"}]}<\/script>\n<!-- \/ Yoast SEO plugin. -->","yoast_head_json":{"title":"\u00bfSe debe sustituir la rodilla a los j\u00f3venes?","description":"Vivimos en un mundo en el que los j\u00f3venes suelen participar en actividades deportivas intensas y de alto riesgo. Adem\u00e1s, tenemos numerosos accidentes de","robots":{"index":"index","follow":"follow","max-snippet":"max-snippet:-1","max-image-preview":"max-image-preview:large","max-video-preview":"max-video-preview:-1"},"canonical":"https:\/\/www.newyorkhipknee.com\/es\/protesis-de-rodilla-a-medida\/se-debe-sustituir-la-rodilla-a-los-jovenes\/","og_locale":"es_ES","og_type":"article","og_title":"\u00bfSe debe sustituir la rodilla a los j\u00f3venes?","og_description":"Vivimos en un mundo en el que los j\u00f3venes suelen participar en actividades deportivas intensas y de alto riesgo. Adem\u00e1s, tenemos numerosos accidentes de","og_url":"https:\/\/www.newyorkhipknee.com\/es\/protesis-de-rodilla-a-medida\/se-debe-sustituir-la-rodilla-a-los-jovenes\/","og_site_name":"Best Hip &amp; Knee Surgeon | NY, USA","og_image":[{"url":"https:\/\/newyorkhipknee.com\/wp-content\/uploads\/2021\/11\/Custom-knee-replacement-instruments-1.jpg","type":"","width":"","height":""}],"twitter_card":"summary_large_image","twitter_misc":{"Tiempo de lectura":"3 minutos"},"schema":{"@context":"https:\/\/schema.org","@graph":[{"@type":["WebPage","MedicalWebPage"],"@id":"https:\/\/www.newyorkhipknee.com\/es\/protesis-de-rodilla-a-medida\/se-debe-sustituir-la-rodilla-a-los-jovenes\/","url":"https:\/\/www.newyorkhipknee.com\/es\/protesis-de-rodilla-a-medida\/se-debe-sustituir-la-rodilla-a-los-jovenes\/","name":"\u00bfSe debe sustituir la rodilla a los j\u00f3venes?","isPartOf":{"@id":"https:\/\/www.newyorkhipknee.com\/es\/#website"},"primaryImageOfPage":{"@id":"https:\/\/www.newyorkhipknee.com\/es\/protesis-de-rodilla-a-medida\/se-debe-sustituir-la-rodilla-a-los-jovenes\/#primaryimage"},"image":{"@id":"https:\/\/www.newyorkhipknee.com\/es\/protesis-de-rodilla-a-medida\/se-debe-sustituir-la-rodilla-a-los-jovenes\/#primaryimage"},"thumbnailUrl":"https:\/\/newyorkhipknee.com\/wp-content\/uploads\/2021\/11\/Custom-knee-replacement-instruments-1.jpg","datePublished":"2021-10-28T08:00:14+00:00","description":"Vivimos en un mundo en el que los j\u00f3venes suelen participar en actividades deportivas intensas y de alto riesgo. Adem\u00e1s, tenemos numerosos accidentes de","breadcrumb":{"@id":"https:\/\/www.newyorkhipknee.com\/es\/protesis-de-rodilla-a-medida\/se-debe-sustituir-la-rodilla-a-los-jovenes\/#breadcrumb"},"inLanguage":"es","potentialAction":[{"@type":"ReadAction","target":["https:\/\/www.newyorkhipknee.com\/es\/protesis-de-rodilla-a-medida\/se-debe-sustituir-la-rodilla-a-los-jovenes\/"]}]},{"@type":"ImageObject","inLanguage":"es","@id":"https:\/\/www.newyorkhipknee.com\/es\/protesis-de-rodilla-a-medida\/se-debe-sustituir-la-rodilla-a-los-jovenes\/#primaryimage","url":"https:\/\/newyorkhipknee.com\/wp-content\/uploads\/2021\/11\/Custom-knee-replacement-instruments-1.jpg","contentUrl":"https:\/\/newyorkhipknee.com\/wp-content\/uploads\/2021\/11\/Custom-knee-replacement-instruments-1.jpg"},{"@type":"BreadcrumbList","@id":"https:\/\/www.newyorkhipknee.com\/es\/protesis-de-rodilla-a-medida\/se-debe-sustituir-la-rodilla-a-los-jovenes\/#breadcrumb","itemListElement":[{"@type":"ListItem","position":1,"name":"Home","item":"https:\/\/www.newyorkhipknee.com\/es\/"},{"@type":"ListItem","position":2,"name":"Pr\u00f3tesis de rodilla a medida","item":"https:\/\/www.newyorkhipknee.com\/es\/protesis-de-rodilla-a-medida\/"},{"@type":"ListItem","position":3,"name":"\u00bfSe debe sustituir la rodilla a los j\u00f3venes?"}]},{"@type":"WebSite","@id":"https:\/\/www.newyorkhipknee.com\/es\/#website","url":"https:\/\/www.newyorkhipknee.com\/es\/","name":"Best Hip & Knee Surgeon | NY, USA","description":"","potentialAction":[{"@type":"SearchAction","target":{"@type":"EntryPoint","urlTemplate":"https:\/\/www.newyorkhipknee.com\/es\/?s={search_term_string}"},"query-input":{"@type":"PropertyValueSpecification","valueRequired":true,"valueName":"search_term_string"}}],"inLanguage":"es"}]}},"_links":{"self":[{"href":"https:\/\/www.newyorkhipknee.com\/es\/wp-json\/wp\/v2\/pages\/16567","targetHints":{"allow":["GET"]}}],"collection":[{"href":"https:\/\/www.newyorkhipknee.com\/es\/wp-json\/wp\/v2\/pages"}],"about":[{"href":"https:\/\/www.newyorkhipknee.com\/es\/wp-json\/wp\/v2\/types\/page"}],"author":[{"embeddable":true,"href":"https:\/\/www.newyorkhipknee.com\/es\/wp-json\/wp\/v2\/users\/15"}],"replies":[{"embeddable":true,"href":"https:\/\/www.newyorkhipknee.com\/es\/wp-json\/wp\/v2\/comments?post=16567"}],"version-history":[{"count":0,"href":"https:\/\/www.newyorkhipknee.com\/es\/wp-json\/wp\/v2\/pages\/16567\/revisions"}],"up":[{"embeddable":true,"href":"https:\/\/www.newyorkhipknee.com\/es\/wp-json\/wp\/v2\/pages\/16433"}],"wp:attachment":[{"href":"https:\/\/www.newyorkhipknee.com\/es\/wp-json\/wp\/v2\/media?parent=16567"}],"curies":[{"name":"wp","href":"https:\/\/api.w.org\/{rel}","templated":true}]}}