{"id":16568,"date":"2021-10-29T18:32:49","date_gmt":"2021-10-29T22:32:49","guid":{"rendered":"https:\/\/newyorkhipknee.com\/protesis-de-rodilla-a-medida\/ducharse-tras-una-operacion-de-protesis-de-rodilla\/"},"modified":"2023-02-10T03:15:43","modified_gmt":"2023-02-10T08:15:43","slug":"ducharse-tras-una-operacion-de-protesis-de-rodilla","status":"publish","type":"page","link":"https:\/\/www.newyorkhipknee.com\/es\/protesis-de-rodilla-a-medida\/ducharse-tras-una-operacion-de-protesis-de-rodilla\/","title":{"rendered":"Ducharse tras una operaci\u00f3n de pr\u00f3tesis de rodilla"},"content":{"rendered":"<p>Un mito muy popular sobre la ducha despu\u00e9s de una <a href=\"https:\/\/newyorkhipknee.com\/custom-knee-replacement-surgery\/total-knee-replacement\/\">operaci\u00f3n de pr\u00f3tesis de rodilla<\/a> es la creencia de que hay que evitar ba\u00f1arse a corto plazo despu\u00e9s de una operaci\u00f3n de pr\u00f3tesis.<\/p>\n<p>Durante d\u00e9cadas, los pacientes que se somet\u00edan a una operaci\u00f3n de pr\u00f3tesis de rodilla ten\u00edan la impresi\u00f3n de que no pod\u00edan sumergir la zona de cicatrizaci\u00f3n durante al menos 14 d\u00edas o, como m\u00ednimo, hasta despu\u00e9s de retirar las grapas cut\u00e1neas para evitar la p\u00e9rdida accidental de suturas.<\/p>\n<p>Para la mayor\u00eda de los pacientes, esta \u00abregla\u00bb era desagradable. La mayor\u00eda de los pacientes quieren irse a casa, ba\u00f1arse y deshacerse de todas las marcas de esparadrapo, y sentirse limpios. Pues bien, ahora un estudio demuestra que este consejo consagrado es innecesario en la mayor\u00eda de los pacientes.<\/p>\n<h4>Investigaci\u00f3n en la Escuela Loyola<\/h4>\n<p>Investigadores de la Facultad de Medicina de Loyola han realizado recientemente un estudio sobre la ducha despu\u00e9s de una operaci\u00f3n de pr\u00f3tesis de rodilla. Este estudio se realiz\u00f3 comparando los recuentos de bacterias en la piel de los pacientes que se ducharon 48 horas despu\u00e9s de la artroplastia de rodilla con los pacientes que esperaron entre 10 y 14 d\u00edas.<\/p>\n<p>Una vez los investigadores tomaron muestras de la piel cercana a la incisi\u00f3n de los pacientes que acababan de ba\u00f1arse. Analizaron las c\u00e9lulas microsc\u00f3picas de la piel para ver si hab\u00eda alguna diferencia en el recuento bacteriano de los pacientes que se hab\u00edan duchado 48 horas despu\u00e9s de la cirug\u00eda frente a los pacientes que retrasaron el ba\u00f1o entre 10 y 14 d\u00edas.<\/p>\n<p>Al revisar los datos, descubrieron que ning\u00fan paciente de ninguno de los dos grupos hab\u00eda desarrollado signos de infecci\u00f3n y, por tanto, que no hab\u00eda motivo para esperar dos semanas antes de ducharse tras una operaci\u00f3n de pr\u00f3tesis de rodilla.<\/p>\n<p>Adem\u00e1s, descubrieron que la mayor\u00eda de los pacientes del estudio que prefieren ducharse pronto que esperar entre 10 y 14 d\u00edas. La mayor\u00eda de los pacientes afirmaron que, si se les diera la opci\u00f3n, preferir\u00edan ducharse antes que despu\u00e9s.<\/p>\n<h4>\u00bfDe d\u00f3nde han salido estas ideas sobre la ducha despu\u00e9s de una operaci\u00f3n de pr\u00f3tesis de rodilla?<\/h4>\n<p>Los cirujanos ortop\u00e9dicos temen las infecciones de las heridas y tienen varios tipos de reg\u00edmenes de cuidados postoperatorios, pero casi todos recomiendan retrasar la ducha. Se desconoce c\u00f3mo y cu\u00e1ndo surgi\u00f3 esta norma de las dos semanas. Pero no hay estudios que respalden este r\u00e9gimen.<\/p>\n<p>Cada operaci\u00f3n de <a href=\"https:\/\/newyorkhipknee.com\/hip-replacement-surgery\/\">pr\u00f3tesis de cadera<\/a> y de rodilla va a ser diferente, por lo tanto, lo mejor es que hable con su cirujano ortop\u00e9dico sobre su opini\u00f3n acerca de ducharse despu\u00e9s de la operaci\u00f3n.<\/p>\n<h3>Programe su visita inicial<\/h3>\n<div align=\"center\"><a class=\"livesite-schedule\" href=\"https:\/\/live.vcita.com\/site\/nyhipknee\/online-scheduling?staff=sbuvrwlyhlcvxsjv\" target=\"blank\" rel=\"noopener\" data-staff=\"b69585d231f6813d\"><br \/>\n<img decoding=\"async\" title=\"Programar ahora\" src=\"\/wp-content\/uploads\/2016\/02\/karkare-calendar.png\" alt=\"Programar ahora\" border=\"0\"><\/a><\/div>\n","protected":false},"excerpt":{"rendered":"<p>Un mito muy popular sobre la ducha despu\u00e9s de una operaci\u00f3n de pr\u00f3tesis de rodilla es la creencia de que hay que evitar ba\u00f1arse a corto plazo despu\u00e9s de una operaci\u00f3n de pr\u00f3tesis. Durante d\u00e9cadas, los pacientes que se somet\u00edan a una operaci\u00f3n de pr\u00f3tesis de rodilla ten\u00edan la impresi\u00f3n de que no pod\u00edan sumergir [&hellip;]<\/p>\n","protected":false},"author":15,"featured_media":0,"parent":16433,"menu_order":0,"comment_status":"closed","ping_status":"closed","template":"","meta":{"_et_pb_use_builder":"","_et_pb_old_content":"","_et_gb_content_width":"","footnotes":""},"class_list":["post-16568","page","type-page","status-publish","hentry"],"yoast_head":"<!-- This site is optimized with the Yoast SEO plugin v27.2 - https:\/\/yoast.com\/product\/yoast-seo-wordpress\/ -->\n<title>Ducharse tras una operaci\u00f3n de pr\u00f3tesis de rodilla | Best Hip &amp; Knee Surgeon | NY, USA<\/title>\n<meta name=\"description\" content=\"Un mito muy popular sobre la ducha despu\u00e9s de una operaci\u00f3n de pr\u00f3tesis de rodilla es la creencia de que hay que evitar ba\u00f1arse a corto plazo despu\u00e9s de una operaci\u00f3n de pr\u00f3tesis.\" \/>\n<meta name=\"robots\" content=\"index, follow, max-snippet:-1, max-image-preview:large, max-video-preview:-1\" \/>\n<link rel=\"canonical\" href=\"https:\/\/www.newyorkhipknee.com\/es\/protesis-de-rodilla-a-medida\/ducharse-tras-una-operacion-de-protesis-de-rodilla\/\" \/>\n<meta property=\"og:locale\" content=\"es_ES\" \/>\n<meta property=\"og:type\" content=\"article\" \/>\n<meta property=\"og:title\" content=\"Ducharse tras una operaci\u00f3n de pr\u00f3tesis de rodilla | Best Hip &amp; Knee Surgeon | NY, USA\" \/>\n<meta property=\"og:description\" content=\"Un mito muy popular sobre la ducha despu\u00e9s de una operaci\u00f3n de pr\u00f3tesis de rodilla es la creencia de que hay que evitar ba\u00f1arse a corto plazo despu\u00e9s de una operaci\u00f3n de pr\u00f3tesis.\" \/>\n<meta property=\"og:url\" content=\"https:\/\/www.newyorkhipknee.com\/es\/protesis-de-rodilla-a-medida\/ducharse-tras-una-operacion-de-protesis-de-rodilla\/\" \/>\n<meta property=\"og:site_name\" content=\"Best Hip &amp; Knee Surgeon | NY, USA\" \/>\n<meta property=\"article:modified_time\" content=\"2023-02-10T08:15:43+00:00\" \/>\n<meta name=\"twitter:card\" content=\"summary_large_image\" \/>\n<meta name=\"twitter:label1\" content=\"Tiempo de lectura\" \/>\n\t<meta name=\"twitter:data1\" content=\"2 minutos\" \/>\n<script type=\"application\/ld+json\" class=\"yoast-schema-graph\">{\"@context\":\"https:\/\/schema.org\",\"@graph\":[{\"@type\":[\"WebPage\",\"MedicalWebPage\"],\"@id\":\"https:\/\/www.newyorkhipknee.com\/es\/protesis-de-rodilla-a-medida\/ducharse-tras-una-operacion-de-protesis-de-rodilla\/\",\"url\":\"https:\/\/www.newyorkhipknee.com\/es\/protesis-de-rodilla-a-medida\/ducharse-tras-una-operacion-de-protesis-de-rodilla\/\",\"name\":\"Ducharse tras una operaci\u00f3n de pr\u00f3tesis de rodilla | Best Hip &amp; Knee Surgeon | NY, USA\",\"isPartOf\":{\"@id\":\"https:\/\/www.newyorkhipknee.com\/es\/#website\"},\"datePublished\":\"2021-10-29T22:32:49+00:00\",\"dateModified\":\"2023-02-10T08:15:43+00:00\",\"description\":\"Un mito muy popular sobre la ducha despu\u00e9s de una operaci\u00f3n de pr\u00f3tesis de rodilla es la creencia de que hay que evitar ba\u00f1arse a corto plazo despu\u00e9s de una operaci\u00f3n de pr\u00f3tesis.\",\"breadcrumb\":{\"@id\":\"https:\/\/www.newyorkhipknee.com\/es\/protesis-de-rodilla-a-medida\/ducharse-tras-una-operacion-de-protesis-de-rodilla\/#breadcrumb\"},\"inLanguage\":\"es\",\"potentialAction\":[{\"@type\":\"ReadAction\",\"target\":[\"https:\/\/www.newyorkhipknee.com\/es\/protesis-de-rodilla-a-medida\/ducharse-tras-una-operacion-de-protesis-de-rodilla\/\"]}]},{\"@type\":\"BreadcrumbList\",\"@id\":\"https:\/\/www.newyorkhipknee.com\/es\/protesis-de-rodilla-a-medida\/ducharse-tras-una-operacion-de-protesis-de-rodilla\/#breadcrumb\",\"itemListElement\":[{\"@type\":\"ListItem\",\"position\":1,\"name\":\"Home\",\"item\":\"https:\/\/www.newyorkhipknee.com\/es\/\"},{\"@type\":\"ListItem\",\"position\":2,\"name\":\"Pr\u00f3tesis de rodilla a medida\",\"item\":\"https:\/\/www.newyorkhipknee.com\/es\/protesis-de-rodilla-a-medida\/\"},{\"@type\":\"ListItem\",\"position\":3,\"name\":\"Ducharse tras una operaci\u00f3n de pr\u00f3tesis de rodilla\"}]},{\"@type\":\"WebSite\",\"@id\":\"https:\/\/www.newyorkhipknee.com\/es\/#website\",\"url\":\"https:\/\/www.newyorkhipknee.com\/es\/\",\"name\":\"Best Hip & Knee Surgeon | NY, USA\",\"description\":\"\",\"potentialAction\":[{\"@type\":\"SearchAction\",\"target\":{\"@type\":\"EntryPoint\",\"urlTemplate\":\"https:\/\/www.newyorkhipknee.com\/es\/?s={search_term_string}\"},\"query-input\":{\"@type\":\"PropertyValueSpecification\",\"valueRequired\":true,\"valueName\":\"search_term_string\"}}],\"inLanguage\":\"es\"}]}<\/script>\n<!-- \/ Yoast SEO plugin. -->","yoast_head_json":{"title":"Ducharse tras una operaci\u00f3n de pr\u00f3tesis de rodilla | Best Hip &amp; Knee Surgeon | NY, USA","description":"Un mito muy popular sobre la ducha despu\u00e9s de una operaci\u00f3n de pr\u00f3tesis de rodilla es la creencia de que hay que evitar ba\u00f1arse a corto plazo despu\u00e9s de una operaci\u00f3n de pr\u00f3tesis.","robots":{"index":"index","follow":"follow","max-snippet":"max-snippet:-1","max-image-preview":"max-image-preview:large","max-video-preview":"max-video-preview:-1"},"canonical":"https:\/\/www.newyorkhipknee.com\/es\/protesis-de-rodilla-a-medida\/ducharse-tras-una-operacion-de-protesis-de-rodilla\/","og_locale":"es_ES","og_type":"article","og_title":"Ducharse tras una operaci\u00f3n de pr\u00f3tesis de rodilla | Best Hip &amp; Knee Surgeon | NY, USA","og_description":"Un mito muy popular sobre la ducha despu\u00e9s de una operaci\u00f3n de pr\u00f3tesis de rodilla es la creencia de que hay que evitar ba\u00f1arse a corto plazo despu\u00e9s de una operaci\u00f3n de pr\u00f3tesis.","og_url":"https:\/\/www.newyorkhipknee.com\/es\/protesis-de-rodilla-a-medida\/ducharse-tras-una-operacion-de-protesis-de-rodilla\/","og_site_name":"Best Hip &amp; Knee Surgeon | NY, USA","article_modified_time":"2023-02-10T08:15:43+00:00","twitter_card":"summary_large_image","twitter_misc":{"Tiempo de lectura":"2 minutos"},"schema":{"@context":"https:\/\/schema.org","@graph":[{"@type":["WebPage","MedicalWebPage"],"@id":"https:\/\/www.newyorkhipknee.com\/es\/protesis-de-rodilla-a-medida\/ducharse-tras-una-operacion-de-protesis-de-rodilla\/","url":"https:\/\/www.newyorkhipknee.com\/es\/protesis-de-rodilla-a-medida\/ducharse-tras-una-operacion-de-protesis-de-rodilla\/","name":"Ducharse tras una operaci\u00f3n de pr\u00f3tesis de rodilla | Best Hip &amp; Knee Surgeon | NY, USA","isPartOf":{"@id":"https:\/\/www.newyorkhipknee.com\/es\/#website"},"datePublished":"2021-10-29T22:32:49+00:00","dateModified":"2023-02-10T08:15:43+00:00","description":"Un mito muy popular sobre la ducha despu\u00e9s de una operaci\u00f3n de pr\u00f3tesis de rodilla es la creencia de que hay que evitar ba\u00f1arse a corto plazo despu\u00e9s de una operaci\u00f3n de pr\u00f3tesis.","breadcrumb":{"@id":"https:\/\/www.newyorkhipknee.com\/es\/protesis-de-rodilla-a-medida\/ducharse-tras-una-operacion-de-protesis-de-rodilla\/#breadcrumb"},"inLanguage":"es","potentialAction":[{"@type":"ReadAction","target":["https:\/\/www.newyorkhipknee.com\/es\/protesis-de-rodilla-a-medida\/ducharse-tras-una-operacion-de-protesis-de-rodilla\/"]}]},{"@type":"BreadcrumbList","@id":"https:\/\/www.newyorkhipknee.com\/es\/protesis-de-rodilla-a-medida\/ducharse-tras-una-operacion-de-protesis-de-rodilla\/#breadcrumb","itemListElement":[{"@type":"ListItem","position":1,"name":"Home","item":"https:\/\/www.newyorkhipknee.com\/es\/"},{"@type":"ListItem","position":2,"name":"Pr\u00f3tesis de rodilla a medida","item":"https:\/\/www.newyorkhipknee.com\/es\/protesis-de-rodilla-a-medida\/"},{"@type":"ListItem","position":3,"name":"Ducharse tras una operaci\u00f3n de pr\u00f3tesis de rodilla"}]},{"@type":"WebSite","@id":"https:\/\/www.newyorkhipknee.com\/es\/#website","url":"https:\/\/www.newyorkhipknee.com\/es\/","name":"Best Hip & Knee Surgeon | NY, USA","description":"","potentialAction":[{"@type":"SearchAction","target":{"@type":"EntryPoint","urlTemplate":"https:\/\/www.newyorkhipknee.com\/es\/?s={search_term_string}"},"query-input":{"@type":"PropertyValueSpecification","valueRequired":true,"valueName":"search_term_string"}}],"inLanguage":"es"}]}},"_links":{"self":[{"href":"https:\/\/www.newyorkhipknee.com\/es\/wp-json\/wp\/v2\/pages\/16568","targetHints":{"allow":["GET"]}}],"collection":[{"href":"https:\/\/www.newyorkhipknee.com\/es\/wp-json\/wp\/v2\/pages"}],"about":[{"href":"https:\/\/www.newyorkhipknee.com\/es\/wp-json\/wp\/v2\/types\/page"}],"author":[{"embeddable":true,"href":"https:\/\/www.newyorkhipknee.com\/es\/wp-json\/wp\/v2\/users\/15"}],"replies":[{"embeddable":true,"href":"https:\/\/www.newyorkhipknee.com\/es\/wp-json\/wp\/v2\/comments?post=16568"}],"version-history":[{"count":0,"href":"https:\/\/www.newyorkhipknee.com\/es\/wp-json\/wp\/v2\/pages\/16568\/revisions"}],"up":[{"embeddable":true,"href":"https:\/\/www.newyorkhipknee.com\/es\/wp-json\/wp\/v2\/pages\/16433"}],"wp:attachment":[{"href":"https:\/\/www.newyorkhipknee.com\/es\/wp-json\/wp\/v2\/media?parent=16568"}],"curies":[{"name":"wp","href":"https:\/\/api.w.org\/{rel}","templated":true}]}}