{"id":16570,"date":"2021-10-29T19:18:36","date_gmt":"2021-10-29T23:18:36","guid":{"rendered":"https:\/\/newyorkhipknee.com\/protesis-de-rodilla-a-medida\/novedades-en-protesis-de-rodilla\/"},"modified":"2023-02-10T03:15:47","modified_gmt":"2023-02-10T08:15:47","slug":"novedades-en-protesis-de-rodilla","status":"publish","type":"page","link":"https:\/\/www.newyorkhipknee.com\/es\/protesis-de-rodilla-a-medida\/novedades-en-protesis-de-rodilla\/","title":{"rendered":"Novedades en pr\u00f3tesis de rodilla"},"content":{"rendered":"<h3>Novedades en pr\u00f3tesis de rodilla<\/h3>\n<p>Para un paciente que est\u00e9 pensando en <a href=\"https:\/\/newyorkhipknee.com\/ca-en\/total-knee-replacement\/\">someterse a una operaci\u00f3n de pr\u00f3tesis de rodilla<\/a>, hay nuevos avances en estudio que pueden ayudar a mejorar su calidad de vida. Entre ellas se encuentran:<\/p>\n<ul>\n<li>En primer lugar, el uso de piezas no cementadas que permiten el crecimiento de hueso nuevo en una pr\u00f3tesis porosa y mantienen las piezas en su lugar, creando una fijaci\u00f3n biol\u00f3gica.<\/li>\n<li>El uso de pr\u00f3tesis de rodilla con soporte m\u00f3vil. Aqu\u00ed es donde un inserto de polietileno crea una articulaci\u00f3n de doble superficie al articularse con los componentes femorales y tibiales. Esto aumentar\u00e1 la vida \u00fatil del implante al reducir el desgaste.<\/li>\n<li>Desarrollo de sistemas con cinem\u00e1tica mejorada<\/li>\n<li>Mejor fijaci\u00f3n<\/li>\n<li>Un uso de superficies articulares bioactivas como la hidroxiapatita, un componente principal y un ingrediente esencial del hueso y los dientes normales.<\/li>\n<li>Uso de cirug\u00eda guiada por navegaci\u00f3n que implica el uso de instrumentos guiados por navegaci\u00f3n con incisiones m\u00e1s peque\u00f1as y menos da\u00f1o tisular. S\u00f3lo cirujanos con formaci\u00f3n adecuada y diversas medidas ofrecen este procedimiento.<\/li>\n<\/ul>\n<h3>Programe su visita inicial<\/h3>\n<div align=\"center\"><a class=\"livesite-schedule\" href=\"https:\/\/live.vcita.com\/site\/nyhipknee\/online-scheduling?staff=sbuvrwlyhlcvxsjv\" target=\"blank\" rel=\"noopener\" data-staff=\"b69585d231f6813d\"><br \/>\n<img decoding=\"async\" title=\"Programar ahora\" src=\"\/wp-content\/uploads\/2016\/02\/karkare-calendar.png\" alt=\"Programar ahora\" border=\"0\"><\/a><\/div>\n","protected":false},"excerpt":{"rendered":"<p>Novedades en pr\u00f3tesis de rodilla Para un paciente que est\u00e9 pensando en someterse a una operaci\u00f3n de pr\u00f3tesis de rodilla, hay nuevos avances en estudio que pueden ayudar a mejorar su calidad de vida. Entre ellas se encuentran: En primer lugar, el uso de piezas no cementadas que permiten el crecimiento de hueso nuevo en [&hellip;]<\/p>\n","protected":false},"author":15,"featured_media":0,"parent":16433,"menu_order":0,"comment_status":"closed","ping_status":"closed","template":"","meta":{"_et_pb_use_builder":"","_et_pb_old_content":"","_et_gb_content_width":"","footnotes":""},"class_list":["post-16570","page","type-page","status-publish","hentry"],"yoast_head":"<!-- This site is optimized with the Yoast SEO plugin v27.2 - https:\/\/yoast.com\/product\/yoast-seo-wordpress\/ -->\n<title>Novedades en pr\u00f3tesis de rodilla | Best Hip &amp; Knee Surgeon | NY, USA<\/title>\n<meta name=\"description\" content=\"Para un paciente que est\u00e9 pensando en someterse a una operaci\u00f3n de pr\u00f3tesis de rodilla, hay nuevos avances en estudio que pueden ayudar a mejorar su calidad de vida.\" \/>\n<meta name=\"robots\" content=\"index, follow, max-snippet:-1, max-image-preview:large, max-video-preview:-1\" \/>\n<link rel=\"canonical\" href=\"https:\/\/www.newyorkhipknee.com\/es\/protesis-de-rodilla-a-medida\/novedades-en-protesis-de-rodilla\/\" \/>\n<meta property=\"og:locale\" content=\"es_ES\" \/>\n<meta property=\"og:type\" content=\"article\" \/>\n<meta property=\"og:title\" content=\"Novedades en pr\u00f3tesis de rodilla | Best Hip &amp; Knee Surgeon | NY, USA\" \/>\n<meta property=\"og:description\" content=\"Para un paciente que est\u00e9 pensando en someterse a una operaci\u00f3n de pr\u00f3tesis de rodilla, hay nuevos avances en estudio que pueden ayudar a mejorar su calidad de vida.\" \/>\n<meta property=\"og:url\" content=\"https:\/\/www.newyorkhipknee.com\/es\/protesis-de-rodilla-a-medida\/novedades-en-protesis-de-rodilla\/\" \/>\n<meta property=\"og:site_name\" content=\"Best Hip &amp; Knee Surgeon | NY, USA\" \/>\n<meta property=\"article:modified_time\" content=\"2023-02-10T08:15:47+00:00\" \/>\n<meta name=\"twitter:card\" content=\"summary_large_image\" \/>\n<meta name=\"twitter:label1\" content=\"Tiempo de lectura\" \/>\n\t<meta name=\"twitter:data1\" content=\"1 minuto\" \/>\n<script type=\"application\/ld+json\" class=\"yoast-schema-graph\">{\"@context\":\"https:\/\/schema.org\",\"@graph\":[{\"@type\":[\"WebPage\",\"MedicalWebPage\"],\"@id\":\"https:\/\/www.newyorkhipknee.com\/es\/protesis-de-rodilla-a-medida\/novedades-en-protesis-de-rodilla\/\",\"url\":\"https:\/\/www.newyorkhipknee.com\/es\/protesis-de-rodilla-a-medida\/novedades-en-protesis-de-rodilla\/\",\"name\":\"Novedades en pr\u00f3tesis de rodilla | Best Hip &amp; Knee Surgeon | NY, USA\",\"isPartOf\":{\"@id\":\"https:\/\/www.newyorkhipknee.com\/es\/#website\"},\"datePublished\":\"2021-10-29T23:18:36+00:00\",\"dateModified\":\"2023-02-10T08:15:47+00:00\",\"description\":\"Para un paciente que est\u00e9 pensando en someterse a una operaci\u00f3n de pr\u00f3tesis de rodilla, hay nuevos avances en estudio que pueden ayudar a mejorar su calidad de vida.\",\"breadcrumb\":{\"@id\":\"https:\/\/www.newyorkhipknee.com\/es\/protesis-de-rodilla-a-medida\/novedades-en-protesis-de-rodilla\/#breadcrumb\"},\"inLanguage\":\"es\",\"potentialAction\":[{\"@type\":\"ReadAction\",\"target\":[\"https:\/\/www.newyorkhipknee.com\/es\/protesis-de-rodilla-a-medida\/novedades-en-protesis-de-rodilla\/\"]}]},{\"@type\":\"BreadcrumbList\",\"@id\":\"https:\/\/www.newyorkhipknee.com\/es\/protesis-de-rodilla-a-medida\/novedades-en-protesis-de-rodilla\/#breadcrumb\",\"itemListElement\":[{\"@type\":\"ListItem\",\"position\":1,\"name\":\"Home\",\"item\":\"https:\/\/www.newyorkhipknee.com\/es\/\"},{\"@type\":\"ListItem\",\"position\":2,\"name\":\"Pr\u00f3tesis de rodilla a medida\",\"item\":\"https:\/\/www.newyorkhipknee.com\/es\/protesis-de-rodilla-a-medida\/\"},{\"@type\":\"ListItem\",\"position\":3,\"name\":\"Novedades en pr\u00f3tesis de rodilla\"}]},{\"@type\":\"WebSite\",\"@id\":\"https:\/\/www.newyorkhipknee.com\/es\/#website\",\"url\":\"https:\/\/www.newyorkhipknee.com\/es\/\",\"name\":\"Best Hip & Knee Surgeon | NY, USA\",\"description\":\"\",\"potentialAction\":[{\"@type\":\"SearchAction\",\"target\":{\"@type\":\"EntryPoint\",\"urlTemplate\":\"https:\/\/www.newyorkhipknee.com\/es\/?s={search_term_string}\"},\"query-input\":{\"@type\":\"PropertyValueSpecification\",\"valueRequired\":true,\"valueName\":\"search_term_string\"}}],\"inLanguage\":\"es\"}]}<\/script>\n<!-- \/ Yoast SEO plugin. -->","yoast_head_json":{"title":"Novedades en pr\u00f3tesis de rodilla | Best Hip &amp; Knee Surgeon | NY, USA","description":"Para un paciente que est\u00e9 pensando en someterse a una operaci\u00f3n de pr\u00f3tesis de rodilla, hay nuevos avances en estudio que pueden ayudar a mejorar su calidad de vida.","robots":{"index":"index","follow":"follow","max-snippet":"max-snippet:-1","max-image-preview":"max-image-preview:large","max-video-preview":"max-video-preview:-1"},"canonical":"https:\/\/www.newyorkhipknee.com\/es\/protesis-de-rodilla-a-medida\/novedades-en-protesis-de-rodilla\/","og_locale":"es_ES","og_type":"article","og_title":"Novedades en pr\u00f3tesis de rodilla | Best Hip &amp; Knee Surgeon | NY, USA","og_description":"Para un paciente que est\u00e9 pensando en someterse a una operaci\u00f3n de pr\u00f3tesis de rodilla, hay nuevos avances en estudio que pueden ayudar a mejorar su calidad de vida.","og_url":"https:\/\/www.newyorkhipknee.com\/es\/protesis-de-rodilla-a-medida\/novedades-en-protesis-de-rodilla\/","og_site_name":"Best Hip &amp; Knee Surgeon | NY, USA","article_modified_time":"2023-02-10T08:15:47+00:00","twitter_card":"summary_large_image","twitter_misc":{"Tiempo de lectura":"1 minuto"},"schema":{"@context":"https:\/\/schema.org","@graph":[{"@type":["WebPage","MedicalWebPage"],"@id":"https:\/\/www.newyorkhipknee.com\/es\/protesis-de-rodilla-a-medida\/novedades-en-protesis-de-rodilla\/","url":"https:\/\/www.newyorkhipknee.com\/es\/protesis-de-rodilla-a-medida\/novedades-en-protesis-de-rodilla\/","name":"Novedades en pr\u00f3tesis de rodilla | Best Hip &amp; Knee Surgeon | NY, USA","isPartOf":{"@id":"https:\/\/www.newyorkhipknee.com\/es\/#website"},"datePublished":"2021-10-29T23:18:36+00:00","dateModified":"2023-02-10T08:15:47+00:00","description":"Para un paciente que est\u00e9 pensando en someterse a una operaci\u00f3n de pr\u00f3tesis de rodilla, hay nuevos avances en estudio que pueden ayudar a mejorar su calidad de vida.","breadcrumb":{"@id":"https:\/\/www.newyorkhipknee.com\/es\/protesis-de-rodilla-a-medida\/novedades-en-protesis-de-rodilla\/#breadcrumb"},"inLanguage":"es","potentialAction":[{"@type":"ReadAction","target":["https:\/\/www.newyorkhipknee.com\/es\/protesis-de-rodilla-a-medida\/novedades-en-protesis-de-rodilla\/"]}]},{"@type":"BreadcrumbList","@id":"https:\/\/www.newyorkhipknee.com\/es\/protesis-de-rodilla-a-medida\/novedades-en-protesis-de-rodilla\/#breadcrumb","itemListElement":[{"@type":"ListItem","position":1,"name":"Home","item":"https:\/\/www.newyorkhipknee.com\/es\/"},{"@type":"ListItem","position":2,"name":"Pr\u00f3tesis de rodilla a medida","item":"https:\/\/www.newyorkhipknee.com\/es\/protesis-de-rodilla-a-medida\/"},{"@type":"ListItem","position":3,"name":"Novedades en pr\u00f3tesis de rodilla"}]},{"@type":"WebSite","@id":"https:\/\/www.newyorkhipknee.com\/es\/#website","url":"https:\/\/www.newyorkhipknee.com\/es\/","name":"Best Hip & Knee Surgeon | NY, USA","description":"","potentialAction":[{"@type":"SearchAction","target":{"@type":"EntryPoint","urlTemplate":"https:\/\/www.newyorkhipknee.com\/es\/?s={search_term_string}"},"query-input":{"@type":"PropertyValueSpecification","valueRequired":true,"valueName":"search_term_string"}}],"inLanguage":"es"}]}},"_links":{"self":[{"href":"https:\/\/www.newyorkhipknee.com\/es\/wp-json\/wp\/v2\/pages\/16570","targetHints":{"allow":["GET"]}}],"collection":[{"href":"https:\/\/www.newyorkhipknee.com\/es\/wp-json\/wp\/v2\/pages"}],"about":[{"href":"https:\/\/www.newyorkhipknee.com\/es\/wp-json\/wp\/v2\/types\/page"}],"author":[{"embeddable":true,"href":"https:\/\/www.newyorkhipknee.com\/es\/wp-json\/wp\/v2\/users\/15"}],"replies":[{"embeddable":true,"href":"https:\/\/www.newyorkhipknee.com\/es\/wp-json\/wp\/v2\/comments?post=16570"}],"version-history":[{"count":0,"href":"https:\/\/www.newyorkhipknee.com\/es\/wp-json\/wp\/v2\/pages\/16570\/revisions"}],"up":[{"embeddable":true,"href":"https:\/\/www.newyorkhipknee.com\/es\/wp-json\/wp\/v2\/pages\/16433"}],"wp:attachment":[{"href":"https:\/\/www.newyorkhipknee.com\/es\/wp-json\/wp\/v2\/media?parent=16570"}],"curies":[{"name":"wp","href":"https:\/\/api.w.org\/{rel}","templated":true}]}}