{"id":16711,"date":"2014-12-09T05:52:41","date_gmt":"2014-12-09T10:52:41","guid":{"rendered":"https:\/\/newyorkhipknee.com\/protesis-total-de-cadera\/protesis-total-de-cadera-makoplasty\/"},"modified":"2014-12-09T05:52:41","modified_gmt":"2014-12-09T10:52:41","slug":"protesis-total-de-cadera-makoplasty","status":"publish","type":"page","link":"https:\/\/www.newyorkhipknee.com\/es\/protesis-total-de-cader\/protesis-total-de-cadera-makoplasty\/","title":{"rendered":"Pr\u00f3tesis total de cadera MAKOplasty"},"content":{"rendered":"<p>La pr\u00f3tesis total de cadera MAKOplasty\u00ae es una alternativa a las cirug\u00edas tradicionales para adultos que padecen una enfermedad articular degenerativa. Se trata de un procedimiento \u00fanico en su g\u00e9nero, realmente espec\u00edfico para cada paciente y planificado a partir del uso de un modelo tridimensional de la cadera del paciente.<\/p>\n<p>MAKOplasty\u00ae es posible gracias al Sistema Ortop\u00e9dico Interactivo de Brazo Rob\u00f3tico RIO\u00ae controlado por el cirujano, que permite a su cirujano lograr una colocaci\u00f3n \u00f3ptima y precisa del implante permitiendo al paciente volver a un estilo de vida activo.<\/p>\n<h3>Comprender la enfermedad articular degenerativa<\/h3>\n<p>La cadera, una articulaci\u00f3n esf\u00e9rica, es una de las mayores articulaciones del cuerpo que soportan peso. Los extremos de los huesos de esta articulaci\u00f3n est\u00e1n cubiertos por una capa de tejido firme y el\u00e1stico conocido como cart\u00edlago que amortigua los huesos y tambi\u00e9n permite el movimiento f\u00e1cil y suave de la articulaci\u00f3n. \u00bfLe viene a la cabeza la pregunta de qu\u00e9 es la enfermedad articular degenerativa de la cadera? Existen varios tipos de DJD responsables de causar dolor de cadera. Entre ellas se incluyen:<\/p>\n<ul>\n<li>Osteoartritis (OA): Es la artritis por \u00abdesgaste\u00bb y el tipo m\u00e1s com\u00fan de artritis de cadera. Se debe a que el cart\u00edlago se rompe con el tiempo. Al romperse el cart\u00edlago protector, el hueso desnudo queda expuesto y se produce el contacto hueso con hueso.<\/li>\n<li>Artritis postraum\u00e1tica: la luxaci\u00f3n de cadera o las fracturas graves de cadera pueden causar este tipo de artritis.<\/li>\n<li>Artritis reumatoide (AR): Una artritis inflamatoria de las articulaciones<\/li>\n<li>Necrosis avascular (NVA): Si la cabeza femoral, m\u00e1s com\u00fanmente conocida como la \u00abbola\u00bb, pierde su suministro saludable de flujo sangu\u00edneo, el hueso morir\u00e1 causando que la cabeza femoral se deforme.<\/li>\n<li>Displasia de cadera: Desalineaci\u00f3n o deformaci\u00f3n del desarrollo de la articulaci\u00f3n de la cadera.<\/li>\n<\/ul>\n<h3>Pr\u00f3tesis total de cadera<\/h3>\n<p>\u00bfQu\u00e9 significa exactamente pr\u00f3tesis total de cadera? La pr\u00f3tesis total de cadera, tambi\u00e9n conocida como artroplastia total de cadera, es un procedimiento quir\u00fargico en el que unos implantes sustituyen la r\u00f3tula de la articulaci\u00f3n de la cadera.<\/p>\n<p>Entre los ejemplos de implantes se incluyen una copa met\u00e1lica con un revestimiento de pl\u00e1stico que se utiliza para sustituir la cavidad de la pelvis y una cabeza de cer\u00e1mica o metal que se fija a un v\u00e1stago met\u00e1lico que se implanta en el f\u00e9mur. Este implante sustituye a la bola de la articulaci\u00f3n.<\/p>\n<p>El nuevo cotilo y la cabeza femoral proporcionar\u00e1n una superficie de apoyo lisa que permitir\u00e1 un movimiento suave de la articulaci\u00f3n. Cuando el cotilo y el v\u00e1stago se implantan en el hueso, se crea una superficie que permite el crecimiento de hueso nuevo en el implante, lo que proporciona una fijaci\u00f3n permanente.<\/p>\n<p>La utilizaci\u00f3n de la rob\u00f3tica hoy en d\u00eda est\u00e1 creciendo en el campo m\u00e9dico y utiliza la mejor tecnolog\u00eda de vanguardia disponible. La rob\u00f3tica en el campo m\u00e9dico sigue avanzando a pasos agigantados.<\/p>\n<p>La principal causa de la integraci\u00f3n de la rob\u00f3tica m\u00e9dica en el sistema sanitario es sancionar una mayor sensaci\u00f3n de confianza en los cirujanos gracias a la mejora de la precisi\u00f3n en los procedimientos quir\u00fargicos, algo que antes no se consegu\u00eda s\u00f3lo con las capacidades humanas. La rob\u00f3tica m\u00e9dica es una integeraci\u00f3n valiosa y \u00fanica en el campo de la medicina por su sentido de la precisi\u00f3n.<\/p>\n<p>Con el uso de la rob\u00f3tica, los cirujanos y su equipo tienen un gran potencial para maximizar el tiempo y las capacidades mientras realizan cirug\u00edas menores hasta los procedimientos quir\u00fargicos m\u00e1s complejos. La rob\u00f3tica m\u00e9dica es una forma excelente de mejorar la cirug\u00eda, que requiere mucha exactitud, precisi\u00f3n y destreza.<\/p>\n<p>El primer uso documentado conocido de la rob\u00f3tica en cualquier campo de la medicina se produjo en 1985, lo que convierte el uso de la rob\u00f3tica m\u00e9dica en una nueva \u00e1rea de mejora de nuestro sistema sanitario. Durante el primer uso rob\u00f3tico documentado, un robot pudo ayudar a colocar una aguja, en la posici\u00f3n correcta, para poder realizar una biopsia del cerebro de un paciente.<\/p>\n<p>La rob\u00f3tica supondr\u00e1 un cambio total en todos los campos de la medicina y pronto se pensar\u00e1 en los robots quir\u00fargicos como una integraci\u00f3n m\u00e1s en la cirug\u00eda por su potencial para aumentar la calidad de la operaci\u00f3n.<\/p>\n<h3 class=\"textMainBold\">Animaci\u00f3n de la mamoplastia de cadera<\/h3>\n<p align=\"center\"><a class=\"popup-youtube\" href=\"https:\/\/www.youtube.com\/watch?v=E_D8tyJyDmc\"><img decoding=\"async\" src=\"\/wp-content\/uploads\/2014\/12\/makoplasty2.jpg\" alt=\"\"><\/a><\/p>\n<h2 style=\"text-align: center;\"><a href=\"\/wp-content\/themes\/nakul-karkare\/pdf\/hip-patient-preop-guide.pdf\" target=\"_blank\" rel=\"noopener\"><span style=\"text-decoration: underline;\">Descargue nuestra gu\u00eda preoperatoria para pacientes de cadera<\/span><\/a><\/h2>\n","protected":false},"excerpt":{"rendered":"<p>La pr\u00f3tesis total de cadera MAKOplasty\u00ae es una alternativa a las cirug\u00edas tradicionales para adultos que padecen una enfermedad articular degenerativa. Se trata de un procedimiento \u00fanico en su g\u00e9nero, realmente espec\u00edfico para cada paciente y planificado a partir del uso de un modelo tridimensional de la cadera del paciente. MAKOplasty\u00ae es posible gracias al [&hellip;]<\/p>\n","protected":false},"author":7,"featured_media":0,"parent":16419,"menu_order":0,"comment_status":"open","ping_status":"open","template":"","meta":{"_et_pb_use_builder":"","_et_pb_old_content":"","_et_gb_content_width":"","footnotes":""},"class_list":["post-16711","page","type-page","status-publish","hentry"],"yoast_head":"<!-- This site is optimized with the Yoast SEO plugin v27.2 - https:\/\/yoast.com\/product\/yoast-seo-wordpress\/ -->\n<title>Makoplasty Reemplazo Total de Cadera | Enfermedad Articular Degenerativa NY<\/title>\n<meta name=\"description\" content=\"Makoplasty es un brazo rob\u00f3tico asistida procedimiento de reemplazo total de cadera disponible en Nueva York para aquellos que sufren de enfermedad degenerativa de cadera conjunta (DJD).\" \/>\n<meta name=\"robots\" content=\"index, follow, max-snippet:-1, max-image-preview:large, max-video-preview:-1\" \/>\n<link rel=\"canonical\" href=\"https:\/\/www.newyorkhipknee.com\/es\/protesis-total-de-cader\/protesis-total-de-cadera-makoplasty\/\" \/>\n<meta property=\"og:locale\" content=\"es_ES\" \/>\n<meta property=\"og:type\" content=\"article\" \/>\n<meta property=\"og:title\" content=\"Makoplasty Reemplazo Total de Cadera | Enfermedad Articular Degenerativa NY\" \/>\n<meta property=\"og:description\" content=\"Makoplasty es un brazo rob\u00f3tico asistida procedimiento de reemplazo total de cadera disponible en Nueva York para aquellos que sufren de enfermedad degenerativa de cadera conjunta (DJD).\" \/>\n<meta property=\"og:url\" content=\"https:\/\/www.newyorkhipknee.com\/es\/protesis-total-de-cader\/protesis-total-de-cadera-makoplasty\/\" \/>\n<meta property=\"og:site_name\" content=\"Best Hip &amp; Knee Surgeon | NY, USA\" \/>\n<meta name=\"twitter:card\" content=\"summary_large_image\" \/>\n<meta name=\"twitter:label1\" content=\"Tiempo de lectura\" \/>\n\t<meta name=\"twitter:data1\" content=\"4 minutos\" \/>\n<script type=\"application\/ld+json\" class=\"yoast-schema-graph\">{\"@context\":\"https:\/\/schema.org\",\"@graph\":[{\"@type\":[\"WebPage\",\"MedicalWebPage\"],\"@id\":\"https:\/\/www.newyorkhipknee.com\/es\/protesis-total-de-cader\/protesis-total-de-cadera-makoplasty\/\",\"url\":\"https:\/\/www.newyorkhipknee.com\/es\/protesis-total-de-cader\/protesis-total-de-cadera-makoplasty\/\",\"name\":\"Makoplasty Reemplazo Total de Cadera | Enfermedad Articular Degenerativa NY\",\"isPartOf\":{\"@id\":\"https:\/\/www.newyorkhipknee.com\/es\/#website\"},\"datePublished\":\"2014-12-09T10:52:41+00:00\",\"description\":\"Makoplasty es un brazo rob\u00f3tico asistida procedimiento de reemplazo total de cadera disponible en Nueva York para aquellos que sufren de enfermedad degenerativa de cadera conjunta (DJD).\",\"breadcrumb\":{\"@id\":\"https:\/\/www.newyorkhipknee.com\/es\/protesis-total-de-cader\/protesis-total-de-cadera-makoplasty\/#breadcrumb\"},\"inLanguage\":\"es\",\"potentialAction\":[{\"@type\":\"ReadAction\",\"target\":[\"https:\/\/www.newyorkhipknee.com\/es\/protesis-total-de-cader\/protesis-total-de-cadera-makoplasty\/\"]}]},{\"@type\":\"BreadcrumbList\",\"@id\":\"https:\/\/www.newyorkhipknee.com\/es\/protesis-total-de-cader\/protesis-total-de-cadera-makoplasty\/#breadcrumb\",\"itemListElement\":[{\"@type\":\"ListItem\",\"position\":1,\"name\":\"Home\",\"item\":\"https:\/\/www.newyorkhipknee.com\/es\/\"},{\"@type\":\"ListItem\",\"position\":2,\"name\":\"Pr\u00f3tesis total de cadera\",\"item\":\"https:\/\/www.newyorkhipknee.com\/es\/protesis-total-de-cader\/\"},{\"@type\":\"ListItem\",\"position\":3,\"name\":\"Pr\u00f3tesis total de cadera MAKOplasty\"}]},{\"@type\":\"WebSite\",\"@id\":\"https:\/\/www.newyorkhipknee.com\/es\/#website\",\"url\":\"https:\/\/www.newyorkhipknee.com\/es\/\",\"name\":\"Best Hip & Knee Surgeon | NY, USA\",\"description\":\"\",\"potentialAction\":[{\"@type\":\"SearchAction\",\"target\":{\"@type\":\"EntryPoint\",\"urlTemplate\":\"https:\/\/www.newyorkhipknee.com\/es\/?s={search_term_string}\"},\"query-input\":{\"@type\":\"PropertyValueSpecification\",\"valueRequired\":true,\"valueName\":\"search_term_string\"}}],\"inLanguage\":\"es\"}]}<\/script>\n<!-- \/ Yoast SEO plugin. -->","yoast_head_json":{"title":"Makoplasty Reemplazo Total de Cadera | Enfermedad Articular Degenerativa NY","description":"Makoplasty es un brazo rob\u00f3tico asistida procedimiento de reemplazo total de cadera disponible en Nueva York para aquellos que sufren de enfermedad degenerativa de cadera conjunta (DJD).","robots":{"index":"index","follow":"follow","max-snippet":"max-snippet:-1","max-image-preview":"max-image-preview:large","max-video-preview":"max-video-preview:-1"},"canonical":"https:\/\/www.newyorkhipknee.com\/es\/protesis-total-de-cader\/protesis-total-de-cadera-makoplasty\/","og_locale":"es_ES","og_type":"article","og_title":"Makoplasty Reemplazo Total de Cadera | Enfermedad Articular Degenerativa NY","og_description":"Makoplasty es un brazo rob\u00f3tico asistida procedimiento de reemplazo total de cadera disponible en Nueva York para aquellos que sufren de enfermedad degenerativa de cadera conjunta (DJD).","og_url":"https:\/\/www.newyorkhipknee.com\/es\/protesis-total-de-cader\/protesis-total-de-cadera-makoplasty\/","og_site_name":"Best Hip &amp; Knee Surgeon | NY, USA","twitter_card":"summary_large_image","twitter_misc":{"Tiempo de lectura":"4 minutos"},"schema":{"@context":"https:\/\/schema.org","@graph":[{"@type":["WebPage","MedicalWebPage"],"@id":"https:\/\/www.newyorkhipknee.com\/es\/protesis-total-de-cader\/protesis-total-de-cadera-makoplasty\/","url":"https:\/\/www.newyorkhipknee.com\/es\/protesis-total-de-cader\/protesis-total-de-cadera-makoplasty\/","name":"Makoplasty Reemplazo Total de Cadera | Enfermedad Articular Degenerativa NY","isPartOf":{"@id":"https:\/\/www.newyorkhipknee.com\/es\/#website"},"datePublished":"2014-12-09T10:52:41+00:00","description":"Makoplasty es un brazo rob\u00f3tico asistida procedimiento de reemplazo total de cadera disponible en Nueva York para aquellos que sufren de enfermedad degenerativa de cadera conjunta (DJD).","breadcrumb":{"@id":"https:\/\/www.newyorkhipknee.com\/es\/protesis-total-de-cader\/protesis-total-de-cadera-makoplasty\/#breadcrumb"},"inLanguage":"es","potentialAction":[{"@type":"ReadAction","target":["https:\/\/www.newyorkhipknee.com\/es\/protesis-total-de-cader\/protesis-total-de-cadera-makoplasty\/"]}]},{"@type":"BreadcrumbList","@id":"https:\/\/www.newyorkhipknee.com\/es\/protesis-total-de-cader\/protesis-total-de-cadera-makoplasty\/#breadcrumb","itemListElement":[{"@type":"ListItem","position":1,"name":"Home","item":"https:\/\/www.newyorkhipknee.com\/es\/"},{"@type":"ListItem","position":2,"name":"Pr\u00f3tesis total de cadera","item":"https:\/\/www.newyorkhipknee.com\/es\/protesis-total-de-cader\/"},{"@type":"ListItem","position":3,"name":"Pr\u00f3tesis total de cadera MAKOplasty"}]},{"@type":"WebSite","@id":"https:\/\/www.newyorkhipknee.com\/es\/#website","url":"https:\/\/www.newyorkhipknee.com\/es\/","name":"Best Hip & Knee Surgeon | NY, USA","description":"","potentialAction":[{"@type":"SearchAction","target":{"@type":"EntryPoint","urlTemplate":"https:\/\/www.newyorkhipknee.com\/es\/?s={search_term_string}"},"query-input":{"@type":"PropertyValueSpecification","valueRequired":true,"valueName":"search_term_string"}}],"inLanguage":"es"}]}},"_links":{"self":[{"href":"https:\/\/www.newyorkhipknee.com\/es\/wp-json\/wp\/v2\/pages\/16711","targetHints":{"allow":["GET"]}}],"collection":[{"href":"https:\/\/www.newyorkhipknee.com\/es\/wp-json\/wp\/v2\/pages"}],"about":[{"href":"https:\/\/www.newyorkhipknee.com\/es\/wp-json\/wp\/v2\/types\/page"}],"author":[{"embeddable":true,"href":"https:\/\/www.newyorkhipknee.com\/es\/wp-json\/wp\/v2\/users\/7"}],"replies":[{"embeddable":true,"href":"https:\/\/www.newyorkhipknee.com\/es\/wp-json\/wp\/v2\/comments?post=16711"}],"version-history":[{"count":0,"href":"https:\/\/www.newyorkhipknee.com\/es\/wp-json\/wp\/v2\/pages\/16711\/revisions"}],"up":[{"embeddable":true,"href":"https:\/\/www.newyorkhipknee.com\/es\/wp-json\/wp\/v2\/pages\/16419"}],"wp:attachment":[{"href":"https:\/\/www.newyorkhipknee.com\/es\/wp-json\/wp\/v2\/media?parent=16711"}],"curies":[{"name":"wp","href":"https:\/\/api.w.org\/{rel}","templated":true}]}}