{"id":16713,"date":"2021-10-28T04:55:52","date_gmt":"2021-10-28T08:55:52","guid":{"rendered":"https:\/\/newyorkhipknee.com\/protesis-total-de-cadera\/sigue-siendo-la-artroplastia-de-cadera-tradicional-el-metodo-de-referencia\/"},"modified":"2021-10-28T04:55:52","modified_gmt":"2021-10-28T08:55:52","slug":"sigue-siendo-la-artroplastia-de-cadera-tradicional-el-metodo-de-referencia","status":"publish","type":"page","link":"https:\/\/www.newyorkhipknee.com\/es\/protesis-total-de-cader\/sigue-siendo-la-artroplastia-de-cadera-tradicional-el-metodo-de-referencia\/","title":{"rendered":"\u00bfSigue siendo la artroplastia de cadera tradicional el m\u00e9todo de referencia?"},"content":{"rendered":"<p>En la \u00faltima d\u00e9cada, muchos cirujanos ortop\u00e9dicos han estado ofreciendo <a href=\"https:\/\/newyorkhipknee.com\/hip-replacement-surgery\/minimally-invasive-joint-replacement\/\">cirug\u00eda m\u00ednimamente invasiva<\/a> para personas con trastornos de cadera. A trav\u00e9s de una peque\u00f1a c\u00e1mara r\u00edgida, la artroscopia de cadera permite al cirujano ver el interior de la articulaci\u00f3n y realizar algunas tareas de limpieza y reparaci\u00f3n, pero \u00bfsigue siendo la <a href=\"https:\/\/newyorkhipknee.com\/faqs\/total-hip-replacement-faqs\/\">cirug\u00eda<\/a> tradicional de <a href=\"https:\/\/newyorkhipknee.com\/faqs\/total-hip-replacement-faqs\/\">pr\u00f3tesis de cadera<\/a> el camino a seguir?<\/p>\n<p>El uso de la artroscopia de cadera se ha disparado en las \u00faltimas d\u00e9cadas debido a la facilidad t\u00e9cnica de realizaci\u00f3n y visualizaci\u00f3n de la articulaci\u00f3n de la cadera.<\/p>\n<p>Una cirug\u00eda m\u00ednimamente invasiva con peque\u00f1as incisiones en la piel permite una estancia m\u00e1s corta en el hospital. Esto se asocia con menos dolor y permite una recuperaci\u00f3n m\u00e1s r\u00e1pida.<\/p>\n<p>La artroscopia de cadera se utiliza ampliamente para tratar diversos trastornos dolorosos de la cadera. Suele utilizarse para reparar o eliminar un fragmento de hueso sobrante que se desarrolla en la artrosis temprana. La t\u00e9cnica ha ayudado a muchos pacientes con trastornos de cadera, pero no es una panacea para todos los trastornos de cadera.<\/p>\n<h4>\u00bfEs la artroscopia de cadera un procedimiento duradero?<\/h4>\n<p>Por desgracia, los datos de la investigaci\u00f3n confirman que la cirug\u00eda m\u00ednimamente invasiva en forma de artroscopia puede no ser la mejor opci\u00f3n para las personas que padecen dolor continuo de cadera. En este \u00faltimo estudio, los investigadores observaron que m\u00e1s del 33% de las personas mayores de 60 a\u00f1os necesitan una pr\u00f3tesis de cadera tradicional en un plazo de 24 meses.<\/p>\n<p>El Hospital for Special Surgery de Nueva York examin\u00f3 la base de datos quir\u00fargica de pacientes de Florida y California. Los investigadores analizaron los datos de 7.300 pacientes que se hab\u00edan sometido previamente a una artroscopia de cadera. Casi 2\/3 de los pacientes eran mujeres y la edad media era de 44 a\u00f1os.<\/p>\n<p>Observaron que casi el 12% de estos pacientes necesitaron pr\u00f3tesis de cadera en un plazo de 24 meses. En general, un paciente mayor de 60 a\u00f1os requiere al menos 1\/3 de las pr\u00f3tesis de cadera.<\/p>\n<p>Otra cosa, quienes se sometieron a artroscopia de cadera en hospitales que realizaban un alto volumen de estos procedimientos ten\u00edan menos probabilidades de necesitar una pr\u00f3tesis de cadera en 24 meses. La tasa m\u00e1s baja de pr\u00f3tesis de cadera se registr\u00f3 entre los menores de 40 a\u00f1os.<\/p>\n<p>Los factores de riesgo que aumentaban la necesidad de pr\u00f3tesis de cadera eran la edad superior a 60 a\u00f1os, la artritis y la obesidad.<\/p>\n<h2>Conclusi\u00f3n<\/h2>\n<p>Busque un cirujano que realice un alto volumen de operaciones tradicionales de pr\u00f3tesis de cadera para pacientes con trastornos dolorosos de cadera. La artroscopia de cadera tiene muchas ventajas, pero lo que cuenta es el coste de la cirug\u00eda. Duplica el coste si la pr\u00f3tesis de cadera se realiza en un plazo de 24 meses. Busque siempre una segunda opini\u00f3n si va a someterse a una artroscopia de cadera.<\/p>\n<h3>Programe su visita inicial<\/h3>\n<div align=\"center\"><a class=\"livesite-schedule\" href=\"https:\/\/live.vcita.com\/site\/nyhipknee\/online-scheduling?staff=sbuvrwlyhlcvxsjv\" target=\"blank\" rel=\"noopener\" data-staff=\"b69585d231f6813d\"><br \/>\n<img decoding=\"async\" title=\"Programar ahora\" src=\"\/wp-content\/uploads\/2016\/02\/karkare-calendar.png\" alt=\"Programar ahora\" border=\"0\"><\/a><\/div>\n","protected":false},"excerpt":{"rendered":"<p>En la \u00faltima d\u00e9cada, muchos cirujanos ortop\u00e9dicos han estado ofreciendo cirug\u00eda m\u00ednimamente invasiva para personas con trastornos de cadera. A trav\u00e9s de una peque\u00f1a c\u00e1mara r\u00edgida, la artroscopia de cadera permite al cirujano ver el interior de la articulaci\u00f3n y realizar algunas tareas de limpieza y reparaci\u00f3n, pero \u00bfsigue siendo la cirug\u00eda tradicional de pr\u00f3tesis [&hellip;]<\/p>\n","protected":false},"author":15,"featured_media":0,"parent":16419,"menu_order":0,"comment_status":"closed","ping_status":"closed","template":"","meta":{"_et_pb_use_builder":"","_et_pb_old_content":"","_et_gb_content_width":"","footnotes":""},"class_list":["post-16713","page","type-page","status-publish","hentry"],"yoast_head":"<!-- This site is optimized with the Yoast SEO plugin v27.2 - https:\/\/yoast.com\/product\/yoast-seo-wordpress\/ -->\n<title>\u00bfSigue siendo la cirug\u00eda tradicional de pr\u00f3tesis de cadera la norma?<\/title>\n<meta name=\"description\" content=\"En la \u00faltima d\u00e9cada, muchos cirujanos ortop\u00e9dicos han estado ofreciendo cirug\u00eda m\u00ednimamente invasiva para personas con trastornos de cadera.\" \/>\n<meta name=\"robots\" content=\"index, follow, max-snippet:-1, max-image-preview:large, max-video-preview:-1\" \/>\n<link rel=\"canonical\" href=\"https:\/\/www.newyorkhipknee.com\/es\/protesis-total-de-cader\/sigue-siendo-la-artroplastia-de-cadera-tradicional-el-metodo-de-referencia\/\" \/>\n<meta property=\"og:locale\" content=\"es_ES\" \/>\n<meta property=\"og:type\" content=\"article\" \/>\n<meta property=\"og:title\" content=\"\u00bfSigue siendo la cirug\u00eda tradicional de pr\u00f3tesis de cadera la norma?\" \/>\n<meta property=\"og:description\" content=\"En la \u00faltima d\u00e9cada, muchos cirujanos ortop\u00e9dicos han estado ofreciendo cirug\u00eda m\u00ednimamente invasiva para personas con trastornos de cadera.\" \/>\n<meta property=\"og:url\" content=\"https:\/\/www.newyorkhipknee.com\/es\/protesis-total-de-cader\/sigue-siendo-la-artroplastia-de-cadera-tradicional-el-metodo-de-referencia\/\" \/>\n<meta property=\"og:site_name\" content=\"Best Hip &amp; Knee Surgeon | NY, USA\" \/>\n<meta name=\"twitter:card\" content=\"summary_large_image\" \/>\n<meta name=\"twitter:label1\" content=\"Tiempo de lectura\" \/>\n\t<meta name=\"twitter:data1\" content=\"3 minutos\" \/>\n<script type=\"application\/ld+json\" class=\"yoast-schema-graph\">{\"@context\":\"https:\/\/schema.org\",\"@graph\":[{\"@type\":[\"WebPage\",\"MedicalWebPage\"],\"@id\":\"https:\/\/www.newyorkhipknee.com\/es\/protesis-total-de-cader\/sigue-siendo-la-artroplastia-de-cadera-tradicional-el-metodo-de-referencia\/\",\"url\":\"https:\/\/www.newyorkhipknee.com\/es\/protesis-total-de-cader\/sigue-siendo-la-artroplastia-de-cadera-tradicional-el-metodo-de-referencia\/\",\"name\":\"\u00bfSigue siendo la cirug\u00eda tradicional de pr\u00f3tesis de cadera la norma?\",\"isPartOf\":{\"@id\":\"https:\/\/www.newyorkhipknee.com\/es\/#website\"},\"datePublished\":\"2021-10-28T08:55:52+00:00\",\"description\":\"En la \u00faltima d\u00e9cada, muchos cirujanos ortop\u00e9dicos han estado ofreciendo cirug\u00eda m\u00ednimamente invasiva para personas con trastornos de cadera.\",\"breadcrumb\":{\"@id\":\"https:\/\/www.newyorkhipknee.com\/es\/protesis-total-de-cader\/sigue-siendo-la-artroplastia-de-cadera-tradicional-el-metodo-de-referencia\/#breadcrumb\"},\"inLanguage\":\"es\",\"potentialAction\":[{\"@type\":\"ReadAction\",\"target\":[\"https:\/\/www.newyorkhipknee.com\/es\/protesis-total-de-cader\/sigue-siendo-la-artroplastia-de-cadera-tradicional-el-metodo-de-referencia\/\"]}]},{\"@type\":\"BreadcrumbList\",\"@id\":\"https:\/\/www.newyorkhipknee.com\/es\/protesis-total-de-cader\/sigue-siendo-la-artroplastia-de-cadera-tradicional-el-metodo-de-referencia\/#breadcrumb\",\"itemListElement\":[{\"@type\":\"ListItem\",\"position\":1,\"name\":\"Home\",\"item\":\"https:\/\/www.newyorkhipknee.com\/es\/\"},{\"@type\":\"ListItem\",\"position\":2,\"name\":\"Pr\u00f3tesis total de cadera\",\"item\":\"https:\/\/www.newyorkhipknee.com\/es\/protesis-total-de-cader\/\"},{\"@type\":\"ListItem\",\"position\":3,\"name\":\"\u00bfSigue siendo la artroplastia de cadera tradicional el m\u00e9todo de referencia?\"}]},{\"@type\":\"WebSite\",\"@id\":\"https:\/\/www.newyorkhipknee.com\/es\/#website\",\"url\":\"https:\/\/www.newyorkhipknee.com\/es\/\",\"name\":\"Best Hip & Knee Surgeon | NY, USA\",\"description\":\"\",\"potentialAction\":[{\"@type\":\"SearchAction\",\"target\":{\"@type\":\"EntryPoint\",\"urlTemplate\":\"https:\/\/www.newyorkhipknee.com\/es\/?s={search_term_string}\"},\"query-input\":{\"@type\":\"PropertyValueSpecification\",\"valueRequired\":true,\"valueName\":\"search_term_string\"}}],\"inLanguage\":\"es\"}]}<\/script>\n<!-- \/ Yoast SEO plugin. -->","yoast_head_json":{"title":"\u00bfSigue siendo la cirug\u00eda tradicional de pr\u00f3tesis de cadera la norma?","description":"En la \u00faltima d\u00e9cada, muchos cirujanos ortop\u00e9dicos han estado ofreciendo cirug\u00eda m\u00ednimamente invasiva para personas con trastornos de cadera.","robots":{"index":"index","follow":"follow","max-snippet":"max-snippet:-1","max-image-preview":"max-image-preview:large","max-video-preview":"max-video-preview:-1"},"canonical":"https:\/\/www.newyorkhipknee.com\/es\/protesis-total-de-cader\/sigue-siendo-la-artroplastia-de-cadera-tradicional-el-metodo-de-referencia\/","og_locale":"es_ES","og_type":"article","og_title":"\u00bfSigue siendo la cirug\u00eda tradicional de pr\u00f3tesis de cadera la norma?","og_description":"En la \u00faltima d\u00e9cada, muchos cirujanos ortop\u00e9dicos han estado ofreciendo cirug\u00eda m\u00ednimamente invasiva para personas con trastornos de cadera.","og_url":"https:\/\/www.newyorkhipknee.com\/es\/protesis-total-de-cader\/sigue-siendo-la-artroplastia-de-cadera-tradicional-el-metodo-de-referencia\/","og_site_name":"Best Hip &amp; Knee Surgeon | NY, USA","twitter_card":"summary_large_image","twitter_misc":{"Tiempo de lectura":"3 minutos"},"schema":{"@context":"https:\/\/schema.org","@graph":[{"@type":["WebPage","MedicalWebPage"],"@id":"https:\/\/www.newyorkhipknee.com\/es\/protesis-total-de-cader\/sigue-siendo-la-artroplastia-de-cadera-tradicional-el-metodo-de-referencia\/","url":"https:\/\/www.newyorkhipknee.com\/es\/protesis-total-de-cader\/sigue-siendo-la-artroplastia-de-cadera-tradicional-el-metodo-de-referencia\/","name":"\u00bfSigue siendo la cirug\u00eda tradicional de pr\u00f3tesis de cadera la norma?","isPartOf":{"@id":"https:\/\/www.newyorkhipknee.com\/es\/#website"},"datePublished":"2021-10-28T08:55:52+00:00","description":"En la \u00faltima d\u00e9cada, muchos cirujanos ortop\u00e9dicos han estado ofreciendo cirug\u00eda m\u00ednimamente invasiva para personas con trastornos de cadera.","breadcrumb":{"@id":"https:\/\/www.newyorkhipknee.com\/es\/protesis-total-de-cader\/sigue-siendo-la-artroplastia-de-cadera-tradicional-el-metodo-de-referencia\/#breadcrumb"},"inLanguage":"es","potentialAction":[{"@type":"ReadAction","target":["https:\/\/www.newyorkhipknee.com\/es\/protesis-total-de-cader\/sigue-siendo-la-artroplastia-de-cadera-tradicional-el-metodo-de-referencia\/"]}]},{"@type":"BreadcrumbList","@id":"https:\/\/www.newyorkhipknee.com\/es\/protesis-total-de-cader\/sigue-siendo-la-artroplastia-de-cadera-tradicional-el-metodo-de-referencia\/#breadcrumb","itemListElement":[{"@type":"ListItem","position":1,"name":"Home","item":"https:\/\/www.newyorkhipknee.com\/es\/"},{"@type":"ListItem","position":2,"name":"Pr\u00f3tesis total de cadera","item":"https:\/\/www.newyorkhipknee.com\/es\/protesis-total-de-cader\/"},{"@type":"ListItem","position":3,"name":"\u00bfSigue siendo la artroplastia de cadera tradicional el m\u00e9todo de referencia?"}]},{"@type":"WebSite","@id":"https:\/\/www.newyorkhipknee.com\/es\/#website","url":"https:\/\/www.newyorkhipknee.com\/es\/","name":"Best Hip & Knee Surgeon | NY, USA","description":"","potentialAction":[{"@type":"SearchAction","target":{"@type":"EntryPoint","urlTemplate":"https:\/\/www.newyorkhipknee.com\/es\/?s={search_term_string}"},"query-input":{"@type":"PropertyValueSpecification","valueRequired":true,"valueName":"search_term_string"}}],"inLanguage":"es"}]}},"_links":{"self":[{"href":"https:\/\/www.newyorkhipknee.com\/es\/wp-json\/wp\/v2\/pages\/16713","targetHints":{"allow":["GET"]}}],"collection":[{"href":"https:\/\/www.newyorkhipknee.com\/es\/wp-json\/wp\/v2\/pages"}],"about":[{"href":"https:\/\/www.newyorkhipknee.com\/es\/wp-json\/wp\/v2\/types\/page"}],"author":[{"embeddable":true,"href":"https:\/\/www.newyorkhipknee.com\/es\/wp-json\/wp\/v2\/users\/15"}],"replies":[{"embeddable":true,"href":"https:\/\/www.newyorkhipknee.com\/es\/wp-json\/wp\/v2\/comments?post=16713"}],"version-history":[{"count":0,"href":"https:\/\/www.newyorkhipknee.com\/es\/wp-json\/wp\/v2\/pages\/16713\/revisions"}],"up":[{"embeddable":true,"href":"https:\/\/www.newyorkhipknee.com\/es\/wp-json\/wp\/v2\/pages\/16419"}],"wp:attachment":[{"href":"https:\/\/www.newyorkhipknee.com\/es\/wp-json\/wp\/v2\/media?parent=16713"}],"curies":[{"name":"wp","href":"https:\/\/api.w.org\/{rel}","templated":true}]}}