{"id":16717,"date":"2021-10-29T18:55:46","date_gmt":"2021-10-29T22:55:46","guid":{"rendered":"https:\/\/newyorkhipknee.com\/protesis-total-de-cadera\/como-se-realiza-la-cirugia-de-protesis-de-cadera\/"},"modified":"2023-02-10T02:55:54","modified_gmt":"2023-02-10T07:55:54","slug":"como-se-realiza-la-cirugia-de-protesis-de-cadera","status":"publish","type":"page","link":"https:\/\/www.newyorkhipknee.com\/es\/protesis-total-de-cader\/como-se-realiza-la-cirugia-de-protesis-de-cadera\/","title":{"rendered":"C\u00f3mo se realiza la cirug\u00eda de pr\u00f3tesis de cadera"},"content":{"rendered":"<p>[et_pb_section fb_built=\u00bb1&#8243; admin_label=\u00bbsection\u00bb _builder_version=\u00bb4.16&#8243; global_colors_info=\u00bb{}\u00bb][et_pb_row admin_label=\u00bbfila\u00bb _builder_version=\u00bb4.16&#8243; background_size=\u00bbinitial\u00bb background_position=\u00bbtop_left\u00bb background_repeat=\u00bbrepeat\u00bb global_colors_info=\u00bb{}\u00bb][et_pb_column type=\u00bb4_4&#8243; _builder_version=\u00bb4.16&#8243; custom_padding=\u00bb|||\u00bb global_colors_info=\u00bb{}\u00bb custom_padding__hover=\u00bb|||\u00bb][et_pb_text _builder_version=\u00bb4.19.0&#8243; _module_preset=\u00bbdefault\u00bb global_colors_info=\u00bb{}\u00bb]<\/p>\n<h1>C\u00f3mo se realiza la cirug\u00eda de pr\u00f3tesis de cadera<\/h1>\n<p>[\/et_pb_text][et_pb_text admin_label=\u00bbText\u00bb _builder_version=\u00bb4.19.4&#8243; background_size=\u00bbinitial\u00bb background_position=\u00bbtop_left\u00bb background_repeat=\u00bbrepeat\u00bb hover_enabled=\u00bb0&#8243; global_colors_info=\u00bb{}\u00bb sticky_enabled=\u00bb0&#8243;]<\/p>\n<p>La primera <a href=\"https:\/\/newyorkhipknee.com\/services\/complex-revision-hip-and-knee-joint-replacement\/\" target=\"_blank\" rel=\"noopener\">artroplastia<\/a> total de <a href=\"https:\/\/newyorkhipknee.com\/services\/complex-revision-hip-and-knee-joint-replacement\/\" target=\"_blank\" rel=\"noopener\">cadera<\/a> se realiz\u00f3 en Estados Unidos en 1969. Desde entonces, el creciente n\u00famero de estadounidenses mayores activos y las mejoras tecnol\u00f3gicas han hecho que el procedimiento sea m\u00e1s habitual.<\/p>\n<p>Las pr\u00f3tesis de cadera ofrecen una reducci\u00f3n del dolor, una mejora de la movilidad y la oportunidad de que los pacientes recuperen la calidad de vida que ten\u00edan antes.<\/p>\n<h2>\u00bfQui\u00e9n se somete a una operaci\u00f3n de pr\u00f3tesis de cadera en EE.UU.?<\/h2>\n<p>Las estad\u00edsticas de la Agencia de Investigaci\u00f3n y Calidad Sanitarias de EE.UU. muestran que cada a\u00f1o se realizan m\u00e1s de 350.000 operaciones de pr\u00f3tesis de cadera en todo el pa\u00eds. Aunque la prevalencia aumenta con la edad, los pacientes que reciben caderas artificiales son de todas las razas y procedencias.<\/p>\n<p>Una investigaci\u00f3n presentada en la reuni\u00f3n anual de la Academia Americana de Cirujanos Ortop\u00e9dicos (AAOS) en 2014 muestra que el n\u00famero de personas en Estados Unidos que viven con una cadera artificial se sit\u00faa en torno a los 2,5 millones. Esto incluye aproximadamente 1,4 millones de mujeres y 1,1 millones de hombres.<\/p>\n<p>Los pacientes de 45 a\u00f1os o m\u00e1s reciben el 95% de las caderas artificiales implantadas cada a\u00f1o, y alrededor del 6% de la poblaci\u00f3n se somete a una pr\u00f3tesis total de cadera a mediados de los 80.<\/p>\n<div id=\"attachment_2510\" style=\"width: 675px\" class=\"wp-caption aligncenter\"><img loading=\"lazy\" decoding=\"async\" aria-describedby=\"caption-attachment-2510\" class=\"wp-image-2510 size-full\" title=\"Gr\u00e1fico de la edad media de sustituci\u00f3n de cadera y rodilla en EE.UU.\" src=\"https:\/\/newyorkhipknee.com\/wp-content\/uploads\/2016\/03\/who-gets-hipandknee-replacement.jpg\" alt=\"Gr\u00e1fico de la edad media de sustituci\u00f3n de cadera y rodilla en EE.UU.\" width=\"665\" height=\"409\" data-id=\"2510\" srcset=\"https:\/\/www.newyorkhipknee.com\/wp-content\/uploads\/2016\/03\/who-gets-hipandknee-replacement.jpg 665w, https:\/\/www.newyorkhipknee.com\/wp-content\/uploads\/2016\/03\/who-gets-hipandknee-replacement-150x92.jpg 150w, https:\/\/www.newyorkhipknee.com\/wp-content\/uploads\/2016\/03\/who-gets-hipandknee-replacement-300x185.jpg 300w, https:\/\/www.newyorkhipknee.com\/wp-content\/uploads\/2016\/03\/who-gets-hipandknee-replacement-20x12.jpg 20w\" sizes=\"(max-width: 665px) 100vw, 665px\" \/><p id=\"caption-attachment-2510\" class=\"wp-caption-text\">Gr\u00e1fico de la edad media de sustituci\u00f3n de cadera y rodilla en EE.UU.<\/p><\/div>\n<h2>\u00bfPor qu\u00e9 son necesarias las pr\u00f3tesis de cadera?<\/h2>\n<p>La cadera es una articulaci\u00f3n esf\u00e9rica, formada por una cabeza femoral en el extremo de la pierna que encaja en el acet\u00e1bulo de la pelvis. En condiciones normales, esto permite una amplitud de movimiento suave y sin dolor. Cuando se da\u00f1a cualquiera de estas estructuras, el resultado suele ser la p\u00e9rdida de funcionalidad y un dolor debilitante.<\/p>\n<p>La mayor\u00eda de las pr\u00f3tesis de cadera son necesarias por el desgaste normal de la articulaci\u00f3n. Otras razones comunes por las que una persona puede necesitar una artroplastia de cadera son los traumatismos, la displasia del desarrollo, la reducci\u00f3n del flujo sangu\u00edneo a la articulaci\u00f3n, los crecimientos anormales y los trastornos de cadera en la infancia que provocan un desgaste excesivo.<\/p>\n<h2>\u00bfC\u00f3mo se realiza una artroplastia de cadera y una artroplastia parcial de cadera?<\/h2>\n<p>En general, hay tres procedimientos principales conocidos como \u00abreemplazo de cadera\u00bb. Durante una operaci\u00f3n de pr\u00f3tesis total de cadera, se extraen tanto la cabeza femoral como la cavidad en la que encaja y se sustituyen por una articulaci\u00f3n artificial. La cirug\u00eda de pr\u00f3tesis parcial de cadera elimina la cabeza femoral y el v\u00e1stago, mientras que la pr\u00f3tesis de superficie de cadera sustituye la cavidad.<\/p>\n<div id=\"attachment_9720\" style=\"width: 510px\" class=\"wp-caption aligncenter\"><img loading=\"lazy\" decoding=\"async\" aria-describedby=\"caption-attachment-9720\" class=\"wp-image-9720\" title=\"Montaje de pr\u00f3tesis de cadera\" src=\"https:\/\/newyorkhipknee.com\/wp-content\/uploads\/2021\/11\/Hip-replacement-set-up.jpg\" alt=\"Montaje de pr\u00f3tesis de cadera\" width=\"500\" height=\"667\" srcset=\"https:\/\/newyorkhipknee.com\/wp-content\/uploads\/2021\/11\/Hip-replacement-set-up.jpg 500w, https:\/\/newyorkhipknee.com\/wp-content\/uploads\/2021\/11\/Hip-replacement-set-up-480x640.jpg 480w\" sizes=\"(min-width: 0px) and (max-width: 480px) 480px, (min-width: 481px) 500px, 100vw\" \/><p id=\"caption-attachment-9720\" class=\"wp-caption-text\">Montaje de pr\u00f3tesis de cadera<\/p><\/div>\n<h2>\u00bfSon frecuentes las complicaciones tras una pr\u00f3tesis de cadera?<\/h2>\n<p>Ninguna intervenci\u00f3n quir\u00fargica est\u00e1 exenta de complicaciones, y las pr\u00f3tesis de cadera no son una excepci\u00f3n. Las complicaciones tras una artroplastia de cadera pueden provocar s\u00edntomas como:<\/p>\n<ul>\n<li>Dolor articular<\/li>\n<li>Disminuci\u00f3n de la amplitud de movimiento<\/li>\n<li>Aflojamiento del implante<\/li>\n<li>Muerte tisular<\/li>\n<li>Deterioro \u00f3seo<\/li>\n<li>Fallo del implante<\/li>\n<\/ul>\n<p>Aproximadamente la mitad de los pacientes que se someten a una pr\u00f3tesis de cadera sufren osificaci\u00f3n heterot\u00f3pica, un endurecimiento del tejido que rodea el implante. Afortunadamente, s\u00f3lo provoca s\u00edntomas en el 10% de los afectados.<\/p>\n<p>Casi tres de cada cuatro fracasos de implantes de cadera se deben al deterioro del hueso que rodea al implante. Las roturas \u00f3seas alrededor del implante, conocidas como fracturas periprot\u00e9sicas, y el aflojamiento del implante tambi\u00e9n pueden provocar el fallo de la articulaci\u00f3n artificial.<\/p>\n<div id=\"attachment_9722\" style=\"width: 510px\" class=\"wp-caption aligncenter\"><img loading=\"lazy\" decoding=\"async\" aria-describedby=\"caption-attachment-9722\" class=\"wp-image-9722\" title=\"Preparar una pr\u00f3tesis de cadera\" src=\"https:\/\/newyorkhipknee.com\/wp-content\/uploads\/2021\/11\/Set-up-hip-replacement.jpg\" alt=\"Preparar una pr\u00f3tesis de cadera\" width=\"500\" height=\"667\" srcset=\"https:\/\/newyorkhipknee.com\/wp-content\/uploads\/2021\/11\/Set-up-hip-replacement.jpg 500w, https:\/\/newyorkhipknee.com\/wp-content\/uploads\/2021\/11\/Set-up-hip-replacement-480x640.jpg 480w\" sizes=\"(min-width: 0px) and (max-width: 480px) 480px, (min-width: 481px) 500px, 100vw\" \/><p id=\"caption-attachment-9722\" class=\"wp-caption-text\">Preparar una pr\u00f3tesis de cadera<\/p><\/div>\n<p>Las luxaciones de cadera son poco frecuentes tras las primeras operaciones de pr\u00f3tesis de cadera y se producen en menos del 5% de los casos. Sin embargo, tras la cirug\u00eda de revisi\u00f3n, el riesgo aumenta hasta casi el 20%. La luxaci\u00f3n es m\u00e1s frecuente en los primeros meses tras la intervenci\u00f3n.<\/p>\n<p>Las infecciones tambi\u00e9n son infrecuentes, ya que s\u00f3lo se producen en el 1% de los pacientes. En algunos casos, el cirujano puede abrir la zona quir\u00fargica para limpiar el \u00e1rea infectada. Para otros pacientes, puede ser necesario retirar la cadera artificial y programar otro procedimiento de implante para m\u00e1s adelante.<\/p>\n<p>Aunque pueden surgir complicaciones tras una intervenci\u00f3n de pr\u00f3tesis de cadera, esta cirug\u00eda ha permitido a millones de personas recuperar la movilidad y vivir sin dolores debilitantes. Tanto si se utilizan para tratar la artritis como para ayudar a curar una fractura de cadera, las pr\u00f3tesis artificiales de cadera han dado a muchos estadounidenses la oportunidad de recuperar una mejor calidad de vida.<\/p>\n<p><strong>Referencias:<\/strong><br \/><a href=\"https:\/\/www.abstractsonline.com\/Plan\/ViewAbstract.aspx?mID=3358&amp;sKey=d07c3db3-cf5f-4768-8384-2da45a32be4a&amp;cKey=c1b27dc5-0efd-49a8-ad3c-19d6e9b6dd6f&amp;mKey=4393d428-d755-4a34-8a63-26b1b7a349a1\" target=\"_blank\" rel=\"noopener\">Res\u00famenes en l\u00ednea<\/a><\/p>\n<p>Biblioteca Nacional de Medicina de EE.UU.  <\/p>\n<h3>Programe su visita inicial<\/h3>\n<div align=\"center\"><a class=\"livesite-schedule\" href=\"https:\/\/live.vcita.com\/site\/nyhipknee\/online-scheduling?staff=sbuvrwlyhlcvxsjv\" target=\"blank\" rel=\"noopener\" data-staff=\"b69585d231f6813d\"><br \/><img decoding=\"async\" title=\"Programar ahora\" src=\"\/wp-content\/uploads\/2016\/02\/karkare-calendar.png\" alt=\"Programar ahora\" border=\"0\"><\/a><\/div>\n<p>[\/et_pb_text][\/et_pb_column][\/et_pb_row][\/et_pb_section]<\/p>\n","protected":false},"excerpt":{"rendered":"<p>C\u00f3mo se realiza la cirug\u00eda de pr\u00f3tesis de caderaLa primera artroplastia total de cadera se realiz\u00f3 en Estados Unidos en 1969. Desde entonces, el creciente n\u00famero de estadounidenses mayores activos y las mejoras tecnol\u00f3gicas han hecho que el procedimiento sea m\u00e1s habitual. Las pr\u00f3tesis de cadera ofrecen una reducci\u00f3n del dolor, una mejora de la [&hellip;]<\/p>\n","protected":false},"author":15,"featured_media":0,"parent":16419,"menu_order":0,"comment_status":"closed","ping_status":"closed","template":"","meta":{"_et_pb_use_builder":"on","_et_pb_old_content":"","_et_gb_content_width":"","footnotes":""},"class_list":["post-16717","page","type-page","status-publish","hentry"],"yoast_head":"<!-- This site is optimized with the Yoast SEO plugin v27.2 - https:\/\/yoast.com\/product\/yoast-seo-wordpress\/ -->\n<title>C\u00f3mo se realiza la cirug\u00eda de pr\u00f3tesis de cadera | Best Hip &amp; Knee Surgeon | NY, USA<\/title>\n<meta name=\"description\" content=\"La primera artroplastia total de cadera se realiz\u00f3 en Estados Unidos en 1969. Desde entonces, el creciente n\u00famero de estadounidenses mayores activos y las mejoras tecnol\u00f3gicas han hecho que el procedimiento sea m\u00e1s habitual.\" \/>\n<meta name=\"robots\" content=\"index, follow, max-snippet:-1, max-image-preview:large, max-video-preview:-1\" \/>\n<link rel=\"canonical\" href=\"https:\/\/www.newyorkhipknee.com\/es\/protesis-total-de-cader\/como-se-realiza-la-cirugia-de-protesis-de-cadera\/\" \/>\n<meta property=\"og:locale\" content=\"es_ES\" \/>\n<meta property=\"og:type\" content=\"article\" \/>\n<meta property=\"og:title\" content=\"C\u00f3mo se realiza la cirug\u00eda de pr\u00f3tesis de cadera | Best Hip &amp; Knee Surgeon | NY, USA\" \/>\n<meta property=\"og:description\" content=\"La primera artroplastia total de cadera se realiz\u00f3 en Estados Unidos en 1969. Desde entonces, el creciente n\u00famero de estadounidenses mayores activos y las mejoras tecnol\u00f3gicas han hecho que el procedimiento sea m\u00e1s habitual.\" \/>\n<meta property=\"og:url\" content=\"https:\/\/www.newyorkhipknee.com\/es\/protesis-total-de-cader\/como-se-realiza-la-cirugia-de-protesis-de-cadera\/\" \/>\n<meta property=\"og:site_name\" content=\"Best Hip &amp; Knee Surgeon | NY, USA\" \/>\n<meta property=\"article:modified_time\" content=\"2023-02-10T07:55:54+00:00\" \/>\n<meta property=\"og:image\" content=\"https:\/\/newyorkhipknee.com\/wp-content\/uploads\/2016\/03\/who-gets-hipandknee-replacement.jpg\" \/>\n<meta name=\"twitter:card\" content=\"summary_large_image\" \/>\n<meta name=\"twitter:label1\" content=\"Tiempo de lectura\" \/>\n\t<meta name=\"twitter:data1\" content=\"5 minutos\" \/>\n<script type=\"application\/ld+json\" class=\"yoast-schema-graph\">{\"@context\":\"https:\/\/schema.org\",\"@graph\":[{\"@type\":[\"WebPage\",\"MedicalWebPage\"],\"@id\":\"https:\/\/www.newyorkhipknee.com\/es\/protesis-total-de-cader\/como-se-realiza-la-cirugia-de-protesis-de-cadera\/\",\"url\":\"https:\/\/www.newyorkhipknee.com\/es\/protesis-total-de-cader\/como-se-realiza-la-cirugia-de-protesis-de-cadera\/\",\"name\":\"C\u00f3mo se realiza la cirug\u00eda de pr\u00f3tesis de cadera | Best Hip &amp; Knee Surgeon | NY, USA\",\"isPartOf\":{\"@id\":\"https:\/\/www.newyorkhipknee.com\/es\/#website\"},\"primaryImageOfPage\":{\"@id\":\"https:\/\/www.newyorkhipknee.com\/es\/protesis-total-de-cader\/como-se-realiza-la-cirugia-de-protesis-de-cadera\/#primaryimage\"},\"image\":{\"@id\":\"https:\/\/www.newyorkhipknee.com\/es\/protesis-total-de-cader\/como-se-realiza-la-cirugia-de-protesis-de-cadera\/#primaryimage\"},\"thumbnailUrl\":\"https:\/\/newyorkhipknee.com\/wp-content\/uploads\/2016\/03\/who-gets-hipandknee-replacement.jpg\",\"datePublished\":\"2021-10-29T22:55:46+00:00\",\"dateModified\":\"2023-02-10T07:55:54+00:00\",\"description\":\"La primera artroplastia total de cadera se realiz\u00f3 en Estados Unidos en 1969. Desde entonces, el creciente n\u00famero de estadounidenses mayores activos y las mejoras tecnol\u00f3gicas han hecho que el procedimiento sea m\u00e1s habitual.\",\"breadcrumb\":{\"@id\":\"https:\/\/www.newyorkhipknee.com\/es\/protesis-total-de-cader\/como-se-realiza-la-cirugia-de-protesis-de-cadera\/#breadcrumb\"},\"inLanguage\":\"es\",\"potentialAction\":[{\"@type\":\"ReadAction\",\"target\":[\"https:\/\/www.newyorkhipknee.com\/es\/protesis-total-de-cader\/como-se-realiza-la-cirugia-de-protesis-de-cadera\/\"]}]},{\"@type\":\"ImageObject\",\"inLanguage\":\"es\",\"@id\":\"https:\/\/www.newyorkhipknee.com\/es\/protesis-total-de-cader\/como-se-realiza-la-cirugia-de-protesis-de-cadera\/#primaryimage\",\"url\":\"https:\/\/newyorkhipknee.com\/wp-content\/uploads\/2016\/03\/who-gets-hipandknee-replacement.jpg\",\"contentUrl\":\"https:\/\/newyorkhipknee.com\/wp-content\/uploads\/2016\/03\/who-gets-hipandknee-replacement.jpg\"},{\"@type\":\"BreadcrumbList\",\"@id\":\"https:\/\/www.newyorkhipknee.com\/es\/protesis-total-de-cader\/como-se-realiza-la-cirugia-de-protesis-de-cadera\/#breadcrumb\",\"itemListElement\":[{\"@type\":\"ListItem\",\"position\":1,\"name\":\"Home\",\"item\":\"https:\/\/www.newyorkhipknee.com\/es\/\"},{\"@type\":\"ListItem\",\"position\":2,\"name\":\"Pr\u00f3tesis total de cadera\",\"item\":\"https:\/\/www.newyorkhipknee.com\/es\/protesis-total-de-cader\/\"},{\"@type\":\"ListItem\",\"position\":3,\"name\":\"C\u00f3mo se realiza la cirug\u00eda de pr\u00f3tesis de cadera\"}]},{\"@type\":\"WebSite\",\"@id\":\"https:\/\/www.newyorkhipknee.com\/es\/#website\",\"url\":\"https:\/\/www.newyorkhipknee.com\/es\/\",\"name\":\"Best Hip & Knee Surgeon | NY, USA\",\"description\":\"\",\"potentialAction\":[{\"@type\":\"SearchAction\",\"target\":{\"@type\":\"EntryPoint\",\"urlTemplate\":\"https:\/\/www.newyorkhipknee.com\/es\/?s={search_term_string}\"},\"query-input\":{\"@type\":\"PropertyValueSpecification\",\"valueRequired\":true,\"valueName\":\"search_term_string\"}}],\"inLanguage\":\"es\"}]}<\/script>\n<!-- \/ Yoast SEO plugin. -->","yoast_head_json":{"title":"C\u00f3mo se realiza la cirug\u00eda de pr\u00f3tesis de cadera | Best Hip &amp; Knee Surgeon | NY, USA","description":"La primera artroplastia total de cadera se realiz\u00f3 en Estados Unidos en 1969. Desde entonces, el creciente n\u00famero de estadounidenses mayores activos y las mejoras tecnol\u00f3gicas han hecho que el procedimiento sea m\u00e1s habitual.","robots":{"index":"index","follow":"follow","max-snippet":"max-snippet:-1","max-image-preview":"max-image-preview:large","max-video-preview":"max-video-preview:-1"},"canonical":"https:\/\/www.newyorkhipknee.com\/es\/protesis-total-de-cader\/como-se-realiza-la-cirugia-de-protesis-de-cadera\/","og_locale":"es_ES","og_type":"article","og_title":"C\u00f3mo se realiza la cirug\u00eda de pr\u00f3tesis de cadera | Best Hip &amp; Knee Surgeon | NY, USA","og_description":"La primera artroplastia total de cadera se realiz\u00f3 en Estados Unidos en 1969. Desde entonces, el creciente n\u00famero de estadounidenses mayores activos y las mejoras tecnol\u00f3gicas han hecho que el procedimiento sea m\u00e1s habitual.","og_url":"https:\/\/www.newyorkhipknee.com\/es\/protesis-total-de-cader\/como-se-realiza-la-cirugia-de-protesis-de-cadera\/","og_site_name":"Best Hip &amp; Knee Surgeon | NY, USA","article_modified_time":"2023-02-10T07:55:54+00:00","og_image":[{"url":"https:\/\/newyorkhipknee.com\/wp-content\/uploads\/2016\/03\/who-gets-hipandknee-replacement.jpg","type":"","width":"","height":""}],"twitter_card":"summary_large_image","twitter_misc":{"Tiempo de lectura":"5 minutos"},"schema":{"@context":"https:\/\/schema.org","@graph":[{"@type":["WebPage","MedicalWebPage"],"@id":"https:\/\/www.newyorkhipknee.com\/es\/protesis-total-de-cader\/como-se-realiza-la-cirugia-de-protesis-de-cadera\/","url":"https:\/\/www.newyorkhipknee.com\/es\/protesis-total-de-cader\/como-se-realiza-la-cirugia-de-protesis-de-cadera\/","name":"C\u00f3mo se realiza la cirug\u00eda de pr\u00f3tesis de cadera | Best Hip &amp; Knee Surgeon | NY, USA","isPartOf":{"@id":"https:\/\/www.newyorkhipknee.com\/es\/#website"},"primaryImageOfPage":{"@id":"https:\/\/www.newyorkhipknee.com\/es\/protesis-total-de-cader\/como-se-realiza-la-cirugia-de-protesis-de-cadera\/#primaryimage"},"image":{"@id":"https:\/\/www.newyorkhipknee.com\/es\/protesis-total-de-cader\/como-se-realiza-la-cirugia-de-protesis-de-cadera\/#primaryimage"},"thumbnailUrl":"https:\/\/newyorkhipknee.com\/wp-content\/uploads\/2016\/03\/who-gets-hipandknee-replacement.jpg","datePublished":"2021-10-29T22:55:46+00:00","dateModified":"2023-02-10T07:55:54+00:00","description":"La primera artroplastia total de cadera se realiz\u00f3 en Estados Unidos en 1969. Desde entonces, el creciente n\u00famero de estadounidenses mayores activos y las mejoras tecnol\u00f3gicas han hecho que el procedimiento sea m\u00e1s habitual.","breadcrumb":{"@id":"https:\/\/www.newyorkhipknee.com\/es\/protesis-total-de-cader\/como-se-realiza-la-cirugia-de-protesis-de-cadera\/#breadcrumb"},"inLanguage":"es","potentialAction":[{"@type":"ReadAction","target":["https:\/\/www.newyorkhipknee.com\/es\/protesis-total-de-cader\/como-se-realiza-la-cirugia-de-protesis-de-cadera\/"]}]},{"@type":"ImageObject","inLanguage":"es","@id":"https:\/\/www.newyorkhipknee.com\/es\/protesis-total-de-cader\/como-se-realiza-la-cirugia-de-protesis-de-cadera\/#primaryimage","url":"https:\/\/newyorkhipknee.com\/wp-content\/uploads\/2016\/03\/who-gets-hipandknee-replacement.jpg","contentUrl":"https:\/\/newyorkhipknee.com\/wp-content\/uploads\/2016\/03\/who-gets-hipandknee-replacement.jpg"},{"@type":"BreadcrumbList","@id":"https:\/\/www.newyorkhipknee.com\/es\/protesis-total-de-cader\/como-se-realiza-la-cirugia-de-protesis-de-cadera\/#breadcrumb","itemListElement":[{"@type":"ListItem","position":1,"name":"Home","item":"https:\/\/www.newyorkhipknee.com\/es\/"},{"@type":"ListItem","position":2,"name":"Pr\u00f3tesis total de cadera","item":"https:\/\/www.newyorkhipknee.com\/es\/protesis-total-de-cader\/"},{"@type":"ListItem","position":3,"name":"C\u00f3mo se realiza la cirug\u00eda de pr\u00f3tesis de cadera"}]},{"@type":"WebSite","@id":"https:\/\/www.newyorkhipknee.com\/es\/#website","url":"https:\/\/www.newyorkhipknee.com\/es\/","name":"Best Hip & Knee Surgeon | NY, USA","description":"","potentialAction":[{"@type":"SearchAction","target":{"@type":"EntryPoint","urlTemplate":"https:\/\/www.newyorkhipknee.com\/es\/?s={search_term_string}"},"query-input":{"@type":"PropertyValueSpecification","valueRequired":true,"valueName":"search_term_string"}}],"inLanguage":"es"}]}},"_links":{"self":[{"href":"https:\/\/www.newyorkhipknee.com\/es\/wp-json\/wp\/v2\/pages\/16717","targetHints":{"allow":["GET"]}}],"collection":[{"href":"https:\/\/www.newyorkhipknee.com\/es\/wp-json\/wp\/v2\/pages"}],"about":[{"href":"https:\/\/www.newyorkhipknee.com\/es\/wp-json\/wp\/v2\/types\/page"}],"author":[{"embeddable":true,"href":"https:\/\/www.newyorkhipknee.com\/es\/wp-json\/wp\/v2\/users\/15"}],"replies":[{"embeddable":true,"href":"https:\/\/www.newyorkhipknee.com\/es\/wp-json\/wp\/v2\/comments?post=16717"}],"version-history":[{"count":0,"href":"https:\/\/www.newyorkhipknee.com\/es\/wp-json\/wp\/v2\/pages\/16717\/revisions"}],"up":[{"embeddable":true,"href":"https:\/\/www.newyorkhipknee.com\/es\/wp-json\/wp\/v2\/pages\/16419"}],"wp:attachment":[{"href":"https:\/\/www.newyorkhipknee.com\/es\/wp-json\/wp\/v2\/media?parent=16717"}],"curies":[{"name":"wp","href":"https:\/\/api.w.org\/{rel}","templated":true}]}}