{"id":16726,"date":"2021-10-28T03:28:22","date_gmt":"2021-10-28T07:28:22","guid":{"rendered":"https:\/\/newyorkhipknee.com\/protesis-total-de-cadera\/crepitacion-articular-y-relevancia-en-la-artritis\/"},"modified":"2021-10-28T03:28:22","modified_gmt":"2021-10-28T07:28:22","slug":"crepitacion-articular-y-relevancia-en-la-artritis","status":"publish","type":"page","link":"https:\/\/www.newyorkhipknee.com\/es\/protesis-total-de-cader\/crepitacion-articular-y-relevancia-en-la-artritis\/","title":{"rendered":"Crepitaci\u00f3n articular y relevancia en la artritis"},"content":{"rendered":"<p>El crepitante es un sonido o sensaci\u00f3n de crujido o chirrido que se percibe en una articulaci\u00f3n al moverla. Es frecuente en la vejez, pero no todos los crepitantes articulares significan una enfermedad subyacente.<\/p>\n<p>Sin embargo, cuando se asocia a dolor o hinchaz\u00f3n, el crepitante articular suele denotar da\u00f1o articular. La <a href=\"https:\/\/newyorkhipknee.com\/faqs\/hip-arthritis-faqs\/\">artritis<\/a> es una causa frecuente de crepitaci\u00f3n, sobre todo entre las personas mayores.<\/p>\n<h2>Anatom\u00eda articular<\/h2>\n<p>Una articulaci\u00f3n se forma donde se unen dos huesos, por ejemplo, una articulaci\u00f3n de rodilla se forma cuando el extremo inferior del hueso del muslo (f\u00e9mur) se une al extremo superior del hueso de la espinilla (tibia). Del mismo modo, la articulaci\u00f3n del hombro se forma entre el extremo superior del hueso del brazo y la cavidad formada por el om\u00f3plato. Adem\u00e1s de los huesos, numerosas estructuras forman una articulaci\u00f3n.<\/p>\n<ul>\n<li>Cart\u00edlago articular: Es un tejido blanco liso y brillante que recubre los extremos de los huesos que forman una articulaci\u00f3n. Es resistente pero lo suficientemente flexible para amortiguar el deslizamiento de los huesos durante el movimiento. Adem\u00e1s, ayuda a reducir la fricci\u00f3n al actuar como una superficie resbaladiza que permite movimientos suaves de la articulaci\u00f3n.<\/li>\n<li>Ligamentos: Tejido resistente que une dos huesos proporcionando estabilidad din\u00e1mica y est\u00e1tica a una articulaci\u00f3n.<\/li>\n<li>Menisco: Forma especial de cart\u00edlago presente como almohadilla entre la articulaci\u00f3n de la rodilla. En una articulaci\u00f3n normal que soporta peso, como la rodilla, la atraviesan fuerzas de hasta 8 veces el peso corporal, el menisco act\u00faa como amortiguador de la fuerza.<\/li>\n<li>M\u00fasculos y tendones: Proporcionan apoyo estructural y estabilizador a las articulaciones. En una rodilla, una articulaci\u00f3n gran grupo de m\u00fasculos, los cu\u00e1driceps en la parte delantera y los isquiotibiales en la parte posterior proporcionan apoyo constante para el movimiento normal de la articulaci\u00f3n.<\/li>\n<li>C\u00e1psula articular y l\u00edquido sinovial: La c\u00e1psula articular sella la articulaci\u00f3n y contiene l\u00edquido sinovial. Se trata de un l\u00edquido transparente y pegajoso que lubrica las articulaciones y nutre los cart\u00edlagos.<\/li>\n<\/ul>\n<p><strong>Causas e importancia del crepitus articular<\/strong><\/p>\n<p>El sonido, que puede ser lo suficientemente alto como para que lo oigan los dem\u00e1s o m\u00e1s bajo, puede deberse a la rotura de una estructura sobre una articulaci\u00f3n, que puede ser un tend\u00f3n o un ligamento. Lo m\u00e1s frecuente es que se deba al desgaste de las dos superficies articulares, como ocurre en la artritis.<\/p>\n<p>Un chasquido debido a la rotura de peque\u00f1as burbujas en la articulaci\u00f3n no es s\u00edntoma de una enfermedad subyacente. Sin embargo, los crepitantes que cursan con dolor o hinchaz\u00f3n progresivos deben justificar una visita al m\u00e9dico.<\/p>\n<h2>Causas de la artritis<\/h2>\n<p>La artritis por desgaste relacionada con la edad, denominada artrosis o artritis degenerativa, es una fuente frecuente de crepitaci\u00f3n articular en la edad avanzada. Otras causas de artritis son la artritis reumatoide, la artritis psori\u00e1sica y la gota.<\/p>\n<h2>Crepitaci\u00f3n en la osteoartritis (OA)<\/h2>\n<p>Cuando se producen cambios degenerativos en la articulaci\u00f3n, el cart\u00edlago articular se erosiona y los huesos rozan entre s\u00ed. El rechinamiento constante provoca dolor y crepitaci\u00f3n.<\/p>\n<p>La OA afecta a todos los tejidos que forman una articulaci\u00f3n sinovial, incluidos el cart\u00edlago articular, los m\u00fasculos, los huesos, la c\u00e1psula articular y los ligamentos.<\/p>\n<ul>\n<li>OA primaria: Se produce sin ninguna causa subyacente espec\u00edfica, pero el aumento de la edad y la obesidad son factores de riesgo. Adem\u00e1s, suele darse con m\u00e1s frecuencia en mujeres.<\/li>\n<li>OA secundaria: Cualquier enfermedad o lesi\u00f3n que da\u00f1e las estructuras que forman la articulaci\u00f3n, especialmente el cart\u00edlago articular, conducir\u00e1 a la osteoartritis. Las causas pueden ser artritis reumatoide, mala alineaci\u00f3n de las articulaciones, lesiones de tendones o ligamentos, gota, diabetes mellitus, hemorragias intraarticulares en la hemofilia, acromegalia, lesiones del cart\u00edlago, etc.<\/li>\n<\/ul>\n<p><strong>Etapas de la OA<\/strong><\/p>\n<ul>\n<li>Fase inicial: Al principio se inflama el cart\u00edlago, que sufre un desgaste creciente con la edad. El cart\u00edlago est\u00e1 formado por estructuras celulares vitales que mantienen una proporci\u00f3n equilibrada de sustancias qu\u00edmicas para su correcto funcionamiento. El equilibrio se pierde con la edad y la inflamaci\u00f3n inicial evoluciona hacia fisuras o grietas en el cart\u00edlago. El organismo intenta sin \u00e9xito formar nuevo cart\u00edlago con un mayor aporte sangu\u00edneo.<\/li>\n<li>Etapa intermedia: Los nuevos vasos sangu\u00edneos invaden el hueso subyacente al cart\u00edlago articular denominado hueso subcondral y aumentan su tama\u00f1o. La degradaci\u00f3n del cart\u00edlago contin\u00faa hasta que se rompe y se disuelve en la articulaci\u00f3n o aparece en forma de \u00abcuerpos sueltos\u00bb. El engrosamiento \u00f3seo es especialmente m\u00e1s prominente hacia los lados de la articulaci\u00f3n formando espolones \u00f3seos.<\/li>\n<li>Fase tard\u00eda: El cart\u00edlago articular se pierde con un hueso subyacente engrosado e hinchado. Se desarrollan quistes o cavidades en el hueso y el tejido sinovial aumenta de tama\u00f1o debido a la inflamaci\u00f3n. Existe un aumento de la presi\u00f3n en las articulaciones.<\/li>\n<\/ul>\n<h2>S\u00edntomas<\/h2>\n<p>La artritis primaria puede afectar a varias articulaciones, como las manos, los hombros, las caderas o las rodillas, pero los s\u00edntomas no siempre son constantes, sino que pueden aparecer y desaparecer. Puede haber brotes o periodos de remisi\u00f3n. Pero los s\u00edntomas son siempre progresivos, es decir, empeoran y su frecuencia aumenta con el tiempo.<\/p>\n<ul>\n<li>Dolor: Existe un dolor agudo o sordo persistente localizado en un lado o en toda la articulaci\u00f3n. El dolor empeora al final del d\u00eda debido a la actividad. En el caso de la rodilla, puede ser especialmente mayor con movimientos que fuercen la articulaci\u00f3n, como ponerse en cuclillas o subir corriendo las escaleras. En ocasiones, el dolor puede exacerbarse, restringiendo gravemente los movimientos articulares.<\/li>\n<li>Crepitaci\u00f3n: El chirrido se produce por el roce o el rechinamiento de los huesos subcondrales desnudos de la articulaci\u00f3n. Una paz cartilaginosa rota tambi\u00e9n puede rozar entre la superficie articular y producir crepitaci\u00f3n. En las rodillas, las almohadillas de menisco se desgarran en el proceso de OA y la degeneraci\u00f3n en curso puede producir el sonido, as\u00ed como el bloqueo. Al perderse el cart\u00edlago articular protector, la articulaci\u00f3n deja de deslizarse con suavidad y en su lugar rechina como papel de lija, produciendo crepitaci\u00f3n.<\/li>\n<li>Hinchaz\u00f3n: La hinchaz\u00f3n aguda con enrojecimiento y dolor puede significar infecci\u00f3n o inflamaci\u00f3n. La hinchaz\u00f3n es sobre todo OA es generalizada y puede estar asociada a rigidez.<\/li>\n<li>Rigidez: T\u00edpicamente la rigidez de la articulaci\u00f3n se presenta por la ma\u00f1ana o despu\u00e9s de periodos prolongados de inactividad. Los movimientos est\u00e1n restringidos y la articulaci\u00f3n parece moverse despu\u00e9s de iniciar alguna actividad.<br \/>\nEfecto del tiempo: Algunos brotes son m\u00e1s frecuentes cuando hace fr\u00edo. El aumento del dolor y la hinchaz\u00f3n no se debe a la temperatura, sino a la presi\u00f3n atmosf\u00e9rica exterior, que disminuye y provoca un aumento de la hinchaz\u00f3n en el interior de la articulaci\u00f3n.<\/li>\n<li>Restricci\u00f3n de actividades: Los movimientos articulares se pierden gradualmente y ciertos movimientos como ponerse en cuclillas o subir escaleras requieren un gran esfuerzo asociado al dolor. Los m\u00fasculos que rodean la articulaci\u00f3n tambi\u00e9n se vuelven d\u00e9biles y fr\u00e1giles debido a la disminuci\u00f3n del movimiento.<\/li>\n<\/ul>\n<h2>Diagn\u00f3stico<\/h2>\n<ul>\n<li>Anamnesis: Se realiza una anamnesis detallada sobre la aparici\u00f3n de los s\u00edntomas y las asociaciones.<\/li>\n<li>Exploraci\u00f3n f\u00edsica: Los m\u00e9dicos realizan diversas pruebas para comprobar los movimientos implicados y la estabilidad de una articulaci\u00f3n.<\/li>\n<li>An\u00e1lisis de sangre: Se realizan para descartar enfermedades sist\u00e9micas como artritis reumatoide, gota o infecciones.<\/li>\n<li>Diagn\u00f3stico por imagen: La radiograf\u00eda suele ser el primer estudio que se realiza para comprobar el espacio articular y el engrosamiento de los huesos. Para una evaluaci\u00f3n detallada, puede realizarse un TAC, pero normalmente la resonancia magn\u00e9tica es la investigaci\u00f3n m\u00e1s \u00fatil. Detalla todas las estructuras del interior de la articulaci\u00f3n.<\/li>\n<li>Artrocentesis: La aspiraci\u00f3n articular o artrocentesis consiste en extraer una peque\u00f1a cantidad de l\u00edquido sinovial de la articulaci\u00f3n mediante una jeringa. A continuaci\u00f3n, el contenido del l\u00edquido sinovial se somete a pruebas de laboratorio.<\/li>\n<\/ul>\n<h2>Gesti\u00f3n<\/h2>\n<p>Depende de la edad, la gravedad de la enfermedad y las exigencias del paciente.<\/p>\n<h2>Sin cirug\u00eda<\/h2>\n<ul>\n<li>P\u00e9rdida de peso: Repercute directamente en la cantidad de carga transmitida a las articulaciones que soportan peso, como la rodilla y la cadera. El peso corporal influye directamente en la gravedad de los s\u00edntomas.<\/li>\n<li>Moderaci\u00f3n del estilo de vida y fisioterapia: Evitar las actividades que sobrecargan la articulaci\u00f3n proporciona alivio. El fortalecimiento de los m\u00fasculos que rodean la articulaci\u00f3n proporciona estabilidad y disminuye los s\u00edntomas.<\/li>\n<li>Compresas de hielo o almohadillas t\u00e9rmicas: Proporcionan un alivio significativo especialmente durante un brote. La compresi\u00f3n suave con reposo y hielo disminuye el dolor y la hinchaz\u00f3n<\/li>\n<li>Antiinflamatorios no esteroideos: Estos medicamentos orales proporcionan un alivio sintom\u00e1tico del dolor y tambi\u00e9n disminuyen la hinchaz\u00f3n asociada a la OA. Algunos efectos secundarios, como gastritis, \u00falceras y anticoagulantes, limitan su uso a largo plazo.<\/li>\n<li>Inyecciones intraarticulares de esteroides: Se administran en la articulaci\u00f3n y disminuyen la inflamaci\u00f3n asociada a la OA. Se obtiene un alivio significativo del dolor, pero los efectos desaparecen al cabo de unos meses. Puede ser necesario repetir las inyecciones.<\/li>\n<li>Otros: Se han utilizado medicamentos como la glucosamina, el sulfato de condroitina, la diacere\u00edna y el \u00e1cido hialur\u00f3nico, pero existen controversias en torno a su beneficio real.<\/li>\n<\/ul>\n<h2>Quir\u00fargico<\/h2>\n<ul>\n<li>Desbridamiento artrosc\u00f3pico: Las primeras fases de la OA pueden tratarse mediante un procedimiento artrosc\u00f3pico. Mediante la t\u00e9cnica del ojo de cerradura, se introduce una c\u00e1mara diminuta junto con los instrumentos. Se eliminan todos los tejidos muertos y los cuerpos sueltos.<\/li>\n<li>Osteotom\u00eda: La cirug\u00eda de corte del hueso se realiza para cambiar la alineaci\u00f3n de las fuerzas que act\u00faan sobre la articulaci\u00f3n. Disminuye la presi\u00f3n sobre la zona del cart\u00edlago afectada por la OA. \u00datil s\u00f3lo en las primeras fases de la enfermedad.<\/li>\n<li><a href=\"https:\/\/newyorkhipknee.com\/faqs\/joint-replacement-faqs\/\">Sustituci\u00f3n de articulaciones<\/a>: Las cirug\u00edas de artroplastia han revolucionado el tratamiento de la artrosis. Los extremos de las articulaciones se sustituyen o recubren con piezas de metal y pl\u00e1stico. Las piezas prot\u00e9sicas recrean los movimientos articulares.<\/li>\n<\/ul>\n<div id=\"attachment_9103\" style=\"width: 310px\" class=\"wp-caption aligncenter\"><img loading=\"lazy\" decoding=\"async\" aria-describedby=\"caption-attachment-9103\" class=\"size-medium wp-image-9103\" title=\"1T5A0444\" src=\"https:\/\/newyorkhipknee.com\/wp-content\/uploads\/2019\/08\/1T5A0444-300x300.jpg\" alt=\"\" width=\"300\" height=\"300\"><p id=\"caption-attachment-9103\" class=\"wp-caption-text\">Pr\u00f3tesis total de cadera<\/p><\/div>\n<p>La imagen superior muestra una pr\u00f3tesis total de cadera en un modelo \u00f3seo que tambi\u00e9n muestra la columna vertebral y la pelvis. Los componentes prot\u00e9sicos incluyen un componente femoral met\u00e1lico que se inserta en el canal femoral, una cabeza femoral met\u00e1lica\/cer\u00e1mica y un cotilo acetabular con un revestimiento de polietileno.<\/p>\n<div id=\"attachment_9105\" style=\"width: 310px\" class=\"wp-caption aligncenter\"><img loading=\"lazy\" decoding=\"async\" aria-describedby=\"caption-attachment-9105\" class=\"size-medium wp-image-9105\" title=\"1T5A0439\" src=\"https:\/\/newyorkhipknee.com\/wp-content\/uploads\/2019\/08\/1T5A0439-300x300.jpg\" alt=\"\" width=\"300\" height=\"300\"><p id=\"caption-attachment-9105\" class=\"wp-caption-text\">Componente femoral prot\u00e9sico (pr\u00f3tesis de cadera)<\/p><\/div>\n<p>El componente femoral suele encajarse a presi\u00f3n en el canal femoral y en raras ocasiones puede fijarse con cemento \u00f3seo.<\/p>\n<p>Se consigue una excelente estabilidad ya que las piezas reduplican la funci\u00f3n de ligamentos y meniscos. La alineaci\u00f3n de la l\u00ednea articular se crea tal y como era antes del proceso de la enfermedad. As\u00ed se consigue una articulaci\u00f3n sin dolor con una amplitud de movimiento casi normal.<\/p>\n<h3><\/h3>\n<h3 style=\"text-align: center;\">Programe su visita inicial<\/h3>\n<p style=\"text-align: center;\"><a href=\"https:\/\/live.vcita.com\/site\/nyhipknee\/online-scheduling?staff=sbuvrwlyhlcvxsjv\"><img loading=\"lazy\" decoding=\"async\" class=\"aligncenter wp-image-2398 size-full\" title=\"Dr. Karkare Calendario de Reservas\" src=\"https:\/\/newyorkhipknee.com\/wp-content\/uploads\/2016\/02\/karkare-calendar.png\" alt=\"Dr. Karkare Calendario de Reservas\" width=\"655\" height=\"370\" srcset=\"https:\/\/www.newyorkhipknee.com\/wp-content\/uploads\/2016\/02\/karkare-calendar.png 655w, https:\/\/www.newyorkhipknee.com\/wp-content\/uploads\/2016\/02\/karkare-calendar-300x169.png 300w\" sizes=\"(max-width: 655px) 100vw, 655px\" \/><\/a><\/p>\n","protected":false},"excerpt":{"rendered":"<p>El crepitante es un sonido o sensaci\u00f3n de crujido o chirrido que se percibe en una articulaci\u00f3n al moverla. Es frecuente en la vejez, pero no todos los crepitantes articulares significan una enfermedad subyacente. Sin embargo, cuando se asocia a dolor o hinchaz\u00f3n, el crepitante articular suele denotar da\u00f1o articular. La artritis es una causa [&hellip;]<\/p>\n","protected":false},"author":15,"featured_media":0,"parent":16419,"menu_order":0,"comment_status":"closed","ping_status":"closed","template":"","meta":{"_et_pb_use_builder":"","_et_pb_old_content":"","_et_gb_content_width":"","footnotes":""},"class_list":["post-16726","page","type-page","status-publish","hentry"],"yoast_head":"<!-- This site is optimized with the Yoast SEO plugin v27.2 - https:\/\/yoast.com\/product\/yoast-seo-wordpress\/ -->\n<title>Crepitaci\u00f3n articular y relevancia en la artritis<\/title>\n<meta name=\"description\" content=\"El crepitante es un sonido o sensaci\u00f3n de crujido o chirrido que se percibe en una articulaci\u00f3n al moverla. Es frecuente en la vejez, pero no todos los crepitantes articulares significan una enfermedad subyacente.\" \/>\n<meta name=\"robots\" content=\"index, follow, max-snippet:-1, max-image-preview:large, max-video-preview:-1\" \/>\n<link rel=\"canonical\" href=\"https:\/\/www.newyorkhipknee.com\/es\/protesis-total-de-cader\/crepitacion-articular-y-relevancia-en-la-artritis\/\" \/>\n<meta property=\"og:locale\" content=\"es_ES\" \/>\n<meta property=\"og:type\" content=\"article\" \/>\n<meta property=\"og:title\" content=\"Crepitaci\u00f3n articular y relevancia en la artritis\" \/>\n<meta property=\"og:description\" content=\"El crepitante es un sonido o sensaci\u00f3n de crujido o chirrido que se percibe en una articulaci\u00f3n al moverla. Es frecuente en la vejez, pero no todos los crepitantes articulares significan una enfermedad subyacente.\" \/>\n<meta property=\"og:url\" content=\"https:\/\/www.newyorkhipknee.com\/es\/protesis-total-de-cader\/crepitacion-articular-y-relevancia-en-la-artritis\/\" \/>\n<meta property=\"og:site_name\" content=\"Best Hip &amp; Knee Surgeon | NY, USA\" \/>\n<meta property=\"og:image\" content=\"https:\/\/newyorkhipknee.com\/wp-content\/uploads\/2019\/08\/1T5A0444-300x300.jpg\" \/>\n<meta name=\"twitter:card\" content=\"summary_large_image\" \/>\n<meta name=\"twitter:label1\" content=\"Tiempo de lectura\" \/>\n\t<meta name=\"twitter:data1\" content=\"10 minutos\" \/>\n<script type=\"application\/ld+json\" class=\"yoast-schema-graph\">{\"@context\":\"https:\/\/schema.org\",\"@graph\":[{\"@type\":[\"WebPage\",\"MedicalWebPage\"],\"@id\":\"https:\/\/www.newyorkhipknee.com\/es\/protesis-total-de-cader\/crepitacion-articular-y-relevancia-en-la-artritis\/\",\"url\":\"https:\/\/www.newyorkhipknee.com\/es\/protesis-total-de-cader\/crepitacion-articular-y-relevancia-en-la-artritis\/\",\"name\":\"Crepitaci\u00f3n articular y relevancia en la artritis\",\"isPartOf\":{\"@id\":\"https:\/\/www.newyorkhipknee.com\/es\/#website\"},\"primaryImageOfPage\":{\"@id\":\"https:\/\/www.newyorkhipknee.com\/es\/protesis-total-de-cader\/crepitacion-articular-y-relevancia-en-la-artritis\/#primaryimage\"},\"image\":{\"@id\":\"https:\/\/www.newyorkhipknee.com\/es\/protesis-total-de-cader\/crepitacion-articular-y-relevancia-en-la-artritis\/#primaryimage\"},\"thumbnailUrl\":\"https:\/\/newyorkhipknee.com\/wp-content\/uploads\/2019\/08\/1T5A0444-300x300.jpg\",\"datePublished\":\"2021-10-28T07:28:22+00:00\",\"description\":\"El crepitante es un sonido o sensaci\u00f3n de crujido o chirrido que se percibe en una articulaci\u00f3n al moverla. Es frecuente en la vejez, pero no todos los crepitantes articulares significan una enfermedad subyacente.\",\"breadcrumb\":{\"@id\":\"https:\/\/www.newyorkhipknee.com\/es\/protesis-total-de-cader\/crepitacion-articular-y-relevancia-en-la-artritis\/#breadcrumb\"},\"inLanguage\":\"es\",\"potentialAction\":[{\"@type\":\"ReadAction\",\"target\":[\"https:\/\/www.newyorkhipknee.com\/es\/protesis-total-de-cader\/crepitacion-articular-y-relevancia-en-la-artritis\/\"]}]},{\"@type\":\"ImageObject\",\"inLanguage\":\"es\",\"@id\":\"https:\/\/www.newyorkhipknee.com\/es\/protesis-total-de-cader\/crepitacion-articular-y-relevancia-en-la-artritis\/#primaryimage\",\"url\":\"https:\/\/newyorkhipknee.com\/wp-content\/uploads\/2019\/08\/1T5A0444-300x300.jpg\",\"contentUrl\":\"https:\/\/newyorkhipknee.com\/wp-content\/uploads\/2019\/08\/1T5A0444-300x300.jpg\"},{\"@type\":\"BreadcrumbList\",\"@id\":\"https:\/\/www.newyorkhipknee.com\/es\/protesis-total-de-cader\/crepitacion-articular-y-relevancia-en-la-artritis\/#breadcrumb\",\"itemListElement\":[{\"@type\":\"ListItem\",\"position\":1,\"name\":\"Home\",\"item\":\"https:\/\/www.newyorkhipknee.com\/es\/\"},{\"@type\":\"ListItem\",\"position\":2,\"name\":\"Pr\u00f3tesis total de cadera\",\"item\":\"https:\/\/www.newyorkhipknee.com\/es\/protesis-total-de-cader\/\"},{\"@type\":\"ListItem\",\"position\":3,\"name\":\"Crepitaci\u00f3n articular y relevancia en la artritis\"}]},{\"@type\":\"WebSite\",\"@id\":\"https:\/\/www.newyorkhipknee.com\/es\/#website\",\"url\":\"https:\/\/www.newyorkhipknee.com\/es\/\",\"name\":\"Best Hip & Knee Surgeon | NY, USA\",\"description\":\"\",\"potentialAction\":[{\"@type\":\"SearchAction\",\"target\":{\"@type\":\"EntryPoint\",\"urlTemplate\":\"https:\/\/www.newyorkhipknee.com\/es\/?s={search_term_string}\"},\"query-input\":{\"@type\":\"PropertyValueSpecification\",\"valueRequired\":true,\"valueName\":\"search_term_string\"}}],\"inLanguage\":\"es\"}]}<\/script>\n<!-- \/ Yoast SEO plugin. -->","yoast_head_json":{"title":"Crepitaci\u00f3n articular y relevancia en la artritis","description":"El crepitante es un sonido o sensaci\u00f3n de crujido o chirrido que se percibe en una articulaci\u00f3n al moverla. Es frecuente en la vejez, pero no todos los crepitantes articulares significan una enfermedad subyacente.","robots":{"index":"index","follow":"follow","max-snippet":"max-snippet:-1","max-image-preview":"max-image-preview:large","max-video-preview":"max-video-preview:-1"},"canonical":"https:\/\/www.newyorkhipknee.com\/es\/protesis-total-de-cader\/crepitacion-articular-y-relevancia-en-la-artritis\/","og_locale":"es_ES","og_type":"article","og_title":"Crepitaci\u00f3n articular y relevancia en la artritis","og_description":"El crepitante es un sonido o sensaci\u00f3n de crujido o chirrido que se percibe en una articulaci\u00f3n al moverla. Es frecuente en la vejez, pero no todos los crepitantes articulares significan una enfermedad subyacente.","og_url":"https:\/\/www.newyorkhipknee.com\/es\/protesis-total-de-cader\/crepitacion-articular-y-relevancia-en-la-artritis\/","og_site_name":"Best Hip &amp; Knee Surgeon | NY, USA","og_image":[{"url":"https:\/\/newyorkhipknee.com\/wp-content\/uploads\/2019\/08\/1T5A0444-300x300.jpg","type":"","width":"","height":""}],"twitter_card":"summary_large_image","twitter_misc":{"Tiempo de lectura":"10 minutos"},"schema":{"@context":"https:\/\/schema.org","@graph":[{"@type":["WebPage","MedicalWebPage"],"@id":"https:\/\/www.newyorkhipknee.com\/es\/protesis-total-de-cader\/crepitacion-articular-y-relevancia-en-la-artritis\/","url":"https:\/\/www.newyorkhipknee.com\/es\/protesis-total-de-cader\/crepitacion-articular-y-relevancia-en-la-artritis\/","name":"Crepitaci\u00f3n articular y relevancia en la artritis","isPartOf":{"@id":"https:\/\/www.newyorkhipknee.com\/es\/#website"},"primaryImageOfPage":{"@id":"https:\/\/www.newyorkhipknee.com\/es\/protesis-total-de-cader\/crepitacion-articular-y-relevancia-en-la-artritis\/#primaryimage"},"image":{"@id":"https:\/\/www.newyorkhipknee.com\/es\/protesis-total-de-cader\/crepitacion-articular-y-relevancia-en-la-artritis\/#primaryimage"},"thumbnailUrl":"https:\/\/newyorkhipknee.com\/wp-content\/uploads\/2019\/08\/1T5A0444-300x300.jpg","datePublished":"2021-10-28T07:28:22+00:00","description":"El crepitante es un sonido o sensaci\u00f3n de crujido o chirrido que se percibe en una articulaci\u00f3n al moverla. Es frecuente en la vejez, pero no todos los crepitantes articulares significan una enfermedad subyacente.","breadcrumb":{"@id":"https:\/\/www.newyorkhipknee.com\/es\/protesis-total-de-cader\/crepitacion-articular-y-relevancia-en-la-artritis\/#breadcrumb"},"inLanguage":"es","potentialAction":[{"@type":"ReadAction","target":["https:\/\/www.newyorkhipknee.com\/es\/protesis-total-de-cader\/crepitacion-articular-y-relevancia-en-la-artritis\/"]}]},{"@type":"ImageObject","inLanguage":"es","@id":"https:\/\/www.newyorkhipknee.com\/es\/protesis-total-de-cader\/crepitacion-articular-y-relevancia-en-la-artritis\/#primaryimage","url":"https:\/\/newyorkhipknee.com\/wp-content\/uploads\/2019\/08\/1T5A0444-300x300.jpg","contentUrl":"https:\/\/newyorkhipknee.com\/wp-content\/uploads\/2019\/08\/1T5A0444-300x300.jpg"},{"@type":"BreadcrumbList","@id":"https:\/\/www.newyorkhipknee.com\/es\/protesis-total-de-cader\/crepitacion-articular-y-relevancia-en-la-artritis\/#breadcrumb","itemListElement":[{"@type":"ListItem","position":1,"name":"Home","item":"https:\/\/www.newyorkhipknee.com\/es\/"},{"@type":"ListItem","position":2,"name":"Pr\u00f3tesis total de cadera","item":"https:\/\/www.newyorkhipknee.com\/es\/protesis-total-de-cader\/"},{"@type":"ListItem","position":3,"name":"Crepitaci\u00f3n articular y relevancia en la artritis"}]},{"@type":"WebSite","@id":"https:\/\/www.newyorkhipknee.com\/es\/#website","url":"https:\/\/www.newyorkhipknee.com\/es\/","name":"Best Hip & Knee Surgeon | NY, USA","description":"","potentialAction":[{"@type":"SearchAction","target":{"@type":"EntryPoint","urlTemplate":"https:\/\/www.newyorkhipknee.com\/es\/?s={search_term_string}"},"query-input":{"@type":"PropertyValueSpecification","valueRequired":true,"valueName":"search_term_string"}}],"inLanguage":"es"}]}},"_links":{"self":[{"href":"https:\/\/www.newyorkhipknee.com\/es\/wp-json\/wp\/v2\/pages\/16726","targetHints":{"allow":["GET"]}}],"collection":[{"href":"https:\/\/www.newyorkhipknee.com\/es\/wp-json\/wp\/v2\/pages"}],"about":[{"href":"https:\/\/www.newyorkhipknee.com\/es\/wp-json\/wp\/v2\/types\/page"}],"author":[{"embeddable":true,"href":"https:\/\/www.newyorkhipknee.com\/es\/wp-json\/wp\/v2\/users\/15"}],"replies":[{"embeddable":true,"href":"https:\/\/www.newyorkhipknee.com\/es\/wp-json\/wp\/v2\/comments?post=16726"}],"version-history":[{"count":0,"href":"https:\/\/www.newyorkhipknee.com\/es\/wp-json\/wp\/v2\/pages\/16726\/revisions"}],"up":[{"embeddable":true,"href":"https:\/\/www.newyorkhipknee.com\/es\/wp-json\/wp\/v2\/pages\/16419"}],"wp:attachment":[{"href":"https:\/\/www.newyorkhipknee.com\/es\/wp-json\/wp\/v2\/media?parent=16726"}],"curies":[{"name":"wp","href":"https:\/\/api.w.org\/{rel}","templated":true}]}}