{"id":16727,"date":"2014-05-06T14:11:02","date_gmt":"2014-05-06T18:11:02","guid":{"rendered":"https:\/\/newyorkhipknee.com\/protesis-total-de-cadera\/hip-dysplasia\/"},"modified":"2014-05-06T14:11:02","modified_gmt":"2014-05-06T18:11:02","slug":"hip-dysplasia","status":"publish","type":"page","link":"https:\/\/www.newyorkhipknee.com\/es\/protesis-total-de-cader\/hip-dysplasia\/","title":{"rendered":"Hip Dysplasia"},"content":{"rendered":"<p>La displasia de cadera es una enfermedad que provoca la desalineaci\u00f3n o deformaci\u00f3n de la articulaci\u00f3n de la cadera.<\/p>\n<p>La displasia es m\u00e1s frecuente en lactantes y ni\u00f1os muy peque\u00f1os, pero tambi\u00e9n puede darse en adolescentes debido a la forma en que crece la cadera. Los adultos tambi\u00e9n pueden sufrir displasia de cadera, sobre todo si han sido sometidos a m\u00faltiples operaciones cuando eran m\u00e1s j\u00f3venes.<\/p>\n<h2>\u00bfCu\u00e1les son las causas de la displasia de cadera?<\/h2>\n<p>La displasia de cadera se produce cuando la articulaci\u00f3n de la cadera se desarrolla de forma anormal, lo que puede provocar luxaciones frecuentes y otros problemas de funcionamiento de la articulaci\u00f3n.<\/p>\n<p>En una articulaci\u00f3n de cadera que se desarrolla con normalidad, la parte superior del hueso del muslo (el f\u00e9mur) se asienta dentro de la porci\u00f3n en forma de copa de la articulaci\u00f3n de la cadera, denominada acet\u00e1bulo.<\/p>\n<p>La causa subyacente de la displasia de cadera no ha sido identificada, pero existen pruebas de que factores gen\u00e9ticos pueden causar el defecto cong\u00e9nito (presente al nacer) que da lugar a la displasia de cadera.<\/p>\n<p>Algunos estudios tambi\u00e9n han se\u00f1alado que las t\u00e9cnicas de envoltura inadecuadas utilizadas durante la infancia ejercen presiones anormales y excesivas sobre la articulaci\u00f3n durante su fase cr\u00edtica de crecimiento y desarrollo tempranos.<\/p>\n<p>Las personas que padecen displasia de cadera suelen mostrar signos como un giro hacia fuera u otra posici\u00f3n anormal de la cadera afectada y una disminuci\u00f3n de la amplitud de movimiento de la cadera afectada, as\u00ed como problemas como discrepancia en la longitud de las piernas y pliegues cut\u00e1neos desiguales en el muslo o la nalga asociados a la cadera afectada.<\/p>\n<p>Este ajuste ce\u00f1ido garantiza que la articulaci\u00f3n pueda moverse con normalidad, disfrutando de una amplitud de movimiento libre y completa, sin dolor ni fricci\u00f3n y sin dislocarse. En la displasia de cadera, las estructuras articulares est\u00e1n malformadas y no se consigue este \u00abajuste perfecto\u00bb.<\/p>\n<p>Como resultado, la cabeza del f\u00e9mur puede \u00absalirse\u00bb f\u00e1cilmente del acet\u00e1bulo, provocando dolorosas luxaciones y problemas de movilidad.<\/p>\n<p>Los pacientes con displasia de cadera son m\u00e1s propensos a desarrollar artritis de cadera a medida que envejecen, especialmente si las frecuentes intervenciones quir\u00fargicas correctivas provocan marcados cambios esquel\u00e9ticos y cicatrices en los tejidos blandos que pueden restringir el movimiento normal de la articulaci\u00f3n.<\/p>\n<h2>\u00bfC\u00f3mo se trata la displasia de cadera?<\/h2>\n<p>Aunque la displasia de cadera diagnosticada precozmente en ni\u00f1os peque\u00f1os o lactantes puede tratarse a veces con m\u00e9todos ortop\u00e9dicos especiales, cuando la afecci\u00f3n persiste o cuando los adultos presentan s\u00edntomas como consecuencia de la afecci\u00f3n o de cirug\u00edas anteriores, la cirug\u00eda de pr\u00f3tesis de cadera es la opci\u00f3n m\u00e1s com\u00fan y eficaz para aliviar el dolor y restablecer la funci\u00f3n y la estabilidad de la articulaci\u00f3n.<\/p>\n<p>Durante la operaci\u00f3n de pr\u00f3tesis de cadera, se extrae la parte superior del hueso del f\u00e9mur y se sustituye por una pr\u00f3tesis resistente con un extremo en forma de bola. Tambi\u00e9n se restaura el acet\u00e1bulo en forma de copa y, en algunos casos, se realiza un procedimiento de injerto \u00f3seo para \u00abreconstruir\u00bb la parte superior de la cavidad.<\/p>\n<h2>\u00bfPor qu\u00e9 elegir al Dr. Karkare para una operaci\u00f3n de pr\u00f3tesis de cadera?<\/h2>\n<p>El Dr. Karkare es un destacado cirujano ortop\u00e9dico en la ciudad de Nueva York y en todo Long Island, con oficinas en Manhattan, Bayside, Lindenhurst, Centereach, Riverhead y Patchogue.<\/p>\n<p>Con una amplia experiencia en t\u00e9cnicas de sustituci\u00f3n articular tanto tradicionales como novedosas, el Dr. Karkare proporciona una atenci\u00f3n de la m\u00e1xima calidad basada en las necesidades \u00fanicas de cada paciente para obtener resultados \u00f3ptimos tras la intervenci\u00f3n quir\u00fargica.<\/p>\n<p>Si est\u00e1 experimentando problemas relacionados con la displasia de cadera o si tiene otros problemas relacionados con las articulaciones, llame al 516-735-4032 y programe su evaluaci\u00f3n hoy mismo.<\/p>\n<p>&nbsp;<\/p>\n<p>&nbsp;<\/p>\n","protected":false},"excerpt":{"rendered":"<p>La displasia de cadera es una enfermedad que provoca la desalineaci\u00f3n o deformaci\u00f3n de la articulaci\u00f3n de la cadera. La displasia es m\u00e1s frecuente en lactantes y ni\u00f1os muy peque\u00f1os, pero tambi\u00e9n puede darse en adolescentes debido a la forma en que crece la cadera. Los adultos tambi\u00e9n pueden sufrir displasia de cadera, sobre todo [&hellip;]<\/p>\n","protected":false},"author":7,"featured_media":0,"parent":16419,"menu_order":0,"comment_status":"open","ping_status":"open","template":"","meta":{"_et_pb_use_builder":"","_et_pb_old_content":"","_et_gb_content_width":"","footnotes":""},"class_list":["post-16727","page","type-page","status-publish","hentry"],"yoast_head":"<!-- This site is optimized with the Yoast SEO plugin v27.2 - https:\/\/yoast.com\/product\/yoast-seo-wordpress\/ -->\n<title>Tratamiento de la displasia de cadera en Nueva York - Dr. Nakul Karkare<\/title>\n<meta name=\"description\" content=\"La displasia de cadera es frecuente en reci\u00e9n nacidos y ni\u00f1os peque\u00f1os con antecedentes gen\u00e9ticos de luxaci\u00f3n o trastornos de la cadera. Puede ser tratada por el Dr. Karkare en Nueva York.\" \/>\n<meta name=\"robots\" content=\"index, follow, max-snippet:-1, max-image-preview:large, max-video-preview:-1\" \/>\n<link rel=\"canonical\" href=\"https:\/\/www.newyorkhipknee.com\/es\/protesis-total-de-cader\/hip-dysplasia\/\" \/>\n<meta property=\"og:locale\" content=\"es_ES\" \/>\n<meta property=\"og:type\" content=\"article\" \/>\n<meta property=\"og:title\" content=\"Tratamiento de la displasia de cadera en Nueva York - Dr. Nakul Karkare\" \/>\n<meta property=\"og:description\" content=\"La displasia de cadera es frecuente en reci\u00e9n nacidos y ni\u00f1os peque\u00f1os con antecedentes gen\u00e9ticos de luxaci\u00f3n o trastornos de la cadera. Puede ser tratada por el Dr. Karkare en Nueva York.\" \/>\n<meta property=\"og:url\" content=\"https:\/\/www.newyorkhipknee.com\/es\/protesis-total-de-cader\/hip-dysplasia\/\" \/>\n<meta property=\"og:site_name\" content=\"Best Hip &amp; Knee Surgeon | NY, USA\" \/>\n<meta name=\"twitter:card\" content=\"summary_large_image\" \/>\n<meta name=\"twitter:label1\" content=\"Tiempo de lectura\" \/>\n\t<meta name=\"twitter:data1\" content=\"3 minutos\" \/>\n<script type=\"application\/ld+json\" class=\"yoast-schema-graph\">{\"@context\":\"https:\/\/schema.org\",\"@graph\":[{\"@type\":[\"WebPage\",\"MedicalWebPage\"],\"@id\":\"https:\/\/www.newyorkhipknee.com\/es\/protesis-total-de-cader\/hip-dysplasia\/\",\"url\":\"https:\/\/www.newyorkhipknee.com\/es\/protesis-total-de-cader\/hip-dysplasia\/\",\"name\":\"Tratamiento de la displasia de cadera en Nueva York - Dr. Nakul Karkare\",\"isPartOf\":{\"@id\":\"https:\/\/www.newyorkhipknee.com\/es\/#website\"},\"datePublished\":\"2014-05-06T18:11:02+00:00\",\"description\":\"La displasia de cadera es frecuente en reci\u00e9n nacidos y ni\u00f1os peque\u00f1os con antecedentes gen\u00e9ticos de luxaci\u00f3n o trastornos de la cadera. Puede ser tratada por el Dr. Karkare en Nueva York.\",\"breadcrumb\":{\"@id\":\"https:\/\/www.newyorkhipknee.com\/es\/protesis-total-de-cader\/hip-dysplasia\/#breadcrumb\"},\"inLanguage\":\"es\",\"potentialAction\":[{\"@type\":\"ReadAction\",\"target\":[\"https:\/\/www.newyorkhipknee.com\/es\/protesis-total-de-cader\/hip-dysplasia\/\"]}]},{\"@type\":\"BreadcrumbList\",\"@id\":\"https:\/\/www.newyorkhipknee.com\/es\/protesis-total-de-cader\/hip-dysplasia\/#breadcrumb\",\"itemListElement\":[{\"@type\":\"ListItem\",\"position\":1,\"name\":\"Home\",\"item\":\"https:\/\/www.newyorkhipknee.com\/es\/\"},{\"@type\":\"ListItem\",\"position\":2,\"name\":\"Pr\u00f3tesis total de cadera\",\"item\":\"https:\/\/www.newyorkhipknee.com\/es\/protesis-total-de-cader\/\"},{\"@type\":\"ListItem\",\"position\":3,\"name\":\"Hip Dysplasia\"}]},{\"@type\":\"WebSite\",\"@id\":\"https:\/\/www.newyorkhipknee.com\/es\/#website\",\"url\":\"https:\/\/www.newyorkhipknee.com\/es\/\",\"name\":\"Best Hip & Knee Surgeon | NY, USA\",\"description\":\"\",\"potentialAction\":[{\"@type\":\"SearchAction\",\"target\":{\"@type\":\"EntryPoint\",\"urlTemplate\":\"https:\/\/www.newyorkhipknee.com\/es\/?s={search_term_string}\"},\"query-input\":{\"@type\":\"PropertyValueSpecification\",\"valueRequired\":true,\"valueName\":\"search_term_string\"}}],\"inLanguage\":\"es\"}]}<\/script>\n<!-- \/ Yoast SEO plugin. -->","yoast_head_json":{"title":"Tratamiento de la displasia de cadera en Nueva York - Dr. Nakul Karkare","description":"La displasia de cadera es frecuente en reci\u00e9n nacidos y ni\u00f1os peque\u00f1os con antecedentes gen\u00e9ticos de luxaci\u00f3n o trastornos de la cadera. Puede ser tratada por el Dr. Karkare en Nueva York.","robots":{"index":"index","follow":"follow","max-snippet":"max-snippet:-1","max-image-preview":"max-image-preview:large","max-video-preview":"max-video-preview:-1"},"canonical":"https:\/\/www.newyorkhipknee.com\/es\/protesis-total-de-cader\/hip-dysplasia\/","og_locale":"es_ES","og_type":"article","og_title":"Tratamiento de la displasia de cadera en Nueva York - Dr. Nakul Karkare","og_description":"La displasia de cadera es frecuente en reci\u00e9n nacidos y ni\u00f1os peque\u00f1os con antecedentes gen\u00e9ticos de luxaci\u00f3n o trastornos de la cadera. Puede ser tratada por el Dr. Karkare en Nueva York.","og_url":"https:\/\/www.newyorkhipknee.com\/es\/protesis-total-de-cader\/hip-dysplasia\/","og_site_name":"Best Hip &amp; Knee Surgeon | NY, USA","twitter_card":"summary_large_image","twitter_misc":{"Tiempo de lectura":"3 minutos"},"schema":{"@context":"https:\/\/schema.org","@graph":[{"@type":["WebPage","MedicalWebPage"],"@id":"https:\/\/www.newyorkhipknee.com\/es\/protesis-total-de-cader\/hip-dysplasia\/","url":"https:\/\/www.newyorkhipknee.com\/es\/protesis-total-de-cader\/hip-dysplasia\/","name":"Tratamiento de la displasia de cadera en Nueva York - Dr. Nakul Karkare","isPartOf":{"@id":"https:\/\/www.newyorkhipknee.com\/es\/#website"},"datePublished":"2014-05-06T18:11:02+00:00","description":"La displasia de cadera es frecuente en reci\u00e9n nacidos y ni\u00f1os peque\u00f1os con antecedentes gen\u00e9ticos de luxaci\u00f3n o trastornos de la cadera. Puede ser tratada por el Dr. Karkare en Nueva York.","breadcrumb":{"@id":"https:\/\/www.newyorkhipknee.com\/es\/protesis-total-de-cader\/hip-dysplasia\/#breadcrumb"},"inLanguage":"es","potentialAction":[{"@type":"ReadAction","target":["https:\/\/www.newyorkhipknee.com\/es\/protesis-total-de-cader\/hip-dysplasia\/"]}]},{"@type":"BreadcrumbList","@id":"https:\/\/www.newyorkhipknee.com\/es\/protesis-total-de-cader\/hip-dysplasia\/#breadcrumb","itemListElement":[{"@type":"ListItem","position":1,"name":"Home","item":"https:\/\/www.newyorkhipknee.com\/es\/"},{"@type":"ListItem","position":2,"name":"Pr\u00f3tesis total de cadera","item":"https:\/\/www.newyorkhipknee.com\/es\/protesis-total-de-cader\/"},{"@type":"ListItem","position":3,"name":"Hip Dysplasia"}]},{"@type":"WebSite","@id":"https:\/\/www.newyorkhipknee.com\/es\/#website","url":"https:\/\/www.newyorkhipknee.com\/es\/","name":"Best Hip & Knee Surgeon | NY, USA","description":"","potentialAction":[{"@type":"SearchAction","target":{"@type":"EntryPoint","urlTemplate":"https:\/\/www.newyorkhipknee.com\/es\/?s={search_term_string}"},"query-input":{"@type":"PropertyValueSpecification","valueRequired":true,"valueName":"search_term_string"}}],"inLanguage":"es"}]}},"_links":{"self":[{"href":"https:\/\/www.newyorkhipknee.com\/es\/wp-json\/wp\/v2\/pages\/16727","targetHints":{"allow":["GET"]}}],"collection":[{"href":"https:\/\/www.newyorkhipknee.com\/es\/wp-json\/wp\/v2\/pages"}],"about":[{"href":"https:\/\/www.newyorkhipknee.com\/es\/wp-json\/wp\/v2\/types\/page"}],"author":[{"embeddable":true,"href":"https:\/\/www.newyorkhipknee.com\/es\/wp-json\/wp\/v2\/users\/7"}],"replies":[{"embeddable":true,"href":"https:\/\/www.newyorkhipknee.com\/es\/wp-json\/wp\/v2\/comments?post=16727"}],"version-history":[{"count":0,"href":"https:\/\/www.newyorkhipknee.com\/es\/wp-json\/wp\/v2\/pages\/16727\/revisions"}],"up":[{"embeddable":true,"href":"https:\/\/www.newyorkhipknee.com\/es\/wp-json\/wp\/v2\/pages\/16419"}],"wp:attachment":[{"href":"https:\/\/www.newyorkhipknee.com\/es\/wp-json\/wp\/v2\/media?parent=16727"}],"curies":[{"name":"wp","href":"https:\/\/api.w.org\/{rel}","templated":true}]}}