{"id":16728,"date":"2021-10-28T05:01:49","date_gmt":"2021-10-28T09:01:49","guid":{"rendered":"https:\/\/newyorkhipknee.com\/protesis-total-de-cadera\/deberia-someterme-a-una-artroplastia-de-superficie-de-cadera-alternativas-a-la-cirugia-de-protesis-de-cadera\/"},"modified":"2021-10-28T05:01:49","modified_gmt":"2021-10-28T09:01:49","slug":"deberia-someterme-a-una-artroplastia-de-superficie-de-cadera-alternativas-a-la-cirugia-de-protesis-de-cadera","status":"publish","type":"page","link":"https:\/\/www.newyorkhipknee.com\/es\/protesis-total-de-cader\/deberia-someterme-a-una-artroplastia-de-superficie-de-cadera-alternativas-a-la-cirugia-de-protesis-de-cadera\/","title":{"rendered":"\u00bfDeber\u00eda someterme a una artroplastia de superficie de cadera? Alternativas a la cirug\u00eda de pr\u00f3tesis de cadera"},"content":{"rendered":"<p>El tratamiento quir\u00fargico de referencia para la artrosis de cadera es la artroplastia total de cadera. Millones de personas se someten a este procedimiento para mejorar su funci\u00f3n y calidad de vida.<\/p>\n<p>Adem\u00e1s de la artritis, la pr\u00f3tesis total de cadera tambi\u00e9n trata la displasia cong\u00e9nita de cadera, la <a href=\"\/hip-avascular-necrosis\/\">necrosis avascular<\/a>, la artritis reumatoide y el deslizamiento de la ep\u00edfisis femoral.<\/p>\n<p>Sin embargo, la <a href=\"https:\/\/newyorkhipknee.com\/faqs\/total-hip-replacement-faqs\/\">pr\u00f3tesis total de cadera<\/a> no es una soluci\u00f3n duradera para los j\u00f3venes activos. Si se somete a una artroplastia total de cadera, puede esperar una cirug\u00eda de revisi\u00f3n en el futuro, que se asocia a una elevada morbilidad.<\/p>\n<p>Otra alternativa a la artroplastia total de cadera es la pr\u00f3tesis de superficie. En este procedimiento, el hueso se conserva y permite una mayor amplitud de movimiento y una menor tasa de luxaci\u00f3n.<\/p>\n<h3>Existen muchas alternativas a la cirug\u00eda de pr\u00f3tesis de cadera y la pr\u00f3tesis de superficie podr\u00eda ser una opci\u00f3n para usted.<\/h3>\n<p>En el Reino Unido y Europa se utiliza mucho la pr\u00f3tesis de superficie de cadera, pero en Estados Unidos ha perdido adeptos por varias razones. Las personas con mala calidad \u00f3sea corren el riesgo de sufrir una fractura justo debajo de la tapa met\u00e1lica que se coloca en la parte superior del f\u00e9mur (hueso del muslo).<\/p>\n<p>Adem\u00e1s, existe la sensaci\u00f3n de que, con el tiempo, los iones met\u00e1licos nocivos pueden pasar al torrente sangu\u00edneo como consecuencia del roce de las dos superficies met\u00e1licas.<\/p>\n<p>En la pr\u00f3tesis de superficie de cadera, el cirujano no sustituye completamente la \u00abbola\u00bb de la cadera por una bola de cer\u00e1mica o metal. En su lugar, el cirujano remodela el hueso y lo cubre con una pr\u00f3tesis met\u00e1lica.<\/p>\n<p>Estas dos superficies met\u00e1licas pueden llegar a rozarse y producirse desgaste, lo que puede dar lugar a la liberaci\u00f3n de iones met\u00e1licos.<\/p>\n<p>Mientras que los niveles bajos de iones no tienen importancia, los niveles m\u00e1s altos pueden causar toxicidad. En una pr\u00f3tesis de cadera convencional, el encaje de la pr\u00f3tesis est\u00e1 revestido con una gruesa capa de pl\u00e1stico resistente, de modo que no hay contacto de metal con metal.<\/p>\n<p>En general, la artroplastia de cadera se aconseja a una edad m\u00e1s avanzada para que la vida \u00fatil de la pr\u00f3tesis coincida con la del paciente. La revisi\u00f3n de cadera da peores resultados, por eso es tan dif\u00edcil repetir el procedimiento.<\/p>\n<p>En el pasado, la pr\u00f3tesis de superficie de cadera era una opci\u00f3n para los j\u00f3venes con problemas graves de cadera. Permite disponer de m\u00e1s hueso para una pr\u00f3tesis de cadera en el futuro. Hoy en d\u00eda, el resurfacing de cadera suele recomendarse en pacientes con deformidades graves y que no disponen de otras opciones.<\/p>\n<p>Los mejores candidatos son los hombres j\u00f3venes con hueso de buena calidad. Por \u00faltimo, si se somete a una artroplastia de superficie de cadera, busque un cirujano experimentado, ya que la intervenci\u00f3n es t\u00e9cnicamente exigente. Es de esperar que, en un futuro pr\u00f3ximo, la cer\u00e1mica de recubrimiento pueda resolver los problemas actuales de hipersensibilidad y toxicidad del metal.<\/p>\n<h3>Programe su visita inicial<\/h3>\n<div align=\"center\"><a class=\"livesite-schedule\" href=\"https:\/\/live.vcita.com\/site\/nyhipknee\/online-scheduling?staff=sbuvrwlyhlcvxsjv\" target=\"blank\" rel=\"noopener\" data-staff=\"b69585d231f6813d\"><br \/>\n<img decoding=\"async\" title=\"Programar ahora\" src=\"\/wp-content\/uploads\/2016\/02\/karkare-calendar.png\" alt=\"Programar ahora\" border=\"0\"><\/a><\/div>\n","protected":false},"excerpt":{"rendered":"<p>El tratamiento quir\u00fargico de referencia para la artrosis de cadera es la artroplastia total de cadera. Millones de personas se someten a este procedimiento para mejorar su funci\u00f3n y calidad de vida. Adem\u00e1s de la artritis, la pr\u00f3tesis total de cadera tambi\u00e9n trata la displasia cong\u00e9nita de cadera, la necrosis avascular, la artritis reumatoide y [&hellip;]<\/p>\n","protected":false},"author":15,"featured_media":0,"parent":16419,"menu_order":0,"comment_status":"closed","ping_status":"closed","template":"","meta":{"_et_pb_use_builder":"","_et_pb_old_content":"","_et_gb_content_width":"","footnotes":""},"class_list":["post-16728","page","type-page","status-publish","hentry"],"yoast_head":"<!-- This site is optimized with the Yoast SEO plugin v27.2 - https:\/\/yoast.com\/product\/yoast-seo-wordpress\/ -->\n<title>NYHK: Alternativas a la cirug\u00eda de pr\u00f3tesis de cadera<\/title>\n<meta name=\"description\" content=\"El tratamiento quir\u00fargico de referencia para la artrosis de cadera es la artroplastia total de cadera. Millones de personas se someten a este procedimiento para mejorar su funci\u00f3n y calidad de vida.\" \/>\n<meta name=\"robots\" content=\"index, follow, max-snippet:-1, max-image-preview:large, max-video-preview:-1\" \/>\n<link rel=\"canonical\" href=\"https:\/\/www.newyorkhipknee.com\/es\/protesis-total-de-cader\/deberia-someterme-a-una-artroplastia-de-superficie-de-cadera-alternativas-a-la-cirugia-de-protesis-de-cadera\/\" \/>\n<meta property=\"og:locale\" content=\"es_ES\" \/>\n<meta property=\"og:type\" content=\"article\" \/>\n<meta property=\"og:title\" content=\"NYHK: Alternativas a la cirug\u00eda de pr\u00f3tesis de cadera\" \/>\n<meta property=\"og:description\" content=\"El tratamiento quir\u00fargico de referencia para la artrosis de cadera es la artroplastia total de cadera. Millones de personas se someten a este procedimiento para mejorar su funci\u00f3n y calidad de vida.\" \/>\n<meta property=\"og:url\" content=\"https:\/\/www.newyorkhipknee.com\/es\/protesis-total-de-cader\/deberia-someterme-a-una-artroplastia-de-superficie-de-cadera-alternativas-a-la-cirugia-de-protesis-de-cadera\/\" \/>\n<meta property=\"og:site_name\" content=\"Best Hip &amp; Knee Surgeon | NY, USA\" \/>\n<meta name=\"twitter:card\" content=\"summary_large_image\" \/>\n<meta name=\"twitter:label1\" content=\"Tiempo de lectura\" \/>\n\t<meta name=\"twitter:data1\" content=\"3 minutos\" \/>\n<script type=\"application\/ld+json\" class=\"yoast-schema-graph\">{\"@context\":\"https:\/\/schema.org\",\"@graph\":[{\"@type\":[\"WebPage\",\"MedicalWebPage\"],\"@id\":\"https:\/\/www.newyorkhipknee.com\/es\/protesis-total-de-cader\/deberia-someterme-a-una-artroplastia-de-superficie-de-cadera-alternativas-a-la-cirugia-de-protesis-de-cadera\/\",\"url\":\"https:\/\/www.newyorkhipknee.com\/es\/protesis-total-de-cader\/deberia-someterme-a-una-artroplastia-de-superficie-de-cadera-alternativas-a-la-cirugia-de-protesis-de-cadera\/\",\"name\":\"NYHK: Alternativas a la cirug\u00eda de pr\u00f3tesis de cadera\",\"isPartOf\":{\"@id\":\"https:\/\/www.newyorkhipknee.com\/es\/#website\"},\"datePublished\":\"2021-10-28T09:01:49+00:00\",\"description\":\"El tratamiento quir\u00fargico de referencia para la artrosis de cadera es la artroplastia total de cadera. Millones de personas se someten a este procedimiento para mejorar su funci\u00f3n y calidad de vida.\",\"breadcrumb\":{\"@id\":\"https:\/\/www.newyorkhipknee.com\/es\/protesis-total-de-cader\/deberia-someterme-a-una-artroplastia-de-superficie-de-cadera-alternativas-a-la-cirugia-de-protesis-de-cadera\/#breadcrumb\"},\"inLanguage\":\"es\",\"potentialAction\":[{\"@type\":\"ReadAction\",\"target\":[\"https:\/\/www.newyorkhipknee.com\/es\/protesis-total-de-cader\/deberia-someterme-a-una-artroplastia-de-superficie-de-cadera-alternativas-a-la-cirugia-de-protesis-de-cadera\/\"]}]},{\"@type\":\"BreadcrumbList\",\"@id\":\"https:\/\/www.newyorkhipknee.com\/es\/protesis-total-de-cader\/deberia-someterme-a-una-artroplastia-de-superficie-de-cadera-alternativas-a-la-cirugia-de-protesis-de-cadera\/#breadcrumb\",\"itemListElement\":[{\"@type\":\"ListItem\",\"position\":1,\"name\":\"Home\",\"item\":\"https:\/\/www.newyorkhipknee.com\/es\/\"},{\"@type\":\"ListItem\",\"position\":2,\"name\":\"Pr\u00f3tesis total de cadera\",\"item\":\"https:\/\/www.newyorkhipknee.com\/es\/protesis-total-de-cader\/\"},{\"@type\":\"ListItem\",\"position\":3,\"name\":\"\u00bfDeber\u00eda someterme a una artroplastia de superficie de cadera? Alternativas a la cirug\u00eda de pr\u00f3tesis de cadera\"}]},{\"@type\":\"WebSite\",\"@id\":\"https:\/\/www.newyorkhipknee.com\/es\/#website\",\"url\":\"https:\/\/www.newyorkhipknee.com\/es\/\",\"name\":\"Best Hip & Knee Surgeon | NY, USA\",\"description\":\"\",\"potentialAction\":[{\"@type\":\"SearchAction\",\"target\":{\"@type\":\"EntryPoint\",\"urlTemplate\":\"https:\/\/www.newyorkhipknee.com\/es\/?s={search_term_string}\"},\"query-input\":{\"@type\":\"PropertyValueSpecification\",\"valueRequired\":true,\"valueName\":\"search_term_string\"}}],\"inLanguage\":\"es\"}]}<\/script>\n<!-- \/ Yoast SEO plugin. -->","yoast_head_json":{"title":"NYHK: Alternativas a la cirug\u00eda de pr\u00f3tesis de cadera","description":"El tratamiento quir\u00fargico de referencia para la artrosis de cadera es la artroplastia total de cadera. Millones de personas se someten a este procedimiento para mejorar su funci\u00f3n y calidad de vida.","robots":{"index":"index","follow":"follow","max-snippet":"max-snippet:-1","max-image-preview":"max-image-preview:large","max-video-preview":"max-video-preview:-1"},"canonical":"https:\/\/www.newyorkhipknee.com\/es\/protesis-total-de-cader\/deberia-someterme-a-una-artroplastia-de-superficie-de-cadera-alternativas-a-la-cirugia-de-protesis-de-cadera\/","og_locale":"es_ES","og_type":"article","og_title":"NYHK: Alternativas a la cirug\u00eda de pr\u00f3tesis de cadera","og_description":"El tratamiento quir\u00fargico de referencia para la artrosis de cadera es la artroplastia total de cadera. Millones de personas se someten a este procedimiento para mejorar su funci\u00f3n y calidad de vida.","og_url":"https:\/\/www.newyorkhipknee.com\/es\/protesis-total-de-cader\/deberia-someterme-a-una-artroplastia-de-superficie-de-cadera-alternativas-a-la-cirugia-de-protesis-de-cadera\/","og_site_name":"Best Hip &amp; Knee Surgeon | NY, USA","twitter_card":"summary_large_image","twitter_misc":{"Tiempo de lectura":"3 minutos"},"schema":{"@context":"https:\/\/schema.org","@graph":[{"@type":["WebPage","MedicalWebPage"],"@id":"https:\/\/www.newyorkhipknee.com\/es\/protesis-total-de-cader\/deberia-someterme-a-una-artroplastia-de-superficie-de-cadera-alternativas-a-la-cirugia-de-protesis-de-cadera\/","url":"https:\/\/www.newyorkhipknee.com\/es\/protesis-total-de-cader\/deberia-someterme-a-una-artroplastia-de-superficie-de-cadera-alternativas-a-la-cirugia-de-protesis-de-cadera\/","name":"NYHK: Alternativas a la cirug\u00eda de pr\u00f3tesis de cadera","isPartOf":{"@id":"https:\/\/www.newyorkhipknee.com\/es\/#website"},"datePublished":"2021-10-28T09:01:49+00:00","description":"El tratamiento quir\u00fargico de referencia para la artrosis de cadera es la artroplastia total de cadera. Millones de personas se someten a este procedimiento para mejorar su funci\u00f3n y calidad de vida.","breadcrumb":{"@id":"https:\/\/www.newyorkhipknee.com\/es\/protesis-total-de-cader\/deberia-someterme-a-una-artroplastia-de-superficie-de-cadera-alternativas-a-la-cirugia-de-protesis-de-cadera\/#breadcrumb"},"inLanguage":"es","potentialAction":[{"@type":"ReadAction","target":["https:\/\/www.newyorkhipknee.com\/es\/protesis-total-de-cader\/deberia-someterme-a-una-artroplastia-de-superficie-de-cadera-alternativas-a-la-cirugia-de-protesis-de-cadera\/"]}]},{"@type":"BreadcrumbList","@id":"https:\/\/www.newyorkhipknee.com\/es\/protesis-total-de-cader\/deberia-someterme-a-una-artroplastia-de-superficie-de-cadera-alternativas-a-la-cirugia-de-protesis-de-cadera\/#breadcrumb","itemListElement":[{"@type":"ListItem","position":1,"name":"Home","item":"https:\/\/www.newyorkhipknee.com\/es\/"},{"@type":"ListItem","position":2,"name":"Pr\u00f3tesis total de cadera","item":"https:\/\/www.newyorkhipknee.com\/es\/protesis-total-de-cader\/"},{"@type":"ListItem","position":3,"name":"\u00bfDeber\u00eda someterme a una artroplastia de superficie de cadera? Alternativas a la cirug\u00eda de pr\u00f3tesis de cadera"}]},{"@type":"WebSite","@id":"https:\/\/www.newyorkhipknee.com\/es\/#website","url":"https:\/\/www.newyorkhipknee.com\/es\/","name":"Best Hip & Knee Surgeon | NY, USA","description":"","potentialAction":[{"@type":"SearchAction","target":{"@type":"EntryPoint","urlTemplate":"https:\/\/www.newyorkhipknee.com\/es\/?s={search_term_string}"},"query-input":{"@type":"PropertyValueSpecification","valueRequired":true,"valueName":"search_term_string"}}],"inLanguage":"es"}]}},"_links":{"self":[{"href":"https:\/\/www.newyorkhipknee.com\/es\/wp-json\/wp\/v2\/pages\/16728","targetHints":{"allow":["GET"]}}],"collection":[{"href":"https:\/\/www.newyorkhipknee.com\/es\/wp-json\/wp\/v2\/pages"}],"about":[{"href":"https:\/\/www.newyorkhipknee.com\/es\/wp-json\/wp\/v2\/types\/page"}],"author":[{"embeddable":true,"href":"https:\/\/www.newyorkhipknee.com\/es\/wp-json\/wp\/v2\/users\/15"}],"replies":[{"embeddable":true,"href":"https:\/\/www.newyorkhipknee.com\/es\/wp-json\/wp\/v2\/comments?post=16728"}],"version-history":[{"count":0,"href":"https:\/\/www.newyorkhipknee.com\/es\/wp-json\/wp\/v2\/pages\/16728\/revisions"}],"up":[{"embeddable":true,"href":"https:\/\/www.newyorkhipknee.com\/es\/wp-json\/wp\/v2\/pages\/16419"}],"wp:attachment":[{"href":"https:\/\/www.newyorkhipknee.com\/es\/wp-json\/wp\/v2\/media?parent=16728"}],"curies":[{"name":"wp","href":"https:\/\/api.w.org\/{rel}","templated":true}]}}