{"id":16730,"date":"2021-10-28T03:51:45","date_gmt":"2021-10-28T07:51:45","guid":{"rendered":"https:\/\/newyorkhipknee.com\/protesis-total-de-cadera\/que-esperar-tras-una-protesis-de-cadera\/"},"modified":"2021-10-28T03:51:45","modified_gmt":"2021-10-28T07:51:45","slug":"que-esperar-tras-una-protesis-de-cadera","status":"publish","type":"page","link":"https:\/\/www.newyorkhipknee.com\/es\/protesis-total-de-cader\/que-esperar-tras-una-protesis-de-cadera\/","title":{"rendered":"Qu\u00e9 esperar tras una pr\u00f3tesis de cadera"},"content":{"rendered":"<p>Seg\u00fan un <a href=\"https:\/\/www.sciencedaily.com\/releases\/2014\/03\/140314093737.htm\" target=\"_blank\" rel=\"noopener\">estudio<\/a> de 2014 de la Academia Americana de Cirujanos Ortop\u00e9dicos, m\u00e1s de 2,5 millones de estadounidenses viven con una cadera artificial.<\/p>\n<p>No ser\u00eda de extra\u00f1ar que esa cifra haya aumentado significativamente desde entonces, ya que la tasa de incidencia de las operaciones de revisi\u00f3n de cadera sigue creciendo. Al fin y al cabo, son muy eficaces para recuperar la movilidad, eliminar el dolor y mejorar la calidad de vida de los pacientes.<\/p>\n<h2>\u00bfQu\u00e9 es una revisi\u00f3n de cadera?<\/h2>\n<p style=\"text-align: left;\"><img loading=\"lazy\" decoding=\"async\" class=\"aligncenter wp-image-5066 size-full\" title=\"revisi\u00f3n de cadera\" src=\"\/wp-content\/uploads\/2017\/08\/xray-of-a-hip-revision.png\" alt=\"revisi\u00f3n de cadera\" width=\"610\" height=\"499\" srcset=\"https:\/\/www.newyorkhipknee.com\/wp-content\/uploads\/2017\/08\/xray-of-a-hip-revision.png 610w, https:\/\/www.newyorkhipknee.com\/wp-content\/uploads\/2017\/08\/xray-of-a-hip-revision-150x123.png 150w, https:\/\/www.newyorkhipknee.com\/wp-content\/uploads\/2017\/08\/xray-of-a-hip-revision-300x245.png 300w, https:\/\/www.newyorkhipknee.com\/wp-content\/uploads\/2017\/08\/xray-of-a-hip-revision-20x16.png 20w\" sizes=\"(max-width: 610px) 100vw, 610px\" \/><\/p>\n<p style=\"text-align: left;\">Es una operaci\u00f3n que se realiza para reparar una articulaci\u00f3n prot\u00e9sica que se ha da\u00f1ado con el tiempo. Puede deberse al desgaste normal, al aflojamiento, a una fractura, a una luxaci\u00f3n o a una infecci\u00f3n.<\/p>\n<p style=\"text-align: left;\">Los implantes, ya sean cer\u00e1micos, met\u00e1licos o de otro material, no son permanentes, aunque suelen durar entre 20 y 25 a\u00f1os. En cualquier caso, tarde o temprano ser\u00e1 necesaria una revisi\u00f3n.<\/p>\n<p>Sin embargo, la cirug\u00eda de revisi\u00f3n de cadera no debe tomarse a la ligera. En realidad, es mucho m\u00e1s complicado que la operaci\u00f3n inicial. De hecho, muchos m\u00e9dicos que realizan sustituciones primarias normalmente derivan a su paciente a un especialista porque saben cu\u00e1nta habilidad y experiencia se necesita para que sea un \u00e9xito. Por supuesto, los pacientes tambi\u00e9n deben proteger sus nuevas articulaciones para reducir el riesgo de complicaciones posteriores.<\/p>\n<h2>\u00bfQu\u00e9 hay que hacer para recuperarse?<\/h2>\n<p>Si se ha sometido a una revisi\u00f3n de pr\u00f3tesis de cadera, aseg\u00farese de tomar precauciones en su recuperaci\u00f3n, entre las que se incluyen:<\/p>\n<h2>Qu\u00e9 esperar tras una pr\u00f3tesis de cadera<\/h2>\n<h3>Cambiar de rutina de ejercicios<\/h3>\n<p>Se aconseja evitar el tenis, las carreras, el baloncesto y otras actividades de alto impacto. Esto se debe a que pueden da\u00f1ar o acortar la vida \u00fatil de su implante. Si realmente quieres mantenerte activo, opta por caminar. Tambi\u00e9n son aceptables las actividades sin impacto que fortalecen los m\u00fasculos.<\/p>\n<h3>Mantener un peso saludable<\/h3>\n<p>Si eres obeso o tienes sobrepeso, tienes m\u00e1s probabilidades de desarrollar artritis. Por no hablar de que tendr\u00eda m\u00e1s probabilidades de sufrir el aflojamiento de un implante. As\u00ed que, proponte perder algunos kilos si est\u00e1s engordando.<\/p>\n<h3>Planificar la jornada<\/h3>\n<p>En las primeras semanas despu\u00e9s de la <strong>revisi\u00f3n de cadera<\/strong>, debe aprovechar al m\u00e1ximo el tiempo de descanso y planificar sus d\u00edas. As\u00ed se minimiza el n\u00famero de viajes subiendo y bajando escaleras y similares. Adem\u00e1s, coloca los objetos esenciales, como pa\u00f1uelos, tel\u00e9fono y mandos a distancia, donde puedas alcanzarlos f\u00e1cilmente.<\/p>\n<h3>Uso de bast\u00f3n o andador<\/h3>\n<p>Estas ayudas para caminar evitan que se caiga y se disloque la nueva cadera. Tambi\u00e9n indican a los extra\u00f1os que sean m\u00e1s precavidos cuando est\u00e9n cerca de ti. En las zonas p\u00fablicas es menos probable que la gente te empuje o choque con un andador o un bast\u00f3n. No te preocupes, puedes reducir tu dependencia de ellos con el tiempo.<\/p>\n<h3>Tratar el dolor adecuadamente<\/h3>\n<p>Aseg\u00farese de obtener el alivio adecuado, ya que un dolor incontrolado puede dificultar su participaci\u00f3n en las actividades de rehabilitaci\u00f3n. Adem\u00e1s, puede provocar dolores cr\u00f3nicos. Si te preocupa la adicci\u00f3n o los efectos secundarios, habla con tu m\u00e9dico para elaborar un plan de tratamiento del dolor que se adapte a ti.<\/p>\n<p style=\"text-align: center;\"><img loading=\"lazy\" decoding=\"async\" class=\"aligncenter wp-image-5065 size-full\" title=\"cirug\u00eda de revisi\u00f3n de cadera\" src=\"\/wp-content\/uploads\/2017\/08\/senior-pushing-a-walker.png\" alt=\"cirug\u00eda de revisi\u00f3n de cadera\" width=\"621\" height=\"326\" srcset=\"https:\/\/www.newyorkhipknee.com\/wp-content\/uploads\/2017\/08\/senior-pushing-a-walker.png 621w, https:\/\/www.newyorkhipknee.com\/wp-content\/uploads\/2017\/08\/senior-pushing-a-walker-150x79.png 150w, https:\/\/www.newyorkhipknee.com\/wp-content\/uploads\/2017\/08\/senior-pushing-a-walker-300x157.png 300w, https:\/\/www.newyorkhipknee.com\/wp-content\/uploads\/2017\/08\/senior-pushing-a-walker-20x10.png 20w\" sizes=\"(max-width: 621px) 100vw, 621px\" \/><\/p>\n<h3>Cuidado en el coche<\/h3>\n<p>Lo ideal es que no conduzca durante las 8 semanas siguientes a la <strong>operaci\u00f3n de revisi\u00f3n de cadera<\/strong>. Puedes viajar como pasajero unas 3 semanas despu\u00e9s de volver a casa, pero no en coches con asientos de cubo ni en deportivos, debido a los asientos bajos. Tenga cuidado tambi\u00e9n al subir o bajar del veh\u00edculo.<\/p>\n<h3>Obedecer sus restricciones<\/h3>\n<p>Despu\u00e9s de la operaci\u00f3n, le dar\u00e1n una larga lista de cosas que no debe hacer. Por ejemplo, no debes cruzar las piernas ni levantar los pies para ponerte los calcetines. Estas restricciones son para proteger su nueva articulaci\u00f3n de la luxaci\u00f3n.<\/p>\n<h3>Pensar en la actividad sexual<\/h3>\n<p>Aseg\u00farese de consultar a su m\u00e9dico cuando se trate de la posici\u00f3n durante la actividad sexual. Las relaciones sexuales pueden reanudarse unas 3 semanas despu\u00e9s de la operaci\u00f3n, pero recuerde seguir las precauciones indicadas por su m\u00e9dico.<\/p>\n<h3>Ser paciente con uno mismo<\/h3>\n<p>Puede resultar tentador hacer demasiadas cosas a la vez, pero s\u00f3lo conseguir\u00e1s arriesgarte a lesionarte. Por lo tanto, colabore con su traumat\u00f3logo o fisioterapeuta para encontrar un buen equilibrio entre descanso y actividad. Por supuesto, con el tiempo ser\u00e1 necesario realizar ajustes a medida que la funci\u00f3n de la cadera se estabilice y mejore.<\/p>\n<h3>Cuidados de larga duraci\u00f3n<\/h3>\n<p>Siga con sus ejercicios de fisioterapia para mantener fuertes los m\u00fasculos de la cadera que soportar\u00e1n el implante. Adem\u00e1s, haga un seguimiento peri\u00f3dico con su cirujano. Se recomienda visitarlos cada 1 a 5 a\u00f1os para revisar la articulaci\u00f3n artificial. Puede ser necesario realizar radiograf\u00edas para controlar cualquier cambio.<\/p>\n<h2>\u00bfD\u00f3nde se puede encontrar un buen m\u00e9dico?<\/h2>\n<p style=\"text-align: center;\"><img loading=\"lazy\" decoding=\"async\" class=\"aligncenter wp-image-5067 size-full\" title=\"cirug\u00eda de revisi\u00f3n de cadera\" src=\"\/wp-content\/uploads\/2017\/08\/Doctor-examining-a-hip-patient.png\" alt=\"cirug\u00eda de revisi\u00f3n de cadera\" width=\"530\" height=\"353\" srcset=\"https:\/\/www.newyorkhipknee.com\/wp-content\/uploads\/2017\/08\/Doctor-examining-a-hip-patient.png 530w, https:\/\/www.newyorkhipknee.com\/wp-content\/uploads\/2017\/08\/Doctor-examining-a-hip-patient-150x100.png 150w, https:\/\/www.newyorkhipknee.com\/wp-content\/uploads\/2017\/08\/Doctor-examining-a-hip-patient-300x200.png 300w, https:\/\/www.newyorkhipknee.com\/wp-content\/uploads\/2017\/08\/Doctor-examining-a-hip-patient-20x13.png 20w\" sizes=\"(max-width: 530px) 100vw, 530px\" \/><\/p>\n<p>No se conforme con cualquier m\u00e9dico cuando sufra problemas de pr\u00f3tesis de cadera. Usted debe ver a un especialista asegurarse de que su operaci\u00f3n y la recuperaci\u00f3n ser\u00e1 un \u00e9xito. El <a href=\"https:\/\/newyorkhipknee.com\/\" target=\"_blank\" rel=\"noopener\">Dr. Nakul V Karkare de New York Hip Knee<\/a> tiene la experiencia y las habilidades necesarias para realizar un reemplazo de articulaci\u00f3n con \u00e9xito. Adem\u00e1s, puede darte los consejos que necesitas para curarte antes.<\/p>\n<p>Si sigue los consejos anteriores y trabaja con un buen m\u00e9dico, podr\u00e1 superar sin problemas la revisi\u00f3n de cadera. Puede que al principio no sea pan comido, pero pronto te adaptar\u00e1s a los cambios. Persevera y busca ayuda y todo ir\u00e1 bien.<\/p>\n<h3>Programe su visita inicial<\/h3>\n<div align=\"center\"><a class=\"livesite-schedule\" href=\"https:\/\/live.vcita.com\/site\/nyhipknee\/online-scheduling?staff=sbuvrwlyhlcvxsjv\" target=\"blank\" rel=\"noopener\" data-staff=\"b69585d231f6813d\"><br \/>\n<img decoding=\"async\" title=\"Programar ahora\" src=\"\/wp-content\/uploads\/2016\/02\/karkare-calendar.png\" alt=\"Programar ahora\" border=\"0\"><\/a><\/div>\n","protected":false},"excerpt":{"rendered":"<p>Seg\u00fan un estudio de 2014 de la Academia Americana de Cirujanos Ortop\u00e9dicos, m\u00e1s de 2,5 millones de estadounidenses viven con una cadera artificial. No ser\u00eda de extra\u00f1ar que esa cifra haya aumentado significativamente desde entonces, ya que la tasa de incidencia de las operaciones de revisi\u00f3n de cadera sigue creciendo. Al fin y al cabo, [&hellip;]<\/p>\n","protected":false},"author":15,"featured_media":0,"parent":16419,"menu_order":0,"comment_status":"closed","ping_status":"closed","template":"","meta":{"_et_pb_use_builder":"","_et_pb_old_content":"","_et_gb_content_width":"","footnotes":""},"class_list":["post-16730","page","type-page","status-publish","hentry"],"yoast_head":"<!-- This site is optimized with the Yoast SEO plugin v27.2 - https:\/\/yoast.com\/product\/yoast-seo-wordpress\/ -->\n<title>Qu\u00e9 esperar tras una pr\u00f3tesis de cadera | Best Hip &amp; Knee Surgeon | NY, USA<\/title>\n<meta name=\"description\" content=\"Es una operaci\u00f3n que se realiza para reparar una articulaci\u00f3n prot\u00e9sica que se ha da\u00f1ado con el tiempo. Puede deberse al desgaste normal, al aflojamiento, a una fractura, a una luxaci\u00f3n o a una infecci\u00f3n.\" \/>\n<meta name=\"robots\" content=\"index, follow, max-snippet:-1, max-image-preview:large, max-video-preview:-1\" \/>\n<link rel=\"canonical\" href=\"https:\/\/www.newyorkhipknee.com\/es\/protesis-total-de-cader\/que-esperar-tras-una-protesis-de-cadera\/\" \/>\n<meta property=\"og:locale\" content=\"es_ES\" \/>\n<meta property=\"og:type\" content=\"article\" \/>\n<meta property=\"og:title\" content=\"Qu\u00e9 esperar tras una pr\u00f3tesis de cadera | Best Hip &amp; Knee Surgeon | NY, USA\" \/>\n<meta property=\"og:description\" content=\"Es una operaci\u00f3n que se realiza para reparar una articulaci\u00f3n prot\u00e9sica que se ha da\u00f1ado con el tiempo. Puede deberse al desgaste normal, al aflojamiento, a una fractura, a una luxaci\u00f3n o a una infecci\u00f3n.\" \/>\n<meta property=\"og:url\" content=\"https:\/\/www.newyorkhipknee.com\/es\/protesis-total-de-cader\/que-esperar-tras-una-protesis-de-cadera\/\" \/>\n<meta property=\"og:site_name\" content=\"Best Hip &amp; Knee Surgeon | NY, USA\" \/>\n<meta name=\"twitter:card\" content=\"summary_large_image\" \/>\n<meta name=\"twitter:label1\" content=\"Tiempo de lectura\" \/>\n\t<meta name=\"twitter:data1\" content=\"5 minutos\" \/>\n<script type=\"application\/ld+json\" class=\"yoast-schema-graph\">{\"@context\":\"https:\/\/schema.org\",\"@graph\":[{\"@type\":[\"WebPage\",\"MedicalWebPage\"],\"@id\":\"https:\/\/www.newyorkhipknee.com\/es\/protesis-total-de-cader\/que-esperar-tras-una-protesis-de-cadera\/\",\"url\":\"https:\/\/www.newyorkhipknee.com\/es\/protesis-total-de-cader\/que-esperar-tras-una-protesis-de-cadera\/\",\"name\":\"Qu\u00e9 esperar tras una pr\u00f3tesis de cadera | Best Hip &amp; Knee Surgeon | NY, USA\",\"isPartOf\":{\"@id\":\"https:\/\/www.newyorkhipknee.com\/es\/#website\"},\"datePublished\":\"2021-10-28T07:51:45+00:00\",\"description\":\"Es una operaci\u00f3n que se realiza para reparar una articulaci\u00f3n prot\u00e9sica que se ha da\u00f1ado con el tiempo. Puede deberse al desgaste normal, al aflojamiento, a una fractura, a una luxaci\u00f3n o a una infecci\u00f3n.\",\"breadcrumb\":{\"@id\":\"https:\/\/www.newyorkhipknee.com\/es\/protesis-total-de-cader\/que-esperar-tras-una-protesis-de-cadera\/#breadcrumb\"},\"inLanguage\":\"es\",\"potentialAction\":[{\"@type\":\"ReadAction\",\"target\":[\"https:\/\/www.newyorkhipknee.com\/es\/protesis-total-de-cader\/que-esperar-tras-una-protesis-de-cadera\/\"]}]},{\"@type\":\"BreadcrumbList\",\"@id\":\"https:\/\/www.newyorkhipknee.com\/es\/protesis-total-de-cader\/que-esperar-tras-una-protesis-de-cadera\/#breadcrumb\",\"itemListElement\":[{\"@type\":\"ListItem\",\"position\":1,\"name\":\"Home\",\"item\":\"https:\/\/www.newyorkhipknee.com\/es\/\"},{\"@type\":\"ListItem\",\"position\":2,\"name\":\"Pr\u00f3tesis total de cadera\",\"item\":\"https:\/\/www.newyorkhipknee.com\/es\/protesis-total-de-cader\/\"},{\"@type\":\"ListItem\",\"position\":3,\"name\":\"Qu\u00e9 esperar tras una pr\u00f3tesis de cadera\"}]},{\"@type\":\"WebSite\",\"@id\":\"https:\/\/www.newyorkhipknee.com\/es\/#website\",\"url\":\"https:\/\/www.newyorkhipknee.com\/es\/\",\"name\":\"Best Hip & Knee Surgeon | NY, USA\",\"description\":\"\",\"potentialAction\":[{\"@type\":\"SearchAction\",\"target\":{\"@type\":\"EntryPoint\",\"urlTemplate\":\"https:\/\/www.newyorkhipknee.com\/es\/?s={search_term_string}\"},\"query-input\":{\"@type\":\"PropertyValueSpecification\",\"valueRequired\":true,\"valueName\":\"search_term_string\"}}],\"inLanguage\":\"es\"}]}<\/script>\n<!-- \/ Yoast SEO plugin. -->","yoast_head_json":{"title":"Qu\u00e9 esperar tras una pr\u00f3tesis de cadera | Best Hip &amp; Knee Surgeon | NY, USA","description":"Es una operaci\u00f3n que se realiza para reparar una articulaci\u00f3n prot\u00e9sica que se ha da\u00f1ado con el tiempo. Puede deberse al desgaste normal, al aflojamiento, a una fractura, a una luxaci\u00f3n o a una infecci\u00f3n.","robots":{"index":"index","follow":"follow","max-snippet":"max-snippet:-1","max-image-preview":"max-image-preview:large","max-video-preview":"max-video-preview:-1"},"canonical":"https:\/\/www.newyorkhipknee.com\/es\/protesis-total-de-cader\/que-esperar-tras-una-protesis-de-cadera\/","og_locale":"es_ES","og_type":"article","og_title":"Qu\u00e9 esperar tras una pr\u00f3tesis de cadera | Best Hip &amp; Knee Surgeon | NY, USA","og_description":"Es una operaci\u00f3n que se realiza para reparar una articulaci\u00f3n prot\u00e9sica que se ha da\u00f1ado con el tiempo. Puede deberse al desgaste normal, al aflojamiento, a una fractura, a una luxaci\u00f3n o a una infecci\u00f3n.","og_url":"https:\/\/www.newyorkhipknee.com\/es\/protesis-total-de-cader\/que-esperar-tras-una-protesis-de-cadera\/","og_site_name":"Best Hip &amp; Knee Surgeon | NY, USA","twitter_card":"summary_large_image","twitter_misc":{"Tiempo de lectura":"5 minutos"},"schema":{"@context":"https:\/\/schema.org","@graph":[{"@type":["WebPage","MedicalWebPage"],"@id":"https:\/\/www.newyorkhipknee.com\/es\/protesis-total-de-cader\/que-esperar-tras-una-protesis-de-cadera\/","url":"https:\/\/www.newyorkhipknee.com\/es\/protesis-total-de-cader\/que-esperar-tras-una-protesis-de-cadera\/","name":"Qu\u00e9 esperar tras una pr\u00f3tesis de cadera | Best Hip &amp; Knee Surgeon | NY, USA","isPartOf":{"@id":"https:\/\/www.newyorkhipknee.com\/es\/#website"},"datePublished":"2021-10-28T07:51:45+00:00","description":"Es una operaci\u00f3n que se realiza para reparar una articulaci\u00f3n prot\u00e9sica que se ha da\u00f1ado con el tiempo. Puede deberse al desgaste normal, al aflojamiento, a una fractura, a una luxaci\u00f3n o a una infecci\u00f3n.","breadcrumb":{"@id":"https:\/\/www.newyorkhipknee.com\/es\/protesis-total-de-cader\/que-esperar-tras-una-protesis-de-cadera\/#breadcrumb"},"inLanguage":"es","potentialAction":[{"@type":"ReadAction","target":["https:\/\/www.newyorkhipknee.com\/es\/protesis-total-de-cader\/que-esperar-tras-una-protesis-de-cadera\/"]}]},{"@type":"BreadcrumbList","@id":"https:\/\/www.newyorkhipknee.com\/es\/protesis-total-de-cader\/que-esperar-tras-una-protesis-de-cadera\/#breadcrumb","itemListElement":[{"@type":"ListItem","position":1,"name":"Home","item":"https:\/\/www.newyorkhipknee.com\/es\/"},{"@type":"ListItem","position":2,"name":"Pr\u00f3tesis total de cadera","item":"https:\/\/www.newyorkhipknee.com\/es\/protesis-total-de-cader\/"},{"@type":"ListItem","position":3,"name":"Qu\u00e9 esperar tras una pr\u00f3tesis de cadera"}]},{"@type":"WebSite","@id":"https:\/\/www.newyorkhipknee.com\/es\/#website","url":"https:\/\/www.newyorkhipknee.com\/es\/","name":"Best Hip & Knee Surgeon | NY, USA","description":"","potentialAction":[{"@type":"SearchAction","target":{"@type":"EntryPoint","urlTemplate":"https:\/\/www.newyorkhipknee.com\/es\/?s={search_term_string}"},"query-input":{"@type":"PropertyValueSpecification","valueRequired":true,"valueName":"search_term_string"}}],"inLanguage":"es"}]}},"_links":{"self":[{"href":"https:\/\/www.newyorkhipknee.com\/es\/wp-json\/wp\/v2\/pages\/16730","targetHints":{"allow":["GET"]}}],"collection":[{"href":"https:\/\/www.newyorkhipknee.com\/es\/wp-json\/wp\/v2\/pages"}],"about":[{"href":"https:\/\/www.newyorkhipknee.com\/es\/wp-json\/wp\/v2\/types\/page"}],"author":[{"embeddable":true,"href":"https:\/\/www.newyorkhipknee.com\/es\/wp-json\/wp\/v2\/users\/15"}],"replies":[{"embeddable":true,"href":"https:\/\/www.newyorkhipknee.com\/es\/wp-json\/wp\/v2\/comments?post=16730"}],"version-history":[{"count":0,"href":"https:\/\/www.newyorkhipknee.com\/es\/wp-json\/wp\/v2\/pages\/16730\/revisions"}],"up":[{"embeddable":true,"href":"https:\/\/www.newyorkhipknee.com\/es\/wp-json\/wp\/v2\/pages\/16419"}],"wp:attachment":[{"href":"https:\/\/www.newyorkhipknee.com\/es\/wp-json\/wp\/v2\/media?parent=16730"}],"curies":[{"name":"wp","href":"https:\/\/api.w.org\/{rel}","templated":true}]}}