{"id":16742,"date":"2014-11-12T12:46:17","date_gmt":"2014-11-12T17:46:17","guid":{"rendered":"https:\/\/newyorkhipknee.com\/protesis-total-de-cadera\/protesis-de-cadera-makoplasty-asistida-por-robot\/"},"modified":"2014-11-12T12:46:17","modified_gmt":"2014-11-12T17:46:17","slug":"protesis-de-cadera-makoplasty-asistida-por-robot","status":"publish","type":"page","link":"https:\/\/www.newyorkhipknee.com\/es\/protesis-total-de-cader\/protesis-de-cadera-makoplasty-asistida-por-robot\/","title":{"rendered":"Pr\u00f3tesis de cadera MAKOplasty asistida por robot"},"content":{"rendered":"<p>Alrededor del siete por ciento de los estadounidenses sufren dolor de cadera. S\u00f3lo en Nueva York, podr\u00edan ser hasta 600.000 personas. Esta afecci\u00f3n es mucho m\u00e1s frecuente a medida que envejecemos, y puede afectar a una cuarta parte de los hombres y mujeres una vez que alcanzan los 85 a\u00f1os, lo que significa que muchas personas van a necesitar una pr\u00f3tesis rob\u00f3tica de cadera u otra forma de cirug\u00eda de cadera.<\/p>\n<p>Aunque las lesiones traum\u00e1ticas pueden causar algunos tipos de dolor de cadera, muchos casos est\u00e1n causados por la enfermedad articular degenerativa (EAD), una afecci\u00f3n progresiva que hace que la estructura de la articulaci\u00f3n se rompa con el tiempo.<\/p>\n<div align=\"center\"><a class=\"popup-youtube\" href=\"https:\/\/www.youtube.com\/watch?v=FWUn0TNx5DA\"><img decoding=\"async\" src=\"\/wp-content\/uploads\/2016\/11\/robotichipreplacement.jpg\" alt=\"\"><\/a><\/div>\n<p>Entre las causas comunes de la DJD se encuentran la artrosis, la artritis reumatoide, la necrosis avascular (p\u00e9rdida de flujo sangu\u00edneo a los tejidos articulares) y la displasia de cadera (una afecci\u00f3n en la que las estructuras articulares no \u00abencajan\u00bb correctamente).<\/p>\n<p>Las personas con dolor cr\u00f3nico de cadera sufren a menudo un dolor y una discapacidad importantes que pueden interferir en las actividades rutinarias de la vida diaria. Aunque la medicaci\u00f3n y la fisioterapia pueden ayudar en algunos casos leves de dolor de cadera, los casos moderados a graves suelen requerir una intervenci\u00f3n quir\u00fargica de sustituci\u00f3n articular para conseguir aliviar el dolor y mejorar la movilidad y la funci\u00f3n de la articulaci\u00f3n.<\/p>\n<h2>Ventajas de la pr\u00f3tesis de cadera MAKOplasty<\/h2>\n<p>La artroplastia rob\u00f3tica de cadera, tambi\u00e9n llamada artroplastia de cadera asistida por robot, es una t\u00e9cnica puntera de sustituci\u00f3n articular que utiliza tecnolog\u00eda de precisi\u00f3n para mejorar la exactitud y los resultados en pacientes que precisan articulaciones artificiales de cadera.<\/p>\n<p>Aunque el nombre pueda sonar a ciencia ficci\u00f3n, las cirug\u00edas asistidas por robot son bastante comunes y pueden proporcionar resultados mucho mejores y tratamientos m\u00e1s precisos que las t\u00e9cnicas tradicionales.<\/p>\n<p>Una intervenci\u00f3n asistida por robot sigue dependiendo de la habilidad y experiencia del m\u00e9dico para controlar el robot y realizar los pasos esenciales de la artroplastia.<\/p>\n<p>El Dr. Karkare utiliza el sistema MAKOplasty\u00ae asistido por robot, que se basa en un brazo rob\u00f3tico para la colocaci\u00f3n y alineaci\u00f3n precisas de la articulaci\u00f3n artificial. Las pr\u00f3tesis articulares se realizan por delante, a trav\u00e9s de la parte frontal y lateral de la cadera, para preservar los m\u00fasculos principales y que la recuperaci\u00f3n sea m\u00e1s r\u00e1pida y menos dolorosa.<\/p>\n<h2>\u00bfC\u00f3mo se realiza la artroplastia de cadera MAKOplasty?<\/h2>\n<p>Antes de la intervenci\u00f3n, se crea un modelo virtual tridimensional de su cadera para ayudar a planificar la cirug\u00eda con el fin de conseguir la colocaci\u00f3n m\u00e1s exacta y precisa y unos resultados \u00f3ptimos. La intervenci\u00f3n se realiza bajo anestesia general. Una vez realizada la incisi\u00f3n para acceder a la articulaci\u00f3n de la cadera, los m\u00fasculos se apartan con cuidado para evitar da\u00f1os.<\/p>\n<h2>Un v\u00eddeo detallado: Makoplastia<\/h2>\n<p><a class=\"popup-youtube\" href=\"https:\/\/www.youtube.com\/watch?v=E51uWDjSHGo\"><img decoding=\"async\" src=\"\/wp-content\/uploads\/2016\/11\/robotichipanimation.jpg\" alt=\"\"><\/a><\/p>\n<p>La cavidad de la cadera se limpia y se prepara, y la parte de la cavidad de la articulaci\u00f3n se fija cuidadosamente. A continuaci\u00f3n, se extrae el extremo del f\u00e9mur (el hueso largo de la pierna) para poder fijar la parte esf\u00e9rica de la articulaci\u00f3n.<\/p>\n<p>Durante la intervenci\u00f3n, el sistema informatizado y el brazo rob\u00f3tico proporcionan informaci\u00f3n visual y t\u00e1ctil que puede ayudar a colocar los componentes de la articulaci\u00f3n artificial, de modo que cada intervenci\u00f3n quir\u00fargica puede personalizarse realmente en funci\u00f3n de la anatom\u00eda y las necesidades m\u00e9dicas \u00fanicas de cada paciente, reduciendo el riesgo de discrepancias en la longitud de las piernas y disminuyendo al mismo tiempo el riesgo de fricci\u00f3n anormal entre el implante y el hueso natural.<\/p>\n<h2>\u00bfPor qu\u00e9 elegir al Dr. Karkare?<\/h2>\n<p>El Dr. Karkare es uno de los principales especialistas en pr\u00f3tesis articulares de la ciudad de Nueva York, con amplia experiencia en t\u00e9cnicas de cirug\u00eda asistida por robot destinadas a lograr resultados superiores en sus pacientes. Si usted ha estado experimentando dolor de cadera, tener una evaluaci\u00f3n es el primer paso para determinar si la cirug\u00eda o un enfoque m\u00e1s conservador es la mejor opci\u00f3n para sus necesidades. Tambi\u00e9n es uno de los primeros <a href=\"https:\/\/newyorkhipknee.com\/custom-knee-replacement-surgery\/robotic-knee-surgery\/\">m\u00e9dicos de Nueva York en ofrecer cirug\u00eda de rodilla asistida por robot<\/a>. Llame a la oficina al 516-735-4032 o programe su evaluaci\u00f3n hoy mismo.<\/p>\n<h3>Programe su visita inicial<\/h3>\n<div align=\"center\"><a class=\"livesite-schedule\" href=\"https:\/\/live.vcita.com\/site\/nyhipknee\/online-scheduling?staff=sbuvrwlyhlcvxsjv\" target=\"blank\" data-staff=\"b69585d231f6813d\" rel=\"noopener noreferrer\"><br \/>\n<img decoding=\"async\" title=\"Programar ahora\" src=\"\/wp-content\/uploads\/2016\/02\/karkare-calendar.png\" alt=\"Programar ahora\" border=\"0\"><\/a><\/div>\n","protected":false},"excerpt":{"rendered":"<p>Alrededor del siete por ciento de los estadounidenses sufren dolor de cadera. S\u00f3lo en Nueva York, podr\u00edan ser hasta 600.000 personas. Esta afecci\u00f3n es mucho m\u00e1s frecuente a medida que envejecemos, y puede afectar a una cuarta parte de los hombres y mujeres una vez que alcanzan los 85 a\u00f1os, lo que significa que muchas [&hellip;]<\/p>\n","protected":false},"author":7,"featured_media":0,"parent":16419,"menu_order":0,"comment_status":"open","ping_status":"open","template":"","meta":{"_et_pb_use_builder":"","_et_pb_old_content":"","_et_gb_content_width":"","footnotes":""},"class_list":["post-16742","page","type-page","status-publish","hentry"],"yoast_head":"<!-- This site is optimized with the Yoast SEO plugin v27.2 - https:\/\/yoast.com\/product\/yoast-seo-wordpress\/ -->\n<title>Pr\u00f3tesis de cadera MAKOplasty asistida por robot - Dr. Nakul Karkare NY USA<\/title>\n<meta name=\"description\" content=\"La pr\u00f3tesis anterior de cadera Makoplasty es una alternativa quir\u00fargica para pacientes con enfermedad articular degenerativa (EAD). M\u00faltiples ubicaciones en Nueva York.\" \/>\n<meta name=\"robots\" content=\"index, follow, max-snippet:-1, max-image-preview:large, max-video-preview:-1\" \/>\n<link rel=\"canonical\" href=\"https:\/\/www.newyorkhipknee.com\/es\/protesis-total-de-cader\/protesis-de-cadera-makoplasty-asistida-por-robot\/\" \/>\n<meta property=\"og:locale\" content=\"es_ES\" \/>\n<meta property=\"og:type\" content=\"article\" \/>\n<meta property=\"og:title\" content=\"Pr\u00f3tesis de cadera MAKOplasty asistida por robot - Dr. Nakul Karkare NY USA\" \/>\n<meta property=\"og:description\" content=\"La pr\u00f3tesis anterior de cadera Makoplasty es una alternativa quir\u00fargica para pacientes con enfermedad articular degenerativa (EAD). M\u00faltiples ubicaciones en Nueva York.\" \/>\n<meta property=\"og:url\" content=\"https:\/\/www.newyorkhipknee.com\/es\/protesis-total-de-cader\/protesis-de-cadera-makoplasty-asistida-por-robot\/\" \/>\n<meta property=\"og:site_name\" content=\"Best Hip &amp; Knee Surgeon | NY, USA\" \/>\n<meta name=\"twitter:card\" content=\"summary_large_image\" \/>\n<meta name=\"twitter:label1\" content=\"Tiempo de lectura\" \/>\n\t<meta name=\"twitter:data1\" content=\"4 minutos\" \/>\n<script type=\"application\/ld+json\" class=\"yoast-schema-graph\">{\"@context\":\"https:\/\/schema.org\",\"@graph\":[{\"@type\":[\"WebPage\",\"MedicalWebPage\"],\"@id\":\"https:\/\/www.newyorkhipknee.com\/es\/protesis-total-de-cader\/protesis-de-cadera-makoplasty-asistida-por-robot\/\",\"url\":\"https:\/\/www.newyorkhipknee.com\/es\/protesis-total-de-cader\/protesis-de-cadera-makoplasty-asistida-por-robot\/\",\"name\":\"Pr\u00f3tesis de cadera MAKOplasty asistida por robot - Dr. Nakul Karkare NY USA\",\"isPartOf\":{\"@id\":\"https:\/\/www.newyorkhipknee.com\/es\/#website\"},\"datePublished\":\"2014-11-12T17:46:17+00:00\",\"description\":\"La pr\u00f3tesis anterior de cadera Makoplasty es una alternativa quir\u00fargica para pacientes con enfermedad articular degenerativa (EAD). M\u00faltiples ubicaciones en Nueva York.\",\"breadcrumb\":{\"@id\":\"https:\/\/www.newyorkhipknee.com\/es\/protesis-total-de-cader\/protesis-de-cadera-makoplasty-asistida-por-robot\/#breadcrumb\"},\"inLanguage\":\"es\",\"potentialAction\":[{\"@type\":\"ReadAction\",\"target\":[\"https:\/\/www.newyorkhipknee.com\/es\/protesis-total-de-cader\/protesis-de-cadera-makoplasty-asistida-por-robot\/\"]}]},{\"@type\":\"BreadcrumbList\",\"@id\":\"https:\/\/www.newyorkhipknee.com\/es\/protesis-total-de-cader\/protesis-de-cadera-makoplasty-asistida-por-robot\/#breadcrumb\",\"itemListElement\":[{\"@type\":\"ListItem\",\"position\":1,\"name\":\"Home\",\"item\":\"https:\/\/www.newyorkhipknee.com\/es\/\"},{\"@type\":\"ListItem\",\"position\":2,\"name\":\"Pr\u00f3tesis total de cadera\",\"item\":\"https:\/\/www.newyorkhipknee.com\/es\/protesis-total-de-cader\/\"},{\"@type\":\"ListItem\",\"position\":3,\"name\":\"Pr\u00f3tesis de cadera MAKOplasty asistida por robot\"}]},{\"@type\":\"WebSite\",\"@id\":\"https:\/\/www.newyorkhipknee.com\/es\/#website\",\"url\":\"https:\/\/www.newyorkhipknee.com\/es\/\",\"name\":\"Best Hip & Knee Surgeon | NY, USA\",\"description\":\"\",\"potentialAction\":[{\"@type\":\"SearchAction\",\"target\":{\"@type\":\"EntryPoint\",\"urlTemplate\":\"https:\/\/www.newyorkhipknee.com\/es\/?s={search_term_string}\"},\"query-input\":{\"@type\":\"PropertyValueSpecification\",\"valueRequired\":true,\"valueName\":\"search_term_string\"}}],\"inLanguage\":\"es\"}]}<\/script>\n<!-- \/ Yoast SEO plugin. -->","yoast_head_json":{"title":"Pr\u00f3tesis de cadera MAKOplasty asistida por robot - Dr. Nakul Karkare NY USA","description":"La pr\u00f3tesis anterior de cadera Makoplasty es una alternativa quir\u00fargica para pacientes con enfermedad articular degenerativa (EAD). M\u00faltiples ubicaciones en Nueva York.","robots":{"index":"index","follow":"follow","max-snippet":"max-snippet:-1","max-image-preview":"max-image-preview:large","max-video-preview":"max-video-preview:-1"},"canonical":"https:\/\/www.newyorkhipknee.com\/es\/protesis-total-de-cader\/protesis-de-cadera-makoplasty-asistida-por-robot\/","og_locale":"es_ES","og_type":"article","og_title":"Pr\u00f3tesis de cadera MAKOplasty asistida por robot - Dr. Nakul Karkare NY USA","og_description":"La pr\u00f3tesis anterior de cadera Makoplasty es una alternativa quir\u00fargica para pacientes con enfermedad articular degenerativa (EAD). M\u00faltiples ubicaciones en Nueva York.","og_url":"https:\/\/www.newyorkhipknee.com\/es\/protesis-total-de-cader\/protesis-de-cadera-makoplasty-asistida-por-robot\/","og_site_name":"Best Hip &amp; Knee Surgeon | NY, USA","twitter_card":"summary_large_image","twitter_misc":{"Tiempo de lectura":"4 minutos"},"schema":{"@context":"https:\/\/schema.org","@graph":[{"@type":["WebPage","MedicalWebPage"],"@id":"https:\/\/www.newyorkhipknee.com\/es\/protesis-total-de-cader\/protesis-de-cadera-makoplasty-asistida-por-robot\/","url":"https:\/\/www.newyorkhipknee.com\/es\/protesis-total-de-cader\/protesis-de-cadera-makoplasty-asistida-por-robot\/","name":"Pr\u00f3tesis de cadera MAKOplasty asistida por robot - Dr. Nakul Karkare NY USA","isPartOf":{"@id":"https:\/\/www.newyorkhipknee.com\/es\/#website"},"datePublished":"2014-11-12T17:46:17+00:00","description":"La pr\u00f3tesis anterior de cadera Makoplasty es una alternativa quir\u00fargica para pacientes con enfermedad articular degenerativa (EAD). M\u00faltiples ubicaciones en Nueva York.","breadcrumb":{"@id":"https:\/\/www.newyorkhipknee.com\/es\/protesis-total-de-cader\/protesis-de-cadera-makoplasty-asistida-por-robot\/#breadcrumb"},"inLanguage":"es","potentialAction":[{"@type":"ReadAction","target":["https:\/\/www.newyorkhipknee.com\/es\/protesis-total-de-cader\/protesis-de-cadera-makoplasty-asistida-por-robot\/"]}]},{"@type":"BreadcrumbList","@id":"https:\/\/www.newyorkhipknee.com\/es\/protesis-total-de-cader\/protesis-de-cadera-makoplasty-asistida-por-robot\/#breadcrumb","itemListElement":[{"@type":"ListItem","position":1,"name":"Home","item":"https:\/\/www.newyorkhipknee.com\/es\/"},{"@type":"ListItem","position":2,"name":"Pr\u00f3tesis total de cadera","item":"https:\/\/www.newyorkhipknee.com\/es\/protesis-total-de-cader\/"},{"@type":"ListItem","position":3,"name":"Pr\u00f3tesis de cadera MAKOplasty asistida por robot"}]},{"@type":"WebSite","@id":"https:\/\/www.newyorkhipknee.com\/es\/#website","url":"https:\/\/www.newyorkhipknee.com\/es\/","name":"Best Hip & Knee Surgeon | NY, USA","description":"","potentialAction":[{"@type":"SearchAction","target":{"@type":"EntryPoint","urlTemplate":"https:\/\/www.newyorkhipknee.com\/es\/?s={search_term_string}"},"query-input":{"@type":"PropertyValueSpecification","valueRequired":true,"valueName":"search_term_string"}}],"inLanguage":"es"}]}},"_links":{"self":[{"href":"https:\/\/www.newyorkhipknee.com\/es\/wp-json\/wp\/v2\/pages\/16742","targetHints":{"allow":["GET"]}}],"collection":[{"href":"https:\/\/www.newyorkhipknee.com\/es\/wp-json\/wp\/v2\/pages"}],"about":[{"href":"https:\/\/www.newyorkhipknee.com\/es\/wp-json\/wp\/v2\/types\/page"}],"author":[{"embeddable":true,"href":"https:\/\/www.newyorkhipknee.com\/es\/wp-json\/wp\/v2\/users\/7"}],"replies":[{"embeddable":true,"href":"https:\/\/www.newyorkhipknee.com\/es\/wp-json\/wp\/v2\/comments?post=16742"}],"version-history":[{"count":0,"href":"https:\/\/www.newyorkhipknee.com\/es\/wp-json\/wp\/v2\/pages\/16742\/revisions"}],"up":[{"embeddable":true,"href":"https:\/\/www.newyorkhipknee.com\/es\/wp-json\/wp\/v2\/pages\/16419"}],"wp:attachment":[{"href":"https:\/\/www.newyorkhipknee.com\/es\/wp-json\/wp\/v2\/media?parent=16742"}],"curies":[{"name":"wp","href":"https:\/\/api.w.org\/{rel}","templated":true}]}}