{"id":16747,"date":"2021-10-29T18:17:38","date_gmt":"2021-10-29T22:17:38","guid":{"rendered":"https:\/\/newyorkhipknee.com\/protesis-total-de-cadera\/dolor-y-tratamiento-de-la-cadera-parte-2-de-4\/"},"modified":"2021-10-29T18:17:38","modified_gmt":"2021-10-29T22:17:38","slug":"dolor-y-tratamiento-de-la-cadera-parte-2-de-4","status":"publish","type":"page","link":"https:\/\/www.newyorkhipknee.com\/es\/protesis-total-de-cader\/dolor-y-tratamiento-de-la-cadera-parte-2-de-4\/","title":{"rendered":"Dolor y tratamiento de la cadera &#8211; Parte 2 de 4"},"content":{"rendered":"<p>Ahora que conoces un poco mejor la anatom\u00eda de la cadera<a href=\"https:\/\/newyorkhipknee.com2016\/08\/01\/hip-pain-treatment-part-1-4\/\">(de la primera parte<\/a>), te resultar\u00e1 un poco m\u00e1s f\u00e1cil entender por qu\u00e9 se producen el dolor de cadera y otros s\u00edntomas y qu\u00e9 cambios pueden provocar en la articulaci\u00f3n y en las estructuras que la sostienen.<\/p>\n<p>Una evaluaci\u00f3n cuidadosa de la articulaci\u00f3n y una revisi\u00f3n exhaustiva de los s\u00edntomas son los primeros pasos esenciales para ayudar a determinar el mejor tratamiento para aliviar los s\u00edntomas y, con suerte, restablecer la funci\u00f3n normal de la articulaci\u00f3n.<\/p>\n<h2>Diagnosticar la causa del dolor de cadera<\/h2>\n<p>Al igual que las t\u00e9cnicas quir\u00fargicas han mejorado significativamente durante la \u00faltima d\u00e9cada, las t\u00e9cnicas utilizadas para evaluar y diagnosticar las causas del dolor de cadera tambi\u00e9n han evolucionado.<\/p>\n<p>Hoy en d\u00eda, la articulaci\u00f3n puede examinarse minuciosamente mediante t\u00e9cnicas de diagn\u00f3stico por imagen no invasivas, como los rayos X, la tomograf\u00eda computarizada y la resonancia magn\u00e9tica, as\u00ed como mediante m\u00e9todos de artroscopia m\u00ednimamente invasivos que utilizan instrumentos especiales para ver el interior de la articulaci\u00f3n.<\/p>\n<p>De hecho, la artroscopia puede ayudar no s\u00f3lo a precisar y refinar la comprensi\u00f3n de la causa de sus s\u00edntomas, sino tambi\u00e9n proporcionar informaci\u00f3n cr\u00edtica para ayudar a planificar la cirug\u00eda para que los pacientes puedan experimentar los mejores resultados posibles.<\/p>\n<p>Durante un procedimiento de diagn\u00f3stico artrosc\u00f3pico, el cirujano introducir\u00e1 un endoscopio muy fino en la articulaci\u00f3n mediante una incisi\u00f3n muy peque\u00f1a y se guiar\u00e1 por el espacio articular utilizando una t\u00e9cnica de imagen como la radiograf\u00eda. Unas pocas bombeadas de l\u00edquido en la articulaci\u00f3n para abrir suavemente el espacio articular para una mejor visualizaci\u00f3n.<\/p>\n<p>El extremo del artroscopio dispone de una c\u00e1mara muy peque\u00f1a que puede tomar im\u00e1genes n\u00edtidas del interior de la articulaci\u00f3n y transmitirlas a un ordenador y un monitor para que puedan visualizarse tanto durante la intervenci\u00f3n como despu\u00e9s, con el fin de ayudar a planificar el tratamiento.<\/p>\n<p>Dado que utiliza una incisi\u00f3n diminuta, la artroscopia se realiza sin anestesia general, ya sea mientras usted est\u00e1 tumbado de espaldas o de lado, en funci\u00f3n del \u00e1ngulo necesario para obtener las im\u00e1genes m\u00e1s precisas.<\/p>\n<p>Adem\u00e1s de diagnosticar problemas de cadera, la artroscopia tambi\u00e9n puede realizar algunos tipos de reparaciones quir\u00fargicas. (Los trataremos en las partes tercera y cuarta de la serie).<\/p>\n<h2>Causas comunes del dolor de cadera<\/h2>\n<p>Una de las causas m\u00e1s frecuentes de dolor de cadera es la artrosis (y, con menor frecuencia, la artritis reumatoide). La artritis provoca una destrucci\u00f3n de las superficies articulares, rompiendo la capa protectora de cart\u00edlago, por lo que aumenta la fricci\u00f3n entre la cabeza femoral y el acet\u00e1bulo (la parte de la cavidad).<\/p>\n<p>A medida que la artritis avanza, los huesos pueden incluso desgastarse y da\u00f1arse, y el dolor tiende a aumentar sustancialmente, junto con la rigidez y la disminuci\u00f3n de la amplitud de movimiento.<\/p>\n<p>La artritis puede afectar a pacientes de cualquier edad, pero es m\u00e1s frecuente entre los hombres y mujeres mayores y entre los deportistas que ejercen mucha presi\u00f3n sobre la articulaci\u00f3n. La artritis reumatoide es una enfermedad inmunomediada que se desarrolla cuando el sistema inmunitario ataca el tejido sano de las articulaciones.<\/p>\n<p>Por supuesto, las fracturas y luxaciones tambi\u00e9n pueden causar un dolor considerable, sobre todo cuando se aplica cualquier tipo de peso sobre la articulaci\u00f3n. La mayor\u00eda de las fracturas y luxaciones se someten a diagn\u00f3stico por imagen.<\/p>\n<p>Las lesiones de partes blandas, como la rotura o distensi\u00f3n de ligamentos o los desgarros del labrum, el anillo de cart\u00edlago que rodea la cavidad, suelen diagnosticarse con tomograf\u00eda computarizada, pero a veces la artroscopia proporciona informaci\u00f3n m\u00e1s exhaustiva o incluso permite aplicar un tratamiento.<\/p>\n<p>Con menor frecuencia, enfermedades y afecciones como el raquitismo, la osteoporosis (huesos \u00abfr\u00e1giles\u00bb), la osteonecrosis (muerte del tejido \u00f3seo) o la osteomielitis (infecci\u00f3n profunda) pueden causar dolor y molestias en la articulaci\u00f3n y sus alrededores.<\/p>\n<p>Y, por \u00faltimo, algunos dolores de cadera pueden no estar directamente relacionados con la articulaci\u00f3n de la cadera en absoluto, sino que pueden deberse a hernias discales u otros problemas de espalda o que afectan a las rodillas.<\/p>\n<h3>Obtener el mejor tratamiento<\/h3>\n<p>S\u00ed, son muchas causas. Por eso es tan importante que un traumat\u00f3logo realice una evaluaci\u00f3n exhaustiva para garantizar el tratamiento m\u00e1s adecuado. En las partes tercera y cuarta, veremos algunos de los tratamientos -quir\u00fargicos y no quir\u00fargicos- utilizados para aliviar el dolor de cadera y mejorar la funci\u00f3n y movilidad de la articulaci\u00f3n.<\/p>\n<h3>Programe su visita inicial<\/h3>\n<div align=\"center\"><a class=\"livesite-schedule\" href=\"https:\/\/live.vcita.com\/site\/nyhipknee\/online-scheduling?staff=sbuvrwlyhlcvxsjv\" target=\"blank\" rel=\"noopener\" data-staff=\"b69585d231f6813d\"><br \/>\n<img decoding=\"async\" title=\"Programar ahora\" src=\"\/wp-content\/uploads\/2016\/02\/karkare-calendar.png\" alt=\"Programar ahora\" border=\"0\"><\/a><\/div>\n","protected":false},"excerpt":{"rendered":"<p>Ahora que conoces un poco mejor la anatom\u00eda de la cadera(de la primera parte), te resultar\u00e1 un poco m\u00e1s f\u00e1cil entender por qu\u00e9 se producen el dolor de cadera y otros s\u00edntomas y qu\u00e9 cambios pueden provocar en la articulaci\u00f3n y en las estructuras que la sostienen. Una evaluaci\u00f3n cuidadosa de la articulaci\u00f3n y una [&hellip;]<\/p>\n","protected":false},"author":15,"featured_media":0,"parent":16419,"menu_order":0,"comment_status":"closed","ping_status":"closed","template":"","meta":{"_et_pb_use_builder":"","_et_pb_old_content":"","_et_gb_content_width":"","footnotes":""},"class_list":["post-16747","page","type-page","status-publish","hentry"],"yoast_head":"<!-- This site is optimized with the Yoast SEO plugin v27.2 - https:\/\/yoast.com\/product\/yoast-seo-wordpress\/ -->\n<title>Dolor y tratamiento de la cadera - Parte 2 de 4 | Best Hip &amp; Knee Surgeon | NY, USA<\/title>\n<meta name=\"description\" content=\"Una evaluaci\u00f3n cuidadosa de la articulaci\u00f3n y una revisi\u00f3n exhaustiva de los s\u00edntomas son los primeros pasos esenciales para ayudar a determinar el mejor tratamiento para aliviar los s\u00edntomas y, con suerte, restablecer la funci\u00f3n normal de la articulaci\u00f3n.\" \/>\n<meta name=\"robots\" content=\"index, follow, max-snippet:-1, max-image-preview:large, max-video-preview:-1\" \/>\n<link rel=\"canonical\" href=\"https:\/\/www.newyorkhipknee.com\/es\/protesis-total-de-cader\/dolor-y-tratamiento-de-la-cadera-parte-2-de-4\/\" \/>\n<meta property=\"og:locale\" content=\"es_ES\" \/>\n<meta property=\"og:type\" content=\"article\" \/>\n<meta property=\"og:title\" content=\"Dolor y tratamiento de la cadera - Parte 2 de 4 | Best Hip &amp; Knee Surgeon | NY, USA\" \/>\n<meta property=\"og:description\" content=\"Una evaluaci\u00f3n cuidadosa de la articulaci\u00f3n y una revisi\u00f3n exhaustiva de los s\u00edntomas son los primeros pasos esenciales para ayudar a determinar el mejor tratamiento para aliviar los s\u00edntomas y, con suerte, restablecer la funci\u00f3n normal de la articulaci\u00f3n.\" \/>\n<meta property=\"og:url\" content=\"https:\/\/www.newyorkhipknee.com\/es\/protesis-total-de-cader\/dolor-y-tratamiento-de-la-cadera-parte-2-de-4\/\" \/>\n<meta property=\"og:site_name\" content=\"Best Hip &amp; Knee Surgeon | NY, USA\" \/>\n<meta name=\"twitter:card\" content=\"summary_large_image\" \/>\n<meta name=\"twitter:label1\" content=\"Tiempo de lectura\" \/>\n\t<meta name=\"twitter:data1\" content=\"4 minutos\" \/>\n<script type=\"application\/ld+json\" class=\"yoast-schema-graph\">{\"@context\":\"https:\/\/schema.org\",\"@graph\":[{\"@type\":[\"WebPage\",\"MedicalWebPage\"],\"@id\":\"https:\/\/www.newyorkhipknee.com\/es\/protesis-total-de-cader\/dolor-y-tratamiento-de-la-cadera-parte-2-de-4\/\",\"url\":\"https:\/\/www.newyorkhipknee.com\/es\/protesis-total-de-cader\/dolor-y-tratamiento-de-la-cadera-parte-2-de-4\/\",\"name\":\"Dolor y tratamiento de la cadera - Parte 2 de 4 | Best Hip &amp; Knee Surgeon | NY, USA\",\"isPartOf\":{\"@id\":\"https:\/\/www.newyorkhipknee.com\/es\/#website\"},\"datePublished\":\"2021-10-29T22:17:38+00:00\",\"description\":\"Una evaluaci\u00f3n cuidadosa de la articulaci\u00f3n y una revisi\u00f3n exhaustiva de los s\u00edntomas son los primeros pasos esenciales para ayudar a determinar el mejor tratamiento para aliviar los s\u00edntomas y, con suerte, restablecer la funci\u00f3n normal de la articulaci\u00f3n.\",\"breadcrumb\":{\"@id\":\"https:\/\/www.newyorkhipknee.com\/es\/protesis-total-de-cader\/dolor-y-tratamiento-de-la-cadera-parte-2-de-4\/#breadcrumb\"},\"inLanguage\":\"es\",\"potentialAction\":[{\"@type\":\"ReadAction\",\"target\":[\"https:\/\/www.newyorkhipknee.com\/es\/protesis-total-de-cader\/dolor-y-tratamiento-de-la-cadera-parte-2-de-4\/\"]}]},{\"@type\":\"BreadcrumbList\",\"@id\":\"https:\/\/www.newyorkhipknee.com\/es\/protesis-total-de-cader\/dolor-y-tratamiento-de-la-cadera-parte-2-de-4\/#breadcrumb\",\"itemListElement\":[{\"@type\":\"ListItem\",\"position\":1,\"name\":\"Home\",\"item\":\"https:\/\/www.newyorkhipknee.com\/es\/\"},{\"@type\":\"ListItem\",\"position\":2,\"name\":\"Pr\u00f3tesis total de cadera\",\"item\":\"https:\/\/www.newyorkhipknee.com\/es\/protesis-total-de-cader\/\"},{\"@type\":\"ListItem\",\"position\":3,\"name\":\"Dolor y tratamiento de la cadera &#8211; Parte 2 de 4\"}]},{\"@type\":\"WebSite\",\"@id\":\"https:\/\/www.newyorkhipknee.com\/es\/#website\",\"url\":\"https:\/\/www.newyorkhipknee.com\/es\/\",\"name\":\"Best Hip & Knee Surgeon | NY, USA\",\"description\":\"\",\"potentialAction\":[{\"@type\":\"SearchAction\",\"target\":{\"@type\":\"EntryPoint\",\"urlTemplate\":\"https:\/\/www.newyorkhipknee.com\/es\/?s={search_term_string}\"},\"query-input\":{\"@type\":\"PropertyValueSpecification\",\"valueRequired\":true,\"valueName\":\"search_term_string\"}}],\"inLanguage\":\"es\"}]}<\/script>\n<!-- \/ Yoast SEO plugin. -->","yoast_head_json":{"title":"Dolor y tratamiento de la cadera - Parte 2 de 4 | Best Hip &amp; Knee Surgeon | NY, USA","description":"Una evaluaci\u00f3n cuidadosa de la articulaci\u00f3n y una revisi\u00f3n exhaustiva de los s\u00edntomas son los primeros pasos esenciales para ayudar a determinar el mejor tratamiento para aliviar los s\u00edntomas y, con suerte, restablecer la funci\u00f3n normal de la articulaci\u00f3n.","robots":{"index":"index","follow":"follow","max-snippet":"max-snippet:-1","max-image-preview":"max-image-preview:large","max-video-preview":"max-video-preview:-1"},"canonical":"https:\/\/www.newyorkhipknee.com\/es\/protesis-total-de-cader\/dolor-y-tratamiento-de-la-cadera-parte-2-de-4\/","og_locale":"es_ES","og_type":"article","og_title":"Dolor y tratamiento de la cadera - Parte 2 de 4 | Best Hip &amp; Knee Surgeon | NY, USA","og_description":"Una evaluaci\u00f3n cuidadosa de la articulaci\u00f3n y una revisi\u00f3n exhaustiva de los s\u00edntomas son los primeros pasos esenciales para ayudar a determinar el mejor tratamiento para aliviar los s\u00edntomas y, con suerte, restablecer la funci\u00f3n normal de la articulaci\u00f3n.","og_url":"https:\/\/www.newyorkhipknee.com\/es\/protesis-total-de-cader\/dolor-y-tratamiento-de-la-cadera-parte-2-de-4\/","og_site_name":"Best Hip &amp; Knee Surgeon | NY, USA","twitter_card":"summary_large_image","twitter_misc":{"Tiempo de lectura":"4 minutos"},"schema":{"@context":"https:\/\/schema.org","@graph":[{"@type":["WebPage","MedicalWebPage"],"@id":"https:\/\/www.newyorkhipknee.com\/es\/protesis-total-de-cader\/dolor-y-tratamiento-de-la-cadera-parte-2-de-4\/","url":"https:\/\/www.newyorkhipknee.com\/es\/protesis-total-de-cader\/dolor-y-tratamiento-de-la-cadera-parte-2-de-4\/","name":"Dolor y tratamiento de la cadera - Parte 2 de 4 | Best Hip &amp; Knee Surgeon | NY, USA","isPartOf":{"@id":"https:\/\/www.newyorkhipknee.com\/es\/#website"},"datePublished":"2021-10-29T22:17:38+00:00","description":"Una evaluaci\u00f3n cuidadosa de la articulaci\u00f3n y una revisi\u00f3n exhaustiva de los s\u00edntomas son los primeros pasos esenciales para ayudar a determinar el mejor tratamiento para aliviar los s\u00edntomas y, con suerte, restablecer la funci\u00f3n normal de la articulaci\u00f3n.","breadcrumb":{"@id":"https:\/\/www.newyorkhipknee.com\/es\/protesis-total-de-cader\/dolor-y-tratamiento-de-la-cadera-parte-2-de-4\/#breadcrumb"},"inLanguage":"es","potentialAction":[{"@type":"ReadAction","target":["https:\/\/www.newyorkhipknee.com\/es\/protesis-total-de-cader\/dolor-y-tratamiento-de-la-cadera-parte-2-de-4\/"]}]},{"@type":"BreadcrumbList","@id":"https:\/\/www.newyorkhipknee.com\/es\/protesis-total-de-cader\/dolor-y-tratamiento-de-la-cadera-parte-2-de-4\/#breadcrumb","itemListElement":[{"@type":"ListItem","position":1,"name":"Home","item":"https:\/\/www.newyorkhipknee.com\/es\/"},{"@type":"ListItem","position":2,"name":"Pr\u00f3tesis total de cadera","item":"https:\/\/www.newyorkhipknee.com\/es\/protesis-total-de-cader\/"},{"@type":"ListItem","position":3,"name":"Dolor y tratamiento de la cadera &#8211; Parte 2 de 4"}]},{"@type":"WebSite","@id":"https:\/\/www.newyorkhipknee.com\/es\/#website","url":"https:\/\/www.newyorkhipknee.com\/es\/","name":"Best Hip & Knee Surgeon | NY, USA","description":"","potentialAction":[{"@type":"SearchAction","target":{"@type":"EntryPoint","urlTemplate":"https:\/\/www.newyorkhipknee.com\/es\/?s={search_term_string}"},"query-input":{"@type":"PropertyValueSpecification","valueRequired":true,"valueName":"search_term_string"}}],"inLanguage":"es"}]}},"_links":{"self":[{"href":"https:\/\/www.newyorkhipknee.com\/es\/wp-json\/wp\/v2\/pages\/16747","targetHints":{"allow":["GET"]}}],"collection":[{"href":"https:\/\/www.newyorkhipknee.com\/es\/wp-json\/wp\/v2\/pages"}],"about":[{"href":"https:\/\/www.newyorkhipknee.com\/es\/wp-json\/wp\/v2\/types\/page"}],"author":[{"embeddable":true,"href":"https:\/\/www.newyorkhipknee.com\/es\/wp-json\/wp\/v2\/users\/15"}],"replies":[{"embeddable":true,"href":"https:\/\/www.newyorkhipknee.com\/es\/wp-json\/wp\/v2\/comments?post=16747"}],"version-history":[{"count":0,"href":"https:\/\/www.newyorkhipknee.com\/es\/wp-json\/wp\/v2\/pages\/16747\/revisions"}],"up":[{"embeddable":true,"href":"https:\/\/www.newyorkhipknee.com\/es\/wp-json\/wp\/v2\/pages\/16419"}],"wp:attachment":[{"href":"https:\/\/www.newyorkhipknee.com\/es\/wp-json\/wp\/v2\/media?parent=16747"}],"curies":[{"name":"wp","href":"https:\/\/api.w.org\/{rel}","templated":true}]}}