{"id":16749,"date":"2013-01-30T10:39:00","date_gmt":"2013-01-30T15:39:00","guid":{"rendered":"https:\/\/newyorkhipknee.com\/revision-compleja-de-protesis-de-cadera-y-rodilla\/"},"modified":"2023-02-16T12:21:37","modified_gmt":"2023-02-16T17:21:37","slug":"revision-compleja-de-protesis-de-cadera-y-rodilla","status":"publish","type":"page","link":"https:\/\/www.newyorkhipknee.com\/es\/servicios\/revision-compleja-de-protesis-de-cadera-y-rodilla\/","title":{"rendered":"Revisi\u00f3n compleja de pr\u00f3tesis de cadera y rodilla"},"content":{"rendered":"<p>Cada a\u00f1o, m\u00e1s de un mill\u00f3n de hombres y mujeres se someten a operaciones de pr\u00f3tesis de cadera y de rodilla, con el fin de aliviar el dolor, proporcionar mayor estabilidad y mejorar la fuerza y la amplitud de movimiento de las articulaciones da\u00f1adas por la artritis u otras enfermedades o traumatismos.<\/p>\n<p>Aunque la gran mayor\u00eda de las intervenciones son sencillas y dan excelentes resultados, en algunos casos pueden surgir complicaciones que requieran una segunda intervenci\u00f3n para corregirlas. Esto se denomina cirug\u00eda de revisi\u00f3n, y requiere una cuidadosa planificaci\u00f3n y preparaci\u00f3n prequir\u00fargica para garantizar que se resuelven las complicaciones y se optimiza el resultado en funci\u00f3n de las necesidades del paciente.<\/p>\n<h2>\u00bfCu\u00e1ndo es necesaria una revisi\u00f3n?<\/h2>\n<p>La cirug\u00eda de revisi\u00f3n se realiza cuando la articulaci\u00f3n artificial falla de alg\u00fan modo, causando dolor, problemas de movilidad u otros problemas que requieren una intervenci\u00f3n quir\u00fargica para corregirlos. Dependiendo del tipo de fallo que se produzca, ser\u00e1 necesario sustituir toda la junta o s\u00f3lo una parte de ella.<\/p>\n<p>Antes de proceder a la cirug\u00eda de revisi\u00f3n, se evaluar\u00e1 detenidamente la articulaci\u00f3n para garantizar el mejor enfoque posible para la resoluci\u00f3n de los problemas que est\u00e1 experimentando. Algunas de las razones m\u00e1s comunes para la cirug\u00eda de revisi\u00f3n articular incluyen infecci\u00f3n, aflojamiento o desplazamiento de los componentes de la articulaci\u00f3n artificial, desgaste de los componentes con el paso del tiempo, inestabilidad o rigidez de la articulaci\u00f3n, dolor persistente en la articulaci\u00f3n o fracturas del hueso que rodea los componentes de la articulaci\u00f3n, normalmente como resultado de una ca\u00edda.<\/p>\n<h2>\u00bfQu\u00e9 ocurre durante un procedimiento de revisi\u00f3n?<\/h2>\n<p>Eso depende en parte de la causa de la revisi\u00f3n. Por lo general, la cirug\u00eda consiste en retirar las partes da\u00f1adas de la articulaci\u00f3n artificial averiada y preparar los huesos mediante t\u00e9cnicas especiales que ayuden a fortalecerlos y reforzarlos antes de insertar nuevos componentes en el espacio articular.<\/p>\n<p>En la cirug\u00eda de revisi\u00f3n de cadera, se retira cuidadosamente el revestimiento de pl\u00e1stico de la cavidad de la cadera, o acet\u00e1bulo, y se utiliza un material de malla met\u00e1lica para revestir y reforzar el hueso antes de insertar un nuevo componente y fijarlo con cemento o tornillos quir\u00fargicos especiales.<\/p>\n<p>El hueso del muslo, o f\u00e9mur, se incide cuidadosamente para extraer la parte del v\u00e1stago del implante que se extiende en el hueso. Se inserta y fija una nueva porci\u00f3n de v\u00e1stago, normalmente utilizando alambre quir\u00fargico para reforzar el f\u00e9mur. La artroplastia de rodilla tambi\u00e9n implica t\u00e9cnicas especiales para retirar los componentes defectuosos y sustituirlos por otros nuevos, utilizando refuerzos a\u00f1adidos cuando sea necesario para garantizar que la articulaci\u00f3n sea estable y segura.<\/p>\n<h2>\u00bfC\u00f3mo es la recuperaci\u00f3n?<\/h2>\n<p>Como paciente de revisi\u00f3n, usted comprende los procesos de recuperaci\u00f3n y rehabilitaci\u00f3n necesarios para un resultado \u00f3ptimo. Antes de la intervenci\u00f3n quir\u00fargica y despu\u00e9s de la misma, recibir\u00e1 informaci\u00f3n completa sobre el programa de rehabilitaci\u00f3n al que deber\u00e1 someterse para adaptarse a su nueva articulaci\u00f3n y aprender t\u00e9cnicas importantes para garantizar que la articulaci\u00f3n siga funcionando de forma \u00f3ptima.<\/p>\n<p>Cumplir el programa de rehabilitaci\u00f3n es esencial para su recuperaci\u00f3n, y tambi\u00e9n es muy importante acudir a citas peri\u00f3dicas de seguimiento para evaluar sus progresos. La rehabilitaci\u00f3n tras una cirug\u00eda de revisi\u00f3n suele comenzar inmediatamente despu\u00e9s de la intervenci\u00f3n y contin\u00faa durante unos tres meses en la mayor\u00eda de los pacientes.<\/p>\n<h2>\u00bfPor qu\u00e9 elegir al Dr. Karkare?<\/h2>\n<p><img loading=\"lazy\" decoding=\"async\" class=\"alignright wp-image-2027 size-medium\" src=\"\/wp-content\/uploads\/2015\/11\/Dr-K-rectangle-g-225x300.jpg\" alt=\"Dr. Nakul Karkare - Cirujano Ortop\u00e9dico NY\" width=\"225\" height=\"300\" data-id=\"2027\" srcset=\"https:\/\/www.newyorkhipknee.com\/wp-content\/uploads\/2015\/11\/Dr-K-rectangle-g-225x300.jpg 225w, https:\/\/www.newyorkhipknee.com\/wp-content\/uploads\/2015\/11\/Dr-K-rectangle-g-113x150.jpg 113w, https:\/\/www.newyorkhipknee.com\/wp-content\/uploads\/2015\/11\/Dr-K-rectangle-g-15x20.jpg 15w, https:\/\/www.newyorkhipknee.com\/wp-content\/uploads\/2015\/11\/Dr-K-rectangle-g.jpg 300w\" sizes=\"(max-width: 225px) 100vw, 225px\" \/>La cirug\u00eda de revisi\u00f3n requiere conocimientos especiales y una experiencia considerable para lograr los mejores resultados posibles. A diferencia de la cirug\u00eda inicial de sustituci\u00f3n articular, los procedimientos de revisi\u00f3n requieren t\u00e9cnicas m\u00e1s complejas y un profundo conocimiento de los m\u00e9todos utilizados para reforzar las articulaciones que se han visto comprometidas por fallos de los implantes.<\/p>\n<p>El Dr. Karkare es uno de los principales expertos en procedimientos de revisi\u00f3n de la ciudad de Nueva York, con amplia experiencia y altas tasas de \u00e9xito tras la cirug\u00eda de revisi\u00f3n, utilizando las t\u00e9cnicas y la tecnolog\u00eda m\u00e1s avanzadas para que cada paciente reciba la atenci\u00f3n personalizada necesaria para obtener el mejor resultado posible. Para obtener m\u00e1s informaci\u00f3n y programar una evaluaci\u00f3n, utilice nuestro formulario de contacto en l\u00ednea o llame ahora mismo al (516) 735-4032.<\/p>\n<h3>Programe su visita inicial:<\/h3>\n<div align=\"center\">\n<iframe loading=\"lazy\" src=\"https:\/\/www.vcita.com\/widgets\/scheduler\/50c113345a4dc532?frontage_iframe=true\" width=\"100%\" height=\"508\" frameborder=\"0\" style=\" \"><\/p>\n<p>Utilice mi p\u00e1gina de programaci\u00f3n en l\u00ednea por vCita para programar una cita conmigo:<\/p>\n<p> <a href=\"https:\/\/www.vcita.com\/v\/50c113345a4dc532\/online_scheduling?frontage_iframe=true&amp;invite=vr_sched_pb-50c113345a4dc532\">Programaci\u00f3n en l\u00ednea con el Dr. Nakul Karkare<\/a><br \/>\n<\/iframe>\n<\/div>\n","protected":false},"excerpt":{"rendered":"<p>Cada a\u00f1o, m\u00e1s de un mill\u00f3n de hombres y mujeres se someten a operaciones de pr\u00f3tesis de cadera y de rodilla, con el fin de aliviar el dolor, proporcionar mayor estabilidad y mejorar la fuerza y la amplitud de movimiento de las articulaciones da\u00f1adas por la artritis u otras enfermedades o traumatismos. Aunque la gran [&hellip;]<\/p>\n","protected":false},"author":7,"featured_media":0,"parent":16872,"menu_order":0,"comment_status":"open","ping_status":"open","template":"","meta":{"_et_pb_use_builder":"","_et_pb_old_content":"","_et_gb_content_width":"","footnotes":""},"class_list":["post-16749","page","type-page","status-publish","hentry"],"yoast_head":"<!-- This site is optimized with the Yoast SEO plugin v27.2 - https:\/\/yoast.com\/product\/yoast-seo-wordpress\/ -->\n<title>Cirugia de Reemplazo de Rodilla y Cadera Nueva York | Reemplazo de articulaciones Nueva York<\/title>\n<meta name=\"description\" content=\"El reemplazo de rodilla o cadera es una cirug\u00eda de reemplazo de articulaciones realizada por el Dr. Karkare en Nueva York. Tambi\u00e9n ofrece cirug\u00edas de revisi\u00f3n de pr\u00f3tesis de cadera y rodilla.\" \/>\n<meta name=\"robots\" content=\"index, follow, max-snippet:-1, max-image-preview:large, max-video-preview:-1\" \/>\n<link rel=\"canonical\" href=\"https:\/\/www.newyorkhipknee.com\/es\/servicios\/revision-compleja-de-protesis-de-cadera-y-rodilla\/\" \/>\n<meta property=\"og:locale\" content=\"es_ES\" \/>\n<meta property=\"og:type\" content=\"article\" \/>\n<meta property=\"og:title\" content=\"Cirugia de Reemplazo de Rodilla y Cadera Nueva York | Reemplazo de articulaciones Nueva York\" \/>\n<meta property=\"og:description\" content=\"El reemplazo de rodilla o cadera es una cirug\u00eda de reemplazo de articulaciones realizada por el Dr. Karkare en Nueva York. Tambi\u00e9n ofrece cirug\u00edas de revisi\u00f3n de pr\u00f3tesis de cadera y rodilla.\" \/>\n<meta property=\"og:url\" content=\"https:\/\/www.newyorkhipknee.com\/es\/servicios\/revision-compleja-de-protesis-de-cadera-y-rodilla\/\" \/>\n<meta property=\"og:site_name\" content=\"Best Hip &amp; Knee Surgeon | NY, USA\" \/>\n<meta property=\"article:modified_time\" content=\"2023-02-16T17:21:37+00:00\" \/>\n<meta name=\"twitter:card\" content=\"summary_large_image\" \/>\n<meta name=\"twitter:label1\" content=\"Tiempo de lectura\" \/>\n\t<meta name=\"twitter:data1\" content=\"4 minutos\" \/>\n<script type=\"application\/ld+json\" class=\"yoast-schema-graph\">{\"@context\":\"https:\/\/schema.org\",\"@graph\":[{\"@type\":[\"WebPage\",\"MedicalWebPage\"],\"@id\":\"https:\/\/www.newyorkhipknee.com\/es\/servicios\/revision-compleja-de-protesis-de-cadera-y-rodilla\/\",\"url\":\"https:\/\/www.newyorkhipknee.com\/es\/servicios\/revision-compleja-de-protesis-de-cadera-y-rodilla\/\",\"name\":\"Cirugia de Reemplazo de Rodilla y Cadera Nueva York | Reemplazo de articulaciones Nueva York\",\"isPartOf\":{\"@id\":\"https:\/\/www.newyorkhipknee.com\/es\/#website\"},\"datePublished\":\"2013-01-30T15:39:00+00:00\",\"dateModified\":\"2023-02-16T17:21:37+00:00\",\"description\":\"El reemplazo de rodilla o cadera es una cirug\u00eda de reemplazo de articulaciones realizada por el Dr. Karkare en Nueva York. Tambi\u00e9n ofrece cirug\u00edas de revisi\u00f3n de pr\u00f3tesis de cadera y rodilla.\",\"breadcrumb\":{\"@id\":\"https:\/\/www.newyorkhipknee.com\/es\/servicios\/revision-compleja-de-protesis-de-cadera-y-rodilla\/#breadcrumb\"},\"inLanguage\":\"es\",\"potentialAction\":[{\"@type\":\"ReadAction\",\"target\":[\"https:\/\/www.newyorkhipknee.com\/es\/servicios\/revision-compleja-de-protesis-de-cadera-y-rodilla\/\"]}]},{\"@type\":\"BreadcrumbList\",\"@id\":\"https:\/\/www.newyorkhipknee.com\/es\/servicios\/revision-compleja-de-protesis-de-cadera-y-rodilla\/#breadcrumb\",\"itemListElement\":[{\"@type\":\"ListItem\",\"position\":1,\"name\":\"Home\",\"item\":\"https:\/\/www.newyorkhipknee.com\/es\/\"},{\"@type\":\"ListItem\",\"position\":2,\"name\":\"Servicios\",\"item\":\"https:\/\/www.newyorkhipknee.com\/es\/servicios\/\"},{\"@type\":\"ListItem\",\"position\":3,\"name\":\"Revisi\u00f3n compleja de pr\u00f3tesis de cadera y rodilla\"}]},{\"@type\":\"WebSite\",\"@id\":\"https:\/\/www.newyorkhipknee.com\/es\/#website\",\"url\":\"https:\/\/www.newyorkhipknee.com\/es\/\",\"name\":\"Best Hip & Knee Surgeon | NY, USA\",\"description\":\"\",\"potentialAction\":[{\"@type\":\"SearchAction\",\"target\":{\"@type\":\"EntryPoint\",\"urlTemplate\":\"https:\/\/www.newyorkhipknee.com\/es\/?s={search_term_string}\"},\"query-input\":{\"@type\":\"PropertyValueSpecification\",\"valueRequired\":true,\"valueName\":\"search_term_string\"}}],\"inLanguage\":\"es\"}]}<\/script>\n<!-- \/ Yoast SEO plugin. -->","yoast_head_json":{"title":"Cirugia de Reemplazo de Rodilla y Cadera Nueva York | Reemplazo de articulaciones Nueva York","description":"El reemplazo de rodilla o cadera es una cirug\u00eda de reemplazo de articulaciones realizada por el Dr. Karkare en Nueva York. Tambi\u00e9n ofrece cirug\u00edas de revisi\u00f3n de pr\u00f3tesis de cadera y rodilla.","robots":{"index":"index","follow":"follow","max-snippet":"max-snippet:-1","max-image-preview":"max-image-preview:large","max-video-preview":"max-video-preview:-1"},"canonical":"https:\/\/www.newyorkhipknee.com\/es\/servicios\/revision-compleja-de-protesis-de-cadera-y-rodilla\/","og_locale":"es_ES","og_type":"article","og_title":"Cirugia de Reemplazo de Rodilla y Cadera Nueva York | Reemplazo de articulaciones Nueva York","og_description":"El reemplazo de rodilla o cadera es una cirug\u00eda de reemplazo de articulaciones realizada por el Dr. Karkare en Nueva York. Tambi\u00e9n ofrece cirug\u00edas de revisi\u00f3n de pr\u00f3tesis de cadera y rodilla.","og_url":"https:\/\/www.newyorkhipknee.com\/es\/servicios\/revision-compleja-de-protesis-de-cadera-y-rodilla\/","og_site_name":"Best Hip &amp; Knee Surgeon | NY, USA","article_modified_time":"2023-02-16T17:21:37+00:00","twitter_card":"summary_large_image","twitter_misc":{"Tiempo de lectura":"4 minutos"},"schema":{"@context":"https:\/\/schema.org","@graph":[{"@type":["WebPage","MedicalWebPage"],"@id":"https:\/\/www.newyorkhipknee.com\/es\/servicios\/revision-compleja-de-protesis-de-cadera-y-rodilla\/","url":"https:\/\/www.newyorkhipknee.com\/es\/servicios\/revision-compleja-de-protesis-de-cadera-y-rodilla\/","name":"Cirugia de Reemplazo de Rodilla y Cadera Nueva York | Reemplazo de articulaciones Nueva York","isPartOf":{"@id":"https:\/\/www.newyorkhipknee.com\/es\/#website"},"datePublished":"2013-01-30T15:39:00+00:00","dateModified":"2023-02-16T17:21:37+00:00","description":"El reemplazo de rodilla o cadera es una cirug\u00eda de reemplazo de articulaciones realizada por el Dr. Karkare en Nueva York. Tambi\u00e9n ofrece cirug\u00edas de revisi\u00f3n de pr\u00f3tesis de cadera y rodilla.","breadcrumb":{"@id":"https:\/\/www.newyorkhipknee.com\/es\/servicios\/revision-compleja-de-protesis-de-cadera-y-rodilla\/#breadcrumb"},"inLanguage":"es","potentialAction":[{"@type":"ReadAction","target":["https:\/\/www.newyorkhipknee.com\/es\/servicios\/revision-compleja-de-protesis-de-cadera-y-rodilla\/"]}]},{"@type":"BreadcrumbList","@id":"https:\/\/www.newyorkhipknee.com\/es\/servicios\/revision-compleja-de-protesis-de-cadera-y-rodilla\/#breadcrumb","itemListElement":[{"@type":"ListItem","position":1,"name":"Home","item":"https:\/\/www.newyorkhipknee.com\/es\/"},{"@type":"ListItem","position":2,"name":"Servicios","item":"https:\/\/www.newyorkhipknee.com\/es\/servicios\/"},{"@type":"ListItem","position":3,"name":"Revisi\u00f3n compleja de pr\u00f3tesis de cadera y rodilla"}]},{"@type":"WebSite","@id":"https:\/\/www.newyorkhipknee.com\/es\/#website","url":"https:\/\/www.newyorkhipknee.com\/es\/","name":"Best Hip & Knee Surgeon | NY, USA","description":"","potentialAction":[{"@type":"SearchAction","target":{"@type":"EntryPoint","urlTemplate":"https:\/\/www.newyorkhipknee.com\/es\/?s={search_term_string}"},"query-input":{"@type":"PropertyValueSpecification","valueRequired":true,"valueName":"search_term_string"}}],"inLanguage":"es"}]}},"_links":{"self":[{"href":"https:\/\/www.newyorkhipknee.com\/es\/wp-json\/wp\/v2\/pages\/16749","targetHints":{"allow":["GET"]}}],"collection":[{"href":"https:\/\/www.newyorkhipknee.com\/es\/wp-json\/wp\/v2\/pages"}],"about":[{"href":"https:\/\/www.newyorkhipknee.com\/es\/wp-json\/wp\/v2\/types\/page"}],"author":[{"embeddable":true,"href":"https:\/\/www.newyorkhipknee.com\/es\/wp-json\/wp\/v2\/users\/7"}],"replies":[{"embeddable":true,"href":"https:\/\/www.newyorkhipknee.com\/es\/wp-json\/wp\/v2\/comments?post=16749"}],"version-history":[{"count":0,"href":"https:\/\/www.newyorkhipknee.com\/es\/wp-json\/wp\/v2\/pages\/16749\/revisions"}],"up":[{"embeddable":true,"href":"https:\/\/www.newyorkhipknee.com\/es\/wp-json\/wp\/v2\/pages\/16872"}],"wp:attachment":[{"href":"https:\/\/www.newyorkhipknee.com\/es\/wp-json\/wp\/v2\/media?parent=16749"}],"curies":[{"name":"wp","href":"https:\/\/api.w.org\/{rel}","templated":true}]}}