{"id":16750,"date":"2021-10-28T05:08:38","date_gmt":"2021-10-28T09:08:38","guid":{"rendered":"https:\/\/newyorkhipknee.com\/protesis-total-de-cadera\/dolor-y-tratamiento-de-la-cadera-parte-4-de-4\/"},"modified":"2021-10-28T05:08:38","modified_gmt":"2021-10-28T09:08:38","slug":"dolor-y-tratamiento-de-la-cadera-parte-4-de-4","status":"publish","type":"page","link":"https:\/\/www.newyorkhipknee.com\/es\/protesis-total-de-cader\/dolor-y-tratamiento-de-la-cadera-parte-4-de-4\/","title":{"rendered":"Dolor y tratamiento de la cadera &#8211; Parte 4 de 4"},"content":{"rendered":"<p>Al igual que otros tipos de cirug\u00eda ortop\u00e9dica, la cirug\u00eda de cadera ha avanzado a pasos agigantados en la \u00faltima d\u00e9cada, ya que las mejoras tanto en las t\u00e9cnicas como en la tecnolog\u00eda han dado lugar a cirug\u00edas menos invasivas y que producen menos molestias, as\u00ed como un menor tiempo de recuperaci\u00f3n.<\/p>\n<p>Todo ello son buenas noticias para los pacientes, que se benefician de los resultados superiores que consiguen estas t\u00e9cnicas. En esta \u00faltima parte de nuestra serie de cuatro partes sobre problemas de cadera, repasaremos s\u00f3lo algunas de las opciones quir\u00fargicas m\u00e1s avanzadas de hoy en d\u00eda para aliviar el dolor de cadera y restablecer la funci\u00f3n articular.<\/p>\n<h2>En primer lugar, la artroscopia: El abordaje m\u00ednimamente invasivo<\/h2>\n<p>Aunque se utiliz\u00f3 por primera vez a principios<sup>del<\/sup> siglo XX para \u00abver\u00bb el interior de una articulaci\u00f3n, la artroscopia ha cobrado protagonismo en los \u00faltimos a\u00f1os como t\u00e9cnica vers\u00e1til.<\/p>\n<p>Se utiliza no s\u00f3lo para diagnosticar problemas articulares, sino tambi\u00e9n para tratar muchos tipos de lesiones articulares, como desgarros del labrum, pinzamiento femoroacetabular (FAI), infecciones articulares, fragmentos \u00f3seos y displasia (malformaci\u00f3n o desalineaci\u00f3n de la parte de la articulaci\u00f3n que corresponde a la cavidad).<\/p>\n<div id=\"attachment_9721\" style=\"width: 510px\" class=\"wp-caption aligncenter\"><img loading=\"lazy\" decoding=\"async\" aria-describedby=\"caption-attachment-9721\" class=\"wp-image-9721\" title=\"Cabeza femoral respetada 2\" src=\"https:\/\/newyorkhipknee.com\/wp-content\/uploads\/2021\/11\/Respected-femoral-head-2.jpg\" alt=\"Cabeza femoral respetada 2\" width=\"500\" height=\"667\" srcset=\"https:\/\/newyorkhipknee.com\/wp-content\/uploads\/2021\/11\/Respected-femoral-head-2.jpg 500w, https:\/\/newyorkhipknee.com\/wp-content\/uploads\/2021\/11\/Respected-femoral-head-2-480x640.jpg 480w\" sizes=\"(min-width: 0px) and (max-width: 480px) 480px, (min-width: 481px) 500px, 100vw\" \/><p id=\"caption-attachment-9721\" class=\"wp-caption-text\">Cabeza femoral respetada 2<\/p><\/div>\n<p>La artroscopia se realiza bajo anestesia general utilizando tracci\u00f3n para separar suavemente los componentes de la articulaci\u00f3n, de modo que puedan introducirse instrumentos especiales en la articulaci\u00f3n a trav\u00e9s de incisiones muy peque\u00f1as para realizar reparaciones.<\/p>\n<p>El artroscopio est\u00e1 equipado con una c\u00e1mara que permite transmitir im\u00e1genes en tiempo real a un monitor para su visualizaci\u00f3n. Al utilizar incisiones muy peque\u00f1as, la cirug\u00eda artrosc\u00f3pica se asocia a muy pocas complicaciones y a tiempos de recuperaci\u00f3n m\u00e1s r\u00e1pidos en comparaci\u00f3n con los procedimientos que utilizan incisiones grandes.<\/p>\n<h2>Pr\u00f3tesis anterior de cadera: Recuperaci\u00f3n m\u00e1s r\u00e1pida, menos molestias<\/h2>\n<p>Uno de los mayores avances en la <a href=\"https:\/\/newyorkhipknee.com\/faqs\/joint-replacement-faqs\/\">cirug\u00eda de pr\u00f3tesis articular<\/a> se conoce como abordaje anterior de la cirug\u00eda de pr\u00f3tesis de cadera. En esta t\u00e9cnica, la articulaci\u00f3n de la cadera accede por delante en lugar de por detr\u00e1s, o posterior.<\/p>\n<div id=\"attachment_9724\" style=\"width: 510px\" class=\"wp-caption aligncenter\"><img loading=\"lazy\" decoding=\"async\" aria-describedby=\"caption-attachment-9724\" class=\"wp-image-9724\" title=\"Copa de pr\u00f3tesis de cadera\" src=\"https:\/\/newyorkhipknee.com\/wp-content\/uploads\/2021\/11\/Cup-hip-replacement-1.jpg\" alt=\"Copa de pr\u00f3tesis de cadera  \" width=\"500\" height=\"375\" srcset=\"https:\/\/newyorkhipknee.com\/wp-content\/uploads\/2021\/11\/Cup-hip-replacement-1.jpg 500w, https:\/\/newyorkhipknee.com\/wp-content\/uploads\/2021\/11\/Cup-hip-replacement-1-480x360.jpg 480w\" sizes=\"(min-width: 0px) and (max-width: 480px) 480px, (min-width: 481px) 500px, 100vw\" \/><p id=\"caption-attachment-9724\" class=\"wp-caption-text\">Copa de pr\u00f3tesis de cadera<\/p><\/div>\n<p>El abordaje frontal permite al cirujano desplazar los m\u00fasculos suprayacentes hacia un lado para acceder a la articulaci\u00f3n y sustituirla, en lugar de cortar el tejido muscular.<\/p>\n<p>El resultado es menos molestias durante la recuperaci\u00f3n, as\u00ed como un proceso de recuperaci\u00f3n mucho m\u00e1s r\u00e1pido. El abordaje anterior puede aplicarse en muchos casos en los que antes el abordaje posterior era la \u00fanica opci\u00f3n.<\/p>\n<h2>Cirug\u00eda asistida por robot<\/h2>\n<p>Puede sonar a ciencia ficci\u00f3n. Pero antes de que te imagines a Robbie el Robot en bata quir\u00fargica, debes saber que la \u00ab<a href=\"https:\/\/newyorkhipknee.com\/hip-replacement-surgery\/makoplasty-anterior-hip-replacement\/\">asistencia\u00bb<\/a>es una parte importante de esta t\u00e9cnica. De hecho, el cirujano sigue realizando el procedimiento quir\u00fargico, pero la tecnolog\u00eda rob\u00f3tica mejora la precisi\u00f3n.<\/p>\n<p>La tecnolog\u00eda rob\u00f3tica permite al cirujano planificar la intervenci\u00f3n con mucha m\u00e1s precisi\u00f3n y exactitud. Esto se traduce en menos complicaciones, una recuperaci\u00f3n m\u00e1s r\u00e1pida y menos molestias para muchos pacientes.<\/p>\n<div id=\"attachment_9723\" style=\"width: 510px\" class=\"wp-caption aligncenter\"><img loading=\"lazy\" decoding=\"async\" aria-describedby=\"caption-attachment-9723\" class=\"wp-image-9723\" title=\"Copa de pr\u00f3tesis de cadera\" src=\"https:\/\/newyorkhipknee.com\/wp-content\/uploads\/2021\/11\/Cup-hip-replacement-2.jpg\" alt=\"Copa de pr\u00f3tesis de cadera  \" width=\"500\" height=\"375\" srcset=\"https:\/\/newyorkhipknee.com\/wp-content\/uploads\/2021\/11\/Cup-hip-replacement-2.jpg 500w, https:\/\/newyorkhipknee.com\/wp-content\/uploads\/2021\/11\/Cup-hip-replacement-2-480x360.jpg 480w\" sizes=\"(min-width: 0px) and (max-width: 480px) 480px, (min-width: 481px) 500px, 100vw\" \/><p id=\"caption-attachment-9723\" class=\"wp-caption-text\">Copa de pr\u00f3tesis de cadera<\/p><\/div>\n<h2>Mejoras en los planteamientos tradicionales<\/h2>\n<p>&nbsp;<\/p>\n<p>Estos tres avances han mejorado significativamente los resultados de los pacientes, adem\u00e1s de reducir las tasas de complicaciones y acortar los tiempos de recuperaci\u00f3n; pero, \u00bfqu\u00e9 ocurre si su problema de cadera requiere un abordaje quir\u00fargico tradicional? No se preocupe: incluso las cirug\u00edas tradicionales de cadera se benefician de los avances en las t\u00e9cnicas.<\/p>\n<div id=\"attachment_9716\" style=\"width: 510px\" class=\"wp-caption aligncenter\"><img loading=\"lazy\" decoding=\"async\" aria-describedby=\"caption-attachment-9716\" class=\"wp-image-9716\" title=\"Pr\u00f3tesis de cadera de doble movilidad\" src=\"https:\/\/newyorkhipknee.com\/wp-content\/uploads\/2021\/11\/Dual-mobility-hip-replacement-1.jpg\" alt=\"Pr\u00f3tesis de cadera de doble movilidad\" width=\"500\" height=\"667\" srcset=\"https:\/\/newyorkhipknee.com\/wp-content\/uploads\/2021\/11\/Dual-mobility-hip-replacement-1.jpg 500w, https:\/\/newyorkhipknee.com\/wp-content\/uploads\/2021\/11\/Dual-mobility-hip-replacement-1-480x640.jpg 480w\" sizes=\"(min-width: 0px) and (max-width: 480px) 480px, (min-width: 481px) 500px, 100vw\" \/><p id=\"caption-attachment-9716\" class=\"wp-caption-text\">Pr\u00f3tesis de cadera de doble movilidad<\/p><\/div>\n<p>Tambi\u00e9n se beneficia de las mejoras en los componentes articulares y las t\u00e9cnicas de rehabilitaci\u00f3n posquir\u00fargica. Esto significa que puede seguir disfrutando de mejores resultados y de una recuperaci\u00f3n m\u00e1s r\u00e1pida y c\u00f3moda.<\/p>\n<p>En nuestra consulta, s\u00f3lo utilizamos los m\u00e9todos quir\u00fargicos m\u00e1s seguros, eficaces y adecuados del estado de la t\u00e9cnica. Se basa en una evaluaci\u00f3n completa y exhaustiva de la articulaci\u00f3n para garantizar que cada paciente reciba la mejor atenci\u00f3n.<\/p>\n<div class=\"mceTemp\"><\/div>\n<div id=\"attachment_9717\" style=\"width: 510px\" class=\"wp-caption aligncenter\"><img loading=\"lazy\" decoding=\"async\" aria-describedby=\"caption-attachment-9717\" class=\"wp-image-9717\" title=\"Pr\u00f3tesis de cadera de doble movilidad 1\" src=\"https:\/\/newyorkhipknee.com\/wp-content\/uploads\/2021\/11\/Dual-mobility-hip-replacement-3.jpg\" alt=\"Pr\u00f3tesis de cadera de doble movilidad  \" width=\"500\" height=\"667\" srcset=\"https:\/\/newyorkhipknee.com\/wp-content\/uploads\/2021\/11\/Dual-mobility-hip-replacement-3.jpg 500w, https:\/\/newyorkhipknee.com\/wp-content\/uploads\/2021\/11\/Dual-mobility-hip-replacement-3-480x640.jpg 480w\" sizes=\"(min-width: 0px) and (max-width: 480px) 480px, (min-width: 481px) 500px, 100vw\" \/><p id=\"caption-attachment-9717\" class=\"wp-caption-text\">Pr\u00f3tesis de cadera de doble movilidad<\/p><\/div>\n<p>&nbsp;<\/p>\n<p>Gracias por leer nuestra serie de cuatro partes sobre problemas de cadera. Para obtener m\u00e1s informaci\u00f3n sobre problemas de cadera o rodilla, procedimientos de sustituci\u00f3n articular u otras cuestiones ortop\u00e9dicas, suscr\u00edbase a nuestro blog.<\/p>\n<p>Y si usted est\u00e1 experimentando dolor de cadera, llame a nuestra oficina hoy en (516) 735-4032 y programar una evaluaci\u00f3n. Conozca todas las opciones para llevar una vida m\u00e1s c\u00f3moda, m\u00e1s m\u00f3vil y m\u00e1s agradable.<\/p>\n<p>(Ver <a href=\"https:\/\/newyorkhipknee.com\/hip-replacement-surgery\/hip-pain-treatment-part-1-of-4\/\">Parte 1<\/a> y <a href=\"https:\/\/newyorkhipknee.com\/hip-replacement-surgery\/hip-pain-treatment-part-2-of-4\/\">parte 2<\/a> y <a href=\"https:\/\/newyorkhipknee.com\/hip-replacement-surgery\/hip-pain-treatment-part-3-of-4\/\">parte 3<\/a>)<\/p>\n<h3>Programe su visita inicial<\/h3>\n<div align=\"center\"><a class=\"livesite-schedule\" href=\"https:\/\/live.vcita.com\/site\/nyhipknee\/online-scheduling?staff=sbuvrwlyhlcvxsjv\" target=\"blank\" rel=\"noopener\" data-staff=\"b69585d231f6813d\"><br \/>\n<img decoding=\"async\" title=\"Programar ahora\" src=\"\/wp-content\/uploads\/2016\/02\/karkare-calendar.png\" alt=\"Programar ahora\" border=\"0\"><\/a><\/div>\n","protected":false},"excerpt":{"rendered":"<p>Al igual que otros tipos de cirug\u00eda ortop\u00e9dica, la cirug\u00eda de cadera ha avanzado a pasos agigantados en la \u00faltima d\u00e9cada, ya que las mejoras tanto en las t\u00e9cnicas como en la tecnolog\u00eda han dado lugar a cirug\u00edas menos invasivas y que producen menos molestias, as\u00ed como un menor tiempo de recuperaci\u00f3n. Todo ello son [&hellip;]<\/p>\n","protected":false},"author":15,"featured_media":0,"parent":16419,"menu_order":0,"comment_status":"closed","ping_status":"closed","template":"","meta":{"_et_pb_use_builder":"","_et_pb_old_content":"","_et_gb_content_width":"","footnotes":""},"class_list":["post-16750","page","type-page","status-publish","hentry"],"yoast_head":"<!-- This site is optimized with the Yoast SEO plugin v27.2 - https:\/\/yoast.com\/product\/yoast-seo-wordpress\/ -->\n<title>Dolor y tratamiento de la cadera - Parte 4 de 4 | Best Hip &amp; Knee Surgeon | NY, USA<\/title>\n<meta name=\"description\" content=\"Al igual que otros tipos de cirug\u00eda ortop\u00e9dica, la cirug\u00eda de cadera ha avanzado a pasos agigantados en la \u00faltima d\u00e9cada, ya que las mejoras tanto en las t\u00e9cnicas como en la tecnolog\u00eda han dado lugar a cirug\u00edas menos invasivas y que producen menos molestias, as\u00ed como un menor tiempo de recuperaci\u00f3n.\" \/>\n<meta name=\"robots\" content=\"index, follow, max-snippet:-1, max-image-preview:large, max-video-preview:-1\" \/>\n<link rel=\"canonical\" href=\"https:\/\/www.newyorkhipknee.com\/es\/protesis-total-de-cader\/dolor-y-tratamiento-de-la-cadera-parte-4-de-4\/\" \/>\n<meta property=\"og:locale\" content=\"es_ES\" \/>\n<meta property=\"og:type\" content=\"article\" \/>\n<meta property=\"og:title\" content=\"Dolor y tratamiento de la cadera - Parte 4 de 4 | Best Hip &amp; Knee Surgeon | NY, USA\" \/>\n<meta property=\"og:description\" content=\"Al igual que otros tipos de cirug\u00eda ortop\u00e9dica, la cirug\u00eda de cadera ha avanzado a pasos agigantados en la \u00faltima d\u00e9cada, ya que las mejoras tanto en las t\u00e9cnicas como en la tecnolog\u00eda han dado lugar a cirug\u00edas menos invasivas y que producen menos molestias, as\u00ed como un menor tiempo de recuperaci\u00f3n.\" \/>\n<meta property=\"og:url\" content=\"https:\/\/www.newyorkhipknee.com\/es\/protesis-total-de-cader\/dolor-y-tratamiento-de-la-cadera-parte-4-de-4\/\" \/>\n<meta property=\"og:site_name\" content=\"Best Hip &amp; Knee Surgeon | NY, USA\" \/>\n<meta property=\"og:image\" content=\"https:\/\/newyorkhipknee.com\/wp-content\/uploads\/2021\/11\/Respected-femoral-head-2.jpg\" \/>\n<meta name=\"twitter:card\" content=\"summary_large_image\" \/>\n<meta name=\"twitter:label1\" content=\"Tiempo de lectura\" \/>\n\t<meta name=\"twitter:data1\" content=\"4 minutos\" \/>\n<script type=\"application\/ld+json\" class=\"yoast-schema-graph\">{\"@context\":\"https:\/\/schema.org\",\"@graph\":[{\"@type\":[\"WebPage\",\"MedicalWebPage\"],\"@id\":\"https:\/\/www.newyorkhipknee.com\/es\/protesis-total-de-cader\/dolor-y-tratamiento-de-la-cadera-parte-4-de-4\/\",\"url\":\"https:\/\/www.newyorkhipknee.com\/es\/protesis-total-de-cader\/dolor-y-tratamiento-de-la-cadera-parte-4-de-4\/\",\"name\":\"Dolor y tratamiento de la cadera - Parte 4 de 4 | Best Hip &amp; Knee Surgeon | NY, USA\",\"isPartOf\":{\"@id\":\"https:\/\/www.newyorkhipknee.com\/es\/#website\"},\"primaryImageOfPage\":{\"@id\":\"https:\/\/www.newyorkhipknee.com\/es\/protesis-total-de-cader\/dolor-y-tratamiento-de-la-cadera-parte-4-de-4\/#primaryimage\"},\"image\":{\"@id\":\"https:\/\/www.newyorkhipknee.com\/es\/protesis-total-de-cader\/dolor-y-tratamiento-de-la-cadera-parte-4-de-4\/#primaryimage\"},\"thumbnailUrl\":\"https:\/\/newyorkhipknee.com\/wp-content\/uploads\/2021\/11\/Respected-femoral-head-2.jpg\",\"datePublished\":\"2021-10-28T09:08:38+00:00\",\"description\":\"Al igual que otros tipos de cirug\u00eda ortop\u00e9dica, la cirug\u00eda de cadera ha avanzado a pasos agigantados en la \u00faltima d\u00e9cada, ya que las mejoras tanto en las t\u00e9cnicas como en la tecnolog\u00eda han dado lugar a cirug\u00edas menos invasivas y que producen menos molestias, as\u00ed como un menor tiempo de recuperaci\u00f3n.\",\"breadcrumb\":{\"@id\":\"https:\/\/www.newyorkhipknee.com\/es\/protesis-total-de-cader\/dolor-y-tratamiento-de-la-cadera-parte-4-de-4\/#breadcrumb\"},\"inLanguage\":\"es\",\"potentialAction\":[{\"@type\":\"ReadAction\",\"target\":[\"https:\/\/www.newyorkhipknee.com\/es\/protesis-total-de-cader\/dolor-y-tratamiento-de-la-cadera-parte-4-de-4\/\"]}]},{\"@type\":\"ImageObject\",\"inLanguage\":\"es\",\"@id\":\"https:\/\/www.newyorkhipknee.com\/es\/protesis-total-de-cader\/dolor-y-tratamiento-de-la-cadera-parte-4-de-4\/#primaryimage\",\"url\":\"https:\/\/newyorkhipknee.com\/wp-content\/uploads\/2021\/11\/Respected-femoral-head-2.jpg\",\"contentUrl\":\"https:\/\/newyorkhipknee.com\/wp-content\/uploads\/2021\/11\/Respected-femoral-head-2.jpg\"},{\"@type\":\"BreadcrumbList\",\"@id\":\"https:\/\/www.newyorkhipknee.com\/es\/protesis-total-de-cader\/dolor-y-tratamiento-de-la-cadera-parte-4-de-4\/#breadcrumb\",\"itemListElement\":[{\"@type\":\"ListItem\",\"position\":1,\"name\":\"Home\",\"item\":\"https:\/\/www.newyorkhipknee.com\/es\/\"},{\"@type\":\"ListItem\",\"position\":2,\"name\":\"Pr\u00f3tesis total de cadera\",\"item\":\"https:\/\/www.newyorkhipknee.com\/es\/protesis-total-de-cader\/\"},{\"@type\":\"ListItem\",\"position\":3,\"name\":\"Dolor y tratamiento de la cadera &#8211; Parte 4 de 4\"}]},{\"@type\":\"WebSite\",\"@id\":\"https:\/\/www.newyorkhipknee.com\/es\/#website\",\"url\":\"https:\/\/www.newyorkhipknee.com\/es\/\",\"name\":\"Best Hip & Knee Surgeon | NY, USA\",\"description\":\"\",\"potentialAction\":[{\"@type\":\"SearchAction\",\"target\":{\"@type\":\"EntryPoint\",\"urlTemplate\":\"https:\/\/www.newyorkhipknee.com\/es\/?s={search_term_string}\"},\"query-input\":{\"@type\":\"PropertyValueSpecification\",\"valueRequired\":true,\"valueName\":\"search_term_string\"}}],\"inLanguage\":\"es\"}]}<\/script>\n<!-- \/ Yoast SEO plugin. -->","yoast_head_json":{"title":"Dolor y tratamiento de la cadera - Parte 4 de 4 | Best Hip &amp; Knee Surgeon | NY, USA","description":"Al igual que otros tipos de cirug\u00eda ortop\u00e9dica, la cirug\u00eda de cadera ha avanzado a pasos agigantados en la \u00faltima d\u00e9cada, ya que las mejoras tanto en las t\u00e9cnicas como en la tecnolog\u00eda han dado lugar a cirug\u00edas menos invasivas y que producen menos molestias, as\u00ed como un menor tiempo de recuperaci\u00f3n.","robots":{"index":"index","follow":"follow","max-snippet":"max-snippet:-1","max-image-preview":"max-image-preview:large","max-video-preview":"max-video-preview:-1"},"canonical":"https:\/\/www.newyorkhipknee.com\/es\/protesis-total-de-cader\/dolor-y-tratamiento-de-la-cadera-parte-4-de-4\/","og_locale":"es_ES","og_type":"article","og_title":"Dolor y tratamiento de la cadera - Parte 4 de 4 | Best Hip &amp; Knee Surgeon | NY, USA","og_description":"Al igual que otros tipos de cirug\u00eda ortop\u00e9dica, la cirug\u00eda de cadera ha avanzado a pasos agigantados en la \u00faltima d\u00e9cada, ya que las mejoras tanto en las t\u00e9cnicas como en la tecnolog\u00eda han dado lugar a cirug\u00edas menos invasivas y que producen menos molestias, as\u00ed como un menor tiempo de recuperaci\u00f3n.","og_url":"https:\/\/www.newyorkhipknee.com\/es\/protesis-total-de-cader\/dolor-y-tratamiento-de-la-cadera-parte-4-de-4\/","og_site_name":"Best Hip &amp; Knee Surgeon | NY, USA","og_image":[{"url":"https:\/\/newyorkhipknee.com\/wp-content\/uploads\/2021\/11\/Respected-femoral-head-2.jpg","type":"","width":"","height":""}],"twitter_card":"summary_large_image","twitter_misc":{"Tiempo de lectura":"4 minutos"},"schema":{"@context":"https:\/\/schema.org","@graph":[{"@type":["WebPage","MedicalWebPage"],"@id":"https:\/\/www.newyorkhipknee.com\/es\/protesis-total-de-cader\/dolor-y-tratamiento-de-la-cadera-parte-4-de-4\/","url":"https:\/\/www.newyorkhipknee.com\/es\/protesis-total-de-cader\/dolor-y-tratamiento-de-la-cadera-parte-4-de-4\/","name":"Dolor y tratamiento de la cadera - Parte 4 de 4 | Best Hip &amp; Knee Surgeon | NY, USA","isPartOf":{"@id":"https:\/\/www.newyorkhipknee.com\/es\/#website"},"primaryImageOfPage":{"@id":"https:\/\/www.newyorkhipknee.com\/es\/protesis-total-de-cader\/dolor-y-tratamiento-de-la-cadera-parte-4-de-4\/#primaryimage"},"image":{"@id":"https:\/\/www.newyorkhipknee.com\/es\/protesis-total-de-cader\/dolor-y-tratamiento-de-la-cadera-parte-4-de-4\/#primaryimage"},"thumbnailUrl":"https:\/\/newyorkhipknee.com\/wp-content\/uploads\/2021\/11\/Respected-femoral-head-2.jpg","datePublished":"2021-10-28T09:08:38+00:00","description":"Al igual que otros tipos de cirug\u00eda ortop\u00e9dica, la cirug\u00eda de cadera ha avanzado a pasos agigantados en la \u00faltima d\u00e9cada, ya que las mejoras tanto en las t\u00e9cnicas como en la tecnolog\u00eda han dado lugar a cirug\u00edas menos invasivas y que producen menos molestias, as\u00ed como un menor tiempo de recuperaci\u00f3n.","breadcrumb":{"@id":"https:\/\/www.newyorkhipknee.com\/es\/protesis-total-de-cader\/dolor-y-tratamiento-de-la-cadera-parte-4-de-4\/#breadcrumb"},"inLanguage":"es","potentialAction":[{"@type":"ReadAction","target":["https:\/\/www.newyorkhipknee.com\/es\/protesis-total-de-cader\/dolor-y-tratamiento-de-la-cadera-parte-4-de-4\/"]}]},{"@type":"ImageObject","inLanguage":"es","@id":"https:\/\/www.newyorkhipknee.com\/es\/protesis-total-de-cader\/dolor-y-tratamiento-de-la-cadera-parte-4-de-4\/#primaryimage","url":"https:\/\/newyorkhipknee.com\/wp-content\/uploads\/2021\/11\/Respected-femoral-head-2.jpg","contentUrl":"https:\/\/newyorkhipknee.com\/wp-content\/uploads\/2021\/11\/Respected-femoral-head-2.jpg"},{"@type":"BreadcrumbList","@id":"https:\/\/www.newyorkhipknee.com\/es\/protesis-total-de-cader\/dolor-y-tratamiento-de-la-cadera-parte-4-de-4\/#breadcrumb","itemListElement":[{"@type":"ListItem","position":1,"name":"Home","item":"https:\/\/www.newyorkhipknee.com\/es\/"},{"@type":"ListItem","position":2,"name":"Pr\u00f3tesis total de cadera","item":"https:\/\/www.newyorkhipknee.com\/es\/protesis-total-de-cader\/"},{"@type":"ListItem","position":3,"name":"Dolor y tratamiento de la cadera &#8211; Parte 4 de 4"}]},{"@type":"WebSite","@id":"https:\/\/www.newyorkhipknee.com\/es\/#website","url":"https:\/\/www.newyorkhipknee.com\/es\/","name":"Best Hip & Knee Surgeon | NY, USA","description":"","potentialAction":[{"@type":"SearchAction","target":{"@type":"EntryPoint","urlTemplate":"https:\/\/www.newyorkhipknee.com\/es\/?s={search_term_string}"},"query-input":{"@type":"PropertyValueSpecification","valueRequired":true,"valueName":"search_term_string"}}],"inLanguage":"es"}]}},"_links":{"self":[{"href":"https:\/\/www.newyorkhipknee.com\/es\/wp-json\/wp\/v2\/pages\/16750","targetHints":{"allow":["GET"]}}],"collection":[{"href":"https:\/\/www.newyorkhipknee.com\/es\/wp-json\/wp\/v2\/pages"}],"about":[{"href":"https:\/\/www.newyorkhipknee.com\/es\/wp-json\/wp\/v2\/types\/page"}],"author":[{"embeddable":true,"href":"https:\/\/www.newyorkhipknee.com\/es\/wp-json\/wp\/v2\/users\/15"}],"replies":[{"embeddable":true,"href":"https:\/\/www.newyorkhipknee.com\/es\/wp-json\/wp\/v2\/comments?post=16750"}],"version-history":[{"count":0,"href":"https:\/\/www.newyorkhipknee.com\/es\/wp-json\/wp\/v2\/pages\/16750\/revisions"}],"up":[{"embeddable":true,"href":"https:\/\/www.newyorkhipknee.com\/es\/wp-json\/wp\/v2\/pages\/16419"}],"wp:attachment":[{"href":"https:\/\/www.newyorkhipknee.com\/es\/wp-json\/wp\/v2\/media?parent=16750"}],"curies":[{"name":"wp","href":"https:\/\/api.w.org\/{rel}","templated":true}]}}