{"id":16751,"date":"2021-10-29T19:15:58","date_gmt":"2021-10-29T23:15:58","guid":{"rendered":"https:\/\/newyorkhipknee.com\/protesis-total-de-cadera\/la-infeccion-por-hepatitis-c-no-afecto-a-los-resultados-tras-la-artroplastia-total-de-cadera\/"},"modified":"2021-10-29T19:15:58","modified_gmt":"2021-10-29T23:15:58","slug":"la-infeccion-por-hepatitis-c-no-afecto-a-los-resultados-tras-la-artroplastia-total-de-cadera","status":"publish","type":"page","link":"https:\/\/www.newyorkhipknee.com\/es\/protesis-total-de-cader\/la-infeccion-por-hepatitis-c-no-afecto-a-los-resultados-tras-la-artroplastia-total-de-cadera\/","title":{"rendered":"La infecci\u00f3n por hepatitis C no afect\u00f3 a los resultados tras la artroplastia total de cadera"},"content":{"rendered":"<p>Los resultados cl\u00ednicos y comunicados por los pacientes tras la <a href=\"https:\/\/newyorkhipknee.com\/ca-en\/total-hip-replacement\/\">artroplastia total de cadera<\/a> en pacientes con hepatitis C cr\u00f3nica fueron comparables a los resultados de los pacientes sin la infecci\u00f3n en un seguimiento medio de 6 a\u00f1os. As\u00ed lo afirma un ponente en la Reuni\u00f3n Anual de la Academia Americana de Cirujanos Ortop\u00e9dicos.<\/p>\n<p>\u00abLa hepatitis C puede afectar aproximadamente al 3% de los pacientes ortop\u00e9dicos. Muchos de los cuales se someten a una artroplastia total de articulaci\u00f3n\u00bb, afirm\u00f3 Samik Banerjee, MBBS, MS, MRCS, (Glasg), del Departamento de Cirug\u00eda Ortop\u00e9dica y Centro de Preservaci\u00f3n y Sustituci\u00f3n Articular del Instituto Rubin de Ortopedia Avanzada y el Hospital Sina\u00ed de Baltimore. Sin embargo, son escasos los informes sobre los resultados de la artroplastia total de cadera primaria en pacientes con hepatitis C.<\/p>\n<h3>Supervivencia de implantes similares<\/h3>\n<p>Banerjee y sus colegas compararon los resultados cl\u00ednicos y notificados por los pacientes de 49 pacientes (54 caderas) que se sometieron a una artroplastia total de cadera (ATC) primaria con una cohorte emparejada de 148 ATC en pacientes sin hepatitis C. Todos los pacientes se sometieron a ATC entre 2002 y 2011.<\/p>\n<p>Entre los pacientes con hepatitis C hab\u00eda 10 mujeres y 39 hombres con una edad media de 57 a\u00f1os. El seguimiento medio fue de 6 a\u00f1os, y la causa subyacente de la enfermedad de cadera fue artrosis terminal en 49 caderas y necrosis avascular en cinco. Los pacientes fueron emparejados seg\u00fan la edad, el sexo, el \u00edndice de masa corporal, la causa de la enfermedad de cadera y la duraci\u00f3n media del seguimiento.<\/p>\n<p>La supervivencia global del implante fue estad\u00edsticamente similar entre los grupos: 98% en los pacientes con hepatitis C y 98,5% en el grupo de control emparejado. \u00abEl grupo de hepatitis C tuvo una revisi\u00f3n as\u00e9ptica, mientras que la cohorte emparejada tuvo dos revisiones durante este periodo\u00bb, dijo Banerjee durante su presentaci\u00f3n.<\/p>\n<p>Los investigadores tampoco hallaron diferencias entre los grupos en la puntuaci\u00f3n Harris postoperatoria de la cadera, con una mejora hasta una media de 89 puntos en los pacientes con hepatitis C y una mejora hasta una media de 90 puntos en el grupo de comparaci\u00f3n.<\/p>\n<h3>Infecci\u00f3n superficial, hematoma<\/h3>\n<p>Banerjee y sus colegas tampoco informaron de diferencias significativas en la tasa de complicaciones entre los grupos, pero en el grupo de hepatitis C, \u00e9l y sus colegas encontraron una infecci\u00f3n superficial y dos casos de hematoma en la herida. Adem\u00e1s, no encontraron diferencias en las puntuaciones de los componentes f\u00edsico y mental de la SF-36 ni en las puntuaciones de actividad de la UCLA.<\/p>\n<p>La evaluaci\u00f3n radiogr\u00e1fica postoperatoria no revel\u00f3 mala alineaci\u00f3n del componente, radiolucencias progresivas sintom\u00e1ticas, cambios en la posici\u00f3n del componente ni hundimiento del implante.<\/p>\n<p>\u00abA partir de nuestro estudio, podemos acordar  [with previously published data]  que no hay diferencias en la supervivencia del implante as\u00e9ptico, los niveles de actividad o los resultados funcionales tras la ATC\u00bb. Banerjee dijo: \u00abCreemos que los antecedentes de hepatitis C cr\u00f3nica por s\u00ed solos pueden no predecir resultados cl\u00ednicos inferiores. Tambi\u00e9n creemos que son necesarios m\u00e1s estudios prospectivos para evaluar mejor estos resultados.\u00bb<\/p>\n<p><span class=\"textMainBold\">Fuente:<\/span> <a href=\"https:\/\/www.healio.com\/\"> Healio<\/a><\/p>\n<p class=\"textMainBold\">\n<h3>Programe su visita inicial<\/h3>\n<div align=\"center\"><a class=\"livesite-schedule\" href=\"https:\/\/live.vcita.com\/site\/nyhipknee\/online-scheduling?staff=sbuvrwlyhlcvxsjv\" target=\"blank\" rel=\"noopener\" data-staff=\"b69585d231f6813d\"><br \/>\n<img decoding=\"async\" title=\"Programar ahora\" src=\"\/wp-content\/uploads\/2016\/02\/karkare-calendar.png\" alt=\"Programar ahora\" border=\"0\"><\/a><\/div>\n","protected":false},"excerpt":{"rendered":"<p>Los resultados cl\u00ednicos y comunicados por los pacientes tras la artroplastia total de cadera en pacientes con hepatitis C cr\u00f3nica fueron comparables a los resultados de los pacientes sin la infecci\u00f3n en un seguimiento medio de 6 a\u00f1os. As\u00ed lo afirma un ponente en la Reuni\u00f3n Anual de la Academia Americana de Cirujanos Ortop\u00e9dicos. \u00abLa [&hellip;]<\/p>\n","protected":false},"author":15,"featured_media":0,"parent":16419,"menu_order":0,"comment_status":"closed","ping_status":"closed","template":"","meta":{"_et_pb_use_builder":"","_et_pb_old_content":"","_et_gb_content_width":"","footnotes":""},"class_list":["post-16751","page","type-page","status-publish","hentry"],"yoast_head":"<!-- This site is optimized with the Yoast SEO plugin v27.2 - https:\/\/yoast.com\/product\/yoast-seo-wordpress\/ -->\n<title>Dr. Nakul Karkare | NY, EE.UU.: Infecci\u00f3n por hepatitis C<\/title>\n<meta name=\"description\" content=\"Los resultados cl\u00ednicos y comunicados por los pacientes tras la artroplastia total de cadera en pacientes con hepatitis C cr\u00f3nica fueron comparables a los resultados de los pacientes sin la infecci\u00f3n en un seguimiento medio de 6 a\u00f1os.\" \/>\n<meta name=\"robots\" content=\"index, follow, max-snippet:-1, max-image-preview:large, max-video-preview:-1\" \/>\n<link rel=\"canonical\" href=\"https:\/\/www.newyorkhipknee.com\/es\/protesis-total-de-cader\/la-infeccion-por-hepatitis-c-no-afecto-a-los-resultados-tras-la-artroplastia-total-de-cadera\/\" \/>\n<meta property=\"og:locale\" content=\"es_ES\" \/>\n<meta property=\"og:type\" content=\"article\" \/>\n<meta property=\"og:title\" content=\"Dr. Nakul Karkare | NY, EE.UU.: Infecci\u00f3n por hepatitis C\" \/>\n<meta property=\"og:description\" content=\"Los resultados cl\u00ednicos y comunicados por los pacientes tras la artroplastia total de cadera en pacientes con hepatitis C cr\u00f3nica fueron comparables a los resultados de los pacientes sin la infecci\u00f3n en un seguimiento medio de 6 a\u00f1os.\" \/>\n<meta property=\"og:url\" content=\"https:\/\/www.newyorkhipknee.com\/es\/protesis-total-de-cader\/la-infeccion-por-hepatitis-c-no-afecto-a-los-resultados-tras-la-artroplastia-total-de-cadera\/\" \/>\n<meta property=\"og:site_name\" content=\"Best Hip &amp; Knee Surgeon | NY, USA\" \/>\n<meta name=\"twitter:card\" content=\"summary_large_image\" \/>\n<meta name=\"twitter:label1\" content=\"Tiempo de lectura\" \/>\n\t<meta name=\"twitter:data1\" content=\"3 minutos\" \/>\n<script type=\"application\/ld+json\" class=\"yoast-schema-graph\">{\"@context\":\"https:\/\/schema.org\",\"@graph\":[{\"@type\":[\"WebPage\",\"MedicalWebPage\"],\"@id\":\"https:\/\/www.newyorkhipknee.com\/es\/protesis-total-de-cader\/la-infeccion-por-hepatitis-c-no-afecto-a-los-resultados-tras-la-artroplastia-total-de-cadera\/\",\"url\":\"https:\/\/www.newyorkhipknee.com\/es\/protesis-total-de-cader\/la-infeccion-por-hepatitis-c-no-afecto-a-los-resultados-tras-la-artroplastia-total-de-cadera\/\",\"name\":\"Dr. Nakul Karkare | NY, EE.UU.: Infecci\u00f3n por hepatitis C\",\"isPartOf\":{\"@id\":\"https:\/\/www.newyorkhipknee.com\/es\/#website\"},\"datePublished\":\"2021-10-29T23:15:58+00:00\",\"description\":\"Los resultados cl\u00ednicos y comunicados por los pacientes tras la artroplastia total de cadera en pacientes con hepatitis C cr\u00f3nica fueron comparables a los resultados de los pacientes sin la infecci\u00f3n en un seguimiento medio de 6 a\u00f1os.\",\"breadcrumb\":{\"@id\":\"https:\/\/www.newyorkhipknee.com\/es\/protesis-total-de-cader\/la-infeccion-por-hepatitis-c-no-afecto-a-los-resultados-tras-la-artroplastia-total-de-cadera\/#breadcrumb\"},\"inLanguage\":\"es\",\"potentialAction\":[{\"@type\":\"ReadAction\",\"target\":[\"https:\/\/www.newyorkhipknee.com\/es\/protesis-total-de-cader\/la-infeccion-por-hepatitis-c-no-afecto-a-los-resultados-tras-la-artroplastia-total-de-cadera\/\"]}]},{\"@type\":\"BreadcrumbList\",\"@id\":\"https:\/\/www.newyorkhipknee.com\/es\/protesis-total-de-cader\/la-infeccion-por-hepatitis-c-no-afecto-a-los-resultados-tras-la-artroplastia-total-de-cadera\/#breadcrumb\",\"itemListElement\":[{\"@type\":\"ListItem\",\"position\":1,\"name\":\"Home\",\"item\":\"https:\/\/www.newyorkhipknee.com\/es\/\"},{\"@type\":\"ListItem\",\"position\":2,\"name\":\"Pr\u00f3tesis total de cadera\",\"item\":\"https:\/\/www.newyorkhipknee.com\/es\/protesis-total-de-cader\/\"},{\"@type\":\"ListItem\",\"position\":3,\"name\":\"La infecci\u00f3n por hepatitis C no afect\u00f3 a los resultados tras la artroplastia total de cadera\"}]},{\"@type\":\"WebSite\",\"@id\":\"https:\/\/www.newyorkhipknee.com\/es\/#website\",\"url\":\"https:\/\/www.newyorkhipknee.com\/es\/\",\"name\":\"Best Hip & Knee Surgeon | NY, USA\",\"description\":\"\",\"potentialAction\":[{\"@type\":\"SearchAction\",\"target\":{\"@type\":\"EntryPoint\",\"urlTemplate\":\"https:\/\/www.newyorkhipknee.com\/es\/?s={search_term_string}\"},\"query-input\":{\"@type\":\"PropertyValueSpecification\",\"valueRequired\":true,\"valueName\":\"search_term_string\"}}],\"inLanguage\":\"es\"}]}<\/script>\n<!-- \/ Yoast SEO plugin. -->","yoast_head_json":{"title":"Dr. Nakul Karkare | NY, EE.UU.: Infecci\u00f3n por hepatitis C","description":"Los resultados cl\u00ednicos y comunicados por los pacientes tras la artroplastia total de cadera en pacientes con hepatitis C cr\u00f3nica fueron comparables a los resultados de los pacientes sin la infecci\u00f3n en un seguimiento medio de 6 a\u00f1os.","robots":{"index":"index","follow":"follow","max-snippet":"max-snippet:-1","max-image-preview":"max-image-preview:large","max-video-preview":"max-video-preview:-1"},"canonical":"https:\/\/www.newyorkhipknee.com\/es\/protesis-total-de-cader\/la-infeccion-por-hepatitis-c-no-afecto-a-los-resultados-tras-la-artroplastia-total-de-cadera\/","og_locale":"es_ES","og_type":"article","og_title":"Dr. Nakul Karkare | NY, EE.UU.: Infecci\u00f3n por hepatitis C","og_description":"Los resultados cl\u00ednicos y comunicados por los pacientes tras la artroplastia total de cadera en pacientes con hepatitis C cr\u00f3nica fueron comparables a los resultados de los pacientes sin la infecci\u00f3n en un seguimiento medio de 6 a\u00f1os.","og_url":"https:\/\/www.newyorkhipknee.com\/es\/protesis-total-de-cader\/la-infeccion-por-hepatitis-c-no-afecto-a-los-resultados-tras-la-artroplastia-total-de-cadera\/","og_site_name":"Best Hip &amp; Knee Surgeon | NY, USA","twitter_card":"summary_large_image","twitter_misc":{"Tiempo de lectura":"3 minutos"},"schema":{"@context":"https:\/\/schema.org","@graph":[{"@type":["WebPage","MedicalWebPage"],"@id":"https:\/\/www.newyorkhipknee.com\/es\/protesis-total-de-cader\/la-infeccion-por-hepatitis-c-no-afecto-a-los-resultados-tras-la-artroplastia-total-de-cadera\/","url":"https:\/\/www.newyorkhipknee.com\/es\/protesis-total-de-cader\/la-infeccion-por-hepatitis-c-no-afecto-a-los-resultados-tras-la-artroplastia-total-de-cadera\/","name":"Dr. Nakul Karkare | NY, EE.UU.: Infecci\u00f3n por hepatitis C","isPartOf":{"@id":"https:\/\/www.newyorkhipknee.com\/es\/#website"},"datePublished":"2021-10-29T23:15:58+00:00","description":"Los resultados cl\u00ednicos y comunicados por los pacientes tras la artroplastia total de cadera en pacientes con hepatitis C cr\u00f3nica fueron comparables a los resultados de los pacientes sin la infecci\u00f3n en un seguimiento medio de 6 a\u00f1os.","breadcrumb":{"@id":"https:\/\/www.newyorkhipknee.com\/es\/protesis-total-de-cader\/la-infeccion-por-hepatitis-c-no-afecto-a-los-resultados-tras-la-artroplastia-total-de-cadera\/#breadcrumb"},"inLanguage":"es","potentialAction":[{"@type":"ReadAction","target":["https:\/\/www.newyorkhipknee.com\/es\/protesis-total-de-cader\/la-infeccion-por-hepatitis-c-no-afecto-a-los-resultados-tras-la-artroplastia-total-de-cadera\/"]}]},{"@type":"BreadcrumbList","@id":"https:\/\/www.newyorkhipknee.com\/es\/protesis-total-de-cader\/la-infeccion-por-hepatitis-c-no-afecto-a-los-resultados-tras-la-artroplastia-total-de-cadera\/#breadcrumb","itemListElement":[{"@type":"ListItem","position":1,"name":"Home","item":"https:\/\/www.newyorkhipknee.com\/es\/"},{"@type":"ListItem","position":2,"name":"Pr\u00f3tesis total de cadera","item":"https:\/\/www.newyorkhipknee.com\/es\/protesis-total-de-cader\/"},{"@type":"ListItem","position":3,"name":"La infecci\u00f3n por hepatitis C no afect\u00f3 a los resultados tras la artroplastia total de cadera"}]},{"@type":"WebSite","@id":"https:\/\/www.newyorkhipknee.com\/es\/#website","url":"https:\/\/www.newyorkhipknee.com\/es\/","name":"Best Hip & Knee Surgeon | NY, USA","description":"","potentialAction":[{"@type":"SearchAction","target":{"@type":"EntryPoint","urlTemplate":"https:\/\/www.newyorkhipknee.com\/es\/?s={search_term_string}"},"query-input":{"@type":"PropertyValueSpecification","valueRequired":true,"valueName":"search_term_string"}}],"inLanguage":"es"}]}},"_links":{"self":[{"href":"https:\/\/www.newyorkhipknee.com\/es\/wp-json\/wp\/v2\/pages\/16751","targetHints":{"allow":["GET"]}}],"collection":[{"href":"https:\/\/www.newyorkhipknee.com\/es\/wp-json\/wp\/v2\/pages"}],"about":[{"href":"https:\/\/www.newyorkhipknee.com\/es\/wp-json\/wp\/v2\/types\/page"}],"author":[{"embeddable":true,"href":"https:\/\/www.newyorkhipknee.com\/es\/wp-json\/wp\/v2\/users\/15"}],"replies":[{"embeddable":true,"href":"https:\/\/www.newyorkhipknee.com\/es\/wp-json\/wp\/v2\/comments?post=16751"}],"version-history":[{"count":0,"href":"https:\/\/www.newyorkhipknee.com\/es\/wp-json\/wp\/v2\/pages\/16751\/revisions"}],"up":[{"embeddable":true,"href":"https:\/\/www.newyorkhipknee.com\/es\/wp-json\/wp\/v2\/pages\/16419"}],"wp:attachment":[{"href":"https:\/\/www.newyorkhipknee.com\/es\/wp-json\/wp\/v2\/media?parent=16751"}],"curies":[{"name":"wp","href":"https:\/\/api.w.org\/{rel}","templated":true}]}}