{"id":16755,"date":"2013-01-30T10:16:09","date_gmt":"2013-01-30T15:16:09","guid":{"rendered":"https:\/\/newyorkhipknee.com\/protesis-total-de-cadera\/protesis-minimamente-invasiva-de-rodilla-y-cadera\/"},"modified":"2013-01-30T10:16:09","modified_gmt":"2013-01-30T15:16:09","slug":"protesis-minimamente-invasiva-de-rodilla-y-cadera","status":"publish","type":"page","link":"https:\/\/www.newyorkhipknee.com\/es\/protesis-total-de-cader\/protesis-minimamente-invasiva-de-rodilla-y-cadera\/","title":{"rendered":"Pr\u00f3tesis m\u00ednimamente invasiva de rodilla y cadera"},"content":{"rendered":"<p>En los \u00faltimos a\u00f1os, las t\u00e9cnicas quir\u00fargicas m\u00ednimamente invasivas se han impuesto en muchos \u00e1mbitos de la medicina y la asistencia m\u00e9dica, incluida la cirug\u00eda de pr\u00f3tesis articular.<\/p>\n<p>La cirug\u00eda m\u00ednimamente invasiva utiliza peque\u00f1as incisiones e instrumentos especiales para disminuir los riesgos asociados a las t\u00e9cnicas tradicionales de \u00abgran incisi\u00f3n\u00bb. Los avances en la tecnolog\u00eda de implantes tambi\u00e9n permiten a los cirujanos lograr una colocaci\u00f3n precisa de los componentes de los implantes para obtener resultados superiores.<\/p>\n<h2>\u00bfCu\u00e1les son las ventajas de la cirug\u00eda m\u00ednimamente invasiva de sustituci\u00f3n articular?<\/h2>\n<p>Al utilizar incisiones m\u00e1s peque\u00f1as, las t\u00e9cnicas quir\u00fargicas m\u00ednimamente invasivas se han relacionado con una serie de beneficios en pacientes de pr\u00f3tesis articulares, as\u00ed como en otros tipos de cirug\u00eda. En general, los pacientes de pr\u00f3tesis articulares que se tratan con t\u00e9cnicas de cirug\u00eda m\u00ednimamente invasiva:<\/p>\n<ul>\n<li>Tener periodos de recuperaci\u00f3n m\u00e1s r\u00e1pidos y menos dolorosos<\/li>\n<li>Pasan menos tiempo en el hospital y algunos pacientes regresan a casa en menos de 24 horas.<\/li>\n<li>Tienen menos p\u00e9rdidas de sangre<\/li>\n<li>Disfrute de una vuelta m\u00e1s r\u00e1pida a las actividades normales, incluidas las cotidianas y el trabajo<\/li>\n<li>Tener cicatrices m\u00e1s peque\u00f1as, normalmente de entre 3 y 5 cm de longitud en lugar de entre 10 y 12 cm.<\/li>\n<\/ul>\n<h6>Las t\u00e9cnicas m\u00ednimamente invasivas son t\u00e9cnicas de \u00abpreservaci\u00f3n tisular\u00bb. Esto significa que causan menos traumatismos tisulares, incluido un menor da\u00f1o a los m\u00fasculos y tendones que suelen apartarse o separarse cuidadosamente durante la cirug\u00eda m\u00ednimamente invasiva para llegar a la articulaci\u00f3n. Las t\u00e9cnicas quir\u00fargicas tradicionales suelen requerir incisiones en el tejido muscular, lo que provoca m\u00e1s da\u00f1o tisular y un periodo de recuperaci\u00f3n m\u00e1s largo.<\/h6>\n<p>\u00bfCu\u00e1ndo realizar una artroplastia m\u00ednimamente invasiva?<\/p>\n<p>El cirujano realiza cirug\u00eda de sustituci\u00f3n articular m\u00ednimamente invasiva para la mayor\u00eda de los tipos de necesidades de sustituci\u00f3n articular. Esto incluye la artrosis de la articulaci\u00f3n de la cadera y de la rodilla, que destruyen las superficies articulares y los componentes de la articulaci\u00f3n. Cualquier tipo de procedimiento de sustituci\u00f3n articular -m\u00ednimamente invasivo o tradicional- s\u00f3lo se considera cuando las opciones de tratamiento m\u00e1s conservadoras, como la medicaci\u00f3n y la fisioterapia, han resultado ineficaces para aliviar los s\u00edntomas, o en pacientes para los que esos enfoques m\u00e1s conservadores no son posibles o pr\u00e1cticos.<\/p>\n<h2>\u00bfC\u00f3mo realizar una sustituci\u00f3n articular m\u00ednimamente invasiva?<\/h2>\n<p>El enfoque espec\u00edfico depender\u00e1 de muchos factores, como el tipo y el alcance del da\u00f1o articular, el implante a utilizar y la propia anatom\u00eda del paciente. En t\u00e9rminos generales, la cirug\u00eda comienza con una evaluaci\u00f3n exhaustiva del paciente que incluye el diagn\u00f3stico por imagen. En algunos casos, someterse a una artroscopia diagn\u00f3stica para evaluar la articulaci\u00f3n desde dentro, utilizando un endoscopio especial denominado artroscopio, equipado con una c\u00e1mara para captar im\u00e1genes de las superficies y estructuras articulares.<\/p>\n<p>Los m\u00e9dicos tambi\u00e9n utilizan el artroscopio durante la cirug\u00eda de pr\u00f3tesis articular propiamente dicha. Este proceso transmite im\u00e1genes a un monitor para que puedan verlas mientras realizan la cirug\u00eda. Las c\u00e1maras artrosc\u00f3picas utilizan una resoluci\u00f3n muy alta y una tecnolog\u00eda de imagen avanzada para garantizar una visualizaci\u00f3n \u00f3ptima sin necesidad de realizar una gran incisi\u00f3n. La mayor\u00eda de las cirug\u00edas m\u00ednimamente invasivas utilizan dos peque\u00f1as incisiones: una para introducir el artroscopio y otra para permitir que los instrumentos quir\u00fargicos especialmente dise\u00f1ados accedan a la articulaci\u00f3n y el cirujano pueda realizar la intervenci\u00f3n quir\u00fargica propiamente dicha.<\/p>\n<p>El cirujano act\u00faa en la mayor\u00eda de los casos bajo anestesia general y la duraci\u00f3n de la intervenci\u00f3n tambi\u00e9n puede variar en funci\u00f3n de la articulaci\u00f3n que haya que sustituir.<\/p>\n<h2>\u00bfSoy un buen candidato para la cirug\u00eda m\u00ednimamente invasiva de sustituci\u00f3n articular?<\/h2>\n<p>Gracias a los avances en t\u00e9cnicas y tecnolog\u00eda m\u00ednimamente invasivas. Los m\u00e9dicos utilizan este enfoque especial en la cirug\u00eda de sustituci\u00f3n articular. Sin embargo, hay casos en los que se justifica un abordaje quir\u00fargico tradicional. Esto incluye algunas cirug\u00edas complejas o cirug\u00edas con grandes da\u00f1os en los tejidos que rodean la articulaci\u00f3n. Dado que las t\u00e9cnicas quir\u00fargicas tradicionales utilizan una incisi\u00f3n m\u00e1s grande, proporcionan un mayor acceso y visibilidad que pueden ser necesarios para procedimientos quir\u00fargicos m\u00e1s extensos.<\/p>\n<p>Antes de la intervenci\u00f3n, el cirujano evaluar\u00e1 al paciente mediante una serie de pruebas que incluyen el diagn\u00f3stico por imagen. Este proceso determinar\u00e1 si un enfoque m\u00ednimamente invasivo es la mejor opci\u00f3n, o si es m\u00e1s probable que un enfoque tradicional proporcione los mejores resultados posibles.<\/p>\n<h2>\u00bfCualquier ortopeda puede realizar pr\u00f3tesis articulares m\u00ednimamente invasivas?<\/h2>\n<p>No, el uso de t\u00e9cnicas m\u00ednimamente invasivas requiere una formaci\u00f3n espec\u00edfica. Y elegir un cirujano con experiencia en estas t\u00e9cnicas es fundamental para lograr los mejores resultados posibles. El Dr. Karkare es un cirujano ortop\u00e9dico de primera l\u00ednea en Nueva York y Long Island con amplia experiencia en t\u00e9cnicas de sustituci\u00f3n articular m\u00ednimamente invasivas. Utiliza la tecnolog\u00eda m\u00e1s avanzada y los implantes de mayor calidad para obtener resultados \u00f3ptimos en cada paciente.<\/p>\n<p>Para obtener m\u00e1s informaci\u00f3n sobre la cirug\u00eda de sustituci\u00f3n articular m\u00ednimamente invasiva, llame hoy a la consulta al 516-735-4032. Tambi\u00e9n puede utilizar nuestro formulario en l\u00ednea para programar una cita con nuestras ubicaciones en Manhattan, Bayside, Lindenhurst, Centereach, Patchogue.<\/p>\n","protected":false},"excerpt":{"rendered":"<p>En los \u00faltimos a\u00f1os, las t\u00e9cnicas quir\u00fargicas m\u00ednimamente invasivas se han impuesto en muchos \u00e1mbitos de la medicina y la asistencia m\u00e9dica, incluida la cirug\u00eda de pr\u00f3tesis articular. La cirug\u00eda m\u00ednimamente invasiva utiliza peque\u00f1as incisiones e instrumentos especiales para disminuir los riesgos asociados a las t\u00e9cnicas tradicionales de \u00abgran incisi\u00f3n\u00bb. Los avances en la tecnolog\u00eda [&hellip;]<\/p>\n","protected":false},"author":7,"featured_media":0,"parent":16419,"menu_order":0,"comment_status":"open","ping_status":"closed","template":"","meta":{"_et_pb_use_builder":"","_et_pb_old_content":"","_et_gb_content_width":"","footnotes":""},"class_list":["post-16755","page","type-page","status-publish","hentry"],"yoast_head":"<!-- This site is optimized with the Yoast SEO plugin v27.2 - https:\/\/yoast.com\/product\/yoast-seo-wordpress\/ -->\n<title>Reemplazo Articular M\u00ednimamente Invasivo | Tratamiento Articular Nueva York<\/title>\n<meta name=\"description\" content=\"La cirug\u00eda de sustituci\u00f3n articular m\u00ednimamente invasiva se realiza para el tratamiento de las articulaciones. El Dr. Nakul Karkare realiza esta cirug\u00eda en Nueva York.\" \/>\n<meta name=\"robots\" content=\"index, follow, max-snippet:-1, max-image-preview:large, max-video-preview:-1\" \/>\n<link rel=\"canonical\" href=\"https:\/\/www.newyorkhipknee.com\/es\/protesis-total-de-cader\/protesis-minimamente-invasiva-de-rodilla-y-cadera\/\" \/>\n<meta property=\"og:locale\" content=\"es_ES\" \/>\n<meta property=\"og:type\" content=\"article\" \/>\n<meta property=\"og:title\" content=\"Reemplazo Articular M\u00ednimamente Invasivo | Tratamiento Articular Nueva York\" \/>\n<meta property=\"og:description\" content=\"La cirug\u00eda de sustituci\u00f3n articular m\u00ednimamente invasiva se realiza para el tratamiento de las articulaciones. El Dr. Nakul Karkare realiza esta cirug\u00eda en Nueva York.\" \/>\n<meta property=\"og:url\" content=\"https:\/\/www.newyorkhipknee.com\/es\/protesis-total-de-cader\/protesis-minimamente-invasiva-de-rodilla-y-cadera\/\" \/>\n<meta property=\"og:site_name\" content=\"Best Hip &amp; Knee Surgeon | NY, USA\" \/>\n<meta name=\"twitter:card\" content=\"summary_large_image\" \/>\n<meta name=\"twitter:label1\" content=\"Tiempo de lectura\" \/>\n\t<meta name=\"twitter:data1\" content=\"5 minutos\" \/>\n<script type=\"application\/ld+json\" class=\"yoast-schema-graph\">{\"@context\":\"https:\/\/schema.org\",\"@graph\":[{\"@type\":[\"WebPage\",\"MedicalWebPage\"],\"@id\":\"https:\/\/www.newyorkhipknee.com\/es\/protesis-total-de-cader\/protesis-minimamente-invasiva-de-rodilla-y-cadera\/\",\"url\":\"https:\/\/www.newyorkhipknee.com\/es\/protesis-total-de-cader\/protesis-minimamente-invasiva-de-rodilla-y-cadera\/\",\"name\":\"Reemplazo Articular M\u00ednimamente Invasivo | Tratamiento Articular Nueva York\",\"isPartOf\":{\"@id\":\"https:\/\/www.newyorkhipknee.com\/es\/#website\"},\"datePublished\":\"2013-01-30T15:16:09+00:00\",\"description\":\"La cirug\u00eda de sustituci\u00f3n articular m\u00ednimamente invasiva se realiza para el tratamiento de las articulaciones. El Dr. Nakul Karkare realiza esta cirug\u00eda en Nueva York.\",\"breadcrumb\":{\"@id\":\"https:\/\/www.newyorkhipknee.com\/es\/protesis-total-de-cader\/protesis-minimamente-invasiva-de-rodilla-y-cadera\/#breadcrumb\"},\"inLanguage\":\"es\",\"potentialAction\":[{\"@type\":\"ReadAction\",\"target\":[\"https:\/\/www.newyorkhipknee.com\/es\/protesis-total-de-cader\/protesis-minimamente-invasiva-de-rodilla-y-cadera\/\"]}]},{\"@type\":\"BreadcrumbList\",\"@id\":\"https:\/\/www.newyorkhipknee.com\/es\/protesis-total-de-cader\/protesis-minimamente-invasiva-de-rodilla-y-cadera\/#breadcrumb\",\"itemListElement\":[{\"@type\":\"ListItem\",\"position\":1,\"name\":\"Home\",\"item\":\"https:\/\/www.newyorkhipknee.com\/es\/\"},{\"@type\":\"ListItem\",\"position\":2,\"name\":\"Pr\u00f3tesis total de cadera\",\"item\":\"https:\/\/www.newyorkhipknee.com\/es\/protesis-total-de-cader\/\"},{\"@type\":\"ListItem\",\"position\":3,\"name\":\"Pr\u00f3tesis m\u00ednimamente invasiva de rodilla y cadera\"}]},{\"@type\":\"WebSite\",\"@id\":\"https:\/\/www.newyorkhipknee.com\/es\/#website\",\"url\":\"https:\/\/www.newyorkhipknee.com\/es\/\",\"name\":\"Best Hip & Knee Surgeon | NY, USA\",\"description\":\"\",\"potentialAction\":[{\"@type\":\"SearchAction\",\"target\":{\"@type\":\"EntryPoint\",\"urlTemplate\":\"https:\/\/www.newyorkhipknee.com\/es\/?s={search_term_string}\"},\"query-input\":{\"@type\":\"PropertyValueSpecification\",\"valueRequired\":true,\"valueName\":\"search_term_string\"}}],\"inLanguage\":\"es\"}]}<\/script>\n<!-- \/ Yoast SEO plugin. -->","yoast_head_json":{"title":"Reemplazo Articular M\u00ednimamente Invasivo | Tratamiento Articular Nueva York","description":"La cirug\u00eda de sustituci\u00f3n articular m\u00ednimamente invasiva se realiza para el tratamiento de las articulaciones. El Dr. Nakul Karkare realiza esta cirug\u00eda en Nueva York.","robots":{"index":"index","follow":"follow","max-snippet":"max-snippet:-1","max-image-preview":"max-image-preview:large","max-video-preview":"max-video-preview:-1"},"canonical":"https:\/\/www.newyorkhipknee.com\/es\/protesis-total-de-cader\/protesis-minimamente-invasiva-de-rodilla-y-cadera\/","og_locale":"es_ES","og_type":"article","og_title":"Reemplazo Articular M\u00ednimamente Invasivo | Tratamiento Articular Nueva York","og_description":"La cirug\u00eda de sustituci\u00f3n articular m\u00ednimamente invasiva se realiza para el tratamiento de las articulaciones. El Dr. Nakul Karkare realiza esta cirug\u00eda en Nueva York.","og_url":"https:\/\/www.newyorkhipknee.com\/es\/protesis-total-de-cader\/protesis-minimamente-invasiva-de-rodilla-y-cadera\/","og_site_name":"Best Hip &amp; Knee Surgeon | NY, USA","twitter_card":"summary_large_image","twitter_misc":{"Tiempo de lectura":"5 minutos"},"schema":{"@context":"https:\/\/schema.org","@graph":[{"@type":["WebPage","MedicalWebPage"],"@id":"https:\/\/www.newyorkhipknee.com\/es\/protesis-total-de-cader\/protesis-minimamente-invasiva-de-rodilla-y-cadera\/","url":"https:\/\/www.newyorkhipknee.com\/es\/protesis-total-de-cader\/protesis-minimamente-invasiva-de-rodilla-y-cadera\/","name":"Reemplazo Articular M\u00ednimamente Invasivo | Tratamiento Articular Nueva York","isPartOf":{"@id":"https:\/\/www.newyorkhipknee.com\/es\/#website"},"datePublished":"2013-01-30T15:16:09+00:00","description":"La cirug\u00eda de sustituci\u00f3n articular m\u00ednimamente invasiva se realiza para el tratamiento de las articulaciones. El Dr. Nakul Karkare realiza esta cirug\u00eda en Nueva York.","breadcrumb":{"@id":"https:\/\/www.newyorkhipknee.com\/es\/protesis-total-de-cader\/protesis-minimamente-invasiva-de-rodilla-y-cadera\/#breadcrumb"},"inLanguage":"es","potentialAction":[{"@type":"ReadAction","target":["https:\/\/www.newyorkhipknee.com\/es\/protesis-total-de-cader\/protesis-minimamente-invasiva-de-rodilla-y-cadera\/"]}]},{"@type":"BreadcrumbList","@id":"https:\/\/www.newyorkhipknee.com\/es\/protesis-total-de-cader\/protesis-minimamente-invasiva-de-rodilla-y-cadera\/#breadcrumb","itemListElement":[{"@type":"ListItem","position":1,"name":"Home","item":"https:\/\/www.newyorkhipknee.com\/es\/"},{"@type":"ListItem","position":2,"name":"Pr\u00f3tesis total de cadera","item":"https:\/\/www.newyorkhipknee.com\/es\/protesis-total-de-cader\/"},{"@type":"ListItem","position":3,"name":"Pr\u00f3tesis m\u00ednimamente invasiva de rodilla y cadera"}]},{"@type":"WebSite","@id":"https:\/\/www.newyorkhipknee.com\/es\/#website","url":"https:\/\/www.newyorkhipknee.com\/es\/","name":"Best Hip & Knee Surgeon | NY, USA","description":"","potentialAction":[{"@type":"SearchAction","target":{"@type":"EntryPoint","urlTemplate":"https:\/\/www.newyorkhipknee.com\/es\/?s={search_term_string}"},"query-input":{"@type":"PropertyValueSpecification","valueRequired":true,"valueName":"search_term_string"}}],"inLanguage":"es"}]}},"_links":{"self":[{"href":"https:\/\/www.newyorkhipknee.com\/es\/wp-json\/wp\/v2\/pages\/16755","targetHints":{"allow":["GET"]}}],"collection":[{"href":"https:\/\/www.newyorkhipknee.com\/es\/wp-json\/wp\/v2\/pages"}],"about":[{"href":"https:\/\/www.newyorkhipknee.com\/es\/wp-json\/wp\/v2\/types\/page"}],"author":[{"embeddable":true,"href":"https:\/\/www.newyorkhipknee.com\/es\/wp-json\/wp\/v2\/users\/7"}],"replies":[{"embeddable":true,"href":"https:\/\/www.newyorkhipknee.com\/es\/wp-json\/wp\/v2\/comments?post=16755"}],"version-history":[{"count":0,"href":"https:\/\/www.newyorkhipknee.com\/es\/wp-json\/wp\/v2\/pages\/16755\/revisions"}],"up":[{"embeddable":true,"href":"https:\/\/www.newyorkhipknee.com\/es\/wp-json\/wp\/v2\/pages\/16419"}],"wp:attachment":[{"href":"https:\/\/www.newyorkhipknee.com\/es\/wp-json\/wp\/v2\/media?parent=16755"}],"curies":[{"name":"wp","href":"https:\/\/api.w.org\/{rel}","templated":true}]}}