{"id":16806,"date":"2016-07-15T18:15:52","date_gmt":"2016-07-15T22:15:52","guid":{"rendered":"https:\/\/newyorkhipknee.com\/protesis-de-rodilla-a-medida\/cirugia-robotica-de-rodilla\/"},"modified":"2016-07-15T18:15:52","modified_gmt":"2016-07-15T22:15:52","slug":"cirugia-robotica-de-rodilla","status":"publish","type":"page","link":"https:\/\/www.newyorkhipknee.com\/es\/protesis-de-rodilla-a-medida\/cirugia-robotica-de-rodilla\/","title":{"rendered":"Cirug\u00eda rob\u00f3tica de rodilla"},"content":{"rendered":"<p>En los \u00faltimos a\u00f1os, la cirug\u00eda rob\u00f3tica de pr\u00f3tesis de rodilla se ha convertido en una opci\u00f3n para los pacientes con problemas de rodilla. Dado que se trata de un nuevo enfoque de la artroplastia de rodilla, puede resultar dif\u00edcil encontrar un m\u00e9dico que sepa c\u00f3mo realizarla. Desde septiembre de 2016, el Dr. Karkare ha estado realizando este procedimiento y es una opci\u00f3n para las personas que pueden estar considerando el reemplazo total de rodilla asistido por robot.<\/p>\n<p><img loading=\"lazy\" decoding=\"async\" class=\"alignright size-full wp-image-3235\" title=\"hospital lennox hill\" src=\"\/wp-content\/uploads\/2016\/07\/lennox-hill.png\" alt=\"hospital lennox hill\" width=\"230\" height=\"102\" data-id=\"3235\" srcset=\"https:\/\/www.newyorkhipknee.com\/wp-content\/uploads\/2016\/07\/lennox-hill.png 230w, https:\/\/www.newyorkhipknee.com\/wp-content\/uploads\/2016\/07\/lennox-hill-150x67.png 150w, https:\/\/www.newyorkhipknee.com\/wp-content\/uploads\/2016\/07\/lennox-hill-20x9.png 20w\" sizes=\"(max-width: 230px) 100vw, 230px\" \/>Las intervenciones se realizar\u00e1n exclusivamente en el prestigioso Lennox Hill Hospital, un hospital de agudos con 652 camas situado en el Upper East Side de Manhattan.<\/p>\n<p>El hospital, que lleva m\u00e1s de 150 a\u00f1os en la comunidad, se ha ganado una reputaci\u00f3n nacional por su excelente atenci\u00f3n al paciente y sus innovadores tratamientos m\u00e9dicos y quir\u00fargicos.<\/p>\n<p>OMNIBotics es un innovador procedimiento de sustituci\u00f3n total de rodilla controlado por ordenador y asistido por robot dise\u00f1ado por OMNI. Dispondr\u00e1n de la rob\u00f3tica necesaria para planificar y ejecutar una intervenci\u00f3n quir\u00fargica realmente espec\u00edfica para su dolencia y anatom\u00eda. Se ha demostrado que este procedimiento mejora la precisi\u00f3n de la alineaci\u00f3n prevista de la pierna, lo que puede dar lugar a una mejora de la funci\u00f3n articular.<\/p>\n<div style=\"text-align:center;\"><a class=\"popup-youtube\" href=\"https:\/\/www.youtube.com\/watch?v=QfmLdCHtqWA\"><img loading=\"lazy\" decoding=\"async\" class=\"alignnone\" title=\"Cirug\u00eda rob\u00f3tica de rodilla\" src=\"\/wp-content\/uploads\/2016\/11\/sp-cirujia.jpg\" alt=\"Cirug\u00eda rob\u00f3tica de rodilla\" width=\"550\" height=\"307\"><\/a><\/div>\n<h3>\u00bfEs la cirug\u00eda rob\u00f3tica asistida de pr\u00f3tesis de rodilla adecuada para usted?<\/h3>\n<h3>Desc\u00fabrelo.<\/h3>\n<script type=\"text\/javascript\">\n\/* <![CDATA[ *\/\nvar gform;gform||(document.addEventListener(\"gform_main_scripts_loaded\",function(){gform.scriptsLoaded=!0}),document.addEventListener(\"gform\/theme\/scripts_loaded\",function(){gform.themeScriptsLoaded=!0}),window.addEventListener(\"DOMContentLoaded\",function(){gform.domLoaded=!0}),gform={domLoaded:!1,scriptsLoaded:!1,themeScriptsLoaded:!1,isFormEditor:()=>\"function\"==typeof InitializeEditor,callIfLoaded:function(o){return!(!gform.domLoaded||!gform.scriptsLoaded||!gform.themeScriptsLoaded&&!gform.isFormEditor()||(gform.isFormEditor()&&console.warn(\"The use of gform.initializeOnLoaded() is deprecated in the form editor context and will be removed in Gravity Forms 3.1.\"),o(),0))},initializeOnLoaded:function(o){gform.callIfLoaded(o)||(document.addEventListener(\"gform_main_scripts_loaded\",()=>{gform.scriptsLoaded=!0,gform.callIfLoaded(o)}),document.addEventListener(\"gform\/theme\/scripts_loaded\",()=>{gform.themeScriptsLoaded=!0,gform.callIfLoaded(o)}),window.addEventListener(\"DOMContentLoaded\",()=>{gform.domLoaded=!0,gform.callIfLoaded(o)}))},hooks:{action:{},filter:{}},addAction:function(o,r,e,t){gform.addHook(\"action\",o,r,e,t)},addFilter:function(o,r,e,t){gform.addHook(\"filter\",o,r,e,t)},doAction:function(o){gform.doHook(\"action\",o,arguments)},applyFilters:function(o){return gform.doHook(\"filter\",o,arguments)},removeAction:function(o,r){gform.removeHook(\"action\",o,r)},removeFilter:function(o,r,e){gform.removeHook(\"filter\",o,r,e)},addHook:function(o,r,e,t,n){null==gform.hooks[o][r]&&(gform.hooks[o][r]=[]);var d=gform.hooks[o][r];null==n&&(n=r+\"_\"+d.length),gform.hooks[o][r].push({tag:n,callable:e,priority:t=null==t?10:t})},doHook:function(r,o,e){var t;if(e=Array.prototype.slice.call(e,1),null!=gform.hooks[r][o]&&((o=gform.hooks[r][o]).sort(function(o,r){return o.priority-r.priority}),o.forEach(function(o){\"function\"!=typeof(t=o.callable)&&(t=window[t]),\"action\"==r?t.apply(null,e):e[0]=t.apply(null,e)})),\"filter\"==r)return e[0]},removeHook:function(o,r,t,n){var e;null!=gform.hooks[o][r]&&(e=(e=gform.hooks[o][r]).filter(function(o,r,e){return!!(null!=n&&n!=o.tag||null!=t&&t!=o.priority)}),gform.hooks[o][r]=e)}});\n\/* ]]> *\/\n<\/script>\n\n                <div class='gf_browser_gecko gform_wrapper gform_legacy_markup_wrapper gform-theme--no-framework' data-form-theme='legacy' data-form-index='0' id='gform_wrapper_8' >\n                        <div class='gform_heading'>\n                            <h3 class=\"gform_title\">\u00bfEn qu\u00e9 puedo ayudarle?<\/h3>\n                        <\/div><form method='post' enctype='multipart\/form-data'  id='gform_8'  action='\/es\/wp-json\/wp\/v2\/pages\/16806' data-formid='8' novalidate>\n                        <div class='gform-body gform_body'><ul id='gform_fields_8' class='gform_fields top_label form_sublabel_below description_below validation_below'><li id=\"field_8_12\" class=\"gfield gfield--type-honeypot gform_validation_container field_sublabel_below gfield--has-description field_description_below field_validation_below gfield_visibility_visible\"  ><label class='gfield_label gform-field-label' for='input_8_12'>URL<\/label><div class='ginput_container'><input name='input_12' id='input_8_12' type='text' value='' autocomplete='new-password'\/><\/div><div class='gfield_description' id='gfield_description_8_12'>Este campo es un campo de validaci\u00f3n y debe quedar sin cambios.<\/div><\/li><li id=\"field_8_1\" class=\"gfield gfield--type-text hipaa_forms_first_name field_sublabel_below gfield--no-description field_description_below field_validation_below gfield_visibility_visible\"  ><label class='gfield_label gform-field-label' for='input_8_1'>Primero:<\/label><div class='ginput_container ginput_container_text'><input name='input_1' id='input_8_1' type='text' value='' class='medium'      aria-invalid=\"false\"   \/><\/div><\/li><li id=\"field_8_11\" class=\"gfield gfield--type-text hipaa_forms_last_name field_sublabel_below gfield--no-description field_description_below field_validation_below gfield_visibility_visible\"  ><label class='gfield_label gform-field-label' for='input_8_11'>El \u00faltimo:<\/label><div class='ginput_container ginput_container_text'><input name='input_11' id='input_8_11' type='text' value='' class='medium'      aria-invalid=\"false\"   \/><\/div><\/li><li id=\"field_8_2\" class=\"gfield gfield--type-text hipaa_forms_email gfield_contains_required field_sublabel_below gfield--no-description field_description_below field_validation_below gfield_visibility_visible\"  ><label class='gfield_label gform-field-label' for='input_8_2'>Correo electr\u00f3nico:<span class=\"gfield_required\"><span class=\"gfield_required gfield_required_asterisk\">*<\/span><\/span><\/label><div class='ginput_container ginput_container_text'><input name='input_2' id='input_8_2' type='text' value='' class='medium'     aria-required=\"true\" aria-invalid=\"false\"   \/><\/div><\/li><li id=\"field_8_3\" class=\"gfield gfield--type-text gfield_contains_required field_sublabel_below gfield--no-description field_description_below field_validation_below gfield_visibility_visible\"  ><label class='gfield_label gform-field-label' for='input_8_3'>Tel\u00e9fono:<span class=\"gfield_required\"><span class=\"gfield_required gfield_required_asterisk\">*<\/span><\/span><\/label><div class='ginput_container ginput_container_text'><input name='input_3' id='input_8_3' type='text' value='' class='medium'     aria-required=\"true\" aria-invalid=\"false\"   \/><\/div><\/li><li id=\"field_8_4\" class=\"gfield gfield--type-textarea field_sublabel_below gfield--no-description field_description_below field_validation_below gfield_visibility_visible\"  ><label class='gfield_label gform-field-label' for='input_8_4'>Mensaje:<\/label><div class='ginput_container ginput_container_textarea'><textarea name='input_4' id='input_8_4' class='textarea medium'      aria-invalid=\"false\"   rows='10' cols='50'><\/textarea><\/div><\/li><li id=\"field_8_10\" class=\"gfield gfield--type-checkbox gfield--type-choice gfield_contains_required field_sublabel_below gfield--has-description field_description_below field_validation_below gfield_visibility_visible\"  ><label class='gfield_label gform-field-label gfield_label_before_complex' >\u00bfPodemos ponernos en contacto con usted?<span class=\"gfield_required\"><span class=\"gfield_required gfield_required_asterisk\">*<\/span><\/span><\/label><div class='ginput_container ginput_container_checkbox'><ul class='gfield_checkbox' id='input_8_10'><li class='gchoice gchoice_8_10_1'>\n\t\t\t\t\t\t\t\t<input class='gfield-choice-input' name='input_10.1' type='checkbox'  value='S\u00ed'  id='choice_8_10_1'   aria-describedby=\"gfield_description_8_10\"\/>\n\t\t\t\t\t\t\t\t<label for='choice_8_10_1' id='label_8_10_1' class='gform-field-label gform-field-label--type-inline'>S\u00ed<\/label>\n\t\t\t\t\t\t\t<\/li><\/ul><\/div><div class='gfield_description' id='gfield_description_8_10'>Al marcar esta casilla, acepta nuestra comunicaci\u00f3n.<\/div><\/li><li id=\"field_8_6\" class=\"gfield gfield--type-hidden gform_hidden field_sublabel_below gfield--no-description field_description_below field_validation_below gfield_visibility_visible\"  ><div class='ginput_container ginput_container_text'><input name='input_6' id='input_8_6' type='hidden' class='gform_hidden'  aria-invalid=\"false\" value='https:\/\/www.newyorkhipknee.com\/es\/wp-json\/wp\/v2\/pages\/16806' \/><\/div><\/li><li id=\"field_8_7\" class=\"gfield gfield--type-hidden gform_hidden field_sublabel_below gfield--no-description field_description_below field_validation_below gfield_visibility_visible\"  ><div class='ginput_container ginput_container_text'><input name='input_7' id='input_8_7' type='hidden' class='gform_hidden'  aria-invalid=\"false\" value='' \/><\/div><\/li><\/ul><\/div>\n        <div class='gform-footer gform_footer top_label'>  \n            <input type='hidden' class='gform_hidden' name='gform_submission_method' data-js='gform_submission_method_8' value='postback' \/>\n            <input type='hidden' class='gform_hidden' name='gform_theme' data-js='gform_theme_8' id='gform_theme_8' value='legacy' \/>\n            <input type='hidden' class='gform_hidden' name='gform_style_settings' data-js='gform_style_settings_8' id='gform_style_settings_8' value='[]' \/>\n            <input type='hidden' class='gform_hidden' name='is_submit_8' value='1' \/>\n            <input type='hidden' class='gform_hidden' name='gform_submit' value='8' \/>\n            \n            <input type='hidden' class='gform_hidden' name='gform_currency' data-currency='USD' value='u372xzDtOByfhEPdBoVt2DAR4br9CBrVS\/tf5JiQCwiqvLjaMLRPvzhWqvnokzZ9xJQR9vjleAGSe0Jl0y4RQlH2he9CF3q6Jsi0QgDss+STBBw=' \/>\n            <input type='hidden' class='gform_hidden' name='gform_unique_id' value='' \/>\n            <input type='hidden' class='gform_hidden' name='state_8' value='WyJbXSIsIjhkMzI4YjQ4YmQyZmE1N2M3NmZkMjg4ZDA2ZTE3OTU1Il0=' \/>\n            <input type='hidden' autocomplete='off' class='gform_hidden' name='gform_target_page_number_8' id='gform_target_page_number_8' value='0' \/>\n            <input type='hidden' autocomplete='off' class='gform_hidden' name='gform_source_page_number_8' id='gform_source_page_number_8' value='1' \/>\n            <input type='hidden' name='gform_field_values' value='' \/>\n            \n        <\/div>\n                        <\/form>\n                        <\/div><script type=\"text\/javascript\">\n\/* <![CDATA[ *\/\n gform.initializeOnLoaded( function() {gformInitSpinner( 8, 'https:\/\/www.newyorkhipknee.com\/wp-content\/plugins\/gravityforms\/images\/spinner.svg', true );jQuery('#gform_ajax_frame_8').on('load',function(){var contents = jQuery(this).contents().find('*').html();var is_postback = contents.indexOf('GF_AJAX_POSTBACK') >= 0;if(!is_postback){return;}var form_content = jQuery(this).contents().find('#gform_wrapper_8');var is_confirmation = jQuery(this).contents().find('#gform_confirmation_wrapper_8').length > 0;var is_redirect = contents.indexOf('gformRedirect(){') >= 0;var is_form = form_content.length > 0 && ! is_redirect && ! is_confirmation;var mt = parseInt(jQuery('html').css('margin-top'), 10) + parseInt(jQuery('body').css('margin-top'), 10) + 100;if(is_form){jQuery('#gform_wrapper_8').html(form_content.html());if(form_content.hasClass('gform_validation_error')){jQuery('#gform_wrapper_8').addClass('gform_validation_error');} else {jQuery('#gform_wrapper_8').removeClass('gform_validation_error');}setTimeout( function() { \/* delay the scroll by 50 milliseconds to fix a bug in chrome *\/  }, 50 );if(window['gformInitDatepicker']) {gformInitDatepicker();}if(window['gformInitPriceFields']) {gformInitPriceFields();}var current_page = jQuery('#gform_source_page_number_8').val();gformInitSpinner( 8, 'https:\/\/www.newyorkhipknee.com\/wp-content\/plugins\/gravityforms\/images\/spinner.svg', true );jQuery(document).trigger('gform_page_loaded', [8, current_page]);window['gf_submitting_8'] = false;}else if(!is_redirect){var confirmation_content = jQuery(this).contents().find('.GF_AJAX_POSTBACK').html();if(!confirmation_content){confirmation_content = contents;}jQuery('#gform_wrapper_8').replaceWith(confirmation_content);jQuery(document).trigger('gform_confirmation_loaded', [8]);window['gf_submitting_8'] = false;wp.a11y.speak(jQuery('#gform_confirmation_message_8').text());}else{jQuery('#gform_8').append(contents);if(window['gformRedirect']) {gformRedirect();}}jQuery(document).trigger(\"gform_pre_post_render\", [{ formId: \"8\", currentPage: \"current_page\", abort: function() { this.preventDefault(); } }]);        if (event && event.defaultPrevented) {                return;        }        const gformWrapperDiv = document.getElementById( \"gform_wrapper_8\" );        if ( gformWrapperDiv ) {            const visibilitySpan = document.createElement( \"span\" );            visibilitySpan.id = \"gform_visibility_test_8\";            gformWrapperDiv.insertAdjacentElement( \"afterend\", visibilitySpan );        }        const visibilityTestDiv = document.getElementById( \"gform_visibility_test_8\" );        let postRenderFired = false;        function triggerPostRender() {            if ( postRenderFired ) {                return;            }            postRenderFired = true;            gform.core.triggerPostRenderEvents( 8, current_page );            if ( visibilityTestDiv ) {                visibilityTestDiv.parentNode.removeChild( visibilityTestDiv );            }        }        function debounce( func, wait, immediate ) {            var timeout;            return function() {                var context = this, args = arguments;                var later = function() {                    timeout = null;                    if ( !immediate ) func.apply( context, args );                };                var callNow = immediate && !timeout;                clearTimeout( timeout );                timeout = setTimeout( later, wait );                if ( callNow ) func.apply( context, args );            };        }        const debouncedTriggerPostRender = debounce( function() {            triggerPostRender();        }, 200 );        if ( visibilityTestDiv && visibilityTestDiv.offsetParent === null ) {            const observer = new MutationObserver( ( mutations ) => {                mutations.forEach( ( mutation ) => {                    if ( mutation.type === 'attributes' && visibilityTestDiv.offsetParent !== null ) {                        debouncedTriggerPostRender();                        observer.disconnect();                    }                });            });            observer.observe( document.body, {                attributes: true,                childList: false,                subtree: true,                attributeFilter: [ 'style', 'class' ],            });        } else {            triggerPostRender();        }    } );} ); \n\/* ]]> *\/\n<\/script>\n\n","protected":false},"excerpt":{"rendered":"<p>En los \u00faltimos a\u00f1os, la cirug\u00eda rob\u00f3tica de pr\u00f3tesis de rodilla se ha convertido en una opci\u00f3n para los pacientes con problemas de rodilla. Dado que se trata de un nuevo enfoque de la artroplastia de rodilla, puede resultar dif\u00edcil encontrar un m\u00e9dico que sepa c\u00f3mo realizarla. Desde septiembre de 2016, el Dr. Karkare ha [&hellip;]<\/p>\n","protected":false},"author":1,"featured_media":0,"parent":16433,"menu_order":0,"comment_status":"closed","ping_status":"closed","template":"","meta":{"_et_pb_use_builder":"","_et_pb_old_content":"","_et_gb_content_width":"","footnotes":""},"class_list":["post-16806","page","type-page","status-publish","hentry"],"yoast_head":"<!-- This site is optimized with the Yoast SEO plugin v27.2 - https:\/\/yoast.com\/product\/yoast-seo-wordpress\/ -->\n<title>Cirug\u00eda rob\u00f3tica de rodilla en Nueva York | Dr. Nakul Karkare<\/title>\n<meta name=\"description\" content=\"En los \u00faltimos a\u00f1os, la cirug\u00eda rob\u00f3tica de pr\u00f3tesis de rodilla se ha convertido en una opci\u00f3n para los pacientes con problemas de rodilla. Dado que se trata de un nuevo enfoque de la artroplastia de rodilla, puede resultar dif\u00edcil encontrar un m\u00e9dico que sepa c\u00f3mo realizarla.\" \/>\n<meta name=\"robots\" content=\"index, follow, max-snippet:-1, max-image-preview:large, max-video-preview:-1\" \/>\n<link rel=\"canonical\" href=\"https:\/\/www.newyorkhipknee.com\/es\/protesis-de-rodilla-a-medida\/cirugia-robotica-de-rodilla\/\" \/>\n<meta property=\"og:locale\" content=\"es_ES\" \/>\n<meta property=\"og:type\" content=\"article\" \/>\n<meta property=\"og:title\" content=\"Cirug\u00eda rob\u00f3tica de rodilla en Nueva York | Dr. Nakul Karkare\" \/>\n<meta property=\"og:description\" content=\"En los \u00faltimos a\u00f1os, la cirug\u00eda rob\u00f3tica de pr\u00f3tesis de rodilla se ha convertido en una opci\u00f3n para los pacientes con problemas de rodilla. Dado que se trata de un nuevo enfoque de la artroplastia de rodilla, puede resultar dif\u00edcil encontrar un m\u00e9dico que sepa c\u00f3mo realizarla.\" \/>\n<meta property=\"og:url\" content=\"https:\/\/www.newyorkhipknee.com\/es\/protesis-de-rodilla-a-medida\/cirugia-robotica-de-rodilla\/\" \/>\n<meta property=\"og:site_name\" content=\"Best Hip &amp; Knee Surgeon | NY, USA\" \/>\n<meta name=\"twitter:card\" content=\"summary_large_image\" \/>\n<meta name=\"twitter:label1\" content=\"Tiempo de lectura\" \/>\n\t<meta name=\"twitter:data1\" content=\"1 minuto\" \/>\n<script type=\"application\/ld+json\" class=\"yoast-schema-graph\">{\"@context\":\"https:\/\/schema.org\",\"@graph\":[{\"@type\":[\"WebPage\",\"MedicalWebPage\"],\"@id\":\"https:\/\/www.newyorkhipknee.com\/es\/protesis-de-rodilla-a-medida\/cirugia-robotica-de-rodilla\/\",\"url\":\"https:\/\/www.newyorkhipknee.com\/es\/protesis-de-rodilla-a-medida\/cirugia-robotica-de-rodilla\/\",\"name\":\"Cirug\u00eda rob\u00f3tica de rodilla en Nueva York | Dr. Nakul Karkare\",\"isPartOf\":{\"@id\":\"https:\/\/www.newyorkhipknee.com\/es\/#website\"},\"datePublished\":\"2016-07-15T22:15:52+00:00\",\"description\":\"En los \u00faltimos a\u00f1os, la cirug\u00eda rob\u00f3tica de pr\u00f3tesis de rodilla se ha convertido en una opci\u00f3n para los pacientes con problemas de rodilla. Dado que se trata de un nuevo enfoque de la artroplastia de rodilla, puede resultar dif\u00edcil encontrar un m\u00e9dico que sepa c\u00f3mo realizarla.\",\"breadcrumb\":{\"@id\":\"https:\/\/www.newyorkhipknee.com\/es\/protesis-de-rodilla-a-medida\/cirugia-robotica-de-rodilla\/#breadcrumb\"},\"inLanguage\":\"es\",\"potentialAction\":[{\"@type\":\"ReadAction\",\"target\":[\"https:\/\/www.newyorkhipknee.com\/es\/protesis-de-rodilla-a-medida\/cirugia-robotica-de-rodilla\/\"]}]},{\"@type\":\"BreadcrumbList\",\"@id\":\"https:\/\/www.newyorkhipknee.com\/es\/protesis-de-rodilla-a-medida\/cirugia-robotica-de-rodilla\/#breadcrumb\",\"itemListElement\":[{\"@type\":\"ListItem\",\"position\":1,\"name\":\"Home\",\"item\":\"https:\/\/www.newyorkhipknee.com\/es\/\"},{\"@type\":\"ListItem\",\"position\":2,\"name\":\"Pr\u00f3tesis de rodilla a medida\",\"item\":\"https:\/\/www.newyorkhipknee.com\/es\/protesis-de-rodilla-a-medida\/\"},{\"@type\":\"ListItem\",\"position\":3,\"name\":\"Cirug\u00eda rob\u00f3tica de rodilla\"}]},{\"@type\":\"WebSite\",\"@id\":\"https:\/\/www.newyorkhipknee.com\/es\/#website\",\"url\":\"https:\/\/www.newyorkhipknee.com\/es\/\",\"name\":\"Best Hip & Knee Surgeon | NY, USA\",\"description\":\"\",\"potentialAction\":[{\"@type\":\"SearchAction\",\"target\":{\"@type\":\"EntryPoint\",\"urlTemplate\":\"https:\/\/www.newyorkhipknee.com\/es\/?s={search_term_string}\"},\"query-input\":{\"@type\":\"PropertyValueSpecification\",\"valueRequired\":true,\"valueName\":\"search_term_string\"}}],\"inLanguage\":\"es\"}]}<\/script>\n<!-- \/ Yoast SEO plugin. -->","yoast_head_json":{"title":"Cirug\u00eda rob\u00f3tica de rodilla en Nueva York | Dr. Nakul Karkare","description":"En los \u00faltimos a\u00f1os, la cirug\u00eda rob\u00f3tica de pr\u00f3tesis de rodilla se ha convertido en una opci\u00f3n para los pacientes con problemas de rodilla. Dado que se trata de un nuevo enfoque de la artroplastia de rodilla, puede resultar dif\u00edcil encontrar un m\u00e9dico que sepa c\u00f3mo realizarla.","robots":{"index":"index","follow":"follow","max-snippet":"max-snippet:-1","max-image-preview":"max-image-preview:large","max-video-preview":"max-video-preview:-1"},"canonical":"https:\/\/www.newyorkhipknee.com\/es\/protesis-de-rodilla-a-medida\/cirugia-robotica-de-rodilla\/","og_locale":"es_ES","og_type":"article","og_title":"Cirug\u00eda rob\u00f3tica de rodilla en Nueva York | Dr. Nakul Karkare","og_description":"En los \u00faltimos a\u00f1os, la cirug\u00eda rob\u00f3tica de pr\u00f3tesis de rodilla se ha convertido en una opci\u00f3n para los pacientes con problemas de rodilla. Dado que se trata de un nuevo enfoque de la artroplastia de rodilla, puede resultar dif\u00edcil encontrar un m\u00e9dico que sepa c\u00f3mo realizarla.","og_url":"https:\/\/www.newyorkhipknee.com\/es\/protesis-de-rodilla-a-medida\/cirugia-robotica-de-rodilla\/","og_site_name":"Best Hip &amp; Knee Surgeon | NY, USA","twitter_card":"summary_large_image","twitter_misc":{"Tiempo de lectura":"1 minuto"},"schema":{"@context":"https:\/\/schema.org","@graph":[{"@type":["WebPage","MedicalWebPage"],"@id":"https:\/\/www.newyorkhipknee.com\/es\/protesis-de-rodilla-a-medida\/cirugia-robotica-de-rodilla\/","url":"https:\/\/www.newyorkhipknee.com\/es\/protesis-de-rodilla-a-medida\/cirugia-robotica-de-rodilla\/","name":"Cirug\u00eda rob\u00f3tica de rodilla en Nueva York | Dr. Nakul Karkare","isPartOf":{"@id":"https:\/\/www.newyorkhipknee.com\/es\/#website"},"datePublished":"2016-07-15T22:15:52+00:00","description":"En los \u00faltimos a\u00f1os, la cirug\u00eda rob\u00f3tica de pr\u00f3tesis de rodilla se ha convertido en una opci\u00f3n para los pacientes con problemas de rodilla. Dado que se trata de un nuevo enfoque de la artroplastia de rodilla, puede resultar dif\u00edcil encontrar un m\u00e9dico que sepa c\u00f3mo realizarla.","breadcrumb":{"@id":"https:\/\/www.newyorkhipknee.com\/es\/protesis-de-rodilla-a-medida\/cirugia-robotica-de-rodilla\/#breadcrumb"},"inLanguage":"es","potentialAction":[{"@type":"ReadAction","target":["https:\/\/www.newyorkhipknee.com\/es\/protesis-de-rodilla-a-medida\/cirugia-robotica-de-rodilla\/"]}]},{"@type":"BreadcrumbList","@id":"https:\/\/www.newyorkhipknee.com\/es\/protesis-de-rodilla-a-medida\/cirugia-robotica-de-rodilla\/#breadcrumb","itemListElement":[{"@type":"ListItem","position":1,"name":"Home","item":"https:\/\/www.newyorkhipknee.com\/es\/"},{"@type":"ListItem","position":2,"name":"Pr\u00f3tesis de rodilla a medida","item":"https:\/\/www.newyorkhipknee.com\/es\/protesis-de-rodilla-a-medida\/"},{"@type":"ListItem","position":3,"name":"Cirug\u00eda rob\u00f3tica de rodilla"}]},{"@type":"WebSite","@id":"https:\/\/www.newyorkhipknee.com\/es\/#website","url":"https:\/\/www.newyorkhipknee.com\/es\/","name":"Best Hip & Knee Surgeon | NY, USA","description":"","potentialAction":[{"@type":"SearchAction","target":{"@type":"EntryPoint","urlTemplate":"https:\/\/www.newyorkhipknee.com\/es\/?s={search_term_string}"},"query-input":{"@type":"PropertyValueSpecification","valueRequired":true,"valueName":"search_term_string"}}],"inLanguage":"es"}]}},"_links":{"self":[{"href":"https:\/\/www.newyorkhipknee.com\/es\/wp-json\/wp\/v2\/pages\/16806","targetHints":{"allow":["GET"]}}],"collection":[{"href":"https:\/\/www.newyorkhipknee.com\/es\/wp-json\/wp\/v2\/pages"}],"about":[{"href":"https:\/\/www.newyorkhipknee.com\/es\/wp-json\/wp\/v2\/types\/page"}],"author":[{"embeddable":true,"href":"https:\/\/www.newyorkhipknee.com\/es\/wp-json\/wp\/v2\/users\/1"}],"replies":[{"embeddable":true,"href":"https:\/\/www.newyorkhipknee.com\/es\/wp-json\/wp\/v2\/comments?post=16806"}],"version-history":[{"count":0,"href":"https:\/\/www.newyorkhipknee.com\/es\/wp-json\/wp\/v2\/pages\/16806\/revisions"}],"up":[{"embeddable":true,"href":"https:\/\/www.newyorkhipknee.com\/es\/wp-json\/wp\/v2\/pages\/16433"}],"wp:attachment":[{"href":"https:\/\/www.newyorkhipknee.com\/es\/wp-json\/wp\/v2\/media?parent=16806"}],"curies":[{"name":"wp","href":"https:\/\/api.w.org\/{rel}","templated":true}]}}