{"id":16810,"date":"2013-01-28T13:07:49","date_gmt":"2013-01-28T18:07:49","guid":{"rendered":"https:\/\/newyorkhipknee.com\/descargo-de-responsabilidad\/"},"modified":"2013-01-28T13:07:49","modified_gmt":"2013-01-28T18:07:49","slug":"descargo-de-responsabilidad","status":"publish","type":"page","link":"https:\/\/www.newyorkhipknee.com\/es\/descargo-de-responsabilidad\/","title":{"rendered":"Descargo de responsabilidad"},"content":{"rendered":"<p class=\"textMainBold\">Nakul V Karkare MD Reconstrucci\u00f3n de miembros y cirug\u00eda de reemplazo de articulaciones East Setauket NY<\/p>\n<p>Por favor, recuerde que la informaci\u00f3n m\u00e9dica proporcionada por Nakul V Karkare MD Limb Reconstruction &amp; Joint Replacement Surgery East Setauket NY y Your Practice Online, en ausencia de una visita con un profesional de la salud, debe ser considerada s\u00f3lo como un servicio educativo. La informaci\u00f3n enviada por correo electr\u00f3nico no debe considerarse una consulta m\u00e9dica. Este mecanismo no est\u00e1 dise\u00f1ado para sustituir el juicio independiente de un m\u00e9dico sobre la idoneidad o los riesgos de un procedimiento para un paciente determinado. Haremos todo lo posible por facilitarle informaci\u00f3n que le ayude a tomar sus propias decisiones sobre la atenci\u00f3n sanitaria.<\/p>\n<p>En este sitio se han incluido muchos enlaces externos como servicio y comodidad para nuestros pacientes y otros visitantes de nuestro sitio web. Estos sitios externos son creados y mantenidos por otras organizaciones p\u00fablicas y privadas. No controlamos ni garantizamos la exactitud, pertinencia, actualidad o exhaustividad de esta informaci\u00f3n externa.<\/p>\n<p>Si desea m\u00e1s informaci\u00f3n, env\u00edenos un correo electr\u00f3nico a <a href=\"mailto:info@yourpracticeonline.net\">info@yourpracticeonline.net<\/a><\/p>\n","protected":false},"excerpt":{"rendered":"<p>Nakul V Karkare MD Reconstrucci\u00f3n de miembros y cirug\u00eda de reemplazo de articulaciones East Setauket NY Por favor, recuerde que la informaci\u00f3n m\u00e9dica proporcionada por Nakul V Karkare MD Limb Reconstruction &amp; Joint Replacement Surgery East Setauket NY y Your Practice Online, en ausencia de una visita con un profesional de la salud, debe ser [&hellip;]<\/p>\n","protected":false},"author":7,"featured_media":0,"parent":0,"menu_order":0,"comment_status":"open","ping_status":"open","template":"","meta":{"_et_pb_use_builder":"","_et_pb_old_content":"","_et_gb_content_width":"","footnotes":""},"class_list":["post-16810","page","type-page","status-publish","hentry"],"yoast_head":"<!-- This site is optimized with the Yoast SEO plugin v27.2 - https:\/\/yoast.com\/product\/yoast-seo-wordpress\/ -->\n<title>Descargo de responsabilidad | Dr Nakul Karkare Nueva York | Reconstrucci\u00f3n de extremidades Nueva York<\/title>\n<meta name=\"description\" content=\"La informaci\u00f3n proporcionada por Dr Nakul Karkare, Limb Reconstruction &amp; Joint Replacement Surgery en East Setauket, Nueva York debe ser considerada solamente como Servicio Educativo.\" \/>\n<meta name=\"robots\" content=\"index, follow, max-snippet:-1, max-image-preview:large, max-video-preview:-1\" \/>\n<link rel=\"canonical\" href=\"https:\/\/www.newyorkhipknee.com\/es\/descargo-de-responsabilidad\/\" \/>\n<meta property=\"og:locale\" content=\"es_ES\" \/>\n<meta property=\"og:type\" content=\"article\" \/>\n<meta property=\"og:title\" content=\"Descargo de responsabilidad | Dr Nakul Karkare Nueva York | Reconstrucci\u00f3n de extremidades Nueva York\" \/>\n<meta property=\"og:description\" content=\"La informaci\u00f3n proporcionada por Dr Nakul Karkare, Limb Reconstruction &amp; Joint Replacement Surgery en East Setauket, Nueva York debe ser considerada solamente como Servicio Educativo.\" \/>\n<meta property=\"og:url\" content=\"https:\/\/www.newyorkhipknee.com\/es\/descargo-de-responsabilidad\/\" \/>\n<meta property=\"og:site_name\" content=\"Best Hip &amp; Knee Surgeon | NY, USA\" \/>\n<meta name=\"twitter:card\" content=\"summary_large_image\" \/>\n<meta name=\"twitter:label1\" content=\"Tiempo de lectura\" \/>\n\t<meta name=\"twitter:data1\" content=\"1 minuto\" \/>\n<script type=\"application\/ld+json\" class=\"yoast-schema-graph\">{\"@context\":\"https:\/\/schema.org\",\"@graph\":[{\"@type\":[\"WebPage\",\"MedicalWebPage\"],\"@id\":\"https:\/\/www.newyorkhipknee.com\/es\/descargo-de-responsabilidad\/\",\"url\":\"https:\/\/www.newyorkhipknee.com\/es\/descargo-de-responsabilidad\/\",\"name\":\"Descargo de responsabilidad | Dr Nakul Karkare Nueva York | Reconstrucci\u00f3n de extremidades Nueva York\",\"isPartOf\":{\"@id\":\"https:\/\/www.newyorkhipknee.com\/es\/#website\"},\"datePublished\":\"2013-01-28T18:07:49+00:00\",\"description\":\"La informaci\u00f3n proporcionada por Dr Nakul Karkare, Limb Reconstruction & Joint Replacement Surgery en East Setauket, Nueva York debe ser considerada solamente como Servicio Educativo.\",\"breadcrumb\":{\"@id\":\"https:\/\/www.newyorkhipknee.com\/es\/descargo-de-responsabilidad\/#breadcrumb\"},\"inLanguage\":\"es\",\"potentialAction\":[{\"@type\":\"ReadAction\",\"target\":[\"https:\/\/www.newyorkhipknee.com\/es\/descargo-de-responsabilidad\/\"]}]},{\"@type\":\"BreadcrumbList\",\"@id\":\"https:\/\/www.newyorkhipknee.com\/es\/descargo-de-responsabilidad\/#breadcrumb\",\"itemListElement\":[{\"@type\":\"ListItem\",\"position\":1,\"name\":\"Home\",\"item\":\"https:\/\/www.newyorkhipknee.com\/es\/\"},{\"@type\":\"ListItem\",\"position\":2,\"name\":\"Descargo de responsabilidad\"}]},{\"@type\":\"WebSite\",\"@id\":\"https:\/\/www.newyorkhipknee.com\/es\/#website\",\"url\":\"https:\/\/www.newyorkhipknee.com\/es\/\",\"name\":\"Best Hip & Knee Surgeon | NY, USA\",\"description\":\"\",\"potentialAction\":[{\"@type\":\"SearchAction\",\"target\":{\"@type\":\"EntryPoint\",\"urlTemplate\":\"https:\/\/www.newyorkhipknee.com\/es\/?s={search_term_string}\"},\"query-input\":{\"@type\":\"PropertyValueSpecification\",\"valueRequired\":true,\"valueName\":\"search_term_string\"}}],\"inLanguage\":\"es\"}]}<\/script>\n<!-- \/ Yoast SEO plugin. -->","yoast_head_json":{"title":"Descargo de responsabilidad | Dr Nakul Karkare Nueva York | Reconstrucci\u00f3n de extremidades Nueva York","description":"La informaci\u00f3n proporcionada por Dr Nakul Karkare, Limb Reconstruction & Joint Replacement Surgery en East Setauket, Nueva York debe ser considerada solamente como Servicio Educativo.","robots":{"index":"index","follow":"follow","max-snippet":"max-snippet:-1","max-image-preview":"max-image-preview:large","max-video-preview":"max-video-preview:-1"},"canonical":"https:\/\/www.newyorkhipknee.com\/es\/descargo-de-responsabilidad\/","og_locale":"es_ES","og_type":"article","og_title":"Descargo de responsabilidad | Dr Nakul Karkare Nueva York | Reconstrucci\u00f3n de extremidades Nueva York","og_description":"La informaci\u00f3n proporcionada por Dr Nakul Karkare, Limb Reconstruction & Joint Replacement Surgery en East Setauket, Nueva York debe ser considerada solamente como Servicio Educativo.","og_url":"https:\/\/www.newyorkhipknee.com\/es\/descargo-de-responsabilidad\/","og_site_name":"Best Hip &amp; Knee Surgeon | NY, USA","twitter_card":"summary_large_image","twitter_misc":{"Tiempo de lectura":"1 minuto"},"schema":{"@context":"https:\/\/schema.org","@graph":[{"@type":["WebPage","MedicalWebPage"],"@id":"https:\/\/www.newyorkhipknee.com\/es\/descargo-de-responsabilidad\/","url":"https:\/\/www.newyorkhipknee.com\/es\/descargo-de-responsabilidad\/","name":"Descargo de responsabilidad | Dr Nakul Karkare Nueva York | Reconstrucci\u00f3n de extremidades Nueva York","isPartOf":{"@id":"https:\/\/www.newyorkhipknee.com\/es\/#website"},"datePublished":"2013-01-28T18:07:49+00:00","description":"La informaci\u00f3n proporcionada por Dr Nakul Karkare, Limb Reconstruction & Joint Replacement Surgery en East Setauket, Nueva York debe ser considerada solamente como Servicio Educativo.","breadcrumb":{"@id":"https:\/\/www.newyorkhipknee.com\/es\/descargo-de-responsabilidad\/#breadcrumb"},"inLanguage":"es","potentialAction":[{"@type":"ReadAction","target":["https:\/\/www.newyorkhipknee.com\/es\/descargo-de-responsabilidad\/"]}]},{"@type":"BreadcrumbList","@id":"https:\/\/www.newyorkhipknee.com\/es\/descargo-de-responsabilidad\/#breadcrumb","itemListElement":[{"@type":"ListItem","position":1,"name":"Home","item":"https:\/\/www.newyorkhipknee.com\/es\/"},{"@type":"ListItem","position":2,"name":"Descargo de responsabilidad"}]},{"@type":"WebSite","@id":"https:\/\/www.newyorkhipknee.com\/es\/#website","url":"https:\/\/www.newyorkhipknee.com\/es\/","name":"Best Hip & Knee Surgeon | NY, USA","description":"","potentialAction":[{"@type":"SearchAction","target":{"@type":"EntryPoint","urlTemplate":"https:\/\/www.newyorkhipknee.com\/es\/?s={search_term_string}"},"query-input":{"@type":"PropertyValueSpecification","valueRequired":true,"valueName":"search_term_string"}}],"inLanguage":"es"}]}},"_links":{"self":[{"href":"https:\/\/www.newyorkhipknee.com\/es\/wp-json\/wp\/v2\/pages\/16810","targetHints":{"allow":["GET"]}}],"collection":[{"href":"https:\/\/www.newyorkhipknee.com\/es\/wp-json\/wp\/v2\/pages"}],"about":[{"href":"https:\/\/www.newyorkhipknee.com\/es\/wp-json\/wp\/v2\/types\/page"}],"author":[{"embeddable":true,"href":"https:\/\/www.newyorkhipknee.com\/es\/wp-json\/wp\/v2\/users\/7"}],"replies":[{"embeddable":true,"href":"https:\/\/www.newyorkhipknee.com\/es\/wp-json\/wp\/v2\/comments?post=16810"}],"version-history":[{"count":0,"href":"https:\/\/www.newyorkhipknee.com\/es\/wp-json\/wp\/v2\/pages\/16810\/revisions"}],"wp:attachment":[{"href":"https:\/\/www.newyorkhipknee.com\/es\/wp-json\/wp\/v2\/media?parent=16810"}],"curies":[{"name":"wp","href":"https:\/\/api.w.org\/{rel}","templated":true}]}}