{"id":16874,"date":"2022-09-22T18:28:29","date_gmt":"2022-09-22T22:28:29","guid":{"rendered":"https:\/\/newyorkhipknee.com\/indemnizacion-por-accidente-laboral\/"},"modified":"2022-09-22T18:28:29","modified_gmt":"2022-09-22T22:28:29","slug":"indemnizacion-por-accidente-laboral","status":"publish","type":"page","link":"https:\/\/www.newyorkhipknee.com\/es\/indemnizacion-por-accidente-laboral\/","title":{"rendered":"Indemnizaci\u00f3n por accidente laboral"},"content":{"rendered":"<p>La indemnizaci\u00f3n por accidente de trabajo es un tipo de seguro que proporciona prestaciones m\u00e9dicas y econ\u00f3micas a los empleados que han sufrido accidentes o lesiones laborales. El seguro de accidentes laborales es obligatorio por ley en todos los estados. Los trabajadores lesionados pueden recibir una indemnizaci\u00f3n monetaria por incapacidad temporal, incapacidad permanente y prestaciones por fallecimiento.<\/p>\n<p>El seguro de accidentes laborales es una cobertura obligatoria que protege tanto a empresarios como a trabajadores. Los trabajadores lesionados tienen derecho a una indemnizaci\u00f3n independientemente de qui\u00e9n haya tenido la culpa del accidente o incidente que haya causado sus lesiones. La indemnizaci\u00f3n por accidente de trabajo tambi\u00e9n puede cubrir a los empleados que se hayan lesionado trabajando fuera de la empresa, siempre que est\u00e9 relacionado con sus funciones laborales.<\/p>\n<p>Estamos especializados en ortopedia y le ayudaremos con el tratamiento de sus lesiones ortop\u00e9dicas si se lesiona en el trabajo. Tenemos un profundo conocimiento de c\u00f3mo funciona el seguro de compensaci\u00f3n de trabajadores, y qu\u00e9 tipos de facturas tenemos que presentar para el reembolso. Tambi\u00e9n puede ponerse en contacto con nosotros si padece una enfermedad preexistente que se ha visto agravada por su trabajo.<\/p>\n<p>Nuestro equipo de expertos se dedica a ayudarle a recuperarse de sus lesiones y su objetivo es que no sienta dolor. Trabajaremos contigo en cada paso del camino para que puedas centrarte en mejorar.<br \/>\nSi tiene una reclamaci\u00f3n de indemnizaci\u00f3n por accidente laboral, a veces es dif\u00edcil saber por d\u00f3nde empezar. Le ayudaremos a presentar una reclamaci\u00f3n.<\/p>\n<p>Responderemos a sus preguntas al principio y a lo largo del proceso. Le remitiremos a otros proveedores cuando sea necesario. Sabemos que cuando usted necesita atenci\u00f3n m\u00e9dica de compensaci\u00f3n de trabajadores, puede ser una situaci\u00f3n estresante. Por eso queremos asegurarnos de que tenga la mejor experiencia posible cuando venga a vernos para su cita.<\/p>\n","protected":false},"excerpt":{"rendered":"<p>La indemnizaci\u00f3n por accidente de trabajo es un tipo de seguro que proporciona prestaciones m\u00e9dicas y econ\u00f3micas a los empleados que han sufrido accidentes o lesiones laborales. El seguro de accidentes laborales es obligatorio por ley en todos los estados. Los trabajadores lesionados pueden recibir una indemnizaci\u00f3n monetaria por incapacidad temporal, incapacidad permanente y prestaciones [&hellip;]<\/p>\n","protected":false},"author":1,"featured_media":0,"parent":0,"menu_order":0,"comment_status":"closed","ping_status":"closed","template":"","meta":{"_et_pb_use_builder":"off","_et_pb_old_content":"","_et_gb_content_width":"","footnotes":""},"class_list":["post-16874","page","type-page","status-publish","hentry"],"yoast_head":"<!-- This site is optimized with the Yoast SEO plugin v27.2 - https:\/\/yoast.com\/product\/yoast-seo-wordpress\/ -->\n<title>Indemnizaci\u00f3n por accidente laboral | Best Hip &amp; Knee Surgeon | NY, USA<\/title>\n<meta name=\"description\" content=\"La indemnizaci\u00f3n por accidente de trabajo es un tipo de seguro que proporciona prestaciones m\u00e9dicas y econ\u00f3micas a los empleados que han sufrido\" \/>\n<meta name=\"robots\" content=\"index, follow, max-snippet:-1, max-image-preview:large, max-video-preview:-1\" \/>\n<link rel=\"canonical\" href=\"https:\/\/www.newyorkhipknee.com\/es\/indemnizacion-por-accidente-laboral\/\" \/>\n<meta property=\"og:locale\" content=\"es_ES\" \/>\n<meta property=\"og:type\" content=\"article\" \/>\n<meta property=\"og:title\" content=\"Indemnizaci\u00f3n por accidente laboral | Best Hip &amp; Knee Surgeon | NY, USA\" \/>\n<meta property=\"og:description\" content=\"La indemnizaci\u00f3n por accidente de trabajo es un tipo de seguro que proporciona prestaciones m\u00e9dicas y econ\u00f3micas a los empleados que han sufrido\" \/>\n<meta property=\"og:url\" content=\"https:\/\/www.newyorkhipknee.com\/es\/indemnizacion-por-accidente-laboral\/\" \/>\n<meta property=\"og:site_name\" content=\"Best Hip &amp; Knee Surgeon | NY, USA\" \/>\n<meta name=\"twitter:card\" content=\"summary_large_image\" \/>\n<meta name=\"twitter:label1\" content=\"Tiempo de lectura\" \/>\n\t<meta name=\"twitter:data1\" content=\"2 minutos\" \/>\n<script type=\"application\/ld+json\" class=\"yoast-schema-graph\">{\"@context\":\"https:\/\/schema.org\",\"@graph\":[{\"@type\":[\"WebPage\",\"MedicalWebPage\"],\"@id\":\"https:\/\/www.newyorkhipknee.com\/es\/indemnizacion-por-accidente-laboral\/\",\"url\":\"https:\/\/www.newyorkhipknee.com\/es\/indemnizacion-por-accidente-laboral\/\",\"name\":\"Indemnizaci\u00f3n por accidente laboral | Best Hip &amp; Knee Surgeon | NY, USA\",\"isPartOf\":{\"@id\":\"https:\/\/www.newyorkhipknee.com\/es\/#website\"},\"datePublished\":\"2022-09-22T22:28:29+00:00\",\"description\":\"La indemnizaci\u00f3n por accidente de trabajo es un tipo de seguro que proporciona prestaciones m\u00e9dicas y econ\u00f3micas a los empleados que han sufrido\",\"breadcrumb\":{\"@id\":\"https:\/\/www.newyorkhipknee.com\/es\/indemnizacion-por-accidente-laboral\/#breadcrumb\"},\"inLanguage\":\"es\",\"potentialAction\":[{\"@type\":\"ReadAction\",\"target\":[\"https:\/\/www.newyorkhipknee.com\/es\/indemnizacion-por-accidente-laboral\/\"]}]},{\"@type\":\"BreadcrumbList\",\"@id\":\"https:\/\/www.newyorkhipknee.com\/es\/indemnizacion-por-accidente-laboral\/#breadcrumb\",\"itemListElement\":[{\"@type\":\"ListItem\",\"position\":1,\"name\":\"Home\",\"item\":\"https:\/\/www.newyorkhipknee.com\/es\/\"},{\"@type\":\"ListItem\",\"position\":2,\"name\":\"Indemnizaci\u00f3n por accidente laboral\"}]},{\"@type\":\"WebSite\",\"@id\":\"https:\/\/www.newyorkhipknee.com\/es\/#website\",\"url\":\"https:\/\/www.newyorkhipknee.com\/es\/\",\"name\":\"Best Hip & Knee Surgeon | NY, USA\",\"description\":\"\",\"potentialAction\":[{\"@type\":\"SearchAction\",\"target\":{\"@type\":\"EntryPoint\",\"urlTemplate\":\"https:\/\/www.newyorkhipknee.com\/es\/?s={search_term_string}\"},\"query-input\":{\"@type\":\"PropertyValueSpecification\",\"valueRequired\":true,\"valueName\":\"search_term_string\"}}],\"inLanguage\":\"es\"}]}<\/script>\n<!-- \/ Yoast SEO plugin. -->","yoast_head_json":{"title":"Indemnizaci\u00f3n por accidente laboral | Best Hip &amp; Knee Surgeon | NY, USA","description":"La indemnizaci\u00f3n por accidente de trabajo es un tipo de seguro que proporciona prestaciones m\u00e9dicas y econ\u00f3micas a los empleados que han sufrido","robots":{"index":"index","follow":"follow","max-snippet":"max-snippet:-1","max-image-preview":"max-image-preview:large","max-video-preview":"max-video-preview:-1"},"canonical":"https:\/\/www.newyorkhipknee.com\/es\/indemnizacion-por-accidente-laboral\/","og_locale":"es_ES","og_type":"article","og_title":"Indemnizaci\u00f3n por accidente laboral | Best Hip &amp; Knee Surgeon | NY, USA","og_description":"La indemnizaci\u00f3n por accidente de trabajo es un tipo de seguro que proporciona prestaciones m\u00e9dicas y econ\u00f3micas a los empleados que han sufrido","og_url":"https:\/\/www.newyorkhipknee.com\/es\/indemnizacion-por-accidente-laboral\/","og_site_name":"Best Hip &amp; Knee Surgeon | NY, USA","twitter_card":"summary_large_image","twitter_misc":{"Tiempo de lectura":"2 minutos"},"schema":{"@context":"https:\/\/schema.org","@graph":[{"@type":["WebPage","MedicalWebPage"],"@id":"https:\/\/www.newyorkhipknee.com\/es\/indemnizacion-por-accidente-laboral\/","url":"https:\/\/www.newyorkhipknee.com\/es\/indemnizacion-por-accidente-laboral\/","name":"Indemnizaci\u00f3n por accidente laboral | Best Hip &amp; Knee Surgeon | NY, USA","isPartOf":{"@id":"https:\/\/www.newyorkhipknee.com\/es\/#website"},"datePublished":"2022-09-22T22:28:29+00:00","description":"La indemnizaci\u00f3n por accidente de trabajo es un tipo de seguro que proporciona prestaciones m\u00e9dicas y econ\u00f3micas a los empleados que han sufrido","breadcrumb":{"@id":"https:\/\/www.newyorkhipknee.com\/es\/indemnizacion-por-accidente-laboral\/#breadcrumb"},"inLanguage":"es","potentialAction":[{"@type":"ReadAction","target":["https:\/\/www.newyorkhipknee.com\/es\/indemnizacion-por-accidente-laboral\/"]}]},{"@type":"BreadcrumbList","@id":"https:\/\/www.newyorkhipknee.com\/es\/indemnizacion-por-accidente-laboral\/#breadcrumb","itemListElement":[{"@type":"ListItem","position":1,"name":"Home","item":"https:\/\/www.newyorkhipknee.com\/es\/"},{"@type":"ListItem","position":2,"name":"Indemnizaci\u00f3n por accidente laboral"}]},{"@type":"WebSite","@id":"https:\/\/www.newyorkhipknee.com\/es\/#website","url":"https:\/\/www.newyorkhipknee.com\/es\/","name":"Best Hip & Knee Surgeon | NY, USA","description":"","potentialAction":[{"@type":"SearchAction","target":{"@type":"EntryPoint","urlTemplate":"https:\/\/www.newyorkhipknee.com\/es\/?s={search_term_string}"},"query-input":{"@type":"PropertyValueSpecification","valueRequired":true,"valueName":"search_term_string"}}],"inLanguage":"es"}]}},"_links":{"self":[{"href":"https:\/\/www.newyorkhipknee.com\/es\/wp-json\/wp\/v2\/pages\/16874","targetHints":{"allow":["GET"]}}],"collection":[{"href":"https:\/\/www.newyorkhipknee.com\/es\/wp-json\/wp\/v2\/pages"}],"about":[{"href":"https:\/\/www.newyorkhipknee.com\/es\/wp-json\/wp\/v2\/types\/page"}],"author":[{"embeddable":true,"href":"https:\/\/www.newyorkhipknee.com\/es\/wp-json\/wp\/v2\/users\/1"}],"replies":[{"embeddable":true,"href":"https:\/\/www.newyorkhipknee.com\/es\/wp-json\/wp\/v2\/comments?post=16874"}],"version-history":[{"count":0,"href":"https:\/\/www.newyorkhipknee.com\/es\/wp-json\/wp\/v2\/pages\/16874\/revisions"}],"wp:attachment":[{"href":"https:\/\/www.newyorkhipknee.com\/es\/wp-json\/wp\/v2\/media?parent=16874"}],"curies":[{"name":"wp","href":"https:\/\/api.w.org\/{rel}","templated":true}]}}