{"id":16876,"date":"2022-09-23T11:26:42","date_gmt":"2022-09-23T15:26:42","guid":{"rendered":"https:\/\/newyorkhipknee.com\/indemnizacion-por-accidente-laboral\/perdida-de-uso-programada\/"},"modified":"2022-09-23T11:26:42","modified_gmt":"2022-09-23T15:26:42","slug":"perdida-de-uso-programada","status":"publish","type":"page","link":"https:\/\/www.newyorkhipknee.com\/es\/indemnizacion-por-accidente-laboral\/perdida-de-uso-programada\/","title":{"rendered":"P\u00e9rdida de uso programada"},"content":{"rendered":"<p>Una lesi\u00f3n laboral determina la incapacidad legal del paciente y su capacidad para trabajar. Las pruebas m\u00e9dicas disponibles u otra informaci\u00f3n pertinente evaluar\u00e1n el nivel de incapacidad por un Juez de la Ley de Indemnizaci\u00f3n por Accidentes de Trabajo. Adem\u00e1s, el profesional sanitario del paciente, el consultor m\u00e9dico de la empresa o un m\u00e9dico forense independiente pueden presentar pruebas m\u00e9dicas para determinar el deterioro o la incapacidad.<\/p>\n<p>Evaluamos si un paciente presenta alguna anomal\u00eda o p\u00e9rdida anat\u00f3mica o funcional mediante un examen m\u00e9dico completo y una valoraci\u00f3n objetiva precisa de la funci\u00f3n. Las Directrices describen el proceso uniforme de evaluaci\u00f3n de una lesi\u00f3n o enfermedad profesional documentada que provoque una discapacidad.<\/p>\n<h2>Ley de Indemnizaci\u00f3n por Accidentes de Trabajo Tipos de incapacidad<\/h2>\n<p>La Ley de Accidentes de Trabajo establece supuestos de indemnizaci\u00f3n por incapacidad temporal total y parcial y permanente total y parcial. Un caso de incapacidad permanente se eval\u00faa una vez que el paciente alcanza la mejor\u00eda m\u00e9dica m\u00e1xima (MMI). Las directrices determinan el deterioro por incapacidad permanente.<\/p>\n<h2>Mejora m\u00e9dica m\u00e1xima (MMI)<\/h2>\n<p>La mejor\u00eda m\u00e9dica m\u00e1xima (MMI) es un juicio m\u00e9dico en el que el paciente se ha recuperado de la lesi\u00f3n o enfermedad laboral en la medida esperada y sin que quepa esperar razonablemente una mejor\u00eda ulterior.<\/p>\n<p>Sin embargo, la MMI no requiere tratamiento paliativo o sintom\u00e1tico. El IMM no se determina seis meses antes de la fecha de lesi\u00f3n o invalidez de los casos no quir\u00fargicos o que impliquen fracturas, a menos que ambas partes est\u00e9n de acuerdo.<\/p>\n<h2>Examinar las funciones de los profesionales m\u00e9dicos<\/h2>\n<p>Debemos proporcionar a la Junta y a las partes su mejor opini\u00f3n profesional sobre el estado m\u00e9dico del paciente, su grado de deterioro y su funcionalidad. La estructura de las directrices determina los criterios de gravedad de una deficiencia m\u00e9dica con mayor importancia para los descubrimientos objetivos. Adem\u00e1s, debemos presentar pruebas m\u00e9dicas a la Junta para concluir una determinaci\u00f3n de incapacidad legal. Los hallazgos no pueden extraerse de la exploraci\u00f3n f\u00edsica, los informes de las pruebas o los historiales m\u00e9dicos de los pacientes para facilitar la coherencia, la previsibilidad y la fiabilidad entre evaluadores de la determinaci\u00f3n del deterioro.<\/p>\n<p>A la hora de elaborar un informe de incapacidad permanente debemos atenernos al siguiente proceso.<\/p>\n<ul>\n<li>Revise las directrices y reconozca la parte del cuerpo o el sistema afectado, incluido el cap\u00edtulo de discapacidad no incluida en el baremo, el n\u00famero de tabla, la clase y el nivel de gravedad. Debemos utilizar la directriz del cap\u00edtulo Otras lesiones y enfermedades profesionales para las partes del cuerpo adicionales.<\/li>\n<li>Evaluar los historiales y registros m\u00e9dicos pertinentes.<\/li>\n<li>Realizar un examen f\u00edsico completo.<\/li>\n<li>Utilice un goni\u00f3metro para medir la amplitud de movimiento activo (AROM) y realice tres mediciones para determinar la AROM m\u00e1xima.<\/li>\n<li>Comparar una evaluaci\u00f3n de referencia con la parte del cuerpo contralateral, a menos que se haya lesionado previamente o est\u00e9 ausente.<\/li>\n<li>Documentar y notificar el diagn\u00f3stico o diagn\u00f3sticos m\u00e9dicos relacionados con el trabajo de un paciente y la evaluaci\u00f3n de la exploraci\u00f3n, incluidas las referencias pertinentes de la historia cl\u00ednica espec\u00edfica y los resultados de las pruebas.<\/li>\n<li>Establecer un nivel de deterioro basado en las recomendaciones.<\/li>\n<li>Determinar c\u00f3mo afecta la deficiencia a las capacidades funcionales y de esfuerzo del paciente en el caso de las incapacidades permanentes no programadas.<\/li>\n<li>Durante la evaluaci\u00f3n, utilice las Pautas de evaluaci\u00f3n funcional y de discapacidad m\u00e9dica que se encuentran en las Pautas para determinar la discapacidad permanente y la p\u00e9rdida de la capacidad para obtener un salario del estado de Nueva York de 2012.<\/li>\n<li>El valor total de las numerosas evaluaciones del d\u00e9ficit de amplitud de movimiento no debe superar el valor de la anquilosis articular completa a la hora de determinar el valor de una p\u00e9rdida de uso programada.<\/li>\n<li>La suma de m\u00faltiples articulaciones anquilosadas no puede superar el valor de amputaci\u00f3n, aunque la carga puede superar el valor de amputaci\u00f3n al sumar los d\u00e9ficits de los d\u00edgitos.<\/li>\n<\/ul>\n<h2>Tipos de examen de evaluaci\u00f3n final<\/h2>\n<p>Determinaremos un examen final de evaluaci\u00f3n con las siguientes categor\u00edas de premios.<\/p>\n<p><strong>Un premio de programaci\u00f3n para:<\/strong><\/p>\n<ul>\n<li>Deficiencia de las extremidades, incluida la influencia de las extremidades debida a una deficiencia del sistema nervioso.<\/li>\n<li>P\u00e9rdida de visi\u00f3n<\/li>\n<li>P\u00e9rdida auditiva<\/li>\n<li>Desfiguraci\u00f3n facial<\/li>\n<\/ul>\n<p><strong>  Premio no programado para:<\/strong><\/p>\n<ul>\n<li>Clasificaci\u00f3n de la incapacidad permanente parcial<\/li>\n<li>Clasificaci\u00f3n de la incapacidad permanente total<\/li>\n<\/ul>\n<p>La Junta de Indemnizaci\u00f3n por Accidentes de Trabajo debe autorizar las evaluaciones de los pacientes en Nueva York. Las evaluaciones realizadas fuera de Nueva York deben ajustarse a las Directrices y a los formularios que prescriba la C\u00e1tedra.<\/p>\n<h2>Calendario Premios<\/h2>\n<p>Un paciente tiene derecho a una indemnizaci\u00f3n por una incapacidad f\u00edsica y funcional permanente residual, no por la lesi\u00f3n sufrida.<\/p>\n<p>El ajuste definitivo de la indemnizaci\u00f3n por parto programado debe cumplir los siguientes requisitos m\u00e9dicos.<\/p>\n<ul>\n<li>Seg\u00fan la definici\u00f3n de la ley, discapacidad permanente en las extremidades, p\u00e9rdida permanente de visi\u00f3n o audici\u00f3n y desfiguraci\u00f3n facial permanente.<\/li>\n<li>El deterioro requiere una p\u00e9rdida anat\u00f3mica o funcional, por ejemplo, da\u00f1os f\u00edsicos en huesos, m\u00fasculos, cart\u00edlagos, tendones, nervios, vasos sangu\u00edneos o tejidos.<\/li>\n<li>El paciente debe haber adquirido la mejor\u00eda m\u00e9dica m\u00e1xima (MMI).<\/li>\n<li>El paciente debe tener una ausencia de impedimentos sist\u00e9micos de \u00e1rea residual antes de la evaluaci\u00f3n del programa de extremidades dentro del mismo accidente. Debemos prescribir un porcentaje de p\u00e9rdida o p\u00e9rdida de miembro corporal seg\u00fan la Ley de Indemnizaciones Laborales, art\u00edculo 15. Utilice el Ap\u00e9ndice A: Semanas por porcentaje de p\u00e9rdida de uso de una parte del cuerpo para determinar las semanas de indemnizaci\u00f3n a las que tiene derecho en funci\u00f3n del porcentaje de p\u00e9rdida.<\/li>\n<\/ul>\n<h2>Adjudicaciones no regulares (Clasificaci\u00f3n)<\/h2>\n<p>Las deficiencias no cubiertas por un baremo recibir\u00e1n indemnizaciones no incluidas en el mismo. Ejemplos de indemnizaciones no programadas son las incapacidades permanentes, las afecciones de la columna vertebral y la pelvis, los pulmones, el coraz\u00f3n, la piel, el cerebro y las incapacidades de las extremidades.<\/p>\n<h3>Lista Deterioros sujetos a clasificaci\u00f3n<\/h3>\n<p><strong>Entre los ejemplos de indemnizaciones por discapacidad de las extremidades no incluidas en el baremo se encuentran:<\/strong><\/p>\n<ol>\n<li>Trastornos progresivos y muy dolorosos que afectan a las principales articulaciones de las extremidades, incluidos los hombros, los codos, las caderas y las rodillas, con al menos uno de los siguientes s\u00edntomas:<\/li>\n<\/ol>\n<ul>\n<li style=\"list-style-type: none;\">\n<ul>\n<li>Resultados objetivos inflamatorios agudos o cr\u00f3nicos de al menos una articulaci\u00f3n, incluyendo hinchaz\u00f3n, derrame, cambio de color o temperatura, sensibilidad, amplitud de movimiento dolorosa, etc.<\/li>\n<li>Artritis degenerativa progresiva y grave evidenciada en estudios de imagen radiogr\u00e1fica.<\/li>\n<li>Mejor\u00eda m\u00ednima o nula tras agotar todas las modalidades de tratamiento m\u00e9dico y quir\u00fargico.<\/li>\n<\/ul>\n<\/li>\n<\/ul>\n<p>2. Afecci\u00f3n cr\u00f3nica y dolorosa de las extremidades distales, incluidas las manos y los pies, con al menos uno de los siguientes s\u00edntomas:<\/p>\n<ul>\n<li style=\"list-style-type: none;\">\n<ul>\n<li>S\u00edndrome de dolor regional complejo (distrofia simp\u00e1tica refleja), Sudeck<br \/>\natrofia o s\u00edndrome doloroso cr\u00f3nico de las extremidades.<\/li>\n<li>Resultados objetivos de hinchaz\u00f3n cr\u00f3nica, atrofia, disestesias, hipersensibilidad, cambios de color o temperatura de la piel (moteado).<\/li>\n<li>Osteoporosis evidenciada en estudios de imagen de rayos X.<\/li>\n<li>Mejor\u00eda m\u00ednima o nula tras agotar todas las modalidades de tratamiento del dolor cr\u00f3nico.<\/li>\n<\/ul>\n<\/li>\n<\/ul>\n<p>3. Maluni\u00f3n de huesos largos<br \/>\n4. Necrosis as\u00e9ptica de la cabeza del f\u00e9mur u otro hueso.<br \/>\n5. Inestabilidad grave y persistente de las articulaciones principales, como la articulaci\u00f3n de la rodilla.<br \/>\n6. Enfermedad de Paget avanzada.<br \/>\n7. Tumores.<br \/>\n8. La enfermedad de Caisson afecta a las articulaciones.<br \/>\n9. Ulceraciones persistentes, senos que drenan.<br \/>\n10. Dislocaciones recurrentes en los hombros.<br \/>\n11. Amputaciones con neuromas o mu\u00f1ones mal curados.<br \/>\n12. Reemplazo articular fallido, como reemplazos totales de cadera o rodilla y hombro.<\/p>\n<p>Consulte la p\u00e1gina web de la Junta de Indemnizaci\u00f3n por Accidentes de Trabajo de su estado o hable con su abogado de Indemnizaci\u00f3n por Accidentes de Trabajo para obtener m\u00e1s informaci\u00f3n.<\/p>\n","protected":false},"excerpt":{"rendered":"<p>Una lesi\u00f3n laboral determina la incapacidad legal del paciente y su capacidad para trabajar. Las pruebas m\u00e9dicas disponibles u otra informaci\u00f3n pertinente evaluar\u00e1n el nivel de incapacidad por un Juez de la Ley de Indemnizaci\u00f3n por Accidentes de Trabajo. Adem\u00e1s, el profesional sanitario del paciente, el consultor m\u00e9dico de la empresa o un m\u00e9dico forense [&hellip;]<\/p>\n","protected":false},"author":9,"featured_media":0,"parent":16874,"menu_order":0,"comment_status":"closed","ping_status":"closed","template":"","meta":{"_et_pb_use_builder":"","_et_pb_old_content":"","_et_gb_content_width":"","footnotes":""},"class_list":["post-16876","page","type-page","status-publish","hentry"],"yoast_head":"<!-- This site is optimized with the Yoast SEO plugin v27.2 - https:\/\/yoast.com\/product\/yoast-seo-wordpress\/ -->\n<title>P\u00e9rdida de uso programada | Best Hip &amp; Knee Surgeon | NY, USA<\/title>\n<meta name=\"description\" content=\"Una lesi\u00f3n laboral determina la incapacidad legal del paciente y su capacidad para trabajar. Las pruebas m\u00e9dicas disponibles u otra informaci\u00f3n pertinente\" \/>\n<meta name=\"robots\" content=\"index, follow, max-snippet:-1, max-image-preview:large, max-video-preview:-1\" \/>\n<link rel=\"canonical\" href=\"https:\/\/www.newyorkhipknee.com\/es\/indemnizacion-por-accidente-laboral\/perdida-de-uso-programada\/\" \/>\n<meta property=\"og:locale\" content=\"es_ES\" \/>\n<meta property=\"og:type\" content=\"article\" \/>\n<meta property=\"og:title\" content=\"P\u00e9rdida de uso programada | Best Hip &amp; Knee Surgeon | NY, USA\" \/>\n<meta property=\"og:description\" content=\"Una lesi\u00f3n laboral determina la incapacidad legal del paciente y su capacidad para trabajar. Las pruebas m\u00e9dicas disponibles u otra informaci\u00f3n pertinente\" \/>\n<meta property=\"og:url\" content=\"https:\/\/www.newyorkhipknee.com\/es\/indemnizacion-por-accidente-laboral\/perdida-de-uso-programada\/\" \/>\n<meta property=\"og:site_name\" content=\"Best Hip &amp; Knee Surgeon | NY, USA\" \/>\n<meta name=\"twitter:card\" content=\"summary_large_image\" \/>\n<meta name=\"twitter:label1\" content=\"Tiempo de lectura\" \/>\n\t<meta name=\"twitter:data1\" content=\"7 minutos\" \/>\n<script type=\"application\/ld+json\" class=\"yoast-schema-graph\">{\"@context\":\"https:\/\/schema.org\",\"@graph\":[{\"@type\":[\"WebPage\",\"MedicalWebPage\"],\"@id\":\"https:\/\/www.newyorkhipknee.com\/es\/indemnizacion-por-accidente-laboral\/perdida-de-uso-programada\/\",\"url\":\"https:\/\/www.newyorkhipknee.com\/es\/indemnizacion-por-accidente-laboral\/perdida-de-uso-programada\/\",\"name\":\"P\u00e9rdida de uso programada | Best Hip &amp; Knee Surgeon | NY, USA\",\"isPartOf\":{\"@id\":\"https:\/\/www.newyorkhipknee.com\/es\/#website\"},\"datePublished\":\"2022-09-23T15:26:42+00:00\",\"description\":\"Una lesi\u00f3n laboral determina la incapacidad legal del paciente y su capacidad para trabajar. Las pruebas m\u00e9dicas disponibles u otra informaci\u00f3n pertinente\",\"breadcrumb\":{\"@id\":\"https:\/\/www.newyorkhipknee.com\/es\/indemnizacion-por-accidente-laboral\/perdida-de-uso-programada\/#breadcrumb\"},\"inLanguage\":\"es\",\"potentialAction\":[{\"@type\":\"ReadAction\",\"target\":[\"https:\/\/www.newyorkhipknee.com\/es\/indemnizacion-por-accidente-laboral\/perdida-de-uso-programada\/\"]}]},{\"@type\":\"BreadcrumbList\",\"@id\":\"https:\/\/www.newyorkhipknee.com\/es\/indemnizacion-por-accidente-laboral\/perdida-de-uso-programada\/#breadcrumb\",\"itemListElement\":[{\"@type\":\"ListItem\",\"position\":1,\"name\":\"Home\",\"item\":\"https:\/\/www.newyorkhipknee.com\/es\/\"},{\"@type\":\"ListItem\",\"position\":2,\"name\":\"Indemnizaci\u00f3n por accidente laboral\",\"item\":\"https:\/\/www.newyorkhipknee.com\/es\/indemnizacion-por-accidente-laboral\/\"},{\"@type\":\"ListItem\",\"position\":3,\"name\":\"P\u00e9rdida de uso programada\"}]},{\"@type\":\"WebSite\",\"@id\":\"https:\/\/www.newyorkhipknee.com\/es\/#website\",\"url\":\"https:\/\/www.newyorkhipknee.com\/es\/\",\"name\":\"Best Hip & Knee Surgeon | NY, USA\",\"description\":\"\",\"potentialAction\":[{\"@type\":\"SearchAction\",\"target\":{\"@type\":\"EntryPoint\",\"urlTemplate\":\"https:\/\/www.newyorkhipknee.com\/es\/?s={search_term_string}\"},\"query-input\":{\"@type\":\"PropertyValueSpecification\",\"valueRequired\":true,\"valueName\":\"search_term_string\"}}],\"inLanguage\":\"es\"}]}<\/script>\n<!-- \/ Yoast SEO plugin. -->","yoast_head_json":{"title":"P\u00e9rdida de uso programada | Best Hip &amp; Knee Surgeon | NY, USA","description":"Una lesi\u00f3n laboral determina la incapacidad legal del paciente y su capacidad para trabajar. Las pruebas m\u00e9dicas disponibles u otra informaci\u00f3n pertinente","robots":{"index":"index","follow":"follow","max-snippet":"max-snippet:-1","max-image-preview":"max-image-preview:large","max-video-preview":"max-video-preview:-1"},"canonical":"https:\/\/www.newyorkhipknee.com\/es\/indemnizacion-por-accidente-laboral\/perdida-de-uso-programada\/","og_locale":"es_ES","og_type":"article","og_title":"P\u00e9rdida de uso programada | Best Hip &amp; Knee Surgeon | NY, USA","og_description":"Una lesi\u00f3n laboral determina la incapacidad legal del paciente y su capacidad para trabajar. Las pruebas m\u00e9dicas disponibles u otra informaci\u00f3n pertinente","og_url":"https:\/\/www.newyorkhipknee.com\/es\/indemnizacion-por-accidente-laboral\/perdida-de-uso-programada\/","og_site_name":"Best Hip &amp; Knee Surgeon | NY, USA","twitter_card":"summary_large_image","twitter_misc":{"Tiempo de lectura":"7 minutos"},"schema":{"@context":"https:\/\/schema.org","@graph":[{"@type":["WebPage","MedicalWebPage"],"@id":"https:\/\/www.newyorkhipknee.com\/es\/indemnizacion-por-accidente-laboral\/perdida-de-uso-programada\/","url":"https:\/\/www.newyorkhipknee.com\/es\/indemnizacion-por-accidente-laboral\/perdida-de-uso-programada\/","name":"P\u00e9rdida de uso programada | Best Hip &amp; Knee Surgeon | NY, USA","isPartOf":{"@id":"https:\/\/www.newyorkhipknee.com\/es\/#website"},"datePublished":"2022-09-23T15:26:42+00:00","description":"Una lesi\u00f3n laboral determina la incapacidad legal del paciente y su capacidad para trabajar. Las pruebas m\u00e9dicas disponibles u otra informaci\u00f3n pertinente","breadcrumb":{"@id":"https:\/\/www.newyorkhipknee.com\/es\/indemnizacion-por-accidente-laboral\/perdida-de-uso-programada\/#breadcrumb"},"inLanguage":"es","potentialAction":[{"@type":"ReadAction","target":["https:\/\/www.newyorkhipknee.com\/es\/indemnizacion-por-accidente-laboral\/perdida-de-uso-programada\/"]}]},{"@type":"BreadcrumbList","@id":"https:\/\/www.newyorkhipknee.com\/es\/indemnizacion-por-accidente-laboral\/perdida-de-uso-programada\/#breadcrumb","itemListElement":[{"@type":"ListItem","position":1,"name":"Home","item":"https:\/\/www.newyorkhipknee.com\/es\/"},{"@type":"ListItem","position":2,"name":"Indemnizaci\u00f3n por accidente laboral","item":"https:\/\/www.newyorkhipknee.com\/es\/indemnizacion-por-accidente-laboral\/"},{"@type":"ListItem","position":3,"name":"P\u00e9rdida de uso programada"}]},{"@type":"WebSite","@id":"https:\/\/www.newyorkhipknee.com\/es\/#website","url":"https:\/\/www.newyorkhipknee.com\/es\/","name":"Best Hip & Knee Surgeon | NY, USA","description":"","potentialAction":[{"@type":"SearchAction","target":{"@type":"EntryPoint","urlTemplate":"https:\/\/www.newyorkhipknee.com\/es\/?s={search_term_string}"},"query-input":{"@type":"PropertyValueSpecification","valueRequired":true,"valueName":"search_term_string"}}],"inLanguage":"es"}]}},"_links":{"self":[{"href":"https:\/\/www.newyorkhipknee.com\/es\/wp-json\/wp\/v2\/pages\/16876","targetHints":{"allow":["GET"]}}],"collection":[{"href":"https:\/\/www.newyorkhipknee.com\/es\/wp-json\/wp\/v2\/pages"}],"about":[{"href":"https:\/\/www.newyorkhipknee.com\/es\/wp-json\/wp\/v2\/types\/page"}],"author":[{"embeddable":true,"href":"https:\/\/www.newyorkhipknee.com\/es\/wp-json\/wp\/v2\/users\/9"}],"replies":[{"embeddable":true,"href":"https:\/\/www.newyorkhipknee.com\/es\/wp-json\/wp\/v2\/comments?post=16876"}],"version-history":[{"count":0,"href":"https:\/\/www.newyorkhipknee.com\/es\/wp-json\/wp\/v2\/pages\/16876\/revisions"}],"up":[{"embeddable":true,"href":"https:\/\/www.newyorkhipknee.com\/es\/wp-json\/wp\/v2\/pages\/16874"}],"wp:attachment":[{"href":"https:\/\/www.newyorkhipknee.com\/es\/wp-json\/wp\/v2\/media?parent=16876"}],"curies":[{"name":"wp","href":"https:\/\/api.w.org\/{rel}","templated":true}]}}