{"id":16880,"date":"2022-10-14T02:10:28","date_gmt":"2022-10-14T06:10:28","guid":{"rendered":"https:\/\/newyorkhipknee.com\/indemnizacion-por-accidente-laboral\/perdida-de-uso-programada\/extremidad-inferior-dedos-gordos-y-pequenos\/"},"modified":"2022-10-14T02:10:28","modified_gmt":"2022-10-14T06:10:28","slug":"extremidad-inferior-dedos-gordos-y-pequenos","status":"publish","type":"page","link":"https:\/\/www.newyorkhipknee.com\/es\/indemnizacion-por-accidente-laboral\/perdida-de-uso-programada\/extremidad-inferior-dedos-gordos-y-pequenos\/","title":{"rendered":"Extremidad inferior &#8211; Dedos gordos y peque\u00f1os"},"content":{"rendered":"<p>Utilizaremos estas directrices si ha sufrido una lesi\u00f3n laboral y tiene curiosidad por conocer el efecto de la \u00abp\u00e9rdida programada de uso (SLU) en los dedos gordo y peque\u00f1o del pie\u00bb. Entonces, podr\u00eda tener derecho a una indemnizaci\u00f3n determinada por la normativa de la Junta de Indemnizaci\u00f3n por Accidentes de Trabajo.<\/p>\n<p>Nuestro informe SLU concluir\u00e1 que usted ha perdido de forma permanente la funci\u00f3n en la parte del cuerpo lesionada debido a su accidente laboral. La determinaci\u00f3n del deterioro se basa en las directrices de indemnizaci\u00f3n por accidente de trabajo del Estado de Nueva York.<\/p>\n<h2>Objetivos para determinar el deterioro de los dedos de los pies<\/h2>\n<p>Los dedos de los pies, principalmente el dedo gordo, permiten la estabilidad de la marcha y la postura unilateral. Adem\u00e1s, los dedos de los pies proporcionan apoyo cuando se elevan para alcanzar. Por lo tanto, m\u00e1s de un dedo puede causar un impacto global significativo en el pie.<\/p>\n<p>Debemos valorar objetivamente el d\u00e9ficit f\u00edsico residual permanente de un paciente debido a una lesi\u00f3n mediante la evaluaci\u00f3n de la historia cl\u00ednica y la exploraci\u00f3n f\u00edsica y la interpretaci\u00f3n de las pruebas diagn\u00f3sticas.<\/p>\n<h3>M\u00e9todos de evaluaci\u00f3n de las deficiencias permanentes de los dedos mayores y menores de los pies<\/h3>\n<p>Evaluamos el grado de d\u00e9ficit f\u00edsico residual permanente cuando no se espera m\u00e1s curaci\u00f3n durante la mejor\u00eda m\u00e9dica m\u00e1xima (MMI). Debemos determinar el IMM bas\u00e1ndonos en el resultado del curso del tratamiento cl\u00ednico, la experiencia y otras opciones de tratamiento adicionales.<\/p>\n<p>Adem\u00e1s, tendremos en cuenta la extremidad contralateral y los valores esperados al evaluar el nivel de d\u00e9ficit f\u00edsico residual permanente. Normalmente, se requiere un a\u00f1o desde la lesi\u00f3n o la \u00faltima intervenci\u00f3n quir\u00fargica para determinar el tiempo transcurrido desde la lesi\u00f3n hasta la MMI.<\/p>\n<p>No debemos evaluar la gravedad del d\u00e9ficit f\u00edsico residual permanente del mecanismo de lesi\u00f3n. En su lugar, utilizamos el tiempo de MMI, incluyendo hueso f\u00edsico, m\u00fasculo, cart\u00edlago, tend\u00f3n, nervio, vaso sangu\u00edneo, u otro da\u00f1o tisular.<\/p>\n<h3>Calificaci\u00f3n m\u00e1xima de una parte del cuerpo<\/h3>\n<p>Utilizamos las directrices para evaluar el d\u00e9ficit f\u00edsico residual permanente de los dedos mayor y menor del pie. Debemos determinar la p\u00e9rdida o deficiencia de un solo dedo bas\u00e1ndonos \u00fanicamente en los dedos mayor o menor y no como parte del pie. La afectaci\u00f3n total no debe superar el 100% de los siguientes miembros principales del cuerpo cuando se eval\u00faen afecciones m\u00faltiples de los dedos del pie en una valoraci\u00f3n global.<\/p>\n<h3>El dedo gordo del pie<\/h3>\n<p>El dedo gordo del pie se compone de dos articulaciones principales:<\/p>\n<ul>\n<li>MTP: articulaci\u00f3n metatarsofal\u00e1ngica<\/li>\n<li>IP: articulaci\u00f3n interfal\u00e1ngica<\/li>\n<\/ul>\n<div id=\"attachment_15517\" style=\"width: 610px\" class=\"wp-caption aligncenter\"><img loading=\"lazy\" decoding=\"async\" aria-describedby=\"caption-attachment-15517\" class=\"wp-image-15517\" title=\"Figura: Dedo gordo del pie\" src=\"https:\/\/newyorkhipknee.com\/wp-content\/uploads\/2022\/10\/image1-4.jpg\" alt=\"Figura: Dedo gordo del pie\" width=\"600\" height=\"500\"><p id=\"caption-attachment-15517\" class=\"wp-caption-text\"><strong>Figura: Dedo gordo del pie<\/strong><\/p><\/div>\n<h3>C\u00e1lculo de la p\u00e9rdida de uso del dedo gordo del pie<\/h3>\n<p><strong>Mesa: Dedo gordo del pie: Porcentaje de p\u00e9rdida de uso del dedo gordo del pie<\/strong><\/p>\n<p>Determinamos el alcance del d\u00e9ficit seleccionando uno de la siguiente tabla. En primer lugar, la p\u00e9rdida m\u00e1xima del uso del dedo gordo no debe superar la anquilosis. A continuaci\u00f3n, ajustamos proporcionalmente los porcentajes de p\u00e9rdida de uso del calendario para los valores de la amplitud de movimiento.<\/p>\n<h3>Dedos m\u00e1s peque\u00f1os (segundo, tercero, cuarto y quinto)<\/h3>\n<div id=\"attachment_15518\" style=\"width: 610px\" class=\"wp-caption aligncenter\"><img loading=\"lazy\" decoding=\"async\" aria-describedby=\"caption-attachment-15518\" class=\"wp-image-15518\" title=\"Figura: Dedos m\u00e1s peque\u00f1os\" src=\"https:\/\/newyorkhipknee.com\/wp-content\/uploads\/2022\/10\/image2-4.jpg\" alt=\"Figura: Dedos m\u00e1s peque\u00f1os\" width=\"600\" height=\"500\"><p id=\"caption-attachment-15518\" class=\"wp-caption-text\"><strong>Figura: Dedos m\u00e1s peque\u00f1os<\/strong><\/p><\/div>\n<h3>C\u00e1lculo de la p\u00e9rdida de uso de los dedos m\u00e1s peque\u00f1os<\/h3>\n<p><strong>Tabla Dedos Menores: Porcentaje de p\u00e9rdida de uso de los dedos m\u00e1s peque\u00f1os<\/strong><\/p>\n<p>Determinamos la extensi\u00f3n del d\u00e9ficit sumando A + B + C. La p\u00e9rdida m\u00e1xima del uso de un dedo menor no debe superar la anquilosis. A continuaci\u00f3n, ajustamos proporcionalmente los porcentajes de p\u00e9rdida de uso del calendario para los valores de la amplitud de movimiento.<\/p>\n<p>Nota:<br \/>\nLas articulaciones marcadas, moderadas y leves (DIP, PIP y MTP) reciben los mismos valores de programaci\u00f3n que las articulaciones de los dedos DIP, PIP y MCP.<br \/>\n* Utilizamos el valor m\u00e1s bajo para un d\u00e9ficit (flexi\u00f3n\/extensi\u00f3n) y el valor m\u00e1s alto para ambos d\u00e9ficits.<\/p>\n<p>Tabla 9.5(A)(2) Porcentaje de p\u00e9rdida de uso del dedo del pie: Amputaciones, anquilosis o p\u00e9rdida de movimiento activo<\/p>\n<h3>Amputaciones de dedos y carga<\/h3>\n<ol>\n<li>Utilizamos una p\u00e9rdida del 50% del uso del dedo gordo para la amputaci\u00f3n del dedo gordo en la articulaci\u00f3n falange distal\/interfal\u00e1ngica.\n<p>&nbsp;<\/li>\n<li>Utilizamos una p\u00e9rdida del 50% del dedo gordo para la amputaci\u00f3n del dedo gordo en una parte importante de la falange distal.\n<p>&nbsp;<\/li>\n<li>Evaluamos una p\u00e9rdida del 100% del dedo gordo para la amputaci\u00f3n del dedo gordo a nivel de la articulaci\u00f3n metatarsofal\u00e1ngica o de la falange proximal.\n<p>&nbsp;<\/li>\n<li>Permitiremos una carga del 50% y convertiremos a un horario de pie al menos dos dedos amputados.\n<p>&nbsp;<\/li>\n<li>Utilizamos una carga del 100% para cada dedo afectado si hay p\u00e9rdida \u00f3sea a trav\u00e9s de los metatarsianos.\n<p>&nbsp;<\/li>\n<li>Utilizamos una carga del 25% para d\u00e9ficits de al menos tres dedos sin p\u00e9rdida \u00f3sea.\n<p>&nbsp;<\/li>\n<li>Cargaremos al 100% y convertiremos a un pie programado para amputaci\u00f3n de los cinco metatarsianos.<\/li>\n<\/ol>\n<p><strong>Nota:<\/strong><br \/>\nConsulte las instrucciones de carga del cap\u00edtulo 2.<\/p>\n<p>Consulte la p\u00e1gina web de la Junta de Indemnizaci\u00f3n por Accidentes de Trabajo de su estado o hable con su abogado de Indemnizaci\u00f3n por Accidentes de Trabajo para obtener m\u00e1s informaci\u00f3n.<\/p>\n","protected":false},"excerpt":{"rendered":"<p>Utilizaremos estas directrices si ha sufrido una lesi\u00f3n laboral y tiene curiosidad por conocer el efecto de la \u00abp\u00e9rdida programada de uso (SLU) en los dedos gordo y peque\u00f1o del pie\u00bb. Entonces, podr\u00eda tener derecho a una indemnizaci\u00f3n determinada por la normativa de la Junta de Indemnizaci\u00f3n por Accidentes de Trabajo. Nuestro informe SLU concluir\u00e1 [&hellip;]<\/p>\n","protected":false},"author":15,"featured_media":0,"parent":16876,"menu_order":0,"comment_status":"closed","ping_status":"closed","template":"","meta":{"_et_pb_use_builder":"","_et_pb_old_content":"","_et_gb_content_width":"","footnotes":""},"class_list":["post-16880","page","type-page","status-publish","hentry"],"yoast_head":"<!-- This site is optimized with the Yoast SEO plugin v27.2 - https:\/\/yoast.com\/product\/yoast-seo-wordpress\/ -->\n<title>Extremidad inferior - Dedos gordos y peque\u00f1os | Best Hip &amp; Knee Surgeon | NY, USA<\/title>\n<meta name=\"description\" content=\"Utilizaremos estas directrices si ha sufrido una lesi\u00f3n laboral y tiene curiosidad por conocer el efecto de la &quot;p\u00e9rdida programada de uso (SLU) en los\" \/>\n<meta name=\"robots\" content=\"index, follow, max-snippet:-1, max-image-preview:large, max-video-preview:-1\" \/>\n<link rel=\"canonical\" href=\"https:\/\/www.newyorkhipknee.com\/es\/indemnizacion-por-accidente-laboral\/perdida-de-uso-programada\/extremidad-inferior-dedos-gordos-y-pequenos\/\" \/>\n<meta property=\"og:locale\" content=\"es_ES\" \/>\n<meta property=\"og:type\" content=\"article\" \/>\n<meta property=\"og:title\" content=\"Extremidad inferior - Dedos gordos y peque\u00f1os | Best Hip &amp; Knee Surgeon | NY, USA\" \/>\n<meta property=\"og:description\" content=\"Utilizaremos estas directrices si ha sufrido una lesi\u00f3n laboral y tiene curiosidad por conocer el efecto de la &quot;p\u00e9rdida programada de uso (SLU) en los\" \/>\n<meta property=\"og:url\" content=\"https:\/\/www.newyorkhipknee.com\/es\/indemnizacion-por-accidente-laboral\/perdida-de-uso-programada\/extremidad-inferior-dedos-gordos-y-pequenos\/\" \/>\n<meta property=\"og:site_name\" content=\"Best Hip &amp; Knee Surgeon | NY, USA\" \/>\n<meta property=\"og:image\" content=\"https:\/\/newyorkhipknee.com\/wp-content\/uploads\/2022\/10\/image1-4.jpg\" \/>\n<meta name=\"twitter:card\" content=\"summary_large_image\" \/>\n<meta name=\"twitter:label1\" content=\"Tiempo de lectura\" \/>\n\t<meta name=\"twitter:data1\" content=\"5 minutos\" \/>\n<script type=\"application\/ld+json\" class=\"yoast-schema-graph\">{\"@context\":\"https:\/\/schema.org\",\"@graph\":[{\"@type\":[\"WebPage\",\"MedicalWebPage\"],\"@id\":\"https:\/\/www.newyorkhipknee.com\/es\/indemnizacion-por-accidente-laboral\/perdida-de-uso-programada\/extremidad-inferior-dedos-gordos-y-pequenos\/\",\"url\":\"https:\/\/www.newyorkhipknee.com\/es\/indemnizacion-por-accidente-laboral\/perdida-de-uso-programada\/extremidad-inferior-dedos-gordos-y-pequenos\/\",\"name\":\"Extremidad inferior - Dedos gordos y peque\u00f1os | Best Hip &amp; Knee Surgeon | NY, USA\",\"isPartOf\":{\"@id\":\"https:\/\/www.newyorkhipknee.com\/es\/#website\"},\"primaryImageOfPage\":{\"@id\":\"https:\/\/www.newyorkhipknee.com\/es\/indemnizacion-por-accidente-laboral\/perdida-de-uso-programada\/extremidad-inferior-dedos-gordos-y-pequenos\/#primaryimage\"},\"image\":{\"@id\":\"https:\/\/www.newyorkhipknee.com\/es\/indemnizacion-por-accidente-laboral\/perdida-de-uso-programada\/extremidad-inferior-dedos-gordos-y-pequenos\/#primaryimage\"},\"thumbnailUrl\":\"https:\/\/newyorkhipknee.com\/wp-content\/uploads\/2022\/10\/image1-4.jpg\",\"datePublished\":\"2022-10-14T06:10:28+00:00\",\"description\":\"Utilizaremos estas directrices si ha sufrido una lesi\u00f3n laboral y tiene curiosidad por conocer el efecto de la \\\"p\u00e9rdida programada de uso (SLU) en los\",\"breadcrumb\":{\"@id\":\"https:\/\/www.newyorkhipknee.com\/es\/indemnizacion-por-accidente-laboral\/perdida-de-uso-programada\/extremidad-inferior-dedos-gordos-y-pequenos\/#breadcrumb\"},\"inLanguage\":\"es\",\"potentialAction\":[{\"@type\":\"ReadAction\",\"target\":[\"https:\/\/www.newyorkhipknee.com\/es\/indemnizacion-por-accidente-laboral\/perdida-de-uso-programada\/extremidad-inferior-dedos-gordos-y-pequenos\/\"]}]},{\"@type\":\"ImageObject\",\"inLanguage\":\"es\",\"@id\":\"https:\/\/www.newyorkhipknee.com\/es\/indemnizacion-por-accidente-laboral\/perdida-de-uso-programada\/extremidad-inferior-dedos-gordos-y-pequenos\/#primaryimage\",\"url\":\"https:\/\/newyorkhipknee.com\/wp-content\/uploads\/2022\/10\/image1-4.jpg\",\"contentUrl\":\"https:\/\/newyorkhipknee.com\/wp-content\/uploads\/2022\/10\/image1-4.jpg\"},{\"@type\":\"BreadcrumbList\",\"@id\":\"https:\/\/www.newyorkhipknee.com\/es\/indemnizacion-por-accidente-laboral\/perdida-de-uso-programada\/extremidad-inferior-dedos-gordos-y-pequenos\/#breadcrumb\",\"itemListElement\":[{\"@type\":\"ListItem\",\"position\":1,\"name\":\"Home\",\"item\":\"https:\/\/www.newyorkhipknee.com\/es\/\"},{\"@type\":\"ListItem\",\"position\":2,\"name\":\"Indemnizaci\u00f3n por accidente laboral\",\"item\":\"https:\/\/www.newyorkhipknee.com\/es\/indemnizacion-por-accidente-laboral\/\"},{\"@type\":\"ListItem\",\"position\":3,\"name\":\"P\u00e9rdida de uso programada\",\"item\":\"https:\/\/www.newyorkhipknee.com\/es\/indemnizacion-por-accidente-laboral\/perdida-de-uso-programada\/\"},{\"@type\":\"ListItem\",\"position\":4,\"name\":\"Extremidad inferior &#8211; Dedos gordos y peque\u00f1os\"}]},{\"@type\":\"WebSite\",\"@id\":\"https:\/\/www.newyorkhipknee.com\/es\/#website\",\"url\":\"https:\/\/www.newyorkhipknee.com\/es\/\",\"name\":\"Best Hip & Knee Surgeon | NY, USA\",\"description\":\"\",\"potentialAction\":[{\"@type\":\"SearchAction\",\"target\":{\"@type\":\"EntryPoint\",\"urlTemplate\":\"https:\/\/www.newyorkhipknee.com\/es\/?s={search_term_string}\"},\"query-input\":{\"@type\":\"PropertyValueSpecification\",\"valueRequired\":true,\"valueName\":\"search_term_string\"}}],\"inLanguage\":\"es\"}]}<\/script>\n<!-- \/ Yoast SEO plugin. -->","yoast_head_json":{"title":"Extremidad inferior - Dedos gordos y peque\u00f1os | Best Hip &amp; Knee Surgeon | NY, USA","description":"Utilizaremos estas directrices si ha sufrido una lesi\u00f3n laboral y tiene curiosidad por conocer el efecto de la \"p\u00e9rdida programada de uso (SLU) en los","robots":{"index":"index","follow":"follow","max-snippet":"max-snippet:-1","max-image-preview":"max-image-preview:large","max-video-preview":"max-video-preview:-1"},"canonical":"https:\/\/www.newyorkhipknee.com\/es\/indemnizacion-por-accidente-laboral\/perdida-de-uso-programada\/extremidad-inferior-dedos-gordos-y-pequenos\/","og_locale":"es_ES","og_type":"article","og_title":"Extremidad inferior - Dedos gordos y peque\u00f1os | Best Hip &amp; Knee Surgeon | NY, USA","og_description":"Utilizaremos estas directrices si ha sufrido una lesi\u00f3n laboral y tiene curiosidad por conocer el efecto de la \"p\u00e9rdida programada de uso (SLU) en los","og_url":"https:\/\/www.newyorkhipknee.com\/es\/indemnizacion-por-accidente-laboral\/perdida-de-uso-programada\/extremidad-inferior-dedos-gordos-y-pequenos\/","og_site_name":"Best Hip &amp; Knee Surgeon | NY, USA","og_image":[{"url":"https:\/\/newyorkhipknee.com\/wp-content\/uploads\/2022\/10\/image1-4.jpg","type":"","width":"","height":""}],"twitter_card":"summary_large_image","twitter_misc":{"Tiempo de lectura":"5 minutos"},"schema":{"@context":"https:\/\/schema.org","@graph":[{"@type":["WebPage","MedicalWebPage"],"@id":"https:\/\/www.newyorkhipknee.com\/es\/indemnizacion-por-accidente-laboral\/perdida-de-uso-programada\/extremidad-inferior-dedos-gordos-y-pequenos\/","url":"https:\/\/www.newyorkhipknee.com\/es\/indemnizacion-por-accidente-laboral\/perdida-de-uso-programada\/extremidad-inferior-dedos-gordos-y-pequenos\/","name":"Extremidad inferior - Dedos gordos y peque\u00f1os | Best Hip &amp; Knee Surgeon | NY, USA","isPartOf":{"@id":"https:\/\/www.newyorkhipknee.com\/es\/#website"},"primaryImageOfPage":{"@id":"https:\/\/www.newyorkhipknee.com\/es\/indemnizacion-por-accidente-laboral\/perdida-de-uso-programada\/extremidad-inferior-dedos-gordos-y-pequenos\/#primaryimage"},"image":{"@id":"https:\/\/www.newyorkhipknee.com\/es\/indemnizacion-por-accidente-laboral\/perdida-de-uso-programada\/extremidad-inferior-dedos-gordos-y-pequenos\/#primaryimage"},"thumbnailUrl":"https:\/\/newyorkhipknee.com\/wp-content\/uploads\/2022\/10\/image1-4.jpg","datePublished":"2022-10-14T06:10:28+00:00","description":"Utilizaremos estas directrices si ha sufrido una lesi\u00f3n laboral y tiene curiosidad por conocer el efecto de la \"p\u00e9rdida programada de uso (SLU) en los","breadcrumb":{"@id":"https:\/\/www.newyorkhipknee.com\/es\/indemnizacion-por-accidente-laboral\/perdida-de-uso-programada\/extremidad-inferior-dedos-gordos-y-pequenos\/#breadcrumb"},"inLanguage":"es","potentialAction":[{"@type":"ReadAction","target":["https:\/\/www.newyorkhipknee.com\/es\/indemnizacion-por-accidente-laboral\/perdida-de-uso-programada\/extremidad-inferior-dedos-gordos-y-pequenos\/"]}]},{"@type":"ImageObject","inLanguage":"es","@id":"https:\/\/www.newyorkhipknee.com\/es\/indemnizacion-por-accidente-laboral\/perdida-de-uso-programada\/extremidad-inferior-dedos-gordos-y-pequenos\/#primaryimage","url":"https:\/\/newyorkhipknee.com\/wp-content\/uploads\/2022\/10\/image1-4.jpg","contentUrl":"https:\/\/newyorkhipknee.com\/wp-content\/uploads\/2022\/10\/image1-4.jpg"},{"@type":"BreadcrumbList","@id":"https:\/\/www.newyorkhipknee.com\/es\/indemnizacion-por-accidente-laboral\/perdida-de-uso-programada\/extremidad-inferior-dedos-gordos-y-pequenos\/#breadcrumb","itemListElement":[{"@type":"ListItem","position":1,"name":"Home","item":"https:\/\/www.newyorkhipknee.com\/es\/"},{"@type":"ListItem","position":2,"name":"Indemnizaci\u00f3n por accidente laboral","item":"https:\/\/www.newyorkhipknee.com\/es\/indemnizacion-por-accidente-laboral\/"},{"@type":"ListItem","position":3,"name":"P\u00e9rdida de uso programada","item":"https:\/\/www.newyorkhipknee.com\/es\/indemnizacion-por-accidente-laboral\/perdida-de-uso-programada\/"},{"@type":"ListItem","position":4,"name":"Extremidad inferior &#8211; Dedos gordos y peque\u00f1os"}]},{"@type":"WebSite","@id":"https:\/\/www.newyorkhipknee.com\/es\/#website","url":"https:\/\/www.newyorkhipknee.com\/es\/","name":"Best Hip & Knee Surgeon | NY, USA","description":"","potentialAction":[{"@type":"SearchAction","target":{"@type":"EntryPoint","urlTemplate":"https:\/\/www.newyorkhipknee.com\/es\/?s={search_term_string}"},"query-input":{"@type":"PropertyValueSpecification","valueRequired":true,"valueName":"search_term_string"}}],"inLanguage":"es"}]}},"_links":{"self":[{"href":"https:\/\/www.newyorkhipknee.com\/es\/wp-json\/wp\/v2\/pages\/16880","targetHints":{"allow":["GET"]}}],"collection":[{"href":"https:\/\/www.newyorkhipknee.com\/es\/wp-json\/wp\/v2\/pages"}],"about":[{"href":"https:\/\/www.newyorkhipknee.com\/es\/wp-json\/wp\/v2\/types\/page"}],"author":[{"embeddable":true,"href":"https:\/\/www.newyorkhipknee.com\/es\/wp-json\/wp\/v2\/users\/15"}],"replies":[{"embeddable":true,"href":"https:\/\/www.newyorkhipknee.com\/es\/wp-json\/wp\/v2\/comments?post=16880"}],"version-history":[{"count":0,"href":"https:\/\/www.newyorkhipknee.com\/es\/wp-json\/wp\/v2\/pages\/16880\/revisions"}],"up":[{"embeddable":true,"href":"https:\/\/www.newyorkhipknee.com\/es\/wp-json\/wp\/v2\/pages\/16876"}],"wp:attachment":[{"href":"https:\/\/www.newyorkhipknee.com\/es\/wp-json\/wp\/v2\/media?parent=16880"}],"curies":[{"name":"wp","href":"https:\/\/api.w.org\/{rel}","templated":true}]}}