{"id":16881,"date":"2022-10-14T02:05:15","date_gmt":"2022-10-14T06:05:15","guid":{"rendered":"https:\/\/newyorkhipknee.com\/indemnizacion-por-accidente-laboral\/perdida-de-uso-programada\/extremidades-superiores-codo\/"},"modified":"2022-10-14T02:05:15","modified_gmt":"2022-10-14T06:05:15","slug":"extremidades-superiores-codo","status":"publish","type":"page","link":"https:\/\/www.newyorkhipknee.com\/es\/indemnizacion-por-accidente-laboral\/perdida-de-uso-programada\/extremidades-superiores-codo\/","title":{"rendered":"Extremidades superiores &#8211; Codo"},"content":{"rendered":"<p>Utilice estas directrices si ha sufrido una lesi\u00f3n laboral y tiene curiosidad por conocer el efecto de la \u00abp\u00e9rdida programada de uso\u00bb (SLU) en su codo. Entonces, podr\u00eda tener derecho a una indemnizaci\u00f3n determinada por la normativa de la Junta de Indemnizaci\u00f3n por Accidentes de Trabajo.<\/p>\n<p>Nuestro informe SLU concluir\u00e1 que usted ha perdido de forma permanente la funci\u00f3n en la parte del cuerpo lesionada debido a su accidente laboral. La determinaci\u00f3n del deterioro se basa en las directrices de indemnizaci\u00f3n por accidente de trabajo del Estado de Nueva York.<\/p>\n<h2>Objetivos para determinar el deterioro del codo<\/h2>\n<p>El codo proporciona el posicionamiento esencial de la mano y la mu\u00f1eca y la funcionalidad de la extremidad superior. La funci\u00f3n m\u00e1s importante de la articulaci\u00f3n del codo es la posici\u00f3n de la mano, ya sea la extensi\u00f3n del codo (alejar la mano del cuerpo) o la supinaci\u00f3n\/pronaci\u00f3n (movimiento preciso de la mano).<\/p>\n<p>Debemos determinar objetivamente si el paciente tiene d\u00e9ficits f\u00edsicos residuales permanentes debidos a una lesi\u00f3n mediante un examen f\u00edsico o pruebas diagn\u00f3sticas apropiadas.<\/p>\n<h2>M\u00e9todos de evaluaci\u00f3n de la discapacidad permanente del codo<\/h2>\n<p>Evaluamos el grado de d\u00e9ficit f\u00edsico residual permanente cuando no se espera m\u00e1s curaci\u00f3n durante la mejor\u00eda m\u00e9dica m\u00e1xima (MMI). Por lo tanto, debemos determinar el IMM bas\u00e1ndonos en el resultado del curso del tratamiento cl\u00ednico, la experiencia y otras opciones de tratamiento adicionales.<\/p>\n<p>Adem\u00e1s, tendremos en cuenta la extremidad contralateral y los valores esperados al evaluar el nivel de d\u00e9ficit f\u00edsico residual permanente. Normalmente, se requiere un a\u00f1o desde la lesi\u00f3n o la \u00faltima intervenci\u00f3n quir\u00fargica para determinar el tiempo transcurrido desde la lesi\u00f3n hasta la MMI.<\/p>\n<p>No debemos evaluar la gravedad del d\u00e9ficit f\u00edsico residual permanente del mecanismo de lesi\u00f3n. En su lugar, utilizamos el tiempo de MMI, incluyendo hueso f\u00edsico, m\u00fasculo, cart\u00edlago, tend\u00f3n, nervio, vaso sangu\u00edneo, u otro da\u00f1o tisular.<\/p>\n<p>Amplitud de movimiento del codo<\/p>\n<p>La amplitud normal de movimiento del codo es de 0-150\u00b0.<\/p>\n<p>Flexi\u00f3n: Medimos el \u00e1ngulo entre la posici\u00f3n de extensi\u00f3n y flexi\u00f3n completa del antebrazo comenzando en extensi\u00f3n m\u00e1xima. La flexi\u00f3n normal del codo es de 150 grados.<\/p>\n<div id=\"attachment_15513\" style=\"width: 610px\" class=\"wp-caption aligncenter\"><img loading=\"lazy\" decoding=\"async\" aria-describedby=\"caption-attachment-15513\" class=\"wp-image-15513\" title=\"Figura: Flexi\u00f3n del codo\" src=\"https:\/\/newyorkhipknee.com\/wp-content\/uploads\/2022\/10\/image1-3.jpg\" alt=\"Figura: Flexi\u00f3n del codo\" width=\"600\" height=\"500\"><p id=\"caption-attachment-15513\" class=\"wp-caption-text\"><strong>Figura: Flexi\u00f3n del codo<\/strong><\/p><\/div>\n<p>Extensi\u00f3n: Medimos el \u00e1ngulo entre la flexi\u00f3n del antebrazo y la posici\u00f3n de extensi\u00f3n completa comenzando en la flexi\u00f3n m\u00e1xima. La extensi\u00f3n normal del codo es de cero grados.<\/p>\n<div id=\"attachment_15514\" style=\"width: 610px\" class=\"wp-caption aligncenter\"><img loading=\"lazy\" decoding=\"async\" aria-describedby=\"caption-attachment-15514\" class=\"wp-image-15514\" title=\"Figura: Extensi\u00f3n del codo\" src=\"https:\/\/newyorkhipknee.com\/wp-content\/uploads\/2022\/10\/image2-3.jpg\" alt=\"Figura: Extensi\u00f3n del codo\" width=\"600\" height=\"500\"><p id=\"caption-attachment-15514\" class=\"wp-caption-text\">Figura: Extensi\u00f3n del codo<\/p><\/div>\n<h3><\/h3>\n<h3>C\u00e1lculo de la p\u00e9rdida de uso del codo<\/h3>\n<p>Comenzaremos a evaluar cualquier consideraci\u00f3n especial para determinar el calendario general de p\u00e9rdida de uso del codo. Si no hay consideraciones especiales, calculamos el programa de p\u00e9rdida de uso del codo sumando los d\u00e9ficits de extensi\u00f3n y flexi\u00f3n observados.<\/p>\n<p>La p\u00e9rdida m\u00e1xima del uso del codo no debe superar la anquilosis cuando se eval\u00faa en funci\u00f3n de la amplitud de movimiento.<\/p>\n<p><strong>Mesa: Codo: Porcentaje de p\u00e9rdida de uso del codo<\/strong><\/p>\n<p>Para determinar los d\u00e9ficits, sumamos A+B. La p\u00e9rdida m\u00e1xima del uso del codo no debe superar la anquilosis. Ajustamos proporcionalmente los porcentajes de p\u00e9rdida de uso del baremo a los valores de la amplitud de movimiento.<\/p>\n<h3>Consideraciones especiales para el codo<\/h3>\n<p>Utilizamos las consideraciones especiales al evaluar los valores de p\u00e9rdida de uso enumerados en el baremo o sin un valor de baremo proporcionado. El valor m\u00e1ximo de la p\u00e9rdida de uso prevista en el baremo no debe superar el valor de la anquilosis.<\/p>\n<ol>\n<li>Utilizamos un 10% de p\u00e9rdida de uso del brazo para la p\u00e9rdida de la cabeza del radio y a\u00f1adimos para los d\u00e9ficits de movilidad.\n<p>&nbsp;<\/li>\n<li>Utilizamos una p\u00e9rdida de uso del brazo del 10-15% con laxitud del codo durante el d\u00e9ficit de hiperextensi\u00f3n.\n<p>&nbsp;<\/li>\n<li>Proporcionamos un calendario para la epicondilitis medial y lateral. A continuaci\u00f3n, consideraremos la clasificaci\u00f3n si la afecci\u00f3n se vuelve cr\u00f3nica, grave o incapacitante.\n<p>&nbsp;<\/li>\n<li>La programaci\u00f3n depende de los d\u00e9ficits residuales cuando se eval\u00faa una fractura de ol\u00e9cranon o una bursitis.\n<p>&nbsp;<\/li>\n<li>Utilizamos un 10% de p\u00e9rdida de uso del brazo para la p\u00e9rdida \u00f3sea y la escisi\u00f3n del ol\u00e9cranon y a\u00f1adimos para los d\u00e9ficits de movilidad.<\/li>\n<\/ol>\n<h3>Amputaci\u00f3n del brazo<\/h3>\n<p><strong>Tabla: Porcentaje de p\u00e9rdida de uso del brazo: Amputaci\u00f3n a diferentes niveles<\/strong><\/p>\n<p>Consulte la p\u00e1gina web de la Junta de Indemnizaci\u00f3n por Accidentes de Trabajo de su estado o hable con su abogado de Indemnizaci\u00f3n por Accidentes de Trabajo para obtener m\u00e1s informaci\u00f3n.<\/p>\n","protected":false},"excerpt":{"rendered":"<p>Utilice estas directrices si ha sufrido una lesi\u00f3n laboral y tiene curiosidad por conocer el efecto de la \u00abp\u00e9rdida programada de uso\u00bb (SLU) en su codo. Entonces, podr\u00eda tener derecho a una indemnizaci\u00f3n determinada por la normativa de la Junta de Indemnizaci\u00f3n por Accidentes de Trabajo. Nuestro informe SLU concluir\u00e1 que usted ha perdido de [&hellip;]<\/p>\n","protected":false},"author":15,"featured_media":0,"parent":16876,"menu_order":0,"comment_status":"closed","ping_status":"closed","template":"","meta":{"_et_pb_use_builder":"","_et_pb_old_content":"","_et_gb_content_width":"","footnotes":""},"class_list":["post-16881","page","type-page","status-publish","hentry"],"yoast_head":"<!-- This site is optimized with the Yoast SEO plugin v27.2 - https:\/\/yoast.com\/product\/yoast-seo-wordpress\/ -->\n<title>Extremidades superiores - Codo | Best Hip &amp; Knee Surgeon | NY, USA<\/title>\n<meta name=\"description\" content=\"Utilice estas directrices si ha sufrido una lesi\u00f3n laboral y tiene curiosidad por conocer el efecto de la &quot;p\u00e9rdida programada de uso&quot; (SLU) en su codo.\" \/>\n<meta name=\"robots\" content=\"index, follow, max-snippet:-1, max-image-preview:large, max-video-preview:-1\" \/>\n<link rel=\"canonical\" href=\"https:\/\/www.newyorkhipknee.com\/es\/indemnizacion-por-accidente-laboral\/perdida-de-uso-programada\/extremidades-superiores-codo\/\" \/>\n<meta property=\"og:locale\" content=\"es_ES\" \/>\n<meta property=\"og:type\" content=\"article\" \/>\n<meta property=\"og:title\" content=\"Extremidades superiores - Codo | Best Hip &amp; Knee Surgeon | NY, USA\" \/>\n<meta property=\"og:description\" content=\"Utilice estas directrices si ha sufrido una lesi\u00f3n laboral y tiene curiosidad por conocer el efecto de la &quot;p\u00e9rdida programada de uso&quot; (SLU) en su codo.\" \/>\n<meta property=\"og:url\" content=\"https:\/\/www.newyorkhipknee.com\/es\/indemnizacion-por-accidente-laboral\/perdida-de-uso-programada\/extremidades-superiores-codo\/\" \/>\n<meta property=\"og:site_name\" content=\"Best Hip &amp; Knee Surgeon | NY, USA\" \/>\n<meta property=\"og:image\" content=\"https:\/\/newyorkhipknee.com\/wp-content\/uploads\/2022\/10\/image1-3.jpg\" \/>\n<meta name=\"twitter:card\" content=\"summary_large_image\" \/>\n<meta name=\"twitter:label1\" content=\"Tiempo de lectura\" \/>\n\t<meta name=\"twitter:data1\" content=\"4 minutos\" \/>\n<script type=\"application\/ld+json\" class=\"yoast-schema-graph\">{\"@context\":\"https:\/\/schema.org\",\"@graph\":[{\"@type\":[\"WebPage\",\"MedicalWebPage\"],\"@id\":\"https:\/\/www.newyorkhipknee.com\/es\/indemnizacion-por-accidente-laboral\/perdida-de-uso-programada\/extremidades-superiores-codo\/\",\"url\":\"https:\/\/www.newyorkhipknee.com\/es\/indemnizacion-por-accidente-laboral\/perdida-de-uso-programada\/extremidades-superiores-codo\/\",\"name\":\"Extremidades superiores - Codo | Best Hip &amp; Knee Surgeon | NY, USA\",\"isPartOf\":{\"@id\":\"https:\/\/www.newyorkhipknee.com\/es\/#website\"},\"primaryImageOfPage\":{\"@id\":\"https:\/\/www.newyorkhipknee.com\/es\/indemnizacion-por-accidente-laboral\/perdida-de-uso-programada\/extremidades-superiores-codo\/#primaryimage\"},\"image\":{\"@id\":\"https:\/\/www.newyorkhipknee.com\/es\/indemnizacion-por-accidente-laboral\/perdida-de-uso-programada\/extremidades-superiores-codo\/#primaryimage\"},\"thumbnailUrl\":\"https:\/\/newyorkhipknee.com\/wp-content\/uploads\/2022\/10\/image1-3.jpg\",\"datePublished\":\"2022-10-14T06:05:15+00:00\",\"description\":\"Utilice estas directrices si ha sufrido una lesi\u00f3n laboral y tiene curiosidad por conocer el efecto de la \\\"p\u00e9rdida programada de uso\\\" (SLU) en su codo.\",\"breadcrumb\":{\"@id\":\"https:\/\/www.newyorkhipknee.com\/es\/indemnizacion-por-accidente-laboral\/perdida-de-uso-programada\/extremidades-superiores-codo\/#breadcrumb\"},\"inLanguage\":\"es\",\"potentialAction\":[{\"@type\":\"ReadAction\",\"target\":[\"https:\/\/www.newyorkhipknee.com\/es\/indemnizacion-por-accidente-laboral\/perdida-de-uso-programada\/extremidades-superiores-codo\/\"]}]},{\"@type\":\"ImageObject\",\"inLanguage\":\"es\",\"@id\":\"https:\/\/www.newyorkhipknee.com\/es\/indemnizacion-por-accidente-laboral\/perdida-de-uso-programada\/extremidades-superiores-codo\/#primaryimage\",\"url\":\"https:\/\/newyorkhipknee.com\/wp-content\/uploads\/2022\/10\/image1-3.jpg\",\"contentUrl\":\"https:\/\/newyorkhipknee.com\/wp-content\/uploads\/2022\/10\/image1-3.jpg\"},{\"@type\":\"BreadcrumbList\",\"@id\":\"https:\/\/www.newyorkhipknee.com\/es\/indemnizacion-por-accidente-laboral\/perdida-de-uso-programada\/extremidades-superiores-codo\/#breadcrumb\",\"itemListElement\":[{\"@type\":\"ListItem\",\"position\":1,\"name\":\"Home\",\"item\":\"https:\/\/www.newyorkhipknee.com\/es\/\"},{\"@type\":\"ListItem\",\"position\":2,\"name\":\"Indemnizaci\u00f3n por accidente laboral\",\"item\":\"https:\/\/www.newyorkhipknee.com\/es\/indemnizacion-por-accidente-laboral\/\"},{\"@type\":\"ListItem\",\"position\":3,\"name\":\"P\u00e9rdida de uso programada\",\"item\":\"https:\/\/www.newyorkhipknee.com\/es\/indemnizacion-por-accidente-laboral\/perdida-de-uso-programada\/\"},{\"@type\":\"ListItem\",\"position\":4,\"name\":\"Extremidades superiores &#8211; Codo\"}]},{\"@type\":\"WebSite\",\"@id\":\"https:\/\/www.newyorkhipknee.com\/es\/#website\",\"url\":\"https:\/\/www.newyorkhipknee.com\/es\/\",\"name\":\"Best Hip & Knee Surgeon | NY, USA\",\"description\":\"\",\"potentialAction\":[{\"@type\":\"SearchAction\",\"target\":{\"@type\":\"EntryPoint\",\"urlTemplate\":\"https:\/\/www.newyorkhipknee.com\/es\/?s={search_term_string}\"},\"query-input\":{\"@type\":\"PropertyValueSpecification\",\"valueRequired\":true,\"valueName\":\"search_term_string\"}}],\"inLanguage\":\"es\"}]}<\/script>\n<!-- \/ Yoast SEO plugin. -->","yoast_head_json":{"title":"Extremidades superiores - Codo | Best Hip &amp; Knee Surgeon | NY, USA","description":"Utilice estas directrices si ha sufrido una lesi\u00f3n laboral y tiene curiosidad por conocer el efecto de la \"p\u00e9rdida programada de uso\" (SLU) en su codo.","robots":{"index":"index","follow":"follow","max-snippet":"max-snippet:-1","max-image-preview":"max-image-preview:large","max-video-preview":"max-video-preview:-1"},"canonical":"https:\/\/www.newyorkhipknee.com\/es\/indemnizacion-por-accidente-laboral\/perdida-de-uso-programada\/extremidades-superiores-codo\/","og_locale":"es_ES","og_type":"article","og_title":"Extremidades superiores - Codo | Best Hip &amp; Knee Surgeon | NY, USA","og_description":"Utilice estas directrices si ha sufrido una lesi\u00f3n laboral y tiene curiosidad por conocer el efecto de la \"p\u00e9rdida programada de uso\" (SLU) en su codo.","og_url":"https:\/\/www.newyorkhipknee.com\/es\/indemnizacion-por-accidente-laboral\/perdida-de-uso-programada\/extremidades-superiores-codo\/","og_site_name":"Best Hip &amp; Knee Surgeon | NY, USA","og_image":[{"url":"https:\/\/newyorkhipknee.com\/wp-content\/uploads\/2022\/10\/image1-3.jpg","type":"","width":"","height":""}],"twitter_card":"summary_large_image","twitter_misc":{"Tiempo de lectura":"4 minutos"},"schema":{"@context":"https:\/\/schema.org","@graph":[{"@type":["WebPage","MedicalWebPage"],"@id":"https:\/\/www.newyorkhipknee.com\/es\/indemnizacion-por-accidente-laboral\/perdida-de-uso-programada\/extremidades-superiores-codo\/","url":"https:\/\/www.newyorkhipknee.com\/es\/indemnizacion-por-accidente-laboral\/perdida-de-uso-programada\/extremidades-superiores-codo\/","name":"Extremidades superiores - Codo | Best Hip &amp; Knee Surgeon | NY, USA","isPartOf":{"@id":"https:\/\/www.newyorkhipknee.com\/es\/#website"},"primaryImageOfPage":{"@id":"https:\/\/www.newyorkhipknee.com\/es\/indemnizacion-por-accidente-laboral\/perdida-de-uso-programada\/extremidades-superiores-codo\/#primaryimage"},"image":{"@id":"https:\/\/www.newyorkhipknee.com\/es\/indemnizacion-por-accidente-laboral\/perdida-de-uso-programada\/extremidades-superiores-codo\/#primaryimage"},"thumbnailUrl":"https:\/\/newyorkhipknee.com\/wp-content\/uploads\/2022\/10\/image1-3.jpg","datePublished":"2022-10-14T06:05:15+00:00","description":"Utilice estas directrices si ha sufrido una lesi\u00f3n laboral y tiene curiosidad por conocer el efecto de la \"p\u00e9rdida programada de uso\" (SLU) en su codo.","breadcrumb":{"@id":"https:\/\/www.newyorkhipknee.com\/es\/indemnizacion-por-accidente-laboral\/perdida-de-uso-programada\/extremidades-superiores-codo\/#breadcrumb"},"inLanguage":"es","potentialAction":[{"@type":"ReadAction","target":["https:\/\/www.newyorkhipknee.com\/es\/indemnizacion-por-accidente-laboral\/perdida-de-uso-programada\/extremidades-superiores-codo\/"]}]},{"@type":"ImageObject","inLanguage":"es","@id":"https:\/\/www.newyorkhipknee.com\/es\/indemnizacion-por-accidente-laboral\/perdida-de-uso-programada\/extremidades-superiores-codo\/#primaryimage","url":"https:\/\/newyorkhipknee.com\/wp-content\/uploads\/2022\/10\/image1-3.jpg","contentUrl":"https:\/\/newyorkhipknee.com\/wp-content\/uploads\/2022\/10\/image1-3.jpg"},{"@type":"BreadcrumbList","@id":"https:\/\/www.newyorkhipknee.com\/es\/indemnizacion-por-accidente-laboral\/perdida-de-uso-programada\/extremidades-superiores-codo\/#breadcrumb","itemListElement":[{"@type":"ListItem","position":1,"name":"Home","item":"https:\/\/www.newyorkhipknee.com\/es\/"},{"@type":"ListItem","position":2,"name":"Indemnizaci\u00f3n por accidente laboral","item":"https:\/\/www.newyorkhipknee.com\/es\/indemnizacion-por-accidente-laboral\/"},{"@type":"ListItem","position":3,"name":"P\u00e9rdida de uso programada","item":"https:\/\/www.newyorkhipknee.com\/es\/indemnizacion-por-accidente-laboral\/perdida-de-uso-programada\/"},{"@type":"ListItem","position":4,"name":"Extremidades superiores &#8211; Codo"}]},{"@type":"WebSite","@id":"https:\/\/www.newyorkhipknee.com\/es\/#website","url":"https:\/\/www.newyorkhipknee.com\/es\/","name":"Best Hip & Knee Surgeon | NY, USA","description":"","potentialAction":[{"@type":"SearchAction","target":{"@type":"EntryPoint","urlTemplate":"https:\/\/www.newyorkhipknee.com\/es\/?s={search_term_string}"},"query-input":{"@type":"PropertyValueSpecification","valueRequired":true,"valueName":"search_term_string"}}],"inLanguage":"es"}]}},"_links":{"self":[{"href":"https:\/\/www.newyorkhipknee.com\/es\/wp-json\/wp\/v2\/pages\/16881","targetHints":{"allow":["GET"]}}],"collection":[{"href":"https:\/\/www.newyorkhipknee.com\/es\/wp-json\/wp\/v2\/pages"}],"about":[{"href":"https:\/\/www.newyorkhipknee.com\/es\/wp-json\/wp\/v2\/types\/page"}],"author":[{"embeddable":true,"href":"https:\/\/www.newyorkhipknee.com\/es\/wp-json\/wp\/v2\/users\/15"}],"replies":[{"embeddable":true,"href":"https:\/\/www.newyorkhipknee.com\/es\/wp-json\/wp\/v2\/comments?post=16881"}],"version-history":[{"count":0,"href":"https:\/\/www.newyorkhipknee.com\/es\/wp-json\/wp\/v2\/pages\/16881\/revisions"}],"up":[{"embeddable":true,"href":"https:\/\/www.newyorkhipknee.com\/es\/wp-json\/wp\/v2\/pages\/16876"}],"wp:attachment":[{"href":"https:\/\/www.newyorkhipknee.com\/es\/wp-json\/wp\/v2\/media?parent=16881"}],"curies":[{"name":"wp","href":"https:\/\/api.w.org\/{rel}","templated":true}]}}