{"id":20781,"date":"2023-10-31T12:51:04","date_gmt":"2023-10-31T16:51:04","guid":{"rendered":"https:\/\/newyorkhipknee.com\/contacto\/stony-brook-mejor-cirujano-de-protesis-de-cadera-y-rodilla\/kings-park-ny\/"},"modified":"2023-10-31T12:51:04","modified_gmt":"2023-10-31T16:51:04","slug":"kings-park-ny","status":"publish","type":"page","link":"https:\/\/www.newyorkhipknee.com\/es\/contacto\/stony-brook-mejor-cirujano-de-protesis-de-cadera-y-rodilla\/kings-park-ny\/","title":{"rendered":"Kings Park, NY"},"content":{"rendered":"<h1>Bienvenido a la Excelencia Ortop\u00e9dica del Dr. Nakul Karkare, su proveedor de atenci\u00f3n ortop\u00e9dica de confianza en Kings Park, NY.<\/h1>\n<p>Nos dedicamos a proporcionar servicios ortop\u00e9dicos de alta calidad adaptados a sus necesidades \u00fanicas. Aunque nuestra ubicaci\u00f3n principal est\u00e1 en Stony Brook, estamos encantados de ofrecer nuestra experiencia a Kings Park, NY, y las regiones circundantes.<\/p>\n<p>Nuestro equipo de expertos ortop\u00e9dicos experimentados en la Excelencia Ortop\u00e9dica del Dr. Nakul Karkare se dedica a ofrecer una atenci\u00f3n personalizada y tratamientos de vanguardia destinados a restaurar su movilidad, aliviar las molestias y mejorar su calidad de vida en general. Si usted reside en Centereach o Ridge, estamos aqu\u00ed para apoyar su bienestar ortop\u00e9dica.<\/p>\n<h2>Estamos orgullosos de ofrecer una amplia gama de servicios ortop\u00e9dicos en Kings Park, NY:<\/h2>\n<h2><a href=\"https:\/\/newyorkhipknee.com\/hip-replacement-surgery\/\" target=\"_blank\" rel=\"noopener\"><strong>Cirug\u00eda de reemplazo de cadera:<\/strong><\/a><\/h2>\n<p><strong>Prop\u00f3sito<\/strong>: La cirug\u00eda de reemplazo de cadera se recomienda para personas que se enfrentan a da\u00f1os en las articulaciones de la cadera causados por afecciones como osteoartritis, artritis reumatoide o fracturas. El objetivo principal es aliviar las molestias, restaurar la movilidad y mejorar la calidad de vida en general.<\/p>\n<p><strong>Procedimiento<\/strong>: Hay dos tipos principales de reemplazos de cadera disponibles: reemplazo total de cadera (THR) y reemplazo parcial de cadera (hemiartroplastia). La THR implica reemplazar tanto la bola como la cavidad de la articulaci\u00f3n de la cadera, mientras que la hemiartroplastia se ocupa solo del componente de la bola.<\/p>\n<p><strong>Implantes<\/strong>: Por lo general, los componentes artificiales de la articulaci\u00f3n de la cadera se fabrican con materiales como metal, pl\u00e1stico o cer\u00e1mica, elegidos en funci\u00f3n de la edad, el nivel de actividad y las necesidades espec\u00edficas del paciente.<\/p>\n<p><strong>Recuperaci\u00f3n<\/strong>: Despu\u00e9s del procedimiento, los pacientes se someten a fisioterapia para recuperar la fuerza y la movilidad, lo que reduce el dolor y mejora la funci\u00f3n de la cadera.<\/p>\n<p>&nbsp;<\/p>\n<h2><a href=\"https:\/\/newyorkhipknee.com\/custom-knee-replacement-surgery\/\" target=\"_blank\" rel=\"noopener\"><strong>Reemplazo de rodilla personalizado:<\/strong><\/a><\/h2>\n<p><strong>Prop\u00f3sito<\/strong>: El reemplazo de rodilla personalizado ofrece un enfoque personalizado para la artroplastia de rodilla, ideal para personas con dolor severo de rodilla o da\u00f1o en las articulaciones que no responden a los tratamientos conservadores.<\/p>\n<p><strong>Procedimiento<\/strong>: Las im\u00e1genes avanzadas y el modelado por computadora eval\u00faan la anatom\u00eda de la rodilla del paciente antes de la cirug\u00eda, lo que permite el dise\u00f1o de un implante de rodilla personalizado adaptado a su anatom\u00eda \u00fanica.<\/p>\n<p><strong>Beneficios<\/strong>: Los reemplazos de rodilla personalizados a menudo conducen a una mejor alineaci\u00f3n, estabilidad y reducci\u00f3n del dolor en comparaci\u00f3n con los reemplazos de rodilla est\u00e1ndar.<\/p>\n<p><strong>Recuperaci\u00f3n<\/strong>: El proceso de recuperaci\u00f3n implica fisioterapia para recuperar la fuerza y el rango de movimiento de la rodilla, lo que generalmente resulta en una reducci\u00f3n del dolor y una mejor funci\u00f3n de la rodilla.<\/p>\n<p>&nbsp;<\/p>\n<h1>Acerca de Kings Park, NY<\/h1>\n<p>Kings Park es una comunidad y un lugar designado por el censo (CDP) situado dentro de la ciudad de Smithtown en el condado de Suffolk, Long Island, Nueva York, EE. UU. Seg\u00fan el censo de 2010, la poblaci\u00f3n de Kings Park fue de 17.282 residentes.<\/p>\n<p>Kings Park es conocido principalmente por el infame Centro Psiqui\u00e1trico Kings Park, que se convirti\u00f3 en una caracter\u00edstica prominente en la comunidad. Sin embargo, la historia de Kings Park es anterior al establecimiento del hospital psiqui\u00e1trico.<\/p>\n<p>A principios de la d\u00e9cada de 1860, un sacerdote episcopal llamado William Augustus Muhlenberg fund\u00f3 Kings Park, inicialmente llamado Saint Johnland.<\/p>\n<p>Esta comunidad fue concebida como un asentamiento agr\u00edcola cristiano y dio la bienvenida a trabajadores inmigrantes irlandeses e italianos. Saint Johnland tambi\u00e9n sirvi\u00f3 como refugio para miembros desfavorecidos de la clase obrera protestante y ni\u00f1os hu\u00e9rfanos.<\/p>\n<p>Durante la d\u00e9cada de 1880, aproximadamente 870 acres de tierra adyacente fueron vendidos a funcionarios de Brooklyn (parte del condado de Kings). En 1885, la Granja del Condado de Kings se estableci\u00f3 en esta tierra para brindar atenci\u00f3n a los empobrecidos y enfermos mentales. Con el tiempo, se construyeron numerosos edificios, creando una comunidad autosuficiente que apoyaba a esta instituci\u00f3n para personas con enfermedades mentales y criminales.<\/p>\n<p>M\u00e1s tarde se conoci\u00f3 como el Hospital Estatal de Kings Park, y el \u00e1rea circundante adopt\u00f3 el nombre de Kings Park. Como uno de los mayores centros de salud mental del pa\u00eds, el Kings Park State Hospital trat\u00f3 a miles de pacientes de Nueva York y sus alrededores.<\/p>\n<p>El hospital dej\u00f3 de funcionar a principios de la d\u00e9cada de 1990, casi un siglo despu\u00e9s de su fundaci\u00f3n. Muchas de las estructuras envejecidas y deterioradas fueron demolidas, y parte de la tierra, que ofrec\u00eda vistas panor\u00e1micas del estrecho de Long Island, se transform\u00f3 en un parque estatal.<\/p>\n<p>&nbsp;<\/p>\n<h1>Demograf\u00eda<\/h1>\n<p>En el censo de 2010, Kings Park ten\u00eda una poblaci\u00f3n de 17.282 residentes y era el hogar de 6.212 hogares. La densidad de poblaci\u00f3n era de 2.787,4 personas por milla cuadrada (1.076,2\/km2), con 6.469 viviendas a una densidad media de 1.043,4 por milla cuadrada (402,9\/km2).<\/p>\n<p>La composici\u00f3n racial del CDP era 80,1% blanca, 5,1% afroamericana, 0,1% nativa americana, 8,4% asi\u00e1tica, 0,02% isle\u00f1a del Pac\u00edfico, 4,9% de otros or\u00edgenes raciales y 1,3% identificada como de dos o m\u00e1s razas. Los hispanos o latinos de cualquier raza representaron el 16.3% de la poblaci\u00f3n.<\/p>\n<p>Dentro de los 6.212 hogares, aproximadamente el 34,6% ten\u00eda hijos menores de 18 a\u00f1os que viv\u00edan con ellos, mientras que el 60,2% estaba compuesto por parejas casadas que viv\u00edan juntas.<\/p>\n<p>Alrededor del 9,4% de los hogares estaban encabezados por una mujer cabeza de familia sin la presencia del marido, y el 27,1% eran hogares no familiares. Adem\u00e1s, el 23,3% de todos los hogares estaban formados por personas, y el 12,1% eran personas de 65 a\u00f1os o m\u00e1s. El tama\u00f1o promedio de los hogares era de 2,71 personas y el tama\u00f1o promedio de las familias era de 3,24 personas.<\/p>\n<p>La distribuci\u00f3n de la poblaci\u00f3n por edad en el PDC fue la siguiente: 23,3% menores de 18 a\u00f1os, 6,6% entre 18 y 24 a\u00f1os, 23,4% de 25 a 44 a\u00f1os, 29,4% de 45 a 64 a\u00f1os y 17,2% de 65 a\u00f1os o m\u00e1s. La mediana de edad fue de 43,3 a\u00f1os. Por cada 100 mujeres, hab\u00eda 93,7 hombres, y por cada 100 mujeres de 18 a\u00f1os o m\u00e1s, hab\u00eda 90,8 hombres.<\/p>\n<p>En cuanto a los ingresos, durante el per\u00edodo de 2007 a 2011, el ingreso medio anual de los hogares del CDP fue de $92.921, mientras que el ingreso medio de las familias fue de $106.128. Los hombres ten\u00edan unos ingresos medios de 78.882 d\u00f3lares, frente a los 55.872 d\u00f3lares de las mujeres.<\/p>\n<p>El ingreso per c\u00e1pita para el CDP fue de $37,980. Aproximadamente el 1,6% de las familias y el 3,3% de la poblaci\u00f3n estaban por debajo del umbral de pobreza, de los cuales el 2,6% eran menores de 18 a\u00f1os y el 6,3% ten\u00edan 65 a\u00f1os o m\u00e1s.<\/p>\n<p>Kings Park tiene una comunidad predominantemente cat\u00f3lica, con casi el 60% de sus residentes que se identifican como cat\u00f3licos. La parroquia de la ciudad, St. Joseph&#8217;s, es la comunidad religiosa m\u00e1s grande de la ciudad de Smithtown, con el padre Peter J. Dugandzic como p\u00e1rroco desde el 26 de junio de 2019.<\/p>\n<p>&nbsp;<\/p>\n<h1>Turismo<\/h1>\n<p>El turismo en Kings Park, Nueva York, ofrece una combinaci\u00f3n \u00fanica de sitios hist\u00f3ricos, belleza natural y oportunidades recreativas. Si bien Kings Park es conocido principalmente por su historia, incluido el Centro Psiqui\u00e1trico Kings Park, hay varias atracciones y actividades que pueden hacer que su visita sea memorable:<\/p>\n<p>Parque Estatal del R\u00edo Nissequogue: Este parque estatal, ubicado en Kings Park, ofrece un entorno esc\u00e9nico para los entusiastas de las actividades al aire libre. Los visitantes pueden disfrutar de rutas de senderismo, \u00e1reas de picnic, observaci\u00f3n de aves y pesca a lo largo del r\u00edo Nissequogue. La diversidad de su ecosistema y la tranquilidad de su entorno lo convierten en el lugar perfecto para pasar un d\u00eda de relax.<\/p>\n<p>Centro psiqui\u00e1trico de Kings Park: Si bien ya no es un centro psiqui\u00e1trico en funcionamiento, los edificios abandonados de la antigua instituci\u00f3n se han convertido en un destino para los exploradores urbanos y aquellos interesados en la historia de la atenci\u00f3n de la salud mental. Sin embargo, tenga en cuenta que explorar estos edificios puede ser peligroso y a menudo no est\u00e1 permitido, as\u00ed que proceda con precauci\u00f3n y respeto por la historia del lugar.<\/p>\n<p>Museo del Patrimonio de Kings Park: Este museo local muestra la historia de Kings Park y Saint Johnland, y ofrece informaci\u00f3n sobre los or\u00edgenes y el desarrollo de la comunidad. Es un lugar excelente para conocer la rica historia de la zona y su transformaci\u00f3n a lo largo de los a\u00f1os.<\/p>\n<p>Eventos culturales: Kings Park alberga varios eventos culturales y festivales durante todo el a\u00f1o. Consulte el calendario de eventos locales para conocer las exposiciones de arte, las actuaciones en vivo y las reuniones comunitarias que pueden coincidir con su visita.<\/p>\n<p>Restaurantes locales: Explora la escena culinaria de Kings Park cenando en sus restaurantes locales. Tanto si le apetece marisco, cocina italiana o comida americana cl\u00e1sica, encontrar\u00e1 una gran variedad de opciones gastron\u00f3micas que se adaptan a sus preferencias.<\/p>\n<p>Actividades al aire libre: La belleza natural de Kings Park y su proximidad a Long Island Sound brindan oportunidades para realizar actividades al aire libre como kayak, paddleboard y disfrutar de la costa. Las playas y parques cercanos ofrecen espacios adicionales para la relajaci\u00f3n y la recreaci\u00f3n.<\/p>\n<p>Lugares hist\u00f3ricos: Adem\u00e1s del Centro Psiqui\u00e1trico Kings Park, Kings Park cuenta con otros lugares hist\u00f3ricos y monumentos, como iglesias, cementerios y edificios que muestran el patrimonio de la comunidad.<\/p>\n<p>Compras: Explora las tiendas y boutiques locales de Kings Park para descubrir regalos \u00fanicos, antig\u00fcedades y artesan\u00edas hechas a mano de la zona.<\/p>\n<p>Puede que Kings Park no sea un destino tur\u00edstico bullicioso, pero su importancia hist\u00f3rica, su belleza natural y sus eventos comunitarios lo convierten en un lugar atractivo para visitar para aquellos que buscan explorar las joyas ocultas de Long Island. Si le interesa la historia, las actividades al aire libre o simplemente disfrutar de una escapada tranquila, Kings Park tiene algo que ofrecerle.<\/p>\n<p>&nbsp;<\/p>\n<h2>Centros de radiolog\u00eda cerca de Kings Park, NY:<\/h2>\n<ol>\n<li aria-level=\"1\"><b>Radiolog\u00eda Zwanger Pesiri &#8211; Smith<\/b>town West: Situado en 987 W Jericho Tpke, Smithtown, NY 11787, este centro ofrece una amplia gama de servicios de imagen m\u00e9dica, incluyendo mamograf\u00eda 3D, resonancia magn\u00e9tica, tomograf\u00eda computarizada, ultrasonido, rayos X, y mucho m\u00e1s.<\/li>\n<li aria-level=\"1\"><b>Asociados de Radiolog\u00eda de Long Island<\/b>: Situado en 227 Franklin Ave, Hewlett, NY 11557, este centro ofrece servicios de mamograf\u00eda, laboratorios de rayos X m\u00e9dicos y dentales, y mucho m\u00e1s.<\/li>\n<li aria-level=\"1\"><b>Long Island Diagnostic Imaging<\/b>: Situado en 23 Technology Dr Ste 1, East Setauket, NY 11733, este centro ofrece resonancia magn\u00e9tica y otros servicios de radiolog\u00eda .<\/li>\n<li aria-level=\"1\"><b>Asociados Radiol\u00f3gicos de Long<\/b> Island: Situado en 185 Merrick Rd, Oceanside, NY 11572, este centro ofrece una amplia gama de servicios de radiolog\u00eda incluyendo mamograf\u00eda y rayos X.<a href=\"https:\/\/bing.com\/search?q=radiology+center+near+kings+park%2c+NY\"> <\/a><\/li>\n<li aria-level=\"1\"><b>Advanced Medical Imaging of Long Island PC<\/b>: Situado en 907 Northern Blvd, Great Neck, NY 11021, este centro ofrece servicios de imagen m\u00e9dica, incluyendo laboratorios de rayos X y servicios de imagen m\u00e9dica y dental .<\/li>\n<\/ol>\n<p>&nbsp;<\/p>\n<h2>Farmacias cerca de East Kings Park, NY:<\/h2>\n<ol>\n<li aria-level=\"1\"><b>Farmacia<\/b> Kings Park: Ubicada en 36 Indian Head Rd en Kings Park, NY, esta farmacia ofrece medicamentos recetados y medicamentos, recogida en la acera, entrega el mismo d\u00eda, pedidos especiales de medicamentos, productos nutricionales, de salud y belleza, y mucho m\u00e1s.<\/li>\n<li aria-level=\"1\"><b>Farmacia Rite Aid<\/b>: Situada en 18 Indian Head Rd en Kings Park, NY, esta farmacia ofrece medicamentos con receta y medicaci\u00f3n.<\/li>\n<li aria-level=\"1\"><b>Farmacia CVS<\/b>: Situada en 750 Route 25A en Kings Park, NY, esta farmacia ofrece medicamentos con receta y medicaci\u00f3n.<br \/>\n<a href=\"https:\/\/www.goodrx.com\/pharmacy-near-me\/cvs-pharmacy\/ny\/kings-park\"> <\/a><\/li>\n<\/ol>\n<h2><\/h2>\n<h2>Indicaciones<\/h2>\n<p>Aqu\u00ed est\u00e1n las instrucciones desde Kings Park, NY a Complete Orthopedics ubicado en 2500 Nesconset Hwy, Building 10D, Stony Brook, NY 11790:<\/p>\n<ol>\n<li aria-level=\"1\">Dir\u00edjase al norte por NY-25A E \/ E Main St hacia Old Dock Rd.<\/li>\n<li aria-level=\"1\">Gire a la derecha en Indian Head Rd.<\/li>\n<li aria-level=\"1\">Gire a la izquierda en NY-25A E \/ Pulaski Rd.<\/li>\n<li aria-level=\"1\">Gire a la derecha en Nichols Rd.<\/li>\n<li aria-level=\"1\">Gire a la izquierda en NY-347 E \/ Nesconset Hwy.<\/li>\n<li aria-level=\"1\">Gire a la izquierda y Complete Orthopedics estar\u00e1 a la derecha.<\/li>\n<\/ol>\n<p>La distancia total es de aproximadamente 7 millas y deber\u00eda tomar alrededor de 15 minutos conducir, dependiendo de las condiciones del tr\u00e1fico.<\/p>\n<p>&nbsp;<\/p>\n<h2>Hospitales y centro de atenci\u00f3n de urgencias cerca de Kings Park,NY<\/h2>\n<div>\n<div class=\"LBgpqf\">\n<div class=\"skqShb \">\n<p><strong>CityMD Smithtown Urgent Care<\/strong> &#8211; Long Island 519 W Jericho Turnpike, Smithtown, NY 11787<br \/>\n<strong>Kings Park Atenci\u00f3n M\u00e9dica Primaria<\/strong> 65 Indian Head Rd # 1, Kings Park, NY 11754<br \/>\n<strong>Centro M\u00e9dico Northport VA<\/strong> 79 Middleville Rd, Northport, NY 11768<\/p>\n<\/div>\n<\/div>\n<\/div>\n<div class=\"LBgpqf\">\n<div class=\"skqShb \"><\/div>\n<\/div>\n<p>&nbsp;<\/p>\n<p>En el coraz\u00f3n de nuestra misi\u00f3n est\u00e1 brindar atenci\u00f3n ortop\u00e9dica integral a los pacientes dentro de nuestra comunidad, incluidos los mencionados anteriormente. Ya sea que acuda a nosotros a trav\u00e9s de una referencia para un tratamiento ortop\u00e9dico o busque orientaci\u00f3n para cualquier inquietud ortop\u00e9dica, nuestro equipo dedicado las 24 horas del d\u00eda, los 7 d\u00edas de la semana, siempre est\u00e1 a solo una llamada de distancia. Estamos aqu\u00ed para brindarle asistencia r\u00e1pida y compasiva.<\/p>\n<p>Entendemos que muchas personas buscan tratamiento para lesiones relacionadas con el trabajo cubiertas por la compensaci\u00f3n laboral y el seguro sin culpa en centros de atenci\u00f3n de urgencia y hospitales. Si su lesi\u00f3n no requiere una visita al hospital, estaremos encantados de ofrecerle un tratamiento ortop\u00e9dico especializado adaptado a su caso espec\u00edfico. No dude en ponerse en contacto con nosotros para concertar una cita hoy mismo. Su bienestar sigue siendo nuestra m\u00e1xima prioridad.<\/p>\n","protected":false},"excerpt":{"rendered":"<p>Bienvenido a la Excelencia Ortop\u00e9dica del Dr. Nakul Karkare, su proveedor de atenci\u00f3n ortop\u00e9dica de confianza en Kings Park, NY. Nos dedicamos a proporcionar servicios ortop\u00e9dicos de alta calidad adaptados a sus necesidades \u00fanicas. Aunque nuestra ubicaci\u00f3n principal est\u00e1 en Stony Brook, estamos encantados de ofrecer nuestra experiencia a Kings Park, NY, y las regiones [&hellip;]<\/p>\n","protected":false},"author":33,"featured_media":0,"parent":16546,"menu_order":0,"comment_status":"closed","ping_status":"closed","template":"","meta":{"_et_pb_use_builder":"","_et_pb_old_content":"","_et_gb_content_width":"","footnotes":""},"class_list":["post-20781","page","type-page","status-publish","hentry"],"yoast_head":"<!-- This site is optimized with the Yoast SEO plugin v27.2 - https:\/\/yoast.com\/product\/yoast-seo-wordpress\/ -->\n<title>Kings Park, NY | Best Hip &amp; Knee Surgeon | NY, USA<\/title>\n<meta name=\"description\" content=\"Bienvenido a la Excelencia Ortop\u00e9dica del Dr. Nakul Karkare, su proveedor de atenci\u00f3n ortop\u00e9dica de confianza en Kings Park, NY. Nos dedicamos a\" \/>\n<meta name=\"robots\" content=\"index, follow, max-snippet:-1, max-image-preview:large, max-video-preview:-1\" \/>\n<link rel=\"canonical\" href=\"https:\/\/www.newyorkhipknee.com\/es\/contacto\/stony-brook-mejor-cirujano-de-protesis-de-cadera-y-rodilla\/kings-park-ny\/\" \/>\n<meta property=\"og:locale\" content=\"es_ES\" \/>\n<meta property=\"og:type\" content=\"article\" \/>\n<meta property=\"og:title\" content=\"Kings Park, NY | Best Hip &amp; Knee Surgeon | NY, USA\" \/>\n<meta property=\"og:description\" content=\"Bienvenido a la Excelencia Ortop\u00e9dica del Dr. Nakul Karkare, su proveedor de atenci\u00f3n ortop\u00e9dica de confianza en Kings Park, NY. Nos dedicamos a\" \/>\n<meta property=\"og:url\" content=\"https:\/\/www.newyorkhipknee.com\/es\/contacto\/stony-brook-mejor-cirujano-de-protesis-de-cadera-y-rodilla\/kings-park-ny\/\" \/>\n<meta property=\"og:site_name\" content=\"Best Hip &amp; Knee Surgeon | NY, USA\" \/>\n<meta name=\"twitter:card\" content=\"summary_large_image\" \/>\n<meta name=\"twitter:label1\" content=\"Tiempo de lectura\" \/>\n\t<meta name=\"twitter:data1\" content=\"11 minutos\" \/>\n<script type=\"application\/ld+json\" class=\"yoast-schema-graph\">{\"@context\":\"https:\/\/schema.org\",\"@graph\":[{\"@type\":[\"WebPage\",\"MedicalWebPage\"],\"@id\":\"https:\/\/www.newyorkhipknee.com\/es\/contacto\/stony-brook-mejor-cirujano-de-protesis-de-cadera-y-rodilla\/kings-park-ny\/\",\"url\":\"https:\/\/www.newyorkhipknee.com\/es\/contacto\/stony-brook-mejor-cirujano-de-protesis-de-cadera-y-rodilla\/kings-park-ny\/\",\"name\":\"Kings Park, NY | Best Hip &amp; Knee Surgeon | NY, USA\",\"isPartOf\":{\"@id\":\"https:\/\/www.newyorkhipknee.com\/es\/#website\"},\"datePublished\":\"2023-10-31T16:51:04+00:00\",\"description\":\"Bienvenido a la Excelencia Ortop\u00e9dica del Dr. Nakul Karkare, su proveedor de atenci\u00f3n ortop\u00e9dica de confianza en Kings Park, NY. Nos dedicamos a\",\"breadcrumb\":{\"@id\":\"https:\/\/www.newyorkhipknee.com\/es\/contacto\/stony-brook-mejor-cirujano-de-protesis-de-cadera-y-rodilla\/kings-park-ny\/#breadcrumb\"},\"inLanguage\":\"es\",\"potentialAction\":[{\"@type\":\"ReadAction\",\"target\":[\"https:\/\/www.newyorkhipknee.com\/es\/contacto\/stony-brook-mejor-cirujano-de-protesis-de-cadera-y-rodilla\/kings-park-ny\/\"]}]},{\"@type\":\"BreadcrumbList\",\"@id\":\"https:\/\/www.newyorkhipknee.com\/es\/contacto\/stony-brook-mejor-cirujano-de-protesis-de-cadera-y-rodilla\/kings-park-ny\/#breadcrumb\",\"itemListElement\":[{\"@type\":\"ListItem\",\"position\":1,\"name\":\"Home\",\"item\":\"https:\/\/www.newyorkhipknee.com\/es\/\"},{\"@type\":\"ListItem\",\"position\":2,\"name\":\"Contacto\",\"item\":\"https:\/\/www.newyorkhipknee.com\/es\/contacto\/\"},{\"@type\":\"ListItem\",\"position\":3,\"name\":\"Stony Brook &#8211; Mejor cirujano de pr\u00f3tesis de cadera y rodilla\",\"item\":\"https:\/\/www.newyorkhipknee.com\/es\/contacto\/stony-brook-mejor-cirujano-de-protesis-de-cadera-y-rodilla\/\"},{\"@type\":\"ListItem\",\"position\":4,\"name\":\"Kings Park, NY\"}]},{\"@type\":\"WebSite\",\"@id\":\"https:\/\/www.newyorkhipknee.com\/es\/#website\",\"url\":\"https:\/\/www.newyorkhipknee.com\/es\/\",\"name\":\"Best Hip & Knee Surgeon | NY, USA\",\"description\":\"\",\"potentialAction\":[{\"@type\":\"SearchAction\",\"target\":{\"@type\":\"EntryPoint\",\"urlTemplate\":\"https:\/\/www.newyorkhipknee.com\/es\/?s={search_term_string}\"},\"query-input\":{\"@type\":\"PropertyValueSpecification\",\"valueRequired\":true,\"valueName\":\"search_term_string\"}}],\"inLanguage\":\"es\"}]}<\/script>\n<!-- \/ Yoast SEO plugin. -->","yoast_head_json":{"title":"Kings Park, NY | Best Hip &amp; Knee Surgeon | NY, USA","description":"Bienvenido a la Excelencia Ortop\u00e9dica del Dr. Nakul Karkare, su proveedor de atenci\u00f3n ortop\u00e9dica de confianza en Kings Park, NY. Nos dedicamos a","robots":{"index":"index","follow":"follow","max-snippet":"max-snippet:-1","max-image-preview":"max-image-preview:large","max-video-preview":"max-video-preview:-1"},"canonical":"https:\/\/www.newyorkhipknee.com\/es\/contacto\/stony-brook-mejor-cirujano-de-protesis-de-cadera-y-rodilla\/kings-park-ny\/","og_locale":"es_ES","og_type":"article","og_title":"Kings Park, NY | Best Hip &amp; Knee Surgeon | NY, USA","og_description":"Bienvenido a la Excelencia Ortop\u00e9dica del Dr. Nakul Karkare, su proveedor de atenci\u00f3n ortop\u00e9dica de confianza en Kings Park, NY. Nos dedicamos a","og_url":"https:\/\/www.newyorkhipknee.com\/es\/contacto\/stony-brook-mejor-cirujano-de-protesis-de-cadera-y-rodilla\/kings-park-ny\/","og_site_name":"Best Hip &amp; Knee Surgeon | NY, USA","twitter_card":"summary_large_image","twitter_misc":{"Tiempo de lectura":"11 minutos"},"schema":{"@context":"https:\/\/schema.org","@graph":[{"@type":["WebPage","MedicalWebPage"],"@id":"https:\/\/www.newyorkhipknee.com\/es\/contacto\/stony-brook-mejor-cirujano-de-protesis-de-cadera-y-rodilla\/kings-park-ny\/","url":"https:\/\/www.newyorkhipknee.com\/es\/contacto\/stony-brook-mejor-cirujano-de-protesis-de-cadera-y-rodilla\/kings-park-ny\/","name":"Kings Park, NY | Best Hip &amp; Knee Surgeon | NY, USA","isPartOf":{"@id":"https:\/\/www.newyorkhipknee.com\/es\/#website"},"datePublished":"2023-10-31T16:51:04+00:00","description":"Bienvenido a la Excelencia Ortop\u00e9dica del Dr. Nakul Karkare, su proveedor de atenci\u00f3n ortop\u00e9dica de confianza en Kings Park, NY. Nos dedicamos a","breadcrumb":{"@id":"https:\/\/www.newyorkhipknee.com\/es\/contacto\/stony-brook-mejor-cirujano-de-protesis-de-cadera-y-rodilla\/kings-park-ny\/#breadcrumb"},"inLanguage":"es","potentialAction":[{"@type":"ReadAction","target":["https:\/\/www.newyorkhipknee.com\/es\/contacto\/stony-brook-mejor-cirujano-de-protesis-de-cadera-y-rodilla\/kings-park-ny\/"]}]},{"@type":"BreadcrumbList","@id":"https:\/\/www.newyorkhipknee.com\/es\/contacto\/stony-brook-mejor-cirujano-de-protesis-de-cadera-y-rodilla\/kings-park-ny\/#breadcrumb","itemListElement":[{"@type":"ListItem","position":1,"name":"Home","item":"https:\/\/www.newyorkhipknee.com\/es\/"},{"@type":"ListItem","position":2,"name":"Contacto","item":"https:\/\/www.newyorkhipknee.com\/es\/contacto\/"},{"@type":"ListItem","position":3,"name":"Stony Brook &#8211; Mejor cirujano de pr\u00f3tesis de cadera y rodilla","item":"https:\/\/www.newyorkhipknee.com\/es\/contacto\/stony-brook-mejor-cirujano-de-protesis-de-cadera-y-rodilla\/"},{"@type":"ListItem","position":4,"name":"Kings Park, NY"}]},{"@type":"WebSite","@id":"https:\/\/www.newyorkhipknee.com\/es\/#website","url":"https:\/\/www.newyorkhipknee.com\/es\/","name":"Best Hip & Knee Surgeon | NY, USA","description":"","potentialAction":[{"@type":"SearchAction","target":{"@type":"EntryPoint","urlTemplate":"https:\/\/www.newyorkhipknee.com\/es\/?s={search_term_string}"},"query-input":{"@type":"PropertyValueSpecification","valueRequired":true,"valueName":"search_term_string"}}],"inLanguage":"es"}]}},"_links":{"self":[{"href":"https:\/\/www.newyorkhipknee.com\/es\/wp-json\/wp\/v2\/pages\/20781","targetHints":{"allow":["GET"]}}],"collection":[{"href":"https:\/\/www.newyorkhipknee.com\/es\/wp-json\/wp\/v2\/pages"}],"about":[{"href":"https:\/\/www.newyorkhipknee.com\/es\/wp-json\/wp\/v2\/types\/page"}],"author":[{"embeddable":true,"href":"https:\/\/www.newyorkhipknee.com\/es\/wp-json\/wp\/v2\/users\/33"}],"replies":[{"embeddable":true,"href":"https:\/\/www.newyorkhipknee.com\/es\/wp-json\/wp\/v2\/comments?post=20781"}],"version-history":[{"count":0,"href":"https:\/\/www.newyorkhipknee.com\/es\/wp-json\/wp\/v2\/pages\/20781\/revisions"}],"up":[{"embeddable":true,"href":"https:\/\/www.newyorkhipknee.com\/es\/wp-json\/wp\/v2\/pages\/16546"}],"wp:attachment":[{"href":"https:\/\/www.newyorkhipknee.com\/es\/wp-json\/wp\/v2\/media?parent=20781"}],"curies":[{"name":"wp","href":"https:\/\/api.w.org\/{rel}","templated":true}]}}