{"id":20806,"date":"2023-11-14T16:15:36","date_gmt":"2023-11-14T21:15:36","guid":{"rendered":"https:\/\/newyorkhipknee.com\/contacto\/riverhead-mejor-cirujano-de-reemplazo-de-rodilla-y-cadera\/wainscott-nueva-york\/"},"modified":"2023-11-14T16:15:36","modified_gmt":"2023-11-14T21:15:36","slug":"wainscott-nueva-york","status":"publish","type":"page","link":"https:\/\/www.newyorkhipknee.com\/es\/contacto\/riverhead-mejor-cirujano-de-reemplazo-de-rodilla-y-cadera\/wainscott-nueva-york\/","title":{"rendered":"Wainscott, Nueva York"},"content":{"rendered":"<h1><strong>Dr. Nakul Karkare Excelencia Ortop\u00e9dica: Su socio de confianza para el cuidado ortop\u00e9dico en Wainscott, NY<\/strong><\/h1>\n<p>Bienvenido a Dr. Karkare Ortopedia Excelencia, donde estamos orgullosos de servir como su principal proveedor de atenci\u00f3n ortop\u00e9dica, la ampliaci\u00f3n de nuestros servicios excepcionales a los residentes de Wainscott, NY.<\/p>\n<p>Mientras que nuestra ubicaci\u00f3n principal se encuentra en <a href=\"https:\/\/newyorkhipknee.com\/contact\/riverhead-orthopedic-surgeon\/about-riverhead-ny\/\" target=\"_blank\" rel=\"noopener\">Riverhead<\/a>, NY, nuestro compromiso de ofrecer atenci\u00f3n ortop\u00e9dica de alta calidad a la comunidad Wainscott sigue siendo inquebrantable.<\/p>\n<p>El Dr. Nakul Karkare siempre dar\u00e1 prioridad a su bienestar ortop\u00e9dico, y nuestra misi\u00f3n es ser su socio de confianza en el logro de una mayor movilidad, reducci\u00f3n del dolor, y una mejor calidad de vida.<\/p>\n<h2>He aqu\u00ed por qu\u00e9 usted debe considerar el Dr. Nakul Karkare Ortopedia Excelencia:<\/h2>\n<p><strong>Atenci\u00f3n ortop\u00e9dica experta:<\/strong> Nuestro equipo est\u00e1 compuesto por especialistas ortop\u00e9dicos altamente cualificados con una profunda dedicaci\u00f3n a ofrecer el m\u00e1s alto nivel de atenci\u00f3n. Gracias a sus amplios conocimientos y experiencia, podemos diagnosticar y tratar eficazmente una amplia gama de afecciones ortop\u00e9dicas.<\/p>\n<p><strong>Tratamiento personalizado:<\/strong> Entendemos que cada paciente es \u00fanico, y nuestros planes de tratamiento se adaptan meticulosamente a sus necesidades y aspiraciones espec\u00edficas. Tu camino hacia la recuperaci\u00f3n es tan individual como t\u00fa.<\/p>\n<p><strong>Acceso conveniente:<\/strong> Mientras que nuestra ubicaci\u00f3n principal es en Riverhead , nuestro compromiso con la comunidad Wainscott asegura una excelente atenci\u00f3n ortop\u00e9dica nunca est\u00e1 lejos. Creemos firmemente que todo el mundo deber\u00eda tener acceso a servicios ortop\u00e9dicos de primera categor\u00eda.<\/p>\n<p>Su salud ortop\u00e9dica y su bienestar general son nuestras principales preocupaciones. Si usted est\u00e1 luchando con dolor en las articulaciones, lesiones relacionadas con el deporte, fracturas o cualquier otro problema ortop\u00e9dico, estamos aqu\u00ed para ayudarle a llevar una vida m\u00e1s plena.<\/p>\n<p>Si usted est\u00e1 buscando atenci\u00f3n ortop\u00e9dica en Wainscott, por favor no dude en ponerse en contacto con nosotros. Estamos deseando convertirnos en su socio en el viaje hacia una vida m\u00e1s sana y activa.<\/p>\n<p><strong>Acerca del Dr. Nakul Karkare:<\/strong> Dr. Nakul Karkare es un cirujano ortop\u00e9dico certificado por la junta con una riqueza de experiencia y conocimientos en la prestaci\u00f3n de atenci\u00f3n ortop\u00e9dica excepcional.<\/p>\n<p>Con numerosas certificaciones y una dedicaci\u00f3n a las t\u00e9cnicas quir\u00fargicas avanzadas, el Dr. Karkare se ha comprometido a garantizar que los pacientes reciban el m\u00e1s alto nivel de atenci\u00f3n, adaptada a sus necesidades \u00fanicas.<\/p>\n<p>Su enfoque centrado en el paciente y sus soluciones innovadoras est\u00e1n a la vanguardia de la excelencia ortop\u00e9dica, lo que le ha convertido en un nombre de confianza en este campo. Cuando usted elige Orthopedic Excellence, est\u00e1 eligiendo la orientaci\u00f3n experta y la atenci\u00f3n personalizada del Dr. Karkare para ayudarle a alcanzar una salud ortop\u00e9dica y un bienestar \u00f3ptimos.<\/p>\n<p>&nbsp;<\/p>\n<h2>Nos complace ofrecer estos servicios ortop\u00e9dicos integrales en Wainscott, NY:<\/h2>\n<h2><a role=\"link\" href=\"https:\/\/www.cortho.org\/hip\/total-hip-replacement\/\" target=\"_blank\" rel=\"noopener\"><strong>1. Cirug\u00eda de reemplazo de cadera:<\/strong><\/a><\/h2>\n<p><strong>Prop\u00f3sito<\/strong>: La cirug\u00eda de reemplazo de cadera se recomienda para personas con da\u00f1o en la articulaci\u00f3n de la cadera causado por afecciones como osteoartritis, artritis reumatoide o fracturas. El objetivo es aliviar el dolor, restaurar la movilidad y mejorar la calidad de vida en general.<\/p>\n<p><strong>Procedimiento<\/strong>: Hay dos tipos principales de reemplazos de cadera: reemplazo total de cadera (THR) y reemplazo parcial de cadera (hemiartroplastia). La THR consiste en reemplazar tanto la bola como la cavidad de la articulaci\u00f3n de la cadera, mientras que la hemiartroplastia reemplaza solo el componente esf\u00e9rico.<\/p>\n<p><strong>Implantes<\/strong>: Los componentes artificiales de la articulaci\u00f3n de la cadera suelen estar hechos de materiales como el metal, el pl\u00e1stico o la cer\u00e1mica, elegidos en funci\u00f3n de la edad, el nivel de actividad y las necesidades espec\u00edficas del paciente.<\/p>\n<p><strong>Recuperaci\u00f3n<\/strong>: Despu\u00e9s de la cirug\u00eda, los pacientes se someten a fisioterapia para recuperar la fuerza y la movilidad, lo que reduce el dolor y mejora la funci\u00f3n de la cadera.<\/p>\n<p>&nbsp;<\/p>\n<h2><a role=\"link\" href=\"https:\/\/www.cortho.org\/knee\/custom-knee-replacement\/\" target=\"_blank\" rel=\"noopener\"><strong>2. Reemplazo de rodilla personalizado:<\/strong><\/a><\/h2>\n<p><strong>Prop\u00f3sito<\/strong>: El reemplazo de rodilla personalizado ofrece un enfoque personalizado para la artroplastia de rodilla, adecuado para personas con dolor severo de rodilla o da\u00f1o articular que no responden a los tratamientos conservadores.<\/p>\n<p><strong>Procedimiento<\/strong>: Las im\u00e1genes avanzadas y el modelado por computadora eval\u00faan la anatom\u00eda de la rodilla del paciente antes de la cirug\u00eda, lo que permite el dise\u00f1o de un implante de rodilla personalizado adaptado a su anatom\u00eda \u00fanica.<\/p>\n<p><strong>Beneficios<\/strong>: Los reemplazos de rodilla personalizados a menudo mejoran la alineaci\u00f3n, la estabilidad y reducen el dolor en comparaci\u00f3n con los reemplazos de rodilla est\u00e1ndar.<\/p>\n<p><strong>Recuperaci\u00f3n<\/strong>: El proceso de recuperaci\u00f3n incluye fisioterapia para recuperar la fuerza y el rango de movimiento de la rodilla, lo que generalmente resulta en una reducci\u00f3n del dolor y una mejor funci\u00f3n de la rodilla.<\/p>\n<p>&nbsp;<\/p>\n<h1>Acerca de Wainscott<\/h1>\n<p>&nbsp;<\/p>\n<p>Wainscott, NY es un lugar designado por el censo (CDP) que corresponde aproximadamente a la aldea con el mismo nombre en la ciudad de East Hampton en el condado de Suffolk, Nueva York, Estados Unidos, en el South Fork de Long Island. Seg\u00fan el censo de los Estados Unidos de 2010, la poblaci\u00f3n de CDP era de 650 personas. El CDP fue creado para el censo de 2000. En este art\u00edculo, exploraremos la historia, la cultura y el turismo de Wainscott, Nueva York.<\/p>\n<p>&nbsp;<\/p>\n<p><strong>Historia de Wainscott, NY<\/strong><\/p>\n<p>El hist\u00f3rico pueblo de Main Street de Wainscott conserva el encanto y el car\u00e1cter de su asentamiento original del siglo XIX, con edificios hist\u00f3ricos. La ciudad fue colonizada originalmente en el siglo XVII por colonos ingleses, y lleva el nombre de Wainscott, Kent, Inglaterra. La ciudad fue principalmente una comunidad agr\u00edcola hasta finales del siglo XIX, cuando se convirti\u00f3 en un popular destino de veraneo para los neoyorquinos ricos.<\/p>\n<p>Durante el siglo XX, Wainscott se convirti\u00f3 en un destino popular para artistas y escritores, como Jackson Pollock y Willem de Kooning. Hoy en d\u00eda, la ciudad es una comunidad pr\u00f3spera con una rica historia y una cultura vibrante.<\/p>\n<p>&nbsp;<\/p>\n<p><strong>Cultura de Wainscott, NY<\/strong><\/p>\n<p>Wainscott, Nueva York, tiene una rica historia cultural, y la ciudad ha sido el hogar de varios artistas y escritores de renombre mundial a lo largo de los a\u00f1os. La ciudad tambi\u00e9n alberga una serie de museos e instituciones culturales, incluida la Casa y Centro de Estudios Pollock-Krasner, que mantiene una gran colecci\u00f3n de artefactos e im\u00e1genes relacionadas con la historia de Wainscott.<\/p>\n<p>La ciudad tambi\u00e9n es conocida por su patrimonio agr\u00edcola, y es el hogar de una serie de granjas y vi\u00f1edos. Los visitantes pueden recorrer las bodegas locales y degustar algunos de los mejores vinos de la regi\u00f3n.<\/p>\n<p><strong>Turismo en Wainscott, NY<\/strong><\/p>\n<p>Wainscott, Nueva York, es un destino tur\u00edstico popular, gracias en parte a sus hermosas playas, pueblos encantadores y un rico patrimonio cultural. La ciudad alberga una serie de atracciones que atraen a visitantes de todo el mundo.<\/p>\n<p>Una de las atracciones m\u00e1s populares de Wainscott es el Parque Estatal Wainscott Beach, que ofrece impresionantes vistas del Oc\u00e9ano Atl\u00e1ntico. Los visitantes pueden nadar, tomar el sol y disfrutar de diversos deportes acu\u00e1ticos en las playas de la ciudad.<\/p>\n<p>Otra atracci\u00f3n popular en Wainscott es la Casa y Centro de Estudios Pollock-Krasner, que est\u00e1 dedicada a la vida y obra de Jackson Pollock y Lee Krasner. Los visitantes pueden visitar la casa y el estudio y conocer la vida y obra de los artistas.<\/p>\n<p>Wainscott tambi\u00e9n es el hogar de una serie de hermosos parques y reservas naturales, incluida la Reserva Wainscott Woods, que ofrece rutas de senderismo y oportunidades de observaci\u00f3n de aves. Los visitantes pueden explorar la belleza natural de la ciudad y disfrutar de la paz y la tranquilidad del aire libre.<\/p>\n<p>Wainscott, NY es una ciudad con una rica historia, una cultura vibrante y una pr\u00f3spera industria tur\u00edstica. Los visitantes de la ciudad pueden explorar sus museos e instituciones culturales, degustar sus vinos y disfrutar de sus hermosas playas. Ya sea que sea un aficionado a la historia, un amante del vino o un amante de la playa, Wainscott tiene algo que ofrecer a todos.<\/p>\n<p>&nbsp;<\/p>\n<h2>Indicaciones<\/h2>\n<p>Aqu\u00ed est\u00e1n las instrucciones desde Wainscott, NY para completar la ortopedia en 887 Old Country Rd. SUITE A, Riverhead, NY 11901:<\/p>\n<p>1. Dir\u00edgete al este por Montauk Hwy hacia Sayre&#8217;s Path.<br \/>\n2. Gire a la izquierda en Sayre&#8217;s Path.<br \/>\n3. Gire a la derecha en Wainscott Northwest Rd.<br \/>\n4. Gire a la izquierda en NY-27 W.<br \/>\n5. Tome la salida 70 hacia Manorville\/Riverhead.<br \/>\n6. Incorp\u00f3rese a County Rd 111.<br \/>\n7. Gire a la derecha en Old Country Rd.<br \/>\n8. La ortopedia completa estar\u00e1 a la izquierda en 887 Old Country Rd. SUITE A.<\/p>\n<p>La distancia total de conducci\u00f3n es de aproximadamente 23 millas y deber\u00eda tomar alrededor de 35 minutos, dependiendo del tr\u00e1fico.<\/p>\n<p>&nbsp;<\/p>\n<h2>Atenci\u00f3n m\u00e9dica cerca de Wainscott<\/h2>\n<p>&nbsp;<\/p>\n<p><strong>Farmacias:<\/strong><br \/>\n1. Farmacia CVS &#8211; 111 Main St, East Hampton, NY 11937<br \/>\n2. Farmacia Walgreens &#8211; 20 Hampton Rd, Southampton, NY 11968<br \/>\n3. Rite Aid &#8211; 655 Old Country Rd, Riverhead, NY 11901<\/p>\n<p><strong>Centros de Radiolog\u00eda:<\/strong><br \/>\n1. East End Radiology &#8211; 1333 Roanoke Ave, Riverhead, NY 11901<br \/>\n2. Radiolog\u00eda del Centro M\u00e9dico Peconic Bay &#8211; 1300 Roanoke Ave, Riverhead, NY 11901<br \/>\n3. Laboratorio y Radiolog\u00eda del Hospital Stony Brook Southampton &#8211; 240 Meeting House Ln, Southampton, NY 11968<\/p>\n<p><strong>Centros de Atenci\u00f3n de Urgencia:<\/strong><br \/>\n1. STAT Health Urgent Care &#8211; 365 County Rd 39A, Southampton, NY 11968<br \/>\n2. ProHEALTH Urgent Care &#8211; 1149 Old Country Rd, Riverhead, NY 11901<br \/>\n3. CityMD East Hampton Urgent Care &#8211; 350 Montauk Hwy, Wainscott, NY 11975<\/p>\n<p><strong>Hospitales:<\/strong><br \/>\n1. Hospital Stony Brook Southampton &#8211; 240 Meeting House Ln, Southampton, NY 11968<br \/>\n2. Centro M\u00e9dico Peconic Bay &#8211; 1300 Roanoke Ave, Riverhead, NY 11901<br \/>\n3. NYU Langone Health &#8211; 160 W 26th St, Nueva York, NY 10001<\/p>\n<p>Tenga en cuenta que algunos de los centros de radiolog\u00eda y centros de atenci\u00f3n de urgencia se encuentran en Riverhead y Southampton, que est\u00e1n a unas 20 millas de Wainscott.<\/p>\n<div class=\"Hhmu2e wDYxhc NFQFxe viOShc LKPcQc\" lang=\"en-US\" data-md=\"16\" data-hveid=\"CAoQAA\" data-ved=\"2ahUKEwibg7-Ti9-BAxVrGTQIHdl4C9oQhyh6BAgKEAA\">\n<div class=\"Ftghae iirjIb DaSCDf GUV4E\">\n<p>Tenga en cuenta que estas ubicaciones son aproximadas y es recomendable consultar sus respectivos sitios web o contactarlos directamente para obtener la informaci\u00f3n y los servicios m\u00e1s actualizados que brindan.<\/p>\n<\/div>\n<\/div>\n<div lang=\"en-US\" data-attrid=\"kc:\/location\/location:hours\" data-md=\"1005\" data-hveid=\"CBkQAA\" data-ved=\"2ahUKEwibg7-Ti9-BAxVrGTQIHdl4C9oQkCl6BAgZEAA\"><\/div>\n<div class=\"wDYxhc\" lang=\"en-US\" data-attrid=\"kc:\/local:lu attribute list\" data-md=\"205\" data-hveid=\"CB4QAA\" data-ved=\"2ahUKEwibg7-Ti9-BAxVrGTQIHdl4C9oQ1rkBegQIHhAA\">\n<div class=\"TLYLSe MaBy9\">\n<div class=\"CJQ04\">\n<p>Nos enorgullecemos inmensamente de brindar atenci\u00f3n ortop\u00e9dica integral a pacientes de varios centros de atenci\u00f3n m\u00e9dica dentro de nuestra comunidad, incluidos los mencionados anteriormente.<\/p>\n<p>Ya sea que acuda a nosotros a trav\u00e9s de una referencia para un tratamiento ortop\u00e9dico o si simplemente desea consultar sobre cualquier inquietud ortop\u00e9dica, no dude en ponerse en contacto con nuestro equipo dedicado las 24 horas del d\u00eda, los 7 d\u00edas de la semana. Estamos aqu\u00ed para ofrecer asistencia r\u00e1pida y compasiva.<\/p>\n<p>Muchas personas buscan tratamiento para lesiones relacionadas con la compensaci\u00f3n laboral y el seguro sin culpa en centros de atenci\u00f3n de urgencia y hospitales. Si su lesi\u00f3n no requiere una visita al hospital, estamos encantados de ofrecer atenci\u00f3n ortop\u00e9dica especializada adaptada a tales situaciones. No dude en contactarnos al 631-981-2663 para concertar una cita con nosotros hoy. Su bienestar es nuestra m\u00e1xima prioridad.<\/p>\n<\/div>\n<\/div>\n<\/div>\n<p>&nbsp;<\/p>\n","protected":false},"excerpt":{"rendered":"<p>Dr. Nakul Karkare Excelencia Ortop\u00e9dica: Su socio de confianza para el cuidado ortop\u00e9dico en Wainscott, NY Bienvenido a Dr. Karkare Ortopedia Excelencia, donde estamos orgullosos de servir como su principal proveedor de atenci\u00f3n ortop\u00e9dica, la ampliaci\u00f3n de nuestros servicios excepcionales a los residentes de Wainscott, NY. Mientras que nuestra ubicaci\u00f3n principal se encuentra en Riverhead, [&hellip;]<\/p>\n","protected":false},"author":33,"featured_media":0,"parent":16545,"menu_order":0,"comment_status":"closed","ping_status":"closed","template":"","meta":{"_et_pb_use_builder":"","_et_pb_old_content":"","_et_gb_content_width":"","footnotes":""},"class_list":["post-20806","page","type-page","status-publish","hentry"],"yoast_head":"<!-- This site is optimized with the Yoast SEO plugin v27.2 - https:\/\/yoast.com\/product\/yoast-seo-wordpress\/ -->\n<title>Wainscott, Nueva York | Best Hip &amp; Knee Surgeon | NY, USA<\/title>\n<meta name=\"description\" content=\"Dr. Nakul Karkare Excelencia Ortop\u00e9dica: Su socio de confianza para el cuidado ortop\u00e9dico en Wainscott, NY Bienvenido a Dr. Karkare Ortopedia Excelencia,\" \/>\n<meta name=\"robots\" content=\"index, follow, max-snippet:-1, max-image-preview:large, max-video-preview:-1\" \/>\n<link rel=\"canonical\" href=\"https:\/\/www.newyorkhipknee.com\/es\/contacto\/riverhead-mejor-cirujano-de-reemplazo-de-rodilla-y-cadera\/wainscott-nueva-york\/\" \/>\n<meta property=\"og:locale\" content=\"es_ES\" \/>\n<meta property=\"og:type\" content=\"article\" \/>\n<meta property=\"og:title\" content=\"Wainscott, Nueva York | Best Hip &amp; Knee Surgeon | NY, USA\" \/>\n<meta property=\"og:description\" content=\"Dr. Nakul Karkare Excelencia Ortop\u00e9dica: Su socio de confianza para el cuidado ortop\u00e9dico en Wainscott, NY Bienvenido a Dr. Karkare Ortopedia Excelencia,\" \/>\n<meta property=\"og:url\" content=\"https:\/\/www.newyorkhipknee.com\/es\/contacto\/riverhead-mejor-cirujano-de-reemplazo-de-rodilla-y-cadera\/wainscott-nueva-york\/\" \/>\n<meta property=\"og:site_name\" content=\"Best Hip &amp; Knee Surgeon | NY, USA\" \/>\n<meta name=\"twitter:card\" content=\"summary_large_image\" \/>\n<meta name=\"twitter:label1\" content=\"Tiempo de lectura\" \/>\n\t<meta name=\"twitter:data1\" content=\"9 minutos\" \/>\n<script type=\"application\/ld+json\" class=\"yoast-schema-graph\">{\"@context\":\"https:\/\/schema.org\",\"@graph\":[{\"@type\":[\"WebPage\",\"MedicalWebPage\"],\"@id\":\"https:\/\/www.newyorkhipknee.com\/es\/contacto\/riverhead-mejor-cirujano-de-reemplazo-de-rodilla-y-cadera\/wainscott-nueva-york\/\",\"url\":\"https:\/\/www.newyorkhipknee.com\/es\/contacto\/riverhead-mejor-cirujano-de-reemplazo-de-rodilla-y-cadera\/wainscott-nueva-york\/\",\"name\":\"Wainscott, Nueva York | Best Hip &amp; Knee Surgeon | NY, USA\",\"isPartOf\":{\"@id\":\"https:\/\/www.newyorkhipknee.com\/es\/#website\"},\"datePublished\":\"2023-11-14T21:15:36+00:00\",\"description\":\"Dr. Nakul Karkare Excelencia Ortop\u00e9dica: Su socio de confianza para el cuidado ortop\u00e9dico en Wainscott, NY Bienvenido a Dr. Karkare Ortopedia Excelencia,\",\"breadcrumb\":{\"@id\":\"https:\/\/www.newyorkhipknee.com\/es\/contacto\/riverhead-mejor-cirujano-de-reemplazo-de-rodilla-y-cadera\/wainscott-nueva-york\/#breadcrumb\"},\"inLanguage\":\"es\",\"potentialAction\":[{\"@type\":\"ReadAction\",\"target\":[\"https:\/\/www.newyorkhipknee.com\/es\/contacto\/riverhead-mejor-cirujano-de-reemplazo-de-rodilla-y-cadera\/wainscott-nueva-york\/\"]}]},{\"@type\":\"BreadcrumbList\",\"@id\":\"https:\/\/www.newyorkhipknee.com\/es\/contacto\/riverhead-mejor-cirujano-de-reemplazo-de-rodilla-y-cadera\/wainscott-nueva-york\/#breadcrumb\",\"itemListElement\":[{\"@type\":\"ListItem\",\"position\":1,\"name\":\"Home\",\"item\":\"https:\/\/www.newyorkhipknee.com\/es\/\"},{\"@type\":\"ListItem\",\"position\":2,\"name\":\"Contacto\",\"item\":\"https:\/\/www.newyorkhipknee.com\/es\/contacto\/\"},{\"@type\":\"ListItem\",\"position\":3,\"name\":\"Riverhead &#8211; Mejor Cirujano de Reemplazo de Rodilla y Cadera\",\"item\":\"https:\/\/www.newyorkhipknee.com\/es\/contacto\/riverhead-mejor-cirujano-de-reemplazo-de-rodilla-y-cadera\/\"},{\"@type\":\"ListItem\",\"position\":4,\"name\":\"Wainscott, Nueva York\"}]},{\"@type\":\"WebSite\",\"@id\":\"https:\/\/www.newyorkhipknee.com\/es\/#website\",\"url\":\"https:\/\/www.newyorkhipknee.com\/es\/\",\"name\":\"Best Hip & Knee Surgeon | NY, USA\",\"description\":\"\",\"potentialAction\":[{\"@type\":\"SearchAction\",\"target\":{\"@type\":\"EntryPoint\",\"urlTemplate\":\"https:\/\/www.newyorkhipknee.com\/es\/?s={search_term_string}\"},\"query-input\":{\"@type\":\"PropertyValueSpecification\",\"valueRequired\":true,\"valueName\":\"search_term_string\"}}],\"inLanguage\":\"es\"}]}<\/script>\n<!-- \/ Yoast SEO plugin. -->","yoast_head_json":{"title":"Wainscott, Nueva York | Best Hip &amp; Knee Surgeon | NY, USA","description":"Dr. Nakul Karkare Excelencia Ortop\u00e9dica: Su socio de confianza para el cuidado ortop\u00e9dico en Wainscott, NY Bienvenido a Dr. Karkare Ortopedia Excelencia,","robots":{"index":"index","follow":"follow","max-snippet":"max-snippet:-1","max-image-preview":"max-image-preview:large","max-video-preview":"max-video-preview:-1"},"canonical":"https:\/\/www.newyorkhipknee.com\/es\/contacto\/riverhead-mejor-cirujano-de-reemplazo-de-rodilla-y-cadera\/wainscott-nueva-york\/","og_locale":"es_ES","og_type":"article","og_title":"Wainscott, Nueva York | Best Hip &amp; Knee Surgeon | NY, USA","og_description":"Dr. Nakul Karkare Excelencia Ortop\u00e9dica: Su socio de confianza para el cuidado ortop\u00e9dico en Wainscott, NY Bienvenido a Dr. Karkare Ortopedia Excelencia,","og_url":"https:\/\/www.newyorkhipknee.com\/es\/contacto\/riverhead-mejor-cirujano-de-reemplazo-de-rodilla-y-cadera\/wainscott-nueva-york\/","og_site_name":"Best Hip &amp; Knee Surgeon | NY, USA","twitter_card":"summary_large_image","twitter_misc":{"Tiempo de lectura":"9 minutos"},"schema":{"@context":"https:\/\/schema.org","@graph":[{"@type":["WebPage","MedicalWebPage"],"@id":"https:\/\/www.newyorkhipknee.com\/es\/contacto\/riverhead-mejor-cirujano-de-reemplazo-de-rodilla-y-cadera\/wainscott-nueva-york\/","url":"https:\/\/www.newyorkhipknee.com\/es\/contacto\/riverhead-mejor-cirujano-de-reemplazo-de-rodilla-y-cadera\/wainscott-nueva-york\/","name":"Wainscott, Nueva York | Best Hip &amp; Knee Surgeon | NY, USA","isPartOf":{"@id":"https:\/\/www.newyorkhipknee.com\/es\/#website"},"datePublished":"2023-11-14T21:15:36+00:00","description":"Dr. Nakul Karkare Excelencia Ortop\u00e9dica: Su socio de confianza para el cuidado ortop\u00e9dico en Wainscott, NY Bienvenido a Dr. Karkare Ortopedia Excelencia,","breadcrumb":{"@id":"https:\/\/www.newyorkhipknee.com\/es\/contacto\/riverhead-mejor-cirujano-de-reemplazo-de-rodilla-y-cadera\/wainscott-nueva-york\/#breadcrumb"},"inLanguage":"es","potentialAction":[{"@type":"ReadAction","target":["https:\/\/www.newyorkhipknee.com\/es\/contacto\/riverhead-mejor-cirujano-de-reemplazo-de-rodilla-y-cadera\/wainscott-nueva-york\/"]}]},{"@type":"BreadcrumbList","@id":"https:\/\/www.newyorkhipknee.com\/es\/contacto\/riverhead-mejor-cirujano-de-reemplazo-de-rodilla-y-cadera\/wainscott-nueva-york\/#breadcrumb","itemListElement":[{"@type":"ListItem","position":1,"name":"Home","item":"https:\/\/www.newyorkhipknee.com\/es\/"},{"@type":"ListItem","position":2,"name":"Contacto","item":"https:\/\/www.newyorkhipknee.com\/es\/contacto\/"},{"@type":"ListItem","position":3,"name":"Riverhead &#8211; Mejor Cirujano de Reemplazo de Rodilla y Cadera","item":"https:\/\/www.newyorkhipknee.com\/es\/contacto\/riverhead-mejor-cirujano-de-reemplazo-de-rodilla-y-cadera\/"},{"@type":"ListItem","position":4,"name":"Wainscott, Nueva York"}]},{"@type":"WebSite","@id":"https:\/\/www.newyorkhipknee.com\/es\/#website","url":"https:\/\/www.newyorkhipknee.com\/es\/","name":"Best Hip & Knee Surgeon | NY, USA","description":"","potentialAction":[{"@type":"SearchAction","target":{"@type":"EntryPoint","urlTemplate":"https:\/\/www.newyorkhipknee.com\/es\/?s={search_term_string}"},"query-input":{"@type":"PropertyValueSpecification","valueRequired":true,"valueName":"search_term_string"}}],"inLanguage":"es"}]}},"_links":{"self":[{"href":"https:\/\/www.newyorkhipknee.com\/es\/wp-json\/wp\/v2\/pages\/20806","targetHints":{"allow":["GET"]}}],"collection":[{"href":"https:\/\/www.newyorkhipknee.com\/es\/wp-json\/wp\/v2\/pages"}],"about":[{"href":"https:\/\/www.newyorkhipknee.com\/es\/wp-json\/wp\/v2\/types\/page"}],"author":[{"embeddable":true,"href":"https:\/\/www.newyorkhipknee.com\/es\/wp-json\/wp\/v2\/users\/33"}],"replies":[{"embeddable":true,"href":"https:\/\/www.newyorkhipknee.com\/es\/wp-json\/wp\/v2\/comments?post=20806"}],"version-history":[{"count":0,"href":"https:\/\/www.newyorkhipknee.com\/es\/wp-json\/wp\/v2\/pages\/20806\/revisions"}],"up":[{"embeddable":true,"href":"https:\/\/www.newyorkhipknee.com\/es\/wp-json\/wp\/v2\/pages\/16545"}],"wp:attachment":[{"href":"https:\/\/www.newyorkhipknee.com\/es\/wp-json\/wp\/v2\/media?parent=20806"}],"curies":[{"name":"wp","href":"https:\/\/api.w.org\/{rel}","templated":true}]}}