{"id":20818,"date":"2023-11-14T15:45:51","date_gmt":"2023-11-14T20:45:51","guid":{"rendered":"https:\/\/newyorkhipknee.com\/contacto\/riverhead-mejor-cirujano-de-reemplazo-de-rodilla-y-cadera\/sagaponack-nueva-york\/"},"modified":"2023-11-14T15:45:51","modified_gmt":"2023-11-14T20:45:51","slug":"sagaponack-nueva-york","status":"publish","type":"page","link":"https:\/\/www.newyorkhipknee.com\/es\/contacto\/riverhead-mejor-cirujano-de-reemplazo-de-rodilla-y-cadera\/sagaponack-nueva-york\/","title":{"rendered":"Sagaponack, Nueva York"},"content":{"rendered":"<h1>\u00a1Bienvenido a la Pr\u00e1ctica Ortop\u00e9dica del Dr. Nakul Karkare en Sagaponack, NY!<\/h1>\n<p>En la pr\u00e1ctica ortop\u00e9dica del Dr. Nakul Karkare, nuestro compromiso es proporcionar atenci\u00f3n ortop\u00e9dica excepcional y servicios a la vibrante comunidad de Sagaponack, NY. Nuestra misi\u00f3n es sencilla: dar prioridad a su bienestar y elevar su calidad de vida a trav\u00e9s de una atenci\u00f3n ortop\u00e9dica compasiva y experta.<\/p>\n<h2>\u00bfPor qu\u00e9 elegir la pr\u00e1ctica ortop\u00e9dica del Dr. Nakul Karkare en Sagaponack?<\/h2>\n<ol>\n<li><strong>Excelencia ortop\u00e9dica:<\/strong> El Dr. Nakul Karkare es un distinguido especialista en ortopedia con amplia experiencia y conocimientos en el campo. Se dedica a ofrecer el m\u00e1s alto nivel de atenci\u00f3n adaptada a sus necesidades \u00fanicas.<\/li>\n<li><strong>Tratamiento personalizado:<\/strong> Entendemos que cada condici\u00f3n ortop\u00e9dica es \u00fanica, y damos prioridad a la creaci\u00f3n de planes de tratamiento personalizados dise\u00f1ados para abordar sus preocupaciones y objetivos espec\u00edficos.<\/li>\n<li><strong>T\u00e9cnicas de vanguardia:<\/strong> Nos mantenemos a la vanguardia de los avances ortop\u00e9dicos, utilizando m\u00e9todos y tecnolog\u00edas de vanguardia para ofrecerle los tratamientos m\u00e1s eficaces y eficientes disponibles.<\/li>\n<li><strong>Integraci\u00f3n en la comunidad:<\/strong> Aspiramos a ser parte integrante de la comunidad de Sagaponack. Su salud es nuestra m\u00e1xima prioridad, y nos dedicamos a contribuir positivamente al bienestar de los residentes de Sagaponack.<\/li>\n<li><strong>\u00c9xito probado:<\/strong> El historial de \u00e9xitos del Dr. Nakul Karkare habla por s\u00ed solo. Ha ayudado a numerosos pacientes a recuperar la movilidad, controlar el dolor y mejorar su calidad de vida en general. Su satisfacci\u00f3n y salud son nuestros mayores logros.<\/li>\n<\/ol>\n<p>Si usted est\u00e1 tratando con problemas en las articulaciones, lesiones deportivas, fracturas, o cualquier otra condici\u00f3n ortop\u00e9dica, la pr\u00e1ctica ortop\u00e9dica del Dr. Nakul Karkare est\u00e1 aqu\u00ed para apoyarle en cada paso del camino. Estamos comprometidos a empoderarlo en su viaje hacia una mejor salud ortop\u00e9dica.<\/p>\n<h2>Estamos muy orgullosos de ofrecer una amplia gama de servicios ortop\u00e9dicos en los alrededores de Sagaponack, NY:<\/h2>\n<h2><strong>Sustituci\u00f3n de rodilla a medida:<\/strong><\/h2>\n<ul>\n<li>La pr\u00f3tesis de rodilla personalizada es una intervenci\u00f3n quir\u00fargica que consiste en sustituir una articulaci\u00f3n de rodilla da\u00f1ada por un implante artificial dise\u00f1ado a medida, meticulosamente adaptado a la estructura anat\u00f3mica \u00fanica del paciente.<\/li>\n<li>Este implante se elabora meticulosamente utilizando tecnolog\u00eda de imagen avanzada, generando un modelo tridimensional de la articulaci\u00f3n de la rodilla del paciente y, posteriormente, un implante a medida que se adapta perfectamente a su rodilla.<\/li>\n<li>Este procedimiento se recomienda a las personas que sufren dolor intenso, rigidez e inflamaci\u00f3n de la rodilla, lo que dificulta sus actividades cotidianas y su calidad de vida.<\/li>\n<li>La artroplastia de rodilla a medida puede aliviar eficazmente el dolor, mejorar la movilidad y elevar la calidad de vida general de los pacientes con problemas en la articulaci\u00f3n de la rodilla.<\/li>\n<li>El Dr. Karkare posee una experiencia excepcional en t\u00e9cnicas quir\u00fargicas m\u00ednimamente invasivas para la sustituci\u00f3n articular, empleando m\u00e9todos innovadores y tecnolog\u00eda de vanguardia para garantizar la colocaci\u00f3n precisa de los componentes del implante a trav\u00e9s de incisiones m\u00e1s peque\u00f1as que conservan los tejidos.<\/li>\n<li>Los pacientes que se someten a una artroplastia de rodilla personalizada pueden prever una reducci\u00f3n del dolor, una recuperaci\u00f3n m\u00e1s r\u00e1pida y una mejora de la amplitud de movimiento en comparaci\u00f3n con las artroplastias convencionales.<\/li>\n<\/ul>\n<p>&nbsp;<\/p>\n<h2><a role=\"link\" href=\"https:\/\/newyorkhipknee.com\/hip-replacement-surgery\/\" target=\"_blank\" rel=\"noopener\"><strong>Pr\u00f3tesis de cadera:<\/strong><\/a><\/h2>\n<ul>\n<li>La artroplastia de cadera es un procedimiento quir\u00fargico que consiste en sustituir una articulaci\u00f3n de cadera disfuncional por un implante artificial meticulosamente dise\u00f1ado para reproducir la estructura y funci\u00f3n naturales de la articulaci\u00f3n de la cadera, lo que permite a los pacientes recuperar la movilidad y aliviar las molestias.<\/li>\n<li>Este procedimiento se recomienda a las personas que sufren dolor intenso de cadera, rigidez e inflamaci\u00f3n, que dificultan sus actividades cotidianas y su calidad de vida.<\/li>\n<li>El Dr. Karkare est\u00e1 altamente cualificado en el empleo tanto de t\u00e9cnicas quir\u00fargicas tradicionales \u00ababiertas\u00bb como de abordajes m\u00ednimamente invasivos para la cirug\u00eda de pr\u00f3tesis de cadera.<\/li>\n<li>Los pacientes que se someten a una artroplastia de cadera pueden esperar una disminuci\u00f3n del dolor, una recuperaci\u00f3n acelerada y una mejora de la amplitud de movimiento en comparaci\u00f3n con su estado antes de la intervenci\u00f3n.<\/li>\n<li>El Dr. Karkare emplea t\u00e9cnicas de vanguardia y tecnolog\u00eda punta para garantizar la colocaci\u00f3n precisa de los componentes del implante a trav\u00e9s de incisiones m\u00e1s peque\u00f1as que preservan los tejidos.<\/li>\n<\/ul>\n<p><strong>Ventajas de la pr\u00f3tesis personalizada de rodilla y cadera:<\/strong><\/p>\n<ul>\n<li>Alivio del dolor y las molestias articulares derivados de los da\u00f1os.<\/li>\n<li>Mayor movilidad y amplitud de movimiento.<\/li>\n<li>Mejora de la calidad de vida en general.<\/li>\n<li>Recuperaci\u00f3n acelerada en comparaci\u00f3n con los m\u00e9todos quir\u00fargicos tradicionales.<\/li>\n<li>Utilizaci\u00f3n de t\u00e9cnicas quir\u00fargicas m\u00ednimamente invasivas para reducir el dolor y acelerar la recuperaci\u00f3n.<\/li>\n<li>Colocaci\u00f3n precisa de los componentes del implante a trav\u00e9s de incisiones m\u00e1s peque\u00f1as que preservan los tejidos.<\/li>\n<li>Implantes personalizados adaptados a la anatom\u00eda \u00fanica del paciente, lo que se traduce en resultados superiores.<\/li>\n<\/ul>\n<p>El Dr. Karkare se dedica a la prestaci\u00f3n de servicios integrales para las personas que luchan con una amplia gama de enfermedades musculoesquel\u00e9ticas.<\/p>\n<p>Reconoce el impacto que las dolencias y lesiones ortop\u00e9dicas pueden tener en la vida diaria y se dedica a ayudar a los pacientes a recuperar la movilidad, aliviar el dolor y enriquecer su calidad de vida en general. Las consultas est\u00e1n disponibles en varios lugares de Manhattan y Long Island, Nueva York, ofreciendo a los pacientes la flexibilidad de elegir el lugar m\u00e1s conveniente para una consulta sin compromiso.<\/p>\n<p>Si padece dolor articular, rigidez, inflamaci\u00f3n o ha sufrido una lesi\u00f3n, no dude en ponerse en contacto con nosotros. Nuestro equipo de especialistas est\u00e1 aqu\u00ed para ayudarle a retomar las actividades que le gustan. Somos sus vecinos y su bienestar nos importa. Perm\u00edtanos guiarle en su viaje hacia una mejor salud ortop\u00e9dica.<\/p>\n<h1>Acerca de Sagaponack<\/h1>\n<p>Sagaponack, NY es una peque\u00f1a ciudad frente al mar ubicada en Long Island. Tiene una rica historia y una comunidad muy unida que se ha establecido durante d\u00e9cadas. Aqu\u00ed hay algunas cosas que debe saber sobre Sagaponack:<\/p>\n<p><strong>Historia<\/strong><br \/>\n&#8211; En la d\u00e9cada de 1930, un grupo de afroamericanos compr\u00f3 parcelas en Sag Harbor y estableci\u00f3 una comunidad muy unida.<br \/>\n&#8211; La ciudad tiene una larga historia, ya que se convirti\u00f3 en una bulliciosa ciudad portuaria a finales del siglo XVIII tras la llegada de balleneros, capitanes de barco y sus tripulaciones.<\/p>\n<p><strong>Ubicaci\u00f3n<\/strong><br \/>\n&#8211; Sagaponack est\u00e1 situado en el extremo oriental de Long Island, y es conocido por sus hermosas playas y propiedades frente al mar.<br \/>\n&#8211; Es un destino popular tanto para veraneantes como para residentes de todo el a\u00f1o.<\/p>\n<p><strong>Comunidad<\/strong><br \/>\n&#8211; Sagaponack tiene una comunidad peque\u00f1a y unida, conocida por ser amable y acogedora.<br \/>\n&#8211; Muchas familias han vivido en la zona durante generaciones, y existe un fuerte sentido de la tradici\u00f3n y la historia.<\/p>\n<p><strong>Arquitectura<\/strong><br \/>\n&#8211; Las casas de Sagaponack son conocidas por su arquitectura cl\u00e1sica de estilo Hamptons, con exteriores de tejas e interiores amplios y abiertos.<br \/>\n&#8211; Muchas de las viviendas est\u00e1n situadas en grandes parcelas, lo que proporciona a los residentes mucho espacio y privacidad.<\/p>\n<p><strong>Empresas Constructoras<\/strong><br \/>\n&#8211; Si desea construir o renovar una casa en Sagaponack, hay varias empresas de construcci\u00f3n de renombre en la zona.<br \/>\n&#8211; Algunas de las empresas mejor valoradas son Atlantic Collaborative Construction Co, All Island Construction y Aryaman Builders.<\/p>\n<p><strong>Playas<\/strong><br \/>\n&#8211; Sagaponack alberga algunas de las playas m\u00e1s hermosas de Long Island.<br \/>\n&#8211; Sagg Main Beach es un lugar popular para nadar, hacer surf y tomar el sol, mientras que Gibson Beach es conocida por sus impresionantes vistas del oc\u00e9ano Atl\u00e1ntico.<\/p>\n<p><strong>Restaurantes<\/strong><br \/>\n&#8211; A pesar de su peque\u00f1o tama\u00f1o, Sagaponack cuenta con un gran n\u00famero de magn\u00edficos restaurantes y caf\u00e9s.<br \/>\n&#8211; Algunos de los lugares mejor valorados son Tutto Il Giorno, The Beacon y Estia&#8217;s Little Kitchen.<\/p>\n<p><strong>Actividades<\/strong><br \/>\n&#8211; No faltan cosas que hacer en Sagaponack.<br \/>\n&#8211; Adem\u00e1s de nadar y tomar el sol en la playa, los visitantes pueden practicar senderismo, ciclismo o equitaci\u00f3n en la cercana Mashomack Preserve.<br \/>\n&#8211; La ciudad tambi\u00e9n alberga varias galer\u00edas de arte y museos, como la Sociedad Hist\u00f3rica de Sagaponack y el Museo de Arte Parrish.<\/p>\n<p>En general, Sagaponack es una ciudad hermosa y acogedora con una rica historia y un fuerte sentido de comunidad. Si usted est\u00e1 buscando para construir una casa nueva o simplemente disfrutar de la playa y vistas al mar, Sagaponack es un gran lugar para visitar o llamar a casa.<\/p>\n<p>&nbsp;<\/p>\n<h2>Indicaciones<\/h2>\n<p>Aqu\u00ed est\u00e1n las instrucciones desde Sagaponack, NY a Complete Orthopedics en 887 Old Country Rd, Suite A, Riverhead, NY 11901:<\/p>\n<p>1. Dir\u00edjase hacia el este por Montauk Hwy hacia Sagg Rd.<br \/>\n2. Gire a la izquierda en Sagg Rd.<br \/>\n3. Gire a la derecha en Brick Kiln Rd.<br \/>\n4. Gire a la izquierda en NY-27 W.<br \/>\n5. Gire a la derecha en County Rd 31.<br \/>\n6. Gire a la izquierda en Old Country Rd.<br \/>\n7. Complete Orthopedics estar\u00e1 a su izquierda en 887 Old Country Rd, Suite A, Riverhead, NY 11901.<\/p>\n<p>La distancia total de conducci\u00f3n es de aproximadamente 20 millas y deber\u00eda tomar alrededor de 30 minutos, dependiendo del tr\u00e1fico.<\/p>\n<p>Complete Orthopedics se encuentra en Riverhead, Nueva York, que se encuentra a poca distancia en autom\u00f3vil de Sagaponack. La oficina est\u00e1 abierta las 24 horas del d\u00eda, los 7 d\u00edas de la semana con cita previa y ofrece la experiencia de un grupo m\u00e1s grande con la dedicaci\u00f3n y el trabajo en equipo para brindar atenci\u00f3n y cuidado m\u00e1s personal. Los especialistas ortop\u00e9dicos ofrecen una gama completa de la atenci\u00f3n m\u00e9dica y quir\u00fargica m\u00e1s avanzada que incluye reemplazo total de articulaciones, rejuvenecimiento de cadera, cirug\u00eda de pies, manos y extremidades superiores, artroscopia, reparaci\u00f3n de traumatismos y fracturas, tratamiento de la artritis y experiencia en medicina deportiva.<\/p>\n<p>&nbsp;<\/p>\n<h2>Cuidado de la salud cerca de Sagaponack<\/h2>\n<p><strong>Farmacias:<\/strong><br \/>\n&#8211; Farmacia CVS, 1116 Old Country Rd, Riverhead, NY 11901<br \/>\n&#8211; Farmacia Walgreens, 1196 Flanders Rd, Flanders, NY 11901<br \/>\n&#8211; Farmacia Rite Aid, 165 W Montauk Hwy, Hampton Bays, NY 11946<\/p>\n<p>&nbsp;<\/p>\n<p><strong>Centros de Radiolog\u00eda:<\/strong><br \/>\n&#8211; Radiolog\u00eda del Peconic Bay Medical Center, 1300 Roanoke Ave, Riverhead, NY 11901<br \/>\n&#8211; Radiolog\u00eda East End, 133 E Main St, Riverhead, NY 11901<br \/>\n&#8211; Northwell Health Imaging at East Setauket, 4 Technology Dr, East Setauket, NY 11733<\/p>\n<p>&nbsp;<\/p>\n<p><strong>Centros de Atenci\u00f3n de Urgencia:<\/strong><br \/>\n&#8211; Northwell Health-GoHealth Urgent Care, 2044 Montauk Hwy, Bridgehampton, NY 11932<br \/>\n&#8211; Hampton Medical Care, 225 W Montauk Hwy, Hampton Bays, NY 11946<br \/>\n&#8211; Urgencias en Hampton Bays, NY| Northwell Health, 225 W Montauk Hwy, Hampton Bays, NY 11946<\/p>\n<p>&nbsp;<\/p>\n<p><strong>Hospitales:<\/strong><br \/>\n&#8211; Centro M\u00e9dico Peconic Bay, 1300 Roanoke Ave, Riverhead, NY 11901<br \/>\n&#8211; Hospital Stony Brook Southampton, 240 Meeting House Ln, Southampton, NY 11968<br \/>\n&#8211; Centro M\u00e9dico del Hospital Good Samaritan, 1000 Montauk Hwy, West Islip, NY 11795<\/p>\n<p>&nbsp;<\/p>\n<p>Nos enorgullecemos inmensamente de brindar atenci\u00f3n ortop\u00e9dica integral a pacientes de varios centros de atenci\u00f3n m\u00e9dica dentro de nuestra comunidad, incluidos los mencionados anteriormente.<\/p>\n<p>Ya sea que tenga una referencia para tratamiento ortop\u00e9dico o simplemente desee consultar con nosotros para cualquier inquietud ortop\u00e9dica, no dude en comunicarse con nuestro equipo dedicado las 24 horas del d\u00eda, los 7 d\u00edas de la semana. Estamos aqu\u00ed para brindarle asistencia r\u00e1pida y compasiva.<\/p>\n<p>Muchas personas visitan centros de atenci\u00f3n de urgencia y hospitales debido a lesiones relacionadas con el trabajo cubiertas por la compensaci\u00f3n laboral y el seguro sin culpa. Si su lesi\u00f3n no requiere una visita al hospital, nos complace ofrecer un tratamiento ortop\u00e9dico especializado adaptado a tales casos. No dude en contactarnos al 631-981-2663 para programar una cita con nosotros hoy. Su bienestar sigue siendo nuestra m\u00e1xima prioridad.<\/p>\n","protected":false},"excerpt":{"rendered":"<p>\u00a1Bienvenido a la Pr\u00e1ctica Ortop\u00e9dica del Dr. Nakul Karkare en Sagaponack, NY! En la pr\u00e1ctica ortop\u00e9dica del Dr. Nakul Karkare, nuestro compromiso es proporcionar atenci\u00f3n ortop\u00e9dica excepcional y servicios a la vibrante comunidad de Sagaponack, NY. Nuestra misi\u00f3n es sencilla: dar prioridad a su bienestar y elevar su calidad de vida a trav\u00e9s de una [&hellip;]<\/p>\n","protected":false},"author":33,"featured_media":0,"parent":16545,"menu_order":0,"comment_status":"closed","ping_status":"closed","template":"","meta":{"_et_pb_use_builder":"","_et_pb_old_content":"","_et_gb_content_width":"","footnotes":""},"class_list":["post-20818","page","type-page","status-publish","hentry"],"yoast_head":"<!-- This site is optimized with the Yoast SEO plugin v27.2 - https:\/\/yoast.com\/product\/yoast-seo-wordpress\/ -->\n<title>Sagaponack, Nueva York | Best Hip &amp; Knee Surgeon | NY, USA<\/title>\n<meta name=\"description\" content=\"\u00a1Bienvenido a la Pr\u00e1ctica Ortop\u00e9dica del Dr. Nakul Karkare en Sagaponack, NY! En la pr\u00e1ctica ortop\u00e9dica del Dr. Nakul Karkare, nuestro compromiso es\" \/>\n<meta name=\"robots\" content=\"index, follow, max-snippet:-1, max-image-preview:large, max-video-preview:-1\" \/>\n<link rel=\"canonical\" href=\"https:\/\/www.newyorkhipknee.com\/es\/contacto\/riverhead-mejor-cirujano-de-reemplazo-de-rodilla-y-cadera\/sagaponack-nueva-york\/\" \/>\n<meta property=\"og:locale\" content=\"es_ES\" \/>\n<meta property=\"og:type\" content=\"article\" \/>\n<meta property=\"og:title\" content=\"Sagaponack, Nueva York | Best Hip &amp; Knee Surgeon | NY, USA\" \/>\n<meta property=\"og:description\" content=\"\u00a1Bienvenido a la Pr\u00e1ctica Ortop\u00e9dica del Dr. Nakul Karkare en Sagaponack, NY! En la pr\u00e1ctica ortop\u00e9dica del Dr. Nakul Karkare, nuestro compromiso es\" \/>\n<meta property=\"og:url\" content=\"https:\/\/www.newyorkhipknee.com\/es\/contacto\/riverhead-mejor-cirujano-de-reemplazo-de-rodilla-y-cadera\/sagaponack-nueva-york\/\" \/>\n<meta property=\"og:site_name\" content=\"Best Hip &amp; Knee Surgeon | NY, USA\" \/>\n<meta name=\"twitter:card\" content=\"summary_large_image\" \/>\n<meta name=\"twitter:label1\" content=\"Tiempo de lectura\" \/>\n\t<meta name=\"twitter:data1\" content=\"10 minutos\" \/>\n<script type=\"application\/ld+json\" class=\"yoast-schema-graph\">{\"@context\":\"https:\/\/schema.org\",\"@graph\":[{\"@type\":[\"WebPage\",\"MedicalWebPage\"],\"@id\":\"https:\/\/www.newyorkhipknee.com\/es\/contacto\/riverhead-mejor-cirujano-de-reemplazo-de-rodilla-y-cadera\/sagaponack-nueva-york\/\",\"url\":\"https:\/\/www.newyorkhipknee.com\/es\/contacto\/riverhead-mejor-cirujano-de-reemplazo-de-rodilla-y-cadera\/sagaponack-nueva-york\/\",\"name\":\"Sagaponack, Nueva York | Best Hip &amp; Knee Surgeon | NY, USA\",\"isPartOf\":{\"@id\":\"https:\/\/www.newyorkhipknee.com\/es\/#website\"},\"datePublished\":\"2023-11-14T20:45:51+00:00\",\"description\":\"\u00a1Bienvenido a la Pr\u00e1ctica Ortop\u00e9dica del Dr. Nakul Karkare en Sagaponack, NY! En la pr\u00e1ctica ortop\u00e9dica del Dr. Nakul Karkare, nuestro compromiso es\",\"breadcrumb\":{\"@id\":\"https:\/\/www.newyorkhipknee.com\/es\/contacto\/riverhead-mejor-cirujano-de-reemplazo-de-rodilla-y-cadera\/sagaponack-nueva-york\/#breadcrumb\"},\"inLanguage\":\"es\",\"potentialAction\":[{\"@type\":\"ReadAction\",\"target\":[\"https:\/\/www.newyorkhipknee.com\/es\/contacto\/riverhead-mejor-cirujano-de-reemplazo-de-rodilla-y-cadera\/sagaponack-nueva-york\/\"]}]},{\"@type\":\"BreadcrumbList\",\"@id\":\"https:\/\/www.newyorkhipknee.com\/es\/contacto\/riverhead-mejor-cirujano-de-reemplazo-de-rodilla-y-cadera\/sagaponack-nueva-york\/#breadcrumb\",\"itemListElement\":[{\"@type\":\"ListItem\",\"position\":1,\"name\":\"Home\",\"item\":\"https:\/\/www.newyorkhipknee.com\/es\/\"},{\"@type\":\"ListItem\",\"position\":2,\"name\":\"Contacto\",\"item\":\"https:\/\/www.newyorkhipknee.com\/es\/contacto\/\"},{\"@type\":\"ListItem\",\"position\":3,\"name\":\"Riverhead &#8211; Mejor Cirujano de Reemplazo de Rodilla y Cadera\",\"item\":\"https:\/\/www.newyorkhipknee.com\/es\/contacto\/riverhead-mejor-cirujano-de-reemplazo-de-rodilla-y-cadera\/\"},{\"@type\":\"ListItem\",\"position\":4,\"name\":\"Sagaponack, Nueva York\"}]},{\"@type\":\"WebSite\",\"@id\":\"https:\/\/www.newyorkhipknee.com\/es\/#website\",\"url\":\"https:\/\/www.newyorkhipknee.com\/es\/\",\"name\":\"Best Hip & Knee Surgeon | NY, USA\",\"description\":\"\",\"potentialAction\":[{\"@type\":\"SearchAction\",\"target\":{\"@type\":\"EntryPoint\",\"urlTemplate\":\"https:\/\/www.newyorkhipknee.com\/es\/?s={search_term_string}\"},\"query-input\":{\"@type\":\"PropertyValueSpecification\",\"valueRequired\":true,\"valueName\":\"search_term_string\"}}],\"inLanguage\":\"es\"}]}<\/script>\n<!-- \/ Yoast SEO plugin. -->","yoast_head_json":{"title":"Sagaponack, Nueva York | Best Hip &amp; Knee Surgeon | NY, USA","description":"\u00a1Bienvenido a la Pr\u00e1ctica Ortop\u00e9dica del Dr. Nakul Karkare en Sagaponack, NY! En la pr\u00e1ctica ortop\u00e9dica del Dr. Nakul Karkare, nuestro compromiso es","robots":{"index":"index","follow":"follow","max-snippet":"max-snippet:-1","max-image-preview":"max-image-preview:large","max-video-preview":"max-video-preview:-1"},"canonical":"https:\/\/www.newyorkhipknee.com\/es\/contacto\/riverhead-mejor-cirujano-de-reemplazo-de-rodilla-y-cadera\/sagaponack-nueva-york\/","og_locale":"es_ES","og_type":"article","og_title":"Sagaponack, Nueva York | Best Hip &amp; Knee Surgeon | NY, USA","og_description":"\u00a1Bienvenido a la Pr\u00e1ctica Ortop\u00e9dica del Dr. Nakul Karkare en Sagaponack, NY! En la pr\u00e1ctica ortop\u00e9dica del Dr. Nakul Karkare, nuestro compromiso es","og_url":"https:\/\/www.newyorkhipknee.com\/es\/contacto\/riverhead-mejor-cirujano-de-reemplazo-de-rodilla-y-cadera\/sagaponack-nueva-york\/","og_site_name":"Best Hip &amp; Knee Surgeon | NY, USA","twitter_card":"summary_large_image","twitter_misc":{"Tiempo de lectura":"10 minutos"},"schema":{"@context":"https:\/\/schema.org","@graph":[{"@type":["WebPage","MedicalWebPage"],"@id":"https:\/\/www.newyorkhipknee.com\/es\/contacto\/riverhead-mejor-cirujano-de-reemplazo-de-rodilla-y-cadera\/sagaponack-nueva-york\/","url":"https:\/\/www.newyorkhipknee.com\/es\/contacto\/riverhead-mejor-cirujano-de-reemplazo-de-rodilla-y-cadera\/sagaponack-nueva-york\/","name":"Sagaponack, Nueva York | Best Hip &amp; Knee Surgeon | NY, USA","isPartOf":{"@id":"https:\/\/www.newyorkhipknee.com\/es\/#website"},"datePublished":"2023-11-14T20:45:51+00:00","description":"\u00a1Bienvenido a la Pr\u00e1ctica Ortop\u00e9dica del Dr. Nakul Karkare en Sagaponack, NY! En la pr\u00e1ctica ortop\u00e9dica del Dr. Nakul Karkare, nuestro compromiso es","breadcrumb":{"@id":"https:\/\/www.newyorkhipknee.com\/es\/contacto\/riverhead-mejor-cirujano-de-reemplazo-de-rodilla-y-cadera\/sagaponack-nueva-york\/#breadcrumb"},"inLanguage":"es","potentialAction":[{"@type":"ReadAction","target":["https:\/\/www.newyorkhipknee.com\/es\/contacto\/riverhead-mejor-cirujano-de-reemplazo-de-rodilla-y-cadera\/sagaponack-nueva-york\/"]}]},{"@type":"BreadcrumbList","@id":"https:\/\/www.newyorkhipknee.com\/es\/contacto\/riverhead-mejor-cirujano-de-reemplazo-de-rodilla-y-cadera\/sagaponack-nueva-york\/#breadcrumb","itemListElement":[{"@type":"ListItem","position":1,"name":"Home","item":"https:\/\/www.newyorkhipknee.com\/es\/"},{"@type":"ListItem","position":2,"name":"Contacto","item":"https:\/\/www.newyorkhipknee.com\/es\/contacto\/"},{"@type":"ListItem","position":3,"name":"Riverhead &#8211; Mejor Cirujano de Reemplazo de Rodilla y Cadera","item":"https:\/\/www.newyorkhipknee.com\/es\/contacto\/riverhead-mejor-cirujano-de-reemplazo-de-rodilla-y-cadera\/"},{"@type":"ListItem","position":4,"name":"Sagaponack, Nueva York"}]},{"@type":"WebSite","@id":"https:\/\/www.newyorkhipknee.com\/es\/#website","url":"https:\/\/www.newyorkhipknee.com\/es\/","name":"Best Hip & Knee Surgeon | NY, USA","description":"","potentialAction":[{"@type":"SearchAction","target":{"@type":"EntryPoint","urlTemplate":"https:\/\/www.newyorkhipknee.com\/es\/?s={search_term_string}"},"query-input":{"@type":"PropertyValueSpecification","valueRequired":true,"valueName":"search_term_string"}}],"inLanguage":"es"}]}},"_links":{"self":[{"href":"https:\/\/www.newyorkhipknee.com\/es\/wp-json\/wp\/v2\/pages\/20818","targetHints":{"allow":["GET"]}}],"collection":[{"href":"https:\/\/www.newyorkhipknee.com\/es\/wp-json\/wp\/v2\/pages"}],"about":[{"href":"https:\/\/www.newyorkhipknee.com\/es\/wp-json\/wp\/v2\/types\/page"}],"author":[{"embeddable":true,"href":"https:\/\/www.newyorkhipknee.com\/es\/wp-json\/wp\/v2\/users\/33"}],"replies":[{"embeddable":true,"href":"https:\/\/www.newyorkhipknee.com\/es\/wp-json\/wp\/v2\/comments?post=20818"}],"version-history":[{"count":0,"href":"https:\/\/www.newyorkhipknee.com\/es\/wp-json\/wp\/v2\/pages\/20818\/revisions"}],"up":[{"embeddable":true,"href":"https:\/\/www.newyorkhipknee.com\/es\/wp-json\/wp\/v2\/pages\/16545"}],"wp:attachment":[{"href":"https:\/\/www.newyorkhipknee.com\/es\/wp-json\/wp\/v2\/media?parent=20818"}],"curies":[{"name":"wp","href":"https:\/\/api.w.org\/{rel}","templated":true}]}}