{"id":20827,"date":"2023-11-13T14:37:58","date_gmt":"2023-11-13T19:37:58","guid":{"rendered":"https:\/\/newyorkhipknee.com\/contacto\/riverhead-mejor-cirujano-de-reemplazo-de-rodilla-y-cadera\/peconic-nueva-york\/"},"modified":"2023-11-13T14:37:58","modified_gmt":"2023-11-13T19:37:58","slug":"peconic-nueva-york","status":"publish","type":"page","link":"https:\/\/www.newyorkhipknee.com\/es\/contacto\/riverhead-mejor-cirujano-de-reemplazo-de-rodilla-y-cadera\/peconic-nueva-york\/","title":{"rendered":"Peconic, Nueva York"},"content":{"rendered":"<h1>Servicios Ortop\u00e9dicos Integrales en Peconic, NY, Ofrecidos por el Dr. Nakul Karkare<\/h1>\n<p>\u00a1Saludos del Dr. Nakul Karkare! Somos su fuente dedicada a la atenci\u00f3n ortop\u00e9dica excepcional y estamos encantados de anunciar nuestra expansi\u00f3n de servicios ortop\u00e9dicos integrales a la comunidad c\u00e1lida y acogedora de Peconic, NY.<\/p>\n<p>En la consulta del Dr. Nakul Karkare, combinamos la profesionalidad con un enfoque amistoso y centrado en el paciente para garantizar que usted reciba el m\u00e1s alto nivel de atenci\u00f3n ortop\u00e9dica.<\/p>\n<p>En la pr\u00e1ctica del Dr. Nakul Karkare, tomamos inmenso orgullo en ser su proveedor de confianza de la atenci\u00f3n ortop\u00e9dica. Estas son las razones por las que deber\u00eda considerarnos para sus necesidades ortop\u00e9dicas:<\/p>\n<p>Especialistas <strong>ortop\u00e9dicos con gran<\/strong> experiencia: Nuestro equipo est\u00e1 formado por especialistas ortop\u00e9dicos altamente experimentados, dirigidos por el Dr. Nakul Karkare, reconocido por su experiencia en este campo. Con sus vastos conocimientos y experiencia, diagnostican y tratan eficazmente un amplio espectro de afecciones ortop\u00e9dicas.<\/p>\n<p><strong>Trato personalizado:<\/strong> Entendemos que cada paciente es \u00fanico y personalizamos nuestros planes de tratamiento para alinearlos con sus necesidades y objetivos espec\u00edficos. Su comodidad y bienestar son siempre nuestras principales prioridades.<\/p>\n<p><strong>Atenci\u00f3n accesible:<\/strong> Mientras que nuestra ubicaci\u00f3n principal est\u00e1 en <a href=\"https:\/\/newyorkhipknee.com\/contact\/riverhead-orthopedic-surgeon\/\" target=\"_blank\" rel=\"noopener\">Riverhead<\/a> NY, estamos muy contentos de ampliar nuestros servicios a Peconic. Creemos que la atenci\u00f3n ortop\u00e9dica excepcional debe estar al alcance de todos, y nuestro compromiso de ampliar nuestro alcance garantiza que pueda acceder a servicios ortop\u00e9dicos de primer nivel m\u00e1s cerca de su hogar.<\/p>\n<p>Dr. Nakul Karkare, un cirujano ortop\u00e9dico certificado con m\u00e1s de 15 a\u00f1os de experiencia, se dedica a proporcionar el m\u00e1s alto nivel de atenci\u00f3n a sus pacientes. Posee numerosas certificaciones y un s\u00f3lido historial de tratamientos y cirug\u00edas con \u00e9xito.<\/p>\n<p>Su salud ortop\u00e9dica es muy importante para nosotros, y estamos aqu\u00ed para ayudarlo a recuperar la movilidad, reducir el dolor y mejorar su calidad de vida en general. Si usted est\u00e1 luchando con dolor en las articulaciones, lesiones deportivas, fracturas, o cualquier otro problema ortop\u00e9dico, puede confiar en el Dr. Nakul Karkare y su equipo para ser sus socios firmes en su viaje hacia la recuperaci\u00f3n.<\/p>\n<p>&nbsp;<\/p>\n<h2>Estamos encantados de ofrecer estos amplios servicios ortop\u00e9dicos en Peconic, NY<\/h2>\n<h2><a role=\"link\" href=\"https:\/\/newyorkhipknee.com\/custom-knee-replacement-surgery\/\" target=\"_blank\" rel=\"noopener\"><strong>Cirug\u00eda personalizada de pr\u00f3tesis de rodilla:<\/strong><\/a><\/h2>\n<p><strong><em>Para una mayor movilidad y comodidad<\/em><\/strong><\/p>\n<p><strong>Qui\u00e9n necesita una pr\u00f3tesis de rodilla a medida:<\/strong><\/p>\n<p>La artroplastia de rodilla a medida se recomienda a las personas que sufren dolor intenso en la rodilla y movilidad reducida debido a afecciones como la artrosis, la artritis reumatoide o lesiones articulares. Si su dolor de rodilla est\u00e1 afectando significativamente a su vida diaria y los tratamientos conservadores no le han proporcionado suficiente alivio, esta cirug\u00eda puede ser la soluci\u00f3n que necesita.<\/p>\n<p><strong>El procedimiento:<\/strong><\/p>\n<p>La pr\u00f3tesis de rodilla a medida, tambi\u00e9n conocida como pr\u00f3tesis de rodilla personalizada, es un procedimiento quir\u00fargico adaptado a su anatom\u00eda \u00fanica. Comienza con una evaluaci\u00f3n exhaustiva de la articulaci\u00f3n de la rodilla mediante tecnolog\u00eda de imagen avanzada. Bas\u00e1ndose en esta evaluaci\u00f3n, se dise\u00f1a un implante a medida que se adapte con precisi\u00f3n a su rodilla. Durante la intervenci\u00f3n quir\u00fargica, se extrae la articulaci\u00f3n de la rodilla da\u00f1ada y se coloca cuidadosamente el implante personalizado. El objetivo es restablecer la funci\u00f3n natural de la articulaci\u00f3n minimizando las molestias.<\/p>\n<p><strong>Ventajas de la pr\u00f3tesis de rodilla a medida:<\/strong><\/p>\n<ol>\n<li><strong>Ajuste de precisi\u00f3n:<\/strong> El implante a medida est\u00e1 dise\u00f1ado para adaptarse a la estructura \u00fanica de su rodilla, mejorando el potencial de una sensaci\u00f3n m\u00e1s natural y c\u00f3moda.<\/li>\n<li><strong>Mayor movilidad:<\/strong> Con un implante ajustado con precisi\u00f3n, puede esperar una mejora del movimiento articular y menos dolor.<\/li>\n<li><strong>Resultados duraderos:<\/strong> La pr\u00f3tesis de rodilla a medida puede proporcionar alivio a largo plazo, permiti\u00e9ndole disfrutar de un estilo de vida m\u00e1s activo y sin dolor.<\/li>\n<\/ol>\n<p>&nbsp;<\/p>\n<h2><a role=\"link\" href=\"https:\/\/newyorkhipknee.com\/hip-replacement-surgery\/\" target=\"_blank\" rel=\"noopener\"><strong>Cirug\u00eda de reemplazo de cadera:<\/strong><\/a><\/h2>\n<p><strong><em>Redescubra el movimiento sin dolor<\/em><\/strong><\/p>\n<p><strong>Qui\u00e9n necesita una pr\u00f3tesis de cadera:<\/strong><\/p>\n<p>La artroplastia de cadera suele recomendarse a las personas que sufren dolor de cadera, rigidez o una disminuci\u00f3n significativa de la movilidad debido a afecciones como la artrosis, las fracturas de cadera o la necrosis avascular. Si su dolor de cadera interfiere en sus actividades cotidianas y afecta a su calidad de vida, la artroplastia de cadera puede ser la soluci\u00f3n.<\/p>\n<p><strong>El procedimiento:<\/strong><\/p>\n<p>La artroplastia de cadera consiste en la extirpaci\u00f3n de la articulaci\u00f3n de la cadera da\u00f1ada y su sustituci\u00f3n por una pr\u00f3tesis de cadera. La intervenci\u00f3n se realiza bajo anestesia para garantizar su comodidad. El cirujano hace una incisi\u00f3n y extrae con cuidado la articulaci\u00f3n da\u00f1ada. A continuaci\u00f3n, el implante prot\u00e9sico se coloca de forma segura en su posici\u00f3n para imitar la funci\u00f3n de la articulaci\u00f3n natural de la cadera.<\/p>\n<p><strong>Beneficios de la pr\u00f3tesis de cadera:<\/strong><\/p>\n<ol>\n<li><strong>Alivio del dolor:<\/strong> La artroplastia de cadera ofrece un alivio sustancial del dolor cr\u00f3nico de cadera, permiti\u00e9ndole recuperar un estilo de vida activo.<\/li>\n<li><strong>Mejora de la movilidad:<\/strong> La cirug\u00eda puede devolverle la capacidad de caminar, moverse y realizar actividades sin molestias.<\/li>\n<li><strong>Mayor calidad de vida:<\/strong> Con una pr\u00f3tesis de cadera exitosa, podr\u00e1 disfrutar de una vida m\u00e1s satisfactoria y sin dolor.<\/li>\n<\/ol>\n<p>Tanto la artroplastia de rodilla como la artroplastia de cadera a medida son soluciones eficaces para aliviar el dolor y mejorar la movilidad.<\/p>\n<p>Si sufre molestias persistentes en la rodilla o la cadera que limitan sus actividades diarias, considere la posibilidad de consultar con el Dr. Nakul Karkare, cirujano ortop\u00e9dico de gran experiencia, para estudiar qu\u00e9 procedimiento se adapta mejor a sus necesidades. El Dr. Karkare y su equipo le proporcionar\u00e1n una atenci\u00f3n personalizada para ayudarle a recuperar su calidad de vida mediante estas opciones quir\u00fargicas avanzadas.<\/p>\n<p>&nbsp;<\/p>\n<h1><\/h1>\n<h1>Acerca de Peconic<\/h1>\n<p>Peconic, NY es una peque\u00f1a aldea ubicada en la ciudad de Southold en el condado de Suffolk, Nueva York. Est\u00e1 situado en el North Fork de Long Island y es conocido por sus hermosas playas, vi\u00f1edos y granjas. Aqu\u00ed hay m\u00e1s informaci\u00f3n sobre Peconic, NY:<\/p>\n<p><strong>Historia<\/strong><br \/>\nPeconic fue colonizado por primera vez en el siglo XVII por colonos ingleses. Originalmente era una comunidad agr\u00edcola, y muchas de las granjas y graneros originales siguen en pie hoy en d\u00eda. En el siglo XIX, Peconic se convirti\u00f3 en un centro de construcci\u00f3n naval y pesca, y la econom\u00eda de la aldea prosper\u00f3. Hoy en d\u00eda, Peconic es un popular destino tur\u00edstico, conocido por sus playas, vi\u00f1edos y granjas.<\/p>\n<p><strong>Cultura<\/strong><br \/>\nPeconic es una aldea con una cultura \u00fanica que est\u00e1 profundamente arraigada en su patrimonio agr\u00edcola y pesquero. Es bien conocido por sus restaurantes de mariscos, vi\u00f1edos y granjas. La aldea tiene una variedad de arquitectura hist\u00f3rica, incluidas varias casas y edificios hist\u00f3ricos. Peconic tambi\u00e9n alberga varias galer\u00edas de arte y museos, incluida la Southold Historical Society, que cuenta con exposiciones sobre la historia y la cultura de la zona.<\/p>\n<p><strong>Demograf\u00eda<\/strong><br \/>\nSeg\u00fan la Oficina del Censo de los Estados Unidos, la poblaci\u00f3n de Peconic era de 683 habitantes en el censo de 2010. La composici\u00f3n racial de la aldea era 96,6% blanca, 0,4% afroamericana, 0,1% nativa americana, 0,4% asi\u00e1tica, 0,1% isle\u00f1a del Pac\u00edfico, 1,0% de otras razas y 1,4% de dos o m\u00e1s razas. Los hispanos o latinos de cualquier raza eran el 5,4% de la poblaci\u00f3n.<\/p>\n<p><strong>Turismo<\/strong><br \/>\nPeconic es un destino tur\u00edstico muy popular, especialmente durante los meses de verano. Los visitantes pueden disfrutar de una variedad de actividades, que incluyen actividades en la playa, cata de vinos y recorridos por granjas. La aldea cuenta con varios parques y playas, incluida la playa de Peconic Bay, que cuenta con un parque infantil, una zona de picnic y un snack bar. Los visitantes tambi\u00e9n pueden hacer un recorrido por los vi\u00f1edos en la Ruta del Vino de North Fork, que atraviesa Peconic. Peconic tambi\u00e9n alberga varias granjas, incluida Sang Lee Farms, que ofrece recorridos y degustaciones de sus productos frescos.<\/p>\n<p><strong>Bien inmueble<\/strong><br \/>\nA partir de octubre de 2023, hay varias casas en venta en Peconic, NY, que van desde $ 1,200,000 a $ 3,500,000. Tambi\u00e9n hay varios condominios y casas adosadas a la venta en el \u00e1rea, que van desde $399,000 a $1,200,000. El valor medio de una vivienda en Peconic es de $1,500,000.<\/p>\n<p>Peconic, NY es una encantadora aldea con un patrimonio cultural \u00fanico y una variedad de actividades para que los visitantes disfruten. Es conocida por su cultura agr\u00edcola y pesquera, sus vi\u00f1edos y sus playas, as\u00ed como por su arquitectura hist\u00f3rica, galer\u00edas de arte y museos. La aldea tambi\u00e9n alberga varios parques y playas, granjas y bodegas. Ya sea que est\u00e9 buscando visitar o hacer de Peconic su hogar, es un lugar maravilloso para estar.<\/p>\n<p>&nbsp;<\/p>\n<h2>Indicaciones<\/h2>\n<p><span class=\"\">Estas son las instrucciones desde New Peconic, NY hasta Complete Orthopedics en 887 Old Country Rd, Suite A, Riverhead, NY 11901:<\/span><\/p>\n<ol class=\"list-outside list-decimal marker:font-mono marker:text-sm pl-11\">\n<li><span class=\"\">Dir\u00edjase hacia el este por Peconic Ln hacia New Suffolk Ave.<\/span><\/li>\n<li><span class=\"\">Gire a la izquierda en New Suffolk Ave.<\/span><\/li>\n<li><span class=\"\">Gire a la derecha en Main Rd.<\/span><\/li>\n<li><span class=\"\">Gire a la izquierda en County Rd 48.<\/span><\/li>\n<li><span class=\"\">Gire a la izquierda en County Rd 105.<\/span><\/li>\n<li><span class=\"\">Gire a la derecha en Old Country Rd.<\/span><\/li>\n<li><span class=\"\">Complete Orthopedics estar\u00e1 a su derecha en 887 Old Country Rd, Suite A, Riverhead, NY 11901.<\/span><\/li>\n<\/ol>\n<p><span class=\"\">La distancia total en coche es de aproximadamente 10 millas y deber\u00eda tomar alrededor de 20 minutos, dependiendo del tr\u00e1fico.<\/span><span class=\"\">Complete Orthopedics se encuentra en Riverhead, Nueva York, a poca distancia en auto de New Peconic. La oficina est\u00e1 abierta las 24 horas del d\u00eda, los 7 d\u00edas de la semana con cita previa y ofrece la experiencia de un grupo m\u00e1s grande con la dedicaci\u00f3n y el trabajo en equipo para brindar una atenci\u00f3n y un cuidado m\u00e1s personalizados<\/span><\/p>\n<div class=\"inline-flex relative -top-[0.3rem] light font-sans text-base text-textOff dark:text-textOffDark selection:bg-superDuper selection:text-textMain\"><\/div>\n<p><span class=\"\"><span class=\"whitespace-nowrap\">.<\/span><\/span><\/p>\n<h2>Atenci\u00f3n m\u00e9dica cerca de Peconic<\/h2>\n<p><strong>Farmacias:<\/strong><br \/>\n&#8211; Farmacia CVS, 1116 Old Country Rd, Riverhead, NY 11901<br \/>\n&#8211; Farmacia Walgreens, 1196 Flanders Rd, Flanders, NY 11901<br \/>\n&#8211; Farmacia Rite Aid, 165 W Montauk Hwy, Hampton Bays, NY 11946<\/p>\n<p><strong>Centros de Radiolog\u00eda:<\/strong><br \/>\n&#8211; Radiolog\u00eda del Peconic Bay Medical Center, 1300 Roanoke Ave, Riverhead, NY 11901<br \/>\n&#8211; Radiolog\u00eda East End, 133 E Main St, Riverhead, NY 11901<br \/>\n&#8211; Northwell Health Imaging at East Setauket, 4 Technology Dr, East Setauket, NY 11733<\/p>\n<p><strong>Centros de Atenci\u00f3n de Urgencia:<\/strong><br \/>\n&#8211; Northwell Health-GoHealth Urgent Care, 2044 Montauk Hwy, Bridgehampton, NY 11932<br \/>\n&#8211; Hampton Medical Care, 225 W Montauk Hwy, Hampton Bays, NY 11946<br \/>\n&#8211; Urgencias en Hampton Bays, NY| Northwell Health, 225 W Montauk Hwy, Hampton Bays, NY 11946<\/p>\n<p><strong>Hospitales:<\/strong><br \/>\n&#8211; Centro M\u00e9dico Peconic Bay, 1300 Roanoke Ave, Riverhead, NY 11901<br \/>\n&#8211; Hospital Stony Brook Southampton, 240 Meeting House Ln, Southampton, NY 11968<br \/>\n&#8211; Centro M\u00e9dico del Hospital Good Samaritan, 1000 Montauk Hwy, West Islip, NY 11795<\/p>\n<p>Estas farmacias, centros de radiolog\u00eda, centros de atenci\u00f3n de urgencia y hospitales se encuentran a una distancia razonable de Peconic, NY y pueden brindar atenci\u00f3n m\u00e9dica y servicios a la comunidad.<\/p>\n<p>Nos enorgullecemos de brindar atenci\u00f3n ortop\u00e9dica integral a pacientes de varios hospitales y centros de atenci\u00f3n de urgencia en nuestra comunidad, incluidos los mencionados anteriormente.<\/p>\n<p>Ya sea que tenga una referencia para tratamiento ortop\u00e9dico o simplemente desee consultar con nosotros para cualquier inquietud ortop\u00e9dica, no dude en comunicarse con nuestro equipo dedicado las 24 horas del d\u00eda, los 7 d\u00edas de la semana. Estamos aqu\u00ed para ayudarlo de manera r\u00e1pida y compasiva.<\/p>\n<p>Muchas personas visitan centros de atenci\u00f3n de urgencia y hospitales por compensaci\u00f3n laboral y lesiones relacionadas con el seguro sin culpa. Si su lesi\u00f3n no requiere una visita al hospital, nos complace brindarle un tratamiento ortop\u00e9dico profesional adaptado a tales casos. No dude en ponerse en contacto con nosotros al <a href=\"tel:631-981-2663\" target=\"_blank\" rel=\"noopener\">631-981-2663<\/a> para programar una cita con nosotros hoy mismo. Tu bienestar es nuestra prioridad<\/p>\n","protected":false},"excerpt":{"rendered":"<p>Servicios Ortop\u00e9dicos Integrales en Peconic, NY, Ofrecidos por el Dr. Nakul Karkare \u00a1Saludos del Dr. Nakul Karkare! Somos su fuente dedicada a la atenci\u00f3n ortop\u00e9dica excepcional y estamos encantados de anunciar nuestra expansi\u00f3n de servicios ortop\u00e9dicos integrales a la comunidad c\u00e1lida y acogedora de Peconic, NY. En la consulta del Dr. Nakul Karkare, combinamos la [&hellip;]<\/p>\n","protected":false},"author":33,"featured_media":0,"parent":16545,"menu_order":0,"comment_status":"closed","ping_status":"closed","template":"","meta":{"_et_pb_use_builder":"","_et_pb_old_content":"","_et_gb_content_width":"","footnotes":""},"class_list":["post-20827","page","type-page","status-publish","hentry"],"yoast_head":"<!-- This site is optimized with the Yoast SEO plugin v27.2 - https:\/\/yoast.com\/product\/yoast-seo-wordpress\/ -->\n<title>Peconic, Nueva York | Best Hip &amp; Knee Surgeon | NY, USA<\/title>\n<meta name=\"description\" content=\"Servicios Ortop\u00e9dicos Integrales en Peconic, NY, Ofrecidos por el Dr. Nakul Karkare \u00a1Saludos del Dr. Nakul Karkare! Somos su fuente dedicada a la atenci\u00f3n\" \/>\n<meta name=\"robots\" content=\"index, follow, max-snippet:-1, max-image-preview:large, max-video-preview:-1\" \/>\n<link rel=\"canonical\" href=\"https:\/\/www.newyorkhipknee.com\/es\/contacto\/riverhead-mejor-cirujano-de-reemplazo-de-rodilla-y-cadera\/peconic-nueva-york\/\" \/>\n<meta property=\"og:locale\" content=\"es_ES\" \/>\n<meta property=\"og:type\" content=\"article\" \/>\n<meta property=\"og:title\" content=\"Peconic, Nueva York | Best Hip &amp; Knee Surgeon | NY, USA\" \/>\n<meta property=\"og:description\" content=\"Servicios Ortop\u00e9dicos Integrales en Peconic, NY, Ofrecidos por el Dr. Nakul Karkare \u00a1Saludos del Dr. Nakul Karkare! Somos su fuente dedicada a la atenci\u00f3n\" \/>\n<meta property=\"og:url\" content=\"https:\/\/www.newyorkhipknee.com\/es\/contacto\/riverhead-mejor-cirujano-de-reemplazo-de-rodilla-y-cadera\/peconic-nueva-york\/\" \/>\n<meta property=\"og:site_name\" content=\"Best Hip &amp; Knee Surgeon | NY, USA\" \/>\n<meta name=\"twitter:card\" content=\"summary_large_image\" \/>\n<meta name=\"twitter:label1\" content=\"Tiempo de lectura\" \/>\n\t<meta name=\"twitter:data1\" content=\"10 minutos\" \/>\n<script type=\"application\/ld+json\" class=\"yoast-schema-graph\">{\"@context\":\"https:\/\/schema.org\",\"@graph\":[{\"@type\":[\"WebPage\",\"MedicalWebPage\"],\"@id\":\"https:\/\/www.newyorkhipknee.com\/es\/contacto\/riverhead-mejor-cirujano-de-reemplazo-de-rodilla-y-cadera\/peconic-nueva-york\/\",\"url\":\"https:\/\/www.newyorkhipknee.com\/es\/contacto\/riverhead-mejor-cirujano-de-reemplazo-de-rodilla-y-cadera\/peconic-nueva-york\/\",\"name\":\"Peconic, Nueva York | Best Hip &amp; Knee Surgeon | NY, USA\",\"isPartOf\":{\"@id\":\"https:\/\/www.newyorkhipknee.com\/es\/#website\"},\"datePublished\":\"2023-11-13T19:37:58+00:00\",\"description\":\"Servicios Ortop\u00e9dicos Integrales en Peconic, NY, Ofrecidos por el Dr. Nakul Karkare \u00a1Saludos del Dr. Nakul Karkare! Somos su fuente dedicada a la atenci\u00f3n\",\"breadcrumb\":{\"@id\":\"https:\/\/www.newyorkhipknee.com\/es\/contacto\/riverhead-mejor-cirujano-de-reemplazo-de-rodilla-y-cadera\/peconic-nueva-york\/#breadcrumb\"},\"inLanguage\":\"es\",\"potentialAction\":[{\"@type\":\"ReadAction\",\"target\":[\"https:\/\/www.newyorkhipknee.com\/es\/contacto\/riverhead-mejor-cirujano-de-reemplazo-de-rodilla-y-cadera\/peconic-nueva-york\/\"]}]},{\"@type\":\"BreadcrumbList\",\"@id\":\"https:\/\/www.newyorkhipknee.com\/es\/contacto\/riverhead-mejor-cirujano-de-reemplazo-de-rodilla-y-cadera\/peconic-nueva-york\/#breadcrumb\",\"itemListElement\":[{\"@type\":\"ListItem\",\"position\":1,\"name\":\"Home\",\"item\":\"https:\/\/www.newyorkhipknee.com\/es\/\"},{\"@type\":\"ListItem\",\"position\":2,\"name\":\"Contacto\",\"item\":\"https:\/\/www.newyorkhipknee.com\/es\/contacto\/\"},{\"@type\":\"ListItem\",\"position\":3,\"name\":\"Riverhead &#8211; Mejor Cirujano de Reemplazo de Rodilla y Cadera\",\"item\":\"https:\/\/www.newyorkhipknee.com\/es\/contacto\/riverhead-mejor-cirujano-de-reemplazo-de-rodilla-y-cadera\/\"},{\"@type\":\"ListItem\",\"position\":4,\"name\":\"Peconic, Nueva York\"}]},{\"@type\":\"WebSite\",\"@id\":\"https:\/\/www.newyorkhipknee.com\/es\/#website\",\"url\":\"https:\/\/www.newyorkhipknee.com\/es\/\",\"name\":\"Best Hip & Knee Surgeon | NY, USA\",\"description\":\"\",\"potentialAction\":[{\"@type\":\"SearchAction\",\"target\":{\"@type\":\"EntryPoint\",\"urlTemplate\":\"https:\/\/www.newyorkhipknee.com\/es\/?s={search_term_string}\"},\"query-input\":{\"@type\":\"PropertyValueSpecification\",\"valueRequired\":true,\"valueName\":\"search_term_string\"}}],\"inLanguage\":\"es\"}]}<\/script>\n<!-- \/ Yoast SEO plugin. -->","yoast_head_json":{"title":"Peconic, Nueva York | Best Hip &amp; Knee Surgeon | NY, USA","description":"Servicios Ortop\u00e9dicos Integrales en Peconic, NY, Ofrecidos por el Dr. Nakul Karkare \u00a1Saludos del Dr. Nakul Karkare! Somos su fuente dedicada a la atenci\u00f3n","robots":{"index":"index","follow":"follow","max-snippet":"max-snippet:-1","max-image-preview":"max-image-preview:large","max-video-preview":"max-video-preview:-1"},"canonical":"https:\/\/www.newyorkhipknee.com\/es\/contacto\/riverhead-mejor-cirujano-de-reemplazo-de-rodilla-y-cadera\/peconic-nueva-york\/","og_locale":"es_ES","og_type":"article","og_title":"Peconic, Nueva York | Best Hip &amp; Knee Surgeon | NY, USA","og_description":"Servicios Ortop\u00e9dicos Integrales en Peconic, NY, Ofrecidos por el Dr. Nakul Karkare \u00a1Saludos del Dr. Nakul Karkare! Somos su fuente dedicada a la atenci\u00f3n","og_url":"https:\/\/www.newyorkhipknee.com\/es\/contacto\/riverhead-mejor-cirujano-de-reemplazo-de-rodilla-y-cadera\/peconic-nueva-york\/","og_site_name":"Best Hip &amp; Knee Surgeon | NY, USA","twitter_card":"summary_large_image","twitter_misc":{"Tiempo de lectura":"10 minutos"},"schema":{"@context":"https:\/\/schema.org","@graph":[{"@type":["WebPage","MedicalWebPage"],"@id":"https:\/\/www.newyorkhipknee.com\/es\/contacto\/riverhead-mejor-cirujano-de-reemplazo-de-rodilla-y-cadera\/peconic-nueva-york\/","url":"https:\/\/www.newyorkhipknee.com\/es\/contacto\/riverhead-mejor-cirujano-de-reemplazo-de-rodilla-y-cadera\/peconic-nueva-york\/","name":"Peconic, Nueva York | Best Hip &amp; Knee Surgeon | NY, USA","isPartOf":{"@id":"https:\/\/www.newyorkhipknee.com\/es\/#website"},"datePublished":"2023-11-13T19:37:58+00:00","description":"Servicios Ortop\u00e9dicos Integrales en Peconic, NY, Ofrecidos por el Dr. Nakul Karkare \u00a1Saludos del Dr. Nakul Karkare! Somos su fuente dedicada a la atenci\u00f3n","breadcrumb":{"@id":"https:\/\/www.newyorkhipknee.com\/es\/contacto\/riverhead-mejor-cirujano-de-reemplazo-de-rodilla-y-cadera\/peconic-nueva-york\/#breadcrumb"},"inLanguage":"es","potentialAction":[{"@type":"ReadAction","target":["https:\/\/www.newyorkhipknee.com\/es\/contacto\/riverhead-mejor-cirujano-de-reemplazo-de-rodilla-y-cadera\/peconic-nueva-york\/"]}]},{"@type":"BreadcrumbList","@id":"https:\/\/www.newyorkhipknee.com\/es\/contacto\/riverhead-mejor-cirujano-de-reemplazo-de-rodilla-y-cadera\/peconic-nueva-york\/#breadcrumb","itemListElement":[{"@type":"ListItem","position":1,"name":"Home","item":"https:\/\/www.newyorkhipknee.com\/es\/"},{"@type":"ListItem","position":2,"name":"Contacto","item":"https:\/\/www.newyorkhipknee.com\/es\/contacto\/"},{"@type":"ListItem","position":3,"name":"Riverhead &#8211; Mejor Cirujano de Reemplazo de Rodilla y Cadera","item":"https:\/\/www.newyorkhipknee.com\/es\/contacto\/riverhead-mejor-cirujano-de-reemplazo-de-rodilla-y-cadera\/"},{"@type":"ListItem","position":4,"name":"Peconic, Nueva York"}]},{"@type":"WebSite","@id":"https:\/\/www.newyorkhipknee.com\/es\/#website","url":"https:\/\/www.newyorkhipknee.com\/es\/","name":"Best Hip & Knee Surgeon | NY, USA","description":"","potentialAction":[{"@type":"SearchAction","target":{"@type":"EntryPoint","urlTemplate":"https:\/\/www.newyorkhipknee.com\/es\/?s={search_term_string}"},"query-input":{"@type":"PropertyValueSpecification","valueRequired":true,"valueName":"search_term_string"}}],"inLanguage":"es"}]}},"_links":{"self":[{"href":"https:\/\/www.newyorkhipknee.com\/es\/wp-json\/wp\/v2\/pages\/20827","targetHints":{"allow":["GET"]}}],"collection":[{"href":"https:\/\/www.newyorkhipknee.com\/es\/wp-json\/wp\/v2\/pages"}],"about":[{"href":"https:\/\/www.newyorkhipknee.com\/es\/wp-json\/wp\/v2\/types\/page"}],"author":[{"embeddable":true,"href":"https:\/\/www.newyorkhipknee.com\/es\/wp-json\/wp\/v2\/users\/33"}],"replies":[{"embeddable":true,"href":"https:\/\/www.newyorkhipknee.com\/es\/wp-json\/wp\/v2\/comments?post=20827"}],"version-history":[{"count":0,"href":"https:\/\/www.newyorkhipknee.com\/es\/wp-json\/wp\/v2\/pages\/20827\/revisions"}],"up":[{"embeddable":true,"href":"https:\/\/www.newyorkhipknee.com\/es\/wp-json\/wp\/v2\/pages\/16545"}],"wp:attachment":[{"href":"https:\/\/www.newyorkhipknee.com\/es\/wp-json\/wp\/v2\/media?parent=20827"}],"curies":[{"name":"wp","href":"https:\/\/api.w.org\/{rel}","templated":true}]}}