{"id":20850,"date":"2023-11-15T15:39:01","date_gmt":"2023-11-15T20:39:01","guid":{"rendered":"https:\/\/newyorkhipknee.com\/contacto\/babylon-mejor-cirujano-de-protesis-de-cadera-y-rodilla\/costa-de-la-bahia-nueva-york\/"},"modified":"2023-11-15T15:39:01","modified_gmt":"2023-11-15T20:39:01","slug":"costa-de-la-bahia-nueva-york","status":"publish","type":"page","link":"https:\/\/www.newyorkhipknee.com\/es\/contacto\/babylon-mejor-cirujano-de-protesis-de-cadera-y-rodilla\/costa-de-la-bahia-nueva-york\/","title":{"rendered":"Costa de la Bah\u00eda, Nueva York"},"content":{"rendered":"<h1>Centro Ortop\u00e9dico del Dr. Nakul Karkare: Su Socio de Confianza en Cuidados Ortop\u00e9dicos, Uniendo Babylon con Bay Shore, NY<\/h1>\n<p>Bienvenido al Centro Ortop\u00e9dico del Dr. Nakul Karkare, su fuente dedicada a la atenci\u00f3n ortop\u00e9dica de primer nivel que conecta a la perfecci\u00f3n la vibrante comunidad de Centereach a la vecina ciudad de Bay Shore, Nueva York. Estamos orgullosos de ser su destino local de atenci\u00f3n m\u00e9dica ortop\u00e9dica, comprometidos a mejorar el bienestar de los residentes y las personas en esta regi\u00f3n din\u00e1mica.<\/p>\n<p>El Dr. Nakul Karkare es un especialista ortop\u00e9dico altamente cualificado con una pasi\u00f3n por la entrega integral, compasivo, y la atenci\u00f3n ortop\u00e9dica de vanguardia. Comprende el papel esencial que desempe\u00f1a la salud ortop\u00e9dica en su vida diaria.<\/p>\n<p>Si usted est\u00e1 en el camino hacia la recuperaci\u00f3n de una lesi\u00f3n, la gesti\u00f3n de las condiciones musculoesquel\u00e9ticas cr\u00f3nicas, o en busca de orientaci\u00f3n sobre el logro de un \u00f3ptimo bienestar ortop\u00e9dico, el Dr. Nakul Karkare y su equipo de expertos est\u00e1n aqu\u00ed para guiarlo hacia la mejora de la movilidad y una vida libre de dolor.<\/p>\n<p>Nuestra presencia enlaza a la perfecci\u00f3n <a href=\"https:\/\/newyorkhipknee.com\/contact\/babylon-orthopedic-surgeon\/about-babylon-ny\/\" target=\"_blank\" rel=\"noopener\">Babylon<\/a> con Bay Shore, garantiz\u00e1ndole un c\u00f3modo acceso a nuestros excepcionales servicios ortop\u00e9dicos. A trav\u00e9s de nuestro blog informativo y recursos educativos, nuestro objetivo es brindarle informaci\u00f3n valiosa, los \u00faltimos avances en tratamientos ortop\u00e9dicos y consejos pr\u00e1cticos para ayudarlo a llevar un estilo de vida activo y saludable. El Centro Ortop\u00e9dico del Dr. Nakul Karkare es su socio de confianza en el camino hacia una mejor salud ortop\u00e9dica.<\/p>\n<p>&nbsp;<\/p>\n<h2 class=\"nitro-offscreen\">Tenemos el honor de ofrecer una amplia gama de servicios ortop\u00e9dicos en los alrededores de Bay Shore, NY:<\/h2>\n<h2><a role=\"link\" href=\"https:\/\/newyorkhipknee.com\/custom-knee-replacement-surgery\/\" target=\"_blank\" rel=\"noopener\"><strong>Sustituci\u00f3n de rodilla a medida:<\/strong><\/a><\/h2>\n<ul>\n<li>La pr\u00f3tesis de rodilla personalizada es un procedimiento quir\u00fargico que ofrece a los pacientes una soluci\u00f3n individualizada para sus problemas articulares de rodilla. Consiste en sustituir una articulaci\u00f3n de rodilla da\u00f1ada por un implante artificial cuidadosamente adaptado a la anatom\u00eda \u00fanica del paciente.<\/li>\n<li>El implante se elabora meticulosamente utilizando tecnolog\u00eda de imagen avanzada para generar un modelo 3D de la articulaci\u00f3n de la rodilla del paciente. Este modelo sirve de modelo para crear un implante personalizado que se adapte con precisi\u00f3n a la rodilla del paciente.<\/li>\n<li>Este procedimiento se recomienda a los pacientes que padecen dolor intenso de rodilla, rigidez e inflamaci\u00f3n que afectan significativamente a sus actividades cotidianas y a su calidad de vida en general.<\/li>\n<li>La artroplastia de rodilla a medida puede aliviar el dolor, mejorar la movilidad y, en \u00faltima instancia, elevar la calidad de vida general del paciente.<\/li>\n<li>El Dr. Karkare est\u00e1 altamente cualificado en la realizaci\u00f3n de procedimientos quir\u00fargicos m\u00ednimamente invasivos para el reemplazo de articulaciones, utilizando t\u00e9cnicas innovadoras y tecnolog\u00eda de \u00faltima generaci\u00f3n para garantizar la colocaci\u00f3n precisa de los componentes del implante a trav\u00e9s de incisiones m\u00e1s peque\u00f1as que preservan los tejidos.<\/li>\n<li>Los pacientes que se someten a una artroplastia de rodilla personalizada pueden anticipar que experimentar\u00e1n menos molestias, una recuperaci\u00f3n m\u00e1s r\u00e1pida y una mayor amplitud de movimiento en comparaci\u00f3n con la artroplastia de rodilla convencional.<\/li>\n<\/ul>\n<p>&nbsp;<\/p>\n<h2><a role=\"link\" href=\"https:\/\/newyorkhipknee.com\/hip-replacement-surgery\/\" target=\"_blank\" rel=\"noopener\"><strong>Pr\u00f3tesis de cadera:<\/strong><\/a><\/h2>\n<ul>\n<li>La artroplastia de cadera es un procedimiento quir\u00fargico dise\u00f1ado para proporcionar a los pacientes una movilidad renovada y aliviar el dolor de la articulaci\u00f3n de la cadera. Consiste en sustituir una articulaci\u00f3n de cadera da\u00f1ada por un implante artificial meticulosamente dise\u00f1ado para imitar la estructura y funci\u00f3n naturales de la articulaci\u00f3n de la cadera.<\/li>\n<li>Este procedimiento se recomienda a los pacientes que padecen dolor intenso de cadera, rigidez e inflamaci\u00f3n que dificultan considerablemente sus actividades cotidianas y su calidad de vida en general.<\/li>\n<li>El Dr. Karkare est\u00e1 altamente cualificado tanto en las t\u00e9cnicas quir\u00fargicas tradicionales \u00ababiertas\u00bb como en los abordajes m\u00ednimamente invasivos para la cirug\u00eda de pr\u00f3tesis de cadera.<\/li>\n<li>Los pacientes que se someten a una artroplastia de cadera pueden experimentar menos dolor, una recuperaci\u00f3n m\u00e1s r\u00e1pida y una mayor amplitud de movimiento que antes de la intervenci\u00f3n.<\/li>\n<li>El Dr. Karkare emplea enfoques innovadores y tecnolog\u00eda de vanguardia para garantizar la colocaci\u00f3n precisa de los componentes de los implantes a trav\u00e9s de incisiones m\u00e1s peque\u00f1as que preservan los tejidos.<\/li>\n<li>Los pacientes que se someten a una artroplastia de cadera pueden esperar disfrutar de una experiencia m\u00e1s c\u00f3moda, una recuperaci\u00f3n m\u00e1s r\u00e1pida y una mayor amplitud de movimiento en comparaci\u00f3n con su estado antes de la intervenci\u00f3n.<\/li>\n<\/ul>\n<p><strong>Ventajas de la pr\u00f3tesis personalizada de rodilla y cadera:<\/strong><\/p>\n<ul>\n<li>Alivio del dolor y las molestias derivadas de lesiones articulares<\/li>\n<li>Mayor movilidad y amplitud de movimiento<\/li>\n<li>Una mejor calidad de vida en general<\/li>\n<li>R\u00e1pida recuperaci\u00f3n en comparaci\u00f3n con la cirug\u00eda tradicional<\/li>\n<li>T\u00e9cnicas quir\u00fargicas m\u00ednimamente invasivas que producen menos molestias y una recuperaci\u00f3n m\u00e1s r\u00e1pida<\/li>\n<\/ul>\n<p>&nbsp;<\/p>\n<h1>Acerca de Bay Shore<\/h1>\n<p>Bay Shore, NY es una aldea ubicada en la ciudad de Islip, condado de Suffolk, Nueva York, Estados Unidos, en la costa sur de Long Island. La ciudad tiene una rica historia, una cultura vibrante y una pr\u00f3spera industria tur\u00edstica. En este art\u00edculo, exploraremos la historia, la cultura y el turismo de Bay Shore, Nueva York.<\/p>\n<p>&nbsp;<\/p>\n<p><strong>Historia de Bay Shore, NY<\/strong><\/p>\n<p>Bay Shore, Nueva York, tiene una rica historia que se remonta al siglo XVII, cuando los colonos ingleses se asentaron en la zona. La ciudad fue principalmente una comunidad agr\u00edcola hasta finales del siglo XIX, cuando se convirti\u00f3 en un popular destino de veraneo para los neoyorquinos ricos.<\/p>\n<p>Bay Shore se hizo famosa a finales del siglo XIX por su distrito comercial y centros tur\u00edsticos. La aldea rural se hizo popular entre los neoyorquinos adinerados que buscaban escapar de la ciudad a las playas de arena blanca de la Gran Bah\u00eda del Sur y los pueblos pesqueros de Fire Island. Era un lugar tur\u00edstico los fines de semana y durante el verano, en gran parte porque el reci\u00e9n construido Long Island Rail Road permit\u00eda un f\u00e1cil acceso desde la ciudad de Nueva York.<\/p>\n<p>&nbsp;<\/p>\n<p><strong>Cultura de Bay Shore, NY<\/strong><\/p>\n<p>Bay Shore, Nueva York, tiene una rica historia cultural, y la ciudad ha sido el hogar de varios artistas y escritores de renombre mundial a lo largo de los a\u00f1os. La ciudad tambi\u00e9n alberga una serie de museos e instituciones culturales, incluida la Sociedad Hist\u00f3rica de Bay Shore, que mantiene una gran colecci\u00f3n de artefactos e im\u00e1genes relacionadas con la historia de Bay Shore.<\/p>\n<p>La ciudad tambi\u00e9n es conocida por su patrimonio agr\u00edcola, y es el hogar de una serie de granjas y vi\u00f1edos. Los visitantes pueden recorrer las bodegas locales y degustar algunos de los mejores vinos de la regi\u00f3n.<\/p>\n<p>&nbsp;<\/p>\n<p><strong>Turismo en Bay Shore, NY<\/strong><\/p>\n<p>Bay Shore, Nueva York, es un popular destino tur\u00edstico, gracias en parte a sus hermosas playas, encantadores pueblos y rico patrimonio cultural. La ciudad alberga una serie de atracciones que atraen a visitantes de todo el mundo.<\/p>\n<p>Una de las atracciones m\u00e1s populares de Bay Shore es la Fire Island National Seashore, que es una gran isla central de las islas de barrera exterior paralelas a la costa sur de Long Island. Los visitantes pueden disfrutar de las hermosas playas, practicar senderismo, observar aves y explorar el faro hist\u00f3rico.<\/p>\n<p>Otra atracci\u00f3n popular en Bay Shore es el Centro de Artes Esc\u00e9nicas de Bay Shore, que alberga una variedad de actuaciones durante todo el a\u00f1o. Los visitantes pueden disfrutar de conciertos, obras de teatro y otros eventos culturales en el centro.<\/p>\n<p>Bay Shore tambi\u00e9n es el hogar de una serie de hermosos parques y reservas naturales, incluido el Parque Estatal Bayard Cutting Arboretum, que ofrece rutas de senderismo y oportunidades de observaci\u00f3n de aves. Los visitantes pueden explorar la belleza natural de la ciudad y disfrutar de la paz y la tranquilidad del aire libre.<\/p>\n<p>Bay Shore, NY es una ciudad con una rica historia, una cultura vibrante y una pr\u00f3spera industria tur\u00edstica. Los visitantes de la ciudad pueden explorar sus museos e instituciones culturales, degustar sus vinos y disfrutar de sus hermosas playas. Ya sea que sea un aficionado a la historia, un amante del vino o un amante de la playa, Bay Shore tiene algo que ofrecer a todos.<\/p>\n<p>&nbsp;<\/p>\n<h2>Indicaciones<\/h2>\n<p>Aqu\u00ed est\u00e1n las instrucciones desde Bay Shore, NY a Complete Orthopedics en 46 Little East Neck Rd Unit A, Babylon, NY 11702:<\/p>\n<p>1. Dir\u00edjase hacia el sur por 5th Ave hacia Union Blvd.<br \/>\n2. Gire a la izquierda en Union Blvd.<br \/>\n3. Gire a la derecha en 4th Ave.<br \/>\n4. Gire a la izquierda en NY-27A E\/Montauk Hwy.<br \/>\n5. Gire a la derecha en Little East Neck Rd N.<br \/>\n6. La ortopedia completa estar\u00e1 a la izquierda en 46 Little East Neck Rd Unidad A.<\/p>\n<p>La distancia total en coche es de aproximadamente 7,5 millas y deber\u00eda durar unos 15 minutos, dependiendo del tr\u00e1fico.<\/p>\n<p>&nbsp;<\/p>\n<h2>Atenci\u00f3n m\u00e9dica cerca de Bay Shore<\/h2>\n<p><strong>Farmacias<\/strong><\/p>\n<p>1. Farmacia CVS &#8211; 1701 Sunrise Hwy, Bay Shore, NY 11706<br \/>\n2. Farmacia Walgreens &#8211; 2040 Sunrise Hwy, Bay Shore, NY 11706<br \/>\n3. Farmacia Rite Aid &#8211; 1191 Sunrise Hwy, Bay Shore, NY 11706<\/p>\n<p>&nbsp;<\/p>\n<p><strong>Centros de Radiolog\u00eda<\/strong><\/p>\n<p>1. Radiolog\u00eda South Shore &#8211; 375 E Main St, Bay Shore, NY 11706<br \/>\n2. Long Island Medical Imaging &#8211; 375 E Main St, Bay Shore, NY 11706<br \/>\n3. Radiolog\u00eda del Centro M\u00e9dico del Hospital Good Samaritan &#8211; 1000 Montauk Hwy, West Islip, NY 11795<\/p>\n<p>&nbsp;<\/p>\n<p><strong>Centros de Atenci\u00f3n de Urgencia<\/strong><\/p>\n<p>1. Northwell Health-GoHealth Urgent Care &#8211; 1701 Sunrise Hwy, Bay Shore, NY 11706<br \/>\n2. ProHEALTH Urgent Care &#8211; 725 Sunrise Hwy, West Islip, NY 11795<br \/>\n3. Stat Health Immediate Medical Care &#8211; 597 Montauk Hwy, West Babylon, NY 11704<\/p>\n<p>&nbsp;<\/p>\n<p><strong>Hospitales<\/strong><\/p>\n<p>1. Hospital Southside &#8211; 301 E Main St, Bay Shore, NY 11706<br \/>\n2. Centro M\u00e9dico del Hospital Buen Samaritano &#8211; 1000 Montauk Hwy, West Islip, NY 11795<br \/>\n3. Centro M\u00e9dico del Hospital Brookhaven Memorial &#8211; 101 Hospital Rd, Patchogue, NY 11772<\/p>\n<p>Nota: La informaci\u00f3n proporcionada es precisa a partir de octubre de 2023. Siempre se recomienda verificar la informaci\u00f3n antes de visitar cualquiera de las ubicaciones.<\/p>\n<div class=\"LBgpqf\">\n<div class=\"skqShb \"><\/div>\n<\/div>\n<div class=\"Hhmu2e wDYxhc NFQFxe viOShc LKPcQc\" lang=\"en-US\" data-md=\"16\" data-hveid=\"CAkQAA\" data-ved=\"2ahUKEwiz5YbKg8uBAxX2MjQIHcl-BGcQhyh6BAgJEAA\">\n<div class=\"Ftghae iirjIb DaSCDf GUV4E\">\n<div class=\"SPZz6b\">\n<div class=\"wDYxhc\" lang=\"en-US\" data-attrid=\"kc:\/local:lu attribute list\" data-md=\"205\" data-hveid=\"CAsQAA\" data-ved=\"2ahUKEwiXoobZg8uBAxX9MjQIHVDrDX0Q1rkBegQICxAA\">\n<div class=\"TLYLSe MaBy9\">\n<div class=\"CJQ04\">En el coraz\u00f3n de nuestra misi\u00f3n se encuentra un firme compromiso de brindar atenci\u00f3n ortop\u00e9dica integral a nuestra comunidad local, incluidas las personas mencionadas anteriormente. Ya sea que acuda a nosotros a trav\u00e9s de una referencia para un tratamiento ortop\u00e9dico o si tiene alguna inquietud ortop\u00e9dica, nuestro equipo dedicado las 24 horas del d\u00eda, los 7 d\u00edas de la semana, est\u00e1 disponible a trav\u00e9s de una simple llamada telef\u00f3nica, listo para ofrecer asistencia r\u00e1pida y emp\u00e1tica.<\/div>\n<\/div>\n<\/div>\n<\/div>\n<\/div>\n<\/div>\n<p>Reconocemos que muchas personas buscan tratamiento para lesiones relacionadas con el trabajo cubiertas por la compensaci\u00f3n laboral y el seguro sin culpa en centros de atenci\u00f3n de urgencia y hospitales. Si su lesi\u00f3n no requiere una visita al hospital, estamos m\u00e1s que preparados para brindarle tratamiento ortop\u00e9dico especializado adaptado a sus circunstancias \u00fanicas. No dude en comunicarse con nosotros al 631-981-2663 para programar una cita sin demora. Su bienestar sigue siendo nuestra m\u00e1xima prioridad.<\/p>\n","protected":false},"excerpt":{"rendered":"<p>Centro Ortop\u00e9dico del Dr. Nakul Karkare: Su Socio de Confianza en Cuidados Ortop\u00e9dicos, Uniendo Babylon con Bay Shore, NY Bienvenido al Centro Ortop\u00e9dico del Dr. Nakul Karkare, su fuente dedicada a la atenci\u00f3n ortop\u00e9dica de primer nivel que conecta a la perfecci\u00f3n la vibrante comunidad de Centereach a la vecina ciudad de Bay Shore, Nueva [&hellip;]<\/p>\n","protected":false},"author":33,"featured_media":0,"parent":16523,"menu_order":0,"comment_status":"closed","ping_status":"closed","template":"","meta":{"_et_pb_use_builder":"","_et_pb_old_content":"","_et_gb_content_width":"","footnotes":""},"class_list":["post-20850","page","type-page","status-publish","hentry"],"yoast_head":"<!-- This site is optimized with the Yoast SEO plugin v27.2 - https:\/\/yoast.com\/product\/yoast-seo-wordpress\/ -->\n<title>Costa de la Bah\u00eda, Nueva York | Best Hip &amp; Knee Surgeon | NY, USA<\/title>\n<meta name=\"description\" content=\"Centro Ortop\u00e9dico del Dr. Nakul Karkare: Su Socio de Confianza en Cuidados Ortop\u00e9dicos, Uniendo Babylon con Bay Shore, NY Bienvenido al Centro Ortop\u00e9dico\" \/>\n<meta name=\"robots\" content=\"index, follow, max-snippet:-1, max-image-preview:large, max-video-preview:-1\" \/>\n<link rel=\"canonical\" href=\"https:\/\/www.newyorkhipknee.com\/es\/contacto\/babylon-mejor-cirujano-de-protesis-de-cadera-y-rodilla\/costa-de-la-bahia-nueva-york\/\" \/>\n<meta property=\"og:locale\" content=\"es_ES\" \/>\n<meta property=\"og:type\" content=\"article\" \/>\n<meta property=\"og:title\" content=\"Costa de la Bah\u00eda, Nueva York | Best Hip &amp; Knee Surgeon | NY, USA\" \/>\n<meta property=\"og:description\" content=\"Centro Ortop\u00e9dico del Dr. Nakul Karkare: Su Socio de Confianza en Cuidados Ortop\u00e9dicos, Uniendo Babylon con Bay Shore, NY Bienvenido al Centro Ortop\u00e9dico\" \/>\n<meta property=\"og:url\" content=\"https:\/\/www.newyorkhipknee.com\/es\/contacto\/babylon-mejor-cirujano-de-protesis-de-cadera-y-rodilla\/costa-de-la-bahia-nueva-york\/\" \/>\n<meta property=\"og:site_name\" content=\"Best Hip &amp; Knee Surgeon | NY, USA\" \/>\n<meta name=\"twitter:card\" content=\"summary_large_image\" \/>\n<meta name=\"twitter:label1\" content=\"Tiempo de lectura\" \/>\n\t<meta name=\"twitter:data1\" content=\"10 minutos\" \/>\n<script type=\"application\/ld+json\" class=\"yoast-schema-graph\">{\"@context\":\"https:\/\/schema.org\",\"@graph\":[{\"@type\":[\"WebPage\",\"MedicalWebPage\"],\"@id\":\"https:\/\/www.newyorkhipknee.com\/es\/contacto\/babylon-mejor-cirujano-de-protesis-de-cadera-y-rodilla\/costa-de-la-bahia-nueva-york\/\",\"url\":\"https:\/\/www.newyorkhipknee.com\/es\/contacto\/babylon-mejor-cirujano-de-protesis-de-cadera-y-rodilla\/costa-de-la-bahia-nueva-york\/\",\"name\":\"Costa de la Bah\u00eda, Nueva York | Best Hip &amp; Knee Surgeon | NY, USA\",\"isPartOf\":{\"@id\":\"https:\/\/www.newyorkhipknee.com\/es\/#website\"},\"datePublished\":\"2023-11-15T20:39:01+00:00\",\"description\":\"Centro Ortop\u00e9dico del Dr. Nakul Karkare: Su Socio de Confianza en Cuidados Ortop\u00e9dicos, Uniendo Babylon con Bay Shore, NY Bienvenido al Centro Ortop\u00e9dico\",\"breadcrumb\":{\"@id\":\"https:\/\/www.newyorkhipknee.com\/es\/contacto\/babylon-mejor-cirujano-de-protesis-de-cadera-y-rodilla\/costa-de-la-bahia-nueva-york\/#breadcrumb\"},\"inLanguage\":\"es\",\"potentialAction\":[{\"@type\":\"ReadAction\",\"target\":[\"https:\/\/www.newyorkhipknee.com\/es\/contacto\/babylon-mejor-cirujano-de-protesis-de-cadera-y-rodilla\/costa-de-la-bahia-nueva-york\/\"]}]},{\"@type\":\"BreadcrumbList\",\"@id\":\"https:\/\/www.newyorkhipknee.com\/es\/contacto\/babylon-mejor-cirujano-de-protesis-de-cadera-y-rodilla\/costa-de-la-bahia-nueva-york\/#breadcrumb\",\"itemListElement\":[{\"@type\":\"ListItem\",\"position\":1,\"name\":\"Home\",\"item\":\"https:\/\/www.newyorkhipknee.com\/es\/\"},{\"@type\":\"ListItem\",\"position\":2,\"name\":\"Contacto\",\"item\":\"https:\/\/www.newyorkhipknee.com\/es\/contacto\/\"},{\"@type\":\"ListItem\",\"position\":3,\"name\":\"Babylon &#8211; Mejor cirujano de pr\u00f3tesis de cadera y rodilla\",\"item\":\"https:\/\/www.newyorkhipknee.com\/es\/contacto\/babylon-mejor-cirujano-de-protesis-de-cadera-y-rodilla\/\"},{\"@type\":\"ListItem\",\"position\":4,\"name\":\"Costa de la Bah\u00eda, Nueva York\"}]},{\"@type\":\"WebSite\",\"@id\":\"https:\/\/www.newyorkhipknee.com\/es\/#website\",\"url\":\"https:\/\/www.newyorkhipknee.com\/es\/\",\"name\":\"Best Hip & Knee Surgeon | NY, USA\",\"description\":\"\",\"potentialAction\":[{\"@type\":\"SearchAction\",\"target\":{\"@type\":\"EntryPoint\",\"urlTemplate\":\"https:\/\/www.newyorkhipknee.com\/es\/?s={search_term_string}\"},\"query-input\":{\"@type\":\"PropertyValueSpecification\",\"valueRequired\":true,\"valueName\":\"search_term_string\"}}],\"inLanguage\":\"es\"}]}<\/script>\n<!-- \/ Yoast SEO plugin. -->","yoast_head_json":{"title":"Costa de la Bah\u00eda, Nueva York | Best Hip &amp; Knee Surgeon | NY, USA","description":"Centro Ortop\u00e9dico del Dr. Nakul Karkare: Su Socio de Confianza en Cuidados Ortop\u00e9dicos, Uniendo Babylon con Bay Shore, NY Bienvenido al Centro Ortop\u00e9dico","robots":{"index":"index","follow":"follow","max-snippet":"max-snippet:-1","max-image-preview":"max-image-preview:large","max-video-preview":"max-video-preview:-1"},"canonical":"https:\/\/www.newyorkhipknee.com\/es\/contacto\/babylon-mejor-cirujano-de-protesis-de-cadera-y-rodilla\/costa-de-la-bahia-nueva-york\/","og_locale":"es_ES","og_type":"article","og_title":"Costa de la Bah\u00eda, Nueva York | Best Hip &amp; Knee Surgeon | NY, USA","og_description":"Centro Ortop\u00e9dico del Dr. Nakul Karkare: Su Socio de Confianza en Cuidados Ortop\u00e9dicos, Uniendo Babylon con Bay Shore, NY Bienvenido al Centro Ortop\u00e9dico","og_url":"https:\/\/www.newyorkhipknee.com\/es\/contacto\/babylon-mejor-cirujano-de-protesis-de-cadera-y-rodilla\/costa-de-la-bahia-nueva-york\/","og_site_name":"Best Hip &amp; Knee Surgeon | NY, USA","twitter_card":"summary_large_image","twitter_misc":{"Tiempo de lectura":"10 minutos"},"schema":{"@context":"https:\/\/schema.org","@graph":[{"@type":["WebPage","MedicalWebPage"],"@id":"https:\/\/www.newyorkhipknee.com\/es\/contacto\/babylon-mejor-cirujano-de-protesis-de-cadera-y-rodilla\/costa-de-la-bahia-nueva-york\/","url":"https:\/\/www.newyorkhipknee.com\/es\/contacto\/babylon-mejor-cirujano-de-protesis-de-cadera-y-rodilla\/costa-de-la-bahia-nueva-york\/","name":"Costa de la Bah\u00eda, Nueva York | Best Hip &amp; Knee Surgeon | NY, USA","isPartOf":{"@id":"https:\/\/www.newyorkhipknee.com\/es\/#website"},"datePublished":"2023-11-15T20:39:01+00:00","description":"Centro Ortop\u00e9dico del Dr. Nakul Karkare: Su Socio de Confianza en Cuidados Ortop\u00e9dicos, Uniendo Babylon con Bay Shore, NY Bienvenido al Centro Ortop\u00e9dico","breadcrumb":{"@id":"https:\/\/www.newyorkhipknee.com\/es\/contacto\/babylon-mejor-cirujano-de-protesis-de-cadera-y-rodilla\/costa-de-la-bahia-nueva-york\/#breadcrumb"},"inLanguage":"es","potentialAction":[{"@type":"ReadAction","target":["https:\/\/www.newyorkhipknee.com\/es\/contacto\/babylon-mejor-cirujano-de-protesis-de-cadera-y-rodilla\/costa-de-la-bahia-nueva-york\/"]}]},{"@type":"BreadcrumbList","@id":"https:\/\/www.newyorkhipknee.com\/es\/contacto\/babylon-mejor-cirujano-de-protesis-de-cadera-y-rodilla\/costa-de-la-bahia-nueva-york\/#breadcrumb","itemListElement":[{"@type":"ListItem","position":1,"name":"Home","item":"https:\/\/www.newyorkhipknee.com\/es\/"},{"@type":"ListItem","position":2,"name":"Contacto","item":"https:\/\/www.newyorkhipknee.com\/es\/contacto\/"},{"@type":"ListItem","position":3,"name":"Babylon &#8211; Mejor cirujano de pr\u00f3tesis de cadera y rodilla","item":"https:\/\/www.newyorkhipknee.com\/es\/contacto\/babylon-mejor-cirujano-de-protesis-de-cadera-y-rodilla\/"},{"@type":"ListItem","position":4,"name":"Costa de la Bah\u00eda, Nueva York"}]},{"@type":"WebSite","@id":"https:\/\/www.newyorkhipknee.com\/es\/#website","url":"https:\/\/www.newyorkhipknee.com\/es\/","name":"Best Hip & Knee Surgeon | NY, USA","description":"","potentialAction":[{"@type":"SearchAction","target":{"@type":"EntryPoint","urlTemplate":"https:\/\/www.newyorkhipknee.com\/es\/?s={search_term_string}"},"query-input":{"@type":"PropertyValueSpecification","valueRequired":true,"valueName":"search_term_string"}}],"inLanguage":"es"}]}},"_links":{"self":[{"href":"https:\/\/www.newyorkhipknee.com\/es\/wp-json\/wp\/v2\/pages\/20850","targetHints":{"allow":["GET"]}}],"collection":[{"href":"https:\/\/www.newyorkhipknee.com\/es\/wp-json\/wp\/v2\/pages"}],"about":[{"href":"https:\/\/www.newyorkhipknee.com\/es\/wp-json\/wp\/v2\/types\/page"}],"author":[{"embeddable":true,"href":"https:\/\/www.newyorkhipknee.com\/es\/wp-json\/wp\/v2\/users\/33"}],"replies":[{"embeddable":true,"href":"https:\/\/www.newyorkhipknee.com\/es\/wp-json\/wp\/v2\/comments?post=20850"}],"version-history":[{"count":0,"href":"https:\/\/www.newyorkhipknee.com\/es\/wp-json\/wp\/v2\/pages\/20850\/revisions"}],"up":[{"embeddable":true,"href":"https:\/\/www.newyorkhipknee.com\/es\/wp-json\/wp\/v2\/pages\/16523"}],"wp:attachment":[{"href":"https:\/\/www.newyorkhipknee.com\/es\/wp-json\/wp\/v2\/media?parent=20850"}],"curies":[{"name":"wp","href":"https:\/\/api.w.org\/{rel}","templated":true}]}}