{"id":20851,"date":"2023-11-13T14:26:24","date_gmt":"2023-11-13T19:26:24","guid":{"rendered":"https:\/\/newyorkhipknee.com\/contacto\/riverhead-mejor-cirujano-de-reemplazo-de-rodilla-y-cadera\/montauk-nueva-york\/"},"modified":"2023-11-13T14:26:24","modified_gmt":"2023-11-13T19:26:24","slug":"montauk-nueva-york","status":"publish","type":"page","link":"https:\/\/www.newyorkhipknee.com\/es\/contacto\/riverhead-mejor-cirujano-de-reemplazo-de-rodilla-y-cadera\/montauk-nueva-york\/","title":{"rendered":"Montauk, Nueva York"},"content":{"rendered":"<h1><strong>Dr.Nakul Karkare Orthopedic Care: Su Socio Ortop\u00e9dico de Confianza en Montauk, NY<\/strong><\/h1>\n<p>Saludos y bienvenidos a Dr.Nakul Karkare Orthopedic Care, el nombre en el que puede confiar para la atenci\u00f3n ortop\u00e9dica excepcional. Estamos encantados de anunciar que a pesar de que nuestra instalaci\u00f3n principal se encuentra en<a href=\"https:\/\/newyorkhipknee.com\/contact\/riverhead-orthopedic-surgeon\/\" target=\"_blank\" rel=\"noopener\"> Riverhead,<\/a> NY, ahora estamos ampliando nuestros servicios ortop\u00e9dicos integrales a la comunidad amistosa y acogedora de Montauk NY.<\/p>\n<p>En Dr.Nakul Karkare Orthopedic Care, nuestro compromiso es ayudarle a recuperar la movilidad, aliviar el dolor y mejorar su calidad de vida en general.<\/p>\n<p>En Dr.Nakul Karkare Orthopedic Care, nos sentimos muy orgullosos de ser algo m\u00e1s que un proveedor de atenci\u00f3n m\u00e9dica, somos su socio dedicado a la atenci\u00f3n ortop\u00e9dica. Estas son las razones por las que deber\u00eda considerarnos para sus necesidades ortop\u00e9dicas:<\/p>\n<p><strong>Especialistas ortop\u00e9dicos experimentados:<\/strong> Nuestro equipo est\u00e1 formado por especialistas ortop\u00e9dicos altamente experimentados que est\u00e1n profundamente apasionados por ofrecer el m\u00e1s alto nivel de atenci\u00f3n. Poseemos los conocimientos y la experiencia para diagnosticar con precisi\u00f3n y tratar con eficacia una amplia gama de afecciones ortop\u00e9dicas.<\/p>\n<p><strong>Tratamiento a medida:<\/strong> Reconocemos que cada individuo es \u00fanico. Por eso dise\u00f1amos planes de tratamiento que se adaptan a sus necesidades y objetivos espec\u00edficos, garantizando que reciba una atenci\u00f3n tan \u00fanica como usted.<\/p>\n<p><strong>Accesibilidad conveniente:<\/strong> Aunque nuestra ubicaci\u00f3n principal est\u00e1 en Riverhead, estamos encantados de llevar nuestros servicios a la comunidad de Montauk. Creemos firmemente que el acceso a la atenci\u00f3n ortop\u00e9dica de m\u00e1xima calidad debe ser sencillo, y nuestro compromiso de servir a su comunidad significa que puede acceder a servicios ortop\u00e9dicos excepcionales sin necesidad de desplazarse mucho.<\/p>\n<p>Su bienestar ortop\u00e9dico es nuestra m\u00e1xima prioridad. Si usted est\u00e1 tratando con dolor en las articulaciones, lesiones relacionadas con el deporte, fracturas, o cualquier otro problema ortop\u00e9dico, estamos aqu\u00ed para ayudarle a recuperar un estilo de vida activo y libre de dolor.<\/p>\n<h2 class=\"nitro-offscreen\">Estamos orgullosos de ofrecer una amplia gama de servicios ortop\u00e9dicos en el Montauk, NY alrededores:<\/h2>\n<h2><a role=\"link\" href=\"https:\/\/newyorkhipknee.com\/custom-knee-replacement-surgery\/\" target=\"_blank\" rel=\"noopener\">Reemplazo de rodilla personalizado:<\/a><\/h2>\n<p><strong>Para qui\u00e9n es beneficioso este procedimiento:<\/strong> La artroplastia de rodilla personalizada, tambi\u00e9n denominada artroplastia de rodilla a medida, es una soluci\u00f3n muy recomendable para las personas que padecen dolor intenso de rodilla, rigidez e hinchaz\u00f3n que limitan considerablemente sus actividades diarias y su calidad de vida en general.<\/p>\n<p>Estos s\u00edntomas suelen deberse a afecciones como la artrosis, la artritis reumatoide, lesiones traum\u00e1ticas u otros trastornos degenerativos de la articulaci\u00f3n de la rodilla.<\/p>\n<p><strong>El proceso quir\u00fargico:<\/strong> La pr\u00f3tesis de rodilla a medida representa una intervenci\u00f3n quir\u00fargica avanzada en la que una articulaci\u00f3n de rodilla da\u00f1ada se sustituye de forma experta por un implante artificial adaptado con precisi\u00f3n.<\/p>\n<p>Este implante se adapta a la estructura anat\u00f3mica \u00fanica del paciente y se crea utilizando tecnolog\u00eda de imagen avanzada, produciendo un modelo tridimensional exacto de la articulaci\u00f3n de la rodilla del paciente. Este modelo gu\u00eda el desarrollo de un implante que se adapta perfectamente a la rodilla del paciente.<\/p>\n<p>La intervenci\u00f3n quir\u00fargica propiamente dicha se realiza bajo anestesia, lo que garantiza la comodidad del paciente. Durante la intervenci\u00f3n, el cirujano ortop\u00e9dico retira meticulosamente la articulaci\u00f3n da\u00f1ada e introduce el implante a medida.<\/p>\n<p><strong>Ventajas:<\/strong> La pr\u00f3tesis de rodilla a medida ofrece multitud de ventajas a los pacientes, entre ellas:<\/p>\n<ol>\n<li><strong>Alivio del dolor:<\/strong> La principal ventaja es el alivio del dolor cr\u00f3nico de rodilla. El implante personalizado est\u00e1 dise\u00f1ado para minimizar las molestias, lo que permite a los pacientes recuperar su movilidad y volver a sus rutinas diarias.<\/li>\n<li><strong>Mayor movilidad:<\/strong> Las pr\u00f3tesis de rodilla a medida mejoran dr\u00e1sticamente la amplitud de movimiento del paciente, permitiendo un movimiento m\u00e1s natural y sin dolor en la articulaci\u00f3n de la rodilla.<\/li>\n<li><strong>Mejora de la calidad de vida:<\/strong> Los pacientes experimentan con frecuencia una mejora significativa de su calidad de vida en general. Pueden volver a participar en actividades a las que ten\u00edan que renunciar debido al dolor de rodilla.<\/li>\n<li><strong>R\u00e1pida recuperaci\u00f3n:<\/strong> Las pr\u00f3tesis de rodilla personalizadas suelen conllevar una recuperaci\u00f3n m\u00e1s r\u00e1pida que las pr\u00f3tesis de rodilla tradicionales. La precisi\u00f3n del implante personalizado y las t\u00e9cnicas quir\u00fargicas m\u00ednimamente invasivas pueden reducir el dolor postoperatorio y acelerar la rehabilitaci\u00f3n.<\/li>\n<\/ol>\n<p>&nbsp;<\/p>\n<h2><a role=\"link\" href=\"https:\/\/newyorkhipknee.com\/hip-replacement-surgery\/\" target=\"_blank\" rel=\"noopener\">Pr\u00f3tesis de cadera:<\/a><\/h2>\n<p><strong>Para qui\u00e9n es beneficioso este procedimiento:<\/strong> La artroplastia de cadera es muy recomendable para las personas que padecen dolor intenso de cadera, rigidez e inflamaci\u00f3n que dificultan considerablemente sus actividades cotidianas y su calidad de vida en general. Entre las causas subyacentes m\u00e1s comunes se encuentran la artrosis, la artritis reumatoide, la necrosis avascular o las fracturas de cadera.<\/p>\n<p><strong>El proceso quir\u00fargico:<\/strong> La artroplastia de cadera es un sofisticado procedimiento quir\u00fargico en el que se sustituye una articulaci\u00f3n de cadera da\u00f1ada por un implante artificial de intrincado dise\u00f1o. Este implante reproduce la estructura y funci\u00f3n naturales de la articulaci\u00f3n de la cadera, ofreciendo a los pacientes una renovada sensaci\u00f3n de movilidad y alivio de las molestias.<\/p>\n<p>Bajo anestesia, el cirujano ortop\u00e9dico retira h\u00e1bilmente la articulaci\u00f3n da\u00f1ada e introduce el implante artificial, de forma muy similar al procedimiento de sustituci\u00f3n de rodilla.<\/p>\n<p><strong>Los beneficios:<\/strong> La artroplastia de cadera confiere multitud de beneficios a los pacientes, entre ellos:<\/p>\n<ol>\n<li><strong>Alivio del dolor:<\/strong> El principal beneficio es el alivio del dolor intenso de cadera, lo que permite a los pacientes recuperar su movilidad y reanudar sin problemas sus actividades cotidianas.<\/li>\n<li><strong>Mayor movilidad:<\/strong> Las pr\u00f3tesis de cadera mejoran considerablemente la amplitud de movimiento de la articulaci\u00f3n de la cadera, lo que permite a los pacientes un movimiento m\u00e1s fluido y flexible.<\/li>\n<li><strong>Mayor calidad de vida:<\/strong> Los pacientes suelen experimentar una profunda mejora de su calidad de vida en general. Recuperan la capacidad de participar en actividades que antes les resultaban dif\u00edciles o imposibles debido al dolor de cadera.<\/li>\n<li><strong>R\u00e1pida recuperaci\u00f3n:<\/strong> La artroplastia de cadera suele conllevar una recuperaci\u00f3n m\u00e1s r\u00e1pida, con una reducci\u00f3n del dolor y una mejora de la amplitud de movimiento en comparaci\u00f3n con el estado previo a la intervenci\u00f3n.<\/li>\n<\/ol>\n<p>En ambos casos, el Dr. Nakul Karkare emplea t\u00e9cnicas quir\u00fargicas avanzadas y tecnolog\u00eda de vanguardia para garantizar la colocaci\u00f3n precisa de los componentes del implante a trav\u00e9s de incisiones m\u00e1s peque\u00f1as que no da\u00f1an los tejidos.<\/p>\n<p>Este enfoque minimiza las molestias y acelera el proceso de recuperaci\u00f3n. La experiencia del Dr. Karkare en estos procedimientos, combinada con la naturaleza individualizada de los implantes a medida, contribuye a obtener resultados superiores para los pacientes que buscan alivio de los problemas articulares de rodilla y cadera.<\/p>\n<p>Si usted est\u00e1 luchando con dolor en las articulaciones, rigidez, hinchaz\u00f3n, o ha sufrido una lesi\u00f3n, por favor no dude en ponerse en contacto con el Centro Ortop\u00e9dico del Dr. Nakul Karkare. Nuestro equipo de expertos se dedica a ayudarle a recuperar la movilidad, aliviar el dolor y elevar su calidad de vida en general. Su bienestar es nuestra m\u00e1xima prioridad, y estamos aqu\u00ed para guiarle en su camino hacia una mejor salud ortop\u00e9dica.<\/p>\n<p>&nbsp;<\/p>\n<h2>Acerca de Montauk<\/h2>\n<p>Montauk, NY es una hermosa aldea ubicada en el punto m\u00e1s oriental de Long Island, Nueva York. Es conocida por sus impresionantes playas, faros y cultura pesquera. Aqu\u00ed hay m\u00e1s informaci\u00f3n sobre Montauk, NY:<\/p>\n<p><strong>Historia<\/strong><br \/>\nMontauk tiene una rica historia que se remonta al siglo XVII, cuando fue colonizado por primera vez por la tribu nativa americana Montaukett. La aldea fue colonizada m\u00e1s tarde por colonos europeos en el siglo XVIII y se convirti\u00f3 en un centro de pesca y caza de ballenas. Hoy en d\u00eda, Montauk es un popular destino tur\u00edstico, conocido por sus playas, faros y cultura pesquera.<\/p>\n<p><strong>Cultura<\/strong><br \/>\nMontauk es una aldea con una cultura \u00fanica que est\u00e1 profundamente arraigada en su patrimonio pesquero. Es bien conocido por sus restaurantes de mariscos, excursiones de pesca y puertos deportivos. La aldea tiene una variedad de arquitectura hist\u00f3rica, incluidos varios faros y casas hist\u00f3ricas. Montauk tambi\u00e9n alberga varias galer\u00edas de arte y museos, incluido el Centro de Arte Montauk, que cuenta con exposiciones sobre el arte y la cultura de la zona.<\/p>\n<p><strong>Demograf\u00eda<\/strong><br \/>\nSeg\u00fan la Oficina del Censo de los Estados Unidos, la poblaci\u00f3n de Montauk era de 3.326 habitantes en el censo de 2010. La composici\u00f3n racial de la aldea era 94,6% blanca, 1,1% afroamericana, 0,1% nativa americana, 0,6% asi\u00e1tica, 0,1% isle\u00f1a del Pac\u00edfico, 1,3% de otras razas y 2,2% de dos o m\u00e1s razas. Los hispanos o latinos de cualquier raza eran el 6,4% de la poblaci\u00f3n.<\/p>\n<p><strong>Turismo<\/strong><br \/>\nMontauk es un destino tur\u00edstico muy popular, especialmente durante los meses de verano. Los visitantes pueden disfrutar de una variedad de actividades, como pesca, surf y actividades en la playa. La aldea tiene varios parques y playas, incluido el Parque Estatal Montauk Point, que cuenta con un faro, un museo y rutas de senderismo. Los visitantes tambi\u00e9n pueden hacer un recorrido por los faros en la Ruta del Faro de Montauk, que atraviesa Montauk. Montauk tambi\u00e9n es el hogar de varios barcos de pesca, incluida la Flota Vikinga, que ofrece viajes de pesca en alta mar.<\/p>\n<p><strong>Bien inmueble<\/strong><br \/>\nA partir de octubre de 2023, hay varias casas en venta en Montauk, NY, que van desde $399,000 hasta $10,000,000. Tambi\u00e9n hay varios condominios y casas adosadas a la venta en el \u00e1rea, que van desde $399,000 a $1,200,000. El valor medio de una vivienda en Montauk es de $1,500,000.<\/p>\n<p>En conclusi\u00f3n, Montauk, NY es una aldea \u00fanica con un rico patrimonio cultural y una variedad de actividades para que los visitantes disfruten. Es conocida por su cultura pesquera, sus faros y sus playas, as\u00ed como por su arquitectura hist\u00f3rica, galer\u00edas de arte y museos. La aldea tambi\u00e9n alberga varios parques y playas, excursiones de pesca y puertos deportivos. Ya sea que est\u00e9 buscando visitar o hacer de Montauk su hogar, es un lugar maravilloso para estar.<\/p>\n<p>&nbsp;<\/p>\n<h2>Indicaciones<\/h2>\n<p>Estas son las indicaciones desde Montauk, NY para completar Orthopedics en 887 Old Country Rd, Suite A, Riverhead, NY 11901:<\/p>\n<p>1. Dir\u00edjase hacia el oeste por Montauk Hwy hacia S Euclid Ave.<br \/>\n2. Gire a la izquierda en NY-27 W.<br \/>\n3. Use los 2 carriles de la derecha para tomar la salida 70 hacia County Rd 111 hacia Manorville.<br \/>\n4. Gire a la derecha en County Rd 111.<br \/>\n5. Gire a la izquierda en Old Country Rd.<br \/>\n6. Complete Orthopedics estar\u00e1 a su derecha en 887 Old Country Rd, Suite A, Riverhead, NY 11901.<\/p>\n<p>La distancia total de conducci\u00f3n es de aproximadamente 70 millas y deber\u00eda tomar alrededor de 1 hora y 20 minutos, dependiendo del tr\u00e1fico.<\/p>\n<p>&nbsp;<\/p>\n<h2>Atenci\u00f3n m\u00e9dica cerca de Montauk<\/h2>\n<p><strong>Farmacias:<\/strong><br \/>\n&#8211; Farmacia CVS, 71 Montauk Hwy, East Hampton, NY 11937<br \/>\n&#8211; Farmacia CVS, 970 Montauk Highway, Bayport, NY 11705<br \/>\n&#8211; Farmacia CVS, 499 Montauk Highway, West Islip, NY 11795<\/p>\n<p><strong>Centros de Radiolog\u00eda:<\/strong><br \/>\n&#8211; Radiolog\u00eda East End, 133 E Main St, Riverhead, NY 11901<br \/>\n&#8211; Radiolog\u00eda del Peconic Bay Medical Center, 1300 Roanoke Ave, Riverhead, NY 11901<br \/>\n&#8211; Northwell Health Imaging at East Setauket, 4 Technology Dr, East Setauket, NY 11733<\/p>\n<p><strong>Centros de Atenci\u00f3n de Urgencia:<\/strong><br \/>\n&#8211; ProHEALTH Urgent Care of Riverhead, 1149 Old Country Rd, Riverhead, NY 11901<br \/>\n&#8211; Stat Health Immediate Medical Care, 411 W Main St, Riverhead, NY 11901<br \/>\n&#8211; GoHealth Urgent Care, 1842 Old Country Rd, Riverhead, NY 11901<\/p>\n<p><strong>Hospitales:<\/strong><br \/>\n&#8211; Centro M\u00e9dico Peconic Bay, 1300 Roanoke Ave, Riverhead, NY 11901<br \/>\n&#8211; Hospital Stony Brook Southampton, 240 Meeting House Ln, Southampton, NY 11968<br \/>\n&#8211; Centro M\u00e9dico del Hospital Good Samaritan, 1000 Montauk Hwy, West Islip, NY 11795<\/p>\n<p>Estas farmacias, centros de radiolog\u00eda, centros de atenci\u00f3n de urgencia y hospitales se encuentran a una distancia razonable de Montauk, NY y pueden brindar atenci\u00f3n m\u00e9dica y servicios a la comunidad.<\/p>\n<p>&nbsp;<\/p>\n<div class=\"Hhmu2e wDYxhc NFQFxe viOShc LKPcQc\" lang=\"en-US\" data-md=\"16\" data-hveid=\"CAkQAA\" data-ved=\"2ahUKEwiz5YbKg8uBAxX2MjQIHcl-BGcQhyh6BAgJEAA\">\n<div class=\"Ftghae iirjIb DaSCDf GUV4E\">\n<div class=\"SPZz6b\">\n<div class=\"wDYxhc\" lang=\"en-US\" data-attrid=\"kc:\/local:lu attribute list\" data-md=\"205\" data-hveid=\"CAsQAA\" data-ved=\"2ahUKEwiXoobZg8uBAxX9MjQIHVDrDX0Q1rkBegQICxAA\">\n<div class=\"TLYLSe MaBy9\">\n<div class=\"CJQ04\">En el coraz\u00f3n de nuestra misi\u00f3n se encuentra un firme compromiso de brindar atenci\u00f3n ortop\u00e9dica integral a nuestra comunidad local, incluidas las personas mencionadas anteriormente. Ya sea que acuda a nosotros a trav\u00e9s de una referencia para un tratamiento ortop\u00e9dico o si tiene alguna inquietud ortop\u00e9dica, nuestro equipo dedicado las 24 horas del d\u00eda, los 7 d\u00edas de la semana, est\u00e1 disponible a trav\u00e9s de una simple llamada telef\u00f3nica, listo para ofrecer asistencia r\u00e1pida y emp\u00e1tica.<\/div>\n<\/div>\n<\/div>\n<\/div>\n<\/div>\n<\/div>\n<p>Reconocemos que muchas personas buscan tratamiento para lesiones relacionadas con el trabajo cubiertas por la compensaci\u00f3n laboral y el seguro sin culpa en centros de atenci\u00f3n de urgencia y hospitales. Si su lesi\u00f3n no requiere una visita al hospital, estamos m\u00e1s que preparados para brindarle tratamiento ortop\u00e9dico especializado adaptado a sus circunstancias \u00fanicas. No dude en comunicarse con nosotros al 631-981-2663 para programar una cita sin demora. Su bienestar sigue siendo nuestra m\u00e1xima prioridad.<\/p>\n","protected":false},"excerpt":{"rendered":"<p>Dr.Nakul Karkare Orthopedic Care: Su Socio Ortop\u00e9dico de Confianza en Montauk, NY Saludos y bienvenidos a Dr.Nakul Karkare Orthopedic Care, el nombre en el que puede confiar para la atenci\u00f3n ortop\u00e9dica excepcional. Estamos encantados de anunciar que a pesar de que nuestra instalaci\u00f3n principal se encuentra en Riverhead, NY, ahora estamos ampliando nuestros servicios ortop\u00e9dicos [&hellip;]<\/p>\n","protected":false},"author":33,"featured_media":0,"parent":16545,"menu_order":0,"comment_status":"closed","ping_status":"closed","template":"","meta":{"_et_pb_use_builder":"","_et_pb_old_content":"","_et_gb_content_width":"","footnotes":""},"class_list":["post-20851","page","type-page","status-publish","hentry"],"yoast_head":"<!-- This site is optimized with the Yoast SEO plugin v27.2 - https:\/\/yoast.com\/product\/yoast-seo-wordpress\/ -->\n<title>Montauk, Nueva York | Best Hip &amp; Knee Surgeon | NY, USA<\/title>\n<meta name=\"description\" content=\"Dr.Nakul Karkare Orthopedic Care: Su Socio Ortop\u00e9dico de Confianza en Montauk, NY Saludos y bienvenidos a Dr.Nakul Karkare Orthopedic Care, el nombre en\" \/>\n<meta name=\"robots\" content=\"index, follow, max-snippet:-1, max-image-preview:large, max-video-preview:-1\" \/>\n<link rel=\"canonical\" href=\"https:\/\/www.newyorkhipknee.com\/es\/contacto\/riverhead-mejor-cirujano-de-reemplazo-de-rodilla-y-cadera\/montauk-nueva-york\/\" \/>\n<meta property=\"og:locale\" content=\"es_ES\" \/>\n<meta property=\"og:type\" content=\"article\" \/>\n<meta property=\"og:title\" content=\"Montauk, Nueva York | Best Hip &amp; Knee Surgeon | NY, USA\" \/>\n<meta property=\"og:description\" content=\"Dr.Nakul Karkare Orthopedic Care: Su Socio Ortop\u00e9dico de Confianza en Montauk, NY Saludos y bienvenidos a Dr.Nakul Karkare Orthopedic Care, el nombre en\" \/>\n<meta property=\"og:url\" content=\"https:\/\/www.newyorkhipknee.com\/es\/contacto\/riverhead-mejor-cirujano-de-reemplazo-de-rodilla-y-cadera\/montauk-nueva-york\/\" \/>\n<meta property=\"og:site_name\" content=\"Best Hip &amp; Knee Surgeon | NY, USA\" \/>\n<meta name=\"twitter:card\" content=\"summary_large_image\" \/>\n<meta name=\"twitter:label1\" content=\"Tiempo de lectura\" \/>\n\t<meta name=\"twitter:data1\" content=\"11 minutos\" \/>\n<script type=\"application\/ld+json\" class=\"yoast-schema-graph\">{\"@context\":\"https:\/\/schema.org\",\"@graph\":[{\"@type\":[\"WebPage\",\"MedicalWebPage\"],\"@id\":\"https:\/\/www.newyorkhipknee.com\/es\/contacto\/riverhead-mejor-cirujano-de-reemplazo-de-rodilla-y-cadera\/montauk-nueva-york\/\",\"url\":\"https:\/\/www.newyorkhipknee.com\/es\/contacto\/riverhead-mejor-cirujano-de-reemplazo-de-rodilla-y-cadera\/montauk-nueva-york\/\",\"name\":\"Montauk, Nueva York | Best Hip &amp; Knee Surgeon | NY, USA\",\"isPartOf\":{\"@id\":\"https:\/\/www.newyorkhipknee.com\/es\/#website\"},\"datePublished\":\"2023-11-13T19:26:24+00:00\",\"description\":\"Dr.Nakul Karkare Orthopedic Care: Su Socio Ortop\u00e9dico de Confianza en Montauk, NY Saludos y bienvenidos a Dr.Nakul Karkare Orthopedic Care, el nombre en\",\"breadcrumb\":{\"@id\":\"https:\/\/www.newyorkhipknee.com\/es\/contacto\/riverhead-mejor-cirujano-de-reemplazo-de-rodilla-y-cadera\/montauk-nueva-york\/#breadcrumb\"},\"inLanguage\":\"es\",\"potentialAction\":[{\"@type\":\"ReadAction\",\"target\":[\"https:\/\/www.newyorkhipknee.com\/es\/contacto\/riverhead-mejor-cirujano-de-reemplazo-de-rodilla-y-cadera\/montauk-nueva-york\/\"]}]},{\"@type\":\"BreadcrumbList\",\"@id\":\"https:\/\/www.newyorkhipknee.com\/es\/contacto\/riverhead-mejor-cirujano-de-reemplazo-de-rodilla-y-cadera\/montauk-nueva-york\/#breadcrumb\",\"itemListElement\":[{\"@type\":\"ListItem\",\"position\":1,\"name\":\"Home\",\"item\":\"https:\/\/www.newyorkhipknee.com\/es\/\"},{\"@type\":\"ListItem\",\"position\":2,\"name\":\"Contacto\",\"item\":\"https:\/\/www.newyorkhipknee.com\/es\/contacto\/\"},{\"@type\":\"ListItem\",\"position\":3,\"name\":\"Riverhead &#8211; Mejor Cirujano de Reemplazo de Rodilla y Cadera\",\"item\":\"https:\/\/www.newyorkhipknee.com\/es\/contacto\/riverhead-mejor-cirujano-de-reemplazo-de-rodilla-y-cadera\/\"},{\"@type\":\"ListItem\",\"position\":4,\"name\":\"Montauk, Nueva York\"}]},{\"@type\":\"WebSite\",\"@id\":\"https:\/\/www.newyorkhipknee.com\/es\/#website\",\"url\":\"https:\/\/www.newyorkhipknee.com\/es\/\",\"name\":\"Best Hip & Knee Surgeon | NY, USA\",\"description\":\"\",\"potentialAction\":[{\"@type\":\"SearchAction\",\"target\":{\"@type\":\"EntryPoint\",\"urlTemplate\":\"https:\/\/www.newyorkhipknee.com\/es\/?s={search_term_string}\"},\"query-input\":{\"@type\":\"PropertyValueSpecification\",\"valueRequired\":true,\"valueName\":\"search_term_string\"}}],\"inLanguage\":\"es\"}]}<\/script>\n<!-- \/ Yoast SEO plugin. -->","yoast_head_json":{"title":"Montauk, Nueva York | Best Hip &amp; Knee Surgeon | NY, USA","description":"Dr.Nakul Karkare Orthopedic Care: Su Socio Ortop\u00e9dico de Confianza en Montauk, NY Saludos y bienvenidos a Dr.Nakul Karkare Orthopedic Care, el nombre en","robots":{"index":"index","follow":"follow","max-snippet":"max-snippet:-1","max-image-preview":"max-image-preview:large","max-video-preview":"max-video-preview:-1"},"canonical":"https:\/\/www.newyorkhipknee.com\/es\/contacto\/riverhead-mejor-cirujano-de-reemplazo-de-rodilla-y-cadera\/montauk-nueva-york\/","og_locale":"es_ES","og_type":"article","og_title":"Montauk, Nueva York | Best Hip &amp; Knee Surgeon | NY, USA","og_description":"Dr.Nakul Karkare Orthopedic Care: Su Socio Ortop\u00e9dico de Confianza en Montauk, NY Saludos y bienvenidos a Dr.Nakul Karkare Orthopedic Care, el nombre en","og_url":"https:\/\/www.newyorkhipknee.com\/es\/contacto\/riverhead-mejor-cirujano-de-reemplazo-de-rodilla-y-cadera\/montauk-nueva-york\/","og_site_name":"Best Hip &amp; Knee Surgeon | NY, USA","twitter_card":"summary_large_image","twitter_misc":{"Tiempo de lectura":"11 minutos"},"schema":{"@context":"https:\/\/schema.org","@graph":[{"@type":["WebPage","MedicalWebPage"],"@id":"https:\/\/www.newyorkhipknee.com\/es\/contacto\/riverhead-mejor-cirujano-de-reemplazo-de-rodilla-y-cadera\/montauk-nueva-york\/","url":"https:\/\/www.newyorkhipknee.com\/es\/contacto\/riverhead-mejor-cirujano-de-reemplazo-de-rodilla-y-cadera\/montauk-nueva-york\/","name":"Montauk, Nueva York | Best Hip &amp; Knee Surgeon | NY, USA","isPartOf":{"@id":"https:\/\/www.newyorkhipknee.com\/es\/#website"},"datePublished":"2023-11-13T19:26:24+00:00","description":"Dr.Nakul Karkare Orthopedic Care: Su Socio Ortop\u00e9dico de Confianza en Montauk, NY Saludos y bienvenidos a Dr.Nakul Karkare Orthopedic Care, el nombre en","breadcrumb":{"@id":"https:\/\/www.newyorkhipknee.com\/es\/contacto\/riverhead-mejor-cirujano-de-reemplazo-de-rodilla-y-cadera\/montauk-nueva-york\/#breadcrumb"},"inLanguage":"es","potentialAction":[{"@type":"ReadAction","target":["https:\/\/www.newyorkhipknee.com\/es\/contacto\/riverhead-mejor-cirujano-de-reemplazo-de-rodilla-y-cadera\/montauk-nueva-york\/"]}]},{"@type":"BreadcrumbList","@id":"https:\/\/www.newyorkhipknee.com\/es\/contacto\/riverhead-mejor-cirujano-de-reemplazo-de-rodilla-y-cadera\/montauk-nueva-york\/#breadcrumb","itemListElement":[{"@type":"ListItem","position":1,"name":"Home","item":"https:\/\/www.newyorkhipknee.com\/es\/"},{"@type":"ListItem","position":2,"name":"Contacto","item":"https:\/\/www.newyorkhipknee.com\/es\/contacto\/"},{"@type":"ListItem","position":3,"name":"Riverhead &#8211; Mejor Cirujano de Reemplazo de Rodilla y Cadera","item":"https:\/\/www.newyorkhipknee.com\/es\/contacto\/riverhead-mejor-cirujano-de-reemplazo-de-rodilla-y-cadera\/"},{"@type":"ListItem","position":4,"name":"Montauk, Nueva York"}]},{"@type":"WebSite","@id":"https:\/\/www.newyorkhipknee.com\/es\/#website","url":"https:\/\/www.newyorkhipknee.com\/es\/","name":"Best Hip & Knee Surgeon | NY, USA","description":"","potentialAction":[{"@type":"SearchAction","target":{"@type":"EntryPoint","urlTemplate":"https:\/\/www.newyorkhipknee.com\/es\/?s={search_term_string}"},"query-input":{"@type":"PropertyValueSpecification","valueRequired":true,"valueName":"search_term_string"}}],"inLanguage":"es"}]}},"_links":{"self":[{"href":"https:\/\/www.newyorkhipknee.com\/es\/wp-json\/wp\/v2\/pages\/20851","targetHints":{"allow":["GET"]}}],"collection":[{"href":"https:\/\/www.newyorkhipknee.com\/es\/wp-json\/wp\/v2\/pages"}],"about":[{"href":"https:\/\/www.newyorkhipknee.com\/es\/wp-json\/wp\/v2\/types\/page"}],"author":[{"embeddable":true,"href":"https:\/\/www.newyorkhipknee.com\/es\/wp-json\/wp\/v2\/users\/33"}],"replies":[{"embeddable":true,"href":"https:\/\/www.newyorkhipknee.com\/es\/wp-json\/wp\/v2\/comments?post=20851"}],"version-history":[{"count":0,"href":"https:\/\/www.newyorkhipknee.com\/es\/wp-json\/wp\/v2\/pages\/20851\/revisions"}],"up":[{"embeddable":true,"href":"https:\/\/www.newyorkhipknee.com\/es\/wp-json\/wp\/v2\/pages\/16545"}],"wp:attachment":[{"href":"https:\/\/www.newyorkhipknee.com\/es\/wp-json\/wp\/v2\/media?parent=20851"}],"curies":[{"name":"wp","href":"https:\/\/api.w.org\/{rel}","templated":true}]}}