{"id":20852,"date":"2023-11-13T14:19:58","date_gmt":"2023-11-13T19:19:58","guid":{"rendered":"https:\/\/newyorkhipknee.com\/contacto\/riverhead-mejor-cirujano-de-reemplazo-de-rodilla-y-cadera\/mattituck-nueva-york\/"},"modified":"2023-11-13T14:19:58","modified_gmt":"2023-11-13T19:19:58","slug":"mattituck-nueva-york","status":"publish","type":"page","link":"https:\/\/www.newyorkhipknee.com\/es\/contacto\/riverhead-mejor-cirujano-de-reemplazo-de-rodilla-y-cadera\/mattituck-nueva-york\/","title":{"rendered":"Mattituck, Nueva York"},"content":{"rendered":"<h1>Bienvenido a Dr. Nakul Karkare&#8217;s Orthopedic Care: Su socio de confianza para la salud ortop\u00e9dica en Mattituck, NY<\/h1>\n<p>Saludos del Dr. Nakul Karkare&#8217;s Orthopedic Care, su dedicado proveedor de cuidados ortop\u00e9dicos ubicado en <a href=\"https:\/\/newyorkhipknee.com\/contact\/riverhead-orthopedic-surgeon\/\" target=\"_blank\" rel=\"noopener\">Riverhead,<\/a> NY. Estamos encantados de ampliar nuestros servicios ortop\u00e9dicos profesional y amable a la vibrante comunidad Mattituck NY. En Dr. Nakul Karkare&#8217;s Orthopedic Care, somos m\u00e1s que una pr\u00e1ctica m\u00e9dica, somos sus compa\u00f1eros compasivos en su viaje hacia una mejor salud ortop\u00e9dica.<\/p>\n<p>Dr. Nakul Karkare&#8217;s Orthopedic Care brilla como un s\u00edmbolo de excelencia en el campo ortop\u00e9dico, y aqu\u00ed es por qu\u00e9 somos su opci\u00f3n preferida para la atenci\u00f3n ortop\u00e9dica en Mattituck:  <strong>Conoce al Dr. Nakul Karkare:<\/strong>  El Dr. Nakul Karkare es un especialista en ortopedia altamente cualificado con una distinguida carrera, numerosas certificaciones y una amplia experiencia en el campo. Su enfoque c\u00e1lido y el compromiso de ofrecer el m\u00e1s alto nivel de atenci\u00f3n lo convierten en la elecci\u00f3n de confianza para sus necesidades ortop\u00e9dicas.<\/p>\n<p><strong>Atenci\u00f3n personalizada:<\/strong> Reconocemos que cada paciente es \u00fanico. Nuestro enfoque es personalizado, lo que garantiza que su plan de tratamiento se adapte a sus necesidades particulares. Su comodidad y bienestar son nuestras principales prioridades.<\/p>\n<p><strong>Soluciones de vanguardia:<\/strong> Nos comprometemos a mantenernos a la vanguardia de los avances ortop\u00e9dicos. Este compromiso le garantiza el acceso a los \u00faltimos tratamientos y tecnolog\u00edas, ofreci\u00e9ndole la mejor atenci\u00f3n posible bajo la direcci\u00f3n del Dr. Nakul Karkare.<\/p>\n<p><strong>Integraci\u00f3n en la comunidad:<\/strong> Creemos firmemente en hacer accesible a todo el mundo una atenci\u00f3n ortop\u00e9dica excepcional. Nuestra decisi\u00f3n de extender nuestros servicios a Wading River refleja nuestra dedicaci\u00f3n a abordar las necesidades ortop\u00e9dicas de su comunidad.<\/p>\n<p><strong>Excelencia probada:<\/strong> Nuestra trayectoria dice mucho de nuestro compromiso de ayudar a las personas a recuperar la movilidad, aliviar el dolor y mejorar su calidad de vida bajo la experta direcci\u00f3n del Dr. Nakul Karkare.<\/p>\n<p>Su salud ortop\u00e9dica es de suma importancia, y estamos encantados de formar parte de la comunidad Mattituck. Si usted est\u00e1 tratando con preocupaciones conjuntas, lesiones relacionadas con el deporte, fracturas, o cualquier otro problema ortop\u00e9dico, el Dr. Nakul Karkare&#8217;s Orthopedic Care est\u00e1 aqu\u00ed para apoyarle profesionalmente y con un comportamiento amable.<\/p>\n<h2>Estamos encantados de ofrecer estos amplios servicios ortop\u00e9dicos en Mattituck, NY:<\/h2>\n<h2><a role=\"link\" href=\"https:\/\/newyorkhipknee.com\/custom-knee-replacement-surgery\/\" target=\"_blank\" rel=\"noopener\"><strong>Cirug\u00eda personalizada de pr\u00f3tesis de rodilla:<\/strong> <em>Mejora de la movilidad y la comodidad<\/em><\/a><\/h2>\n<p><em>Para qui\u00e9n:<\/em> Si padece dolor intenso de rodilla y movilidad reducida debido a afecciones como la artrosis, la artritis reumatoide o lesiones articulares, la cirug\u00eda de pr\u00f3tesis de rodilla personalizada podr\u00eda ser la soluci\u00f3n. Cuando el dolor de rodilla empieza a interferir en su vida diaria y los tratamientos habituales no son suficientes, la cirug\u00eda puede ser la soluci\u00f3n.<\/p>\n<p><em>El procedimiento:<\/em> El reemplazo de rodilla a medida, tambi\u00e9n conocido como reemplazo de rodilla personalizado, consiste en adaptar la cirug\u00eda a su cuerpo \u00fanico. Para empezar, examinamos la articulaci\u00f3n de la rodilla con tecnolog\u00eda de imagen avanzada. Bas\u00e1ndonos en esta evaluaci\u00f3n, creamos un implante personalizado dise\u00f1ado para adaptarse a su rodilla como un guante. Durante la intervenci\u00f3n quir\u00fargica, retiramos la articulaci\u00f3n de rodilla da\u00f1ada y colocamos cuidadosamente el implante personalizado, todo ello con el objetivo de restablecer la funci\u00f3n natural de la articulaci\u00f3n y mantenerle lo m\u00e1s c\u00f3modo posible.<\/p>\n<p><em>Por qu\u00e9 es genial:<\/em> El implante a medida est\u00e1 dise\u00f1ado para adaptarse a la estructura espec\u00edfica de su rodilla, para que le resulte lo m\u00e1s natural y c\u00f3modo posible. Tambi\u00e9n puede esperar un mejor movimiento de las articulaciones y menos dolor, gracias al ajuste preciso. Adem\u00e1s, es una soluci\u00f3n a largo plazo, para que pueda disfrutar de un estilo de vida m\u00e1s activo y sin dolor.<\/p>\n<p>&nbsp;<\/p>\n<h2><a role=\"link\" href=\"https:\/\/newyorkhipknee.com\/hip-replacement-surgery\/\" target=\"_blank\" rel=\"noopener\"><strong>Cirug\u00eda de pr\u00f3tesis de cadera:<\/strong> <em>Descubra una vida sin dolor de cadera<\/em><\/a><\/h2>\n<p><em>Para qui\u00e9n:<\/em> La artroplastia de cadera suele recomendarse a personas que padecen dolor de cadera, rigidez o importantes problemas de movilidad causados por afecciones como la artrosis, fracturas de cadera o necrosis avascular. Cuando el dolor de cadera empieza a afectar a sus actividades cotidianas y a su calidad de vida en general, la artroplastia de cadera puede ser su mejor opci\u00f3n.<\/p>\n<p><em>El procedimiento:<\/em> La cirug\u00eda de pr\u00f3tesis de cadera consiste en extraer la articulaci\u00f3n de la cadera da\u00f1ada y sustituirla por una pr\u00f3tesis de cadera. Nos aseguramos de que se sienta c\u00f3modo durante el procedimiento mediante el uso de anestesia. El cirujano realiza una incisi\u00f3n, extrae con cuidado la articulaci\u00f3n da\u00f1ada y fija el implante prot\u00e9sico en su lugar, haciendo que funcione igual que la articulaci\u00f3n natural de la cadera.<\/p>\n<p><em>Por qu\u00e9 es genial:<\/em> La artroplastia de cadera supone un alivio sustancial del dolor cr\u00f3nico de cadera, por lo que podr\u00e1 volver a llevar un estilo de vida activo. Tambi\u00e9n le devuelve la capacidad de andar, moverse y realizar actividades sin molestias. Una pr\u00f3tesis de cadera con \u00e9xito puede mejorar realmente su calidad de vida.<\/p>\n<p>Tanto la artroplastia de rodilla como la artroplastia de cadera a medida son soluciones fant\u00e1sticas para eliminar el dolor y mejorar la movilidad. Si sufre molestias persistentes en la rodilla o la cadera que le impiden avanzar, no dude en consultar al Dr. Nakul Karkare, un cirujano ortop\u00e9dico con gran experiencia. El Dr. Karkare y su equipo est\u00e1n aqu\u00ed para proporcionar una atenci\u00f3n personalizada y ayudarle a recuperar su calidad de vida a trav\u00e9s de estas opciones quir\u00fargicas avanzadas.<\/p>\n<p>&nbsp;<\/p>\n<h1>Acerca de Mattituck<\/h1>\n<p>Mattituck, NY es una encantadora aldea ubicada en la ciudad de Southold en el condado de Suffolk, Nueva York. Est\u00e1 situado en el North Fork de Long Island y es conocido por sus hermosos vi\u00f1edos, granjas y playas. Aqu\u00ed hay m\u00e1s informaci\u00f3n sobre Mattituck, NY:<\/p>\n<p><strong>Historia<\/strong><br \/>\nMattituck fue colonizada por primera vez en el siglo XVII por colonos ingleses. Originalmente era una comunidad agr\u00edcola, y muchas de las granjas y graneros originales siguen en pie hoy en d\u00eda. En el siglo XIX, Mattituck se convirti\u00f3 en un centro de construcci\u00f3n naval y pesca, y la econom\u00eda de la aldea prosper\u00f3. Hoy en d\u00eda, Mattituck es un popular destino tur\u00edstico, conocido por sus vi\u00f1edos, granjas y playas.<\/p>\n<p><strong>Cultura<\/strong><br \/>\nMattituck es una aldea con un rico patrimonio cultural. Es muy conocida por sus vi\u00f1edos, fincas y playas. La aldea tiene una variedad de arquitectura hist\u00f3rica, incluyendo muchas granjas y graneros originales. Mattituck tambi\u00e9n alberga varias galer\u00edas de arte y museos, incluido el Museo Hist\u00f3rico del Condado de Suffolk, que cuenta con exhibiciones sobre la historia y la cultura de la zona.<\/p>\n<p><strong>Demograf\u00eda<\/strong><br \/>\nSeg\u00fan la Oficina del Censo de los Estados Unidos, la poblaci\u00f3n de Mattituck era de 4.219 habitantes en el censo de 2010. La composici\u00f3n racial de la aldea era 94,6% blanca, 1,1% afroamericana, 0,1% nativa americana, 0,6% asi\u00e1tica, 0,1% isle\u00f1a del Pac\u00edfico, 1,3% de otras razas y 2,2% de dos o m\u00e1s razas. Los hispanos o latinos de cualquier raza eran el 6,4% de la poblaci\u00f3n.<\/p>\n<p><strong>Turismo<br \/>\n<\/strong>Mattituck es un destino tur\u00edstico muy popular, especialmente durante los meses de verano. Los visitantes pueden disfrutar de una variedad de actividades, que incluyen degustaci\u00f3n de vinos, recorridos por granjas y actividades en la playa. La aldea cuenta con varios parques y playas, incluida la playa del distrito de parques de Mattituck, que cuenta con un parque infantil, una zona de picnic y un bar. Los visitantes tambi\u00e9n pueden hacer un recorrido por los vi\u00f1edos en la Ruta del Vino de North Fork, que atraviesa Mattituck. Mattituck tambi\u00e9n alberga varias granjas, incluida la granja de la familia Harbes, que ofrece recorridos y degustaciones de sus productos frescos.<\/p>\n<p><strong>Bien inmueble<\/strong><br \/>\nA partir de octubre de 2023, hay varias casas en venta en Mattituck, NY, que van desde $399,000 hasta $2,500,000. Tambi\u00e9n hay varios condominios y casas adosadas a la venta en el \u00e1rea, que van desde $399,000 a $1,200,000. El valor medio de una vivienda en Mattituck es de $625,000.<\/p>\n<p>En conclusi\u00f3n, Mattituck, NY es una aldea encantadora con un rico patrimonio cultural y una variedad de actividades para que los visitantes disfruten. Es conocida por sus vi\u00f1edos, granjas y playas, as\u00ed como por su arquitectura hist\u00f3rica, galer\u00edas de arte y museos. La aldea tambi\u00e9n alberga varios parques y playas, granjas y bodegas. Ya sea que est\u00e9 buscando visitar o hacer de Mattituck su hogar, es un lugar maravilloso para estar.<\/p>\n<p>&nbsp;<\/p>\n<h2>Indicaciones<\/h2>\n<p>Estas son las indicaciones desde Mattituck, NY para llegar a Complete Orthopedics en 887 Old Country Rd, Suite A, Riverhead, NY 11901:<\/p>\n<p>1. Dir\u00edjase hacia el oeste por Main Rd hacia Love Ln.<br \/>\n2. Gire a la izquierda en Love Ln.<br \/>\n3. Gire a la derecha en NY-25 W.<br \/>\n4. Gire a la izquierda en County Rd 105.<br \/>\n5. Gire a la derecha en Old Country Rd.<br \/>\n6. Complete Orthopedics estar\u00e1 a su derecha en 887 Old Country Rd, Suite A, Riverhead, NY 11901.<\/p>\n<p>La distancia total en coche es de aproximadamente 10 millas y deber\u00eda tomar alrededor de 20 minutos, dependiendo del tr\u00e1fico.<\/p>\n<p>&nbsp;<\/p>\n<h2>Atenci\u00f3n m\u00e9dica cerca de Mattituck<\/h2>\n<p><strong>Farmacias:<\/strong><br \/>\n&#8211; Farmacia CVS, 10095 Main Rd, Mattituck, NY 11952<br \/>\n&#8211; Farmacia Rite Aid, 10095 Main Rd, Mattituck, NY 11952<br \/>\n&#8211; Farmacia Walgreens, 655 Montauk Hwy, East Patchogue, NY 11772<\/p>\n<p><strong>Centros de Radiolog\u00eda:<\/strong><br \/>\n&#8211; Radiolog\u00eda del Peconic Bay Medical Center, 1300 Roanoke Ave, Riverhead, NY 11901<br \/>\n&#8211; Northwell Health Grossman Imaging at Manorville, 496 County Rd 111, Manorville, NY 11949<br \/>\n&#8211; Radiolog\u00eda East End, 133 E Main St, Riverhead, NY 11901<\/p>\n<p><strong>Centros de Atenci\u00f3n de Urgencia:<\/strong><br \/>\n&#8211; ProHEALTH Urgent Care of Riverhead, 1149 Old Country Rd, Riverhead, NY 11901<br \/>\n&#8211; Stat Health Immediate Medical Care, 411 W Main St, Riverhead, NY 11901<br \/>\n&#8211; GoHealth Urgent Care, 1842 Old Country Rd, Riverhead, NY 11901<\/p>\n<p><strong>Hospitales:<\/strong><br \/>\n&#8211; Centro M\u00e9dico Peconic Bay, 1300 Roanoke Ave, Riverhead, NY 11901<br \/>\n&#8211; Hospital Stony Brook Southampton, 240 Meeting House Ln, Southampton, NY 11968<br \/>\n&#8211; Centro M\u00e9dico del Hospital Good Samaritan, 1000 Montauk Hwy, West Islip, NY 11795<\/p>\n<p>Estas farmacias, centros de radiolog\u00eda, centros de atenci\u00f3n de urgencia y hospitales se encuentran a una distancia razonable de Mattituck, NY y pueden brindar atenci\u00f3n y servicios m\u00e9dicos a la comunidad.<\/p>\n<p>En el coraz\u00f3n de nuestra misi\u00f3n se encuentra un firme compromiso de brindar atenci\u00f3n ortop\u00e9dica integral a nuestra comunidad local, incluidas las personas mencionadas anteriormente. Ya sea que acuda a nosotros a trav\u00e9s de una referencia para tratamiento ortop\u00e9dico o si tiene alguna inquietud ortop\u00e9dica, nuestro equipo dedicado las 24 horas del d\u00eda, los 7 d\u00edas de la semana, est\u00e1 a solo una llamada de distancia, listo para brindarle asistencia r\u00e1pida y emp\u00e1tica.<\/p>\n<p>Entendemos que muchas personas buscan atenci\u00f3n por lesiones relacionadas con el trabajo cubiertas por la compensaci\u00f3n laboral y el seguro sin culpa en centros de atenci\u00f3n de urgencia y hospitales. Si su lesi\u00f3n no requiere una visita al hospital, estamos m\u00e1s que dispuestos a ofrecer un tratamiento ortop\u00e9dico especializado adaptado a su situaci\u00f3n espec\u00edfica. No dude en comunicarse con nosotros al 631-981-2663 para programar una cita hoy. Su bienestar sigue siendo nuestra m\u00e1xima prioridad.<\/p>\n","protected":false},"excerpt":{"rendered":"<p>Bienvenido a Dr. Nakul Karkare&#8217;s Orthopedic Care: Su socio de confianza para la salud ortop\u00e9dica en Mattituck, NY Saludos del Dr. Nakul Karkare&#8217;s Orthopedic Care, su dedicado proveedor de cuidados ortop\u00e9dicos ubicado en Riverhead, NY. Estamos encantados de ampliar nuestros servicios ortop\u00e9dicos profesional y amable a la vibrante comunidad Mattituck NY. En Dr. Nakul Karkare&#8217;s [&hellip;]<\/p>\n","protected":false},"author":33,"featured_media":0,"parent":16545,"menu_order":0,"comment_status":"closed","ping_status":"closed","template":"","meta":{"_et_pb_use_builder":"","_et_pb_old_content":"","_et_gb_content_width":"","footnotes":""},"class_list":["post-20852","page","type-page","status-publish","hentry"],"yoast_head":"<!-- This site is optimized with the Yoast SEO plugin v27.2 - https:\/\/yoast.com\/product\/yoast-seo-wordpress\/ -->\n<title>Mattituck, Nueva York | Best Hip &amp; Knee Surgeon | NY, USA<\/title>\n<meta name=\"description\" content=\"Bienvenido a Dr. Nakul Karkare&#039;s Orthopedic Care: Su socio de confianza para la salud ortop\u00e9dica en Mattituck, NY Saludos del Dr. Nakul Karkare&#039;s\" \/>\n<meta name=\"robots\" content=\"index, follow, max-snippet:-1, max-image-preview:large, max-video-preview:-1\" \/>\n<link rel=\"canonical\" href=\"https:\/\/www.newyorkhipknee.com\/es\/contacto\/riverhead-mejor-cirujano-de-reemplazo-de-rodilla-y-cadera\/mattituck-nueva-york\/\" \/>\n<meta property=\"og:locale\" content=\"es_ES\" \/>\n<meta property=\"og:type\" content=\"article\" \/>\n<meta property=\"og:title\" content=\"Mattituck, Nueva York | Best Hip &amp; Knee Surgeon | NY, USA\" \/>\n<meta property=\"og:description\" content=\"Bienvenido a Dr. Nakul Karkare&#039;s Orthopedic Care: Su socio de confianza para la salud ortop\u00e9dica en Mattituck, NY Saludos del Dr. Nakul Karkare&#039;s\" \/>\n<meta property=\"og:url\" content=\"https:\/\/www.newyorkhipknee.com\/es\/contacto\/riverhead-mejor-cirujano-de-reemplazo-de-rodilla-y-cadera\/mattituck-nueva-york\/\" \/>\n<meta property=\"og:site_name\" content=\"Best Hip &amp; Knee Surgeon | NY, USA\" \/>\n<meta name=\"twitter:card\" content=\"summary_large_image\" \/>\n<meta name=\"twitter:label1\" content=\"Tiempo de lectura\" \/>\n\t<meta name=\"twitter:data1\" content=\"9 minutos\" \/>\n<script type=\"application\/ld+json\" class=\"yoast-schema-graph\">{\"@context\":\"https:\/\/schema.org\",\"@graph\":[{\"@type\":[\"WebPage\",\"MedicalWebPage\"],\"@id\":\"https:\/\/www.newyorkhipknee.com\/es\/contacto\/riverhead-mejor-cirujano-de-reemplazo-de-rodilla-y-cadera\/mattituck-nueva-york\/\",\"url\":\"https:\/\/www.newyorkhipknee.com\/es\/contacto\/riverhead-mejor-cirujano-de-reemplazo-de-rodilla-y-cadera\/mattituck-nueva-york\/\",\"name\":\"Mattituck, Nueva York | Best Hip &amp; Knee Surgeon | NY, USA\",\"isPartOf\":{\"@id\":\"https:\/\/www.newyorkhipknee.com\/es\/#website\"},\"datePublished\":\"2023-11-13T19:19:58+00:00\",\"description\":\"Bienvenido a Dr. Nakul Karkare's Orthopedic Care: Su socio de confianza para la salud ortop\u00e9dica en Mattituck, NY Saludos del Dr. Nakul Karkare's\",\"breadcrumb\":{\"@id\":\"https:\/\/www.newyorkhipknee.com\/es\/contacto\/riverhead-mejor-cirujano-de-reemplazo-de-rodilla-y-cadera\/mattituck-nueva-york\/#breadcrumb\"},\"inLanguage\":\"es\",\"potentialAction\":[{\"@type\":\"ReadAction\",\"target\":[\"https:\/\/www.newyorkhipknee.com\/es\/contacto\/riverhead-mejor-cirujano-de-reemplazo-de-rodilla-y-cadera\/mattituck-nueva-york\/\"]}]},{\"@type\":\"BreadcrumbList\",\"@id\":\"https:\/\/www.newyorkhipknee.com\/es\/contacto\/riverhead-mejor-cirujano-de-reemplazo-de-rodilla-y-cadera\/mattituck-nueva-york\/#breadcrumb\",\"itemListElement\":[{\"@type\":\"ListItem\",\"position\":1,\"name\":\"Home\",\"item\":\"https:\/\/www.newyorkhipknee.com\/es\/\"},{\"@type\":\"ListItem\",\"position\":2,\"name\":\"Contacto\",\"item\":\"https:\/\/www.newyorkhipknee.com\/es\/contacto\/\"},{\"@type\":\"ListItem\",\"position\":3,\"name\":\"Riverhead &#8211; Mejor Cirujano de Reemplazo de Rodilla y Cadera\",\"item\":\"https:\/\/www.newyorkhipknee.com\/es\/contacto\/riverhead-mejor-cirujano-de-reemplazo-de-rodilla-y-cadera\/\"},{\"@type\":\"ListItem\",\"position\":4,\"name\":\"Mattituck, Nueva York\"}]},{\"@type\":\"WebSite\",\"@id\":\"https:\/\/www.newyorkhipknee.com\/es\/#website\",\"url\":\"https:\/\/www.newyorkhipknee.com\/es\/\",\"name\":\"Best Hip & Knee Surgeon | NY, USA\",\"description\":\"\",\"potentialAction\":[{\"@type\":\"SearchAction\",\"target\":{\"@type\":\"EntryPoint\",\"urlTemplate\":\"https:\/\/www.newyorkhipknee.com\/es\/?s={search_term_string}\"},\"query-input\":{\"@type\":\"PropertyValueSpecification\",\"valueRequired\":true,\"valueName\":\"search_term_string\"}}],\"inLanguage\":\"es\"}]}<\/script>\n<!-- \/ Yoast SEO plugin. -->","yoast_head_json":{"title":"Mattituck, Nueva York | Best Hip &amp; Knee Surgeon | NY, USA","description":"Bienvenido a Dr. Nakul Karkare's Orthopedic Care: Su socio de confianza para la salud ortop\u00e9dica en Mattituck, NY Saludos del Dr. Nakul Karkare's","robots":{"index":"index","follow":"follow","max-snippet":"max-snippet:-1","max-image-preview":"max-image-preview:large","max-video-preview":"max-video-preview:-1"},"canonical":"https:\/\/www.newyorkhipknee.com\/es\/contacto\/riverhead-mejor-cirujano-de-reemplazo-de-rodilla-y-cadera\/mattituck-nueva-york\/","og_locale":"es_ES","og_type":"article","og_title":"Mattituck, Nueva York | Best Hip &amp; Knee Surgeon | NY, USA","og_description":"Bienvenido a Dr. Nakul Karkare's Orthopedic Care: Su socio de confianza para la salud ortop\u00e9dica en Mattituck, NY Saludos del Dr. Nakul Karkare's","og_url":"https:\/\/www.newyorkhipknee.com\/es\/contacto\/riverhead-mejor-cirujano-de-reemplazo-de-rodilla-y-cadera\/mattituck-nueva-york\/","og_site_name":"Best Hip &amp; Knee Surgeon | NY, USA","twitter_card":"summary_large_image","twitter_misc":{"Tiempo de lectura":"9 minutos"},"schema":{"@context":"https:\/\/schema.org","@graph":[{"@type":["WebPage","MedicalWebPage"],"@id":"https:\/\/www.newyorkhipknee.com\/es\/contacto\/riverhead-mejor-cirujano-de-reemplazo-de-rodilla-y-cadera\/mattituck-nueva-york\/","url":"https:\/\/www.newyorkhipknee.com\/es\/contacto\/riverhead-mejor-cirujano-de-reemplazo-de-rodilla-y-cadera\/mattituck-nueva-york\/","name":"Mattituck, Nueva York | Best Hip &amp; Knee Surgeon | NY, USA","isPartOf":{"@id":"https:\/\/www.newyorkhipknee.com\/es\/#website"},"datePublished":"2023-11-13T19:19:58+00:00","description":"Bienvenido a Dr. Nakul Karkare's Orthopedic Care: Su socio de confianza para la salud ortop\u00e9dica en Mattituck, NY Saludos del Dr. Nakul Karkare's","breadcrumb":{"@id":"https:\/\/www.newyorkhipknee.com\/es\/contacto\/riverhead-mejor-cirujano-de-reemplazo-de-rodilla-y-cadera\/mattituck-nueva-york\/#breadcrumb"},"inLanguage":"es","potentialAction":[{"@type":"ReadAction","target":["https:\/\/www.newyorkhipknee.com\/es\/contacto\/riverhead-mejor-cirujano-de-reemplazo-de-rodilla-y-cadera\/mattituck-nueva-york\/"]}]},{"@type":"BreadcrumbList","@id":"https:\/\/www.newyorkhipknee.com\/es\/contacto\/riverhead-mejor-cirujano-de-reemplazo-de-rodilla-y-cadera\/mattituck-nueva-york\/#breadcrumb","itemListElement":[{"@type":"ListItem","position":1,"name":"Home","item":"https:\/\/www.newyorkhipknee.com\/es\/"},{"@type":"ListItem","position":2,"name":"Contacto","item":"https:\/\/www.newyorkhipknee.com\/es\/contacto\/"},{"@type":"ListItem","position":3,"name":"Riverhead &#8211; Mejor Cirujano de Reemplazo de Rodilla y Cadera","item":"https:\/\/www.newyorkhipknee.com\/es\/contacto\/riverhead-mejor-cirujano-de-reemplazo-de-rodilla-y-cadera\/"},{"@type":"ListItem","position":4,"name":"Mattituck, Nueva York"}]},{"@type":"WebSite","@id":"https:\/\/www.newyorkhipknee.com\/es\/#website","url":"https:\/\/www.newyorkhipknee.com\/es\/","name":"Best Hip & Knee Surgeon | NY, USA","description":"","potentialAction":[{"@type":"SearchAction","target":{"@type":"EntryPoint","urlTemplate":"https:\/\/www.newyorkhipknee.com\/es\/?s={search_term_string}"},"query-input":{"@type":"PropertyValueSpecification","valueRequired":true,"valueName":"search_term_string"}}],"inLanguage":"es"}]}},"_links":{"self":[{"href":"https:\/\/www.newyorkhipknee.com\/es\/wp-json\/wp\/v2\/pages\/20852","targetHints":{"allow":["GET"]}}],"collection":[{"href":"https:\/\/www.newyorkhipknee.com\/es\/wp-json\/wp\/v2\/pages"}],"about":[{"href":"https:\/\/www.newyorkhipknee.com\/es\/wp-json\/wp\/v2\/types\/page"}],"author":[{"embeddable":true,"href":"https:\/\/www.newyorkhipknee.com\/es\/wp-json\/wp\/v2\/users\/33"}],"replies":[{"embeddable":true,"href":"https:\/\/www.newyorkhipknee.com\/es\/wp-json\/wp\/v2\/comments?post=20852"}],"version-history":[{"count":0,"href":"https:\/\/www.newyorkhipknee.com\/es\/wp-json\/wp\/v2\/pages\/20852\/revisions"}],"up":[{"embeddable":true,"href":"https:\/\/www.newyorkhipknee.com\/es\/wp-json\/wp\/v2\/pages\/16545"}],"wp:attachment":[{"href":"https:\/\/www.newyorkhipknee.com\/es\/wp-json\/wp\/v2\/media?parent=20852"}],"curies":[{"name":"wp","href":"https:\/\/api.w.org\/{rel}","templated":true}]}}