{"id":20859,"date":"2023-11-16T14:59:02","date_gmt":"2023-11-16T19:59:02","guid":{"rendered":"https:\/\/newyorkhipknee.com\/contacto\/babylon-mejor-cirujano-de-protesis-de-cadera-y-rodilla\/central-islip-nueva-york\/"},"modified":"2023-11-16T14:59:02","modified_gmt":"2023-11-16T19:59:02","slug":"central-islip-nueva-york","status":"publish","type":"page","link":"https:\/\/www.newyorkhipknee.com\/es\/contacto\/babylon-mejor-cirujano-de-protesis-de-cadera-y-rodilla\/central-islip-nueva-york\/","title":{"rendered":"Central Islip, Nueva York"},"content":{"rendered":"<h1>Dr. Nakul Karkare&#8217;s Orthopedic Care le da la bienvenida a Central Islip, NY: Su principal proveedor de atenci\u00f3n ortop\u00e9dica<\/h1>\n<p>Hola de Dr. Nakul Karkare&#8217;s Orthopedic Care, su fuente dedicada para el cuidado ortop\u00e9dico excepcional localizado en <a href=\"https:\/\/newyorkhipknee.com\/contact\/babylon-orthopedic-surgeon\/\" target=\"_blank\" rel=\"noopener\">Babylon,<\/a> NY. Estamos muy orgullosos de extender nuestros servicios ortop\u00e9dicos de primera categor\u00eda a la vibrante comunidad de Central Islip, NY. En Dr. Nakul Karkare&#8217;s Orthopedic Care, somos m\u00e1s que una pr\u00e1ctica m\u00e9dica; somos sus socios en el logro de una salud ortop\u00e9dica excepcional.<\/p>\n<p>Dr. Nakul Karkare Orthopedic Care se erige como un faro de excelencia en el campo ortop\u00e9dico, y aqu\u00ed es por qu\u00e9 somos su mejor opci\u00f3n para la atenci\u00f3n ortop\u00e9dica en Central Islip:<\/p>\n<p><strong>Conozca al Dr. Nakul Karkare:<\/strong> El Dr. Nakul Karkare es un especialista ortop\u00e9dico altamente cualificado, reconocido por su experiencia, numerosas certificaciones y amplia dedicaci\u00f3n a la atenci\u00f3n al paciente. Su compromiso inquebrantable garantiza que usted reciba el m\u00e1s alto nivel de atenci\u00f3n.<\/p>\n<p><strong>Atenci\u00f3n personalizada:<\/strong> Entendemos que cada paciente es \u00fanico. Nuestro enfoque se adapta a sus necesidades espec\u00edficas, con un enfoque en su comodidad y bienestar como nuestras principales prioridades.<\/p>\n<p><strong>Soluciones de vanguardia:<\/strong> Estamos comprometidos a permanecer a la vanguardia de los avances ortop\u00e9dicos, asegurando que usted tenga acceso a los \u00faltimos tratamientos y tecnolog\u00edas bajo la direcci\u00f3n experta del Dr. Nakul Karkare.<\/p>\n<p><strong>Compromiso con la comunidad:<\/strong> Creemos en hacer accesible a todo el mundo una atenci\u00f3n ortop\u00e9dica excepcional. Nuestra decisi\u00f3n de expandir nuestros servicios a Amityville demuestra nuestra dedicaci\u00f3n para abordar las necesidades ortop\u00e9dicas de su comunidad.<\/p>\n<p><strong>Excelencia probada:<\/strong> Nuestra trayectoria dice mucho de nuestro compromiso de ayudar a las personas a recuperar la movilidad, aliviar el dolor y mejorar su calidad de vida en general bajo la experta direcci\u00f3n del Dr. Nakul Karkare.<\/p>\n<p>Su salud ortop\u00e9dica es de suma importancia, y estamos muy contentos de ser parte de la Central Islip, comunidad. Si usted est\u00e1 tratando con preocupaciones conjuntas, lesiones relacionadas con el deporte, fracturas, o cualquier otro problema ortop\u00e9dico, el Dr. Nakul Karkare&#8217;s Orthopedic Care est\u00e1 aqu\u00ed para apoyarle con el m\u00e1s alto nivel de profesionalismo y experiencia.<\/p>\n<p>&nbsp;<\/p>\n<h2>Estamos orgullosos de ofrecer una amplia gama de servicios ortop\u00e9dicos en el Central Islip, NY:<\/h2>\n<h2><a role=\"link\" href=\"https:\/\/newyorkhipknee.com\/custom-knee-replacement-surgery\/\" target=\"_blank\" rel=\"noopener\"><strong>Reemplazo de rodilla personalizado:<\/strong><\/a><\/h2>\n<p><strong>Qui\u00e9n puede necesitar una artroplastia de rodilla personalizada:<\/strong> La artroplastia de rodilla a medida, tambi\u00e9n conocida como artroplastia de rodilla personalizada, se suele recomendar a personas que sufren dolor intenso de rodilla, rigidez e inflamaci\u00f3n que limitan considerablemente sus actividades cotidianas y su calidad de vida. Las causas m\u00e1s comunes de esta afecci\u00f3n son la artrosis, la artritis reumatoide, las lesiones traum\u00e1ticas u otros trastornos degenerativos de la articulaci\u00f3n de la rodilla.<\/p>\n<p><strong>El procedimiento:<\/strong> La pr\u00f3tesis de rodilla a medida es una intervenci\u00f3n quir\u00fargica en la que la articulaci\u00f3n de la rodilla da\u00f1ada se sustituye por un implante artificial, meticulosamente adaptado a la estructura anat\u00f3mica \u00fanica del paciente. El proceso comienza con una avanzada tecnolog\u00eda de imagen que genera un modelo tridimensional de la articulaci\u00f3n de la rodilla del paciente. Este modelo se utiliza despu\u00e9s para crear un implante personalizado que se adapte perfectamente a la rodilla del paciente.<\/p>\n<p>Durante la intervenci\u00f3n, el cirujano ortop\u00e9dico retira cuidadosamente la articulaci\u00f3n da\u00f1ada y la sustituye por el implante a medida. Todo el procedimiento se realiza bajo anestesia, lo que garantiza que el paciente permanezca c\u00f3modo y sin dolor durante todo el proceso.<\/p>\n<p><strong>Ventajas:<\/strong> La pr\u00f3tesis de rodilla a medida ofrece numerosos beneficios a los pacientes, entre ellos:<\/p>\n<ol>\n<li><strong>Alivio del dolor:<\/strong> Uno de los principales beneficios es el alivio del dolor cr\u00f3nico de rodilla. El implante a medida est\u00e1 dise\u00f1ado para minimizar las molestias, lo que permite a los pacientes recuperar la movilidad y volver a sus actividades cotidianas.<\/li>\n<li><strong>Mayor movilidad:<\/strong> Las pr\u00f3tesis de rodilla a medida mejoran la amplitud de movimiento del paciente, permitiendo un movimiento m\u00e1s natural de la articulaci\u00f3n de la rodilla.<\/li>\n<li><strong>Mejora de la calidad de vida:<\/strong> Los pacientes suelen experimentar una mejora significativa de su calidad de vida en general, ya que pueden volver a realizar actividades a las que antes ten\u00edan que renunciar debido al dolor de rodilla.<\/li>\n<li><strong>Recuperaci\u00f3n m\u00e1s r\u00e1pida:<\/strong> Las pr\u00f3tesis de rodilla a medida suelen conllevar tiempos de recuperaci\u00f3n m\u00e1s r\u00e1pidos en comparaci\u00f3n con la cirug\u00eda de pr\u00f3tesis de rodilla tradicional. La precisi\u00f3n del implante personalizado y las t\u00e9cnicas quir\u00fargicas m\u00ednimamente invasivas pueden reducir el dolor postoperatorio y acelerar la rehabilitaci\u00f3n.<\/li>\n<\/ol>\n<p>&nbsp;<\/p>\n<h2><a role=\"link\" href=\"https:\/\/newyorkhipknee.com\/hip-replacement-surgery\/\" target=\"_blank\" rel=\"noopener\"><strong>Pr\u00f3tesis de cadera:<\/strong><\/a><\/h2>\n<p><strong>Qui\u00e9n puede necesitar una artroplastia de cadera:<\/strong> La artroplastia de cadera se recomienda a las personas que sufren dolor intenso, rigidez e inflamaci\u00f3n de la cadera, lo que dificulta considerablemente sus actividades cotidianas y su calidad de vida. Las causas m\u00e1s comunes de esta afecci\u00f3n son la artrosis, la artritis reumatoide, la necrosis avascular o las fracturas de cadera.<\/p>\n<p><strong>El procedimiento:<\/strong> La artroplastia de cadera es un procedimiento quir\u00fargico que consiste en sustituir una articulaci\u00f3n de cadera da\u00f1ada por un implante artificial. Este implante est\u00e1 meticulosamente dise\u00f1ado para reproducir la estructura y funci\u00f3n naturales de la articulaci\u00f3n de la cadera, lo que permite a los pacientes recuperar la movilidad y aliviar las molestias.<\/p>\n<p>Durante la intervenci\u00f3n, el cirujano ortop\u00e9dico retira h\u00e1bilmente la articulaci\u00f3n da\u00f1ada y la sustituye por el implante artificial. Al igual que el reemplazo de rodilla, este procedimiento se realiza bajo anestesia, lo que garantiza la comodidad del paciente.<\/p>\n<p><strong>Ventajas:<\/strong> La artroplastia de cadera ofrece varias ventajas a los pacientes:<\/p>\n<ol>\n<li><strong>Alivio del dolor:<\/strong> El principal beneficio es el alivio del dolor intenso de cadera, lo que permite a los pacientes recuperar su movilidad y reanudar sus actividades cotidianas.<\/li>\n<li><strong>Mayor movilidad:<\/strong> Las pr\u00f3tesis de cadera mejoran la amplitud de movimiento de la articulaci\u00f3n de la cadera, proporcionando a los pacientes un movimiento y una flexibilidad m\u00e1s naturales.<\/li>\n<li><strong>Mejora de la calidad de vida:<\/strong> Los pacientes suelen experimentar una mejora significativa de su calidad de vida en general, ya que recuperan la capacidad de realizar actividades que antes les resultaban dif\u00edciles o imposibles debido al dolor de cadera.<\/li>\n<li><strong>Recuperaci\u00f3n m\u00e1s r\u00e1pida:<\/strong> La cirug\u00eda de reemplazo de cadera suele conducir a tiempos de recuperaci\u00f3n m\u00e1s r\u00e1pidos, con pacientes que experimentan una reducci\u00f3n del dolor y una mejora de la amplitud de movimiento en comparaci\u00f3n con su condici\u00f3n antes de la cirug\u00eda.<\/li>\n<\/ol>\n<p>En ambos casos, el Dr. Nakul Karkare emplea t\u00e9cnicas quir\u00fargicas innovadoras y la tecnolog\u00eda m\u00e1s avanzada para garantizar la colocaci\u00f3n precisa de los componentes del implante a trav\u00e9s de incisiones m\u00e1s peque\u00f1as que preservan los tejidos.<\/p>\n<p>Este enfoque ayuda a minimizar el dolor y a acelerar los tiempos de recuperaci\u00f3n. La experiencia del Dr. Karkare en estos procedimientos, combinada con la naturaleza individualizada de los implantes a medida, contribuye a obtener mejores resultados para los pacientes que buscan alivio para sus problemas articulares de rodilla y cadera.<\/p>\n<p>Si usted est\u00e1 experimentando dolor en las articulaciones, rigidez, hinchaz\u00f3n, o ha sufrido una lesi\u00f3n, no dude en ponerse en contacto con el Centro Ortop\u00e9dico del Dr. Nakul Karkare. Su equipo de especialistas se dedica a ayudarle a recuperar la movilidad, aliviar el dolor y mejorar su calidad de vida en general. Su bienestar es su m\u00e1xima prioridad, y est\u00e1n aqu\u00ed para guiarle en su camino hacia una mejor salud ortop\u00e9dica.<\/p>\n<p>&nbsp;<\/p>\n<p>&nbsp;<\/p>\n<h1>Acerca de Central Islip<\/h1>\n<p>Central Islip, Nueva York, es una aldea y lugar designado por el censo (CDP) dentro de la ciudad de Islip en el condado de Suffolk, Nueva York, Estados Unidos. La poblaci\u00f3n era de 34.450 habitantes en el censo de 2010. La ciudad tiene una rica historia, una cultura vibrante y una industria tur\u00edstica en crecimiento.<\/p>\n<p><strong>Historia de Central Islip, NY<\/strong><\/p>\n<p>Antes de la llegada de los colonos europeos, la tribu Secatogue de nativos americanos algonquinos viv\u00eda en el \u00e1rea ahora conocida como Central Islip. La ciudad fue fundada en el siglo XIX y desde entonces se ha convertido en una comunidad pr\u00f3spera. La ciudad jug\u00f3 un papel importante en la Revoluci\u00f3n Americana, con muchos de sus residentes luchando por la independencia de Gran Breta\u00f1a.<\/p>\n<p><strong>Cultura de Central Islip, NY<\/strong><\/p>\n<p>Central Islip, Nueva York, tiene una rica historia cultural, y la ciudad ha sido el hogar de varios artistas y escritores de renombre mundial a lo largo de los a\u00f1os. La ciudad tambi\u00e9n alberga una serie de museos e instituciones culturales, incluido el Museo de Arte de Islip, que mantiene una gran colecci\u00f3n de arte contempor\u00e1neo.<\/p>\n<p>La ciudad tambi\u00e9n es conocida por sus hermosos parques y reservas naturales, incluida la Reserva del Parque Estatal del R\u00edo Connetquot, que ofrece rutas de senderismo y oportunidades de observaci\u00f3n de aves. Los visitantes pueden explorar la belleza natural de la ciudad y disfrutar de la paz y la tranquilidad del aire libre.<\/p>\n<p><strong>Turismo en Central Islip, NY<\/strong><\/p>\n<p>Central Islip, Nueva York, es un destino tur\u00edstico en crecimiento, gracias en parte a sus hermosos parques, encantadores pueblos y rico patrimonio cultural. La ciudad alberga una serie de atracciones que atraen a visitantes de todo el mundo.<\/p>\n<p>Una de las atracciones m\u00e1s populares de Central Islip es la Reserva del Parque Estatal del R\u00edo Connetquot, que ofrece rutas de senderismo y oportunidades de observaci\u00f3n de aves. Los visitantes pueden explorar la belleza natural de la ciudad y disfrutar de la paz y la tranquilidad del aire libre.<\/p>\n<p>Otra atracci\u00f3n popular en el centro de Islip es el Museo de Arte de Islip, que ofrece una variedad de programas y eventos durante todo el a\u00f1o. Los visitantes pueden asistir a conferencias, talleres y otros eventos culturales en el museo.<\/p>\n<p>El centro de Islip tambi\u00e9n alberga una serie de hermosas playas, incluido el Parque Estatal Robert Moses, que ofrece impresionantes vistas del Oc\u00e9ano Atl\u00e1ntico. Los visitantes pueden nadar, tomar el sol y disfrutar de diversos deportes acu\u00e1ticos en las playas de la ciudad.<\/p>\n<p>Central Islip, Nueva York, es una ciudad con una rica historia, una cultura vibrante y una industria tur\u00edstica en crecimiento. Los visitantes de la ciudad pueden explorar sus museos e instituciones culturales, disfrutar de sus hermosos parques y reservas naturales, y relajarse en sus impresionantes playas. Ya sea que sea un aficionado a la historia, un amante de la naturaleza o un amante de la playa, Central Islip tiene algo que ofrecer a todos.<\/p>\n<p>&nbsp;<\/p>\n<h2>Indicaciones<\/h2>\n<p>Estas son las instrucciones para Complete Orthopedics en 46 Little East Neck Rd Unit A, Babylon, NY 11702 desde Central Islip, NY:<\/p>\n<p>1. Dir\u00edjase hacia el oeste por Suffolk Ave hacia Carleton Ave.<br \/>\n2. Gire a la izquierda en Carleton Ave.<br \/>\n3. Gire a la derecha en NY-27 W.<br \/>\n4. Tome la salida 39 hacia NY-231\/Babylon.<br \/>\n5. Incorp\u00f3rese a Sagtikos Pkwy.<br \/>\n6. Tome la salida S1E hacia Sunrise Hwy E hacia Montauk.<br \/>\n7. Incorp\u00f3rese a Sunrise Hwy.<br \/>\n8. Gire a la derecha en Little East Neck Rd N.<br \/>\n9. La ortopedia completa estar\u00e1 a la derecha en 46 Little East Neck Rd Unidad A.<\/p>\n<p>Nota: Las indicaciones exactas pueden variar en funci\u00f3n de la ubicaci\u00f3n de partida. Se recomienda utilizar un GPS o un servicio de mapas para obtener las direcciones m\u00e1s precisas.<\/p>\n<p>&nbsp;<\/p>\n<h2>Atenci\u00f3n m\u00e9dica cerca de Central Islip<\/h2>\n<p><strong>Farmacias<\/strong><\/p>\n<p>1. Farmacia CVS &#8211; 185 Wheeler Rd, Central Islip, NY 11722<br \/>\n2. Farmacia Walgreens &#8211; 185 Wheeler Rd, Central Islip, NY 11722<br \/>\n3. Farmacia Rite Aid &#8211; 78 Carleton Ave, Central Islip, NY 11722<\/p>\n<p>&nbsp;<\/p>\n<p><strong>Centros de Radiolog\u00eda<\/strong><\/p>\n<p>1. Servicios de Imagen del Hospital Universitario Buen Samaritano &#8211; 1000 Montauk Hwy, West Islip, NY 11795<br \/>\n2. Catherine of Siena Hospital Radiology &#8211; 50 NY-25A, Smithtown, NY 11787<br \/>\n3. Radiolog\u00eda del Hospital Southside &#8211; 301 E Main St, Bay Shore, NY 11706<\/p>\n<p>&nbsp;<\/p>\n<p><strong>Centros de Atenci\u00f3n de Urgencia<\/strong><\/p>\n<p>1. ProHEALTH Urgent Care &#8211; 555 Motor Pkwy, Hauppauge, NY 11788<br \/>\n2. Stat Health Immediate Medical Care &#8211; 160 Islip Ave, Islip, NY 11751<br \/>\n3. CityMD Bay Shore Urgent Care &#8211; Long Island &#8211; 1701 Sunrise Hwy, Bay Shore, NY 11706<\/p>\n<p>&nbsp;<\/p>\n<p><strong>Hospitales<\/strong><\/p>\n<p>1. Hospital Universitario Buen Samaritano &#8211; 1000 Montauk Hwy, West Islip, NY 11795<br \/>\n2. Catherine of Siena Medical Center &#8211; 50 NY-25A, Smithtown, NY 11787<br \/>\n3. Southside Hospital &#8211; 301 E Main St, Bay Shore, NY 11706<\/p>\n<p>En el coraz\u00f3n de nuestra pr\u00e1ctica, nuestro profundo compromiso consiste en brindar atenci\u00f3n ortop\u00e9dica integral a nuestra maravillosa comunidad, incluidos los que hemos mencionado anteriormente. Ya sea que acuda a nosotros a trav\u00e9s de una referencia para un tratamiento ortop\u00e9dico o simplemente quiera conversar con nosotros sobre cualquier inquietud ortop\u00e9dica, le extendemos la m\u00e1s c\u00e1lida invitaci\u00f3n para conectarse con nuestro equipo dedicado las 24 horas del d\u00eda, los 7 d\u00edas de la semana. Puede estar tranquilo sabiendo que estamos aqu\u00ed para brindarle un apoyo r\u00e1pido y compasivo.<\/p>\n<p>Entendemos que muchas personas visitan centros de atenci\u00f3n de urgencia y hospitales por lesiones relacionadas con la compensaci\u00f3n laboral y el seguro sin culpa. Si su lesi\u00f3n no requiere una visita al hospital, estamos realmente encantados de ofrecer un tratamiento ortop\u00e9dico especializado adaptado con precisi\u00f3n a su situaci\u00f3n \u00fanica. No dude en comunicarse con nosotros al 631-981-2663 para programar una cita hoy. Su bienestar es, y siempre ser\u00e1, nuestra m\u00e1xima prioridad, y estamos aqu\u00ed para ayudarlo en cada paso del camino<\/p>\n","protected":false},"excerpt":{"rendered":"<p>Dr. Nakul Karkare&#8217;s Orthopedic Care le da la bienvenida a Central Islip, NY: Su principal proveedor de atenci\u00f3n ortop\u00e9dica Hola de Dr. Nakul Karkare&#8217;s Orthopedic Care, su fuente dedicada para el cuidado ortop\u00e9dico excepcional localizado en Babylon, NY. Estamos muy orgullosos de extender nuestros servicios ortop\u00e9dicos de primera categor\u00eda a la vibrante comunidad de Central [&hellip;]<\/p>\n","protected":false},"author":33,"featured_media":0,"parent":16523,"menu_order":0,"comment_status":"closed","ping_status":"closed","template":"","meta":{"_et_pb_use_builder":"","_et_pb_old_content":"","_et_gb_content_width":"","footnotes":""},"class_list":["post-20859","page","type-page","status-publish","hentry"],"yoast_head":"<!-- This site is optimized with the Yoast SEO plugin v27.2 - https:\/\/yoast.com\/product\/yoast-seo-wordpress\/ -->\n<title>Central Islip, Nueva York | Best Hip &amp; Knee Surgeon | NY, USA<\/title>\n<meta name=\"description\" content=\"Dr. Nakul Karkare&#039;s Orthopedic Care le da la bienvenida a Central Islip, NY: Su principal proveedor de atenci\u00f3n ortop\u00e9dica Hola de Dr. Nakul Karkare&#039;s\" \/>\n<meta name=\"robots\" content=\"index, follow, max-snippet:-1, max-image-preview:large, max-video-preview:-1\" \/>\n<link rel=\"canonical\" href=\"https:\/\/www.newyorkhipknee.com\/es\/contacto\/babylon-mejor-cirujano-de-protesis-de-cadera-y-rodilla\/central-islip-nueva-york\/\" \/>\n<meta property=\"og:locale\" content=\"es_ES\" \/>\n<meta property=\"og:type\" content=\"article\" \/>\n<meta property=\"og:title\" content=\"Central Islip, Nueva York | Best Hip &amp; Knee Surgeon | NY, USA\" \/>\n<meta property=\"og:description\" content=\"Dr. Nakul Karkare&#039;s Orthopedic Care le da la bienvenida a Central Islip, NY: Su principal proveedor de atenci\u00f3n ortop\u00e9dica Hola de Dr. Nakul Karkare&#039;s\" \/>\n<meta property=\"og:url\" content=\"https:\/\/www.newyorkhipknee.com\/es\/contacto\/babylon-mejor-cirujano-de-protesis-de-cadera-y-rodilla\/central-islip-nueva-york\/\" \/>\n<meta property=\"og:site_name\" content=\"Best Hip &amp; Knee Surgeon | NY, USA\" \/>\n<meta name=\"twitter:card\" content=\"summary_large_image\" \/>\n<meta name=\"twitter:label1\" content=\"Tiempo de lectura\" \/>\n\t<meta name=\"twitter:data1\" content=\"11 minutos\" \/>\n<script type=\"application\/ld+json\" class=\"yoast-schema-graph\">{\"@context\":\"https:\/\/schema.org\",\"@graph\":[{\"@type\":[\"WebPage\",\"MedicalWebPage\"],\"@id\":\"https:\/\/www.newyorkhipknee.com\/es\/contacto\/babylon-mejor-cirujano-de-protesis-de-cadera-y-rodilla\/central-islip-nueva-york\/\",\"url\":\"https:\/\/www.newyorkhipknee.com\/es\/contacto\/babylon-mejor-cirujano-de-protesis-de-cadera-y-rodilla\/central-islip-nueva-york\/\",\"name\":\"Central Islip, Nueva York | Best Hip &amp; Knee Surgeon | NY, USA\",\"isPartOf\":{\"@id\":\"https:\/\/www.newyorkhipknee.com\/es\/#website\"},\"datePublished\":\"2023-11-16T19:59:02+00:00\",\"description\":\"Dr. Nakul Karkare's Orthopedic Care le da la bienvenida a Central Islip, NY: Su principal proveedor de atenci\u00f3n ortop\u00e9dica Hola de Dr. Nakul Karkare's\",\"breadcrumb\":{\"@id\":\"https:\/\/www.newyorkhipknee.com\/es\/contacto\/babylon-mejor-cirujano-de-protesis-de-cadera-y-rodilla\/central-islip-nueva-york\/#breadcrumb\"},\"inLanguage\":\"es\",\"potentialAction\":[{\"@type\":\"ReadAction\",\"target\":[\"https:\/\/www.newyorkhipknee.com\/es\/contacto\/babylon-mejor-cirujano-de-protesis-de-cadera-y-rodilla\/central-islip-nueva-york\/\"]}]},{\"@type\":\"BreadcrumbList\",\"@id\":\"https:\/\/www.newyorkhipknee.com\/es\/contacto\/babylon-mejor-cirujano-de-protesis-de-cadera-y-rodilla\/central-islip-nueva-york\/#breadcrumb\",\"itemListElement\":[{\"@type\":\"ListItem\",\"position\":1,\"name\":\"Home\",\"item\":\"https:\/\/www.newyorkhipknee.com\/es\/\"},{\"@type\":\"ListItem\",\"position\":2,\"name\":\"Contacto\",\"item\":\"https:\/\/www.newyorkhipknee.com\/es\/contacto\/\"},{\"@type\":\"ListItem\",\"position\":3,\"name\":\"Babylon &#8211; Mejor cirujano de pr\u00f3tesis de cadera y rodilla\",\"item\":\"https:\/\/www.newyorkhipknee.com\/es\/contacto\/babylon-mejor-cirujano-de-protesis-de-cadera-y-rodilla\/\"},{\"@type\":\"ListItem\",\"position\":4,\"name\":\"Central Islip, Nueva York\"}]},{\"@type\":\"WebSite\",\"@id\":\"https:\/\/www.newyorkhipknee.com\/es\/#website\",\"url\":\"https:\/\/www.newyorkhipknee.com\/es\/\",\"name\":\"Best Hip & Knee Surgeon | NY, USA\",\"description\":\"\",\"potentialAction\":[{\"@type\":\"SearchAction\",\"target\":{\"@type\":\"EntryPoint\",\"urlTemplate\":\"https:\/\/www.newyorkhipknee.com\/es\/?s={search_term_string}\"},\"query-input\":{\"@type\":\"PropertyValueSpecification\",\"valueRequired\":true,\"valueName\":\"search_term_string\"}}],\"inLanguage\":\"es\"}]}<\/script>\n<!-- \/ Yoast SEO plugin. -->","yoast_head_json":{"title":"Central Islip, Nueva York | Best Hip &amp; Knee Surgeon | NY, USA","description":"Dr. Nakul Karkare's Orthopedic Care le da la bienvenida a Central Islip, NY: Su principal proveedor de atenci\u00f3n ortop\u00e9dica Hola de Dr. Nakul Karkare's","robots":{"index":"index","follow":"follow","max-snippet":"max-snippet:-1","max-image-preview":"max-image-preview:large","max-video-preview":"max-video-preview:-1"},"canonical":"https:\/\/www.newyorkhipknee.com\/es\/contacto\/babylon-mejor-cirujano-de-protesis-de-cadera-y-rodilla\/central-islip-nueva-york\/","og_locale":"es_ES","og_type":"article","og_title":"Central Islip, Nueva York | Best Hip &amp; Knee Surgeon | NY, USA","og_description":"Dr. Nakul Karkare's Orthopedic Care le da la bienvenida a Central Islip, NY: Su principal proveedor de atenci\u00f3n ortop\u00e9dica Hola de Dr. Nakul Karkare's","og_url":"https:\/\/www.newyorkhipknee.com\/es\/contacto\/babylon-mejor-cirujano-de-protesis-de-cadera-y-rodilla\/central-islip-nueva-york\/","og_site_name":"Best Hip &amp; Knee Surgeon | NY, USA","twitter_card":"summary_large_image","twitter_misc":{"Tiempo de lectura":"11 minutos"},"schema":{"@context":"https:\/\/schema.org","@graph":[{"@type":["WebPage","MedicalWebPage"],"@id":"https:\/\/www.newyorkhipknee.com\/es\/contacto\/babylon-mejor-cirujano-de-protesis-de-cadera-y-rodilla\/central-islip-nueva-york\/","url":"https:\/\/www.newyorkhipknee.com\/es\/contacto\/babylon-mejor-cirujano-de-protesis-de-cadera-y-rodilla\/central-islip-nueva-york\/","name":"Central Islip, Nueva York | Best Hip &amp; Knee Surgeon | NY, USA","isPartOf":{"@id":"https:\/\/www.newyorkhipknee.com\/es\/#website"},"datePublished":"2023-11-16T19:59:02+00:00","description":"Dr. Nakul Karkare's Orthopedic Care le da la bienvenida a Central Islip, NY: Su principal proveedor de atenci\u00f3n ortop\u00e9dica Hola de Dr. Nakul Karkare's","breadcrumb":{"@id":"https:\/\/www.newyorkhipknee.com\/es\/contacto\/babylon-mejor-cirujano-de-protesis-de-cadera-y-rodilla\/central-islip-nueva-york\/#breadcrumb"},"inLanguage":"es","potentialAction":[{"@type":"ReadAction","target":["https:\/\/www.newyorkhipknee.com\/es\/contacto\/babylon-mejor-cirujano-de-protesis-de-cadera-y-rodilla\/central-islip-nueva-york\/"]}]},{"@type":"BreadcrumbList","@id":"https:\/\/www.newyorkhipknee.com\/es\/contacto\/babylon-mejor-cirujano-de-protesis-de-cadera-y-rodilla\/central-islip-nueva-york\/#breadcrumb","itemListElement":[{"@type":"ListItem","position":1,"name":"Home","item":"https:\/\/www.newyorkhipknee.com\/es\/"},{"@type":"ListItem","position":2,"name":"Contacto","item":"https:\/\/www.newyorkhipknee.com\/es\/contacto\/"},{"@type":"ListItem","position":3,"name":"Babylon &#8211; Mejor cirujano de pr\u00f3tesis de cadera y rodilla","item":"https:\/\/www.newyorkhipknee.com\/es\/contacto\/babylon-mejor-cirujano-de-protesis-de-cadera-y-rodilla\/"},{"@type":"ListItem","position":4,"name":"Central Islip, Nueva York"}]},{"@type":"WebSite","@id":"https:\/\/www.newyorkhipknee.com\/es\/#website","url":"https:\/\/www.newyorkhipknee.com\/es\/","name":"Best Hip & Knee Surgeon | NY, USA","description":"","potentialAction":[{"@type":"SearchAction","target":{"@type":"EntryPoint","urlTemplate":"https:\/\/www.newyorkhipknee.com\/es\/?s={search_term_string}"},"query-input":{"@type":"PropertyValueSpecification","valueRequired":true,"valueName":"search_term_string"}}],"inLanguage":"es"}]}},"_links":{"self":[{"href":"https:\/\/www.newyorkhipknee.com\/es\/wp-json\/wp\/v2\/pages\/20859","targetHints":{"allow":["GET"]}}],"collection":[{"href":"https:\/\/www.newyorkhipknee.com\/es\/wp-json\/wp\/v2\/pages"}],"about":[{"href":"https:\/\/www.newyorkhipknee.com\/es\/wp-json\/wp\/v2\/types\/page"}],"author":[{"embeddable":true,"href":"https:\/\/www.newyorkhipknee.com\/es\/wp-json\/wp\/v2\/users\/33"}],"replies":[{"embeddable":true,"href":"https:\/\/www.newyorkhipknee.com\/es\/wp-json\/wp\/v2\/comments?post=20859"}],"version-history":[{"count":0,"href":"https:\/\/www.newyorkhipknee.com\/es\/wp-json\/wp\/v2\/pages\/20859\/revisions"}],"up":[{"embeddable":true,"href":"https:\/\/www.newyorkhipknee.com\/es\/wp-json\/wp\/v2\/pages\/16523"}],"wp:attachment":[{"href":"https:\/\/www.newyorkhipknee.com\/es\/wp-json\/wp\/v2\/media?parent=20859"}],"curies":[{"name":"wp","href":"https:\/\/api.w.org\/{rel}","templated":true}]}}