{"id":20865,"date":"2023-11-15T15:35:59","date_gmt":"2023-11-15T20:35:59","guid":{"rendered":"https:\/\/newyorkhipknee.com\/contacto\/babylon-mejor-cirujano-de-protesis-de-cadera-y-rodilla\/babilonia-del-norte-nueva-york\/"},"modified":"2023-11-15T15:35:59","modified_gmt":"2023-11-15T20:35:59","slug":"babilonia-del-norte-nueva-york","status":"publish","type":"page","link":"https:\/\/www.newyorkhipknee.com\/es\/contacto\/babylon-mejor-cirujano-de-protesis-de-cadera-y-rodilla\/babilonia-del-norte-nueva-york\/","title":{"rendered":"Babilonia del Norte, Nueva York"},"content":{"rendered":"<h1>Centro Ortop\u00e9dico del Dr. Nakul Karkare: Su destino local de atenci\u00f3n ortop\u00e9dica de Babylon a North Babylon, NY<\/h1>\n<p>Bienvenido al Centro Ortop\u00e9dico del Dr. Nakul Karkare, su principal fuente de atenci\u00f3n ortop\u00e9dica excepcional que se extiende sin problemas desde Riverhead a la vibrante comunidad de North Babylon, Nueva York. Nos sentimos honrados de ser su centro ortop\u00e9dico local de confianza, comprometido con la mejora del bienestar de los residentes y las personas de esta din\u00e1mica regi\u00f3n.<\/p>\n<p>En el Centro Ortop\u00e9dico del Dr. Nakul Karkare, nuestra misi\u00f3n es inquebrantable: proporcionar atenci\u00f3n ortop\u00e9dica integral, compasiva y de vanguardia. Entendemos el papel fundamental que desempe\u00f1a la salud ortop\u00e9dica en su vida diaria.<\/p>\n<p>Tanto si est\u00e1 en v\u00edas de recuperarse de una lesi\u00f3n, como si est\u00e1 tratando afecciones musculoesquel\u00e9ticas cr\u00f3nicas o buscando orientaci\u00f3n para alcanzar y mantener un bienestar ortop\u00e9dico \u00f3ptimo, nuestro equipo de expertos est\u00e1 aqu\u00ed para guiarle hacia una movilidad mejorada y una vida libre de molestias.<\/p>\n<p>Nuestra presencia conecta a la perfecci\u00f3n Babylon con North Babylon, garantiz\u00e1ndole un c\u00f3modo acceso a nuestros excepcionales servicios ortop\u00e9dicos. A trav\u00e9s de nuestro blog informativo y nuestros recursos educativos, pretendemos ofrecerle informaci\u00f3n valiosa, los \u00faltimos avances en tratamientos ortop\u00e9dicos y consejos pr\u00e1cticos para ayudarle a llevar un estilo de vida activo y saludable.<\/p>\n<h2>Estamos muy orgullosos de ofrecer una amplia gama de servicios ortop\u00e9dicos en North Babylon NY zona:<\/h2>\n<h2><a role=\"link\" href=\"https:\/\/newyorkhipknee.com\/custom-knee-replacement-surgery\/\" target=\"_blank\" rel=\"noopener\"><strong>Reemplazo de rodilla personalizado:<\/strong><\/a><\/h2>\n<p><strong>\u00bfQui\u00e9n se beneficiar\u00eda de una pr\u00f3tesis de rodilla personalizada?<\/strong> La artroplastia de rodilla personalizada, tambi\u00e9n conocida como artroplastia de rodilla a medida, se suele recomendar a personas que sufren dolor intenso de rodilla, rigidez e inflamaci\u00f3n que dificultan considerablemente sus actividades cotidianas y su calidad de vida en general. Entre los factores subyacentes comunes de esta afecci\u00f3n se incluyen la artrosis, la artritis reumatoide, las lesiones traum\u00e1ticas u otros trastornos degenerativos de la articulaci\u00f3n de la rodilla.<\/p>\n<p><strong>El procedimiento quir\u00fargico:<\/strong> La pr\u00f3tesis de rodilla a medida es una intervenci\u00f3n quir\u00fargica avanzada en la que la articulaci\u00f3n de la rodilla da\u00f1ada se sustituye por un implante artificial dise\u00f1ado con precisi\u00f3n para adaptarse a la estructura anat\u00f3mica \u00fanica del paciente. El proceso comienza con la utilizaci\u00f3n de tecnolog\u00eda de imagen avanzada, que crea un modelo tridimensional detallado de la articulaci\u00f3n de la rodilla del paciente. A continuaci\u00f3n, este modelo se emplea para elaborar un implante personalizado que se adapte perfectamente a la rodilla del paciente.<\/p>\n<p>Durante el procedimiento quir\u00fargico, el cirujano ortop\u00e9dico retira meticulosamente la articulaci\u00f3n da\u00f1ada y la sustituye por el implante a medida. Todo el proceso se realiza bajo anestesia para garantizar que el paciente se sienta c\u00f3modo y sin dolor.<\/p>\n<p><strong>Ventajas:<\/strong> La pr\u00f3tesis de rodilla a medida ofrece numerosas ventajas a los pacientes, entre ellas:<\/p>\n<ol>\n<li><strong>Alivio del dolor:<\/strong> Uno de los principales beneficios es el alivio del dolor cr\u00f3nico de rodilla. El implante personalizado est\u00e1 dise\u00f1ado para minimizar las molestias, lo que permite a los pacientes recuperar la movilidad y volver a sus rutinas diarias.<\/li>\n<li><strong>Mayor movilidad:<\/strong> Las pr\u00f3tesis de rodilla a medida mejoran la amplitud de movimiento del paciente, permitiendo un movimiento m\u00e1s natural de la articulaci\u00f3n de la rodilla.<\/li>\n<li><strong>Mejora de la calidad de vida:<\/strong> Los pacientes experimentan con frecuencia una mejora sustancial de su calidad de vida en general, ya que pueden volver a realizar actividades a las que ten\u00edan que renunciar debido al dolor de rodilla.<\/li>\n<li><strong>Recuperaci\u00f3n m\u00e1s r\u00e1pida:<\/strong> Las pr\u00f3tesis de rodilla a medida suelen conllevar una recuperaci\u00f3n m\u00e1s r\u00e1pida que las cirug\u00edas de pr\u00f3tesis de rodilla tradicionales. La precisi\u00f3n del implante personalizado y las t\u00e9cnicas quir\u00fargicas m\u00ednimamente invasivas pueden reducir el dolor postoperatorio y acelerar el proceso de rehabilitaci\u00f3n.<\/li>\n<\/ol>\n<p>&nbsp;<\/p>\n<h2><a role=\"link\" href=\"https:\/\/newyorkhipknee.com\/hip-replacement-surgery\/\" target=\"_blank\" rel=\"noopener\"><strong>Pr\u00f3tesis de cadera:<\/strong><\/a><\/h2>\n<p><strong>Qui\u00e9n se beneficiar\u00eda de una artroplastia de cadera:<\/strong> La artroplastia de cadera se recomienda a las personas que padecen dolor intenso, rigidez e inflamaci\u00f3n de la cadera que dificultan considerablemente sus actividades cotidianas y su calidad de vida. Las causas m\u00e1s comunes de esta afecci\u00f3n son la artrosis, la artritis reumatoide, la necrosis avascular o las fracturas de cadera.<\/p>\n<p><strong>El procedimiento quir\u00fargico:<\/strong> La artroplastia de cadera es un procedimiento quir\u00fargico que consiste en la sustituci\u00f3n de una articulaci\u00f3n de cadera da\u00f1ada por un implante artificial meticulosamente dise\u00f1ado para reproducir la estructura y funci\u00f3n naturales de la articulaci\u00f3n de la cadera, lo que permite a los pacientes recuperar la movilidad y aliviar las molestias.<\/p>\n<p>Durante la intervenci\u00f3n, el cirujano ortop\u00e9dico retira h\u00e1bilmente la articulaci\u00f3n da\u00f1ada y la sustituye por el implante artificial. Al igual que la artroplastia de rodilla, esta intervenci\u00f3n se realiza bajo anestesia para garantizar la comodidad del paciente.<\/p>\n<p><strong>Ventajas:<\/strong> La artroplastia de cadera ofrece varias ventajas a los pacientes:<\/p>\n<ol>\n<li><strong>Alivio del dolor:<\/strong> El principal beneficio es el alivio del dolor intenso de cadera, lo que permite a los pacientes recuperar su movilidad y reanudar sus actividades cotidianas.<\/li>\n<li><strong>Mayor movilidad:<\/strong> Las pr\u00f3tesis de cadera mejoran la amplitud de movimiento de la articulaci\u00f3n de la cadera, proporcionando a los pacientes un movimiento y una flexibilidad m\u00e1s naturales.<\/li>\n<li><strong>Mejora de la calidad de vida:<\/strong> Los pacientes suelen experimentar una mejora significativa de su calidad de vida en general, ya que recuperan la capacidad de realizar actividades que antes les resultaban dif\u00edciles o imposibles debido al dolor de cadera.<\/li>\n<li><strong>Recuperaci\u00f3n acelerada:<\/strong> La cirug\u00eda de pr\u00f3tesis de cadera suele conllevar una recuperaci\u00f3n m\u00e1s r\u00e1pida, y los pacientes experimentan una reducci\u00f3n del dolor y una mejora de la amplitud de movimiento en comparaci\u00f3n con su estado antes de la intervenci\u00f3n.<\/li>\n<\/ol>\n<p>En ambos casos, el Dr. Nakul Karkare emplea t\u00e9cnicas quir\u00fargicas avanzadas y tecnolog\u00eda de vanguardia para garantizar la colocaci\u00f3n precisa de los componentes del implante a trav\u00e9s de incisiones m\u00e1s peque\u00f1as que no da\u00f1an los tejidos.<\/p>\n<p>Este enfoque ayuda a minimizar las molestias y a acelerar el proceso de recuperaci\u00f3n. La experiencia del Dr. Karkare en estos procedimientos, combinada con la naturaleza individualizada de los implantes a medida, contribuye a mejorar los resultados de los pacientes que buscan alivio para sus problemas articulares de rodilla y cadera. Si usted est\u00e1 experimentando dolor en las articulaciones, rigidez, hinchaz\u00f3n, o ha sufrido una lesi\u00f3n, por favor no dude en ponerse en contacto con el Centro Ortop\u00e9dico del Dr. Nakul Karkare.<\/p>\n<p>Su equipo de especialistas se dedica a ayudarle a recuperar la movilidad, aliviar el dolor y mejorar su calidad de vida en general. Su bienestar es su m\u00e1xima prioridad, y est\u00e1n aqu\u00ed para guiarle en su camino hacia una mejor salud ortop\u00e9dica.<\/p>\n<h1><\/h1>\n<h1>Acerca de Babilonia Septentrional<\/h1>\n<p>North Babylon (Nueva York) es una aldea ubicada en la ciudad de Babylon en el condado de Suffolk, en la costa sur de Long Island, en Nueva York, Estados Unidos. La poblaci\u00f3n era de 17.509 habitantes en el censo de 2010. El \u00e1rea tiene una rica historia y cultura, y es el hogar de varias \u00e1reas recreativas, centros comerciales, restaurantes y escuelas.<\/p>\n<p><strong>Historia<\/strong><br \/>\nNorth Babylon tiene una rica historia que se remonta a finales de 1800, cuando los residentes adinerados de la ciudad de Nueva York comenzaron a comprar grandes extensiones de tierra en el \u00e1rea para usarlas como residencias de verano. La zona era bien considerada para la caza, la pesca y otras actividades recreativas. Al igual que los titanes de la industria antes que ellos, muchas familias de clase media eligieron el norte de Babilonia para construir modestas caba\u00f1as de verano y escapar del calor de la ciudad, a partir de los a\u00f1os anteriores a la Segunda Guerra Mundial.<\/p>\n<p><strong>Cultura<\/strong><br \/>\nEl norte de Babilonia tiene una poblaci\u00f3n diversa y un fuerte sentido de comunidad. El \u00e1rea alberga varios parques y \u00e1reas recreativas, incluido el Parque Estatal Belmont Lake, donde se puede caminar, andar en bicicleta, hacer picnics y pasear en bote. La piscina de Phelps Lane tambi\u00e9n es un \u00e1rea de recreaci\u00f3n popular para nadar, jugar al tenis y relajarse. North Babylon High School es bien conocida en Long Island por sus equipos deportivos escolares de alto rendimiento.<\/p>\n<p><strong>Turismo<\/strong><br \/>\nEl norte de Babilonia no es un destino tur\u00edstico importante, pero se encuentra cerca de varias atracciones populares en Long Island. Algunas de las atracciones cercanas incluyen:<\/p>\n<p>&#8211; Parque Estatal del Lago Belmont: Un parque de 463 acres con un lago, zonas de picnic, rutas de senderismo y un parque infantil.<br \/>\n&#8211; Costa Nacional de la Isla de Fuego: Una isla barrera de 26 millas de largo que alberga varias playas, senderos naturales y lugares hist\u00f3ricos.<br \/>\n&#8211; Parque Estatal Robert Moses: Un parque de 875 acres con ocho kil\u00f3metros de playa oce\u00e1nica, un campo de golf y un puerto deportivo.<\/p>\n<p>&nbsp;<\/p>\n<h2>Indicaciones<\/h2>\n<p>Aqu\u00ed est\u00e1n las instrucciones desde North Babylon, NY a Complete Orthopedics en 46 Little East Neck Rd Unit A, Babylon, NY 11702:<\/p>\n<p>1. Dir\u00edjase hacia el sur por Deer Park Ave hacia Weeks Rd.<br \/>\n2. Gire a la izquierda en Weeks Rd.<br \/>\n3. Gire a la derecha en NY-27A W\/Montauk Hwy.<br \/>\n4. Gire a la izquierda en Little East Neck Rd N.<br \/>\n5. El destino estar\u00e1 a la derecha en 46 Little East Neck Rd Unit A, Babylon, NY 11702.<\/p>\n<p>Tenga en cuenta que la distancia de conducci\u00f3n es de aproximadamente 4 millas y puede tomar alrededor de 10 minutos dependiendo de las condiciones del tr\u00e1fico.<\/p>\n<p>&nbsp;<\/p>\n<h2>Atenci\u00f3n m\u00e9dica cerca de North Babylon<\/h2>\n<p><strong>Farmacias:<\/strong><br \/>\n1. Farmacia CVS &#8211; 711 Deer Park Ave, North Babylon, NY 11703<br \/>\n2. Farmacia Walgreens &#8211; 711 Sunrise Hwy, West Babylon, NY 11704<br \/>\n3. Rite Aid &#8211; 1251 Deer Park Ave, North Babylon, NY 11703<\/p>\n<p><strong>Centros de Radiolog\u00eda:<\/strong><br \/>\n1. Radiolog\u00eda Lenox Hill | Babylon &#8211; 400 W Main St, Babylon, NY 11702<br \/>\n2. Northwell Health Imaging at Deer Park &#8211; 1991 Deer Park Ave, Deer Park, NY 11729<br \/>\n3. South Shore Radiology &#8211; 500 W Main St, Babylon, NY 11702<\/p>\n<p><strong>Centros de Atenci\u00f3n de Urgencia:<\/strong><br \/>\n1. Northwell Health-GoHealth Urgent Care &#8211; 1251 Deer Park Ave, North Babylon, NY 11703<br \/>\n2. PM Pediatrics &#8211; 1000 Montauk Hwy, West Babylon, NY 11704<br \/>\n3. CityMD Lindenhurst Urgent Care &#8211; 155 W Sunrise Hwy, Lindenhurst, NY 11757<\/p>\n<p><strong>Hospitales:<\/strong><br \/>\n1. Centro M\u00e9dico del Hospital Buen Samaritano &#8211; 1000 Montauk Hwy, West Islip, NY 11795<br \/>\n2. Southside Hospital &#8211; 301 E Main St, Bay Shore, NY 11706<br \/>\n3. NYU Langone Family Medicine Associates-North Babylon &#8211; 986 Sunrise Hwy, North Babylon, NY 11703<\/p>\n<p>Tenga en cuenta que algunos de los centros de atenci\u00f3n de urgencia y hospitales se encuentran en ciudades cercanas como West Babylon y Lindenhurst.<\/p>\n<p>&nbsp;<\/p>\n<p>En el coraz\u00f3n de nuestra pr\u00e1ctica, nuestro profundo compromiso consiste en brindar atenci\u00f3n ortop\u00e9dica integral a nuestra maravillosa comunidad, incluidos los que hemos mencionado anteriormente. Ya sea que acuda a nosotros a trav\u00e9s de una referencia para un tratamiento ortop\u00e9dico o simplemente quiera conversar con nosotros sobre cualquier inquietud ortop\u00e9dica, le extendemos la m\u00e1s c\u00e1lida invitaci\u00f3n para conectarse con nuestro equipo dedicado las 24 horas del d\u00eda, los 7 d\u00edas de la semana. Puede estar tranquilo sabiendo que estamos aqu\u00ed para brindarle un apoyo r\u00e1pido y compasivo.<\/p>\n<p>Entendemos que muchas personas visitan centros de atenci\u00f3n de urgencia y hospitales por lesiones relacionadas con la compensaci\u00f3n laboral y el seguro sin culpa. Si su lesi\u00f3n no requiere una visita al hospital, estamos realmente encantados de ofrecer un tratamiento ortop\u00e9dico especializado adaptado con precisi\u00f3n a su situaci\u00f3n \u00fanica. No dude en comunicarse con nosotros al 631-981-2663 para programar una cita hoy. Su bienestar es, y siempre ser\u00e1, nuestra m\u00e1xima prioridad, y estamos aqu\u00ed para ayudarlo en cada paso del camino.<\/p>\n","protected":false},"excerpt":{"rendered":"<p>Centro Ortop\u00e9dico del Dr. Nakul Karkare: Su destino local de atenci\u00f3n ortop\u00e9dica de Babylon a North Babylon, NY Bienvenido al Centro Ortop\u00e9dico del Dr. Nakul Karkare, su principal fuente de atenci\u00f3n ortop\u00e9dica excepcional que se extiende sin problemas desde Riverhead a la vibrante comunidad de North Babylon, Nueva York. Nos sentimos honrados de ser su [&hellip;]<\/p>\n","protected":false},"author":33,"featured_media":0,"parent":16523,"menu_order":0,"comment_status":"closed","ping_status":"closed","template":"","meta":{"_et_pb_use_builder":"","_et_pb_old_content":"","_et_gb_content_width":"","footnotes":""},"class_list":["post-20865","page","type-page","status-publish","hentry"],"yoast_head":"<!-- This site is optimized with the Yoast SEO plugin v27.2 - https:\/\/yoast.com\/product\/yoast-seo-wordpress\/ -->\n<title>Babilonia del Norte, Nueva York | Best Hip &amp; Knee Surgeon | NY, USA<\/title>\n<meta name=\"description\" content=\"Centro Ortop\u00e9dico del Dr. Nakul Karkare: Su destino local de atenci\u00f3n ortop\u00e9dica de Babylon a North Babylon, NY Bienvenido al Centro Ortop\u00e9dico del Dr.\" \/>\n<meta name=\"robots\" content=\"index, follow, max-snippet:-1, max-image-preview:large, max-video-preview:-1\" \/>\n<link rel=\"canonical\" href=\"https:\/\/www.newyorkhipknee.com\/es\/contacto\/babylon-mejor-cirujano-de-protesis-de-cadera-y-rodilla\/babilonia-del-norte-nueva-york\/\" \/>\n<meta property=\"og:locale\" content=\"es_ES\" \/>\n<meta property=\"og:type\" content=\"article\" \/>\n<meta property=\"og:title\" content=\"Babilonia del Norte, Nueva York | Best Hip &amp; Knee Surgeon | NY, USA\" \/>\n<meta property=\"og:description\" content=\"Centro Ortop\u00e9dico del Dr. Nakul Karkare: Su destino local de atenci\u00f3n ortop\u00e9dica de Babylon a North Babylon, NY Bienvenido al Centro Ortop\u00e9dico del Dr.\" \/>\n<meta property=\"og:url\" content=\"https:\/\/www.newyorkhipknee.com\/es\/contacto\/babylon-mejor-cirujano-de-protesis-de-cadera-y-rodilla\/babilonia-del-norte-nueva-york\/\" \/>\n<meta property=\"og:site_name\" content=\"Best Hip &amp; Knee Surgeon | NY, USA\" \/>\n<meta name=\"twitter:card\" content=\"summary_large_image\" \/>\n<meta name=\"twitter:label1\" content=\"Tiempo de lectura\" \/>\n\t<meta name=\"twitter:data1\" content=\"10 minutos\" \/>\n<script type=\"application\/ld+json\" class=\"yoast-schema-graph\">{\"@context\":\"https:\/\/schema.org\",\"@graph\":[{\"@type\":[\"WebPage\",\"MedicalWebPage\"],\"@id\":\"https:\/\/www.newyorkhipknee.com\/es\/contacto\/babylon-mejor-cirujano-de-protesis-de-cadera-y-rodilla\/babilonia-del-norte-nueva-york\/\",\"url\":\"https:\/\/www.newyorkhipknee.com\/es\/contacto\/babylon-mejor-cirujano-de-protesis-de-cadera-y-rodilla\/babilonia-del-norte-nueva-york\/\",\"name\":\"Babilonia del Norte, Nueva York | Best Hip &amp; Knee Surgeon | NY, USA\",\"isPartOf\":{\"@id\":\"https:\/\/www.newyorkhipknee.com\/es\/#website\"},\"datePublished\":\"2023-11-15T20:35:59+00:00\",\"description\":\"Centro Ortop\u00e9dico del Dr. Nakul Karkare: Su destino local de atenci\u00f3n ortop\u00e9dica de Babylon a North Babylon, NY Bienvenido al Centro Ortop\u00e9dico del Dr.\",\"breadcrumb\":{\"@id\":\"https:\/\/www.newyorkhipknee.com\/es\/contacto\/babylon-mejor-cirujano-de-protesis-de-cadera-y-rodilla\/babilonia-del-norte-nueva-york\/#breadcrumb\"},\"inLanguage\":\"es\",\"potentialAction\":[{\"@type\":\"ReadAction\",\"target\":[\"https:\/\/www.newyorkhipknee.com\/es\/contacto\/babylon-mejor-cirujano-de-protesis-de-cadera-y-rodilla\/babilonia-del-norte-nueva-york\/\"]}]},{\"@type\":\"BreadcrumbList\",\"@id\":\"https:\/\/www.newyorkhipknee.com\/es\/contacto\/babylon-mejor-cirujano-de-protesis-de-cadera-y-rodilla\/babilonia-del-norte-nueva-york\/#breadcrumb\",\"itemListElement\":[{\"@type\":\"ListItem\",\"position\":1,\"name\":\"Home\",\"item\":\"https:\/\/www.newyorkhipknee.com\/es\/\"},{\"@type\":\"ListItem\",\"position\":2,\"name\":\"Contacto\",\"item\":\"https:\/\/www.newyorkhipknee.com\/es\/contacto\/\"},{\"@type\":\"ListItem\",\"position\":3,\"name\":\"Babylon &#8211; Mejor cirujano de pr\u00f3tesis de cadera y rodilla\",\"item\":\"https:\/\/www.newyorkhipknee.com\/es\/contacto\/babylon-mejor-cirujano-de-protesis-de-cadera-y-rodilla\/\"},{\"@type\":\"ListItem\",\"position\":4,\"name\":\"Babilonia del Norte, Nueva York\"}]},{\"@type\":\"WebSite\",\"@id\":\"https:\/\/www.newyorkhipknee.com\/es\/#website\",\"url\":\"https:\/\/www.newyorkhipknee.com\/es\/\",\"name\":\"Best Hip & Knee Surgeon | NY, USA\",\"description\":\"\",\"potentialAction\":[{\"@type\":\"SearchAction\",\"target\":{\"@type\":\"EntryPoint\",\"urlTemplate\":\"https:\/\/www.newyorkhipknee.com\/es\/?s={search_term_string}\"},\"query-input\":{\"@type\":\"PropertyValueSpecification\",\"valueRequired\":true,\"valueName\":\"search_term_string\"}}],\"inLanguage\":\"es\"}]}<\/script>\n<!-- \/ Yoast SEO plugin. -->","yoast_head_json":{"title":"Babilonia del Norte, Nueva York | Best Hip &amp; Knee Surgeon | NY, USA","description":"Centro Ortop\u00e9dico del Dr. Nakul Karkare: Su destino local de atenci\u00f3n ortop\u00e9dica de Babylon a North Babylon, NY Bienvenido al Centro Ortop\u00e9dico del Dr.","robots":{"index":"index","follow":"follow","max-snippet":"max-snippet:-1","max-image-preview":"max-image-preview:large","max-video-preview":"max-video-preview:-1"},"canonical":"https:\/\/www.newyorkhipknee.com\/es\/contacto\/babylon-mejor-cirujano-de-protesis-de-cadera-y-rodilla\/babilonia-del-norte-nueva-york\/","og_locale":"es_ES","og_type":"article","og_title":"Babilonia del Norte, Nueva York | Best Hip &amp; Knee Surgeon | NY, USA","og_description":"Centro Ortop\u00e9dico del Dr. Nakul Karkare: Su destino local de atenci\u00f3n ortop\u00e9dica de Babylon a North Babylon, NY Bienvenido al Centro Ortop\u00e9dico del Dr.","og_url":"https:\/\/www.newyorkhipknee.com\/es\/contacto\/babylon-mejor-cirujano-de-protesis-de-cadera-y-rodilla\/babilonia-del-norte-nueva-york\/","og_site_name":"Best Hip &amp; Knee Surgeon | NY, USA","twitter_card":"summary_large_image","twitter_misc":{"Tiempo de lectura":"10 minutos"},"schema":{"@context":"https:\/\/schema.org","@graph":[{"@type":["WebPage","MedicalWebPage"],"@id":"https:\/\/www.newyorkhipknee.com\/es\/contacto\/babylon-mejor-cirujano-de-protesis-de-cadera-y-rodilla\/babilonia-del-norte-nueva-york\/","url":"https:\/\/www.newyorkhipknee.com\/es\/contacto\/babylon-mejor-cirujano-de-protesis-de-cadera-y-rodilla\/babilonia-del-norte-nueva-york\/","name":"Babilonia del Norte, Nueva York | Best Hip &amp; Knee Surgeon | NY, USA","isPartOf":{"@id":"https:\/\/www.newyorkhipknee.com\/es\/#website"},"datePublished":"2023-11-15T20:35:59+00:00","description":"Centro Ortop\u00e9dico del Dr. Nakul Karkare: Su destino local de atenci\u00f3n ortop\u00e9dica de Babylon a North Babylon, NY Bienvenido al Centro Ortop\u00e9dico del Dr.","breadcrumb":{"@id":"https:\/\/www.newyorkhipknee.com\/es\/contacto\/babylon-mejor-cirujano-de-protesis-de-cadera-y-rodilla\/babilonia-del-norte-nueva-york\/#breadcrumb"},"inLanguage":"es","potentialAction":[{"@type":"ReadAction","target":["https:\/\/www.newyorkhipknee.com\/es\/contacto\/babylon-mejor-cirujano-de-protesis-de-cadera-y-rodilla\/babilonia-del-norte-nueva-york\/"]}]},{"@type":"BreadcrumbList","@id":"https:\/\/www.newyorkhipknee.com\/es\/contacto\/babylon-mejor-cirujano-de-protesis-de-cadera-y-rodilla\/babilonia-del-norte-nueva-york\/#breadcrumb","itemListElement":[{"@type":"ListItem","position":1,"name":"Home","item":"https:\/\/www.newyorkhipknee.com\/es\/"},{"@type":"ListItem","position":2,"name":"Contacto","item":"https:\/\/www.newyorkhipknee.com\/es\/contacto\/"},{"@type":"ListItem","position":3,"name":"Babylon &#8211; Mejor cirujano de pr\u00f3tesis de cadera y rodilla","item":"https:\/\/www.newyorkhipknee.com\/es\/contacto\/babylon-mejor-cirujano-de-protesis-de-cadera-y-rodilla\/"},{"@type":"ListItem","position":4,"name":"Babilonia del Norte, Nueva York"}]},{"@type":"WebSite","@id":"https:\/\/www.newyorkhipknee.com\/es\/#website","url":"https:\/\/www.newyorkhipknee.com\/es\/","name":"Best Hip & Knee Surgeon | NY, USA","description":"","potentialAction":[{"@type":"SearchAction","target":{"@type":"EntryPoint","urlTemplate":"https:\/\/www.newyorkhipknee.com\/es\/?s={search_term_string}"},"query-input":{"@type":"PropertyValueSpecification","valueRequired":true,"valueName":"search_term_string"}}],"inLanguage":"es"}]}},"_links":{"self":[{"href":"https:\/\/www.newyorkhipknee.com\/es\/wp-json\/wp\/v2\/pages\/20865","targetHints":{"allow":["GET"]}}],"collection":[{"href":"https:\/\/www.newyorkhipknee.com\/es\/wp-json\/wp\/v2\/pages"}],"about":[{"href":"https:\/\/www.newyorkhipknee.com\/es\/wp-json\/wp\/v2\/types\/page"}],"author":[{"embeddable":true,"href":"https:\/\/www.newyorkhipknee.com\/es\/wp-json\/wp\/v2\/users\/33"}],"replies":[{"embeddable":true,"href":"https:\/\/www.newyorkhipknee.com\/es\/wp-json\/wp\/v2\/comments?post=20865"}],"version-history":[{"count":0,"href":"https:\/\/www.newyorkhipknee.com\/es\/wp-json\/wp\/v2\/pages\/20865\/revisions"}],"up":[{"embeddable":true,"href":"https:\/\/www.newyorkhipknee.com\/es\/wp-json\/wp\/v2\/pages\/16523"}],"wp:attachment":[{"href":"https:\/\/www.newyorkhipknee.com\/es\/wp-json\/wp\/v2\/media?parent=20865"}],"curies":[{"name":"wp","href":"https:\/\/api.w.org\/{rel}","templated":true}]}}