{"id":20870,"date":"2023-11-15T15:18:35","date_gmt":"2023-11-15T20:18:35","guid":{"rendered":"https:\/\/newyorkhipknee.com\/contacto\/babylon-mejor-cirujano-de-protesis-de-cadera-y-rodilla\/west-islip-nueva-york\/"},"modified":"2023-11-15T15:18:35","modified_gmt":"2023-11-15T20:18:35","slug":"west-islip-nueva-york","status":"publish","type":"page","link":"https:\/\/www.newyorkhipknee.com\/es\/contacto\/babylon-mejor-cirujano-de-protesis-de-cadera-y-rodilla\/west-islip-nueva-york\/","title":{"rendered":"West Islip, Nueva York"},"content":{"rendered":"<h1>Centro Ortop\u00e9dico del Dr. Nakul Karkare: Su socio local para el cuidado ortop\u00e9dico, Sirviendo Babylon a West Islip, NY<\/h1>\n<p>Bienvenido al Centro Ortop\u00e9dico del Dr. Nakul Karkare, su fuente dedicada a la atenci\u00f3n ortop\u00e9dica de alta calidad, que se extiende sin problemas desde Babylon a la acogedora comunidad de West Islip, Nueva York. Nos sentimos honrados de ser su centro ortop\u00e9dico local de confianza, comprometido a mejorar el bienestar de los residentes y las personas en esta pr\u00f3spera regi\u00f3n.<\/p>\n<p>En el Centro Ortop\u00e9dico del Dr. Nakul Karkare, nuestra misi\u00f3n es inquebrantable: proporcionar una atenci\u00f3n ortop\u00e9dica integral, compasiva y avanzada. Reconocemos el papel fundamental que desempe\u00f1a la salud ortop\u00e9dica en su vida diaria.<\/p>\n<p>Tanto si est\u00e1 en v\u00edas de recuperarse de una lesi\u00f3n, como si est\u00e1 tratando afecciones musculoesquel\u00e9ticas cr\u00f3nicas o buscando orientaci\u00f3n para optimizar su bienestar ortop\u00e9dico, nuestro equipo de expertos est\u00e1 aqu\u00ed para guiarle hacia una movilidad mejorada y una vida libre de molestias.<\/p>\n<p>Nuestra presencia conecta a la perfecci\u00f3n Babylon con West Islip, garantiz\u00e1ndole un c\u00f3modo acceso a nuestros excepcionales servicios ortop\u00e9dicos. A trav\u00e9s de nuestro blog informativo y recursos educativos, nuestro objetivo es brindarle informaci\u00f3n valiosa, las \u00faltimas innovaciones en tratamientos ortop\u00e9dicos y consejos pr\u00e1cticos para ayudarlo a llevar un estilo de vida activo y sin dolor.<\/p>\n<p>&nbsp;<\/p>\n<h2>Estamos encantados de ofrecer estos amplios servicios ortop\u00e9dicos en West Islip, NY:<\/h2>\n<h2><a role=\"link\" href=\"https:\/\/newyorkhipknee.com\/custom-knee-replacement-surgery\/\" target=\"_blank\" rel=\"noopener\">Sustituci\u00f3n individualizada de rodilla:<\/a><\/h2>\n<p>&#8211; La pr\u00f3tesis de rodilla personalizada es un procedimiento quir\u00fargico avanzado que consiste en sustituir una articulaci\u00f3n de rodilla da\u00f1ada por un implante artificial especialmente dise\u00f1ado y adaptado meticulosamente a la estructura anat\u00f3mica \u00fanica del paciente.<br \/>\n&#8211; Este implante se elabora de forma intrincada utilizando tecnolog\u00eda de imagen de vanguardia, que crea un modelo tridimensional de la articulaci\u00f3n de la rodilla del paciente. Posteriormente, se elabora meticulosamente un implante a medida para que se adapte perfectamente a la rodilla del paciente.<br \/>\n&#8211; Este procedimiento se recomienda a las personas que padecen dolor intenso, rigidez e inflamaci\u00f3n de rodilla, lo que limita considerablemente sus actividades cotidianas y su calidad de vida.<br \/>\n&#8211; La pr\u00f3tesis de rodilla individualizada puede aliviar eficazmente el dolor, mejorar la movilidad y elevar la calidad de vida general de los pacientes con problemas en la articulaci\u00f3n de la rodilla.<br \/>\n&#8211; El Dr. Karkare posee un dominio excepcional de las t\u00e9cnicas quir\u00fargicas m\u00ednimamente invasivas para la sustituci\u00f3n articular. Emplea m\u00e9todos innovadores y tecnolog\u00eda de vanguardia para garantizar la colocaci\u00f3n precisa de los componentes de los implantes a trav\u00e9s de incisiones m\u00e1s peque\u00f1as que preservan los tejidos.<br \/>\n&#8211; Los pacientes que se someten a una artroplastia de rodilla personalizada pueden esperar una reducci\u00f3n del dolor, una recuperaci\u00f3n m\u00e1s r\u00e1pida y una mejora de la amplitud de movimiento en comparaci\u00f3n con las artroplastias tradicionales.<\/p>\n<p>&nbsp;<\/p>\n<h2><a role=\"link\" href=\"https:\/\/newyorkhipknee.com\/hip-replacement-surgery\/\" target=\"_blank\" rel=\"noopener\">Pr\u00f3tesis de cadera:<\/a><\/h2>\n<p>&#8211; La artroplastia de cadera es un sofisticado procedimiento quir\u00fargico que consiste en sustituir una articulaci\u00f3n de cadera disfuncional por un implante artificial meticulosamente dise\u00f1ado, que reproduce de forma art\u00edstica la estructura y funci\u00f3n naturales de la articulaci\u00f3n de la cadera. Esto permite a los pacientes recuperar la movilidad y encontrar alivio a las molestias.<br \/>\n&#8211; Este procedimiento se recomienda a las personas que padecen dolor intenso de cadera, rigidez e inflamaci\u00f3n, que dificultan considerablemente sus actividades cotidianas y su calidad de vida.<br \/>\n&#8211; El Dr. Karkare est\u00e1 altamente cualificado en la utilizaci\u00f3n tanto de t\u00e9cnicas quir\u00fargicas tradicionales \u00ababiertas\u00bb como de abordajes m\u00ednimamente invasivos para la cirug\u00eda de pr\u00f3tesis de cadera.<br \/>\n&#8211; Los pacientes que se someten a una artroplastia de cadera pueden esperar una disminuci\u00f3n del dolor, una recuperaci\u00f3n acelerada y una mejora de la amplitud de movimiento en comparaci\u00f3n con su estado antes de la intervenci\u00f3n.<br \/>\n&#8211; El Dr. Karkare emplea t\u00e9cnicas de vanguardia y tecnolog\u00eda punta para garantizar la colocaci\u00f3n precisa de los componentes del implante a trav\u00e9s de incisiones m\u00e1s peque\u00f1as que preservan los tejidos.<\/p>\n<h2>Ventajas de la pr\u00f3tesis personalizada de rodilla y cadera:<\/h2>\n<p>&#8211; Alivio del dolor y las molestias articulares causados por da\u00f1os.<br \/>\n&#8211; Mayor movilidad y amplitud de movimiento.<br \/>\n&#8211; Mejora de la calidad de vida en general.<br \/>\n&#8211; Recuperaci\u00f3n m\u00e1s r\u00e1pida en comparaci\u00f3n con los m\u00e9todos quir\u00fargicos tradicionales.<br \/>\n&#8211; Utilizaci\u00f3n de t\u00e9cnicas quir\u00fargicas m\u00ednimamente invasivas para reducir el dolor y acelerar la recuperaci\u00f3n.<br \/>\n&#8211; Colocaci\u00f3n precisa de los componentes del implante a trav\u00e9s de incisiones m\u00e1s peque\u00f1as que conservan los tejidos.<br \/>\n&#8211; Implantes personalizados adaptados a la anatom\u00eda \u00fanica del paciente, lo que permite obtener resultados superiores.<\/p>\n<p>El Dr. Karkare est\u00e1 profundamente comprometido con la prestaci\u00f3n de servicios integrales para las personas que se enfrentan a una serie de afecciones musculoesquel\u00e9ticas. Entiende el profundo impacto que los problemas ortop\u00e9dicos y las lesiones pueden tener en la vida cotidiana, y se dedica a ayudar a los pacientes a recuperar la movilidad, aliviar el dolor y mejorar su calidad de vida en general. Las consultas est\u00e1n disponibles en varios lugares de Manhattan y Long Island, Nueva York, ofreciendo a los pacientes la flexibilidad de elegir el lugar m\u00e1s conveniente para una consulta sin compromiso.<\/p>\n<p>Si padece dolor articular, rigidez, inflamaci\u00f3n o ha sufrido una lesi\u00f3n, no dude en ponerse en contacto con nosotros. Nuestro equipo de especialistas est\u00e1 aqu\u00ed para facilitarle la vuelta a las actividades que le gustan. Somos sus vecinos y su bienestar es nuestra m\u00e1xima prioridad. Perm\u00edtanos guiarle en su viaje hacia una mejor salud ortop\u00e9dica.<\/p>\n<p>&nbsp;<\/p>\n<h1>Acerca de West Islip<\/h1>\n<p>West Islip, NY es una aldea y lugar designado por el censo (CDP) ubicado en la ciudad de Islip en el condado de Suffolk, Nueva York, Estados Unidos. La ciudad tiene una rica historia, una cultura vibrante y una industria tur\u00edstica en crecimiento. En este art\u00edculo, exploraremos la historia, la cultura y el turismo de West Islip, Nueva York.<\/p>\n<p>&nbsp;<\/p>\n<p><strong>Historia de West Islip, NY<\/strong><\/p>\n<p>West Islip, Nueva York, fue fundada en 1683 y fue principalmente una comunidad agr\u00edcola hasta mediados del siglo XIX, cuando la finalizaci\u00f3n del ferrocarril de Long Island trajo viajeros a la zona. Hoy en d\u00eda, West Islip tiene su propio departamento de bomberos, oficina de correos, biblioteca p\u00fablica y Hospital del Buen Samaritano.<\/p>\n<p>&nbsp;<\/p>\n<p><strong>Cultura de West Islip, NY<\/strong><\/p>\n<p>West Islip, Nueva York, tiene una rica historia cultural, y la ciudad ha sido el hogar de varios artistas y escritores de renombre mundial a lo largo de los a\u00f1os. La ciudad tambi\u00e9n alberga una serie de museos e instituciones culturales, incluida la Biblioteca P\u00fablica de West Islip, que mantiene una gran colecci\u00f3n de libros, artefactos e im\u00e1genes relacionadas con la historia de West Islip.<\/p>\n<p>La ciudad tambi\u00e9n es conocida por sus hermosos parques y reservas naturales, incluida la Reserva del Parque Estatal del R\u00edo Connetquot, que ofrece rutas de senderismo y oportunidades de observaci\u00f3n de aves. Los visitantes pueden explorar la belleza natural de la ciudad y disfrutar de la paz y la tranquilidad del aire libre.<\/p>\n<p>&nbsp;<\/p>\n<p><strong>Turismo en West Islip, NY<\/strong><\/p>\n<p>West Islip, Nueva York, es un destino tur\u00edstico en crecimiento, gracias en parte a sus hermosos parques, pueblos encantadores y un rico patrimonio cultural. La ciudad alberga una serie de atracciones que atraen a visitantes de todo el mundo.<\/p>\n<p>Una de las atracciones m\u00e1s populares de West Islip es la Reserva del Parque Estatal del R\u00edo Connetquot, que ofrece rutas de senderismo y oportunidades de observaci\u00f3n de aves. Los visitantes pueden explorar la belleza natural de la ciudad y disfrutar de la paz y la tranquilidad del aire libre.<\/p>\n<p>Otra atracci\u00f3n popular en West Islip es la Biblioteca P\u00fablica de West Islip, que ofrece una variedad de programas y eventos durante todo el a\u00f1o. Los visitantes pueden asistir a conferencias, talleres y otros eventos culturales en la biblioteca.<\/p>\n<p>West Islip tambi\u00e9n alberga una serie de hermosas playas, incluido el Parque Estatal Robert Moses, que ofrece impresionantes vistas del Oc\u00e9ano Atl\u00e1ntico. Los visitantes pueden nadar, tomar el sol y disfrutar de diversos deportes acu\u00e1ticos en las playas de la ciudad.<\/p>\n<p>&nbsp;<\/p>\n<p><strong>Conclusi\u00f3n<\/strong><\/p>\n<p>West Islip, Nueva York, es una ciudad con una rica historia, una cultura vibrante y una industria tur\u00edstica en crecimiento. Los visitantes de la ciudad pueden explorar sus museos e instituciones culturales, disfrutar de sus hermosos parques y reservas naturales, y relajarse en sus impresionantes playas. Ya sea que sea un aficionado a la historia, un amante de la naturaleza o un amante de la playa, West Islip tiene algo que ofrecer a todos.<\/p>\n<p>&nbsp;<\/p>\n<h2>Indicaciones<\/h2>\n<p>Aqu\u00ed est\u00e1n las instrucciones desde West Islip, NY para Complete Orthopedics en 46 Little East Neck Rd Unit A, Babylon, NY 11702:<\/p>\n<p>1. Dir\u00edjase hacia el este por Union Blvd hacia 5th Ave.<br \/>\n2. Gire a la izquierda en 5th Ave.<br \/>\n3. Gire a la derecha en Udall Rd.<br \/>\n4. Gire a la izquierda en NY-27A E\/Montauk Hwy.<br \/>\n5. Gire a la derecha en Little East Neck Rd N.<br \/>\n6. La ortopedia completa estar\u00e1 a la izquierda en 46 Little East Neck Rd Unidad A.<\/p>\n<p>La distancia total en coche es de aproximadamente 5 millas y deber\u00eda tomar alrededor de 10 minutos, dependiendo del tr\u00e1fico.<\/p>\n<p>&nbsp;<\/p>\n<h2>Atenci\u00f3n m\u00e9dica cerca de West Islip<\/h2>\n<p><strong>Farmacias<\/strong><\/p>\n<p>1. Farmacia CVS &#8211; 400 Union Blvd, West Islip, NY 11795<br \/>\n2. Farmacia Walgreens &#8211; 400 Union Blvd, West Islip, NY 11795<br \/>\n3. Farmacia Rite Aid &#8211; 400 Union Blvd, West Islip, NY 11795<\/p>\n<p>&nbsp;<\/p>\n<p><strong>Centros de Radiolog\u00eda<\/strong><\/p>\n<p>1. Centro M\u00e9dico del Hospital Buen Samaritano: Servicios de Diagn\u00f3stico por Imagen &#8211; 1000 Montauk Hwy, West Islip, NY 11795<br \/>\n2. Radiolog\u00eda Lenox Hill &#8211; 1161 Montauk Hwy, West Islip, NY 11795<br \/>\n3. Radiolog\u00eda del Hospital Southside &#8211; 301 E Main St, Bay Shore, NY 11706<\/p>\n<p>&nbsp;<\/p>\n<p><strong>Centros de Atenci\u00f3n de Urgencia<\/strong><\/p>\n<p>1. Northwell Health-GoHealth Urgent Care &#8211; 434 Union Blvd, West Islip, NY 11795<br \/>\n2. ProHEALTH Urgent Care &#8211; 725 Sunrise Hwy, West Islip, NY 11795<br \/>\n3. Stat Health Immediate Medical Care &#8211; 597 Montauk Hwy, West Babylon, NY 11704<\/p>\n<p>&nbsp;<\/p>\n<p><strong>Hospitales<\/strong><\/p>\n<p>1. Hospital Universitario Buen Samaritano &#8211; 1000 Montauk Hwy, West Islip, NY 11795<br \/>\n2. Southside Hospital &#8211; 301 E Main St, Bay Shore, NY 11706<br \/>\n3. Centro M\u00e9dico del Hospital Brookhaven Memorial &#8211; 101 Hospital Rd, Patchogue, NY 11772<\/p>\n<p>Nota: La informaci\u00f3n proporcionada es precisa a partir de octubre de 2023. Siempre se recomienda verificar la informaci\u00f3n antes de visitar cualquiera de las ubicaciones.<\/p>\n<div class=\"Hhmu2e wDYxhc NFQFxe viOShc LKPcQc\" lang=\"en-US\" data-md=\"16\" data-hveid=\"CAYQAA\" data-ved=\"2ahUKEwiQntWN7ciBAxXqFjQIHQhQAVcQhyh6BAgGEAA\">\n<div class=\"Ftghae iirjIb DaSCDf GUV4E\">\n<div class=\"SPZz6b\">\n<div class=\"wDYxhc\" lang=\"en-US\" data-attrid=\"kc:\/local:lu attribute list\" data-md=\"205\" data-hveid=\"CAcQAA\" data-ved=\"2ahUKEwjWh9eg7ciBAxXvHjQIHbP2A-MQ1rkBegQIBxAA\">\n<div class=\"TLYLSe MaBy9\">\n<div class=\"CJQ04\"><\/div>\n<\/div>\n<\/div>\n<div class=\"SALvLe farUxc mJ2Mod\">\n<div class=\"i4J0ge\">\n<div class=\"EfDVh wDYxhc\" lang=\"en-US\" data-attrid=\"kc:\/location\/location:address\" data-md=\"1002\" data-hveid=\"CBsQAA\" data-ved=\"2ahUKEwiQntWN7ciBAxXqFjQIHQhQAVcQkCl6BAgbEAA\">\n<div class=\"Z1hOCe\">\n<div class=\"zloOqf PZPZlf\" data-dtype=\"d3ifr\" data-local-attribute=\"d3adr\" data-mid=\"\/g\/11clwj_5z0\" data-ved=\"2ahUKEwiQntWN7ciBAxXqFjQIHQhQAVcQghwoAHoECBsQAQ\">\n<div class=\"GnGVVe\"><\/div>\n<div class=\"GDRHkb\" data-at=\"2\" data-uid=\"1\">Estamos realmente orgullosos de la atenci\u00f3n ortop\u00e9dica integral que ofrecemos a los pacientes de varios hospitales y centros de atenci\u00f3n de urgencia aqu\u00ed en nuestra comunidad, incluidos los que mencionamos anteriormente.<\/div>\n<\/div>\n<\/div>\n<\/div>\n<\/div>\n<\/div>\n<\/div>\n<\/div>\n<\/div>\n<p>Ya sea que haya sido referido a nosotros para un tratamiento ortop\u00e9dico o simplemente tenga preguntas o inquietudes sobre su salud ortop\u00e9dica, no dude en ponerse en contacto con nuestro equipo dedicado las 24 horas del d\u00eda, los 7 d\u00edas de la semana. Estamos aqu\u00ed para ayudarlo con prontitud y compasi\u00f3n genuina.<\/p>\n<p>Entendemos que muchas personas acuden a los centros de atenci\u00f3n de urgencia y hospitales por lesiones relacionadas con la compensaci\u00f3n laboral y el seguro sin culpa. Si su lesi\u00f3n no requiere una visita al hospital, estaremos encantados de proporcionarle un tratamiento ortop\u00e9dico experto adaptado a su situaci\u00f3n espec\u00edfica. No dude en comunicarse con nosotros al 631-981-2663 para programar una cita con nosotros hoy. Su bienestar es nuestra principal prioridad, y estamos aqu\u00ed para apoyarlo en su camino hacia la recuperaci\u00f3n.<\/p>\n","protected":false},"excerpt":{"rendered":"<p>Centro Ortop\u00e9dico del Dr. Nakul Karkare: Su socio local para el cuidado ortop\u00e9dico, Sirviendo Babylon a West Islip, NY Bienvenido al Centro Ortop\u00e9dico del Dr. Nakul Karkare, su fuente dedicada a la atenci\u00f3n ortop\u00e9dica de alta calidad, que se extiende sin problemas desde Babylon a la acogedora comunidad de West Islip, Nueva York. Nos sentimos [&hellip;]<\/p>\n","protected":false},"author":33,"featured_media":0,"parent":16523,"menu_order":0,"comment_status":"closed","ping_status":"closed","template":"","meta":{"_et_pb_use_builder":"","_et_pb_old_content":"","_et_gb_content_width":"","footnotes":""},"class_list":["post-20870","page","type-page","status-publish","hentry"],"yoast_head":"<!-- This site is optimized with the Yoast SEO plugin v27.2 - https:\/\/yoast.com\/product\/yoast-seo-wordpress\/ -->\n<title>West Islip, Nueva York | Best Hip &amp; Knee Surgeon | NY, USA<\/title>\n<meta name=\"description\" content=\"Centro Ortop\u00e9dico del Dr. Nakul Karkare: Su socio local para el cuidado ortop\u00e9dico, Sirviendo Babylon a West Islip, NY Bienvenido al Centro Ortop\u00e9dico del\" \/>\n<meta name=\"robots\" content=\"index, follow, max-snippet:-1, max-image-preview:large, max-video-preview:-1\" \/>\n<link rel=\"canonical\" href=\"https:\/\/www.newyorkhipknee.com\/es\/contacto\/babylon-mejor-cirujano-de-protesis-de-cadera-y-rodilla\/west-islip-nueva-york\/\" \/>\n<meta property=\"og:locale\" content=\"es_ES\" \/>\n<meta property=\"og:type\" content=\"article\" \/>\n<meta property=\"og:title\" content=\"West Islip, Nueva York | Best Hip &amp; Knee Surgeon | NY, USA\" \/>\n<meta property=\"og:description\" content=\"Centro Ortop\u00e9dico del Dr. Nakul Karkare: Su socio local para el cuidado ortop\u00e9dico, Sirviendo Babylon a West Islip, NY Bienvenido al Centro Ortop\u00e9dico del\" \/>\n<meta property=\"og:url\" content=\"https:\/\/www.newyorkhipknee.com\/es\/contacto\/babylon-mejor-cirujano-de-protesis-de-cadera-y-rodilla\/west-islip-nueva-york\/\" \/>\n<meta property=\"og:site_name\" content=\"Best Hip &amp; Knee Surgeon | NY, USA\" \/>\n<meta name=\"twitter:card\" content=\"summary_large_image\" \/>\n<meta name=\"twitter:label1\" content=\"Tiempo de lectura\" \/>\n\t<meta name=\"twitter:data1\" content=\"10 minutos\" \/>\n<script type=\"application\/ld+json\" class=\"yoast-schema-graph\">{\"@context\":\"https:\/\/schema.org\",\"@graph\":[{\"@type\":[\"WebPage\",\"MedicalWebPage\"],\"@id\":\"https:\/\/www.newyorkhipknee.com\/es\/contacto\/babylon-mejor-cirujano-de-protesis-de-cadera-y-rodilla\/west-islip-nueva-york\/\",\"url\":\"https:\/\/www.newyorkhipknee.com\/es\/contacto\/babylon-mejor-cirujano-de-protesis-de-cadera-y-rodilla\/west-islip-nueva-york\/\",\"name\":\"West Islip, Nueva York | Best Hip &amp; Knee Surgeon | NY, USA\",\"isPartOf\":{\"@id\":\"https:\/\/www.newyorkhipknee.com\/es\/#website\"},\"datePublished\":\"2023-11-15T20:18:35+00:00\",\"description\":\"Centro Ortop\u00e9dico del Dr. Nakul Karkare: Su socio local para el cuidado ortop\u00e9dico, Sirviendo Babylon a West Islip, NY Bienvenido al Centro Ortop\u00e9dico del\",\"breadcrumb\":{\"@id\":\"https:\/\/www.newyorkhipknee.com\/es\/contacto\/babylon-mejor-cirujano-de-protesis-de-cadera-y-rodilla\/west-islip-nueva-york\/#breadcrumb\"},\"inLanguage\":\"es\",\"potentialAction\":[{\"@type\":\"ReadAction\",\"target\":[\"https:\/\/www.newyorkhipknee.com\/es\/contacto\/babylon-mejor-cirujano-de-protesis-de-cadera-y-rodilla\/west-islip-nueva-york\/\"]}]},{\"@type\":\"BreadcrumbList\",\"@id\":\"https:\/\/www.newyorkhipknee.com\/es\/contacto\/babylon-mejor-cirujano-de-protesis-de-cadera-y-rodilla\/west-islip-nueva-york\/#breadcrumb\",\"itemListElement\":[{\"@type\":\"ListItem\",\"position\":1,\"name\":\"Home\",\"item\":\"https:\/\/www.newyorkhipknee.com\/es\/\"},{\"@type\":\"ListItem\",\"position\":2,\"name\":\"Contacto\",\"item\":\"https:\/\/www.newyorkhipknee.com\/es\/contacto\/\"},{\"@type\":\"ListItem\",\"position\":3,\"name\":\"Babylon &#8211; Mejor cirujano de pr\u00f3tesis de cadera y rodilla\",\"item\":\"https:\/\/www.newyorkhipknee.com\/es\/contacto\/babylon-mejor-cirujano-de-protesis-de-cadera-y-rodilla\/\"},{\"@type\":\"ListItem\",\"position\":4,\"name\":\"West Islip, Nueva York\"}]},{\"@type\":\"WebSite\",\"@id\":\"https:\/\/www.newyorkhipknee.com\/es\/#website\",\"url\":\"https:\/\/www.newyorkhipknee.com\/es\/\",\"name\":\"Best Hip & Knee Surgeon | NY, USA\",\"description\":\"\",\"potentialAction\":[{\"@type\":\"SearchAction\",\"target\":{\"@type\":\"EntryPoint\",\"urlTemplate\":\"https:\/\/www.newyorkhipknee.com\/es\/?s={search_term_string}\"},\"query-input\":{\"@type\":\"PropertyValueSpecification\",\"valueRequired\":true,\"valueName\":\"search_term_string\"}}],\"inLanguage\":\"es\"}]}<\/script>\n<!-- \/ Yoast SEO plugin. -->","yoast_head_json":{"title":"West Islip, Nueva York | Best Hip &amp; Knee Surgeon | NY, USA","description":"Centro Ortop\u00e9dico del Dr. Nakul Karkare: Su socio local para el cuidado ortop\u00e9dico, Sirviendo Babylon a West Islip, NY Bienvenido al Centro Ortop\u00e9dico del","robots":{"index":"index","follow":"follow","max-snippet":"max-snippet:-1","max-image-preview":"max-image-preview:large","max-video-preview":"max-video-preview:-1"},"canonical":"https:\/\/www.newyorkhipknee.com\/es\/contacto\/babylon-mejor-cirujano-de-protesis-de-cadera-y-rodilla\/west-islip-nueva-york\/","og_locale":"es_ES","og_type":"article","og_title":"West Islip, Nueva York | Best Hip &amp; Knee Surgeon | NY, USA","og_description":"Centro Ortop\u00e9dico del Dr. Nakul Karkare: Su socio local para el cuidado ortop\u00e9dico, Sirviendo Babylon a West Islip, NY Bienvenido al Centro Ortop\u00e9dico del","og_url":"https:\/\/www.newyorkhipknee.com\/es\/contacto\/babylon-mejor-cirujano-de-protesis-de-cadera-y-rodilla\/west-islip-nueva-york\/","og_site_name":"Best Hip &amp; Knee Surgeon | NY, USA","twitter_card":"summary_large_image","twitter_misc":{"Tiempo de lectura":"10 minutos"},"schema":{"@context":"https:\/\/schema.org","@graph":[{"@type":["WebPage","MedicalWebPage"],"@id":"https:\/\/www.newyorkhipknee.com\/es\/contacto\/babylon-mejor-cirujano-de-protesis-de-cadera-y-rodilla\/west-islip-nueva-york\/","url":"https:\/\/www.newyorkhipknee.com\/es\/contacto\/babylon-mejor-cirujano-de-protesis-de-cadera-y-rodilla\/west-islip-nueva-york\/","name":"West Islip, Nueva York | Best Hip &amp; Knee Surgeon | NY, USA","isPartOf":{"@id":"https:\/\/www.newyorkhipknee.com\/es\/#website"},"datePublished":"2023-11-15T20:18:35+00:00","description":"Centro Ortop\u00e9dico del Dr. Nakul Karkare: Su socio local para el cuidado ortop\u00e9dico, Sirviendo Babylon a West Islip, NY Bienvenido al Centro Ortop\u00e9dico del","breadcrumb":{"@id":"https:\/\/www.newyorkhipknee.com\/es\/contacto\/babylon-mejor-cirujano-de-protesis-de-cadera-y-rodilla\/west-islip-nueva-york\/#breadcrumb"},"inLanguage":"es","potentialAction":[{"@type":"ReadAction","target":["https:\/\/www.newyorkhipknee.com\/es\/contacto\/babylon-mejor-cirujano-de-protesis-de-cadera-y-rodilla\/west-islip-nueva-york\/"]}]},{"@type":"BreadcrumbList","@id":"https:\/\/www.newyorkhipknee.com\/es\/contacto\/babylon-mejor-cirujano-de-protesis-de-cadera-y-rodilla\/west-islip-nueva-york\/#breadcrumb","itemListElement":[{"@type":"ListItem","position":1,"name":"Home","item":"https:\/\/www.newyorkhipknee.com\/es\/"},{"@type":"ListItem","position":2,"name":"Contacto","item":"https:\/\/www.newyorkhipknee.com\/es\/contacto\/"},{"@type":"ListItem","position":3,"name":"Babylon &#8211; Mejor cirujano de pr\u00f3tesis de cadera y rodilla","item":"https:\/\/www.newyorkhipknee.com\/es\/contacto\/babylon-mejor-cirujano-de-protesis-de-cadera-y-rodilla\/"},{"@type":"ListItem","position":4,"name":"West Islip, Nueva York"}]},{"@type":"WebSite","@id":"https:\/\/www.newyorkhipknee.com\/es\/#website","url":"https:\/\/www.newyorkhipknee.com\/es\/","name":"Best Hip & Knee Surgeon | NY, USA","description":"","potentialAction":[{"@type":"SearchAction","target":{"@type":"EntryPoint","urlTemplate":"https:\/\/www.newyorkhipknee.com\/es\/?s={search_term_string}"},"query-input":{"@type":"PropertyValueSpecification","valueRequired":true,"valueName":"search_term_string"}}],"inLanguage":"es"}]}},"_links":{"self":[{"href":"https:\/\/www.newyorkhipknee.com\/es\/wp-json\/wp\/v2\/pages\/20870","targetHints":{"allow":["GET"]}}],"collection":[{"href":"https:\/\/www.newyorkhipknee.com\/es\/wp-json\/wp\/v2\/pages"}],"about":[{"href":"https:\/\/www.newyorkhipknee.com\/es\/wp-json\/wp\/v2\/types\/page"}],"author":[{"embeddable":true,"href":"https:\/\/www.newyorkhipknee.com\/es\/wp-json\/wp\/v2\/users\/33"}],"replies":[{"embeddable":true,"href":"https:\/\/www.newyorkhipknee.com\/es\/wp-json\/wp\/v2\/comments?post=20870"}],"version-history":[{"count":0,"href":"https:\/\/www.newyorkhipknee.com\/es\/wp-json\/wp\/v2\/pages\/20870\/revisions"}],"up":[{"embeddable":true,"href":"https:\/\/www.newyorkhipknee.com\/es\/wp-json\/wp\/v2\/pages\/16523"}],"wp:attachment":[{"href":"https:\/\/www.newyorkhipknee.com\/es\/wp-json\/wp\/v2\/media?parent=20870"}],"curies":[{"name":"wp","href":"https:\/\/api.w.org\/{rel}","templated":true}]}}