{"id":20872,"date":"2023-11-29T13:37:43","date_gmt":"2023-11-29T18:37:43","guid":{"rendered":"https:\/\/newyorkhipknee.com\/contacto\/bayside-mejor-cirujano-de-reemplazo-de-rodilla-y-cadera\/hempstead-nueva-york\/"},"modified":"2023-11-29T13:37:43","modified_gmt":"2023-11-29T18:37:43","slug":"hempstead-nueva-york","status":"publish","type":"page","link":"https:\/\/www.newyorkhipknee.com\/es\/contacto\/bayside-mejor-cirujano-de-reemplazo-de-rodilla-y-cadera\/hempstead-nueva-york\/","title":{"rendered":"Hempstead, Nueva York"},"content":{"rendered":"<p>Bienvenido al Centro Ortop\u00e9dico del Dr. Nakul Karkare, donde nos enorgullecemos de ofrecer servicios ortop\u00e9dicos excepcionales, y estamos encantados de llevar nuestra atenci\u00f3n a la comunidad de Hempstead.<\/p>\n<p>Ubicado en Bayside, NY, nuestro equipo de especialistas ortop\u00e9dicos experimentados se dedica a ayudarle a recuperar la movilidad, aliviar el dolor y mejorar su bienestar ortop\u00e9dico general.<\/p>\n<p>Nuestra gama de servicios ortop\u00e9dicos est\u00e1 dise\u00f1ada para abordar un espectro de afecciones y lesiones musculoesquel\u00e9ticas. Si usted est\u00e1 navegando a trav\u00e9s de dolor en las articulaciones, lesiones relacionadas con el deporte, fracturas, u otros problemas ortop\u00e9dicos, nuestro competente equipo est\u00e1 aqu\u00ed para proporcionar una atenci\u00f3n personalizada y opciones de tratamiento a medida.<\/p>\n<p>Descubra una completa gama de servicios, entre los que se incluyen:<\/p>\n<ul>\n<li>Consultas y evaluaciones ortop\u00e9dicas<\/li>\n<li>Diagn\u00f3stico por imagen, que incluye radiograf\u00edas y resonancias magn\u00e9ticas.<\/li>\n<li>Intervenciones no quir\u00fargicas como fisioterapia e inyecciones<\/li>\n<li>Procedimientos ortop\u00e9dicos m\u00ednimamente invasivos<\/li>\n<li>Intervenciones quir\u00fargicas, cuando sean necesarias, realizadas por cirujanos ortop\u00e9dicos expertos.<\/li>\n<\/ul>\n<p>Por qu\u00e9 elegirnos:<\/p>\n<ol>\n<li>Especialistas experimentados: Nuestro equipo est\u00e1 formado por cirujanos ortop\u00e9dicos titulados, fisioterapeutas y profesionales m\u00e9dicos experimentados dedicados a su cuidado.<\/li>\n<li>Cuidado Hol\u00edstico: Ofrecemos un enfoque integral de la atenci\u00f3n ortop\u00e9dica, desde diagn\u00f3sticos precisos hasta planes de tratamiento personalizados, convenientemente ubicados cerca de Hempstead, NY.<\/li>\n<li>Instalaciones de vanguardia: Nuestras modernas instalaciones cuentan con tecnolog\u00eda avanzada, lo que garantiza que reciba la mejor atenci\u00f3n.<\/li>\n<li>Enfoque centrado en el paciente: Su bienestar es nuestra m\u00e1xima prioridad, y nos comprometemos a garantizar que su viaje ortop\u00e9dico sea fluido y compasivo.<\/li>\n<\/ol>\n<p>&nbsp;<\/p>\n<p>El reemplazo personalizado de rodilla y el reemplazo total de cadera son procedimientos ortop\u00e9dicos avanzados destinados a tratar problemas articulares graves. El Dr. Nakul Karkare destaca como la mejor opci\u00f3n para estos procedimientos debido a su amplia experiencia, conocimientos y compromiso con la atenci\u00f3n centrada en el paciente.<\/p>\n<p><a href=\"https:\/\/newyorkhipknee.com\/custom-knee-replacement-surgery\/\" target=\"_blank\" rel=\"noopener\"><strong>Reemplazo de rodilla personalizado:<\/strong><\/a><\/p>\n<p><em>\u00bfQu\u00e9 es?<\/em>  La artroplastia de rodilla a medida, tambi\u00e9n conocida como artroplastia de rodilla personalizada, es una soluci\u00f3n a medida para las personas que sufren dolor intenso de rodilla, rigidez e inflamaci\u00f3n que dificultan considerablemente sus actividades cotidianas. Las afecciones que conducen a este procedimiento pueden ser la artrosis, la artritis reumatoide, las lesiones traum\u00e1ticas o los trastornos degenerativos de la articulaci\u00f3n de la rodilla.<\/p>\n<p><em>Procedimiento:<\/em> Esta intervenci\u00f3n quir\u00fargica consiste en sustituir la articulaci\u00f3n da\u00f1ada de la rodilla por un implante artificial meticulosamente elaborado y personalizado seg\u00fan la anatom\u00eda \u00fanica del paciente. Una avanzada tecnolog\u00eda de imagen genera un modelo 3D de la articulaci\u00f3n de la rodilla, lo que garantiza un ajuste personalizado. El procedimiento, realizado bajo anestesia, da prioridad a la comodidad del paciente.<\/p>\n<p><em>\u00bfPor qu\u00e9 el Dr. Nakul Karkare?<\/em>  El Dr. Karkare est\u00e1 especializado en t\u00e9cnicas quir\u00fargicas m\u00ednimamente invasivas, que garantizan una colocaci\u00f3n precisa de los implantes a trav\u00e9s de incisiones m\u00e1s peque\u00f1as que preservan los tejidos. Su compromiso de mantenerse a la vanguardia de los avances ortop\u00e9dicos garantiza que los pacientes experimenten molestias m\u00ednimas, recuperaciones r\u00e1pidas y alivio de las afecciones musculoesquel\u00e9ticas.<\/p>\n<p><a href=\"https:\/\/newyorkhipknee.com\/hip-replacement-surgery\/\" target=\"_blank\" rel=\"noopener\"><strong>Reemplazo total de cadera:<\/strong><\/a><\/p>\n<p><em>Qui\u00e9n puede beneficiarse:<\/em> La artroplastia total de cadera se recomienda a las personas que sufren dolor intenso, rigidez e inflamaci\u00f3n de la cadera, a menudo debido a artrosis, artritis reumatoide, necrosis avascular o fracturas de cadera.<\/p>\n<p><em>Intervenci\u00f3n:<\/em> Esta maravilla quir\u00fargica consiste en la sustituci\u00f3n de una articulaci\u00f3n de cadera da\u00f1ada por un implante artificial meticulosamente dise\u00f1ado para replicar la estructura y funci\u00f3n de la articulaci\u00f3n de cadera natural. Al igual que la artroplastia de rodilla, esta intervenci\u00f3n se realiza bajo anestesia, lo que garantiza la comodidad del paciente.<\/p>\n<p><em>\u00bfPor qu\u00e9 el Dr. Nakul Karkare?<\/em>  El Dr. Karkare utiliza t\u00e9cnicas quir\u00fargicas innovadoras y tecnolog\u00eda de vanguardia para la colocaci\u00f3n precisa de implantes, lo que conduce a la reducci\u00f3n del dolor y la mejora de la amplitud de movimiento en comparaci\u00f3n con las condiciones previas a la cirug\u00eda. Su afiliaci\u00f3n a centros m\u00e9dicos de renombre y su pertenencia al consejo asesor de la FDA subrayan su compromiso de ofrecer a los pacientes la m\u00e1s amplia gama de opciones de tratamiento seguras y eficaces.<\/p>\n<p>En resumen, la experiencia del Dr. Nakul Karkare, su compromiso con la innovaci\u00f3n y su enfoque centrado en el paciente lo convierten en la mejor opci\u00f3n para el reemplazo personalizado de rodilla y el reemplazo total de cadera, lo que garantiza los mejores resultados posibles para los pacientes que buscan alivio de los problemas articulares de rodilla y cadera.<\/p>\n<p>&nbsp;<\/p>\n<h2>Hempstead, Nueva York: Desvelando el rico tapiz de historia, cultura, demograf\u00eda y turismo<\/h2>\n<p>Emb\u00e1rquese en un viaje por Hempstead, Nueva York, una ciudad situada en el condado de Nassau, en Long Island, famosa por su apasionante historia, su dinamismo cultural, su diversidad demogr\u00e1fica y sus atractivos para turistas y visitantes. Esta exploraci\u00f3n se adentra en las cautivadoras facetas de Hempstead, arrojando luz sobre su importancia hist\u00f3rica, su vitalidad cultural, su diversidad demogr\u00e1fica y su magn\u00e9tico atractivo para turistas y exploradores.<\/p>\n<p><strong>Historia de Hempstead, NY:<\/strong> Las ra\u00edces de Hempstead se hunden en los primeros cap\u00edtulos de la colonizaci\u00f3n europea en Am\u00e9rica. Fundada en 1644 por puritanos ingleses en busca de libertad religiosa, es uno de los asentamientos ingleses m\u00e1s antiguos de Nueva York, con un patrimonio que abarca siglos.<\/p>\n<p><em>Primeros asentamientos y crecimiento:<\/em> Los primeros colonos de Hempstead se dedicaron a la agricultura, que constituy\u00f3 la base de su econom\u00eda. El nombre de la ciudad, \u00abHempstead\u00bb, hace eco de su cultivo de c\u00e1\u00f1amo, una cosecha vers\u00e1til y vital para diversas aplicaciones, desde la fabricaci\u00f3n de cuerdas hasta la textil. La construcci\u00f3n de la primera iglesia presbiteriana en 1644, a\u00fan hoy la m\u00e1s antigua de Estados Unidos, marc\u00f3 un punto de inflexi\u00f3n en el crecimiento de la ciudad.<\/p>\n<p><em>La Guerra de la Independencia y m\u00e1s all\u00e1:<\/em> Durante la Guerra de la Independencia Americana, Hempstead desempe\u00f1\u00f3 un papel fundamental, convirti\u00e9ndose en campamento militar de las fuerzas brit\u00e1nicas en 1776. George Washington utiliz\u00f3 Hempstead como cuartel general durante la batalla de Long Island. En la posguerra se pas\u00f3 de la agricultura a la industrializaci\u00f3n, lo que transform\u00f3 Hempstead en un para\u00edso suburbano y foment\u00f3 una comunidad diversa.<\/p>\n<p><em>Desarrollo moderno y urbanizaci\u00f3n:<\/em> En el siglo XX, Hempstead experiment\u00f3 un importante desarrollo y urbanizaci\u00f3n, lo que impuls\u00f3 el crecimiento de la poblaci\u00f3n. Su ubicaci\u00f3n estrat\u00e9gica, su proximidad a la ciudad de Nueva York y su accesibilidad a trav\u00e9s de diversas rutas de transporte contribuyeron a su evoluci\u00f3n hasta convertirse en una comunidad vibrante que combina a la perfecci\u00f3n la historia con las comodidades contempor\u00e1neas.<\/p>\n<p><strong>Cultura en Hempstead, NY:<\/strong> El caleidoscopio cultural de Hempstead es un rasgo definitorio, moldeado por una rica historia y una poblaci\u00f3n diversa.<\/p>\n<p><em>Arte y entretenimiento:<\/em> Hempstead acoge una amplia gama de eventos culturales en la Biblioteca P\u00fablica de Hempstead, desde lecturas de libros hasta exposiciones de arte. La escena musical de la ciudad prospera con bandas y m\u00fasicos locales que act\u00faan en diversos locales, ofreciendo una plataforma para talentos emergentes y entretenimiento a residentes y visitantes por igual.<\/p>\n<p><em>Cocina y restauraci\u00f3n:<\/em> Como reflejo de su diversidad, la escena gastron\u00f3mica de Hempstead es un viaje culinario. Desde comedores americanos a cocina internacional, la ciudad satisface gustos variados, creando un para\u00edso gastron\u00f3mico para residentes y visitantes.<\/p>\n<p><em>Festivales y celebraciones:<\/em> Hempstead cobra vida con festivales como el Festival de la Herencia Hispana de Hempstead, el Desfile del D\u00eda de San Patricio y las celebraciones del Juneteenth, mostrando su riqueza cultural y fomentando el esp\u00edritu comunitario.<\/p>\n<p><em>Museos y lugares hist\u00f3ricos:<\/em> Conservando su historia, Hempstead alberga museos como la Casa Hempstead y el Museo Afroamericano del Condado de Nassau. El Museo del Ferrocarril de Long Island ofrece una fascinante exploraci\u00f3n de la historia del transporte de la regi\u00f3n.<\/p>\n<p><strong>Demograf\u00eda en Hempstead, NY:<\/strong> Desde su fundaci\u00f3n en el siglo XVII, la demograf\u00eda de Hempstead ha evolucionado, creando un vibrante mosaico de culturas, or\u00edgenes y etnias.<\/p>\n<p><em>Crecimiento de la poblaci\u00f3n:<\/em> Con una poblaci\u00f3n de m\u00e1s de 766.000 habitantes seg\u00fan el censo de 2020, Hempstead es una de las ciudades m\u00e1s pobladas de Nueva York, gracias a su proximidad a la ciudad de Nueva York, sus excelentes conexiones de transporte y sus abundantes oportunidades.<\/p>\n<p><em>Diversidad:<\/em> La poblaci\u00f3n de Hempstead es un crisol de razas y culturas. Esta diversidad fomenta una comunidad vibrante e integradora, que engloba a afroamericanos, hispanos, asi\u00e1ticos, cauc\u00e1sicos y personas de diversos or\u00edgenes \u00e9tnicos.<\/p>\n<p><em>Educaci\u00f3n y empleo:<\/em> Sede de instituciones como la Universidad de Hofstra y el Nassau Community College, Hempstead prospera acad\u00e9mica y culturalmente. La ciudad ofrece diversas oportunidades de empleo en sanidad, educaci\u00f3n, comercio minorista y tecnolog\u00eda.<\/p>\n<p><em>Situaci\u00f3n socioecon\u00f3mica:<\/em> La demograf\u00eda de Hempstead abarca un espectro de or\u00edgenes socioecon\u00f3micos, abordando activamente las disparidades econ\u00f3micas a trav\u00e9s de programas e iniciativas comunitarias, mejorando la calidad de vida de todos los residentes.<\/p>\n<p><strong>Turismo en Hempstead, NY:<\/strong> El turismo en Hempstead florece a medida que la ciudad da a conocer sus monumentos hist\u00f3ricos, eventos culturales, diversa gastronom\u00eda y belleza natural.<\/p>\n<p><em>Sitios hist\u00f3ricos y museos:<\/em> Los visitantes se sumergen en la historia de Hempstead a trav\u00e9s de atracciones como la Casa de Hempstead, el Museo Afroamericano del Condado de Nassau y el Museo del Ferrocarril de Long Island.<\/p>\n<p><em>Actividades al aire libre:<\/em> El Parque Estatal del Lago Hempstead ofrece un retiro sereno, proporcionando a los entusiastas del aire libre lagos, rutas de senderismo y \u00e1reas de picnic. La navegaci\u00f3n, la pesca y el picnic se convierten en experiencias inmersivas en este tranquilo entorno.<\/p>\n<p><em>Cocina variada:<\/em> La escena culinaria de Hempstead, una de las principales atracciones para los turistas, invita a explorarla, ya que ofrece una gran variedad de restaurantes de cocina internacional para satisfacer todos los paladares.<\/p>\n<p><em>Eventos culturales y festivales:<\/em> Consultar el calendario de eventos de la ciudad es una obligaci\u00f3n para los turistas, ya que los eventos culturales, festivales y<\/p>\n<p>Los desfiles, como el del D\u00eda de San Patricio y las celebraciones del Juneteenth, ofrecen emocionantes destellos de la vibrante cultura de Hempstead.<\/p>\n<p><em>Compras y entretenimiento:<\/em> Roosevelt Field Mall, uno de los centros comerciales m\u00e1s grandes de la Costa Este, atiende a diversas preferencias comerciales, gastron\u00f3micas y de ocio, garantizando una experiencia satisfactoria a los visitantes.<\/p>\n<p><em>Alojamiento:<\/em> Para estancias prolongadas, Hempstead ofrece una amplia gama de alojamientos, desde hoteles a pensiones, que se adaptan a diversos presupuestos y preferencias.<\/p>\n<p><strong>Conclusiones:<\/strong> Hempstead, Nueva York, emerge como un destino cautivador, que entrelaza a la perfecci\u00f3n un rico tapiz hist\u00f3rico, vitalidad cultural, diversidad demogr\u00e1fica y un encanto magn\u00e9tico para los turistas. Tanto si le atrae la historia y la cultura como si busca una relajante escapada de fin de semana, Hempstead invita a explorarla. Esta din\u00e1mica ciudad sigue evolucionando, conservando su arraigado patrimonio a la vez que abraza el progreso, lo que la convierte en un destino apasionante para todos los que buscan conocer el coraz\u00f3n de Long Island.<\/p>\n<p>&nbsp;<\/p>\n<p>&nbsp;<\/p>\n<h2>Atenci\u00f3n m\u00e9dica cerca de Hempstead, NY<\/h2>\n<h4>Farmacias<\/h4>\n<ol class=\"list-outside list-decimal marker:font-mono marker:text-sm pl-11\">\n<li><span class=\"\">Farmacia CVS &#8211; 250 Fulton Ave, Hempstead, NY 11550<\/span><\/li>\n<li><span class=\"\">Farmacia Walgreens &#8211; 1000 Fulton Ave, Hempstead, NY 11550<\/span><\/li>\n<li><span class=\"\">Farmacia Rite Aid &#8211; 50 Fulton Ave, Hempstead, NY 11550<\/span><\/li>\n<li><span class=\"\">Farmacia Duane Reade &#8211; 119 Fulton Ave, Hempstead, NY 11550<\/span><\/li>\n<li><span class=\"\">Farmacia Hempstead &#8211; 135 Main St, Hempstead, NY 11550<\/span><\/li>\n<\/ol>\n<h4>Centros de Radiolog\u00eda<\/h4>\n<ol class=\"list-outside list-decimal marker:font-mono marker:text-sm pl-11\">\n<li><span class=\"\">Northwell Health Imaging at the Center for Advanced Medicine &#8211; 450 Lakeville Rd, New Hyde Park, NY 11042<\/span><\/li>\n<li><span class=\"\">North Shore Radiology Associates &#8211; 300 Community Dr, Manhasset, NY 11030<\/span><\/li>\n<li><span class=\"\">Long Island Radiology Associates &#8211; 865 Merrick Ave, Westbury, NY 11590<\/span><\/li>\n<li><span class=\"\">Diagnostic Radiology Associates &#8211; 165 N Village Ave, Rockville Centre, NY 11570<\/span><\/li>\n<li><span class=\"\">Northwell Health Imaging en Great Neck &#8211; 611 Northern Blvd, Great Neck, NY 11021<\/span><\/li>\n<\/ol>\n<h4>Centros de Atenci\u00f3n de Urgencia<\/h4>\n<ol class=\"list-outside list-decimal marker:font-mono marker:text-sm pl-11\">\n<li><span class=\"\">Rapid Response Medical Care &#8211; 50 Clinton St, Hempstead, NY 11550<\/span><\/li>\n<li><span class=\"\">NYU Winthrop Urgent Care &#8211; 700 Hempstead Turnpike, Franklin Square, NY 11010<\/span><\/li>\n<li><span class=\"\">UrgentWay Hempstead &#8211; 400 Fulton Ave, Hempstead, NY 11550<\/span><\/li>\n<li><span class=\"\">ProHEALTH Urgent Care &#8211; 1 Expressway Plaza, Roslyn Heights, NY 11577<\/span><\/li>\n<li><span class=\"\">Northwell Health-GoHealth Urgent Care &#8211; 1070 Northern Blvd, Roslyn, NY 11576<\/span><\/li>\n<\/ol>\n<h4>Hospitales<\/h4>\n<ol class=\"list-outside list-decimal marker:font-mono marker:text-sm pl-11\">\n<li><span class=\"\">NYU Winthrop Hospital &#8211; 259 1st St, Mineola, NY 11501<\/span><\/li>\n<li><span class=\"\">Centro M\u00e9dico Mercy &#8211; 1000 N Village Ave, Rockville Centre, NY 11570<\/span><\/li>\n<li><span class=\"\">Centro M\u00e9dico Jud\u00edo de Long Island &#8211; 270-05 76th Ave, New Hyde Park, NY 11040<\/span><\/li>\n<li><span class=\"\">St. Francis Hospital &#8211; 100 Port Washington Blvd, Roslyn, NY 11576<\/span><\/li>\n<li><span class=\"\">NewYork-Presbyterian Queens &#8211; 56-45 Main St, Flushing, NY 11355<\/span><\/li>\n<\/ol>\n<p>&nbsp;<\/p>\n","protected":false},"excerpt":{"rendered":"<p>Bienvenido al Centro Ortop\u00e9dico del Dr. Nakul Karkare, donde nos enorgullecemos de ofrecer servicios ortop\u00e9dicos excepcionales, y estamos encantados de llevar nuestra atenci\u00f3n a la comunidad de Hempstead. Ubicado en Bayside, NY, nuestro equipo de especialistas ortop\u00e9dicos experimentados se dedica a ayudarle a recuperar la movilidad, aliviar el dolor y mejorar su bienestar ortop\u00e9dico general. [&hellip;]<\/p>\n","protected":false},"author":33,"featured_media":0,"parent":16524,"menu_order":0,"comment_status":"closed","ping_status":"closed","template":"","meta":{"_et_pb_use_builder":"","_et_pb_old_content":"","_et_gb_content_width":"","footnotes":""},"class_list":["post-20872","page","type-page","status-publish","hentry"],"yoast_head":"<!-- This site is optimized with the Yoast SEO plugin v27.2 - https:\/\/yoast.com\/product\/yoast-seo-wordpress\/ -->\n<title>Hempstead, Nueva York | Best Hip &amp; Knee Surgeon | NY, USA<\/title>\n<meta name=\"description\" content=\"Bienvenido al Centro Ortop\u00e9dico del Dr. Nakul Karkare, donde nos enorgullecemos de ofrecer servicios ortop\u00e9dicos excepcionales, y estamos encantados de\" \/>\n<meta name=\"robots\" content=\"index, follow, max-snippet:-1, max-image-preview:large, max-video-preview:-1\" \/>\n<link rel=\"canonical\" href=\"https:\/\/www.newyorkhipknee.com\/es\/contacto\/bayside-mejor-cirujano-de-reemplazo-de-rodilla-y-cadera\/hempstead-nueva-york\/\" \/>\n<meta property=\"og:locale\" content=\"es_ES\" \/>\n<meta property=\"og:type\" content=\"article\" \/>\n<meta property=\"og:title\" content=\"Hempstead, Nueva York | Best Hip &amp; Knee Surgeon | NY, USA\" \/>\n<meta property=\"og:description\" content=\"Bienvenido al Centro Ortop\u00e9dico del Dr. Nakul Karkare, donde nos enorgullecemos de ofrecer servicios ortop\u00e9dicos excepcionales, y estamos encantados de\" \/>\n<meta property=\"og:url\" content=\"https:\/\/www.newyorkhipknee.com\/es\/contacto\/bayside-mejor-cirujano-de-reemplazo-de-rodilla-y-cadera\/hempstead-nueva-york\/\" \/>\n<meta property=\"og:site_name\" content=\"Best Hip &amp; Knee Surgeon | NY, USA\" \/>\n<meta name=\"twitter:card\" content=\"summary_large_image\" \/>\n<meta name=\"twitter:label1\" content=\"Tiempo de lectura\" \/>\n\t<meta name=\"twitter:data1\" content=\"11 minutos\" \/>\n<script type=\"application\/ld+json\" class=\"yoast-schema-graph\">{\"@context\":\"https:\/\/schema.org\",\"@graph\":[{\"@type\":[\"WebPage\",\"MedicalWebPage\"],\"@id\":\"https:\/\/www.newyorkhipknee.com\/es\/contacto\/bayside-mejor-cirujano-de-reemplazo-de-rodilla-y-cadera\/hempstead-nueva-york\/\",\"url\":\"https:\/\/www.newyorkhipknee.com\/es\/contacto\/bayside-mejor-cirujano-de-reemplazo-de-rodilla-y-cadera\/hempstead-nueva-york\/\",\"name\":\"Hempstead, Nueva York | Best Hip &amp; Knee Surgeon | NY, USA\",\"isPartOf\":{\"@id\":\"https:\/\/www.newyorkhipknee.com\/es\/#website\"},\"datePublished\":\"2023-11-29T18:37:43+00:00\",\"description\":\"Bienvenido al Centro Ortop\u00e9dico del Dr. Nakul Karkare, donde nos enorgullecemos de ofrecer servicios ortop\u00e9dicos excepcionales, y estamos encantados de\",\"breadcrumb\":{\"@id\":\"https:\/\/www.newyorkhipknee.com\/es\/contacto\/bayside-mejor-cirujano-de-reemplazo-de-rodilla-y-cadera\/hempstead-nueva-york\/#breadcrumb\"},\"inLanguage\":\"es\",\"potentialAction\":[{\"@type\":\"ReadAction\",\"target\":[\"https:\/\/www.newyorkhipknee.com\/es\/contacto\/bayside-mejor-cirujano-de-reemplazo-de-rodilla-y-cadera\/hempstead-nueva-york\/\"]}]},{\"@type\":\"BreadcrumbList\",\"@id\":\"https:\/\/www.newyorkhipknee.com\/es\/contacto\/bayside-mejor-cirujano-de-reemplazo-de-rodilla-y-cadera\/hempstead-nueva-york\/#breadcrumb\",\"itemListElement\":[{\"@type\":\"ListItem\",\"position\":1,\"name\":\"Home\",\"item\":\"https:\/\/www.newyorkhipknee.com\/es\/\"},{\"@type\":\"ListItem\",\"position\":2,\"name\":\"Contacto\",\"item\":\"https:\/\/www.newyorkhipknee.com\/es\/contacto\/\"},{\"@type\":\"ListItem\",\"position\":3,\"name\":\"Bayside &#8211; Mejor Cirujano de Reemplazo de Rodilla y Cadera\",\"item\":\"https:\/\/www.newyorkhipknee.com\/es\/contacto\/bayside-mejor-cirujano-de-reemplazo-de-rodilla-y-cadera\/\"},{\"@type\":\"ListItem\",\"position\":4,\"name\":\"Hempstead, Nueva York\"}]},{\"@type\":\"WebSite\",\"@id\":\"https:\/\/www.newyorkhipknee.com\/es\/#website\",\"url\":\"https:\/\/www.newyorkhipknee.com\/es\/\",\"name\":\"Best Hip & Knee Surgeon | NY, USA\",\"description\":\"\",\"potentialAction\":[{\"@type\":\"SearchAction\",\"target\":{\"@type\":\"EntryPoint\",\"urlTemplate\":\"https:\/\/www.newyorkhipknee.com\/es\/?s={search_term_string}\"},\"query-input\":{\"@type\":\"PropertyValueSpecification\",\"valueRequired\":true,\"valueName\":\"search_term_string\"}}],\"inLanguage\":\"es\"}]}<\/script>\n<!-- \/ Yoast SEO plugin. -->","yoast_head_json":{"title":"Hempstead, Nueva York | Best Hip &amp; Knee Surgeon | NY, USA","description":"Bienvenido al Centro Ortop\u00e9dico del Dr. Nakul Karkare, donde nos enorgullecemos de ofrecer servicios ortop\u00e9dicos excepcionales, y estamos encantados de","robots":{"index":"index","follow":"follow","max-snippet":"max-snippet:-1","max-image-preview":"max-image-preview:large","max-video-preview":"max-video-preview:-1"},"canonical":"https:\/\/www.newyorkhipknee.com\/es\/contacto\/bayside-mejor-cirujano-de-reemplazo-de-rodilla-y-cadera\/hempstead-nueva-york\/","og_locale":"es_ES","og_type":"article","og_title":"Hempstead, Nueva York | Best Hip &amp; Knee Surgeon | NY, USA","og_description":"Bienvenido al Centro Ortop\u00e9dico del Dr. Nakul Karkare, donde nos enorgullecemos de ofrecer servicios ortop\u00e9dicos excepcionales, y estamos encantados de","og_url":"https:\/\/www.newyorkhipknee.com\/es\/contacto\/bayside-mejor-cirujano-de-reemplazo-de-rodilla-y-cadera\/hempstead-nueva-york\/","og_site_name":"Best Hip &amp; Knee Surgeon | NY, USA","twitter_card":"summary_large_image","twitter_misc":{"Tiempo de lectura":"11 minutos"},"schema":{"@context":"https:\/\/schema.org","@graph":[{"@type":["WebPage","MedicalWebPage"],"@id":"https:\/\/www.newyorkhipknee.com\/es\/contacto\/bayside-mejor-cirujano-de-reemplazo-de-rodilla-y-cadera\/hempstead-nueva-york\/","url":"https:\/\/www.newyorkhipknee.com\/es\/contacto\/bayside-mejor-cirujano-de-reemplazo-de-rodilla-y-cadera\/hempstead-nueva-york\/","name":"Hempstead, Nueva York | Best Hip &amp; Knee Surgeon | NY, USA","isPartOf":{"@id":"https:\/\/www.newyorkhipknee.com\/es\/#website"},"datePublished":"2023-11-29T18:37:43+00:00","description":"Bienvenido al Centro Ortop\u00e9dico del Dr. Nakul Karkare, donde nos enorgullecemos de ofrecer servicios ortop\u00e9dicos excepcionales, y estamos encantados de","breadcrumb":{"@id":"https:\/\/www.newyorkhipknee.com\/es\/contacto\/bayside-mejor-cirujano-de-reemplazo-de-rodilla-y-cadera\/hempstead-nueva-york\/#breadcrumb"},"inLanguage":"es","potentialAction":[{"@type":"ReadAction","target":["https:\/\/www.newyorkhipknee.com\/es\/contacto\/bayside-mejor-cirujano-de-reemplazo-de-rodilla-y-cadera\/hempstead-nueva-york\/"]}]},{"@type":"BreadcrumbList","@id":"https:\/\/www.newyorkhipknee.com\/es\/contacto\/bayside-mejor-cirujano-de-reemplazo-de-rodilla-y-cadera\/hempstead-nueva-york\/#breadcrumb","itemListElement":[{"@type":"ListItem","position":1,"name":"Home","item":"https:\/\/www.newyorkhipknee.com\/es\/"},{"@type":"ListItem","position":2,"name":"Contacto","item":"https:\/\/www.newyorkhipknee.com\/es\/contacto\/"},{"@type":"ListItem","position":3,"name":"Bayside &#8211; Mejor Cirujano de Reemplazo de Rodilla y Cadera","item":"https:\/\/www.newyorkhipknee.com\/es\/contacto\/bayside-mejor-cirujano-de-reemplazo-de-rodilla-y-cadera\/"},{"@type":"ListItem","position":4,"name":"Hempstead, Nueva York"}]},{"@type":"WebSite","@id":"https:\/\/www.newyorkhipknee.com\/es\/#website","url":"https:\/\/www.newyorkhipknee.com\/es\/","name":"Best Hip & Knee Surgeon | NY, USA","description":"","potentialAction":[{"@type":"SearchAction","target":{"@type":"EntryPoint","urlTemplate":"https:\/\/www.newyorkhipknee.com\/es\/?s={search_term_string}"},"query-input":{"@type":"PropertyValueSpecification","valueRequired":true,"valueName":"search_term_string"}}],"inLanguage":"es"}]}},"_links":{"self":[{"href":"https:\/\/www.newyorkhipknee.com\/es\/wp-json\/wp\/v2\/pages\/20872","targetHints":{"allow":["GET"]}}],"collection":[{"href":"https:\/\/www.newyorkhipknee.com\/es\/wp-json\/wp\/v2\/pages"}],"about":[{"href":"https:\/\/www.newyorkhipknee.com\/es\/wp-json\/wp\/v2\/types\/page"}],"author":[{"embeddable":true,"href":"https:\/\/www.newyorkhipknee.com\/es\/wp-json\/wp\/v2\/users\/33"}],"replies":[{"embeddable":true,"href":"https:\/\/www.newyorkhipknee.com\/es\/wp-json\/wp\/v2\/comments?post=20872"}],"version-history":[{"count":0,"href":"https:\/\/www.newyorkhipknee.com\/es\/wp-json\/wp\/v2\/pages\/20872\/revisions"}],"up":[{"embeddable":true,"href":"https:\/\/www.newyorkhipknee.com\/es\/wp-json\/wp\/v2\/pages\/16524"}],"wp:attachment":[{"href":"https:\/\/www.newyorkhipknee.com\/es\/wp-json\/wp\/v2\/media?parent=20872"}],"curies":[{"name":"wp","href":"https:\/\/api.w.org\/{rel}","templated":true}]}}