{"id":20884,"date":"2023-11-01T16:05:44","date_gmt":"2023-11-01T20:05:44","guid":{"rendered":"https:\/\/newyorkhipknee.com\/contacto\/lindenhurst-mejor-cirujano-de-reemplazo-de-rodilla-y-cadera\/amityville-ny\/"},"modified":"2023-11-01T16:05:44","modified_gmt":"2023-11-01T20:05:44","slug":"amityville-ny","status":"publish","type":"page","link":"https:\/\/www.newyorkhipknee.com\/es\/contacto\/lindenhurst-mejor-cirujano-de-reemplazo-de-rodilla-y-cadera\/amityville-ny\/","title":{"rendered":"Amityville, NY"},"content":{"rendered":"<h1>Dr. Nakul Karkare&#8217;s Orthopedic Care le da la bienvenida a Amityville, NY: Su principal proveedor de atenci\u00f3n ortop\u00e9dica<\/h1>\n<p>Hola de Dr. Nakul Karkare&#8217;s Orthopedic Care, su fuente dedicada para el cuidado ortop\u00e9dico excepcional situado en Lindenhurst, NY. Nos enorgullecemos inmensamente de extender nuestros servicios ortop\u00e9dicos de primer nivel a la vibrante comunidad de Amityville, NY. En Dr. Nakul Karkare&#8217;s Orthopedic Care, somos m\u00e1s que una pr\u00e1ctica m\u00e9dica; somos sus socios en el logro de una salud ortop\u00e9dica excepcional.<\/p>\n<p>Dr. Nakul Karkare Orthopedic Care se erige como un faro de excelencia en el campo ortop\u00e9dico, y aqu\u00ed es por qu\u00e9 somos su mejor opci\u00f3n para la atenci\u00f3n ortop\u00e9dica en Amityville:<\/p>\n<p><strong>Conozca al Dr. Nakul Karkare:<\/strong> El Dr. Nakul Karkare es un especialista ortop\u00e9dico altamente cualificado, reconocido por su experiencia, numerosas certificaciones y amplia dedicaci\u00f3n a la atenci\u00f3n al paciente. Su compromiso inquebrantable garantiza que usted reciba el m\u00e1s alto nivel de atenci\u00f3n.<\/p>\n<p><strong>Atenci\u00f3n personalizada:<\/strong> Entendemos que cada paciente es \u00fanico. Nuestro enfoque se adapta a sus necesidades espec\u00edficas, con un enfoque en su comodidad y bienestar como nuestras principales prioridades.<\/p>\n<p><strong>Soluciones de vanguardia:<\/strong> Estamos comprometidos a permanecer a la vanguardia de los avances ortop\u00e9dicos, asegurando que usted tenga acceso a los \u00faltimos tratamientos y tecnolog\u00edas bajo la direcci\u00f3n experta del Dr. Nakul Karkare.<\/p>\n<p><strong>Compromiso con la comunidad:<\/strong> Creemos en hacer accesible a todo el mundo una atenci\u00f3n ortop\u00e9dica excepcional. Nuestra decisi\u00f3n de expandir nuestros servicios a Amityville demuestra nuestra dedicaci\u00f3n para abordar las necesidades ortop\u00e9dicas de su comunidad.<\/p>\n<p><strong>Excelencia probada:<\/strong> Nuestra trayectoria dice mucho de nuestro compromiso de ayudar a las personas a recuperar la movilidad, aliviar el dolor y mejorar su calidad de vida en general bajo la experta direcci\u00f3n del Dr. Nakul Karkare.<\/p>\n<p>Su salud ortop\u00e9dica es de suma importancia, y estamos emocionados de ser parte de la comunidad de Amityville. Si usted est\u00e1 tratando con preocupaciones conjuntas, lesiones relacionadas con el deporte, fracturas, o cualquier otro problema ortop\u00e9dico, el Dr. Nakul Karkare&#8217;s Orthopedic Care est\u00e1 aqu\u00ed para apoyarle con el m\u00e1s alto nivel de profesionalismo y experiencia.<\/p>\n<p>&nbsp;<\/p>\n<h2>Estamos orgullosos de ofrecer una amplia gama de servicios ortop\u00e9dicos en Amityville, NY:<\/h2>\n<h2><a href=\"https:\/\/newyorkhipknee.com\/custom-knee-replacement-surgery\/\" target=\"_blank\" rel=\"noopener\"><strong>Reemplazo de rodilla personalizado:<\/strong><\/a><\/h2>\n<p><strong>Qui\u00e9n puede necesitar una artroplastia de rodilla personalizada:<\/strong> La artroplastia de rodilla a medida, tambi\u00e9n conocida como artroplastia de rodilla personalizada, se suele recomendar a personas que sufren dolor intenso de rodilla, rigidez e inflamaci\u00f3n que limitan considerablemente sus actividades cotidianas y su calidad de vida. Las causas m\u00e1s comunes de esta afecci\u00f3n son la artrosis, la artritis reumatoide, las lesiones traum\u00e1ticas u otros trastornos degenerativos de la articulaci\u00f3n de la rodilla.<\/p>\n<p><strong>El procedimiento:<\/strong> La pr\u00f3tesis de rodilla a medida es una intervenci\u00f3n quir\u00fargica en la que la articulaci\u00f3n de la rodilla da\u00f1ada se sustituye por un implante artificial, meticulosamente adaptado a la estructura anat\u00f3mica \u00fanica del paciente. El proceso comienza con una avanzada tecnolog\u00eda de imagen que genera un modelo tridimensional de la articulaci\u00f3n de la rodilla del paciente. Este modelo se utiliza despu\u00e9s para crear un implante personalizado que se adapte perfectamente a la rodilla del paciente.<\/p>\n<p>Durante la intervenci\u00f3n, el cirujano ortop\u00e9dico retira cuidadosamente la articulaci\u00f3n da\u00f1ada y la sustituye por el implante a medida. Todo el procedimiento se realiza bajo anestesia, lo que garantiza que el paciente permanezca c\u00f3modo y sin dolor durante todo el proceso.<\/p>\n<p><strong>Ventajas:<\/strong> La pr\u00f3tesis de rodilla a medida ofrece numerosos beneficios a los pacientes, entre ellos:<\/p>\n<ol>\n<li><strong>Alivio del dolor:<\/strong> Uno de los principales beneficios es el alivio del dolor cr\u00f3nico de rodilla. El implante a medida est\u00e1 dise\u00f1ado para minimizar las molestias, lo que permite a los pacientes recuperar la movilidad y volver a sus actividades cotidianas.<\/li>\n<li><strong>Mayor movilidad:<\/strong> Las pr\u00f3tesis de rodilla a medida mejoran la amplitud de movimiento del paciente, permitiendo un movimiento m\u00e1s natural de la articulaci\u00f3n de la rodilla.<\/li>\n<li><strong>Mejora de la calidad de vida:<\/strong> Los pacientes suelen experimentar una mejora significativa de su calidad de vida en general, ya que pueden volver a realizar actividades a las que antes ten\u00edan que renunciar debido al dolor de rodilla.<\/li>\n<li><strong>Recuperaci\u00f3n m\u00e1s r\u00e1pida:<\/strong> Las pr\u00f3tesis de rodilla a medida suelen conllevar tiempos de recuperaci\u00f3n m\u00e1s r\u00e1pidos en comparaci\u00f3n con la cirug\u00eda de pr\u00f3tesis de rodilla tradicional. La precisi\u00f3n del implante personalizado y las t\u00e9cnicas quir\u00fargicas m\u00ednimamente invasivas pueden reducir el dolor postoperatorio y acelerar la rehabilitaci\u00f3n.<\/li>\n<\/ol>\n<p>&nbsp;<\/p>\n<h2><a href=\"https:\/\/newyorkhipknee.com\/hip-replacement-surgery\/\" target=\"_blank\" rel=\"noopener\"><strong>Pr\u00f3tesis de cadera:<\/strong><\/a><\/h2>\n<p><strong>Qui\u00e9n puede necesitar una artroplastia de cadera:<\/strong> La artroplastia de cadera se recomienda a las personas que sufren dolor intenso, rigidez e inflamaci\u00f3n de la cadera, lo que dificulta considerablemente sus actividades cotidianas y su calidad de vida. Las causas m\u00e1s comunes de esta afecci\u00f3n son la artrosis, la artritis reumatoide, la necrosis avascular o las fracturas de cadera.<\/p>\n<p><strong>El procedimiento:<\/strong> La artroplastia de cadera es un procedimiento quir\u00fargico que consiste en sustituir una articulaci\u00f3n de cadera da\u00f1ada por un implante artificial. Este implante est\u00e1 meticulosamente dise\u00f1ado para reproducir la estructura y funci\u00f3n naturales de la articulaci\u00f3n de la cadera, lo que permite a los pacientes recuperar la movilidad y aliviar las molestias.<\/p>\n<p>Durante la intervenci\u00f3n, el cirujano ortop\u00e9dico retira h\u00e1bilmente la articulaci\u00f3n da\u00f1ada y la sustituye por el implante artificial. Al igual que el reemplazo de rodilla, este procedimiento se realiza bajo anestesia, lo que garantiza la comodidad del paciente.<\/p>\n<p><strong>Ventajas:<\/strong> La artroplastia de cadera ofrece varias ventajas a los pacientes:<\/p>\n<ol>\n<li><strong>Alivio del dolor:<\/strong> El principal beneficio es el alivio del dolor intenso de cadera, lo que permite a los pacientes recuperar su movilidad y reanudar sus actividades cotidianas.<\/li>\n<li><strong>Mayor movilidad:<\/strong> Las pr\u00f3tesis de cadera mejoran la amplitud de movimiento de la articulaci\u00f3n de la cadera, proporcionando a los pacientes un movimiento y una flexibilidad m\u00e1s naturales.<\/li>\n<li><strong>Mejora de la calidad de vida:<\/strong> Los pacientes suelen experimentar una mejora significativa de su calidad de vida en general, ya que recuperan la capacidad de realizar actividades que antes les resultaban dif\u00edciles o imposibles debido al dolor de cadera.<\/li>\n<li><strong>Recuperaci\u00f3n m\u00e1s r\u00e1pida:<\/strong> La cirug\u00eda de reemplazo de cadera suele conducir a tiempos de recuperaci\u00f3n m\u00e1s r\u00e1pidos, con pacientes que experimentan una reducci\u00f3n del dolor y una mejora de la amplitud de movimiento en comparaci\u00f3n con su condici\u00f3n antes de la cirug\u00eda.<\/li>\n<\/ol>\n<p>En ambos casos, el Dr. Nakul Karkare emplea t\u00e9cnicas quir\u00fargicas innovadoras y la tecnolog\u00eda m\u00e1s avanzada para garantizar la colocaci\u00f3n precisa de los componentes del implante a trav\u00e9s de incisiones m\u00e1s peque\u00f1as que preservan los tejidos.<\/p>\n<p>Este enfoque ayuda a minimizar el dolor y a acelerar los tiempos de recuperaci\u00f3n. La experiencia del Dr. Karkare en estos procedimientos, combinada con la naturaleza individualizada de los implantes a medida, contribuye a obtener mejores resultados para los pacientes que buscan alivio para sus problemas articulares de rodilla y cadera.<\/p>\n<p>Si usted est\u00e1 experimentando dolor en las articulaciones, rigidez, hinchaz\u00f3n, o ha sufrido una lesi\u00f3n, no dude en ponerse en contacto con el Centro Ortop\u00e9dico del Dr. Nakul Karkare. Su equipo de especialistas se dedica a ayudarle a recuperar la movilidad, aliviar el dolor y mejorar su calidad de vida en general. Su bienestar es su m\u00e1xima prioridad, y est\u00e1n aqu\u00ed para guiarle en su camino hacia una mejor salud ortop\u00e9dica.<\/p>\n<p>&nbsp;<\/p>\n<h1>Acerca de Amytiville, NY<\/h1>\n<p>El \u00e1rea de Amityville fue explorada inicialmente por los colonos de Huntington en 1653 debido a su conveniente acceso a una fuente de heno salado, que se utilizaba como forraje para animales. El jefe Wyandanch otorg\u00f3 la primera escritura de propiedad en Amityville en 1658. Originalmente conocida como Huntington West Neck South, esta \u00e1rea estaba situada a lo largo de la Gran Bah\u00eda del Sur y la frontera del condado de Suffolk, Nueva York. Hoy en d\u00eda, se encuentra dentro de la ciudad de Babilonia.<\/p>\n<p>Seg\u00fan los relatos locales, el nombre de la zona sufri\u00f3 un cambio en 1846 durante los esfuerzos para establecer una nueva oficina de correos. Se cuenta que durante una tumultuosa reuni\u00f3n, alguien sugiri\u00f3: \u00abLo que esta reuni\u00f3n necesita es un poco de amistad\u00bb, lo que llev\u00f3 a adoptar el nombre de \u00abAmityville\u00bb.<\/p>\n<p>Otra versi\u00f3n atribuye el nombre a Samuel Ireland, propietario de un molino que propuso el nombre basado en su barco, el Amity.<\/p>\n<p>El nombre en s\u00ed fue elegido incidentalmente, lo que significa un acuerdo pac\u00edfico sobre el nombre del lugar. El pueblo se incorpor\u00f3 oficialmente el 3 de marzo de 1894. A principios del siglo XX, Amityville gan\u00f3 popularidad como destino tur\u00edstico, con grandes hoteles frente a la bah\u00eda y grandes residencias.<\/p>\n<p>Figuras notables como Annie Oakley, el vodevil Fred Stone y Will Rogers se asociaron con el \u00e1rea, siendo Oakley un invitado frecuente de Stone. El g\u00e1ngster Al Capone tambi\u00e9n ten\u00eda una residencia en la comunidad.<\/p>\n<p>Las actividades religiosas comenzaron muy pronto, con la celebraci\u00f3n de reuniones para la iglesia de Santa Mar\u00eda en 1886. Una capilla fue construida en 1888 por Wesley Ketcham bajo el liderazgo del reverendo James H. Noble. La iglesia fue consagrada en 1889, antes de la incorporaci\u00f3n formal de la ciudad.<\/p>\n<p>Estos son algunos lugares notables que los visitantes pueden disfrutar explorando en Amityville:<\/p>\n<ul>\n<li aria-level=\"1\">Playa de Amityville: La hermosa costa de la comunidad ofrece un lugar relajante para disfrutar de las aguas de la Gran Bah\u00eda del Sur. Es un lugar excelente para hacer picnic, tomar el sol y realizar actividades acu\u00e1ticas.<\/li>\n<li aria-level=\"1\">Amityville Historical Society: Esta organizaci\u00f3n preserva y comparte la historia del pueblo. A menudo organizan actos, exposiciones y visitas que permiten conocer el pasado de Amityville.<\/li>\n<li aria-level=\"1\">Sala de M\u00fasica de Amityville: Si te gusta la m\u00fasica en directo, en este local se celebran con frecuencia conciertos y eventos de diversos g\u00e9neros.<\/li>\n<li aria-level=\"1\">Argyle Park: Este parque ofrece un espacio recreativo con instalaciones para deportes, picnics y relajaci\u00f3n. Es un lugar ideal para que las familias pasen tiempo al aire libre.<\/li>\n<li aria-level=\"1\">Compras y restaurantes: El centro de Amityville ofrece encantadoras tiendas, boutiques y restaurantes donde explorar y disfrutar de la escena local.<\/li>\n<li aria-level=\"1\">Crucero por el r\u00edo Amityville: Considere hacer un recorrido en barco por el r\u00edo Amityville para obtener una perspectiva \u00fanica del pueblo y sus alrededores.<\/li>\n<li aria-level=\"1\">The Adventure Park at Long Island: Ubicado cerca de Wheatley Heights, este parque ofrece experiencias de tirolesa y escalada para los entusiastas de la aventura.<\/li>\n<li aria-level=\"1\">Restaurantes locales: Amityville tiene una variedad de restaurantes y caf\u00e9s que ofrecen varias cocinas, lo que lo convierte en un excelente lugar para probar algunos sabores locales.<\/li>\n<\/ul>\n<p>&nbsp;<\/p>\n<h2>Centro de radiolog\u00eda cerca de Amityville.<\/h2>\n<ol>\n<li aria-level=\"1\"><strong>CityMD Copiague Urgent Care<\/strong> &#8211; Long Island 901 Sunrise Hwy, Copiague, NY 11726<\/li>\n<li aria-level=\"1\"><strong>Zwanger-Pesiri Radiology<\/strong>150 E Sunrise Hwy, Lindenhurst, NY 11757<\/li>\n<li aria-level=\"1\"><strong>Nassau Suffolk Radiol\u00f3gico <\/strong> 20 W John St, Lindenhurst, NY 11757<\/li>\n<\/ol>\n<p>&nbsp;<\/p>\n<p>&nbsp;<\/p>\n<h2>Farmacias cerca de Amityville.<\/h2>\n<ol>\n<li aria-level=\"1\"><strong>Walgreens 275 Broadway,<\/strong> Amityville, NY 11701<\/li>\n<li aria-level=\"1\"><strong>CVS Pharmacy<\/strong> 0 Merrick Rd 20, Amityville, NY 11701<\/li>\n<li aria-level=\"1\"><strong>Farmacia Stop &amp; Shop<\/strong> 351 Merrick Road, Amityville, NY 11701<\/li>\n<\/ol>\n<p>&nbsp;<\/p>\n<h2>Indicaciones<\/h2>\n<p>Yendo de Amityville a nuestras instalaciones de Ortopedia Completa en Lindenhurst.<\/p>\n<ol>\n<li>Comience dirigi\u00e9ndose hacia el este por Montauk Highway (NY-27A) desde Amityville Center.<\/li>\n<li>Contin\u00fae por Montauk Highway durante aproximadamente 1,5 millas.<\/li>\n<li>Gire a la izquierda en Broadway\/Ruta 110 en direcci\u00f3n norte. Pasar\u00e1 por el Departamento de Bomberos de Amityville a su izquierda.<\/li>\n<li>Contin\u00fae hacia el norte por la Ruta 110 durante aproximadamente 1,8 millas.<\/li>\n<li>Gire a la derecha en Wellwood Avenue (County Road 3) en la intersecci\u00f3n con un sem\u00e1foro. Ver\u00e1s una tienda de conveniencia 7-Eleven en la esquina.<\/li>\n<li>Conduzca hacia el sur por Wellwood Avenue durante unos 0,3 kil\u00f3metros.<\/li>\n<li>Complete Orthopedics, situado en 970 Wellwood Ave. Suite A, Lindenhurst, NY 11757, estar\u00e1 a su derecha. Est\u00e1 situado en una plaza comercial, as\u00ed que busque los carteles que indican la ubicaci\u00f3n exacta.<\/li>\n<li>Puede aparcar en el aparcamiento de la plaza. Su destino ya est\u00e1 alcanzado.<\/li>\n<\/ol>\n<p>&nbsp;<\/p>\n<h2>Hospitales y centro de atenci\u00f3n de urgencias cerca de Amitvylle<\/h2>\n<p><strong>Centro Hospitalario Brunswick<\/strong> 81 Louden Ave, Amityville, NY 11701<br \/>\n<strong>City Care Medical<\/strong> 17 W Oak St, Amityville, NY 11701<br \/>\n<strong>Atenci\u00f3n m\u00e9dica en Amityville<\/strong> PC 100 W Oak St, Amityville, NY 11701<\/p>\n<div class=\"Hhmu2e wDYxhc NFQFxe viOShc LKPcQc\" lang=\"en-US\" data-md=\"16\" data-hveid=\"CAcQAA\" data-ved=\"2ahUKEwjJl-zsgNiBAxWzJ0QIHeBhD1IQhyh6BAgHEAA\">\n<div class=\"Ftghae iirjIb DaSCDf GUV4E\">\n<div class=\"SPZz6b\">\n<div class=\"wDYxhc\" lang=\"en-US\" data-attrid=\"kc:\/local:lu attribute list\" data-md=\"205\" data-hveid=\"CAkQAA\" data-ved=\"2ahUKEwif8onYgdiBAxUdJ0QIHR1nBH0Q1rkBegQICRAA\">\n<div class=\"TLYLSe MaBy9\">\n<div class=\"CJQ04\"><\/div>\n<\/div>\n<\/div>\n<\/div>\n<\/div>\n<\/div>\n<p>En el coraz\u00f3n de nuestra misi\u00f3n est\u00e1 brindar atenci\u00f3n ortop\u00e9dica integral a los pacientes dentro de nuestra comunidad, incluidos los mencionados anteriormente. Ya sea que acuda a nosotros a trav\u00e9s de una referencia para un tratamiento ortop\u00e9dico o busque orientaci\u00f3n para cualquier inquietud ortop\u00e9dica, nuestro equipo dedicado las 24 horas del d\u00eda, los 7 d\u00edas de la semana, siempre est\u00e1 a solo una llamada de distancia. Estamos aqu\u00ed para brindarle asistencia r\u00e1pida y compasiva.<\/p>\n<p>Entendemos que muchas personas buscan tratamiento para lesiones relacionadas con el trabajo cubiertas por la compensaci\u00f3n laboral y el seguro sin culpa en centros de atenci\u00f3n de urgencia y hospitales. Si su lesi\u00f3n no requiere una visita al hospital, estaremos encantados de ofrecerle un tratamiento ortop\u00e9dico especializado adaptado a su caso espec\u00edfico. No dude en comunicarse con nosotros al 631-981-2663 para programar una cita hoy. Su bienestar sigue siendo nuestra m\u00e1xima prioridad.<\/p>\n","protected":false},"excerpt":{"rendered":"<p>Dr. Nakul Karkare&#8217;s Orthopedic Care le da la bienvenida a Amityville, NY: Su principal proveedor de atenci\u00f3n ortop\u00e9dica Hola de Dr. Nakul Karkare&#8217;s Orthopedic Care, su fuente dedicada para el cuidado ortop\u00e9dico excepcional situado en Lindenhurst, NY. Nos enorgullecemos inmensamente de extender nuestros servicios ortop\u00e9dicos de primer nivel a la vibrante comunidad de Amityville, NY. [&hellip;]<\/p>\n","protected":false},"author":33,"featured_media":0,"parent":16526,"menu_order":0,"comment_status":"closed","ping_status":"closed","template":"","meta":{"_et_pb_use_builder":"","_et_pb_old_content":"","_et_gb_content_width":"","footnotes":""},"class_list":["post-20884","page","type-page","status-publish","hentry"],"yoast_head":"<!-- This site is optimized with the Yoast SEO plugin v27.2 - https:\/\/yoast.com\/product\/yoast-seo-wordpress\/ -->\n<title>Amityville, NY | Best Hip &amp; Knee Surgeon | NY, USA<\/title>\n<meta name=\"description\" content=\"Dr. Nakul Karkare&#039;s Orthopedic Care le da la bienvenida a Amityville, NY: Su principal proveedor de atenci\u00f3n ortop\u00e9dica Hola de Dr. Nakul Karkare&#039;s\" \/>\n<meta name=\"robots\" content=\"index, follow, max-snippet:-1, max-image-preview:large, max-video-preview:-1\" \/>\n<link rel=\"canonical\" href=\"https:\/\/www.newyorkhipknee.com\/es\/contacto\/lindenhurst-mejor-cirujano-de-reemplazo-de-rodilla-y-cadera\/amityville-ny\/\" \/>\n<meta property=\"og:locale\" content=\"es_ES\" \/>\n<meta property=\"og:type\" content=\"article\" \/>\n<meta property=\"og:title\" content=\"Amityville, NY | Best Hip &amp; Knee Surgeon | NY, USA\" \/>\n<meta property=\"og:description\" content=\"Dr. Nakul Karkare&#039;s Orthopedic Care le da la bienvenida a Amityville, NY: Su principal proveedor de atenci\u00f3n ortop\u00e9dica Hola de Dr. Nakul Karkare&#039;s\" \/>\n<meta property=\"og:url\" content=\"https:\/\/www.newyorkhipknee.com\/es\/contacto\/lindenhurst-mejor-cirujano-de-reemplazo-de-rodilla-y-cadera\/amityville-ny\/\" \/>\n<meta property=\"og:site_name\" content=\"Best Hip &amp; Knee Surgeon | NY, USA\" \/>\n<meta name=\"twitter:card\" content=\"summary_large_image\" \/>\n<meta name=\"twitter:label1\" content=\"Tiempo de lectura\" \/>\n\t<meta name=\"twitter:data1\" content=\"11 minutos\" \/>\n<script type=\"application\/ld+json\" class=\"yoast-schema-graph\">{\"@context\":\"https:\/\/schema.org\",\"@graph\":[{\"@type\":[\"WebPage\",\"MedicalWebPage\"],\"@id\":\"https:\/\/www.newyorkhipknee.com\/es\/contacto\/lindenhurst-mejor-cirujano-de-reemplazo-de-rodilla-y-cadera\/amityville-ny\/\",\"url\":\"https:\/\/www.newyorkhipknee.com\/es\/contacto\/lindenhurst-mejor-cirujano-de-reemplazo-de-rodilla-y-cadera\/amityville-ny\/\",\"name\":\"Amityville, NY | Best Hip &amp; Knee Surgeon | NY, USA\",\"isPartOf\":{\"@id\":\"https:\/\/www.newyorkhipknee.com\/es\/#website\"},\"datePublished\":\"2023-11-01T20:05:44+00:00\",\"description\":\"Dr. Nakul Karkare's Orthopedic Care le da la bienvenida a Amityville, NY: Su principal proveedor de atenci\u00f3n ortop\u00e9dica Hola de Dr. Nakul Karkare's\",\"breadcrumb\":{\"@id\":\"https:\/\/www.newyorkhipknee.com\/es\/contacto\/lindenhurst-mejor-cirujano-de-reemplazo-de-rodilla-y-cadera\/amityville-ny\/#breadcrumb\"},\"inLanguage\":\"es\",\"potentialAction\":[{\"@type\":\"ReadAction\",\"target\":[\"https:\/\/www.newyorkhipknee.com\/es\/contacto\/lindenhurst-mejor-cirujano-de-reemplazo-de-rodilla-y-cadera\/amityville-ny\/\"]}]},{\"@type\":\"BreadcrumbList\",\"@id\":\"https:\/\/www.newyorkhipknee.com\/es\/contacto\/lindenhurst-mejor-cirujano-de-reemplazo-de-rodilla-y-cadera\/amityville-ny\/#breadcrumb\",\"itemListElement\":[{\"@type\":\"ListItem\",\"position\":1,\"name\":\"Home\",\"item\":\"https:\/\/www.newyorkhipknee.com\/es\/\"},{\"@type\":\"ListItem\",\"position\":2,\"name\":\"Contacto\",\"item\":\"https:\/\/www.newyorkhipknee.com\/es\/contacto\/\"},{\"@type\":\"ListItem\",\"position\":3,\"name\":\"Lindenhurst &#8211; Mejor Cirujano de Reemplazo de Rodilla y Cadera\",\"item\":\"https:\/\/www.newyorkhipknee.com\/es\/contacto\/lindenhurst-mejor-cirujano-de-reemplazo-de-rodilla-y-cadera\/\"},{\"@type\":\"ListItem\",\"position\":4,\"name\":\"Amityville, NY\"}]},{\"@type\":\"WebSite\",\"@id\":\"https:\/\/www.newyorkhipknee.com\/es\/#website\",\"url\":\"https:\/\/www.newyorkhipknee.com\/es\/\",\"name\":\"Best Hip & Knee Surgeon | NY, USA\",\"description\":\"\",\"potentialAction\":[{\"@type\":\"SearchAction\",\"target\":{\"@type\":\"EntryPoint\",\"urlTemplate\":\"https:\/\/www.newyorkhipknee.com\/es\/?s={search_term_string}\"},\"query-input\":{\"@type\":\"PropertyValueSpecification\",\"valueRequired\":true,\"valueName\":\"search_term_string\"}}],\"inLanguage\":\"es\"}]}<\/script>\n<!-- \/ Yoast SEO plugin. -->","yoast_head_json":{"title":"Amityville, NY | Best Hip &amp; Knee Surgeon | NY, USA","description":"Dr. Nakul Karkare's Orthopedic Care le da la bienvenida a Amityville, NY: Su principal proveedor de atenci\u00f3n ortop\u00e9dica Hola de Dr. Nakul Karkare's","robots":{"index":"index","follow":"follow","max-snippet":"max-snippet:-1","max-image-preview":"max-image-preview:large","max-video-preview":"max-video-preview:-1"},"canonical":"https:\/\/www.newyorkhipknee.com\/es\/contacto\/lindenhurst-mejor-cirujano-de-reemplazo-de-rodilla-y-cadera\/amityville-ny\/","og_locale":"es_ES","og_type":"article","og_title":"Amityville, NY | Best Hip &amp; Knee Surgeon | NY, USA","og_description":"Dr. Nakul Karkare's Orthopedic Care le da la bienvenida a Amityville, NY: Su principal proveedor de atenci\u00f3n ortop\u00e9dica Hola de Dr. Nakul Karkare's","og_url":"https:\/\/www.newyorkhipknee.com\/es\/contacto\/lindenhurst-mejor-cirujano-de-reemplazo-de-rodilla-y-cadera\/amityville-ny\/","og_site_name":"Best Hip &amp; Knee Surgeon | NY, USA","twitter_card":"summary_large_image","twitter_misc":{"Tiempo de lectura":"11 minutos"},"schema":{"@context":"https:\/\/schema.org","@graph":[{"@type":["WebPage","MedicalWebPage"],"@id":"https:\/\/www.newyorkhipknee.com\/es\/contacto\/lindenhurst-mejor-cirujano-de-reemplazo-de-rodilla-y-cadera\/amityville-ny\/","url":"https:\/\/www.newyorkhipknee.com\/es\/contacto\/lindenhurst-mejor-cirujano-de-reemplazo-de-rodilla-y-cadera\/amityville-ny\/","name":"Amityville, NY | Best Hip &amp; Knee Surgeon | NY, USA","isPartOf":{"@id":"https:\/\/www.newyorkhipknee.com\/es\/#website"},"datePublished":"2023-11-01T20:05:44+00:00","description":"Dr. Nakul Karkare's Orthopedic Care le da la bienvenida a Amityville, NY: Su principal proveedor de atenci\u00f3n ortop\u00e9dica Hola de Dr. Nakul Karkare's","breadcrumb":{"@id":"https:\/\/www.newyorkhipknee.com\/es\/contacto\/lindenhurst-mejor-cirujano-de-reemplazo-de-rodilla-y-cadera\/amityville-ny\/#breadcrumb"},"inLanguage":"es","potentialAction":[{"@type":"ReadAction","target":["https:\/\/www.newyorkhipknee.com\/es\/contacto\/lindenhurst-mejor-cirujano-de-reemplazo-de-rodilla-y-cadera\/amityville-ny\/"]}]},{"@type":"BreadcrumbList","@id":"https:\/\/www.newyorkhipknee.com\/es\/contacto\/lindenhurst-mejor-cirujano-de-reemplazo-de-rodilla-y-cadera\/amityville-ny\/#breadcrumb","itemListElement":[{"@type":"ListItem","position":1,"name":"Home","item":"https:\/\/www.newyorkhipknee.com\/es\/"},{"@type":"ListItem","position":2,"name":"Contacto","item":"https:\/\/www.newyorkhipknee.com\/es\/contacto\/"},{"@type":"ListItem","position":3,"name":"Lindenhurst &#8211; Mejor Cirujano de Reemplazo de Rodilla y Cadera","item":"https:\/\/www.newyorkhipknee.com\/es\/contacto\/lindenhurst-mejor-cirujano-de-reemplazo-de-rodilla-y-cadera\/"},{"@type":"ListItem","position":4,"name":"Amityville, NY"}]},{"@type":"WebSite","@id":"https:\/\/www.newyorkhipknee.com\/es\/#website","url":"https:\/\/www.newyorkhipknee.com\/es\/","name":"Best Hip & Knee Surgeon | NY, USA","description":"","potentialAction":[{"@type":"SearchAction","target":{"@type":"EntryPoint","urlTemplate":"https:\/\/www.newyorkhipknee.com\/es\/?s={search_term_string}"},"query-input":{"@type":"PropertyValueSpecification","valueRequired":true,"valueName":"search_term_string"}}],"inLanguage":"es"}]}},"_links":{"self":[{"href":"https:\/\/www.newyorkhipknee.com\/es\/wp-json\/wp\/v2\/pages\/20884","targetHints":{"allow":["GET"]}}],"collection":[{"href":"https:\/\/www.newyorkhipknee.com\/es\/wp-json\/wp\/v2\/pages"}],"about":[{"href":"https:\/\/www.newyorkhipknee.com\/es\/wp-json\/wp\/v2\/types\/page"}],"author":[{"embeddable":true,"href":"https:\/\/www.newyorkhipknee.com\/es\/wp-json\/wp\/v2\/users\/33"}],"replies":[{"embeddable":true,"href":"https:\/\/www.newyorkhipknee.com\/es\/wp-json\/wp\/v2\/comments?post=20884"}],"version-history":[{"count":0,"href":"https:\/\/www.newyorkhipknee.com\/es\/wp-json\/wp\/v2\/pages\/20884\/revisions"}],"up":[{"embeddable":true,"href":"https:\/\/www.newyorkhipknee.com\/es\/wp-json\/wp\/v2\/pages\/16526"}],"wp:attachment":[{"href":"https:\/\/www.newyorkhipknee.com\/es\/wp-json\/wp\/v2\/media?parent=20884"}],"curies":[{"name":"wp","href":"https:\/\/api.w.org\/{rel}","templated":true}]}}