{"id":20895,"date":"2023-11-03T12:49:55","date_gmt":"2023-11-03T16:49:55","guid":{"rendered":"https:\/\/newyorkhipknee.com\/contacto\/lindenhurst-mejor-cirujano-de-reemplazo-de-rodilla-y-cadera\/islip-terrace-nueva-york\/"},"modified":"2023-11-03T12:49:55","modified_gmt":"2023-11-03T16:49:55","slug":"islip-terrace-nueva-york","status":"publish","type":"page","link":"https:\/\/www.newyorkhipknee.com\/es\/contacto\/lindenhurst-mejor-cirujano-de-reemplazo-de-rodilla-y-cadera\/islip-terrace-nueva-york\/","title":{"rendered":"Islip Terrace, Nueva York"},"content":{"rendered":"<h1>Centro Ortop\u00e9dico del Dr. Nakul Karkare: Su Proveedor de Cuidado Ortop\u00e9dico de Confianza en Islip Terrace, NY<\/h1>\n<p>Bienvenido al Centro Ortop\u00e9dico del Dr. Nakul Karkare, su principal destino para el cuidado ortop\u00e9dico ubicado en Lindenhurst, NY. El Dr. Karkare y su equipo altamente cualificado de cirujanos ortop\u00e9dicos y especialistas se dedican a la prestaci\u00f3n de servicios ortop\u00e9dicos de alta calidad a los residentes de Islip Terrace y las \u00e1reas circundantes.<\/p>\n<p>En el Centro Ortop\u00e9dico del Dr. Nakul Karkare, ofrecemos una amplia gama de servicios ortop\u00e9dicos para tratar diversas afecciones y lesiones musculoesquel\u00e9ticas. Nuestros servicios incluyen:<\/p>\n<p>1.<strong> Reemplazo de articulaciones:<\/strong> El Dr. Karkare y sus expertos ortop\u00e9dicos se especializan en procedimientos de reemplazo de articulaciones de cadera, rodilla y hombro para mejorar su movilidad y calidad de vida.<\/p>\n<p><strong>3. Medicina deportiva:<\/strong> El Dr. Karkare y sus especialistas en medicina deportiva est\u00e1n aqu\u00ed para ayudar a atletas de todos los niveles a recuperarse de lesiones y mejorar su rendimiento.<\/p>\n<p><strong>Acerca del Dr. Nakul Karkare:<\/strong><br \/>\nDr. Nakul Karkare es un cirujano ortop\u00e9dico certificado por la junta con una riqueza de experiencia y conocimientos en la prestaci\u00f3n de atenci\u00f3n ortop\u00e9dica excepcional. Posee numerosas certificaciones y se dedica a las t\u00e9cnicas quir\u00fargicas avanzadas, garantizando que los pacientes reciban el m\u00e1s alto nivel de atenci\u00f3n adaptada a sus necesidades \u00fanicas.<\/p>\n<p>El enfoque centrado en el paciente y las soluciones innovadoras del Dr. Karkare est\u00e1n a la vanguardia de la excelencia ortop\u00e9dica, lo que le convierte en un nombre de confianza en este campo. Cuando usted elige el Centro Ortop\u00e9dico del Dr. Nakul Karkare, est\u00e1 eligiendo la gu\u00eda experta y la atenci\u00f3n personalizada del Dr. Karkare para ayudarle a alcanzar una salud ortop\u00e9dica y un bienestar \u00f3ptimos.<\/p>\n<p><strong>\u00bfPor qu\u00e9 elegir el Centro Ortop\u00e9dico del Dr. Nakul Karkare?<\/strong><br \/>\nExperiencia: El equipo del Dr. Karkare est\u00e1 formado por cirujanos ortop\u00e9dicos experimentados y profesionales sanitarios dedicados a proporcionar el m\u00e1s alto nivel de atenci\u00f3n bajo la direcci\u00f3n del Dr. Karkare.<\/p>\n<p><strong>Conveniencia<\/strong>: Situado en Lindenhurst, somos f\u00e1cilmente accesibles a los residentes de Islip Terrace, asegurando que reciba atenci\u00f3n ortop\u00e9dica oportuna bajo la gu\u00eda experta del Dr. Karkare.<\/p>\n<p><strong>Compasi\u00f3n<\/strong>: El Dr. Karkare y su equipo priorizan su bienestar y se esfuerzan por hacer que su viaje ortop\u00e9dico sea lo m\u00e1s c\u00f3modo posible.<\/p>\n<p><strong>Tecnolog\u00eda de vanguardia:<\/strong> El Dr. Karkare aprovecha los \u00faltimos avances en medicina ortop\u00e9dica para ofrecerle los mejores tratamientos y resultados posibles.<\/p>\n<p>&nbsp;<\/p>\n<h1>Nuestros servicios:<\/h1>\n<h2><a href=\"https:\/\/newyorkhipknee.com\/custom-knee-replacement-surgery\/\" target=\"_blank\" rel=\"noopener\"><strong>Sustituci\u00f3n individualizada de rodilla:<\/strong><\/a><\/h2>\n<ul>\n<li>La pr\u00f3tesis de rodilla personalizada es un procedimiento quir\u00fargico avanzado que consiste en sustituir una articulaci\u00f3n de rodilla da\u00f1ada por un implante artificial especialmente dise\u00f1ado y adaptado meticulosamente a la estructura anat\u00f3mica \u00fanica del paciente.<\/li>\n<li>Este implante se elabora de forma intrincada utilizando tecnolog\u00eda de imagen de vanguardia, que crea un modelo tridimensional de la articulaci\u00f3n de la rodilla del paciente. Posteriormente, se elabora meticulosamente un implante a medida para que se adapte perfectamente a la rodilla del paciente.<\/li>\n<li>Este procedimiento se recomienda a las personas que padecen dolor intenso, rigidez e inflamaci\u00f3n de rodilla, lo que limita considerablemente sus actividades cotidianas y su calidad de vida.<\/li>\n<li>La pr\u00f3tesis de rodilla individualizada puede aliviar eficazmente el dolor, mejorar la movilidad y elevar la calidad de vida general de los pacientes con problemas en la articulaci\u00f3n de la rodilla.<\/li>\n<li>El Dr. Karkare posee un dominio excepcional de las t\u00e9cnicas quir\u00fargicas m\u00ednimamente invasivas para la sustituci\u00f3n articular. Emplea m\u00e9todos innovadores y tecnolog\u00eda de vanguardia para garantizar la colocaci\u00f3n precisa de los componentes de los implantes a trav\u00e9s de incisiones m\u00e1s peque\u00f1as que preservan los tejidos.<\/li>\n<li>Los pacientes que se someten a una artroplastia de rodilla personalizada pueden esperar una reducci\u00f3n del dolor, una recuperaci\u00f3n m\u00e1s r\u00e1pida y una mejora de la amplitud de movimiento en comparaci\u00f3n con las artroplastias tradicionales.<\/li>\n<\/ul>\n<p>&nbsp;<\/p>\n<p><a href=\"https:\/\/newyorkhipknee.com\/hip-replacement-surgery\/\" target=\"_blank\" rel=\"noopener\"><strong>Pr\u00f3tesis de cadera:<\/strong><\/a><\/p>\n<ul>\n<li>La artroplastia de cadera es un sofisticado procedimiento quir\u00fargico que consiste en sustituir una articulaci\u00f3n de cadera disfuncional por un implante artificial meticulosamente dise\u00f1ado, que reproduce de forma art\u00edstica la estructura y funci\u00f3n naturales de la articulaci\u00f3n de la cadera. Esto permite a los pacientes recuperar la movilidad y encontrar alivio a las molestias.<\/li>\n<li>Este procedimiento se recomienda a las personas que padecen dolor intenso de cadera, rigidez e inflamaci\u00f3n, que dificultan considerablemente sus actividades cotidianas y su calidad de vida.<\/li>\n<li>El Dr. Karkare est\u00e1 altamente cualificado en la utilizaci\u00f3n tanto de t\u00e9cnicas quir\u00fargicas tradicionales \u00ababiertas\u00bb como de abordajes m\u00ednimamente invasivos para la cirug\u00eda de pr\u00f3tesis de cadera.<\/li>\n<li>Los pacientes que se someten a una artroplastia de cadera pueden esperar una disminuci\u00f3n del dolor, una recuperaci\u00f3n acelerada y una mejora de la amplitud de movimiento en comparaci\u00f3n con su estado antes de la intervenci\u00f3n.<\/li>\n<li>El Dr. Karkare emplea t\u00e9cnicas de vanguardia y tecnolog\u00eda punta para garantizar la colocaci\u00f3n precisa de los componentes del implante a trav\u00e9s de incisiones m\u00e1s peque\u00f1as que preservan los tejidos.<\/li>\n<\/ul>\n<p><strong>Ventajas de la pr\u00f3tesis personalizada de rodilla y cadera:<\/strong><\/p>\n<ul>\n<li>Alivio del dolor y las molestias articulares causados por da\u00f1os.<\/li>\n<li>Mayor movilidad y amplitud de movimiento.<\/li>\n<li>Mejora de la calidad de vida en general.<\/li>\n<li>Recuperaci\u00f3n m\u00e1s r\u00e1pida en comparaci\u00f3n con los m\u00e9todos quir\u00fargicos tradicionales.<\/li>\n<li>Utilizaci\u00f3n de t\u00e9cnicas quir\u00fargicas m\u00ednimamente invasivas para reducir el dolor y acelerar la recuperaci\u00f3n.<\/li>\n<li>Colocaci\u00f3n precisa de los componentes del implante a trav\u00e9s de incisiones m\u00e1s peque\u00f1as que conservan los tejidos.<\/li>\n<li>Implantes personalizados adaptados a la anatom\u00eda \u00fanica del paciente, lo que permite obtener resultados superiores.<\/li>\n<\/ul>\n<p>El Dr. Karkare est\u00e1 profundamente comprometido con la prestaci\u00f3n de servicios integrales para las personas que se enfrentan a una serie de afecciones musculoesquel\u00e9ticas. Entiende el profundo impacto que los problemas ortop\u00e9dicos y las lesiones pueden tener en la vida cotidiana, y se dedica a ayudar a los pacientes a recuperar la movilidad, aliviar el dolor y mejorar su calidad de vida en general. Las consultas est\u00e1n disponibles en varios lugares de Manhattan y Long Island, Nueva York, ofreciendo a los pacientes la flexibilidad de elegir el lugar m\u00e1s conveniente para una consulta sin compromiso.<\/p>\n<p>Si padece dolor articular, rigidez, inflamaci\u00f3n o ha sufrido una lesi\u00f3n, no dude en ponerse en contacto con nosotros. Nuestro equipo de especialistas est\u00e1 aqu\u00ed para facilitarle la vuelta a las actividades que le gustan. Somos sus vecinos y su bienestar es nuestra m\u00e1xima prioridad. Perm\u00edtanos guiarle en su viaje hacia una mejor salud ortop\u00e9dica.<\/p>\n<p>&nbsp;<\/p>\n<h2>Acerca de Islip Terrace,NY<\/h2>\n<p>Islip Terrace, ubicado en la ciudad de Islip en Long Island, Nueva York, cuenta con una rica historia que se remonta a su asentamiento temprano a fines del siglo XIX. Estos son algunos de los aspectos hist\u00f3ricos m\u00e1s destacados:<\/p>\n<p><strong>1. Primeros asentamientos:<\/strong> La historia de Islip Terrace se remonta al siglo XIX, cuando la zona era principalmente agr\u00edcola. Se conoc\u00eda como \u00abGibsonton\u00bb en honor a uno de los primeros colonos, William Gibson.<\/p>\n<p><strong>2. Conexi\u00f3n ferroviaria:<\/strong> La llegada del ferrocarril de Long Island a finales del siglo XIX jug\u00f3 un papel crucial en el desarrollo de Islip Terrace. Facilit\u00f3 el transporte y anim\u00f3 a m\u00e1s residentes a mudarse a la zona.<\/p>\n<p>3. Crecimiento y desarrollo: A lo largo del siglo XX, Islip Terrace experiment\u00f3 un crecimiento <strong>y desarrollo<\/strong> significativos. Las comunidades residenciales se expandieron y el \u00e1rea se convirti\u00f3 en una parte vibrante de la ciudad de Islip.<\/p>\n<p>4. Esp\u00edritu comunitario: Islip Terrace es conocida por su fuerte sentido de esp\u00edritu <strong>comunitario.<\/strong> Las organizaciones locales, los eventos y los centros comunitarios han desempe\u00f1ado un papel fundamental en la uni\u00f3n de los residentes.<\/p>\n<p>&nbsp;<\/p>\n<h2>Demograf\u00eda:<\/h2>\n<p>A partir de los \u00faltimos datos disponibles (antes de septiembre de 2021), aqu\u00ed hay una descripci\u00f3n general de la demograf\u00eda de Islip Terrace, NY:<\/p>\n<p>Poblaci\u00f3n: Islip Terrace tiene una poblaci\u00f3n diversa, con una mezcla de familias, profesionales y jubilados. Se estima que el tama\u00f1o de la poblaci\u00f3n es de varios miles de residentes.<\/p>\n<p>Distribuci\u00f3n por edades: La poblaci\u00f3n incluye residentes de varios grupos de edad, desde familias j\u00f3venes hasta personas mayores. Una parte notable de la poblaci\u00f3n est\u00e1 compuesta por adultos de mediana edad.<\/p>\n<p>Diversidad \u00e9tnica: Islip Terrace es una comunidad diversa, con residentes de diversos or\u00edgenes \u00e9tnicos que contribuyen a su vibrante tapiz cultural.<\/p>\n<p>Educaci\u00f3n: La comunidad pone un fuerte \u00e9nfasis en la educaci\u00f3n, con acceso a escuelas de calidad y recursos educativos para residentes de todas las edades.<\/p>\n<p>Econom\u00eda: La econom\u00eda local es diversa, con residentes que se dedican a diversas profesiones e industrias, como la atenci\u00f3n m\u00e9dica, la educaci\u00f3n, el comercio minorista y m\u00e1s.<\/p>\n<p>&nbsp;<\/p>\n<h2>Turismo:<\/h2>\n<p>Si bien Islip Terrace es principalmente una comunidad residencial, ofrece a los visitantes y residentes por igual algunas atracciones y actividades dignas de menci\u00f3n:<\/p>\n<p>1. Parques locales: Islip Terrace alberga varios hermosos parques y espacios verdes, que brindan oportunidades para la recreaci\u00f3n al aire libre, el picnic y los paseos tranquilos.<\/p>\n<p>2. Proximidad a las playas: Uno de los principales atractivos de Islip Terrace es su proximidad a las impresionantes playas de South Shore de Long Island. Los residentes y visitantes pueden acceder f\u00e1cilmente a destinos de playa populares para nadar, tomar el sol y practicar deportes acu\u00e1ticos.<\/p>\n<p>3. Eventos culturales: Durante todo el a\u00f1o, Islip Terrace alberga una variedad de eventos culturales, ferias y festivales que muestran el talento, las artes y la artesan\u00eda locales.<\/p>\n<p>4. Restaurantes y tiendas: La comunidad ofrece una variedad de opciones gastron\u00f3micas, desde restaurantes informales hasta establecimientos de alta cocina. Adem\u00e1s, los centros comerciales brindan a los residentes un acceso conveniente a las tiendas minoristas.<\/p>\n<p>5. Lugares hist\u00f3ricos: Aunque no es un destino tur\u00edstico oficial, los entusiastas de la historia pueden explorar los hitos hist\u00f3ricos de la zona y conocer su rico patrimonio.<\/p>\n<p>Islip Terrace, NY, con su acogedora comunidad, su rica historia y su acceso tanto a la belleza natural como a las comodidades modernas, es una joya escondida en Long Island que contin\u00faa prosperando y evolucionando. Como ocurre con cualquier comunidad, su car\u00e1cter y oferta pueden haber evolucionado desde mi \u00faltima actualizaci\u00f3n en septiembre de 2021, por lo que es aconsejable consultar las fuentes locales para obtener la informaci\u00f3n m\u00e1s actualizada.<\/p>\n<p>&nbsp;<\/p>\n<h2>Farmacias cerca de Islip Terrace<\/h2>\n<p><strong>1. Farmacia Terraza<\/strong><br \/>\n&#8211; Direcci\u00f3n: 64 Carleton Ave Ste B, Islip Terrace, NY 11752<br \/>\n&#8211; Tel\u00e9fono: (631) 416-5577<\/p>\n<p><strong>2. Farmacia Raan<\/strong><br \/>\n&#8211; Direcci\u00f3n: 48 Lowell Ave, Islip Terrace, NY 11752<br \/>\n&#8211; Tel\u00e9fono: (631) 581-4285<\/p>\n<p><strong>3. Farmacia CVS<\/strong><br \/>\n&#8211; Direcci\u00f3n: 876 Connetquot Ave # C, Islip Terrace, NY 11752<\/p>\n<p>&nbsp;<\/p>\n<h2>Centro de radiolog\u00eda cerca de Islip Terrace NY<\/h2>\n<p><strong>1. Radiolog\u00eda Lenox Hill &#8211; East Islip<\/strong><br \/>\n&#8211; Direcci\u00f3n: Situado justo al lado de la autopista Montauk, al oeste del Parque Estatal del R\u00edo Connetquot.<br \/>\n&#8211; Tel\u00e9fono: No especificado<br \/>\n&#8211; P\u00e1gina web: [Lenox Hill Radiology \u2013 East Islip](https:\/\/www.radnet.com\/lenox-hill-radiology\/locations\/east-islip)<\/p>\n<p><strong>2. Im\u00e1genes de Northwell Health en Great South Bay<\/strong><br \/>\n&#8211; Direcci\u00f3n: 620 Montauk Highway, Islip, NY 11751<br \/>\n&#8211; Tel\u00e9fono: (631) 439-7237<br \/>\n&#8211; Fax: (631) 439-7290<br \/>\n&#8211; P\u00e1gina web: [Northwell Health Imaging at Great South Bay](https:\/\/www.northwell.edu\/imaging\/locations\/islip)<\/p>\n<p><strong>3. Radiolog\u00eda Zwanger-Pesiri &#8211; Brentwood<\/strong><br \/>\n&#8211; Direcci\u00f3n: No especificada<br \/>\n&#8211; Tel\u00e9fono: No especificado<br \/>\n&#8211; P\u00e1gina web: [Zwanger-Pesiri Radiology \u2013 Brentwood](https:\/\/zwangerpesiri.com\/locations\/west-islip\/)<\/p>\n<p>&nbsp;<\/p>\n<h2>Indicaciones<\/h2>\n<p>Para ir desde Islip Terrace, NY a Complete Orthopedics at 970 Wellwood Ave. Suite A, Lindenhurst, NY 11757, puede seguir estas instrucciones:<\/p>\n<p>1. Comience dirigi\u00e9ndose hacia el sur por Carlton Ave hacia Islip Blvd.<br \/>\n2. Gire a la derecha en Islip Blvd.<br \/>\n3. Contin\u00fae por Islip Blvd durante aproximadamente 1.5 millas.<br \/>\n4. Incorp\u00f3rese a Southern State Parkway West a trav\u00e9s de la rampa de la izquierda.<br \/>\n5. Permanezca en Southern State Parkway West durante aproximadamente 6.5 millas.<br \/>\n6. Tome la salida 33 hacia NY-109\/Farmingdale\/Babylon.<br \/>\n7. Incorp\u00f3rese a NY-109 North\/Farmingdale Rd.<br \/>\n8. Contin\u00fae por NY-109 North\/Farmingdale Rd durante aproximadamente 2 millas.<br \/>\n9. Gire a la derecha en Wellwood Ave.<br \/>\n10. Conduzca aproximadamente 1 milla y llegar\u00e1 a 970 Wellwood Ave, Suite A, Lindenhurst, NY 11757, que se encuentra en el lado derecho.<\/p>\n<p>Complete Orthopatics debe ubicarse en esa direcci\u00f3n. Tenga en cuenta que las condiciones del tr\u00e1fico pueden afectar a su tiempo de viaje, por lo que es buena idea comprobar las actualizaciones del tr\u00e1fico en tiempo real antes de iniciar el viaje.<\/p>\n<p>&nbsp;<\/p>\n<h2>Hospitales y centros de atenci\u00f3n de urgencia cerca de Islip Terrace<\/h2>\n<p><strong>Stony Brook Children&#8217;s<\/strong> 2701 Sunrise Hwy, Islip Terrace, NY 11752<br \/>\n<strong>Stony Brook Atenci\u00f3n primaria<\/strong> 2701 Sunrise Hwy, Islip Terrace, NY 11752<\/p>\n<p>&nbsp;<\/p>\n<p>Nos enorgullecemos de brindar atenci\u00f3n ortop\u00e9dica integral a pacientes de varios centros de atenci\u00f3n m\u00e9dica dentro de nuestra comunidad, incluidos los mencionados anteriormente.<\/p>\n<p>Ya sea que se ponga en contacto con nosotros a trav\u00e9s de una referencia para el tratamiento ortop\u00e9dico o simplemente desea buscar orientaci\u00f3n con respecto a cualquier preocupaci\u00f3n ortop\u00e9dica, por favor no dude en ponerse en contacto con nuestro equipo dedicado 24\/7. Estamos aqu\u00ed para brindar apoyo oportuno y compasivo.<\/p>\n<p>Muchas personas buscan tratamiento para lesiones relacionadas con la indemnizaci\u00f3n por accidente laboral y el seguro sin culpa en hospitales y centros de urgencias. Si su lesi\u00f3n no requiere una visita al hospital, nos complace ofrecerle atenci\u00f3n ortop\u00e9dica especializada adaptada a esas circunstancias. No dude en contactarnos al 631-981-2663 para programar una cita con nosotros hoy. Su bienestar es nuestra m\u00e1xima prioridad.<\/p>\n","protected":false},"excerpt":{"rendered":"<p>Centro Ortop\u00e9dico del Dr. Nakul Karkare: Su Proveedor de Cuidado Ortop\u00e9dico de Confianza en Islip Terrace, NY Bienvenido al Centro Ortop\u00e9dico del Dr. Nakul Karkare, su principal destino para el cuidado ortop\u00e9dico ubicado en Lindenhurst, NY. El Dr. Karkare y su equipo altamente cualificado de cirujanos ortop\u00e9dicos y especialistas se dedican a la prestaci\u00f3n de [&hellip;]<\/p>\n","protected":false},"author":33,"featured_media":0,"parent":16526,"menu_order":0,"comment_status":"closed","ping_status":"closed","template":"","meta":{"_et_pb_use_builder":"","_et_pb_old_content":"","_et_gb_content_width":"","footnotes":""},"class_list":["post-20895","page","type-page","status-publish","hentry"],"yoast_head":"<!-- This site is optimized with the Yoast SEO plugin v27.2 - https:\/\/yoast.com\/product\/yoast-seo-wordpress\/ -->\n<title>Islip Terrace, Nueva York | Best Hip &amp; Knee Surgeon | NY, USA<\/title>\n<meta name=\"description\" content=\"Centro Ortop\u00e9dico del Dr. Nakul Karkare: Su Proveedor de Cuidado Ortop\u00e9dico de Confianza en Islip Terrace, NY Bienvenido al Centro Ortop\u00e9dico del Dr.\" \/>\n<meta name=\"robots\" content=\"index, follow, max-snippet:-1, max-image-preview:large, max-video-preview:-1\" \/>\n<link rel=\"canonical\" href=\"https:\/\/www.newyorkhipknee.com\/es\/contacto\/lindenhurst-mejor-cirujano-de-reemplazo-de-rodilla-y-cadera\/islip-terrace-nueva-york\/\" \/>\n<meta property=\"og:locale\" content=\"es_ES\" \/>\n<meta property=\"og:type\" content=\"article\" \/>\n<meta property=\"og:title\" content=\"Islip Terrace, Nueva York | Best Hip &amp; Knee Surgeon | NY, USA\" \/>\n<meta property=\"og:description\" content=\"Centro Ortop\u00e9dico del Dr. Nakul Karkare: Su Proveedor de Cuidado Ortop\u00e9dico de Confianza en Islip Terrace, NY Bienvenido al Centro Ortop\u00e9dico del Dr.\" \/>\n<meta property=\"og:url\" content=\"https:\/\/www.newyorkhipknee.com\/es\/contacto\/lindenhurst-mejor-cirujano-de-reemplazo-de-rodilla-y-cadera\/islip-terrace-nueva-york\/\" \/>\n<meta property=\"og:site_name\" content=\"Best Hip &amp; Knee Surgeon | NY, USA\" \/>\n<meta name=\"twitter:card\" content=\"summary_large_image\" \/>\n<meta name=\"twitter:label1\" content=\"Tiempo de lectura\" \/>\n\t<meta name=\"twitter:data1\" content=\"12 minutos\" \/>\n<script type=\"application\/ld+json\" class=\"yoast-schema-graph\">{\"@context\":\"https:\/\/schema.org\",\"@graph\":[{\"@type\":[\"WebPage\",\"MedicalWebPage\"],\"@id\":\"https:\/\/www.newyorkhipknee.com\/es\/contacto\/lindenhurst-mejor-cirujano-de-reemplazo-de-rodilla-y-cadera\/islip-terrace-nueva-york\/\",\"url\":\"https:\/\/www.newyorkhipknee.com\/es\/contacto\/lindenhurst-mejor-cirujano-de-reemplazo-de-rodilla-y-cadera\/islip-terrace-nueva-york\/\",\"name\":\"Islip Terrace, Nueva York | Best Hip &amp; Knee Surgeon | NY, USA\",\"isPartOf\":{\"@id\":\"https:\/\/www.newyorkhipknee.com\/es\/#website\"},\"datePublished\":\"2023-11-03T16:49:55+00:00\",\"description\":\"Centro Ortop\u00e9dico del Dr. Nakul Karkare: Su Proveedor de Cuidado Ortop\u00e9dico de Confianza en Islip Terrace, NY Bienvenido al Centro Ortop\u00e9dico del Dr.\",\"breadcrumb\":{\"@id\":\"https:\/\/www.newyorkhipknee.com\/es\/contacto\/lindenhurst-mejor-cirujano-de-reemplazo-de-rodilla-y-cadera\/islip-terrace-nueva-york\/#breadcrumb\"},\"inLanguage\":\"es\",\"potentialAction\":[{\"@type\":\"ReadAction\",\"target\":[\"https:\/\/www.newyorkhipknee.com\/es\/contacto\/lindenhurst-mejor-cirujano-de-reemplazo-de-rodilla-y-cadera\/islip-terrace-nueva-york\/\"]}]},{\"@type\":\"BreadcrumbList\",\"@id\":\"https:\/\/www.newyorkhipknee.com\/es\/contacto\/lindenhurst-mejor-cirujano-de-reemplazo-de-rodilla-y-cadera\/islip-terrace-nueva-york\/#breadcrumb\",\"itemListElement\":[{\"@type\":\"ListItem\",\"position\":1,\"name\":\"Home\",\"item\":\"https:\/\/www.newyorkhipknee.com\/es\/\"},{\"@type\":\"ListItem\",\"position\":2,\"name\":\"Contacto\",\"item\":\"https:\/\/www.newyorkhipknee.com\/es\/contacto\/\"},{\"@type\":\"ListItem\",\"position\":3,\"name\":\"Lindenhurst &#8211; Mejor Cirujano de Reemplazo de Rodilla y Cadera\",\"item\":\"https:\/\/www.newyorkhipknee.com\/es\/contacto\/lindenhurst-mejor-cirujano-de-reemplazo-de-rodilla-y-cadera\/\"},{\"@type\":\"ListItem\",\"position\":4,\"name\":\"Islip Terrace, Nueva York\"}]},{\"@type\":\"WebSite\",\"@id\":\"https:\/\/www.newyorkhipknee.com\/es\/#website\",\"url\":\"https:\/\/www.newyorkhipknee.com\/es\/\",\"name\":\"Best Hip & Knee Surgeon | NY, USA\",\"description\":\"\",\"potentialAction\":[{\"@type\":\"SearchAction\",\"target\":{\"@type\":\"EntryPoint\",\"urlTemplate\":\"https:\/\/www.newyorkhipknee.com\/es\/?s={search_term_string}\"},\"query-input\":{\"@type\":\"PropertyValueSpecification\",\"valueRequired\":true,\"valueName\":\"search_term_string\"}}],\"inLanguage\":\"es\"}]}<\/script>\n<!-- \/ Yoast SEO plugin. -->","yoast_head_json":{"title":"Islip Terrace, Nueva York | Best Hip &amp; Knee Surgeon | NY, USA","description":"Centro Ortop\u00e9dico del Dr. Nakul Karkare: Su Proveedor de Cuidado Ortop\u00e9dico de Confianza en Islip Terrace, NY Bienvenido al Centro Ortop\u00e9dico del Dr.","robots":{"index":"index","follow":"follow","max-snippet":"max-snippet:-1","max-image-preview":"max-image-preview:large","max-video-preview":"max-video-preview:-1"},"canonical":"https:\/\/www.newyorkhipknee.com\/es\/contacto\/lindenhurst-mejor-cirujano-de-reemplazo-de-rodilla-y-cadera\/islip-terrace-nueva-york\/","og_locale":"es_ES","og_type":"article","og_title":"Islip Terrace, Nueva York | Best Hip &amp; Knee Surgeon | NY, USA","og_description":"Centro Ortop\u00e9dico del Dr. Nakul Karkare: Su Proveedor de Cuidado Ortop\u00e9dico de Confianza en Islip Terrace, NY Bienvenido al Centro Ortop\u00e9dico del Dr.","og_url":"https:\/\/www.newyorkhipknee.com\/es\/contacto\/lindenhurst-mejor-cirujano-de-reemplazo-de-rodilla-y-cadera\/islip-terrace-nueva-york\/","og_site_name":"Best Hip &amp; Knee Surgeon | NY, USA","twitter_card":"summary_large_image","twitter_misc":{"Tiempo de lectura":"12 minutos"},"schema":{"@context":"https:\/\/schema.org","@graph":[{"@type":["WebPage","MedicalWebPage"],"@id":"https:\/\/www.newyorkhipknee.com\/es\/contacto\/lindenhurst-mejor-cirujano-de-reemplazo-de-rodilla-y-cadera\/islip-terrace-nueva-york\/","url":"https:\/\/www.newyorkhipknee.com\/es\/contacto\/lindenhurst-mejor-cirujano-de-reemplazo-de-rodilla-y-cadera\/islip-terrace-nueva-york\/","name":"Islip Terrace, Nueva York | Best Hip &amp; Knee Surgeon | NY, USA","isPartOf":{"@id":"https:\/\/www.newyorkhipknee.com\/es\/#website"},"datePublished":"2023-11-03T16:49:55+00:00","description":"Centro Ortop\u00e9dico del Dr. Nakul Karkare: Su Proveedor de Cuidado Ortop\u00e9dico de Confianza en Islip Terrace, NY Bienvenido al Centro Ortop\u00e9dico del Dr.","breadcrumb":{"@id":"https:\/\/www.newyorkhipknee.com\/es\/contacto\/lindenhurst-mejor-cirujano-de-reemplazo-de-rodilla-y-cadera\/islip-terrace-nueva-york\/#breadcrumb"},"inLanguage":"es","potentialAction":[{"@type":"ReadAction","target":["https:\/\/www.newyorkhipknee.com\/es\/contacto\/lindenhurst-mejor-cirujano-de-reemplazo-de-rodilla-y-cadera\/islip-terrace-nueva-york\/"]}]},{"@type":"BreadcrumbList","@id":"https:\/\/www.newyorkhipknee.com\/es\/contacto\/lindenhurst-mejor-cirujano-de-reemplazo-de-rodilla-y-cadera\/islip-terrace-nueva-york\/#breadcrumb","itemListElement":[{"@type":"ListItem","position":1,"name":"Home","item":"https:\/\/www.newyorkhipknee.com\/es\/"},{"@type":"ListItem","position":2,"name":"Contacto","item":"https:\/\/www.newyorkhipknee.com\/es\/contacto\/"},{"@type":"ListItem","position":3,"name":"Lindenhurst &#8211; Mejor Cirujano de Reemplazo de Rodilla y Cadera","item":"https:\/\/www.newyorkhipknee.com\/es\/contacto\/lindenhurst-mejor-cirujano-de-reemplazo-de-rodilla-y-cadera\/"},{"@type":"ListItem","position":4,"name":"Islip Terrace, Nueva York"}]},{"@type":"WebSite","@id":"https:\/\/www.newyorkhipknee.com\/es\/#website","url":"https:\/\/www.newyorkhipknee.com\/es\/","name":"Best Hip & Knee Surgeon | NY, USA","description":"","potentialAction":[{"@type":"SearchAction","target":{"@type":"EntryPoint","urlTemplate":"https:\/\/www.newyorkhipknee.com\/es\/?s={search_term_string}"},"query-input":{"@type":"PropertyValueSpecification","valueRequired":true,"valueName":"search_term_string"}}],"inLanguage":"es"}]}},"_links":{"self":[{"href":"https:\/\/www.newyorkhipknee.com\/es\/wp-json\/wp\/v2\/pages\/20895","targetHints":{"allow":["GET"]}}],"collection":[{"href":"https:\/\/www.newyorkhipknee.com\/es\/wp-json\/wp\/v2\/pages"}],"about":[{"href":"https:\/\/www.newyorkhipknee.com\/es\/wp-json\/wp\/v2\/types\/page"}],"author":[{"embeddable":true,"href":"https:\/\/www.newyorkhipknee.com\/es\/wp-json\/wp\/v2\/users\/33"}],"replies":[{"embeddable":true,"href":"https:\/\/www.newyorkhipknee.com\/es\/wp-json\/wp\/v2\/comments?post=20895"}],"version-history":[{"count":0,"href":"https:\/\/www.newyorkhipknee.com\/es\/wp-json\/wp\/v2\/pages\/20895\/revisions"}],"up":[{"embeddable":true,"href":"https:\/\/www.newyorkhipknee.com\/es\/wp-json\/wp\/v2\/pages\/16526"}],"wp:attachment":[{"href":"https:\/\/www.newyorkhipknee.com\/es\/wp-json\/wp\/v2\/media?parent=20895"}],"curies":[{"name":"wp","href":"https:\/\/api.w.org\/{rel}","templated":true}]}}