{"id":20906,"date":"2023-11-17T16:52:43","date_gmt":"2023-11-17T21:52:43","guid":{"rendered":"https:\/\/newyorkhipknee.com\/contacto\/little-neck-mejor-cirujano-de-reemplazo-de-cadera-y-rodilla\/carle-place-nueva-york\/"},"modified":"2023-11-17T16:52:43","modified_gmt":"2023-11-17T21:52:43","slug":"carle-place-nueva-york","status":"publish","type":"page","link":"https:\/\/www.newyorkhipknee.com\/es\/contacto\/little-neck-mejor-cirujano-de-reemplazo-de-cadera-y-rodilla\/carle-place-nueva-york\/","title":{"rendered":"Carle Place, Nueva York"},"content":{"rendered":"<h1>Centro Ortop\u00e9dico del Dr. Nakul Karkare: Su proveedor de atenci\u00f3n ortop\u00e9dica de confianza en Carle Place, NY<\/h1>\n<p>Bienvenido al Centro Ortop\u00e9dico del Dr. Nakul Karkare, su principal destino para el cuidado ortop\u00e9dico ubicado en Little Neck, NY. El Dr. Karkare y su equipo altamente cualificado de cirujanos ortop\u00e9dicos y especialistas se dedican a la prestaci\u00f3n de servicios ortop\u00e9dicos de alta calidad a los residentes de Carle Placey las \u00e1reas circundantes.<\/p>\n<p>En el Centro Ortop\u00e9dico del Dr. Nakul Karkare, ofrecemos una amplia gama de servicios ortop\u00e9dicos para tratar diversas afecciones y lesiones musculoesquel\u00e9ticas. Nuestros servicios incluyen:<\/p>\n<p>1.<strong> Reemplazo de articulaciones:<\/strong> El Dr. Karkare y sus expertos ortop\u00e9dicos se especializan en procedimientos de reemplazo de articulaciones de cadera, rodilla y hombro para mejorar su movilidad y calidad de vida.<\/p>\n<p><strong>3. Medicina deportiva:<\/strong> El Dr. Karkare y sus especialistas en medicina deportiva est\u00e1n aqu\u00ed para ayudar a atletas de todos los niveles a recuperarse de lesiones y mejorar su rendimiento.<\/p>\n<p><strong>Acerca del Dr. Nakul Karkare:<\/strong><br \/>\nDr. Nakul Karkare es un cirujano ortop\u00e9dico certificado por la junta con una riqueza de experiencia y conocimientos en la prestaci\u00f3n de atenci\u00f3n ortop\u00e9dica excepcional. Posee numerosas certificaciones y se dedica a las t\u00e9cnicas quir\u00fargicas avanzadas, garantizando que los pacientes reciban el m\u00e1s alto nivel de atenci\u00f3n adaptada a sus necesidades \u00fanicas.<\/p>\n<p>El enfoque centrado en el paciente y las soluciones innovadoras del Dr. Karkare est\u00e1n a la vanguardia de la excelencia ortop\u00e9dica, lo que le convierte en un nombre de confianza en este campo. Cuando usted elige el Centro Ortop\u00e9dico del Dr. Nakul Karkare, est\u00e1 eligiendo la gu\u00eda experta y el cuidado personalizado del Dr. Karkare para ayudarle a alcanzar una salud ortop\u00e9dica y un bienestar \u00f3ptimos.<\/p>\n<p><strong>\u00bfPor qu\u00e9 elegir el Centro Ortop\u00e9dico del Dr. Nakul Karkare?<\/strong><br \/>\nExperiencia: El equipo del Dr. Karkare est\u00e1 formado por cirujanos ortop\u00e9dicos experimentados y profesionales sanitarios dedicados a proporcionar el m\u00e1s alto nivel de atenci\u00f3n bajo la direcci\u00f3n del Dr. Karkare.<\/p>\n<p><strong>Conveniencia<\/strong>: Situado en Lindenhurst, somos f\u00e1cilmente accesibles a los residentes de Carle Place, asegurando que reciba atenci\u00f3n ortop\u00e9dica oportuna bajo la gu\u00eda experta del Dr. Karkare.<\/p>\n<p><strong>Compasi\u00f3n<\/strong>: El Dr. Karkare y su equipo priorizan su bienestar y se esfuerzan por hacer que su viaje ortop\u00e9dico sea lo m\u00e1s c\u00f3modo posible.<\/p>\n<p><strong>Tecnolog\u00eda de vanguardia:<\/strong> El Dr. Karkare aprovecha los \u00faltimos avances en medicina ortop\u00e9dica para ofrecerle los mejores tratamientos y resultados posibles.<\/p>\n<p>&nbsp;<\/p>\n<h1>Nuestros servicios:<\/h1>\n<h2><a role=\"link\" href=\"https:\/\/newyorkhipknee.com\/custom-knee-replacement-surgery\/\" target=\"_blank\" rel=\"noopener\"><strong>Sustituci\u00f3n individualizada de rodilla:<\/strong><\/a><\/h2>\n<ul>\n<li>La pr\u00f3tesis de rodilla personalizada es un procedimiento quir\u00fargico avanzado que consiste en sustituir una articulaci\u00f3n de rodilla da\u00f1ada por un implante artificial especialmente dise\u00f1ado y adaptado meticulosamente a la estructura anat\u00f3mica \u00fanica del paciente.<\/li>\n<li>Este implante se elabora de forma intrincada utilizando tecnolog\u00eda de imagen de vanguardia, que crea un modelo tridimensional de la articulaci\u00f3n de la rodilla del paciente. Posteriormente, se elabora meticulosamente un implante a medida para que se adapte perfectamente a la rodilla del paciente.<\/li>\n<li>Este procedimiento se recomienda a las personas que padecen dolor intenso, rigidez e inflamaci\u00f3n de rodilla, lo que limita considerablemente sus actividades cotidianas y su calidad de vida.<\/li>\n<li>La pr\u00f3tesis de rodilla individualizada puede aliviar eficazmente el dolor, mejorar la movilidad y elevar la calidad de vida general de los pacientes con problemas en la articulaci\u00f3n de la rodilla.<\/li>\n<li>El Dr. Karkare posee un dominio excepcional de las t\u00e9cnicas quir\u00fargicas m\u00ednimamente invasivas para la sustituci\u00f3n articular. Emplea m\u00e9todos innovadores y tecnolog\u00eda de vanguardia para garantizar la colocaci\u00f3n precisa de los componentes de los implantes a trav\u00e9s de incisiones m\u00e1s peque\u00f1as que preservan los tejidos.<\/li>\n<li>Los pacientes que se someten a una artroplastia de rodilla personalizada pueden esperar una reducci\u00f3n del dolor, una recuperaci\u00f3n m\u00e1s r\u00e1pida y una mejora de la amplitud de movimiento en comparaci\u00f3n con las artroplastias tradicionales.<\/li>\n<\/ul>\n<p>&nbsp;<\/p>\n<p><a role=\"link\" href=\"https:\/\/newyorkhipknee.com\/hip-replacement-surgery\/\" target=\"_blank\" rel=\"noopener\"><strong>Pr\u00f3tesis de cadera:<\/strong><\/a><\/p>\n<ul>\n<li>La artroplastia de cadera es un sofisticado procedimiento quir\u00fargico que consiste en sustituir una articulaci\u00f3n de cadera disfuncional por un implante artificial meticulosamente dise\u00f1ado, que reproduce de forma art\u00edstica la estructura y funci\u00f3n naturales de la articulaci\u00f3n de la cadera. Esto permite a los pacientes recuperar la movilidad y encontrar alivio a las molestias.<\/li>\n<li>Este procedimiento se recomienda a las personas que padecen dolor intenso de cadera, rigidez e inflamaci\u00f3n, que dificultan considerablemente sus actividades cotidianas y su calidad de vida.<\/li>\n<li>El Dr. Karkare est\u00e1 altamente cualificado en la utilizaci\u00f3n tanto de t\u00e9cnicas quir\u00fargicas tradicionales \u00ababiertas\u00bb como de abordajes m\u00ednimamente invasivos para la cirug\u00eda de pr\u00f3tesis de cadera.<\/li>\n<li>Los pacientes que se someten a una artroplastia de cadera pueden esperar una disminuci\u00f3n del dolor, una recuperaci\u00f3n acelerada y una mejora de la amplitud de movimiento en comparaci\u00f3n con su estado antes de la intervenci\u00f3n.<\/li>\n<li>El Dr. Karkare emplea t\u00e9cnicas de vanguardia y tecnolog\u00eda punta para garantizar la colocaci\u00f3n precisa de los componentes del implante a trav\u00e9s de incisiones m\u00e1s peque\u00f1as que preservan los tejidos.<\/li>\n<\/ul>\n<p><strong>Ventajas de la pr\u00f3tesis personalizada de rodilla y cadera:<\/strong><\/p>\n<ul>\n<li>Alivio del dolor y las molestias articulares causados por da\u00f1os.<\/li>\n<li>Mayor movilidad y amplitud de movimiento.<\/li>\n<li>Mejora de la calidad de vida en general.<\/li>\n<li>Recuperaci\u00f3n m\u00e1s r\u00e1pida en comparaci\u00f3n con los m\u00e9todos quir\u00fargicos tradicionales.<\/li>\n<li>Utilizaci\u00f3n de t\u00e9cnicas quir\u00fargicas m\u00ednimamente invasivas para reducir el dolor y acelerar la recuperaci\u00f3n.<\/li>\n<li>Colocaci\u00f3n precisa de los componentes del implante a trav\u00e9s de incisiones m\u00e1s peque\u00f1as que conservan los tejidos.<\/li>\n<li>Implantes personalizados adaptados a la anatom\u00eda \u00fanica del paciente, lo que permite obtener resultados superiores.<\/li>\n<\/ul>\n<p>El Dr. Karkare est\u00e1 profundamente comprometido con la prestaci\u00f3n de servicios integrales para las personas que se enfrentan a una serie de afecciones musculoesquel\u00e9ticas. Entiende el profundo impacto que los problemas ortop\u00e9dicos y las lesiones pueden tener en la vida cotidiana, y se dedica a ayudar a los pacientes a recuperar la movilidad, aliviar el dolor y mejorar su calidad de vida en general. Las consultas est\u00e1n disponibles en varios lugares de Manhattan y Long Island, Nueva York, ofreciendo a los pacientes la flexibilidad de elegir el lugar m\u00e1s conveniente para una consulta sin compromiso.<\/p>\n<p>Si padece dolor articular, rigidez, inflamaci\u00f3n o ha sufrido una lesi\u00f3n, no dude en ponerse en contacto con nosotros. Nuestro equipo de especialistas est\u00e1 aqu\u00ed para facilitarle la vuelta a las actividades que le gustan. Somos sus vecinos y su bienestar es nuestra m\u00e1xima prioridad. Perm\u00edtanos guiarle en su viaje hacia una mejor salud ortop\u00e9dica.<\/p>\n<h1><\/h1>\n<h1>Acerca de Carle Place<\/h1>\n<p><span class=\"\">Carle Place (NY) es una aldea ubicada en la ciudad de North Hempstead en el condado de Nassau, en Long Island, en Nueva York, Estados Unidos. La poblaci\u00f3n del CDP era de 4.981 habitantes en el censo de 2010.<\/span><\/p>\n<p><span class=\"\">Carle Place se considera un barrio dormitorio de la ciudad de Nueva York. Como tal, muchos residentes viajan hacia\/desde Nueva York por trabajo. La aldea tambi\u00e9n consta de \u00e1reas de diferentes tama\u00f1os zonificadas para usos comerciales, minoristas e industriales. Adem\u00e1s, Carle Place es la sede de 1-800 Flowers.<\/span><\/p>\n<h3>Historia de Carle Place, NY<\/h3>\n<p><span class=\"\">Carle Place, Nueva York, se conoc\u00eda originalmente como Frog Hollow y Mineola Park. La aldea lleva el nombre de un terrateniente local, Silas Carle, que pose\u00eda una gran extensi\u00f3n de tierra en la zona. La aldea era principalmente una comunidad agr\u00edcola, siendo la agricultura y la pesca las principales industrias. Durante el siglo XIX, la aldea se convirti\u00f3 en un destino popular para los neoyorquinos adinerados, que construyeron casas de verano y centros tur\u00edsticos en la zona.<\/span><\/p>\n<h3>Cultura de Carle Place, NY<\/h3>\n<p><span class=\"\">Carle Place, Nueva York, tiene una rica historia cultural, y la aldea alberga una serie de museos e instituciones culturales. La aldea tambi\u00e9n es conocida por sus hermosos parques, que atraen a visitantes de todo el mundo. La aldea alberga un distrito comercial con vida nocturna, hoteles, restaurantes frente al mar y una variedad de tiendas.<\/span><\/p>\n<h3>Turismo en Carle Place, NY<\/h3>\n<p><span class=\"\">Carle Place, Nueva York, es un destino tur\u00edstico en crecimiento, gracias en parte a sus hermosos parques, pueblos encantadores y un rico patrimonio cultural. La aldea alberga una serie de atracciones que atraen a visitantes de todo el mundo.<\/span><span class=\"\">Una de las atracciones m\u00e1s populares de Carle Place son sus hermosos parques. Los visitantes pueden disfrutar de diversas actividades al aire libre, como senderismo, ciclismo y picnic, en los parques de la aldea. La aldea tambi\u00e9n alberga una serie de reservas naturales, incluido el Parque Eisenhower, que ofrece rutas de senderismo y oportunidades de observaci\u00f3n de aves.<\/span><span class=\"\">Otra atracci\u00f3n popular en Carle Place es la sede de 1-800 Flowers, que es un minorista de flores y regalos de renombre mundial. Los visitantes pueden hacer un recorrido por las instalaciones y conocer la historia de la empresa.<\/span><\/p>\n<h3>Conclusi\u00f3n<\/h3>\n<p><span class=\"\">Carle Place, NY es una aldea con una rica historia, una cultura vibrante y una industria tur\u00edstica en crecimiento. Los visitantes de la aldea pueden explorar sus museos e instituciones culturales, disfrutar de sus hermosos parques y reservas naturales, y relajarse en sus encantadores pueblos.<\/span><\/p>\n<h2><\/h2>\n<h2>Indicaciones<\/h2>\n<p>Estas son las instrucciones desde Carle Place, NY para completar la ortopedia en 52-21 Little Neck Parkway, Little Neck, NY 11362:<\/p>\n<p>1. Dir\u00edjase hacia el este por Old Country Rd hacia Mineola Ave.<br \/>\n2. Gire a la izquierda en Mineola Ave.<br \/>\n3. Gire a la derecha en Jericho Turnpike.<br \/>\n4. Gire a la izquierda en Glen Cove Rd.<br \/>\n5. Gire a la derecha en Northern Blvd.<br \/>\n6. Gire a la izquierda en Little Neck Pkwy.<br \/>\n7. La ortopedia completa estar\u00e1 a la izquierda en 52-21 Little Neck Pkwy.<\/p>\n<p>Nota: Las indicaciones exactas pueden variar en funci\u00f3n de la ubicaci\u00f3n de partida. Se recomienda utilizar un GPS o un servicio de mapas para obtener las direcciones m\u00e1s precisas.<\/p>\n<h2><\/h2>\n<h2>Atenci\u00f3n m\u00e9dica cerca de Carle Place<\/h2>\n<h4>Farmacias<\/h4>\n<ol class=\"list-outside list-decimal marker:font-mono marker:text-sm pl-11\">\n<li><span class=\"\">Farmacia CVS &#8211; 333 Glen Cove Rd, Greenvale, NY 11548<\/span><\/li>\n<li><span class=\"\">Farmacia Walgreens &#8211; 399 Old Country Rd, Carle Place, NY 11514<\/span><\/li>\n<li><span class=\"\">Farmacia Rite Aid &#8211; 1 Old Country Rd, Carle Place, NY 11514<\/span><\/li>\n<\/ol>\n<h4>Centros de Radiolog\u00eda<\/h4>\n<ol class=\"list-outside list-decimal marker:font-mono marker:text-sm pl-11\">\n<li><span class=\"\">Northwell Health Imaging en New Hyde Park &#8211; 1999 Marcus Ave, New Hyde Park, NY 11042<\/span><\/li>\n<li><span class=\"\">Radiolog\u00eda Zwanger-Pesiri &#8211; 233 Willis Ave, Roslyn Heights, NY 11577<\/span><\/li>\n<li><span class=\"\">North Shore Radiology Associates &#8211; 3003 New Hyde Park Rd, New Hyde Park, NY 11042<\/span><\/li>\n<\/ol>\n<h4>Centros de Atenci\u00f3n de Urgencia<\/h4>\n<ol class=\"list-outside list-decimal marker:font-mono marker:text-sm pl-11\">\n<li><span class=\"\">Northwell Health-GoHealth Urgent Care &#8211; 243 Merrick Rd, Rockville Centre, NY 11570<\/span><\/li>\n<li><span class=\"\">CityMD Rockville Centre Urgent Care &#8211; Long Island &#8211; 77 N Centre Ave, Rockville Centre, NY 11570<\/span><\/li>\n<li><span class=\"\">ProHEALTH Atenci\u00f3n de Urgencia &#8211; 2064 Merrick Rd, Merrick, NY 11566<\/span><\/li>\n<\/ol>\n<h4>Hospitales<\/h4>\n<ol class=\"list-outside list-decimal marker:font-mono marker:text-sm pl-11\">\n<li><span class=\"\">Hospital Universitario North Shore &#8211; 300 Community Dr, Manhasset, NY 11030<\/span><\/li>\n<li><span class=\"\">Centro M\u00e9dico Mercy &#8211; 1000 N Village Ave, Rockville Centre, NY 11570<\/span><\/li>\n<li><span class=\"\">Mount Sinai South Nassau &#8211; 2277 Grand Ave, Baldwin, NY 11510<\/span><\/li>\n<\/ol>\n<p><span class=\"\">Nota: La informaci\u00f3n proporcionada es precisa a partir de octubre de 2023. Siempre se recomienda verificar la informaci\u00f3n antes de visitar cualquiera de las ubicaciones.<\/span><\/p>\n<p>Nos enorgullecemos enormemente de brindar atenci\u00f3n ortop\u00e9dica integral a pacientes que provienen de varios hospitales y centros de atenci\u00f3n de urgencia dentro de nuestra comunidad, incluidos los que mencionamos anteriormente.<\/p>\n<p>Ya sea que acuda a nosotros a trav\u00e9s de una referencia para tratamiento ortop\u00e9dico o simplemente busque una consulta sobre cualquier inquietud ortop\u00e9dica, no dude en ponerse en contacto con nuestro equipo dedicado las 24 horas del d\u00eda, los 7 d\u00edas de la semana. Nuestro compromiso es atenderlo con prontitud y con la mayor compasi\u00f3n.<\/p>\n<p>Muchas personas acuden a centros de atenci\u00f3n de urgencia y hospitales por lesiones relacionadas con la compensaci\u00f3n laboral y reclamos de seguros sin culpa. Si su lesi\u00f3n no requiere una visita al hospital, estamos encantados de ofrecerle un tratamiento ortop\u00e9dico especializado adaptado a tales situaciones. No dude en contactarnos al 631-981-2663 para concertar una cita con nosotros hoy. Su bienestar sigue siendo nuestra m\u00e1xima prioridad\u00bb.<\/p>\n","protected":false},"excerpt":{"rendered":"<p>Centro Ortop\u00e9dico del Dr. Nakul Karkare: Su proveedor de atenci\u00f3n ortop\u00e9dica de confianza en Carle Place, NY Bienvenido al Centro Ortop\u00e9dico del Dr. Nakul Karkare, su principal destino para el cuidado ortop\u00e9dico ubicado en Little Neck, NY. El Dr. Karkare y su equipo altamente cualificado de cirujanos ortop\u00e9dicos y especialistas se dedican a la prestaci\u00f3n [&hellip;]<\/p>\n","protected":false},"author":33,"featured_media":0,"parent":16528,"menu_order":0,"comment_status":"closed","ping_status":"closed","template":"","meta":{"_et_pb_use_builder":"","_et_pb_old_content":"","_et_gb_content_width":"","footnotes":""},"class_list":["post-20906","page","type-page","status-publish","hentry"],"yoast_head":"<!-- This site is optimized with the Yoast SEO plugin v27.2 - https:\/\/yoast.com\/product\/yoast-seo-wordpress\/ -->\n<title>Carle Place, Nueva York | Best Hip &amp; Knee Surgeon | NY, USA<\/title>\n<meta name=\"description\" content=\"Centro Ortop\u00e9dico del Dr. Nakul Karkare: Su proveedor de atenci\u00f3n ortop\u00e9dica de confianza en Carle Place, NY Bienvenido al Centro Ortop\u00e9dico del Dr. Nakul\" \/>\n<meta name=\"robots\" content=\"index, follow, max-snippet:-1, max-image-preview:large, max-video-preview:-1\" \/>\n<link rel=\"canonical\" href=\"https:\/\/www.newyorkhipknee.com\/es\/contacto\/little-neck-mejor-cirujano-de-reemplazo-de-cadera-y-rodilla\/carle-place-nueva-york\/\" \/>\n<meta property=\"og:locale\" content=\"es_ES\" \/>\n<meta property=\"og:type\" content=\"article\" \/>\n<meta property=\"og:title\" content=\"Carle Place, Nueva York | Best Hip &amp; Knee Surgeon | NY, USA\" \/>\n<meta property=\"og:description\" content=\"Centro Ortop\u00e9dico del Dr. Nakul Karkare: Su proveedor de atenci\u00f3n ortop\u00e9dica de confianza en Carle Place, NY Bienvenido al Centro Ortop\u00e9dico del Dr. Nakul\" \/>\n<meta property=\"og:url\" content=\"https:\/\/www.newyorkhipknee.com\/es\/contacto\/little-neck-mejor-cirujano-de-reemplazo-de-cadera-y-rodilla\/carle-place-nueva-york\/\" \/>\n<meta property=\"og:site_name\" content=\"Best Hip &amp; Knee Surgeon | NY, USA\" \/>\n<meta name=\"twitter:card\" content=\"summary_large_image\" \/>\n<meta name=\"twitter:label1\" content=\"Tiempo de lectura\" \/>\n\t<meta name=\"twitter:data1\" content=\"10 minutos\" \/>\n<script type=\"application\/ld+json\" class=\"yoast-schema-graph\">{\"@context\":\"https:\/\/schema.org\",\"@graph\":[{\"@type\":[\"WebPage\",\"MedicalWebPage\"],\"@id\":\"https:\/\/www.newyorkhipknee.com\/es\/contacto\/little-neck-mejor-cirujano-de-reemplazo-de-cadera-y-rodilla\/carle-place-nueva-york\/\",\"url\":\"https:\/\/www.newyorkhipknee.com\/es\/contacto\/little-neck-mejor-cirujano-de-reemplazo-de-cadera-y-rodilla\/carle-place-nueva-york\/\",\"name\":\"Carle Place, Nueva York | Best Hip &amp; Knee Surgeon | NY, USA\",\"isPartOf\":{\"@id\":\"https:\/\/www.newyorkhipknee.com\/es\/#website\"},\"datePublished\":\"2023-11-17T21:52:43+00:00\",\"description\":\"Centro Ortop\u00e9dico del Dr. Nakul Karkare: Su proveedor de atenci\u00f3n ortop\u00e9dica de confianza en Carle Place, NY Bienvenido al Centro Ortop\u00e9dico del Dr. Nakul\",\"breadcrumb\":{\"@id\":\"https:\/\/www.newyorkhipknee.com\/es\/contacto\/little-neck-mejor-cirujano-de-reemplazo-de-cadera-y-rodilla\/carle-place-nueva-york\/#breadcrumb\"},\"inLanguage\":\"es\",\"potentialAction\":[{\"@type\":\"ReadAction\",\"target\":[\"https:\/\/www.newyorkhipknee.com\/es\/contacto\/little-neck-mejor-cirujano-de-reemplazo-de-cadera-y-rodilla\/carle-place-nueva-york\/\"]}]},{\"@type\":\"BreadcrumbList\",\"@id\":\"https:\/\/www.newyorkhipknee.com\/es\/contacto\/little-neck-mejor-cirujano-de-reemplazo-de-cadera-y-rodilla\/carle-place-nueva-york\/#breadcrumb\",\"itemListElement\":[{\"@type\":\"ListItem\",\"position\":1,\"name\":\"Home\",\"item\":\"https:\/\/www.newyorkhipknee.com\/es\/\"},{\"@type\":\"ListItem\",\"position\":2,\"name\":\"Contacto\",\"item\":\"https:\/\/www.newyorkhipknee.com\/es\/contacto\/\"},{\"@type\":\"ListItem\",\"position\":3,\"name\":\"Little Neck &#8211; Mejor Cirujano de Reemplazo de Cadera y Rodilla\",\"item\":\"https:\/\/www.newyorkhipknee.com\/es\/contacto\/little-neck-mejor-cirujano-de-reemplazo-de-cadera-y-rodilla\/\"},{\"@type\":\"ListItem\",\"position\":4,\"name\":\"Carle Place, Nueva York\"}]},{\"@type\":\"WebSite\",\"@id\":\"https:\/\/www.newyorkhipknee.com\/es\/#website\",\"url\":\"https:\/\/www.newyorkhipknee.com\/es\/\",\"name\":\"Best Hip & Knee Surgeon | NY, USA\",\"description\":\"\",\"potentialAction\":[{\"@type\":\"SearchAction\",\"target\":{\"@type\":\"EntryPoint\",\"urlTemplate\":\"https:\/\/www.newyorkhipknee.com\/es\/?s={search_term_string}\"},\"query-input\":{\"@type\":\"PropertyValueSpecification\",\"valueRequired\":true,\"valueName\":\"search_term_string\"}}],\"inLanguage\":\"es\"}]}<\/script>\n<!-- \/ Yoast SEO plugin. -->","yoast_head_json":{"title":"Carle Place, Nueva York | Best Hip &amp; Knee Surgeon | NY, USA","description":"Centro Ortop\u00e9dico del Dr. Nakul Karkare: Su proveedor de atenci\u00f3n ortop\u00e9dica de confianza en Carle Place, NY Bienvenido al Centro Ortop\u00e9dico del Dr. Nakul","robots":{"index":"index","follow":"follow","max-snippet":"max-snippet:-1","max-image-preview":"max-image-preview:large","max-video-preview":"max-video-preview:-1"},"canonical":"https:\/\/www.newyorkhipknee.com\/es\/contacto\/little-neck-mejor-cirujano-de-reemplazo-de-cadera-y-rodilla\/carle-place-nueva-york\/","og_locale":"es_ES","og_type":"article","og_title":"Carle Place, Nueva York | Best Hip &amp; Knee Surgeon | NY, USA","og_description":"Centro Ortop\u00e9dico del Dr. Nakul Karkare: Su proveedor de atenci\u00f3n ortop\u00e9dica de confianza en Carle Place, NY Bienvenido al Centro Ortop\u00e9dico del Dr. Nakul","og_url":"https:\/\/www.newyorkhipknee.com\/es\/contacto\/little-neck-mejor-cirujano-de-reemplazo-de-cadera-y-rodilla\/carle-place-nueva-york\/","og_site_name":"Best Hip &amp; Knee Surgeon | NY, USA","twitter_card":"summary_large_image","twitter_misc":{"Tiempo de lectura":"10 minutos"},"schema":{"@context":"https:\/\/schema.org","@graph":[{"@type":["WebPage","MedicalWebPage"],"@id":"https:\/\/www.newyorkhipknee.com\/es\/contacto\/little-neck-mejor-cirujano-de-reemplazo-de-cadera-y-rodilla\/carle-place-nueva-york\/","url":"https:\/\/www.newyorkhipknee.com\/es\/contacto\/little-neck-mejor-cirujano-de-reemplazo-de-cadera-y-rodilla\/carle-place-nueva-york\/","name":"Carle Place, Nueva York | Best Hip &amp; Knee Surgeon | NY, USA","isPartOf":{"@id":"https:\/\/www.newyorkhipknee.com\/es\/#website"},"datePublished":"2023-11-17T21:52:43+00:00","description":"Centro Ortop\u00e9dico del Dr. Nakul Karkare: Su proveedor de atenci\u00f3n ortop\u00e9dica de confianza en Carle Place, NY Bienvenido al Centro Ortop\u00e9dico del Dr. Nakul","breadcrumb":{"@id":"https:\/\/www.newyorkhipknee.com\/es\/contacto\/little-neck-mejor-cirujano-de-reemplazo-de-cadera-y-rodilla\/carle-place-nueva-york\/#breadcrumb"},"inLanguage":"es","potentialAction":[{"@type":"ReadAction","target":["https:\/\/www.newyorkhipknee.com\/es\/contacto\/little-neck-mejor-cirujano-de-reemplazo-de-cadera-y-rodilla\/carle-place-nueva-york\/"]}]},{"@type":"BreadcrumbList","@id":"https:\/\/www.newyorkhipknee.com\/es\/contacto\/little-neck-mejor-cirujano-de-reemplazo-de-cadera-y-rodilla\/carle-place-nueva-york\/#breadcrumb","itemListElement":[{"@type":"ListItem","position":1,"name":"Home","item":"https:\/\/www.newyorkhipknee.com\/es\/"},{"@type":"ListItem","position":2,"name":"Contacto","item":"https:\/\/www.newyorkhipknee.com\/es\/contacto\/"},{"@type":"ListItem","position":3,"name":"Little Neck &#8211; Mejor Cirujano de Reemplazo de Cadera y Rodilla","item":"https:\/\/www.newyorkhipknee.com\/es\/contacto\/little-neck-mejor-cirujano-de-reemplazo-de-cadera-y-rodilla\/"},{"@type":"ListItem","position":4,"name":"Carle Place, Nueva York"}]},{"@type":"WebSite","@id":"https:\/\/www.newyorkhipknee.com\/es\/#website","url":"https:\/\/www.newyorkhipknee.com\/es\/","name":"Best Hip & Knee Surgeon | NY, USA","description":"","potentialAction":[{"@type":"SearchAction","target":{"@type":"EntryPoint","urlTemplate":"https:\/\/www.newyorkhipknee.com\/es\/?s={search_term_string}"},"query-input":{"@type":"PropertyValueSpecification","valueRequired":true,"valueName":"search_term_string"}}],"inLanguage":"es"}]}},"_links":{"self":[{"href":"https:\/\/www.newyorkhipknee.com\/es\/wp-json\/wp\/v2\/pages\/20906","targetHints":{"allow":["GET"]}}],"collection":[{"href":"https:\/\/www.newyorkhipknee.com\/es\/wp-json\/wp\/v2\/pages"}],"about":[{"href":"https:\/\/www.newyorkhipknee.com\/es\/wp-json\/wp\/v2\/types\/page"}],"author":[{"embeddable":true,"href":"https:\/\/www.newyorkhipknee.com\/es\/wp-json\/wp\/v2\/users\/33"}],"replies":[{"embeddable":true,"href":"https:\/\/www.newyorkhipknee.com\/es\/wp-json\/wp\/v2\/comments?post=20906"}],"version-history":[{"count":0,"href":"https:\/\/www.newyorkhipknee.com\/es\/wp-json\/wp\/v2\/pages\/20906\/revisions"}],"up":[{"embeddable":true,"href":"https:\/\/www.newyorkhipknee.com\/es\/wp-json\/wp\/v2\/pages\/16528"}],"wp:attachment":[{"href":"https:\/\/www.newyorkhipknee.com\/es\/wp-json\/wp\/v2\/media?parent=20906"}],"curies":[{"name":"wp","href":"https:\/\/api.w.org\/{rel}","templated":true}]}}