{"id":20915,"date":"2023-11-20T15:07:25","date_gmt":"2023-11-20T20:07:25","guid":{"rendered":"https:\/\/newyorkhipknee.com\/contacto\/little-neck-mejor-cirujano-de-reemplazo-de-cadera-y-rodilla\/cedarhurts-ny\/"},"modified":"2023-11-20T15:07:25","modified_gmt":"2023-11-20T20:07:25","slug":"cedarhurts-ny","status":"publish","type":"page","link":"https:\/\/www.newyorkhipknee.com\/es\/contacto\/little-neck-mejor-cirujano-de-reemplazo-de-cadera-y-rodilla\/cedarhurts-ny\/","title":{"rendered":"Cedarhurts, NY"},"content":{"rendered":"<h1>\u00a1Bienvenido a la consulta ortop\u00e9dica del Dr. Nakul Karkare en Cedarhurts, NY!<\/h1>\n<p>En la pr\u00e1ctica ortop\u00e9dica del Dr. Nakul Karkare, nuestro compromiso es proporcionar atenci\u00f3n ortop\u00e9dica excepcional y servicios a la vibrante comunidad de Cedarhurts, NY. Nuestra misi\u00f3n es sencilla: dar prioridad a su bienestar y elevar su calidad de vida a trav\u00e9s de una atenci\u00f3n ortop\u00e9dica compasiva y experta.<\/p>\n<h2>\u00bfPor qu\u00e9 elegir la pr\u00e1ctica ortop\u00e9dica del Dr. Nakul Karkare en Cedarhurts?<\/h2>\n<ol>\n<li><strong>Excelencia ortop\u00e9dica:<\/strong> El Dr. Nakul Karkare es un distinguido especialista en ortopedia con amplia experiencia y conocimientos en el campo. Se dedica a ofrecer el m\u00e1s alto nivel de atenci\u00f3n adaptada a sus necesidades \u00fanicas.<\/li>\n<li><strong>Tratamiento personalizado:<\/strong> Entendemos que cada condici\u00f3n ortop\u00e9dica es \u00fanica, y damos prioridad a la creaci\u00f3n de planes de tratamiento personalizados dise\u00f1ados para abordar sus preocupaciones y objetivos espec\u00edficos.<\/li>\n<li><strong>T\u00e9cnicas de vanguardia:<\/strong> Nos mantenemos a la vanguardia de los avances ortop\u00e9dicos, utilizando m\u00e9todos y tecnolog\u00edas de vanguardia para ofrecerle los tratamientos m\u00e1s eficaces y eficientes disponibles.<\/li>\n<li><strong>Integraci\u00f3n en la comunidad:<\/strong> Aspiramos a ser parte integrante de la comunidad de Cedarhurts. Su salud es nuestra m\u00e1xima prioridad, y nos dedicamos a contribuir positivamente al bienestar de los residentes de Cedarhurts.<\/li>\n<li><strong>\u00c9xito probado:<\/strong> El historial de \u00e9xitos del Dr. Nakul Karkare habla por s\u00ed solo. Ha ayudado a numerosos pacientes a recuperar la movilidad, controlar el dolor y mejorar su calidad de vida en general. Su satisfacci\u00f3n y salud son nuestros mayores logros.<\/li>\n<\/ol>\n<p>Si usted est\u00e1 tratando con problemas en las articulaciones, lesiones deportivas, fracturas, o cualquier otra condici\u00f3n ortop\u00e9dica, la pr\u00e1ctica ortop\u00e9dica del Dr. Nakul Karkare est\u00e1 aqu\u00ed para apoyarle en cada paso del camino. Estamos comprometidos a empoderarlo en su viaje hacia una mejor salud ortop\u00e9dica.<\/p>\n<h2>Estamos muy orgullosos de ofrecer una amplia gama de servicios ortop\u00e9dicos en los alrededores de Cedarhurts, NY:<\/h2>\n<h2><strong>Sustituci\u00f3n de rodilla a medida:<\/strong><\/h2>\n<ul>\n<li>La pr\u00f3tesis de rodilla personalizada es una intervenci\u00f3n quir\u00fargica que consiste en sustituir una articulaci\u00f3n de rodilla da\u00f1ada por un implante artificial dise\u00f1ado a medida, meticulosamente adaptado a la estructura anat\u00f3mica \u00fanica del paciente.<\/li>\n<li>Este implante se elabora meticulosamente utilizando tecnolog\u00eda de imagen avanzada, generando un modelo tridimensional de la articulaci\u00f3n de la rodilla del paciente y, posteriormente, un implante a medida que se adapta perfectamente a su rodilla.<\/li>\n<li>Este procedimiento se recomienda a las personas que sufren dolor intenso, rigidez e inflamaci\u00f3n de la rodilla, lo que dificulta sus actividades cotidianas y su calidad de vida.<\/li>\n<li>La artroplastia de rodilla a medida puede aliviar eficazmente el dolor, mejorar la movilidad y elevar la calidad de vida general de los pacientes con problemas en la articulaci\u00f3n de la rodilla.<\/li>\n<li>El Dr. Karkare posee una experiencia excepcional en t\u00e9cnicas quir\u00fargicas m\u00ednimamente invasivas para la sustituci\u00f3n articular, empleando m\u00e9todos innovadores y tecnolog\u00eda de vanguardia para garantizar la colocaci\u00f3n precisa de los componentes del implante a trav\u00e9s de incisiones m\u00e1s peque\u00f1as que conservan los tejidos.<\/li>\n<li>Los pacientes que se someten a una artroplastia de rodilla personalizada pueden prever una reducci\u00f3n del dolor, una recuperaci\u00f3n m\u00e1s r\u00e1pida y una mejora de la amplitud de movimiento en comparaci\u00f3n con las artroplastias convencionales.<\/li>\n<\/ul>\n<p>&nbsp;<\/p>\n<h2><a role=\"link\" href=\"https:\/\/newyorkhipknee.com\/hip-replacement-surgery\/\" target=\"_blank\" rel=\"noopener\"><strong>Pr\u00f3tesis de cadera:<\/strong><\/a><\/h2>\n<ul>\n<li>La artroplastia de cadera es un procedimiento quir\u00fargico que consiste en sustituir una articulaci\u00f3n de cadera disfuncional por un implante artificial meticulosamente dise\u00f1ado para reproducir la estructura y funci\u00f3n naturales de la articulaci\u00f3n de la cadera, lo que permite a los pacientes recuperar la movilidad y aliviar las molestias.<\/li>\n<li>Este procedimiento se recomienda a las personas que sufren dolor intenso de cadera, rigidez e inflamaci\u00f3n, que dificultan sus actividades cotidianas y su calidad de vida.<\/li>\n<li>El Dr. Karkare est\u00e1 altamente cualificado en el empleo tanto de t\u00e9cnicas quir\u00fargicas tradicionales \u00ababiertas\u00bb como de abordajes m\u00ednimamente invasivos para la cirug\u00eda de pr\u00f3tesis de cadera.<\/li>\n<li>Los pacientes que se someten a una artroplastia de cadera pueden esperar una disminuci\u00f3n del dolor, una recuperaci\u00f3n acelerada y una mejora de la amplitud de movimiento en comparaci\u00f3n con su estado antes de la intervenci\u00f3n.<\/li>\n<li>El Dr. Karkare emplea t\u00e9cnicas de vanguardia y tecnolog\u00eda punta para garantizar la colocaci\u00f3n precisa de los componentes del implante a trav\u00e9s de incisiones m\u00e1s peque\u00f1as que preservan los tejidos.<\/li>\n<\/ul>\n<p><strong>Ventajas de la pr\u00f3tesis personalizada de rodilla y cadera:<\/strong><\/p>\n<ul>\n<li>Alivio del dolor y las molestias articulares derivados de los da\u00f1os.<\/li>\n<li>Mayor movilidad y amplitud de movimiento.<\/li>\n<li>Mejora de la calidad de vida en general.<\/li>\n<li>Recuperaci\u00f3n acelerada en comparaci\u00f3n con los m\u00e9todos quir\u00fargicos tradicionales.<\/li>\n<li>Utilizaci\u00f3n de t\u00e9cnicas quir\u00fargicas m\u00ednimamente invasivas para reducir el dolor y acelerar la recuperaci\u00f3n.<\/li>\n<li>Colocaci\u00f3n precisa de los componentes del implante a trav\u00e9s de incisiones m\u00e1s peque\u00f1as que preservan los tejidos.<\/li>\n<li>Implantes personalizados adaptados a la anatom\u00eda \u00fanica del paciente, lo que se traduce en resultados superiores.<\/li>\n<\/ul>\n<p>El Dr. Karkare se dedica a la prestaci\u00f3n de servicios integrales para las personas que luchan con una amplia gama de enfermedades musculoesquel\u00e9ticas.<\/p>\n<p>Reconoce el impacto que las dolencias y lesiones ortop\u00e9dicas pueden tener en la vida diaria y se dedica a ayudar a los pacientes a recuperar la movilidad, aliviar el dolor y enriquecer su calidad de vida en general. Las consultas est\u00e1n disponibles en varios lugares de Manhattan y Long Island, Nueva York, ofreciendo a los pacientes la flexibilidad de elegir el lugar m\u00e1s conveniente para una consulta sin compromiso.<\/p>\n<p>Si padece dolor articular, rigidez, inflamaci\u00f3n o ha sufrido una lesi\u00f3n, no dude en ponerse en contacto con nosotros. Nuestro equipo de especialistas est\u00e1 aqu\u00ed para ayudarle a retomar las actividades que le gustan. Somos sus vecinos y su bienestar nos importa. Perm\u00edtanos guiarle en su viaje hacia una mejor salud ortop\u00e9dica.<\/p>\n<p>&nbsp;<\/p>\n<h1>Acerca de Cedarhurts<\/h1>\n<p><span class=\"\">Cedarhurst, NY es un pueblo ubicado en el condado de Nassau, en Long Island, Nueva York, Estados Unidos. El pueblo tiene una rica historia, una cultura vibrante y una creciente industria tur\u00edstica.<\/span><\/p>\n<h3>Historia de Cedarhurst, NY<\/h3>\n<p><span class=\"\">Cedarhurst, Nueva York, fue colonizada originalmente por la tribu nativa americana Lenape. El pueblo lleva el nombre de los cedros que una vez crecieron en la zona. El pueblo era principalmente una comunidad agr\u00edcola, siendo la agricultura y la pesca las principales industrias. Durante el siglo XIX, el pueblo se convirti\u00f3 en un destino popular para los neoyorquinos adinerados, que construyeron casas de verano y centros tur\u00edsticos en la zona.<\/span><\/p>\n<h3>Cultura de Cedarhurst, NY<\/h3>\n<p><span class=\"\">Cedarhurst, Nueva York, tiene una rica historia cultural, y el pueblo alberga una serie de museos e instituciones culturales. El pueblo tambi\u00e9n es conocido por sus hermosos parques, que atraen a visitantes de todo el mundo. El pueblo alberga un distrito comercial con vida nocturna, hoteles, restaurantes frente al mar y una variedad de tiendas.<\/span><\/p>\n<h3>Turismo en Cedarhurst, NY<\/h3>\n<p><span class=\"\">Cedarhurst, Nueva York, es un destino tur\u00edstico en crecimiento, gracias en parte a sus hermosos parques, encantadores pueblos y rico patrimonio cultural. El pueblo alberga una serie de atracciones que atraen a visitantes de todo el mundo.<\/span><span class=\"\">Una de las atracciones m\u00e1s populares de Cedarhurst son sus hermosos parques. Los visitantes pueden disfrutar de diversas actividades al aire libre, como senderismo, ciclismo y picnic, en los parques del pueblo.<\/span><\/p>\n<p><span class=\"\">El pueblo tambi\u00e9n alberga una serie de reservas naturales, incluido el Parque Estatal del Lago Hempstead, que ofrece rutas de senderismo y oportunidades de observaci\u00f3n de aves.<\/span><span class=\"\">Otra atracci\u00f3n popular en Cedarhurst es el Cedarhurst Center for the Arts, que es una instituci\u00f3n cultural que ofrece una variedad de exhibiciones y eventos durante todo el a\u00f1o. El centro se dedica a promover las artes y la cultura de la regi\u00f3n.<\/span><\/p>\n<h3>Turismo Responsable en Cedarhurst, NY<\/h3>\n<p><span class=\"\">El turismo puede tener impactos tanto positivos como negativos en la cultura, y es importante promover pr\u00e1cticas de turismo responsable para minimizar los impactos negativos y maximizar los impactos positivos. El turismo responsable implica promover pr\u00e1cticas de turismo sostenible que beneficien tanto a la comunidad local como al medio ambiente.<\/span><span class=\"\">Una forma de promover el turismo responsable en Cedarhurst es apoyar a las empresas e instituciones culturales locales.<\/span><\/p>\n<p><span class=\"\">Al apoyar a las empresas locales, los turistas pueden ayudar a estimular la econom\u00eda local y promover la preservaci\u00f3n de la cultura local. Adem\u00e1s, los turistas pueden participar en eventos culturales y actividades que promueven la preservaci\u00f3n de la cultura local.<\/span><span class=\"\">Otra forma de promover el turismo responsable en Cedarhurst es minimizar los impactos negativos del turismo en el medio ambiente. Los turistas pueden reducir su impacto ambiental utilizando el transporte p\u00fablico, conservando el agua y la energ\u00eda, y minimizando los residuos.<\/span><\/p>\n<h3>Conclusi\u00f3n<\/h3>\n<p><span class=\"\">Cedarhurst, NY es un pueblo con una rica historia, una cultura vibrante y una industria tur\u00edstica en crecimiento. Los visitantes del pueblo pueden explorar sus museos e instituciones culturales, disfrutar de sus hermosos parques y reservas naturales, y relajarse en sus encantadores pueblos. Ya sea que sea un aficionado a la historia, un amante de la naturaleza o un entusiasta del arte, Cedarhurst tiene algo que ofrecer a todos.<\/span><span class=\"\">Aqu\u00ed hay algunos recursos adicionales para aquellos interesados en aprender m\u00e1s sobre Cedarhurst, NY:<\/span><\/p>\n<p>&nbsp;<\/p>\n<h2>Indicaciones<\/h2>\n<p>Estas son las instrucciones desde Cedarhurst, NY para completar la ortopedia en 52-21 Little Neck Parkway, Little Neck, NY 11362:<\/p>\n<p>1. Dir\u00edjase hacia el norte por Central Ave hacia Cedarhurst Ave.<br \/>\n2. Gire a la derecha en Rockaway Turnpike.<br \/>\n3. Gire a la izquierda en Peninsula Blvd.<br \/>\n4. Gire a la derecha en Nassau Expy.<br \/>\n5. Use el carril derecho para tomar la salida 31N hacia Cross Island Pkwy N hacia Whitestone Bridge.<br \/>\n6. Incorp\u00f3rese a Cross Island Pkwy.<br \/>\n7. Use los 2 carriles de la derecha para tomar la salida 29E hacia Northern Blvd E hacia Little Neck.<br \/>\n8. Gire a la derecha en Little Neck Pkwy.<br \/>\n9. La ortopedia completa estar\u00e1 a la izquierda en 52-21 Little Neck Pkwy.<\/p>\n<p>Nota: Las indicaciones exactas pueden variar en funci\u00f3n de la ubicaci\u00f3n de partida. Se recomienda utilizar un GPS o un servicio de mapas para obtener las direcciones m\u00e1s precisas.<\/p>\n<p>&nbsp;<\/p>\n<h2>Atenci\u00f3n m\u00e9dica cerca de Cedarhurts<\/h2>\n<h4>Farmacias<\/h4>\n<ol class=\"list-outside list-decimal marker:font-mono marker:text-sm pl-11\">\n<li><span class=\"\">Farmacia CVS &#8211; 357 Peninsula Blvd, Hempstead, NY 11550<\/span><\/li>\n<li><span class=\"\">Farmacia Walgreens &#8211; 1200 Hempstead Turnpike, Uniondale, NY 11553<\/span><\/li>\n<li><span class=\"\">Farmacia Rite Aid &#8211; 1200 Hempstead Turnpike, Uniondale, NY 11553<\/span><\/li>\n<\/ol>\n<h4>Centros de Radiolog\u00eda<\/h4>\n<ol class=\"list-outside list-decimal marker:font-mono marker:text-sm pl-11\">\n<li><span class=\"\">Radiolog\u00eda South Nassau &#8211; 2277 Grand Ave, Baldwin, NY 11510<\/span><\/li>\n<li><span class=\"\">South Shore Radiology &#8211; 242 Merrick Rd, Rockville Centre, NY 11570<\/span><\/li>\n<li><span class=\"\">Diagnostic Radiology Associates &#8211; 165 N Village Ave, Rockville Centre, NY 11570<\/span><\/li>\n<\/ol>\n<h4>Centros de Atenci\u00f3n de Urgencia<\/h4>\n<ol class=\"list-outside list-decimal marker:font-mono marker:text-sm pl-11\">\n<li><span class=\"\">Northwell Health-GoHealth Urgent Care &#8211; 243 Merrick Rd, Rockville Centre, NY 11570<\/span><\/li>\n<li><span class=\"\">CityMD Rockville Centre Urgent Care &#8211; Long Island &#8211; 77 N Centre Ave, Rockville Centre, NY 11570<\/span><\/li>\n<li><span class=\"\">ProHEALTH Atenci\u00f3n de Urgencia &#8211; 2064 Merrick Rd, Merrick, NY 11566<\/span><\/li>\n<\/ol>\n<h4>Hospitales<\/h4>\n<ol class=\"list-outside list-decimal marker:font-mono marker:text-sm pl-11\">\n<li><span class=\"\">South Nassau Communities Hospital &#8211; 1 Healthy Way, Oceanside, NY 11572<\/span><\/li>\n<li><span class=\"\">Centro M\u00e9dico Mercy &#8211; 1000 N Village Ave, Rockville Centre, NY 11570<\/span><\/li>\n<li><span class=\"\">Mount Sinai South Nassau &#8211; 2277 Grand Ave, Baldwin, NY 11510<\/span><\/li>\n<\/ol>\n<p><span class=\"\">Nota: La informaci\u00f3n proporcionada es precisa a partir de octubre de 2023. Siempre se recomienda verificar la informaci\u00f3n antes de visitar cualquiera de las ubicaciones.<\/span><\/p>\n<div class=\"Hhmu2e wDYxhc NFQFxe viOShc LKPcQc\" lang=\"en-US\" data-md=\"16\" data-hveid=\"CAkQAA\" data-ved=\"2ahUKEwiz5YbKg8uBAxX2MjQIHcl-BGcQhyh6BAgJEAA\">\n<div class=\"Ftghae iirjIb DaSCDf GUV4E\">\n<div class=\"SPZz6b\">\n<div class=\"wDYxhc\" lang=\"en-US\" data-attrid=\"kc:\/local:lu attribute list\" data-md=\"205\" data-hveid=\"CAsQAA\" data-ved=\"2ahUKEwiXoobZg8uBAxX9MjQIHVDrDX0Q1rkBegQICxAA\">\n<div class=\"TLYLSe MaBy9\">\n<div class=\"CJQ04\">En el coraz\u00f3n de nuestra misi\u00f3n se encuentra un firme compromiso de brindar atenci\u00f3n ortop\u00e9dica integral a nuestra comunidad local, incluidas las personas mencionadas anteriormente. Ya sea que acuda a nosotros a trav\u00e9s de una referencia para un tratamiento ortop\u00e9dico o si tiene alguna inquietud ortop\u00e9dica, nuestro equipo dedicado las 24 horas del d\u00eda, los 7 d\u00edas de la semana, est\u00e1 disponible a trav\u00e9s de una simple llamada telef\u00f3nica, listo para ofrecer asistencia r\u00e1pida y emp\u00e1tica.<\/div>\n<\/div>\n<\/div>\n<\/div>\n<\/div>\n<\/div>\n<p>Reconocemos que muchas personas buscan tratamiento para lesiones relacionadas con el trabajo cubiertas por la compensaci\u00f3n laboral y el seguro sin culpa en centros de atenci\u00f3n de urgencia y hospitales. Si su lesi\u00f3n no requiere una visita al hospital, estamos m\u00e1s que preparados para brindarle tratamiento ortop\u00e9dico especializado adaptado a sus circunstancias \u00fanicas. No dude en comunicarse con nosotros al 631-981-2663 para programar una cita sin demora. Su bienestar sigue siendo nuestra m\u00e1xima prioridad.<\/p>\n","protected":false},"excerpt":{"rendered":"<p>\u00a1Bienvenido a la consulta ortop\u00e9dica del Dr. Nakul Karkare en Cedarhurts, NY! En la pr\u00e1ctica ortop\u00e9dica del Dr. Nakul Karkare, nuestro compromiso es proporcionar atenci\u00f3n ortop\u00e9dica excepcional y servicios a la vibrante comunidad de Cedarhurts, NY. Nuestra misi\u00f3n es sencilla: dar prioridad a su bienestar y elevar su calidad de vida a trav\u00e9s de una [&hellip;]<\/p>\n","protected":false},"author":33,"featured_media":0,"parent":16528,"menu_order":0,"comment_status":"closed","ping_status":"closed","template":"","meta":{"_et_pb_use_builder":"","_et_pb_old_content":"","_et_gb_content_width":"","footnotes":""},"class_list":["post-20915","page","type-page","status-publish","hentry"],"yoast_head":"<!-- This site is optimized with the Yoast SEO plugin v27.2 - https:\/\/yoast.com\/product\/yoast-seo-wordpress\/ -->\n<title>Cedarhurts, NY | Best Hip &amp; Knee Surgeon | NY, USA<\/title>\n<meta name=\"description\" content=\"\u00a1Bienvenido a la consulta ortop\u00e9dica del Dr. Nakul Karkare en Cedarhurts, NY! En la pr\u00e1ctica ortop\u00e9dica del Dr. Nakul Karkare, nuestro compromiso es\" \/>\n<meta name=\"robots\" content=\"index, follow, max-snippet:-1, max-image-preview:large, max-video-preview:-1\" \/>\n<link rel=\"canonical\" href=\"https:\/\/www.newyorkhipknee.com\/es\/contacto\/little-neck-mejor-cirujano-de-reemplazo-de-cadera-y-rodilla\/cedarhurts-ny\/\" \/>\n<meta property=\"og:locale\" content=\"es_ES\" \/>\n<meta property=\"og:type\" content=\"article\" \/>\n<meta property=\"og:title\" content=\"Cedarhurts, NY | Best Hip &amp; Knee Surgeon | NY, USA\" \/>\n<meta property=\"og:description\" content=\"\u00a1Bienvenido a la consulta ortop\u00e9dica del Dr. Nakul Karkare en Cedarhurts, NY! En la pr\u00e1ctica ortop\u00e9dica del Dr. Nakul Karkare, nuestro compromiso es\" \/>\n<meta property=\"og:url\" content=\"https:\/\/www.newyorkhipknee.com\/es\/contacto\/little-neck-mejor-cirujano-de-reemplazo-de-cadera-y-rodilla\/cedarhurts-ny\/\" \/>\n<meta property=\"og:site_name\" content=\"Best Hip &amp; Knee Surgeon | NY, USA\" \/>\n<meta name=\"twitter:card\" content=\"summary_large_image\" \/>\n<meta name=\"twitter:label1\" content=\"Tiempo de lectura\" \/>\n\t<meta name=\"twitter:data1\" content=\"10 minutos\" \/>\n<script type=\"application\/ld+json\" class=\"yoast-schema-graph\">{\"@context\":\"https:\/\/schema.org\",\"@graph\":[{\"@type\":[\"WebPage\",\"MedicalWebPage\"],\"@id\":\"https:\/\/www.newyorkhipknee.com\/es\/contacto\/little-neck-mejor-cirujano-de-reemplazo-de-cadera-y-rodilla\/cedarhurts-ny\/\",\"url\":\"https:\/\/www.newyorkhipknee.com\/es\/contacto\/little-neck-mejor-cirujano-de-reemplazo-de-cadera-y-rodilla\/cedarhurts-ny\/\",\"name\":\"Cedarhurts, NY | Best Hip &amp; Knee Surgeon | NY, USA\",\"isPartOf\":{\"@id\":\"https:\/\/www.newyorkhipknee.com\/es\/#website\"},\"datePublished\":\"2023-11-20T20:07:25+00:00\",\"description\":\"\u00a1Bienvenido a la consulta ortop\u00e9dica del Dr. Nakul Karkare en Cedarhurts, NY! En la pr\u00e1ctica ortop\u00e9dica del Dr. Nakul Karkare, nuestro compromiso es\",\"breadcrumb\":{\"@id\":\"https:\/\/www.newyorkhipknee.com\/es\/contacto\/little-neck-mejor-cirujano-de-reemplazo-de-cadera-y-rodilla\/cedarhurts-ny\/#breadcrumb\"},\"inLanguage\":\"es\",\"potentialAction\":[{\"@type\":\"ReadAction\",\"target\":[\"https:\/\/www.newyorkhipknee.com\/es\/contacto\/little-neck-mejor-cirujano-de-reemplazo-de-cadera-y-rodilla\/cedarhurts-ny\/\"]}]},{\"@type\":\"BreadcrumbList\",\"@id\":\"https:\/\/www.newyorkhipknee.com\/es\/contacto\/little-neck-mejor-cirujano-de-reemplazo-de-cadera-y-rodilla\/cedarhurts-ny\/#breadcrumb\",\"itemListElement\":[{\"@type\":\"ListItem\",\"position\":1,\"name\":\"Home\",\"item\":\"https:\/\/www.newyorkhipknee.com\/es\/\"},{\"@type\":\"ListItem\",\"position\":2,\"name\":\"Contacto\",\"item\":\"https:\/\/www.newyorkhipknee.com\/es\/contacto\/\"},{\"@type\":\"ListItem\",\"position\":3,\"name\":\"Little Neck &#8211; Mejor Cirujano de Reemplazo de Cadera y Rodilla\",\"item\":\"https:\/\/www.newyorkhipknee.com\/es\/contacto\/little-neck-mejor-cirujano-de-reemplazo-de-cadera-y-rodilla\/\"},{\"@type\":\"ListItem\",\"position\":4,\"name\":\"Cedarhurts, NY\"}]},{\"@type\":\"WebSite\",\"@id\":\"https:\/\/www.newyorkhipknee.com\/es\/#website\",\"url\":\"https:\/\/www.newyorkhipknee.com\/es\/\",\"name\":\"Best Hip & Knee Surgeon | NY, USA\",\"description\":\"\",\"potentialAction\":[{\"@type\":\"SearchAction\",\"target\":{\"@type\":\"EntryPoint\",\"urlTemplate\":\"https:\/\/www.newyorkhipknee.com\/es\/?s={search_term_string}\"},\"query-input\":{\"@type\":\"PropertyValueSpecification\",\"valueRequired\":true,\"valueName\":\"search_term_string\"}}],\"inLanguage\":\"es\"}]}<\/script>\n<!-- \/ Yoast SEO plugin. -->","yoast_head_json":{"title":"Cedarhurts, NY | Best Hip &amp; Knee Surgeon | NY, USA","description":"\u00a1Bienvenido a la consulta ortop\u00e9dica del Dr. Nakul Karkare en Cedarhurts, NY! En la pr\u00e1ctica ortop\u00e9dica del Dr. Nakul Karkare, nuestro compromiso es","robots":{"index":"index","follow":"follow","max-snippet":"max-snippet:-1","max-image-preview":"max-image-preview:large","max-video-preview":"max-video-preview:-1"},"canonical":"https:\/\/www.newyorkhipknee.com\/es\/contacto\/little-neck-mejor-cirujano-de-reemplazo-de-cadera-y-rodilla\/cedarhurts-ny\/","og_locale":"es_ES","og_type":"article","og_title":"Cedarhurts, NY | Best Hip &amp; Knee Surgeon | NY, USA","og_description":"\u00a1Bienvenido a la consulta ortop\u00e9dica del Dr. Nakul Karkare en Cedarhurts, NY! En la pr\u00e1ctica ortop\u00e9dica del Dr. Nakul Karkare, nuestro compromiso es","og_url":"https:\/\/www.newyorkhipknee.com\/es\/contacto\/little-neck-mejor-cirujano-de-reemplazo-de-cadera-y-rodilla\/cedarhurts-ny\/","og_site_name":"Best Hip &amp; Knee Surgeon | NY, USA","twitter_card":"summary_large_image","twitter_misc":{"Tiempo de lectura":"10 minutos"},"schema":{"@context":"https:\/\/schema.org","@graph":[{"@type":["WebPage","MedicalWebPage"],"@id":"https:\/\/www.newyorkhipknee.com\/es\/contacto\/little-neck-mejor-cirujano-de-reemplazo-de-cadera-y-rodilla\/cedarhurts-ny\/","url":"https:\/\/www.newyorkhipknee.com\/es\/contacto\/little-neck-mejor-cirujano-de-reemplazo-de-cadera-y-rodilla\/cedarhurts-ny\/","name":"Cedarhurts, NY | Best Hip &amp; Knee Surgeon | NY, USA","isPartOf":{"@id":"https:\/\/www.newyorkhipknee.com\/es\/#website"},"datePublished":"2023-11-20T20:07:25+00:00","description":"\u00a1Bienvenido a la consulta ortop\u00e9dica del Dr. Nakul Karkare en Cedarhurts, NY! En la pr\u00e1ctica ortop\u00e9dica del Dr. Nakul Karkare, nuestro compromiso es","breadcrumb":{"@id":"https:\/\/www.newyorkhipknee.com\/es\/contacto\/little-neck-mejor-cirujano-de-reemplazo-de-cadera-y-rodilla\/cedarhurts-ny\/#breadcrumb"},"inLanguage":"es","potentialAction":[{"@type":"ReadAction","target":["https:\/\/www.newyorkhipknee.com\/es\/contacto\/little-neck-mejor-cirujano-de-reemplazo-de-cadera-y-rodilla\/cedarhurts-ny\/"]}]},{"@type":"BreadcrumbList","@id":"https:\/\/www.newyorkhipknee.com\/es\/contacto\/little-neck-mejor-cirujano-de-reemplazo-de-cadera-y-rodilla\/cedarhurts-ny\/#breadcrumb","itemListElement":[{"@type":"ListItem","position":1,"name":"Home","item":"https:\/\/www.newyorkhipknee.com\/es\/"},{"@type":"ListItem","position":2,"name":"Contacto","item":"https:\/\/www.newyorkhipknee.com\/es\/contacto\/"},{"@type":"ListItem","position":3,"name":"Little Neck &#8211; Mejor Cirujano de Reemplazo de Cadera y Rodilla","item":"https:\/\/www.newyorkhipknee.com\/es\/contacto\/little-neck-mejor-cirujano-de-reemplazo-de-cadera-y-rodilla\/"},{"@type":"ListItem","position":4,"name":"Cedarhurts, NY"}]},{"@type":"WebSite","@id":"https:\/\/www.newyorkhipknee.com\/es\/#website","url":"https:\/\/www.newyorkhipknee.com\/es\/","name":"Best Hip & Knee Surgeon | NY, USA","description":"","potentialAction":[{"@type":"SearchAction","target":{"@type":"EntryPoint","urlTemplate":"https:\/\/www.newyorkhipknee.com\/es\/?s={search_term_string}"},"query-input":{"@type":"PropertyValueSpecification","valueRequired":true,"valueName":"search_term_string"}}],"inLanguage":"es"}]}},"_links":{"self":[{"href":"https:\/\/www.newyorkhipknee.com\/es\/wp-json\/wp\/v2\/pages\/20915","targetHints":{"allow":["GET"]}}],"collection":[{"href":"https:\/\/www.newyorkhipknee.com\/es\/wp-json\/wp\/v2\/pages"}],"about":[{"href":"https:\/\/www.newyorkhipknee.com\/es\/wp-json\/wp\/v2\/types\/page"}],"author":[{"embeddable":true,"href":"https:\/\/www.newyorkhipknee.com\/es\/wp-json\/wp\/v2\/users\/33"}],"replies":[{"embeddable":true,"href":"https:\/\/www.newyorkhipknee.com\/es\/wp-json\/wp\/v2\/comments?post=20915"}],"version-history":[{"count":0,"href":"https:\/\/www.newyorkhipknee.com\/es\/wp-json\/wp\/v2\/pages\/20915\/revisions"}],"up":[{"embeddable":true,"href":"https:\/\/www.newyorkhipknee.com\/es\/wp-json\/wp\/v2\/pages\/16528"}],"wp:attachment":[{"href":"https:\/\/www.newyorkhipknee.com\/es\/wp-json\/wp\/v2\/media?parent=20915"}],"curies":[{"name":"wp","href":"https:\/\/api.w.org\/{rel}","templated":true}]}}